{"id":11591,"date":"2024-10-21T11:17:39","date_gmt":"2024-10-21T09:17:39","guid":{"rendered":"https:\/\/plasmet.nospace.pl\/produkt\/banda-de-teflon-mare\/"},"modified":"2025-11-25T22:31:57","modified_gmt":"2025-11-25T21:31:57","slug":"banda-de-teflon-mare","status":"publish","type":"product","link":"https:\/\/plasmet.bochnia.pl\/ro\/produs\/banda-de-teflon-mare\/","title":{"rendered":"Band\u0103 de teflon mare"},"content":{"rendered":"<h2>Band\u0103 de teflon mare<\/h2>\n<p>Banda mare de teflon de 15 m x 0,2 mm x 19 mm asigur\u0103 o etan\u0219are excelent\u0103 \u00een instala\u021biile de ap\u0103, gaz \u0219i \u00eenc\u0103lzire. Cu grosimea \u0219i l\u0103\u021bimea sa mai mari, banda este ideal\u0103 pentru conexiuni mai mari, garant\u00e2nd o etan\u0219are durabil\u0103 \u0219i fiabil\u0103. Rezistent\u0103 la temperaturi ridicate \u0219i substan\u021be chimice, banda va func\u021biona \u00een cele mai solicitante condi\u021bii.  <\/p>\n<h3>Principalele caracteristici ale produsului:<\/h3>\n<ul>\n<li>Dimensiuni: 15 m x 0,2 mm x 19 mm,<\/li>\n<li>Temperatur\u0103 \u0219i rezisten\u021b\u0103 chimic\u0103,<\/li>\n<li>Grosime pentru a asigura o etan\u0219are solid\u0103,<\/li>\n<li>Ideal pentru instala\u021bii mai mari de ap\u0103, gaz \u0219i \u00eenc\u0103lzire.<\/li>\n<\/ul>\n<p>V\u00e2ndut \u00een pachete de 10, produsul este destinat instala\u021biilor industriale \u0219i casnice care necesit\u0103 durabilitate \u0219i fiabilitate sporite.<\/p>\n","protected":false},"excerpt":{"rendered":"<p><strong>Banda mare de teflon<\/strong> de 15 m x 0,2 mm x 19 mm este o solu\u021bie robust\u0103 pentru etan\u0219area conexiunilor \u00een instala\u021biile de ap\u0103, gaz \u0219i \u00eenc\u0103lzire. Datorit\u0103 grosimii \u0219i rezisten\u021bei sale, aceasta este ideal\u0103 pentru instala\u021biile mai mari care necesit\u0103 o etan\u0219are fiabil\u0103. <\/p>\n","protected":false},"featured_media":4032,"template":"","meta":{"_acf_changed":false,"_kad_blocks_custom_css":"","_kad_blocks_head_custom_js":"","_kad_blocks_body_custom_js":"","_kad_blocks_footer_custom_js":"","_kad_post_transparent":"","_kad_post_title":"","_kad_post_layout":"","_kad_post_sidebar_id":"","_kad_post_content_style":"","_kad_post_vertical_padding":"","_kad_post_feature":"","_kad_post_feature_position":"","_kad_post_header":false,"_kad_post_footer":false,"_kad_post_classname":""},"product_brand":[],"product_cat":[753,390],"product_tag":[],"class_list":{"0":"post-11591","1":"product","2":"type-product","3":"status-publish","4":"has-post-thumbnail","6":"product_cat-benzi-de-teflon","7":"product_cat-garnituri-si-reductii","8":"pa_wersja-15m-x-02mm-x-19mm-ro","10":"first","11":"instock","12":"product-type-variable","13":"entry","14":"content-bg","15":"loop-entry"},"acf":[],"yoast_head":"<!-- This site is optimized with the Yoast SEO plugin v25.1 - https:\/\/yoast.com\/wordpress\/plugins\/seo\/ -->\n<title>Band\u0103 de teflon mare - Plasmet<\/title>\n<meta name=\"description\" content=\"Band\u0103 de teflon mare \u2013 producent i hurtownia Plasmet. Oferujemy wysok\u0105 jako\u015b\u0107, szeroki wyb\u00f3r i dobre ceny. Zapraszamy do sprawdzenia oferty!\" \/>\n<meta name=\"robots\" content=\"index, follow, max-snippet:-1, max-image-preview:large, max-video-preview:-1\" \/>\n<link rel=\"canonical\" href=\"https:\/\/plasmet.bochnia.pl\/ro\/produs\/banda-de-teflon-mare\/\" \/>\n<meta property=\"og:locale\" content=\"ro_RO\" \/>\n<meta property=\"og:type\" content=\"article\" \/>\n<meta property=\"og:title\" content=\"Band\u0103 de teflon mare - Plasmet\" \/>\n<meta property=\"og:description\" content=\"Band\u0103 de teflon mare \u2013 producent i hurtownia Plasmet. Oferujemy wysok\u0105 jako\u015b\u0107, szeroki wyb\u00f3r i dobre ceny. Zapraszamy do sprawdzenia oferty!\" \/>\n<meta property=\"og:url\" content=\"https:\/\/plasmet.bochnia.pl\/ro\/produs\/banda-de-teflon-mare\/\" \/>\n<meta property=\"og:site_name\" content=\"Plasmet\" \/>\n<meta property=\"article:modified_time\" content=\"2025-11-25T21:31:57+00:00\" \/>\n<meta property=\"og:image\" content=\"https:\/\/plasmet.bochnia.pl\/wp-content\/uploads\/2024\/10\/tasma-teflonowa-duza-15m-x-0-2mm-x-19mm.jpg\" \/>\n\t<meta property=\"og:image:width\" content=\"800\" \/>\n\t<meta property=\"og:image:height\" content=\"600\" \/>\n\t<meta property=\"og:image:type\" content=\"image\/jpeg\" \/>\n<meta name=\"twitter:card\" content=\"summary_large_image\" \/>\n<meta name=\"twitter:label1\" content=\"Timp estimat pentru citire\" \/>\n\t<meta name=\"twitter:data1\" content=\"1 minut\" \/>\n<script type=\"application\/ld+json\" class=\"yoast-schema-graph\">{\"@context\":\"https:\/\/schema.org\",\"@graph\":[{\"@type\":\"WebPage\",\"@id\":\"https:\/\/plasmet.bochnia.pl\/ro\/produs\/banda-de-teflon-mare\/\",\"url\":\"https:\/\/plasmet.bochnia.pl\/ro\/produs\/banda-de-teflon-mare\/\",\"name\":\"Band\u0103 de teflon mare - Plasmet\",\"isPartOf\":{\"@id\":\"https:\/\/plasmet.bochnia.pl\/ro\/#website\"},\"primaryImageOfPage\":{\"@id\":\"https:\/\/plasmet.bochnia.pl\/ro\/produs\/banda-de-teflon-mare\/#primaryimage\"},\"image\":{\"@id\":\"https:\/\/plasmet.bochnia.pl\/ro\/produs\/banda-de-teflon-mare\/#primaryimage\"},\"thumbnailUrl\":\"https:\/\/plasmet.bochnia.pl\/wp-content\/uploads\/2024\/10\/tasma-teflonowa-duza-15m-x-0-2mm-x-19mm.jpg\",\"datePublished\":\"2024-10-21T09:17:39+00:00\",\"dateModified\":\"2025-11-25T21:31:57+00:00\",\"description\":\"Band\u0103 de teflon mare \u2013 producent i hurtownia Plasmet. Oferujemy wysok\u0105 jako\u015b\u0107, szeroki wyb\u00f3r i dobre ceny. Zapraszamy do sprawdzenia oferty!\",\"breadcrumb\":{\"@id\":\"https:\/\/plasmet.bochnia.pl\/ro\/produs\/banda-de-teflon-mare\/#breadcrumb\"},\"inLanguage\":\"ro-RO\",\"potentialAction\":[{\"@type\":\"ReadAction\",\"target\":[\"https:\/\/plasmet.bochnia.pl\/ro\/produs\/banda-de-teflon-mare\/\"]}]},{\"@type\":\"ImageObject\",\"inLanguage\":\"ro-RO\",\"@id\":\"https:\/\/plasmet.bochnia.pl\/ro\/produs\/banda-de-teflon-mare\/#primaryimage\",\"url\":\"https:\/\/plasmet.bochnia.pl\/wp-content\/uploads\/2024\/10\/tasma-teflonowa-duza-15m-x-0-2mm-x-19mm.jpg\",\"contentUrl\":\"https:\/\/plasmet.bochnia.pl\/wp-content\/uploads\/2024\/10\/tasma-teflonowa-duza-15m-x-0-2mm-x-19mm.jpg\",\"width\":800,\"height\":600,\"caption\":\"tasma-teflonowa-duza-15m-x-0-2mm-x-19mm\"},{\"@type\":\"BreadcrumbList\",\"@id\":\"https:\/\/plasmet.bochnia.pl\/ro\/produs\/banda-de-teflon-mare\/#breadcrumb\",\"itemListElement\":[{\"@type\":\"ListItem\",\"position\":1,\"name\":\"Strona g\u0142\u00f3wna\",\"item\":\"https:\/\/plasmet.bochnia.pl\/ro\/\"},{\"@type\":\"ListItem\",\"position\":2,\"name\":\"Shop\",\"item\":\"https:\/\/plasmet.bochnia.pl\/ro\/magazin\/\"},{\"@type\":\"ListItem\",\"position\":3,\"name\":\"Band\u0103 de teflon mare\"}]},{\"@type\":\"WebSite\",\"@id\":\"https:\/\/plasmet.bochnia.pl\/ro\/#website\",\"url\":\"https:\/\/plasmet.bochnia.pl\/ro\/\",\"name\":\"Plasmet\",\"description\":\"Plasmet\",\"publisher\":{\"@id\":\"https:\/\/plasmet.bochnia.pl\/ro\/#organization\"},\"alternateName\":\"Plasmet\",\"potentialAction\":[{\"@type\":\"SearchAction\",\"target\":{\"@type\":\"EntryPoint\",\"urlTemplate\":\"https:\/\/plasmet.bochnia.pl\/ro\/?s={search_term_string}\"},\"query-input\":{\"@type\":\"PropertyValueSpecification\",\"valueRequired\":true,\"valueName\":\"search_term_string\"}}],\"inLanguage\":\"ro-RO\"},{\"@type\":\"Organization\",\"@id\":\"https:\/\/plasmet.bochnia.pl\/ro\/#organization\",\"name\":\"Plasmet\",\"url\":\"https:\/\/plasmet.bochnia.pl\/ro\/\",\"logo\":{\"@type\":\"ImageObject\",\"inLanguage\":\"ro-RO\",\"@id\":\"https:\/\/plasmet.bochnia.pl\/ro\/#\/schema\/logo\/image\/\",\"url\":\"https:\/\/plasmet.bochnia.pl\/wp-content\/uploads\/2024\/09\/logo-z-niebieskim.webp\",\"contentUrl\":\"https:\/\/plasmet.bochnia.pl\/wp-content\/uploads\/2024\/09\/logo-z-niebieskim.webp\",\"width\":512,\"height\":141,\"caption\":\"Plasmet\"},\"image\":{\"@id\":\"https:\/\/plasmet.bochnia.pl\/ro\/#\/schema\/logo\/image\/\"}}]}<\/script>\n<!-- \/ Yoast SEO plugin. -->","yoast_head_json":{"title":"Band\u0103 de teflon mare - Plasmet","description":"Band\u0103 de teflon mare \u2013 producent i hurtownia Plasmet. Oferujemy wysok\u0105 jako\u015b\u0107, szeroki wyb\u00f3r i dobre ceny. Zapraszamy do sprawdzenia oferty!","robots":{"index":"index","follow":"follow","max-snippet":"max-snippet:-1","max-image-preview":"max-image-preview:large","max-video-preview":"max-video-preview:-1"},"canonical":"https:\/\/plasmet.bochnia.pl\/ro\/produs\/banda-de-teflon-mare\/","og_locale":"ro_RO","og_type":"article","og_title":"Band\u0103 de teflon mare - Plasmet","og_description":"Band\u0103 de teflon mare \u2013 producent i hurtownia Plasmet. Oferujemy wysok\u0105 jako\u015b\u0107, szeroki wyb\u00f3r i dobre ceny. Zapraszamy do sprawdzenia oferty!","og_url":"https:\/\/plasmet.bochnia.pl\/ro\/produs\/banda-de-teflon-mare\/","og_site_name":"Plasmet","article_modified_time":"2025-11-25T21:31:57+00:00","og_image":[{"width":800,"height":600,"url":"https:\/\/plasmet.bochnia.pl\/wp-content\/uploads\/2024\/10\/tasma-teflonowa-duza-15m-x-0-2mm-x-19mm.jpg","type":"image\/jpeg"}],"twitter_card":"summary_large_image","twitter_misc":{"Timp estimat pentru citire":"1 minut"},"schema":{"@context":"https:\/\/schema.org","@graph":[{"@type":"WebPage","@id":"https:\/\/plasmet.bochnia.pl\/ro\/produs\/banda-de-teflon-mare\/","url":"https:\/\/plasmet.bochnia.pl\/ro\/produs\/banda-de-teflon-mare\/","name":"Band\u0103 de teflon mare - Plasmet","isPartOf":{"@id":"https:\/\/plasmet.bochnia.pl\/ro\/#website"},"primaryImageOfPage":{"@id":"https:\/\/plasmet.bochnia.pl\/ro\/produs\/banda-de-teflon-mare\/#primaryimage"},"image":{"@id":"https:\/\/plasmet.bochnia.pl\/ro\/produs\/banda-de-teflon-mare\/#primaryimage"},"thumbnailUrl":"https:\/\/plasmet.bochnia.pl\/wp-content\/uploads\/2024\/10\/tasma-teflonowa-duza-15m-x-0-2mm-x-19mm.jpg","datePublished":"2024-10-21T09:17:39+00:00","dateModified":"2025-11-25T21:31:57+00:00","description":"Band\u0103 de teflon mare \u2013 producent i hurtownia Plasmet. Oferujemy wysok\u0105 jako\u015b\u0107, szeroki wyb\u00f3r i dobre ceny. Zapraszamy do sprawdzenia oferty!","breadcrumb":{"@id":"https:\/\/plasmet.bochnia.pl\/ro\/produs\/banda-de-teflon-mare\/#breadcrumb"},"inLanguage":"ro-RO","potentialAction":[{"@type":"ReadAction","target":["https:\/\/plasmet.bochnia.pl\/ro\/produs\/banda-de-teflon-mare\/"]}]},{"@type":"ImageObject","inLanguage":"ro-RO","@id":"https:\/\/plasmet.bochnia.pl\/ro\/produs\/banda-de-teflon-mare\/#primaryimage","url":"https:\/\/plasmet.bochnia.pl\/wp-content\/uploads\/2024\/10\/tasma-teflonowa-duza-15m-x-0-2mm-x-19mm.jpg","contentUrl":"https:\/\/plasmet.bochnia.pl\/wp-content\/uploads\/2024\/10\/tasma-teflonowa-duza-15m-x-0-2mm-x-19mm.jpg","width":800,"height":600,"caption":"tasma-teflonowa-duza-15m-x-0-2mm-x-19mm"},{"@type":"BreadcrumbList","@id":"https:\/\/plasmet.bochnia.pl\/ro\/produs\/banda-de-teflon-mare\/#breadcrumb","itemListElement":[{"@type":"ListItem","position":1,"name":"Strona g\u0142\u00f3wna","item":"https:\/\/plasmet.bochnia.pl\/ro\/"},{"@type":"ListItem","position":2,"name":"Shop","item":"https:\/\/plasmet.bochnia.pl\/ro\/magazin\/"},{"@type":"ListItem","position":3,"name":"Band\u0103 de teflon mare"}]},{"@type":"WebSite","@id":"https:\/\/plasmet.bochnia.pl\/ro\/#website","url":"https:\/\/plasmet.bochnia.pl\/ro\/","name":"Plasmet","description":"Plasmet","publisher":{"@id":"https:\/\/plasmet.bochnia.pl\/ro\/#organization"},"alternateName":"Plasmet","potentialAction":[{"@type":"SearchAction","target":{"@type":"EntryPoint","urlTemplate":"https:\/\/plasmet.bochnia.pl\/ro\/?s={search_term_string}"},"query-input":{"@type":"PropertyValueSpecification","valueRequired":true,"valueName":"search_term_string"}}],"inLanguage":"ro-RO"},{"@type":"Organization","@id":"https:\/\/plasmet.bochnia.pl\/ro\/#organization","name":"Plasmet","url":"https:\/\/plasmet.bochnia.pl\/ro\/","logo":{"@type":"ImageObject","inLanguage":"ro-RO","@id":"https:\/\/plasmet.bochnia.pl\/ro\/#\/schema\/logo\/image\/","url":"https:\/\/plasmet.bochnia.pl\/wp-content\/uploads\/2024\/09\/logo-z-niebieskim.webp","contentUrl":"https:\/\/plasmet.bochnia.pl\/wp-content\/uploads\/2024\/09\/logo-z-niebieskim.webp","width":512,"height":141,"caption":"Plasmet"},"image":{"@id":"https:\/\/plasmet.bochnia.pl\/ro\/#\/schema\/logo\/image\/"}}]}},"taxonomy_info":{"product_cat":[{"value":753,"label":"Benzi de teflon"},{"value":390,"label":"Garnituri \u0219i reduc\u021bii"}],"pa_wersja":[{"value":255,"label":"15m x 0,2mm x 19mm"}]},"featured_image_src_large":["https:\/\/plasmet.bochnia.pl\/wp-content\/uploads\/2024\/10\/tasma-teflonowa-duza-15m-x-0-2mm-x-19mm.jpg",800,600,false],"author_info":[],"comment_info":"","_links":{"self":[{"href":"https:\/\/plasmet.bochnia.pl\/ro\/wp-json\/wp\/v2\/product\/11591","targetHints":{"allow":["GET"]}}],"collection":[{"href":"https:\/\/plasmet.bochnia.pl\/ro\/wp-json\/wp\/v2\/product"}],"about":[{"href":"https:\/\/plasmet.bochnia.pl\/ro\/wp-json\/wp\/v2\/types\/product"}],"wp:featuredmedia":[{"embeddable":true,"href":"https:\/\/plasmet.bochnia.pl\/ro\/wp-json\/wp\/v2\/media\/4032"}],"wp:attachment":[{"href":"https:\/\/plasmet.bochnia.pl\/ro\/wp-json\/wp\/v2\/media?parent=11591"}],"wp:term":[{"taxonomy":"product_brand","embeddable":true,"href":"https:\/\/plasmet.bochnia.pl\/ro\/wp-json\/wp\/v2\/product_brand?post=11591"},{"taxonomy":"product_cat","embeddable":true,"href":"https:\/\/plasmet.bochnia.pl\/ro\/wp-json\/wp\/v2\/product_cat?post=11591"},{"taxonomy":"product_tag","embeddable":true,"href":"https:\/\/plasmet.bochnia.pl\/ro\/wp-json\/wp\/v2\/product_tag?post=11591"}],"curies":[{"name":"wp","href":"https:\/\/api.w.org\/{rel}","templated":true}]}}