{"id":11588,"date":"2024-10-21T11:17:39","date_gmt":"2024-10-21T09:17:39","guid":{"rendered":"https:\/\/plasmet.nospace.pl\/produkt\/canepa\/"},"modified":"2025-11-25T22:29:55","modified_gmt":"2025-11-25T21:29:55","slug":"canepa","status":"publish","type":"product","link":"https:\/\/plasmet.bochnia.pl\/ro\/produs\/canepa\/","title":{"rendered":"C\u00e2nep\u0103"},"content":{"rendered":"<h2>C\u00e2nep\u0103 100g<\/h2>\n<p><strong>C\u00e2nepa 100g<\/strong> este un produs de \u00eenalt\u0103 calitate conceput pentru etan\u0219area conexiunilor filetate \u00een instala\u021biile de ap\u0103, \u00eenc\u0103lzire \u0219i gaz. Utilizarea c\u00e2nepei \u00een instala\u021biile sanitare asigur\u0103 o etan\u0219are fiabil\u0103, de lung\u0103 durat\u0103, rezistent\u0103 la condi\u021bii de func\u021bionare variate, cum ar fi fluctua\u021biile de temperatur\u0103 \u0219i presiune. Produsul este complet ecologic, iar utilizarea sa nu are niciun impact negativ asupra mediului.  <\/p>\n<h3>Principalele caracteristici ale produsului:<\/h3>\n<ul>\n<li>Greutate: 100g,<\/li>\n<li>Material natural \u0219i ecologic,<\/li>\n<li>Ideal pentru etan\u0219area \u00eembin\u0103rilor filetate,<\/li>\n<li>Rezisten\u021b\u0103 la condi\u021bii de func\u021bionare variabile \u00een sistemele de ap\u0103 \u0219i \u00eenc\u0103lzire.<\/li>\n<\/ul>\n<p>Produsul este u\u0219or de aplicat \u0219i este ideal at\u00e2t pentru instala\u021biile casnice, c\u00e2t \u0219i pentru cele industriale. Ales de profesioni\u0219ti pentru etan\u0219area fiabil\u0103 a rosturilor, acesta ofer\u0103 durabilitate \u0219i siguran\u021b\u0103 pentru anii urm\u0103tori. <\/p>\n","protected":false},"excerpt":{"rendered":"<p><strong>C\u00e2nepa 100g<\/strong> este un produs natural utilizat \u00een principal \u00een instala\u021biile sanitare \u0219i de \u00eenc\u0103lzire pentru etan\u0219area conexiunilor filetate. Datorit\u0103 rezisten\u021bei sale, c\u00e2nepa asigur\u0103 o etan\u0219are permanent\u0103 \u00een sistemele sanitare \u0219i de \u00eenc\u0103lzire. Produsul este ecologic \u0219i u\u0219or de utilizat.  <\/p>\n","protected":false},"featured_media":4038,"template":"","meta":{"_acf_changed":false,"_kad_blocks_custom_css":"","_kad_blocks_head_custom_js":"","_kad_blocks_body_custom_js":"","_kad_blocks_footer_custom_js":"","_kad_post_transparent":"","_kad_post_title":"","_kad_post_layout":"","_kad_post_sidebar_id":"","_kad_post_content_style":"","_kad_post_vertical_padding":"","_kad_post_feature":"","_kad_post_feature_position":"","_kad_post_header":false,"_kad_post_footer":false,"_kad_post_classname":""},"product_brand":[],"product_cat":[744,390],"product_tag":[],"class_list":{"0":"post-11588","1":"product","2":"type-product","3":"status-publish","4":"has-post-thumbnail","6":"product_cat-canepa","7":"product_cat-garnituri-si-reductii","8":"pa_wersja-100g-ro","10":"first","11":"instock","12":"product-type-variable","13":"entry","14":"content-bg","15":"loop-entry"},"acf":[],"yoast_head":"<!-- This site is optimized with the Yoast SEO plugin v25.1 - https:\/\/yoast.com\/wordpress\/plugins\/seo\/ -->\n<title>C\u00e2nep\u0103 - Plasmet<\/title>\n<meta name=\"description\" content=\"C\u00e2nep\u0103 \u2013 producent i hurtownia Plasmet. Oferujemy wysok\u0105 jako\u015b\u0107, szeroki wyb\u00f3r i dobre ceny. Zapraszamy do sprawdzenia oferty!\" \/>\n<meta name=\"robots\" content=\"index, follow, max-snippet:-1, max-image-preview:large, max-video-preview:-1\" \/>\n<link rel=\"canonical\" href=\"https:\/\/plasmet.bochnia.pl\/ro\/produs\/canepa\/\" \/>\n<meta property=\"og:locale\" content=\"ro_RO\" \/>\n<meta property=\"og:type\" content=\"article\" \/>\n<meta property=\"og:title\" content=\"C\u00e2nep\u0103 - Plasmet\" \/>\n<meta property=\"og:description\" content=\"C\u00e2nep\u0103 \u2013 producent i hurtownia Plasmet. Oferujemy wysok\u0105 jako\u015b\u0107, szeroki wyb\u00f3r i dobre ceny. Zapraszamy do sprawdzenia oferty!\" \/>\n<meta property=\"og:url\" content=\"https:\/\/plasmet.bochnia.pl\/ro\/produs\/canepa\/\" \/>\n<meta property=\"og:site_name\" content=\"Plasmet\" \/>\n<meta property=\"article:modified_time\" content=\"2025-11-25T21:29:55+00:00\" \/>\n<meta property=\"og:image\" content=\"https:\/\/plasmet.bochnia.pl\/wp-content\/uploads\/2024\/10\/konopie-100g.jpg\" \/>\n\t<meta property=\"og:image:width\" content=\"800\" \/>\n\t<meta property=\"og:image:height\" content=\"600\" \/>\n\t<meta property=\"og:image:type\" content=\"image\/jpeg\" \/>\n<meta name=\"twitter:card\" content=\"summary_large_image\" \/>\n<meta name=\"twitter:label1\" content=\"Timp estimat pentru citire\" \/>\n\t<meta name=\"twitter:data1\" content=\"1 minut\" \/>\n<script type=\"application\/ld+json\" class=\"yoast-schema-graph\">{\"@context\":\"https:\/\/schema.org\",\"@graph\":[{\"@type\":\"WebPage\",\"@id\":\"https:\/\/plasmet.bochnia.pl\/ro\/produs\/canepa\/\",\"url\":\"https:\/\/plasmet.bochnia.pl\/ro\/produs\/canepa\/\",\"name\":\"C\u00e2nep\u0103 - Plasmet\",\"isPartOf\":{\"@id\":\"https:\/\/plasmet.bochnia.pl\/ro\/#website\"},\"primaryImageOfPage\":{\"@id\":\"https:\/\/plasmet.bochnia.pl\/ro\/produs\/canepa\/#primaryimage\"},\"image\":{\"@id\":\"https:\/\/plasmet.bochnia.pl\/ro\/produs\/canepa\/#primaryimage\"},\"thumbnailUrl\":\"https:\/\/plasmet.bochnia.pl\/wp-content\/uploads\/2024\/10\/konopie-100g.jpg\",\"datePublished\":\"2024-10-21T09:17:39+00:00\",\"dateModified\":\"2025-11-25T21:29:55+00:00\",\"description\":\"C\u00e2nep\u0103 \u2013 producent i hurtownia Plasmet. Oferujemy wysok\u0105 jako\u015b\u0107, szeroki wyb\u00f3r i dobre ceny. Zapraszamy do sprawdzenia oferty!\",\"breadcrumb\":{\"@id\":\"https:\/\/plasmet.bochnia.pl\/ro\/produs\/canepa\/#breadcrumb\"},\"inLanguage\":\"ro-RO\",\"potentialAction\":[{\"@type\":\"ReadAction\",\"target\":[\"https:\/\/plasmet.bochnia.pl\/ro\/produs\/canepa\/\"]}]},{\"@type\":\"ImageObject\",\"inLanguage\":\"ro-RO\",\"@id\":\"https:\/\/plasmet.bochnia.pl\/ro\/produs\/canepa\/#primaryimage\",\"url\":\"https:\/\/plasmet.bochnia.pl\/wp-content\/uploads\/2024\/10\/konopie-100g.jpg\",\"contentUrl\":\"https:\/\/plasmet.bochnia.pl\/wp-content\/uploads\/2024\/10\/konopie-100g.jpg\",\"width\":800,\"height\":600,\"caption\":\"c\u00e2nep\u0103-100g\"},{\"@type\":\"BreadcrumbList\",\"@id\":\"https:\/\/plasmet.bochnia.pl\/ro\/produs\/canepa\/#breadcrumb\",\"itemListElement\":[{\"@type\":\"ListItem\",\"position\":1,\"name\":\"Strona g\u0142\u00f3wna\",\"item\":\"https:\/\/plasmet.bochnia.pl\/ro\/\"},{\"@type\":\"ListItem\",\"position\":2,\"name\":\"Shop\",\"item\":\"https:\/\/plasmet.bochnia.pl\/ro\/magazin\/\"},{\"@type\":\"ListItem\",\"position\":3,\"name\":\"C\u00e2nep\u0103\"}]},{\"@type\":\"WebSite\",\"@id\":\"https:\/\/plasmet.bochnia.pl\/ro\/#website\",\"url\":\"https:\/\/plasmet.bochnia.pl\/ro\/\",\"name\":\"Plasmet\",\"description\":\"Plasmet\",\"publisher\":{\"@id\":\"https:\/\/plasmet.bochnia.pl\/ro\/#organization\"},\"alternateName\":\"Plasmet\",\"potentialAction\":[{\"@type\":\"SearchAction\",\"target\":{\"@type\":\"EntryPoint\",\"urlTemplate\":\"https:\/\/plasmet.bochnia.pl\/ro\/?s={search_term_string}\"},\"query-input\":{\"@type\":\"PropertyValueSpecification\",\"valueRequired\":true,\"valueName\":\"search_term_string\"}}],\"inLanguage\":\"ro-RO\"},{\"@type\":\"Organization\",\"@id\":\"https:\/\/plasmet.bochnia.pl\/ro\/#organization\",\"name\":\"Plasmet\",\"url\":\"https:\/\/plasmet.bochnia.pl\/ro\/\",\"logo\":{\"@type\":\"ImageObject\",\"inLanguage\":\"ro-RO\",\"@id\":\"https:\/\/plasmet.bochnia.pl\/ro\/#\/schema\/logo\/image\/\",\"url\":\"https:\/\/plasmet.bochnia.pl\/wp-content\/uploads\/2024\/09\/logo-z-niebieskim.webp\",\"contentUrl\":\"https:\/\/plasmet.bochnia.pl\/wp-content\/uploads\/2024\/09\/logo-z-niebieskim.webp\",\"width\":512,\"height\":141,\"caption\":\"Plasmet\"},\"image\":{\"@id\":\"https:\/\/plasmet.bochnia.pl\/ro\/#\/schema\/logo\/image\/\"}}]}<\/script>\n<!-- \/ Yoast SEO plugin. -->","yoast_head_json":{"title":"C\u00e2nep\u0103 - Plasmet","description":"C\u00e2nep\u0103 \u2013 producent i hurtownia Plasmet. Oferujemy wysok\u0105 jako\u015b\u0107, szeroki wyb\u00f3r i dobre ceny. Zapraszamy do sprawdzenia oferty!","robots":{"index":"index","follow":"follow","max-snippet":"max-snippet:-1","max-image-preview":"max-image-preview:large","max-video-preview":"max-video-preview:-1"},"canonical":"https:\/\/plasmet.bochnia.pl\/ro\/produs\/canepa\/","og_locale":"ro_RO","og_type":"article","og_title":"C\u00e2nep\u0103 - Plasmet","og_description":"C\u00e2nep\u0103 \u2013 producent i hurtownia Plasmet. Oferujemy wysok\u0105 jako\u015b\u0107, szeroki wyb\u00f3r i dobre ceny. Zapraszamy do sprawdzenia oferty!","og_url":"https:\/\/plasmet.bochnia.pl\/ro\/produs\/canepa\/","og_site_name":"Plasmet","article_modified_time":"2025-11-25T21:29:55+00:00","og_image":[{"width":800,"height":600,"url":"https:\/\/plasmet.bochnia.pl\/wp-content\/uploads\/2024\/10\/konopie-100g.jpg","type":"image\/jpeg"}],"twitter_card":"summary_large_image","twitter_misc":{"Timp estimat pentru citire":"1 minut"},"schema":{"@context":"https:\/\/schema.org","@graph":[{"@type":"WebPage","@id":"https:\/\/plasmet.bochnia.pl\/ro\/produs\/canepa\/","url":"https:\/\/plasmet.bochnia.pl\/ro\/produs\/canepa\/","name":"C\u00e2nep\u0103 - Plasmet","isPartOf":{"@id":"https:\/\/plasmet.bochnia.pl\/ro\/#website"},"primaryImageOfPage":{"@id":"https:\/\/plasmet.bochnia.pl\/ro\/produs\/canepa\/#primaryimage"},"image":{"@id":"https:\/\/plasmet.bochnia.pl\/ro\/produs\/canepa\/#primaryimage"},"thumbnailUrl":"https:\/\/plasmet.bochnia.pl\/wp-content\/uploads\/2024\/10\/konopie-100g.jpg","datePublished":"2024-10-21T09:17:39+00:00","dateModified":"2025-11-25T21:29:55+00:00","description":"C\u00e2nep\u0103 \u2013 producent i hurtownia Plasmet. Oferujemy wysok\u0105 jako\u015b\u0107, szeroki wyb\u00f3r i dobre ceny. Zapraszamy do sprawdzenia oferty!","breadcrumb":{"@id":"https:\/\/plasmet.bochnia.pl\/ro\/produs\/canepa\/#breadcrumb"},"inLanguage":"ro-RO","potentialAction":[{"@type":"ReadAction","target":["https:\/\/plasmet.bochnia.pl\/ro\/produs\/canepa\/"]}]},{"@type":"ImageObject","inLanguage":"ro-RO","@id":"https:\/\/plasmet.bochnia.pl\/ro\/produs\/canepa\/#primaryimage","url":"https:\/\/plasmet.bochnia.pl\/wp-content\/uploads\/2024\/10\/konopie-100g.jpg","contentUrl":"https:\/\/plasmet.bochnia.pl\/wp-content\/uploads\/2024\/10\/konopie-100g.jpg","width":800,"height":600,"caption":"c\u00e2nep\u0103-100g"},{"@type":"BreadcrumbList","@id":"https:\/\/plasmet.bochnia.pl\/ro\/produs\/canepa\/#breadcrumb","itemListElement":[{"@type":"ListItem","position":1,"name":"Strona g\u0142\u00f3wna","item":"https:\/\/plasmet.bochnia.pl\/ro\/"},{"@type":"ListItem","position":2,"name":"Shop","item":"https:\/\/plasmet.bochnia.pl\/ro\/magazin\/"},{"@type":"ListItem","position":3,"name":"C\u00e2nep\u0103"}]},{"@type":"WebSite","@id":"https:\/\/plasmet.bochnia.pl\/ro\/#website","url":"https:\/\/plasmet.bochnia.pl\/ro\/","name":"Plasmet","description":"Plasmet","publisher":{"@id":"https:\/\/plasmet.bochnia.pl\/ro\/#organization"},"alternateName":"Plasmet","potentialAction":[{"@type":"SearchAction","target":{"@type":"EntryPoint","urlTemplate":"https:\/\/plasmet.bochnia.pl\/ro\/?s={search_term_string}"},"query-input":{"@type":"PropertyValueSpecification","valueRequired":true,"valueName":"search_term_string"}}],"inLanguage":"ro-RO"},{"@type":"Organization","@id":"https:\/\/plasmet.bochnia.pl\/ro\/#organization","name":"Plasmet","url":"https:\/\/plasmet.bochnia.pl\/ro\/","logo":{"@type":"ImageObject","inLanguage":"ro-RO","@id":"https:\/\/plasmet.bochnia.pl\/ro\/#\/schema\/logo\/image\/","url":"https:\/\/plasmet.bochnia.pl\/wp-content\/uploads\/2024\/09\/logo-z-niebieskim.webp","contentUrl":"https:\/\/plasmet.bochnia.pl\/wp-content\/uploads\/2024\/09\/logo-z-niebieskim.webp","width":512,"height":141,"caption":"Plasmet"},"image":{"@id":"https:\/\/plasmet.bochnia.pl\/ro\/#\/schema\/logo\/image\/"}}]}},"taxonomy_info":{"product_cat":[{"value":744,"label":"C\u00e2nep\u0103"},{"value":390,"label":"Garnituri \u0219i reduc\u021bii"}],"pa_wersja":[{"value":297,"label":"100g"}]},"featured_image_src_large":["https:\/\/plasmet.bochnia.pl\/wp-content\/uploads\/2024\/10\/konopie-100g.jpg",800,600,false],"author_info":[],"comment_info":"","_links":{"self":[{"href":"https:\/\/plasmet.bochnia.pl\/ro\/wp-json\/wp\/v2\/product\/11588","targetHints":{"allow":["GET"]}}],"collection":[{"href":"https:\/\/plasmet.bochnia.pl\/ro\/wp-json\/wp\/v2\/product"}],"about":[{"href":"https:\/\/plasmet.bochnia.pl\/ro\/wp-json\/wp\/v2\/types\/product"}],"wp:featuredmedia":[{"embeddable":true,"href":"https:\/\/plasmet.bochnia.pl\/ro\/wp-json\/wp\/v2\/media\/4038"}],"wp:attachment":[{"href":"https:\/\/plasmet.bochnia.pl\/ro\/wp-json\/wp\/v2\/media?parent=11588"}],"wp:term":[{"taxonomy":"product_brand","embeddable":true,"href":"https:\/\/plasmet.bochnia.pl\/ro\/wp-json\/wp\/v2\/product_brand?post=11588"},{"taxonomy":"product_cat","embeddable":true,"href":"https:\/\/plasmet.bochnia.pl\/ro\/wp-json\/wp\/v2\/product_cat?post=11588"},{"taxonomy":"product_tag","embeddable":true,"href":"https:\/\/plasmet.bochnia.pl\/ro\/wp-json\/wp\/v2\/product_tag?post=11588"}],"curies":[{"name":"wp","href":"https:\/\/api.w.org\/{rel}","templated":true}]}}