{"id":11524,"date":"2024-10-21T11:17:47","date_gmt":"2024-10-21T09:17:47","guid":{"rendered":"https:\/\/plasmet.nospace.pl\/produkt\/covor-acustic-pentru-wc-in-picioare-agatat-de-perete\/"},"modified":"2025-11-25T22:30:19","modified_gmt":"2025-11-25T21:30:19","slug":"covor-acustic-pentru-wc-in-picioare-agatat-de-perete","status":"publish","type":"product","link":"https:\/\/plasmet.bochnia.pl\/ro\/produs\/covor-acustic-pentru-wc-in-picioare-agatat-de-perete\/","title":{"rendered":"Covor acustic pentru WC \u00een picioare, ag\u0103\u021bat de perete"},"content":{"rendered":"<h2>Covora\u0219 acustic pentru podea \/ WC suspendat<\/h2>\n<p><strong>Covora\u0219ul acustic pentru toalet\u0103<\/strong> este o solu\u021bie inovatoare pentru cei care apreciaz\u0103 func\u021bionarea silen\u021bioas\u0103 \u0219i confortabil\u0103 a sistemului lor sanitar. Fabricat din materiale durabile, covora\u0219ul reduce zgomotele asociate cu func\u021bionarea toaletei, cum ar fi tragerea apei \u0219i curgerea apei. Ideal at\u00e2t pentru toaletele verticale, c\u00e2t \u0219i pentru cele montate pe perete, covora\u0219ul este perfect pentru b\u0103ile casnice, hoteluri \u0219i birouri. Covora\u0219ul are decupaje dedicate pentru o instalare u\u0219oar\u0103.   <\/p>\n<h3>De ce s\u0103 alege\u021bi un covor acustic pentru toaleta dumneavoastr\u0103?<\/h3>\n<ul>\n<li>Reducerea eficient\u0103 a zgomotului generat de sistemul WC,<\/li>\n<li>Poate fi instalat \u00een toate toaletele verticale \u0219i montate pe perete, datorit\u0103 adaptabilit\u0103\u021bii sale la forma vasului,<\/li>\n<li>Instalare simpl\u0103 datorit\u0103 decupajelor dedicate, nu sunt necesare unelte specializate,<\/li>\n<li>\u00cembun\u0103t\u0103\u021be\u0219te confortul toaletei, \u00een special \u00een cl\u0103dirile multifamiliale,<\/li>\n<li>Fabricat din material durabil, rezistent la umiditate \u0219i la utilizarea zilnic\u0103.<\/li>\n<\/ul>\n<p>Covora\u0219ul acustic pentru toalet\u0103 este solu\u021bia perfect\u0103 pentru cei care doresc s\u0103 reduc\u0103 zgomotul din baie \u0219i s\u0103 ofere o mai mare discre\u021bie. Este ideal at\u00e2t pentru toaletele \u00een picioare, c\u00e2t \u0219i pentru cele suspendate, oferind confort \u0219i estetic\u0103 pentru anii urm\u0103tori. <\/p>\n","protected":false},"excerpt":{"rendered":"<p>Covora\u0219ul <strong>acustic pentru WC<\/strong> este o component\u0103 specializat\u0103 de izolare care reduce zgomotul de sp\u0103lare \u0219i de func\u021bionare a sistemului WC. Proiectat pentru instalarea \u00een toalete de perete \u0219i de podea, acesta asigur\u0103 o func\u021bionare mai silen\u021bioas\u0103 a sistemului sanitar \u0219i confort suplimentar. Culoare: alb.  <\/p>\n","protected":false},"featured_media":6042,"template":"","meta":{"_acf_changed":false,"_kad_blocks_custom_css":"","_kad_blocks_head_custom_js":"","_kad_blocks_body_custom_js":"","_kad_blocks_footer_custom_js":"","_kad_post_transparent":"","_kad_post_title":"","_kad_post_layout":"","_kad_post_sidebar_id":"","_kad_post_content_style":"","_kad_post_vertical_padding":"","_kad_post_feature":"","_kad_post_feature_position":"","_kad_post_header":false,"_kad_post_footer":false,"_kad_post_classname":""},"product_brand":[],"product_cat":[747,390],"product_tag":[],"class_list":{"0":"post-11524","1":"product","2":"type-product","3":"status-publish","4":"has-post-thumbnail","6":"product_cat-covorase-acustice","7":"product_cat-garnituri-si-reductii","8":"pa_kolor-alb","10":"first","11":"instock","12":"product-type-variable","13":"entry","14":"content-bg","15":"loop-entry"},"acf":[],"yoast_head":"<!-- This site is optimized with the Yoast SEO plugin v25.1 - https:\/\/yoast.com\/wordpress\/plugins\/seo\/ -->\n<title>Covor acustic pentru WC \u00een picioare, ag\u0103\u021bat de perete - Plasmet<\/title>\n<meta name=\"description\" content=\"Covor acustic pentru WC \u00een picioare, ag\u0103\u021bat de perete \u2013 producent i hurtownia Plasmet. Oferujemy wysok\u0105 jako\u015b\u0107, szeroki wyb\u00f3r i dobre ceny. Zapraszamy do sprawdzenia oferty!\" \/>\n<meta name=\"robots\" content=\"index, follow, max-snippet:-1, max-image-preview:large, max-video-preview:-1\" \/>\n<link rel=\"canonical\" href=\"https:\/\/plasmet.bochnia.pl\/ro\/produs\/covor-acustic-pentru-wc-in-picioare-agatat-de-perete\/\" \/>\n<meta property=\"og:locale\" content=\"ro_RO\" \/>\n<meta property=\"og:type\" content=\"article\" \/>\n<meta property=\"og:title\" content=\"Covor acustic pentru WC \u00een picioare, ag\u0103\u021bat de perete - Plasmet\" \/>\n<meta property=\"og:description\" content=\"Covor acustic pentru WC \u00een picioare, ag\u0103\u021bat de perete \u2013 producent i hurtownia Plasmet. Oferujemy wysok\u0105 jako\u015b\u0107, szeroki wyb\u00f3r i dobre ceny. Zapraszamy do sprawdzenia oferty!\" \/>\n<meta property=\"og:url\" content=\"https:\/\/plasmet.bochnia.pl\/ro\/produs\/covor-acustic-pentru-wc-in-picioare-agatat-de-perete\/\" \/>\n<meta property=\"og:site_name\" content=\"Plasmet\" \/>\n<meta property=\"article:modified_time\" content=\"2025-11-25T21:30:19+00:00\" \/>\n<meta property=\"og:image\" content=\"https:\/\/plasmet.bochnia.pl\/wp-content\/uploads\/2024\/10\/mata-akustyczna-do-wc-stojaca-wiszaca.jpg\" \/>\n\t<meta property=\"og:image:width\" content=\"800\" \/>\n\t<meta property=\"og:image:height\" content=\"600\" \/>\n\t<meta property=\"og:image:type\" content=\"image\/jpeg\" \/>\n<meta name=\"twitter:card\" content=\"summary_large_image\" \/>\n<meta name=\"twitter:label1\" content=\"Timp estimat pentru citire\" \/>\n\t<meta name=\"twitter:data1\" content=\"1 minut\" \/>\n<script type=\"application\/ld+json\" class=\"yoast-schema-graph\">{\"@context\":\"https:\/\/schema.org\",\"@graph\":[{\"@type\":\"WebPage\",\"@id\":\"https:\/\/plasmet.bochnia.pl\/ro\/produs\/covor-acustic-pentru-wc-in-picioare-agatat-de-perete\/\",\"url\":\"https:\/\/plasmet.bochnia.pl\/ro\/produs\/covor-acustic-pentru-wc-in-picioare-agatat-de-perete\/\",\"name\":\"Covor acustic pentru WC \u00een picioare, ag\u0103\u021bat de perete - Plasmet\",\"isPartOf\":{\"@id\":\"https:\/\/plasmet.bochnia.pl\/ro\/#website\"},\"primaryImageOfPage\":{\"@id\":\"https:\/\/plasmet.bochnia.pl\/ro\/produs\/covor-acustic-pentru-wc-in-picioare-agatat-de-perete\/#primaryimage\"},\"image\":{\"@id\":\"https:\/\/plasmet.bochnia.pl\/ro\/produs\/covor-acustic-pentru-wc-in-picioare-agatat-de-perete\/#primaryimage\"},\"thumbnailUrl\":\"https:\/\/plasmet.bochnia.pl\/wp-content\/uploads\/2024\/10\/mata-akustyczna-do-wc-stojaca-wiszaca.jpg\",\"datePublished\":\"2024-10-21T09:17:47+00:00\",\"dateModified\":\"2025-11-25T21:30:19+00:00\",\"description\":\"Covor acustic pentru WC \u00een picioare, ag\u0103\u021bat de perete \u2013 producent i hurtownia Plasmet. Oferujemy wysok\u0105 jako\u015b\u0107, szeroki wyb\u00f3r i dobre ceny. Zapraszamy do sprawdzenia oferty!\",\"breadcrumb\":{\"@id\":\"https:\/\/plasmet.bochnia.pl\/ro\/produs\/covor-acustic-pentru-wc-in-picioare-agatat-de-perete\/#breadcrumb\"},\"inLanguage\":\"ro-RO\",\"potentialAction\":[{\"@type\":\"ReadAction\",\"target\":[\"https:\/\/plasmet.bochnia.pl\/ro\/produs\/covor-acustic-pentru-wc-in-picioare-agatat-de-perete\/\"]}]},{\"@type\":\"ImageObject\",\"inLanguage\":\"ro-RO\",\"@id\":\"https:\/\/plasmet.bochnia.pl\/ro\/produs\/covor-acustic-pentru-wc-in-picioare-agatat-de-perete\/#primaryimage\",\"url\":\"https:\/\/plasmet.bochnia.pl\/wp-content\/uploads\/2024\/10\/mata-akustyczna-do-wc-stojaca-wiszaca.jpg\",\"contentUrl\":\"https:\/\/plasmet.bochnia.pl\/wp-content\/uploads\/2024\/10\/mata-akustyczna-do-wc-stojaca-wiszaca.jpg\",\"width\":800,\"height\":600},{\"@type\":\"BreadcrumbList\",\"@id\":\"https:\/\/plasmet.bochnia.pl\/ro\/produs\/covor-acustic-pentru-wc-in-picioare-agatat-de-perete\/#breadcrumb\",\"itemListElement\":[{\"@type\":\"ListItem\",\"position\":1,\"name\":\"Strona g\u0142\u00f3wna\",\"item\":\"https:\/\/plasmet.bochnia.pl\/ro\/\"},{\"@type\":\"ListItem\",\"position\":2,\"name\":\"Shop\",\"item\":\"https:\/\/plasmet.bochnia.pl\/ro\/magazin\/\"},{\"@type\":\"ListItem\",\"position\":3,\"name\":\"Covor acustic pentru WC \u00een picioare, ag\u0103\u021bat de perete\"}]},{\"@type\":\"WebSite\",\"@id\":\"https:\/\/plasmet.bochnia.pl\/ro\/#website\",\"url\":\"https:\/\/plasmet.bochnia.pl\/ro\/\",\"name\":\"Plasmet\",\"description\":\"Plasmet\",\"publisher\":{\"@id\":\"https:\/\/plasmet.bochnia.pl\/ro\/#organization\"},\"alternateName\":\"Plasmet\",\"potentialAction\":[{\"@type\":\"SearchAction\",\"target\":{\"@type\":\"EntryPoint\",\"urlTemplate\":\"https:\/\/plasmet.bochnia.pl\/ro\/?s={search_term_string}\"},\"query-input\":{\"@type\":\"PropertyValueSpecification\",\"valueRequired\":true,\"valueName\":\"search_term_string\"}}],\"inLanguage\":\"ro-RO\"},{\"@type\":\"Organization\",\"@id\":\"https:\/\/plasmet.bochnia.pl\/ro\/#organization\",\"name\":\"Plasmet\",\"url\":\"https:\/\/plasmet.bochnia.pl\/ro\/\",\"logo\":{\"@type\":\"ImageObject\",\"inLanguage\":\"ro-RO\",\"@id\":\"https:\/\/plasmet.bochnia.pl\/ro\/#\/schema\/logo\/image\/\",\"url\":\"https:\/\/plasmet.bochnia.pl\/wp-content\/uploads\/2024\/09\/logo-z-niebieskim.webp\",\"contentUrl\":\"https:\/\/plasmet.bochnia.pl\/wp-content\/uploads\/2024\/09\/logo-z-niebieskim.webp\",\"width\":512,\"height\":141,\"caption\":\"Plasmet\"},\"image\":{\"@id\":\"https:\/\/plasmet.bochnia.pl\/ro\/#\/schema\/logo\/image\/\"}}]}<\/script>\n<!-- \/ Yoast SEO plugin. -->","yoast_head_json":{"title":"Covor acustic pentru WC \u00een picioare, ag\u0103\u021bat de perete - Plasmet","description":"Covor acustic pentru WC \u00een picioare, ag\u0103\u021bat de perete \u2013 producent i hurtownia Plasmet. Oferujemy wysok\u0105 jako\u015b\u0107, szeroki wyb\u00f3r i dobre ceny. Zapraszamy do sprawdzenia oferty!","robots":{"index":"index","follow":"follow","max-snippet":"max-snippet:-1","max-image-preview":"max-image-preview:large","max-video-preview":"max-video-preview:-1"},"canonical":"https:\/\/plasmet.bochnia.pl\/ro\/produs\/covor-acustic-pentru-wc-in-picioare-agatat-de-perete\/","og_locale":"ro_RO","og_type":"article","og_title":"Covor acustic pentru WC \u00een picioare, ag\u0103\u021bat de perete - Plasmet","og_description":"Covor acustic pentru WC \u00een picioare, ag\u0103\u021bat de perete \u2013 producent i hurtownia Plasmet. Oferujemy wysok\u0105 jako\u015b\u0107, szeroki wyb\u00f3r i dobre ceny. Zapraszamy do sprawdzenia oferty!","og_url":"https:\/\/plasmet.bochnia.pl\/ro\/produs\/covor-acustic-pentru-wc-in-picioare-agatat-de-perete\/","og_site_name":"Plasmet","article_modified_time":"2025-11-25T21:30:19+00:00","og_image":[{"width":800,"height":600,"url":"https:\/\/plasmet.bochnia.pl\/wp-content\/uploads\/2024\/10\/mata-akustyczna-do-wc-stojaca-wiszaca.jpg","type":"image\/jpeg"}],"twitter_card":"summary_large_image","twitter_misc":{"Timp estimat pentru citire":"1 minut"},"schema":{"@context":"https:\/\/schema.org","@graph":[{"@type":"WebPage","@id":"https:\/\/plasmet.bochnia.pl\/ro\/produs\/covor-acustic-pentru-wc-in-picioare-agatat-de-perete\/","url":"https:\/\/plasmet.bochnia.pl\/ro\/produs\/covor-acustic-pentru-wc-in-picioare-agatat-de-perete\/","name":"Covor acustic pentru WC \u00een picioare, ag\u0103\u021bat de perete - Plasmet","isPartOf":{"@id":"https:\/\/plasmet.bochnia.pl\/ro\/#website"},"primaryImageOfPage":{"@id":"https:\/\/plasmet.bochnia.pl\/ro\/produs\/covor-acustic-pentru-wc-in-picioare-agatat-de-perete\/#primaryimage"},"image":{"@id":"https:\/\/plasmet.bochnia.pl\/ro\/produs\/covor-acustic-pentru-wc-in-picioare-agatat-de-perete\/#primaryimage"},"thumbnailUrl":"https:\/\/plasmet.bochnia.pl\/wp-content\/uploads\/2024\/10\/mata-akustyczna-do-wc-stojaca-wiszaca.jpg","datePublished":"2024-10-21T09:17:47+00:00","dateModified":"2025-11-25T21:30:19+00:00","description":"Covor acustic pentru WC \u00een picioare, ag\u0103\u021bat de perete \u2013 producent i hurtownia Plasmet. Oferujemy wysok\u0105 jako\u015b\u0107, szeroki wyb\u00f3r i dobre ceny. Zapraszamy do sprawdzenia oferty!","breadcrumb":{"@id":"https:\/\/plasmet.bochnia.pl\/ro\/produs\/covor-acustic-pentru-wc-in-picioare-agatat-de-perete\/#breadcrumb"},"inLanguage":"ro-RO","potentialAction":[{"@type":"ReadAction","target":["https:\/\/plasmet.bochnia.pl\/ro\/produs\/covor-acustic-pentru-wc-in-picioare-agatat-de-perete\/"]}]},{"@type":"ImageObject","inLanguage":"ro-RO","@id":"https:\/\/plasmet.bochnia.pl\/ro\/produs\/covor-acustic-pentru-wc-in-picioare-agatat-de-perete\/#primaryimage","url":"https:\/\/plasmet.bochnia.pl\/wp-content\/uploads\/2024\/10\/mata-akustyczna-do-wc-stojaca-wiszaca.jpg","contentUrl":"https:\/\/plasmet.bochnia.pl\/wp-content\/uploads\/2024\/10\/mata-akustyczna-do-wc-stojaca-wiszaca.jpg","width":800,"height":600},{"@type":"BreadcrumbList","@id":"https:\/\/plasmet.bochnia.pl\/ro\/produs\/covor-acustic-pentru-wc-in-picioare-agatat-de-perete\/#breadcrumb","itemListElement":[{"@type":"ListItem","position":1,"name":"Strona g\u0142\u00f3wna","item":"https:\/\/plasmet.bochnia.pl\/ro\/"},{"@type":"ListItem","position":2,"name":"Shop","item":"https:\/\/plasmet.bochnia.pl\/ro\/magazin\/"},{"@type":"ListItem","position":3,"name":"Covor acustic pentru WC \u00een picioare, ag\u0103\u021bat de perete"}]},{"@type":"WebSite","@id":"https:\/\/plasmet.bochnia.pl\/ro\/#website","url":"https:\/\/plasmet.bochnia.pl\/ro\/","name":"Plasmet","description":"Plasmet","publisher":{"@id":"https:\/\/plasmet.bochnia.pl\/ro\/#organization"},"alternateName":"Plasmet","potentialAction":[{"@type":"SearchAction","target":{"@type":"EntryPoint","urlTemplate":"https:\/\/plasmet.bochnia.pl\/ro\/?s={search_term_string}"},"query-input":{"@type":"PropertyValueSpecification","valueRequired":true,"valueName":"search_term_string"}}],"inLanguage":"ro-RO"},{"@type":"Organization","@id":"https:\/\/plasmet.bochnia.pl\/ro\/#organization","name":"Plasmet","url":"https:\/\/plasmet.bochnia.pl\/ro\/","logo":{"@type":"ImageObject","inLanguage":"ro-RO","@id":"https:\/\/plasmet.bochnia.pl\/ro\/#\/schema\/logo\/image\/","url":"https:\/\/plasmet.bochnia.pl\/wp-content\/uploads\/2024\/09\/logo-z-niebieskim.webp","contentUrl":"https:\/\/plasmet.bochnia.pl\/wp-content\/uploads\/2024\/09\/logo-z-niebieskim.webp","width":512,"height":141,"caption":"Plasmet"},"image":{"@id":"https:\/\/plasmet.bochnia.pl\/ro\/#\/schema\/logo\/image\/"}}]}},"taxonomy_info":{"product_cat":[{"value":747,"label":"Covora\u0219e acustice"},{"value":390,"label":"Garnituri \u0219i reduc\u021bii"}],"pa_kolor":[{"value":101,"label":"Alb"}]},"featured_image_src_large":["https:\/\/plasmet.bochnia.pl\/wp-content\/uploads\/2024\/10\/mata-akustyczna-do-wc-stojaca-wiszaca.jpg",800,600,false],"author_info":[],"comment_info":"","_links":{"self":[{"href":"https:\/\/plasmet.bochnia.pl\/ro\/wp-json\/wp\/v2\/product\/11524","targetHints":{"allow":["GET"]}}],"collection":[{"href":"https:\/\/plasmet.bochnia.pl\/ro\/wp-json\/wp\/v2\/product"}],"about":[{"href":"https:\/\/plasmet.bochnia.pl\/ro\/wp-json\/wp\/v2\/types\/product"}],"wp:featuredmedia":[{"embeddable":true,"href":"https:\/\/plasmet.bochnia.pl\/ro\/wp-json\/wp\/v2\/media\/6042"}],"wp:attachment":[{"href":"https:\/\/plasmet.bochnia.pl\/ro\/wp-json\/wp\/v2\/media?parent=11524"}],"wp:term":[{"taxonomy":"product_brand","embeddable":true,"href":"https:\/\/plasmet.bochnia.pl\/ro\/wp-json\/wp\/v2\/product_brand?post=11524"},{"taxonomy":"product_cat","embeddable":true,"href":"https:\/\/plasmet.bochnia.pl\/ro\/wp-json\/wp\/v2\/product_cat?post=11524"},{"taxonomy":"product_tag","embeddable":true,"href":"https:\/\/plasmet.bochnia.pl\/ro\/wp-json\/wp\/v2\/product_tag?post=11524"}],"curies":[{"name":"wp","href":"https:\/\/api.w.org\/{rel}","templated":true}]}}