{"id":11507,"date":"2024-10-21T11:17:47","date_gmt":"2024-10-21T09:17:47","guid":{"rendered":"https:\/\/plasmet.nospace.pl\/produkt\/capac-radiator-aluminiu-etansare-mamelon\/"},"modified":"2025-11-25T22:32:28","modified_gmt":"2025-11-25T21:32:28","slug":"capac-radiator-aluminiu-etansare-mamelon","status":"publish","type":"product","link":"https:\/\/plasmet.bochnia.pl\/ro\/produs\/capac-radiator-aluminiu-etansare-mamelon\/","title":{"rendered":"Capac radiator aluminiu \/ etan\u0219are mamelon"},"content":{"rendered":"<h2>Capac radiator aluminiu \/ etan\u0219are mamelon<\/h2>\n<p><strong>Garnitura de aluminiu pentru bu\u0219onul \/ racordul radiatorului<\/strong> este o component\u0103 cheie \u00een sistemele de \u00eenc\u0103lzire, asigur\u00e2nd o conexiune etan\u0219\u0103 \u00eentre aripioarele radiatorului \u0219i bu\u0219on \u0219i radiator, prevenind scurgerile. Garnitura este fabricat\u0103 dintr-un material flexibil \u0219i durabil care poate face fa\u021b\u0103 perfect temperaturilor \u0219i presiunilor ridicate \u00eent\u00e2lnite \u00een sistemele de \u00eenc\u0103lzire. <\/p>\n<h3>Avantajele garniturii din aluminiu a capacului radiatorului:<\/h3>\n<ul>\n<li>Rezisten\u021b\u0103 la temperaturi ridicate \u0219i presiune,<\/li>\n<li>Etan\u0219are ermetic\u0103 pentru a preveni scurgerile,<\/li>\n<li>Fabricat din fibr\u0103 durabil\u0103,<\/li>\n<li>Se potrive\u0219te majorit\u0103\u021bii radiatoarelor din aluminiu.<\/li>\n<\/ul>\n<p>Garnitura de etan\u0219are a radiatorului din aluminiu este o parte indispensabil\u0103 a oric\u0103rui sistem de \u00eenc\u0103lzire, care asigur\u0103 func\u021bionarea f\u0103r\u0103 probleme a radiatorului \u0219i previne scurgerile. Datorit\u0103 rezisten\u021bei sale la temperaturi ridicate, garnitura garanteaz\u0103 o utilizare de lung\u0103 durat\u0103 \u0219i este alegerea ideal\u0103 at\u00e2t pentru sistemele de \u00eenc\u0103lzire casnice, c\u00e2t \u0219i pentru cele industriale. <\/p>\n","protected":false},"excerpt":{"rendered":"<p><strong>Garnitura de etan\u0219are a radiatorului din aluminiu<\/strong> este o component\u0103 durabil\u0103 \u0219i fiabil\u0103 care asigur\u0103 etan\u0219eitatea interconexiunilor \u0219i termina\u021biilor radiatorului din aluminiu. Fabricat din fibr\u0103 durabil\u0103, garnitura este rezistent\u0103 la temperaturi ridicate pentru a asigura o performan\u021b\u0103 de lung\u0103 durat\u0103. <\/p>\n","protected":false},"featured_media":4145,"template":"","meta":{"_acf_changed":false,"_kad_blocks_custom_css":"","_kad_blocks_head_custom_js":"","_kad_blocks_body_custom_js":"","_kad_blocks_footer_custom_js":"","_kad_post_transparent":"","_kad_post_title":"","_kad_post_layout":"","_kad_post_sidebar_id":"","_kad_post_content_style":"","_kad_post_vertical_padding":"","_kad_post_feature":"","_kad_post_feature_position":"","_kad_post_header":false,"_kad_post_footer":false,"_kad_post_classname":""},"product_brand":[],"product_cat":[390,72],"product_tag":[],"class_list":{"0":"post-11507","1":"product","2":"type-product","3":"status-publish","4":"has-post-thumbnail","6":"product_cat-garnituri-si-reductii","7":"product_cat-garnituri","8":"pa_wersja-100mm-ro","9":"pa_wersja-15mm-ro","11":"first","12":"instock","13":"product-type-variable","14":"entry","15":"content-bg","16":"loop-entry"},"acf":[],"yoast_head":"<!-- This site is optimized with the Yoast SEO plugin v25.1 - https:\/\/yoast.com\/wordpress\/plugins\/seo\/ -->\n<title>Capac radiator aluminiu \/ etan\u0219are mamelon - Plasmet<\/title>\n<meta name=\"description\" content=\"Capac radiator aluminiu \/ etan\u0219are mamelon \u2013 producent i hurtownia Plasmet. Oferujemy wysok\u0105 jako\u015b\u0107, szeroki wyb\u00f3r i dobre ceny. Zapraszamy do sprawdzenia oferty!\" \/>\n<meta name=\"robots\" content=\"index, follow, max-snippet:-1, max-image-preview:large, max-video-preview:-1\" \/>\n<link rel=\"canonical\" href=\"https:\/\/plasmet.bochnia.pl\/ro\/produs\/capac-radiator-aluminiu-etansare-mamelon\/\" \/>\n<meta property=\"og:locale\" content=\"ro_RO\" \/>\n<meta property=\"og:type\" content=\"article\" \/>\n<meta property=\"og:title\" content=\"Capac radiator aluminiu \/ etan\u0219are mamelon - Plasmet\" \/>\n<meta property=\"og:description\" content=\"Capac radiator aluminiu \/ etan\u0219are mamelon \u2013 producent i hurtownia Plasmet. Oferujemy wysok\u0105 jako\u015b\u0107, szeroki wyb\u00f3r i dobre ceny. Zapraszamy do sprawdzenia oferty!\" \/>\n<meta property=\"og:url\" content=\"https:\/\/plasmet.bochnia.pl\/ro\/produs\/capac-radiator-aluminiu-etansare-mamelon\/\" \/>\n<meta property=\"og:site_name\" content=\"Plasmet\" \/>\n<meta property=\"article:modified_time\" content=\"2025-11-25T21:32:28+00:00\" \/>\n<meta property=\"og:image\" content=\"https:\/\/plasmet.bochnia.pl\/wp-content\/uploads\/2024\/10\/uszczelka-korka-grzejnika-aluminiowego-1-00mm.jpg\" \/>\n\t<meta property=\"og:image:width\" content=\"800\" \/>\n\t<meta property=\"og:image:height\" content=\"600\" \/>\n\t<meta property=\"og:image:type\" content=\"image\/jpeg\" \/>\n<meta name=\"twitter:card\" content=\"summary_large_image\" \/>\n<meta name=\"twitter:label1\" content=\"Timp estimat pentru citire\" \/>\n\t<meta name=\"twitter:data1\" content=\"1 minut\" \/>\n<script type=\"application\/ld+json\" class=\"yoast-schema-graph\">{\"@context\":\"https:\/\/schema.org\",\"@graph\":[{\"@type\":\"WebPage\",\"@id\":\"https:\/\/plasmet.bochnia.pl\/ro\/produs\/capac-radiator-aluminiu-etansare-mamelon\/\",\"url\":\"https:\/\/plasmet.bochnia.pl\/ro\/produs\/capac-radiator-aluminiu-etansare-mamelon\/\",\"name\":\"Capac radiator aluminiu \/ etan\u0219are mamelon - Plasmet\",\"isPartOf\":{\"@id\":\"https:\/\/plasmet.bochnia.pl\/ro\/#website\"},\"primaryImageOfPage\":{\"@id\":\"https:\/\/plasmet.bochnia.pl\/ro\/produs\/capac-radiator-aluminiu-etansare-mamelon\/#primaryimage\"},\"image\":{\"@id\":\"https:\/\/plasmet.bochnia.pl\/ro\/produs\/capac-radiator-aluminiu-etansare-mamelon\/#primaryimage\"},\"thumbnailUrl\":\"https:\/\/plasmet.bochnia.pl\/wp-content\/uploads\/2024\/10\/uszczelka-korka-grzejnika-aluminiowego-1-00mm.jpg\",\"datePublished\":\"2024-10-21T09:17:47+00:00\",\"dateModified\":\"2025-11-25T21:32:28+00:00\",\"description\":\"Capac radiator aluminiu \/ etan\u0219are mamelon \u2013 producent i hurtownia Plasmet. Oferujemy wysok\u0105 jako\u015b\u0107, szeroki wyb\u00f3r i dobre ceny. Zapraszamy do sprawdzenia oferty!\",\"breadcrumb\":{\"@id\":\"https:\/\/plasmet.bochnia.pl\/ro\/produs\/capac-radiator-aluminiu-etansare-mamelon\/#breadcrumb\"},\"inLanguage\":\"ro-RO\",\"potentialAction\":[{\"@type\":\"ReadAction\",\"target\":[\"https:\/\/plasmet.bochnia.pl\/ro\/produs\/capac-radiator-aluminiu-etansare-mamelon\/\"]}]},{\"@type\":\"ImageObject\",\"inLanguage\":\"ro-RO\",\"@id\":\"https:\/\/plasmet.bochnia.pl\/ro\/produs\/capac-radiator-aluminiu-etansare-mamelon\/#primaryimage\",\"url\":\"https:\/\/plasmet.bochnia.pl\/wp-content\/uploads\/2024\/10\/uszczelka-korka-grzejnika-aluminiowego-1-00mm.jpg\",\"contentUrl\":\"https:\/\/plasmet.bochnia.pl\/wp-content\/uploads\/2024\/10\/uszczelka-korka-grzejnika-aluminiowego-1-00mm.jpg\",\"width\":800,\"height\":600,\"caption\":\"Garnitura-cork-radiator din aluminiu-1-00mm\"},{\"@type\":\"BreadcrumbList\",\"@id\":\"https:\/\/plasmet.bochnia.pl\/ro\/produs\/capac-radiator-aluminiu-etansare-mamelon\/#breadcrumb\",\"itemListElement\":[{\"@type\":\"ListItem\",\"position\":1,\"name\":\"Strona g\u0142\u00f3wna\",\"item\":\"https:\/\/plasmet.bochnia.pl\/ro\/\"},{\"@type\":\"ListItem\",\"position\":2,\"name\":\"Shop\",\"item\":\"https:\/\/plasmet.bochnia.pl\/ro\/magazin\/\"},{\"@type\":\"ListItem\",\"position\":3,\"name\":\"Capac radiator aluminiu \/ etan\u0219are mamelon\"}]},{\"@type\":\"WebSite\",\"@id\":\"https:\/\/plasmet.bochnia.pl\/ro\/#website\",\"url\":\"https:\/\/plasmet.bochnia.pl\/ro\/\",\"name\":\"Plasmet\",\"description\":\"Plasmet\",\"publisher\":{\"@id\":\"https:\/\/plasmet.bochnia.pl\/ro\/#organization\"},\"alternateName\":\"Plasmet\",\"potentialAction\":[{\"@type\":\"SearchAction\",\"target\":{\"@type\":\"EntryPoint\",\"urlTemplate\":\"https:\/\/plasmet.bochnia.pl\/ro\/?s={search_term_string}\"},\"query-input\":{\"@type\":\"PropertyValueSpecification\",\"valueRequired\":true,\"valueName\":\"search_term_string\"}}],\"inLanguage\":\"ro-RO\"},{\"@type\":\"Organization\",\"@id\":\"https:\/\/plasmet.bochnia.pl\/ro\/#organization\",\"name\":\"Plasmet\",\"url\":\"https:\/\/plasmet.bochnia.pl\/ro\/\",\"logo\":{\"@type\":\"ImageObject\",\"inLanguage\":\"ro-RO\",\"@id\":\"https:\/\/plasmet.bochnia.pl\/ro\/#\/schema\/logo\/image\/\",\"url\":\"https:\/\/plasmet.bochnia.pl\/wp-content\/uploads\/2024\/09\/logo-z-niebieskim.webp\",\"contentUrl\":\"https:\/\/plasmet.bochnia.pl\/wp-content\/uploads\/2024\/09\/logo-z-niebieskim.webp\",\"width\":512,\"height\":141,\"caption\":\"Plasmet\"},\"image\":{\"@id\":\"https:\/\/plasmet.bochnia.pl\/ro\/#\/schema\/logo\/image\/\"}}]}<\/script>\n<!-- \/ Yoast SEO plugin. -->","yoast_head_json":{"title":"Capac radiator aluminiu \/ etan\u0219are mamelon - Plasmet","description":"Capac radiator aluminiu \/ etan\u0219are mamelon \u2013 producent i hurtownia Plasmet. Oferujemy wysok\u0105 jako\u015b\u0107, szeroki wyb\u00f3r i dobre ceny. Zapraszamy do sprawdzenia oferty!","robots":{"index":"index","follow":"follow","max-snippet":"max-snippet:-1","max-image-preview":"max-image-preview:large","max-video-preview":"max-video-preview:-1"},"canonical":"https:\/\/plasmet.bochnia.pl\/ro\/produs\/capac-radiator-aluminiu-etansare-mamelon\/","og_locale":"ro_RO","og_type":"article","og_title":"Capac radiator aluminiu \/ etan\u0219are mamelon - Plasmet","og_description":"Capac radiator aluminiu \/ etan\u0219are mamelon \u2013 producent i hurtownia Plasmet. Oferujemy wysok\u0105 jako\u015b\u0107, szeroki wyb\u00f3r i dobre ceny. Zapraszamy do sprawdzenia oferty!","og_url":"https:\/\/plasmet.bochnia.pl\/ro\/produs\/capac-radiator-aluminiu-etansare-mamelon\/","og_site_name":"Plasmet","article_modified_time":"2025-11-25T21:32:28+00:00","og_image":[{"width":800,"height":600,"url":"https:\/\/plasmet.bochnia.pl\/wp-content\/uploads\/2024\/10\/uszczelka-korka-grzejnika-aluminiowego-1-00mm.jpg","type":"image\/jpeg"}],"twitter_card":"summary_large_image","twitter_misc":{"Timp estimat pentru citire":"1 minut"},"schema":{"@context":"https:\/\/schema.org","@graph":[{"@type":"WebPage","@id":"https:\/\/plasmet.bochnia.pl\/ro\/produs\/capac-radiator-aluminiu-etansare-mamelon\/","url":"https:\/\/plasmet.bochnia.pl\/ro\/produs\/capac-radiator-aluminiu-etansare-mamelon\/","name":"Capac radiator aluminiu \/ etan\u0219are mamelon - Plasmet","isPartOf":{"@id":"https:\/\/plasmet.bochnia.pl\/ro\/#website"},"primaryImageOfPage":{"@id":"https:\/\/plasmet.bochnia.pl\/ro\/produs\/capac-radiator-aluminiu-etansare-mamelon\/#primaryimage"},"image":{"@id":"https:\/\/plasmet.bochnia.pl\/ro\/produs\/capac-radiator-aluminiu-etansare-mamelon\/#primaryimage"},"thumbnailUrl":"https:\/\/plasmet.bochnia.pl\/wp-content\/uploads\/2024\/10\/uszczelka-korka-grzejnika-aluminiowego-1-00mm.jpg","datePublished":"2024-10-21T09:17:47+00:00","dateModified":"2025-11-25T21:32:28+00:00","description":"Capac radiator aluminiu \/ etan\u0219are mamelon \u2013 producent i hurtownia Plasmet. Oferujemy wysok\u0105 jako\u015b\u0107, szeroki wyb\u00f3r i dobre ceny. Zapraszamy do sprawdzenia oferty!","breadcrumb":{"@id":"https:\/\/plasmet.bochnia.pl\/ro\/produs\/capac-radiator-aluminiu-etansare-mamelon\/#breadcrumb"},"inLanguage":"ro-RO","potentialAction":[{"@type":"ReadAction","target":["https:\/\/plasmet.bochnia.pl\/ro\/produs\/capac-radiator-aluminiu-etansare-mamelon\/"]}]},{"@type":"ImageObject","inLanguage":"ro-RO","@id":"https:\/\/plasmet.bochnia.pl\/ro\/produs\/capac-radiator-aluminiu-etansare-mamelon\/#primaryimage","url":"https:\/\/plasmet.bochnia.pl\/wp-content\/uploads\/2024\/10\/uszczelka-korka-grzejnika-aluminiowego-1-00mm.jpg","contentUrl":"https:\/\/plasmet.bochnia.pl\/wp-content\/uploads\/2024\/10\/uszczelka-korka-grzejnika-aluminiowego-1-00mm.jpg","width":800,"height":600,"caption":"Garnitura-cork-radiator din aluminiu-1-00mm"},{"@type":"BreadcrumbList","@id":"https:\/\/plasmet.bochnia.pl\/ro\/produs\/capac-radiator-aluminiu-etansare-mamelon\/#breadcrumb","itemListElement":[{"@type":"ListItem","position":1,"name":"Strona g\u0142\u00f3wna","item":"https:\/\/plasmet.bochnia.pl\/ro\/"},{"@type":"ListItem","position":2,"name":"Shop","item":"https:\/\/plasmet.bochnia.pl\/ro\/magazin\/"},{"@type":"ListItem","position":3,"name":"Capac radiator aluminiu \/ etan\u0219are mamelon"}]},{"@type":"WebSite","@id":"https:\/\/plasmet.bochnia.pl\/ro\/#website","url":"https:\/\/plasmet.bochnia.pl\/ro\/","name":"Plasmet","description":"Plasmet","publisher":{"@id":"https:\/\/plasmet.bochnia.pl\/ro\/#organization"},"alternateName":"Plasmet","potentialAction":[{"@type":"SearchAction","target":{"@type":"EntryPoint","urlTemplate":"https:\/\/plasmet.bochnia.pl\/ro\/?s={search_term_string}"},"query-input":{"@type":"PropertyValueSpecification","valueRequired":true,"valueName":"search_term_string"}}],"inLanguage":"ro-RO"},{"@type":"Organization","@id":"https:\/\/plasmet.bochnia.pl\/ro\/#organization","name":"Plasmet","url":"https:\/\/plasmet.bochnia.pl\/ro\/","logo":{"@type":"ImageObject","inLanguage":"ro-RO","@id":"https:\/\/plasmet.bochnia.pl\/ro\/#\/schema\/logo\/image\/","url":"https:\/\/plasmet.bochnia.pl\/wp-content\/uploads\/2024\/09\/logo-z-niebieskim.webp","contentUrl":"https:\/\/plasmet.bochnia.pl\/wp-content\/uploads\/2024\/09\/logo-z-niebieskim.webp","width":512,"height":141,"caption":"Plasmet"},"image":{"@id":"https:\/\/plasmet.bochnia.pl\/ro\/#\/schema\/logo\/image\/"}}]}},"taxonomy_info":{"product_cat":[{"value":390,"label":"Garnituri \u0219i reduc\u021bii"},{"value":72,"label":"Garnituri"}],"pa_wersja":[{"value":186,"label":"1,00mm"},{"value":190,"label":"1,5mm"}]},"featured_image_src_large":["https:\/\/plasmet.bochnia.pl\/wp-content\/uploads\/2024\/10\/uszczelka-korka-grzejnika-aluminiowego-1-00mm.jpg",800,600,false],"author_info":[],"comment_info":"","_links":{"self":[{"href":"https:\/\/plasmet.bochnia.pl\/ro\/wp-json\/wp\/v2\/product\/11507","targetHints":{"allow":["GET"]}}],"collection":[{"href":"https:\/\/plasmet.bochnia.pl\/ro\/wp-json\/wp\/v2\/product"}],"about":[{"href":"https:\/\/plasmet.bochnia.pl\/ro\/wp-json\/wp\/v2\/types\/product"}],"wp:featuredmedia":[{"embeddable":true,"href":"https:\/\/plasmet.bochnia.pl\/ro\/wp-json\/wp\/v2\/media\/4145"}],"wp:attachment":[{"href":"https:\/\/plasmet.bochnia.pl\/ro\/wp-json\/wp\/v2\/media?parent=11507"}],"wp:term":[{"taxonomy":"product_brand","embeddable":true,"href":"https:\/\/plasmet.bochnia.pl\/ro\/wp-json\/wp\/v2\/product_brand?post=11507"},{"taxonomy":"product_cat","embeddable":true,"href":"https:\/\/plasmet.bochnia.pl\/ro\/wp-json\/wp\/v2\/product_cat?post=11507"},{"taxonomy":"product_tag","embeddable":true,"href":"https:\/\/plasmet.bochnia.pl\/ro\/wp-json\/wp\/v2\/product_tag?post=11507"}],"curies":[{"name":"wp","href":"https:\/\/api.w.org\/{rel}","templated":true}]}}