{"id":11451,"date":"2024-10-21T11:17:57","date_gmt":"2024-10-21T09:17:57","guid":{"rendered":"https:\/\/plasmet.nospace.pl\/produkt\/garnitura-ciuperca\/"},"modified":"2025-11-25T22:32:24","modified_gmt":"2025-11-25T21:32:24","slug":"garnitura-ciuperca","status":"publish","type":"product","link":"https:\/\/plasmet.bochnia.pl\/ro\/produs\/garnitura-ciuperca\/","title":{"rendered":"Garnitura ciuperc\u0103"},"content":{"rendered":"<h2>garnitur\u0103 pentru dopuri de 1\/2&#8243; \u0219i 3\/4&#8243; &#8211; cauciuc \u0219i silicon<\/h2>\n<p><strong>Garnitura bu\u0219onului<\/strong> este un element cheie de etan\u0219are care este utilizat \u00een sistemele de ap\u0103 \u0219i \u00eenc\u0103lzire. Fabricat din materiale robuste \u0219i disponibil \u00een versiuni din cauciuc \u0219i silicon, garnitura asigur\u0103 o etan\u0219are excelent\u0103, rezisten\u021b\u0103 la ap\u0103 \u0219i presiune ridicat\u0103. Datorit\u0103 flexibilit\u0103\u021bii sale, se adapteaz\u0103 perfect la suprafa\u021b\u0103, minimiz\u00e2nd riscul de scurgeri.  <\/p>\n<h3>Variante disponibile:<\/h3>\n<ul>\n<li>1\/2&#8243; garnitur\u0103 dop de cauciuc,<\/li>\n<li>1\/2&#8243; garnitur\u0103 cu dop de silicon,<\/li>\n<li>3\/4&#8243; garnitura dopului de cauciuc,<\/li>\n<li>Garnitur\u0103 cu dop de silicon de 3\/4&#8243;.<\/li>\n<\/ul>\n<h3>Principalele beneficii:<\/h3>\n<ul>\n<li>Rezisten\u021b\u0103 la presiune \u0219i temperaturi ridicate,<\/li>\n<li>Durabilitate \u0219i flexibilitate pentru o potrivire perfect\u0103,<\/li>\n<li>Disponibil \u00een versiuni din cauciuc \u0219i silicon pentru a se potrivi diferitelor condi\u021bii de lucru,<\/li>\n<li>Dimensiunile de 1\/2&#8243; \u0219i 3\/4&#8243; permit o gam\u0103 larg\u0103 de aplica\u021bii \u00een instala\u021bii.<\/li>\n<\/ul>\n<p>Garnitura de dop este o component\u0103 esen\u021bial\u0103 a oric\u0103rui sistem de instala\u021bii sanitare \u0219i de \u00eenc\u0103lzire, garant\u00e2nd conexiuni durabile, f\u0103r\u0103 scurgeri \u0219i f\u0103r\u0103 probleme. Versiunile din cauciuc \u0219i silicon ofer\u0103 flexibilitate pentru a se potrivi nevoilor specifice de instalare, at\u00e2t \u00een locuin\u021be, c\u00e2t \u0219i \u00een aplica\u021bii industriale. <\/p>\n","protected":false},"excerpt":{"rendered":"<p><strong>Garnitura de dop<\/strong>, disponibil\u0103 \u00een versiuni din cauciuc \u0219i silicon, este un element de etan\u0219are fiabil utilizat \u00een instala\u021biile de ap\u0103 \u0219i \u00eenc\u0103lzire. Ofer\u0103 conexiuni durabile \u0219i etan\u0219e, rezistente la ap\u0103 \u0219i presiune ridicat\u0103. Disponibil \u00een dimensiuni de 1\/2&#8243; \u0219i 3\/4&#8243;.  <\/p>\n","protected":false},"featured_media":4253,"template":"","meta":{"_acf_changed":false,"_kad_blocks_custom_css":"","_kad_blocks_head_custom_js":"","_kad_blocks_body_custom_js":"","_kad_blocks_footer_custom_js":"","_kad_post_transparent":"","_kad_post_title":"","_kad_post_layout":"","_kad_post_sidebar_id":"","_kad_post_content_style":"","_kad_post_vertical_padding":"","_kad_post_feature":"","_kad_post_feature_position":"","_kad_post_header":false,"_kad_post_footer":false,"_kad_post_classname":""},"product_brand":[],"product_cat":[390,72],"product_tag":[],"class_list":{"0":"post-11451","1":"product","2":"type-product","3":"status-publish","4":"has-post-thumbnail","6":"product_cat-garnituri-si-reductii","7":"product_cat-garnituri","8":"pa_wersja-1-2-cauciuc","9":"pa_wersja-1-2-silicon","10":"pa_wersja-3-4-cauciuc","11":"pa_wersja-3-4-silicon","13":"first","14":"instock","15":"product-type-variable","16":"entry","17":"content-bg","18":"loop-entry"},"acf":[],"yoast_head":"<!-- This site is optimized with the Yoast SEO plugin v25.1 - https:\/\/yoast.com\/wordpress\/plugins\/seo\/ -->\n<title>Garnitura ciuperc\u0103 - Plasmet<\/title>\n<meta name=\"description\" content=\"Garnitura ciuperc\u0103 \u2013 producent i hurtownia Plasmet. Oferujemy wysok\u0105 jako\u015b\u0107, szeroki wyb\u00f3r i dobre ceny. Zapraszamy do sprawdzenia oferty!\" \/>\n<meta name=\"robots\" content=\"index, follow, max-snippet:-1, max-image-preview:large, max-video-preview:-1\" \/>\n<link rel=\"canonical\" href=\"https:\/\/plasmet.bochnia.pl\/ro\/produs\/garnitura-ciuperca\/\" \/>\n<meta property=\"og:locale\" content=\"ro_RO\" \/>\n<meta property=\"og:type\" content=\"article\" \/>\n<meta property=\"og:title\" content=\"Garnitura ciuperc\u0103 - Plasmet\" \/>\n<meta property=\"og:description\" content=\"Garnitura ciuperc\u0103 \u2013 producent i hurtownia Plasmet. Oferujemy wysok\u0105 jako\u015b\u0107, szeroki wyb\u00f3r i dobre ceny. Zapraszamy do sprawdzenia oferty!\" \/>\n<meta property=\"og:url\" content=\"https:\/\/plasmet.bochnia.pl\/ro\/produs\/garnitura-ciuperca\/\" \/>\n<meta property=\"og:site_name\" content=\"Plasmet\" \/>\n<meta property=\"article:modified_time\" content=\"2025-11-25T21:32:24+00:00\" \/>\n<meta property=\"og:image\" content=\"https:\/\/plasmet.bochnia.pl\/wp-content\/uploads\/2024\/10\/uszczelka-grzybka-1-2-gumowa.jpg\" \/>\n\t<meta property=\"og:image:width\" content=\"800\" \/>\n\t<meta property=\"og:image:height\" content=\"600\" \/>\n\t<meta property=\"og:image:type\" content=\"image\/jpeg\" \/>\n<meta name=\"twitter:card\" content=\"summary_large_image\" \/>\n<meta name=\"twitter:label1\" content=\"Timp estimat pentru citire\" \/>\n\t<meta name=\"twitter:data1\" content=\"1 minut\" \/>\n<script type=\"application\/ld+json\" class=\"yoast-schema-graph\">{\"@context\":\"https:\/\/schema.org\",\"@graph\":[{\"@type\":\"WebPage\",\"@id\":\"https:\/\/plasmet.bochnia.pl\/ro\/produs\/garnitura-ciuperca\/\",\"url\":\"https:\/\/plasmet.bochnia.pl\/ro\/produs\/garnitura-ciuperca\/\",\"name\":\"Garnitura ciuperc\u0103 - Plasmet\",\"isPartOf\":{\"@id\":\"https:\/\/plasmet.bochnia.pl\/ro\/#website\"},\"primaryImageOfPage\":{\"@id\":\"https:\/\/plasmet.bochnia.pl\/ro\/produs\/garnitura-ciuperca\/#primaryimage\"},\"image\":{\"@id\":\"https:\/\/plasmet.bochnia.pl\/ro\/produs\/garnitura-ciuperca\/#primaryimage\"},\"thumbnailUrl\":\"https:\/\/plasmet.bochnia.pl\/wp-content\/uploads\/2024\/10\/uszczelka-grzybka-1-2-gumowa.jpg\",\"datePublished\":\"2024-10-21T09:17:57+00:00\",\"dateModified\":\"2025-11-25T21:32:24+00:00\",\"description\":\"Garnitura ciuperc\u0103 \u2013 producent i hurtownia Plasmet. Oferujemy wysok\u0105 jako\u015b\u0107, szeroki wyb\u00f3r i dobre ceny. Zapraszamy do sprawdzenia oferty!\",\"breadcrumb\":{\"@id\":\"https:\/\/plasmet.bochnia.pl\/ro\/produs\/garnitura-ciuperca\/#breadcrumb\"},\"inLanguage\":\"ro-RO\",\"potentialAction\":[{\"@type\":\"ReadAction\",\"target\":[\"https:\/\/plasmet.bochnia.pl\/ro\/produs\/garnitura-ciuperca\/\"]}]},{\"@type\":\"ImageObject\",\"inLanguage\":\"ro-RO\",\"@id\":\"https:\/\/plasmet.bochnia.pl\/ro\/produs\/garnitura-ciuperca\/#primaryimage\",\"url\":\"https:\/\/plasmet.bochnia.pl\/wp-content\/uploads\/2024\/10\/uszczelka-grzybka-1-2-gumowa.jpg\",\"contentUrl\":\"https:\/\/plasmet.bochnia.pl\/wp-content\/uploads\/2024\/10\/uszczelka-grzybka-1-2-gumowa.jpg\",\"width\":800,\"height\":600,\"caption\":\"garnitur\u0103-glide-1-2- cauciuc\"},{\"@type\":\"BreadcrumbList\",\"@id\":\"https:\/\/plasmet.bochnia.pl\/ro\/produs\/garnitura-ciuperca\/#breadcrumb\",\"itemListElement\":[{\"@type\":\"ListItem\",\"position\":1,\"name\":\"Strona g\u0142\u00f3wna\",\"item\":\"https:\/\/plasmet.bochnia.pl\/ro\/\"},{\"@type\":\"ListItem\",\"position\":2,\"name\":\"Shop\",\"item\":\"https:\/\/plasmet.bochnia.pl\/ro\/magazin\/\"},{\"@type\":\"ListItem\",\"position\":3,\"name\":\"Garnitura ciuperc\u0103\"}]},{\"@type\":\"WebSite\",\"@id\":\"https:\/\/plasmet.bochnia.pl\/ro\/#website\",\"url\":\"https:\/\/plasmet.bochnia.pl\/ro\/\",\"name\":\"Plasmet\",\"description\":\"Plasmet\",\"publisher\":{\"@id\":\"https:\/\/plasmet.bochnia.pl\/ro\/#organization\"},\"alternateName\":\"Plasmet\",\"potentialAction\":[{\"@type\":\"SearchAction\",\"target\":{\"@type\":\"EntryPoint\",\"urlTemplate\":\"https:\/\/plasmet.bochnia.pl\/ro\/?s={search_term_string}\"},\"query-input\":{\"@type\":\"PropertyValueSpecification\",\"valueRequired\":true,\"valueName\":\"search_term_string\"}}],\"inLanguage\":\"ro-RO\"},{\"@type\":\"Organization\",\"@id\":\"https:\/\/plasmet.bochnia.pl\/ro\/#organization\",\"name\":\"Plasmet\",\"url\":\"https:\/\/plasmet.bochnia.pl\/ro\/\",\"logo\":{\"@type\":\"ImageObject\",\"inLanguage\":\"ro-RO\",\"@id\":\"https:\/\/plasmet.bochnia.pl\/ro\/#\/schema\/logo\/image\/\",\"url\":\"https:\/\/plasmet.bochnia.pl\/wp-content\/uploads\/2024\/09\/logo-z-niebieskim.webp\",\"contentUrl\":\"https:\/\/plasmet.bochnia.pl\/wp-content\/uploads\/2024\/09\/logo-z-niebieskim.webp\",\"width\":512,\"height\":141,\"caption\":\"Plasmet\"},\"image\":{\"@id\":\"https:\/\/plasmet.bochnia.pl\/ro\/#\/schema\/logo\/image\/\"}}]}<\/script>\n<!-- \/ Yoast SEO plugin. -->","yoast_head_json":{"title":"Garnitura ciuperc\u0103 - Plasmet","description":"Garnitura ciuperc\u0103 \u2013 producent i hurtownia Plasmet. Oferujemy wysok\u0105 jako\u015b\u0107, szeroki wyb\u00f3r i dobre ceny. Zapraszamy do sprawdzenia oferty!","robots":{"index":"index","follow":"follow","max-snippet":"max-snippet:-1","max-image-preview":"max-image-preview:large","max-video-preview":"max-video-preview:-1"},"canonical":"https:\/\/plasmet.bochnia.pl\/ro\/produs\/garnitura-ciuperca\/","og_locale":"ro_RO","og_type":"article","og_title":"Garnitura ciuperc\u0103 - Plasmet","og_description":"Garnitura ciuperc\u0103 \u2013 producent i hurtownia Plasmet. Oferujemy wysok\u0105 jako\u015b\u0107, szeroki wyb\u00f3r i dobre ceny. Zapraszamy do sprawdzenia oferty!","og_url":"https:\/\/plasmet.bochnia.pl\/ro\/produs\/garnitura-ciuperca\/","og_site_name":"Plasmet","article_modified_time":"2025-11-25T21:32:24+00:00","og_image":[{"width":800,"height":600,"url":"https:\/\/plasmet.bochnia.pl\/wp-content\/uploads\/2024\/10\/uszczelka-grzybka-1-2-gumowa.jpg","type":"image\/jpeg"}],"twitter_card":"summary_large_image","twitter_misc":{"Timp estimat pentru citire":"1 minut"},"schema":{"@context":"https:\/\/schema.org","@graph":[{"@type":"WebPage","@id":"https:\/\/plasmet.bochnia.pl\/ro\/produs\/garnitura-ciuperca\/","url":"https:\/\/plasmet.bochnia.pl\/ro\/produs\/garnitura-ciuperca\/","name":"Garnitura ciuperc\u0103 - Plasmet","isPartOf":{"@id":"https:\/\/plasmet.bochnia.pl\/ro\/#website"},"primaryImageOfPage":{"@id":"https:\/\/plasmet.bochnia.pl\/ro\/produs\/garnitura-ciuperca\/#primaryimage"},"image":{"@id":"https:\/\/plasmet.bochnia.pl\/ro\/produs\/garnitura-ciuperca\/#primaryimage"},"thumbnailUrl":"https:\/\/plasmet.bochnia.pl\/wp-content\/uploads\/2024\/10\/uszczelka-grzybka-1-2-gumowa.jpg","datePublished":"2024-10-21T09:17:57+00:00","dateModified":"2025-11-25T21:32:24+00:00","description":"Garnitura ciuperc\u0103 \u2013 producent i hurtownia Plasmet. Oferujemy wysok\u0105 jako\u015b\u0107, szeroki wyb\u00f3r i dobre ceny. Zapraszamy do sprawdzenia oferty!","breadcrumb":{"@id":"https:\/\/plasmet.bochnia.pl\/ro\/produs\/garnitura-ciuperca\/#breadcrumb"},"inLanguage":"ro-RO","potentialAction":[{"@type":"ReadAction","target":["https:\/\/plasmet.bochnia.pl\/ro\/produs\/garnitura-ciuperca\/"]}]},{"@type":"ImageObject","inLanguage":"ro-RO","@id":"https:\/\/plasmet.bochnia.pl\/ro\/produs\/garnitura-ciuperca\/#primaryimage","url":"https:\/\/plasmet.bochnia.pl\/wp-content\/uploads\/2024\/10\/uszczelka-grzybka-1-2-gumowa.jpg","contentUrl":"https:\/\/plasmet.bochnia.pl\/wp-content\/uploads\/2024\/10\/uszczelka-grzybka-1-2-gumowa.jpg","width":800,"height":600,"caption":"garnitur\u0103-glide-1-2- cauciuc"},{"@type":"BreadcrumbList","@id":"https:\/\/plasmet.bochnia.pl\/ro\/produs\/garnitura-ciuperca\/#breadcrumb","itemListElement":[{"@type":"ListItem","position":1,"name":"Strona g\u0142\u00f3wna","item":"https:\/\/plasmet.bochnia.pl\/ro\/"},{"@type":"ListItem","position":2,"name":"Shop","item":"https:\/\/plasmet.bochnia.pl\/ro\/magazin\/"},{"@type":"ListItem","position":3,"name":"Garnitura ciuperc\u0103"}]},{"@type":"WebSite","@id":"https:\/\/plasmet.bochnia.pl\/ro\/#website","url":"https:\/\/plasmet.bochnia.pl\/ro\/","name":"Plasmet","description":"Plasmet","publisher":{"@id":"https:\/\/plasmet.bochnia.pl\/ro\/#organization"},"alternateName":"Plasmet","potentialAction":[{"@type":"SearchAction","target":{"@type":"EntryPoint","urlTemplate":"https:\/\/plasmet.bochnia.pl\/ro\/?s={search_term_string}"},"query-input":{"@type":"PropertyValueSpecification","valueRequired":true,"valueName":"search_term_string"}}],"inLanguage":"ro-RO"},{"@type":"Organization","@id":"https:\/\/plasmet.bochnia.pl\/ro\/#organization","name":"Plasmet","url":"https:\/\/plasmet.bochnia.pl\/ro\/","logo":{"@type":"ImageObject","inLanguage":"ro-RO","@id":"https:\/\/plasmet.bochnia.pl\/ro\/#\/schema\/logo\/image\/","url":"https:\/\/plasmet.bochnia.pl\/wp-content\/uploads\/2024\/09\/logo-z-niebieskim.webp","contentUrl":"https:\/\/plasmet.bochnia.pl\/wp-content\/uploads\/2024\/09\/logo-z-niebieskim.webp","width":512,"height":141,"caption":"Plasmet"},"image":{"@id":"https:\/\/plasmet.bochnia.pl\/ro\/#\/schema\/logo\/image\/"}}]}},"taxonomy_info":{"product_cat":[{"value":390,"label":"Garnituri \u0219i reduc\u021bii"},{"value":72,"label":"Garnituri"}],"pa_wersja":[{"value":219,"label":"1\/2 cauciuc"},{"value":222,"label":"1\/2 silicon"},{"value":228,"label":"3\/4 cauciuc"},{"value":231,"label":"3\/4 silicon"}]},"featured_image_src_large":["https:\/\/plasmet.bochnia.pl\/wp-content\/uploads\/2024\/10\/uszczelka-grzybka-1-2-gumowa.jpg",800,600,false],"author_info":[],"comment_info":"","_links":{"self":[{"href":"https:\/\/plasmet.bochnia.pl\/ro\/wp-json\/wp\/v2\/product\/11451","targetHints":{"allow":["GET"]}}],"collection":[{"href":"https:\/\/plasmet.bochnia.pl\/ro\/wp-json\/wp\/v2\/product"}],"about":[{"href":"https:\/\/plasmet.bochnia.pl\/ro\/wp-json\/wp\/v2\/types\/product"}],"wp:featuredmedia":[{"embeddable":true,"href":"https:\/\/plasmet.bochnia.pl\/ro\/wp-json\/wp\/v2\/media\/4253"}],"wp:attachment":[{"href":"https:\/\/plasmet.bochnia.pl\/ro\/wp-json\/wp\/v2\/media?parent=11451"}],"wp:term":[{"taxonomy":"product_brand","embeddable":true,"href":"https:\/\/plasmet.bochnia.pl\/ro\/wp-json\/wp\/v2\/product_brand?post=11451"},{"taxonomy":"product_cat","embeddable":true,"href":"https:\/\/plasmet.bochnia.pl\/ro\/wp-json\/wp\/v2\/product_cat?post=11451"},{"taxonomy":"product_tag","embeddable":true,"href":"https:\/\/plasmet.bochnia.pl\/ro\/wp-json\/wp\/v2\/product_tag?post=11451"}],"curies":[{"name":"wp","href":"https:\/\/api.w.org\/{rel}","templated":true}]}}