{"id":11391,"date":"2024-10-21T11:18:04","date_gmt":"2024-10-21T09:18:04","guid":{"rendered":"https:\/\/plasmet.nospace.pl\/produkt\/kit-de-reparare-a-chiuvetei-inferioare-tip-vechi\/"},"modified":"2025-11-25T22:29:53","modified_gmt":"2025-11-25T21:29:53","slug":"kit-de-reparare-a-chiuvetei-inferioare-tip-vechi","status":"publish","type":"product","link":"https:\/\/plasmet.bochnia.pl\/ro\/produs\/kit-de-reparare-a-chiuvetei-inferioare-tip-vechi\/","title":{"rendered":"Kit de reparare a chiuvetei inferioare Tip vechi"},"content":{"rendered":"<h2>Kit de reparare a chiuvetei inferioare &#8211; Tip vechi<\/h2>\n<p><strong>Kitul de repara\u021bii pentru sp\u0103l\u0103torul de fund de tip vechi<\/strong> este un kit care v\u0103 permite s\u0103 repara\u021bi u\u0219or \u0219i eficient modelele mai vechi de sp\u0103l\u0103tor de fund. Acesta con\u021bine toate componentele necesare pentru eliminarea scurgerilor \u0219i restabilirea func\u021bionalit\u0103\u021bii complete a sistemului de sp\u0103lare. Datorit\u0103 pieselor de \u00eenalt\u0103 calitate, asigur\u0103 func\u021bionarea de lung\u0103 durat\u0103 \u0219i f\u0103r\u0103 probleme a rezervorului.  <\/p>\n<h3>Principalele beneficii ale produsului:<\/h3>\n<ul>\n<li>Kit complet de repara\u021bii pentru sp\u0103l\u0103toarele inferioare mai vechi,<\/li>\n<li>U\u0219or de instalat,<\/li>\n<li>Asigur\u0103 etan\u0219eitatea complet\u0103 \u0219i func\u021bionarea corect\u0103 a cisternei.<\/li>\n<\/ul>\n<p>Kitul de repara\u021bii pentru sistemele de sp\u0103lare de jos de tip vechi este solu\u021bia ideal\u0103 pentru cei care doresc s\u0103 restabileasc\u0103 performan\u021ba sistemelor de sp\u0103lare mai vechi, elimin\u00e2nd scurgerile \u0219i asigur\u00e2nd o performan\u021b\u0103 de lung\u0103 durat\u0103.<\/p>\n","protected":false},"excerpt":{"rendered":"<p><strong>Kitul de repara\u021bii pentru sp\u0103l\u0103tor de fund de tip vechi<\/strong> este un kit de piese conceput pentru repararea eficient\u0103 a modelelor mai vechi cu sp\u0103l\u0103tor de fund. Acesta con\u021bine toate componentele necesare pentru a restabili func\u021bionarea corect\u0103 a rezervorului \u0219i pentru a asigura etan\u0219eitatea conexiunilor. <\/p>\n","protected":false},"featured_media":4313,"template":"","meta":{"_acf_changed":false,"_kad_blocks_custom_css":"","_kad_blocks_head_custom_js":"","_kad_blocks_body_custom_js":"","_kad_blocks_footer_custom_js":"","_kad_post_transparent":"","_kad_post_title":"","_kad_post_layout":"","_kad_post_sidebar_id":"","_kad_post_content_style":"","_kad_post_vertical_padding":"","_kad_post_feature":"","_kad_post_feature_position":"","_kad_post_header":false,"_kad_post_footer":false,"_kad_post_classname":""},"product_brand":[],"product_cat":[390,72],"product_tag":[],"class_list":{"0":"post-11391","1":"product","2":"type-product","3":"status-publish","4":"has-post-thumbnail","6":"product_cat-garnituri-si-reductii","7":"product_cat-garnituri","8":"pa_kolor-negru","10":"first","11":"instock","12":"product-type-variable","13":"entry","14":"content-bg","15":"loop-entry"},"acf":[],"yoast_head":"<!-- This site is optimized with the Yoast SEO plugin v25.1 - https:\/\/yoast.com\/wordpress\/plugins\/seo\/ -->\n<title>Kit de reparare a chiuvetei inferioare Tip vechi - Plasmet<\/title>\n<meta name=\"description\" content=\"Kit de reparare a chiuvetei inferioare Tip vechi \u2013 producent i hurtownia Plasmet. Oferujemy wysok\u0105 jako\u015b\u0107, szeroki wyb\u00f3r i dobre ceny. Zapraszamy do sprawdzenia oferty!\" \/>\n<meta name=\"robots\" content=\"index, follow, max-snippet:-1, max-image-preview:large, max-video-preview:-1\" \/>\n<link rel=\"canonical\" href=\"https:\/\/plasmet.bochnia.pl\/ro\/produs\/kit-de-reparare-a-chiuvetei-inferioare-tip-vechi\/\" \/>\n<meta property=\"og:locale\" content=\"ro_RO\" \/>\n<meta property=\"og:type\" content=\"article\" \/>\n<meta property=\"og:title\" content=\"Kit de reparare a chiuvetei inferioare Tip vechi - Plasmet\" \/>\n<meta property=\"og:description\" content=\"Kit de reparare a chiuvetei inferioare Tip vechi \u2013 producent i hurtownia Plasmet. Oferujemy wysok\u0105 jako\u015b\u0107, szeroki wyb\u00f3r i dobre ceny. Zapraszamy do sprawdzenia oferty!\" \/>\n<meta property=\"og:url\" content=\"https:\/\/plasmet.bochnia.pl\/ro\/produs\/kit-de-reparare-a-chiuvetei-inferioare-tip-vechi\/\" \/>\n<meta property=\"og:site_name\" content=\"Plasmet\" \/>\n<meta property=\"article:modified_time\" content=\"2025-11-25T21:29:53+00:00\" \/>\n<meta property=\"og:image\" content=\"https:\/\/plasmet.bochnia.pl\/wp-content\/uploads\/2024\/10\/komplet-naprawczy-dolnopluka-stary-typ.jpg\" \/>\n\t<meta property=\"og:image:width\" content=\"800\" \/>\n\t<meta property=\"og:image:height\" content=\"600\" \/>\n\t<meta property=\"og:image:type\" content=\"image\/jpeg\" \/>\n<meta name=\"twitter:card\" content=\"summary_large_image\" \/>\n<meta name=\"twitter:label1\" content=\"Timp estimat pentru citire\" \/>\n\t<meta name=\"twitter:data1\" content=\"1 minut\" \/>\n<script type=\"application\/ld+json\" class=\"yoast-schema-graph\">{\"@context\":\"https:\/\/schema.org\",\"@graph\":[{\"@type\":\"WebPage\",\"@id\":\"https:\/\/plasmet.bochnia.pl\/ro\/produs\/kit-de-reparare-a-chiuvetei-inferioare-tip-vechi\/\",\"url\":\"https:\/\/plasmet.bochnia.pl\/ro\/produs\/kit-de-reparare-a-chiuvetei-inferioare-tip-vechi\/\",\"name\":\"Kit de reparare a chiuvetei inferioare Tip vechi - Plasmet\",\"isPartOf\":{\"@id\":\"https:\/\/plasmet.bochnia.pl\/ro\/#website\"},\"primaryImageOfPage\":{\"@id\":\"https:\/\/plasmet.bochnia.pl\/ro\/produs\/kit-de-reparare-a-chiuvetei-inferioare-tip-vechi\/#primaryimage\"},\"image\":{\"@id\":\"https:\/\/plasmet.bochnia.pl\/ro\/produs\/kit-de-reparare-a-chiuvetei-inferioare-tip-vechi\/#primaryimage\"},\"thumbnailUrl\":\"https:\/\/plasmet.bochnia.pl\/wp-content\/uploads\/2024\/10\/komplet-naprawczy-dolnopluka-stary-typ.jpg\",\"datePublished\":\"2024-10-21T09:18:04+00:00\",\"dateModified\":\"2025-11-25T21:29:53+00:00\",\"description\":\"Kit de reparare a chiuvetei inferioare Tip vechi \u2013 producent i hurtownia Plasmet. Oferujemy wysok\u0105 jako\u015b\u0107, szeroki wyb\u00f3r i dobre ceny. Zapraszamy do sprawdzenia oferty!\",\"breadcrumb\":{\"@id\":\"https:\/\/plasmet.bochnia.pl\/ro\/produs\/kit-de-reparare-a-chiuvetei-inferioare-tip-vechi\/#breadcrumb\"},\"inLanguage\":\"ro-RO\",\"potentialAction\":[{\"@type\":\"ReadAction\",\"target\":[\"https:\/\/plasmet.bochnia.pl\/ro\/produs\/kit-de-reparare-a-chiuvetei-inferioare-tip-vechi\/\"]}]},{\"@type\":\"ImageObject\",\"inLanguage\":\"ro-RO\",\"@id\":\"https:\/\/plasmet.bochnia.pl\/ro\/produs\/kit-de-reparare-a-chiuvetei-inferioare-tip-vechi\/#primaryimage\",\"url\":\"https:\/\/plasmet.bochnia.pl\/wp-content\/uploads\/2024\/10\/komplet-naprawczy-dolnopluka-stary-typ.jpg\",\"contentUrl\":\"https:\/\/plasmet.bochnia.pl\/wp-content\/uploads\/2024\/10\/komplet-naprawczy-dolnopluka-stary-typ.jpg\",\"width\":800,\"height\":600,\"caption\":\"repair-kit-bottom-fluid-star tip\"},{\"@type\":\"BreadcrumbList\",\"@id\":\"https:\/\/plasmet.bochnia.pl\/ro\/produs\/kit-de-reparare-a-chiuvetei-inferioare-tip-vechi\/#breadcrumb\",\"itemListElement\":[{\"@type\":\"ListItem\",\"position\":1,\"name\":\"Strona g\u0142\u00f3wna\",\"item\":\"https:\/\/plasmet.bochnia.pl\/ro\/\"},{\"@type\":\"ListItem\",\"position\":2,\"name\":\"Shop\",\"item\":\"https:\/\/plasmet.bochnia.pl\/ro\/magazin\/\"},{\"@type\":\"ListItem\",\"position\":3,\"name\":\"Kit de reparare a chiuvetei inferioare Tip vechi\"}]},{\"@type\":\"WebSite\",\"@id\":\"https:\/\/plasmet.bochnia.pl\/ro\/#website\",\"url\":\"https:\/\/plasmet.bochnia.pl\/ro\/\",\"name\":\"Plasmet\",\"description\":\"Plasmet\",\"publisher\":{\"@id\":\"https:\/\/plasmet.bochnia.pl\/ro\/#organization\"},\"alternateName\":\"Plasmet\",\"potentialAction\":[{\"@type\":\"SearchAction\",\"target\":{\"@type\":\"EntryPoint\",\"urlTemplate\":\"https:\/\/plasmet.bochnia.pl\/ro\/?s={search_term_string}\"},\"query-input\":{\"@type\":\"PropertyValueSpecification\",\"valueRequired\":true,\"valueName\":\"search_term_string\"}}],\"inLanguage\":\"ro-RO\"},{\"@type\":\"Organization\",\"@id\":\"https:\/\/plasmet.bochnia.pl\/ro\/#organization\",\"name\":\"Plasmet\",\"url\":\"https:\/\/plasmet.bochnia.pl\/ro\/\",\"logo\":{\"@type\":\"ImageObject\",\"inLanguage\":\"ro-RO\",\"@id\":\"https:\/\/plasmet.bochnia.pl\/ro\/#\/schema\/logo\/image\/\",\"url\":\"https:\/\/plasmet.bochnia.pl\/wp-content\/uploads\/2024\/09\/logo-z-niebieskim.webp\",\"contentUrl\":\"https:\/\/plasmet.bochnia.pl\/wp-content\/uploads\/2024\/09\/logo-z-niebieskim.webp\",\"width\":512,\"height\":141,\"caption\":\"Plasmet\"},\"image\":{\"@id\":\"https:\/\/plasmet.bochnia.pl\/ro\/#\/schema\/logo\/image\/\"}}]}<\/script>\n<!-- \/ Yoast SEO plugin. -->","yoast_head_json":{"title":"Kit de reparare a chiuvetei inferioare Tip vechi - Plasmet","description":"Kit de reparare a chiuvetei inferioare Tip vechi \u2013 producent i hurtownia Plasmet. Oferujemy wysok\u0105 jako\u015b\u0107, szeroki wyb\u00f3r i dobre ceny. Zapraszamy do sprawdzenia oferty!","robots":{"index":"index","follow":"follow","max-snippet":"max-snippet:-1","max-image-preview":"max-image-preview:large","max-video-preview":"max-video-preview:-1"},"canonical":"https:\/\/plasmet.bochnia.pl\/ro\/produs\/kit-de-reparare-a-chiuvetei-inferioare-tip-vechi\/","og_locale":"ro_RO","og_type":"article","og_title":"Kit de reparare a chiuvetei inferioare Tip vechi - Plasmet","og_description":"Kit de reparare a chiuvetei inferioare Tip vechi \u2013 producent i hurtownia Plasmet. Oferujemy wysok\u0105 jako\u015b\u0107, szeroki wyb\u00f3r i dobre ceny. Zapraszamy do sprawdzenia oferty!","og_url":"https:\/\/plasmet.bochnia.pl\/ro\/produs\/kit-de-reparare-a-chiuvetei-inferioare-tip-vechi\/","og_site_name":"Plasmet","article_modified_time":"2025-11-25T21:29:53+00:00","og_image":[{"width":800,"height":600,"url":"https:\/\/plasmet.bochnia.pl\/wp-content\/uploads\/2024\/10\/komplet-naprawczy-dolnopluka-stary-typ.jpg","type":"image\/jpeg"}],"twitter_card":"summary_large_image","twitter_misc":{"Timp estimat pentru citire":"1 minut"},"schema":{"@context":"https:\/\/schema.org","@graph":[{"@type":"WebPage","@id":"https:\/\/plasmet.bochnia.pl\/ro\/produs\/kit-de-reparare-a-chiuvetei-inferioare-tip-vechi\/","url":"https:\/\/plasmet.bochnia.pl\/ro\/produs\/kit-de-reparare-a-chiuvetei-inferioare-tip-vechi\/","name":"Kit de reparare a chiuvetei inferioare Tip vechi - Plasmet","isPartOf":{"@id":"https:\/\/plasmet.bochnia.pl\/ro\/#website"},"primaryImageOfPage":{"@id":"https:\/\/plasmet.bochnia.pl\/ro\/produs\/kit-de-reparare-a-chiuvetei-inferioare-tip-vechi\/#primaryimage"},"image":{"@id":"https:\/\/plasmet.bochnia.pl\/ro\/produs\/kit-de-reparare-a-chiuvetei-inferioare-tip-vechi\/#primaryimage"},"thumbnailUrl":"https:\/\/plasmet.bochnia.pl\/wp-content\/uploads\/2024\/10\/komplet-naprawczy-dolnopluka-stary-typ.jpg","datePublished":"2024-10-21T09:18:04+00:00","dateModified":"2025-11-25T21:29:53+00:00","description":"Kit de reparare a chiuvetei inferioare Tip vechi \u2013 producent i hurtownia Plasmet. Oferujemy wysok\u0105 jako\u015b\u0107, szeroki wyb\u00f3r i dobre ceny. Zapraszamy do sprawdzenia oferty!","breadcrumb":{"@id":"https:\/\/plasmet.bochnia.pl\/ro\/produs\/kit-de-reparare-a-chiuvetei-inferioare-tip-vechi\/#breadcrumb"},"inLanguage":"ro-RO","potentialAction":[{"@type":"ReadAction","target":["https:\/\/plasmet.bochnia.pl\/ro\/produs\/kit-de-reparare-a-chiuvetei-inferioare-tip-vechi\/"]}]},{"@type":"ImageObject","inLanguage":"ro-RO","@id":"https:\/\/plasmet.bochnia.pl\/ro\/produs\/kit-de-reparare-a-chiuvetei-inferioare-tip-vechi\/#primaryimage","url":"https:\/\/plasmet.bochnia.pl\/wp-content\/uploads\/2024\/10\/komplet-naprawczy-dolnopluka-stary-typ.jpg","contentUrl":"https:\/\/plasmet.bochnia.pl\/wp-content\/uploads\/2024\/10\/komplet-naprawczy-dolnopluka-stary-typ.jpg","width":800,"height":600,"caption":"repair-kit-bottom-fluid-star tip"},{"@type":"BreadcrumbList","@id":"https:\/\/plasmet.bochnia.pl\/ro\/produs\/kit-de-reparare-a-chiuvetei-inferioare-tip-vechi\/#breadcrumb","itemListElement":[{"@type":"ListItem","position":1,"name":"Strona g\u0142\u00f3wna","item":"https:\/\/plasmet.bochnia.pl\/ro\/"},{"@type":"ListItem","position":2,"name":"Shop","item":"https:\/\/plasmet.bochnia.pl\/ro\/magazin\/"},{"@type":"ListItem","position":3,"name":"Kit de reparare a chiuvetei inferioare Tip vechi"}]},{"@type":"WebSite","@id":"https:\/\/plasmet.bochnia.pl\/ro\/#website","url":"https:\/\/plasmet.bochnia.pl\/ro\/","name":"Plasmet","description":"Plasmet","publisher":{"@id":"https:\/\/plasmet.bochnia.pl\/ro\/#organization"},"alternateName":"Plasmet","potentialAction":[{"@type":"SearchAction","target":{"@type":"EntryPoint","urlTemplate":"https:\/\/plasmet.bochnia.pl\/ro\/?s={search_term_string}"},"query-input":{"@type":"PropertyValueSpecification","valueRequired":true,"valueName":"search_term_string"}}],"inLanguage":"ro-RO"},{"@type":"Organization","@id":"https:\/\/plasmet.bochnia.pl\/ro\/#organization","name":"Plasmet","url":"https:\/\/plasmet.bochnia.pl\/ro\/","logo":{"@type":"ImageObject","inLanguage":"ro-RO","@id":"https:\/\/plasmet.bochnia.pl\/ro\/#\/schema\/logo\/image\/","url":"https:\/\/plasmet.bochnia.pl\/wp-content\/uploads\/2024\/09\/logo-z-niebieskim.webp","contentUrl":"https:\/\/plasmet.bochnia.pl\/wp-content\/uploads\/2024\/09\/logo-z-niebieskim.webp","width":512,"height":141,"caption":"Plasmet"},"image":{"@id":"https:\/\/plasmet.bochnia.pl\/ro\/#\/schema\/logo\/image\/"}}]}},"taxonomy_info":{"product_cat":[{"value":390,"label":"Garnituri \u0219i reduc\u021bii"},{"value":72,"label":"Garnituri"}],"pa_kolor":[{"value":103,"label":"Negru"}]},"featured_image_src_large":["https:\/\/plasmet.bochnia.pl\/wp-content\/uploads\/2024\/10\/komplet-naprawczy-dolnopluka-stary-typ.jpg",800,600,false],"author_info":[],"comment_info":"","_links":{"self":[{"href":"https:\/\/plasmet.bochnia.pl\/ro\/wp-json\/wp\/v2\/product\/11391","targetHints":{"allow":["GET"]}}],"collection":[{"href":"https:\/\/plasmet.bochnia.pl\/ro\/wp-json\/wp\/v2\/product"}],"about":[{"href":"https:\/\/plasmet.bochnia.pl\/ro\/wp-json\/wp\/v2\/types\/product"}],"wp:featuredmedia":[{"embeddable":true,"href":"https:\/\/plasmet.bochnia.pl\/ro\/wp-json\/wp\/v2\/media\/4313"}],"wp:attachment":[{"href":"https:\/\/plasmet.bochnia.pl\/ro\/wp-json\/wp\/v2\/media?parent=11391"}],"wp:term":[{"taxonomy":"product_brand","embeddable":true,"href":"https:\/\/plasmet.bochnia.pl\/ro\/wp-json\/wp\/v2\/product_brand?post=11391"},{"taxonomy":"product_cat","embeddable":true,"href":"https:\/\/plasmet.bochnia.pl\/ro\/wp-json\/wp\/v2\/product_cat?post=11391"},{"taxonomy":"product_tag","embeddable":true,"href":"https:\/\/plasmet.bochnia.pl\/ro\/wp-json\/wp\/v2\/product_tag?post=11391"}],"curies":[{"name":"wp","href":"https:\/\/api.w.org\/{rel}","templated":true}]}}