{"id":10572,"date":"2024-11-18T19:59:45","date_gmt":"2024-11-18T18:59:45","guid":{"rendered":"https:\/\/plasmet.nospace.pl\/produkt\/set-de-capace-de-radiator-cu-garnitura\/"},"modified":"2025-11-25T22:32:52","modified_gmt":"2025-11-25T21:32:52","slug":"set-de-capace-de-radiator-cu-garnitura","status":"publish","type":"product","link":"https:\/\/plasmet.bochnia.pl\/ro\/produs\/set-de-capace-de-radiator-cu-garnitura\/","title":{"rendered":"Set de capace de radiator cu garnitur\u0103"},"content":{"rendered":"<h2>Set capac radiator cu garnitur\u0103 &#8211; etan\u0219eitate \u0219i versatilitate<\/h2>\n<p>Setul de dopuri de radiator cu garnitur\u0103 este o solu\u021bie practic\u0103 pentru \u00eenchiderea etan\u0219\u0103 a orificiilor radiatorului, elimin\u00e2nd riscul de scurgeri \u00een sistemele de \u00eenc\u0103lzire. Se compune din dou\u0103 dopuri de radiator st\u00e2nga \u0219i dou\u0103 dreapta, un capac cu o-ring, o gur\u0103 de aerisire \u0219i o cheie pentru s\u00e2ngerarea sistemului. Setul este compatibil cu radiatoarele cu filet standard.  <\/p>\n<h3>Specifica\u021biile produsului<\/h3>\n<p>Sunt incluse:<\/p>\n<ul>\n<li>dop radiator st\u00e2nga 1&#8217;x1\/2&#8242; &#8211; 2 buc.<\/li>\n<li>dop radiator dreapta 1&#8217;x1\/2&#8242; &#8211; 2 buc.<\/li>\n<li>1\/2&#8243; aerisire manual\u0103 &#8211; 1 buc.<\/li>\n<li>Cheie de aerisire &#8211; 1 buc.<\/li>\n<li>capac radiator cu o-ring 1\/2&#8243; &#8211; 1 buc.<\/li>\n<\/ul>\n<h3>Aplica\u021bie<\/h3>\n<p>Setul de dopuri pentru radiatoare este utilizat \u00een sistemele de \u00eenc\u0103lzire ale cl\u0103dirilor reziden\u021biale, comerciale \u0219i industriale. Produsul permite protejarea u\u0219oar\u0103 a deschiderilor radiatoarelor, garant\u00e2nd etan\u0219eitatea \u0219i buna func\u021bionare a sistemului. <\/p>\n<h3>Beneficiile produsului<\/h3>\n<ul>\n<li>Eliminarea eficient\u0103 a scurgerilor din sistemul de \u00eenc\u0103lzire<\/li>\n<li>Utilizare versatil\u0103 pentru diferite tipuri de radiatoare<\/li>\n<li>U\u0219urin\u021ba asambl\u0103rii \u0219i dezasambl\u0103rii<\/li>\n<li>Potrivit pentru sistemele care necesit\u0103 etan\u0219eitate \u00een medii dificile<\/li>\n<\/ul>\n<p>Setul de dopuri pentru radiator cu garnitur\u0103 este o alegere de \u00eencredere pentru instalatorii \u0219i utilizatorii care caut\u0103 o solu\u021bie flexibil\u0103 \u0219i durabil\u0103 pentru sistemele lor de \u00eenc\u0103lzire.<\/p>\n","protected":false},"excerpt":{"rendered":"<p>Setul de dopuri de radiator cu garnitur\u0103 este utilizat pentru a astupa \u021bevile din sistemul de \u00eenc\u0103lzire central\u0103. Ventilul disponibil ca parte a setului permite eliminarea aerului din sistem, influen\u021b\u00e2nd astfel func\u021bionarea eficient\u0103 \u0219i de lung\u0103 durat\u0103 a acestuia. <\/p>\n","protected":false},"featured_media":6868,"template":"","meta":{"_acf_changed":false,"_kad_blocks_custom_css":"","_kad_blocks_head_custom_js":"","_kad_blocks_body_custom_js":"","_kad_blocks_footer_custom_js":"","_kad_post_transparent":"","_kad_post_title":"","_kad_post_layout":"","_kad_post_sidebar_id":"","_kad_post_content_style":"","_kad_post_vertical_padding":"","_kad_post_feature":"","_kad_post_feature_position":"","_kad_post_header":false,"_kad_post_footer":false,"_kad_post_classname":""},"product_brand":[],"product_cat":[383,54],"product_tag":[],"class_list":{"0":"post-10572","1":"product","2":"type-product","3":"status-publish","4":"has-post-thumbnail","6":"product_cat-instalatie-de-incalzire","7":"product_cat-accesorii-de-incalzire","8":"pa_kolor-alb","10":"first","11":"instock","12":"product-type-variable","13":"entry","14":"content-bg","15":"loop-entry"},"acf":[],"yoast_head":"<!-- This site is optimized with the Yoast SEO plugin v25.1 - https:\/\/yoast.com\/wordpress\/plugins\/seo\/ -->\n<title>Set de capace de radiator cu garnitur\u0103 - Plasmet<\/title>\n<meta name=\"description\" content=\"Set de capace de radiator cu garnitur\u0103 \u2013 producent i hurtownia Plasmet. Oferujemy wysok\u0105 jako\u015b\u0107, szeroki wyb\u00f3r i dobre ceny. Zapraszamy do sprawdzenia oferty!\" \/>\n<meta name=\"robots\" content=\"index, follow, max-snippet:-1, max-image-preview:large, max-video-preview:-1\" \/>\n<link rel=\"canonical\" href=\"https:\/\/plasmet.bochnia.pl\/ro\/produs\/set-de-capace-de-radiator-cu-garnitura\/\" \/>\n<meta property=\"og:locale\" content=\"ro_RO\" \/>\n<meta property=\"og:type\" content=\"article\" \/>\n<meta property=\"og:title\" content=\"Set de capace de radiator cu garnitur\u0103 - Plasmet\" \/>\n<meta property=\"og:description\" content=\"Set de capace de radiator cu garnitur\u0103 \u2013 producent i hurtownia Plasmet. Oferujemy wysok\u0105 jako\u015b\u0107, szeroki wyb\u00f3r i dobre ceny. Zapraszamy do sprawdzenia oferty!\" \/>\n<meta property=\"og:url\" content=\"https:\/\/plasmet.bochnia.pl\/ro\/produs\/set-de-capace-de-radiator-cu-garnitura\/\" \/>\n<meta property=\"og:site_name\" content=\"Plasmet\" \/>\n<meta property=\"article:modified_time\" content=\"2025-11-25T21:32:52+00:00\" \/>\n<meta property=\"og:image\" content=\"https:\/\/plasmet.bochnia.pl\/wp-content\/uploads\/2024\/11\/zestaw-korkow-grzejnikowych-z-uszczelka-oring-fibra-silikon.jpg\" \/>\n\t<meta property=\"og:image:width\" content=\"800\" \/>\n\t<meta property=\"og:image:height\" content=\"600\" \/>\n\t<meta property=\"og:image:type\" content=\"image\/jpeg\" \/>\n<meta name=\"twitter:card\" content=\"summary_large_image\" \/>\n<meta name=\"twitter:label1\" content=\"Timp estimat pentru citire\" \/>\n\t<meta name=\"twitter:data1\" content=\"1 minut\" \/>\n<script type=\"application\/ld+json\" class=\"yoast-schema-graph\">{\"@context\":\"https:\/\/schema.org\",\"@graph\":[{\"@type\":\"WebPage\",\"@id\":\"https:\/\/plasmet.bochnia.pl\/ro\/produs\/set-de-capace-de-radiator-cu-garnitura\/\",\"url\":\"https:\/\/plasmet.bochnia.pl\/ro\/produs\/set-de-capace-de-radiator-cu-garnitura\/\",\"name\":\"Set de capace de radiator cu garnitur\u0103 - Plasmet\",\"isPartOf\":{\"@id\":\"https:\/\/plasmet.bochnia.pl\/ro\/#website\"},\"primaryImageOfPage\":{\"@id\":\"https:\/\/plasmet.bochnia.pl\/ro\/produs\/set-de-capace-de-radiator-cu-garnitura\/#primaryimage\"},\"image\":{\"@id\":\"https:\/\/plasmet.bochnia.pl\/ro\/produs\/set-de-capace-de-radiator-cu-garnitura\/#primaryimage\"},\"thumbnailUrl\":\"https:\/\/plasmet.bochnia.pl\/wp-content\/uploads\/2024\/11\/zestaw-korkow-grzejnikowych-z-uszczelka-oring-fibra-silikon.jpg\",\"datePublished\":\"2024-11-18T18:59:45+00:00\",\"dateModified\":\"2025-11-25T21:32:52+00:00\",\"description\":\"Set de capace de radiator cu garnitur\u0103 \u2013 producent i hurtownia Plasmet. Oferujemy wysok\u0105 jako\u015b\u0107, szeroki wyb\u00f3r i dobre ceny. Zapraszamy do sprawdzenia oferty!\",\"breadcrumb\":{\"@id\":\"https:\/\/plasmet.bochnia.pl\/ro\/produs\/set-de-capace-de-radiator-cu-garnitura\/#breadcrumb\"},\"inLanguage\":\"ro-RO\",\"potentialAction\":[{\"@type\":\"ReadAction\",\"target\":[\"https:\/\/plasmet.bochnia.pl\/ro\/produs\/set-de-capace-de-radiator-cu-garnitura\/\"]}]},{\"@type\":\"ImageObject\",\"inLanguage\":\"ro-RO\",\"@id\":\"https:\/\/plasmet.bochnia.pl\/ro\/produs\/set-de-capace-de-radiator-cu-garnitura\/#primaryimage\",\"url\":\"https:\/\/plasmet.bochnia.pl\/wp-content\/uploads\/2024\/11\/zestaw-korkow-grzejnikowych-z-uszczelka-oring-fibra-silikon.jpg\",\"contentUrl\":\"https:\/\/plasmet.bochnia.pl\/wp-content\/uploads\/2024\/11\/zestaw-korkow-grzejnikowych-z-uszczelka-oring-fibra-silikon.jpg\",\"width\":800,\"height\":600,\"caption\":\"set de capace de radiator cu garnitur\u0103 de etan\u0219are-fibra-silicone\"},{\"@type\":\"BreadcrumbList\",\"@id\":\"https:\/\/plasmet.bochnia.pl\/ro\/produs\/set-de-capace-de-radiator-cu-garnitura\/#breadcrumb\",\"itemListElement\":[{\"@type\":\"ListItem\",\"position\":1,\"name\":\"Strona g\u0142\u00f3wna\",\"item\":\"https:\/\/plasmet.bochnia.pl\/ro\/\"},{\"@type\":\"ListItem\",\"position\":2,\"name\":\"Shop\",\"item\":\"https:\/\/plasmet.bochnia.pl\/ro\/magazin\/\"},{\"@type\":\"ListItem\",\"position\":3,\"name\":\"Set de capace de radiator cu garnitur\u0103\"}]},{\"@type\":\"WebSite\",\"@id\":\"https:\/\/plasmet.bochnia.pl\/ro\/#website\",\"url\":\"https:\/\/plasmet.bochnia.pl\/ro\/\",\"name\":\"Plasmet\",\"description\":\"Plasmet\",\"publisher\":{\"@id\":\"https:\/\/plasmet.bochnia.pl\/ro\/#organization\"},\"alternateName\":\"Plasmet\",\"potentialAction\":[{\"@type\":\"SearchAction\",\"target\":{\"@type\":\"EntryPoint\",\"urlTemplate\":\"https:\/\/plasmet.bochnia.pl\/ro\/?s={search_term_string}\"},\"query-input\":{\"@type\":\"PropertyValueSpecification\",\"valueRequired\":true,\"valueName\":\"search_term_string\"}}],\"inLanguage\":\"ro-RO\"},{\"@type\":\"Organization\",\"@id\":\"https:\/\/plasmet.bochnia.pl\/ro\/#organization\",\"name\":\"Plasmet\",\"url\":\"https:\/\/plasmet.bochnia.pl\/ro\/\",\"logo\":{\"@type\":\"ImageObject\",\"inLanguage\":\"ro-RO\",\"@id\":\"https:\/\/plasmet.bochnia.pl\/ro\/#\/schema\/logo\/image\/\",\"url\":\"https:\/\/plasmet.bochnia.pl\/wp-content\/uploads\/2024\/09\/logo-z-niebieskim.webp\",\"contentUrl\":\"https:\/\/plasmet.bochnia.pl\/wp-content\/uploads\/2024\/09\/logo-z-niebieskim.webp\",\"width\":512,\"height\":141,\"caption\":\"Plasmet\"},\"image\":{\"@id\":\"https:\/\/plasmet.bochnia.pl\/ro\/#\/schema\/logo\/image\/\"}}]}<\/script>\n<!-- \/ Yoast SEO plugin. -->","yoast_head_json":{"title":"Set de capace de radiator cu garnitur\u0103 - Plasmet","description":"Set de capace de radiator cu garnitur\u0103 \u2013 producent i hurtownia Plasmet. Oferujemy wysok\u0105 jako\u015b\u0107, szeroki wyb\u00f3r i dobre ceny. Zapraszamy do sprawdzenia oferty!","robots":{"index":"index","follow":"follow","max-snippet":"max-snippet:-1","max-image-preview":"max-image-preview:large","max-video-preview":"max-video-preview:-1"},"canonical":"https:\/\/plasmet.bochnia.pl\/ro\/produs\/set-de-capace-de-radiator-cu-garnitura\/","og_locale":"ro_RO","og_type":"article","og_title":"Set de capace de radiator cu garnitur\u0103 - Plasmet","og_description":"Set de capace de radiator cu garnitur\u0103 \u2013 producent i hurtownia Plasmet. Oferujemy wysok\u0105 jako\u015b\u0107, szeroki wyb\u00f3r i dobre ceny. Zapraszamy do sprawdzenia oferty!","og_url":"https:\/\/plasmet.bochnia.pl\/ro\/produs\/set-de-capace-de-radiator-cu-garnitura\/","og_site_name":"Plasmet","article_modified_time":"2025-11-25T21:32:52+00:00","og_image":[{"width":800,"height":600,"url":"https:\/\/plasmet.bochnia.pl\/wp-content\/uploads\/2024\/11\/zestaw-korkow-grzejnikowych-z-uszczelka-oring-fibra-silikon.jpg","type":"image\/jpeg"}],"twitter_card":"summary_large_image","twitter_misc":{"Timp estimat pentru citire":"1 minut"},"schema":{"@context":"https:\/\/schema.org","@graph":[{"@type":"WebPage","@id":"https:\/\/plasmet.bochnia.pl\/ro\/produs\/set-de-capace-de-radiator-cu-garnitura\/","url":"https:\/\/plasmet.bochnia.pl\/ro\/produs\/set-de-capace-de-radiator-cu-garnitura\/","name":"Set de capace de radiator cu garnitur\u0103 - Plasmet","isPartOf":{"@id":"https:\/\/plasmet.bochnia.pl\/ro\/#website"},"primaryImageOfPage":{"@id":"https:\/\/plasmet.bochnia.pl\/ro\/produs\/set-de-capace-de-radiator-cu-garnitura\/#primaryimage"},"image":{"@id":"https:\/\/plasmet.bochnia.pl\/ro\/produs\/set-de-capace-de-radiator-cu-garnitura\/#primaryimage"},"thumbnailUrl":"https:\/\/plasmet.bochnia.pl\/wp-content\/uploads\/2024\/11\/zestaw-korkow-grzejnikowych-z-uszczelka-oring-fibra-silikon.jpg","datePublished":"2024-11-18T18:59:45+00:00","dateModified":"2025-11-25T21:32:52+00:00","description":"Set de capace de radiator cu garnitur\u0103 \u2013 producent i hurtownia Plasmet. Oferujemy wysok\u0105 jako\u015b\u0107, szeroki wyb\u00f3r i dobre ceny. Zapraszamy do sprawdzenia oferty!","breadcrumb":{"@id":"https:\/\/plasmet.bochnia.pl\/ro\/produs\/set-de-capace-de-radiator-cu-garnitura\/#breadcrumb"},"inLanguage":"ro-RO","potentialAction":[{"@type":"ReadAction","target":["https:\/\/plasmet.bochnia.pl\/ro\/produs\/set-de-capace-de-radiator-cu-garnitura\/"]}]},{"@type":"ImageObject","inLanguage":"ro-RO","@id":"https:\/\/plasmet.bochnia.pl\/ro\/produs\/set-de-capace-de-radiator-cu-garnitura\/#primaryimage","url":"https:\/\/plasmet.bochnia.pl\/wp-content\/uploads\/2024\/11\/zestaw-korkow-grzejnikowych-z-uszczelka-oring-fibra-silikon.jpg","contentUrl":"https:\/\/plasmet.bochnia.pl\/wp-content\/uploads\/2024\/11\/zestaw-korkow-grzejnikowych-z-uszczelka-oring-fibra-silikon.jpg","width":800,"height":600,"caption":"set de capace de radiator cu garnitur\u0103 de etan\u0219are-fibra-silicone"},{"@type":"BreadcrumbList","@id":"https:\/\/plasmet.bochnia.pl\/ro\/produs\/set-de-capace-de-radiator-cu-garnitura\/#breadcrumb","itemListElement":[{"@type":"ListItem","position":1,"name":"Strona g\u0142\u00f3wna","item":"https:\/\/plasmet.bochnia.pl\/ro\/"},{"@type":"ListItem","position":2,"name":"Shop","item":"https:\/\/plasmet.bochnia.pl\/ro\/magazin\/"},{"@type":"ListItem","position":3,"name":"Set de capace de radiator cu garnitur\u0103"}]},{"@type":"WebSite","@id":"https:\/\/plasmet.bochnia.pl\/ro\/#website","url":"https:\/\/plasmet.bochnia.pl\/ro\/","name":"Plasmet","description":"Plasmet","publisher":{"@id":"https:\/\/plasmet.bochnia.pl\/ro\/#organization"},"alternateName":"Plasmet","potentialAction":[{"@type":"SearchAction","target":{"@type":"EntryPoint","urlTemplate":"https:\/\/plasmet.bochnia.pl\/ro\/?s={search_term_string}"},"query-input":{"@type":"PropertyValueSpecification","valueRequired":true,"valueName":"search_term_string"}}],"inLanguage":"ro-RO"},{"@type":"Organization","@id":"https:\/\/plasmet.bochnia.pl\/ro\/#organization","name":"Plasmet","url":"https:\/\/plasmet.bochnia.pl\/ro\/","logo":{"@type":"ImageObject","inLanguage":"ro-RO","@id":"https:\/\/plasmet.bochnia.pl\/ro\/#\/schema\/logo\/image\/","url":"https:\/\/plasmet.bochnia.pl\/wp-content\/uploads\/2024\/09\/logo-z-niebieskim.webp","contentUrl":"https:\/\/plasmet.bochnia.pl\/wp-content\/uploads\/2024\/09\/logo-z-niebieskim.webp","width":512,"height":141,"caption":"Plasmet"},"image":{"@id":"https:\/\/plasmet.bochnia.pl\/ro\/#\/schema\/logo\/image\/"}}]}},"taxonomy_info":{"product_cat":[{"value":383,"label":"Instala\u021bie de \u00eenc\u0103lzire"},{"value":54,"label":"Accesorii de \u00eenc\u0103lzire"}],"pa_kolor":[{"value":101,"label":"Alb"}]},"featured_image_src_large":["https:\/\/plasmet.bochnia.pl\/wp-content\/uploads\/2024\/11\/zestaw-korkow-grzejnikowych-z-uszczelka-oring-fibra-silikon.jpg",800,600,false],"author_info":[],"comment_info":"","_links":{"self":[{"href":"https:\/\/plasmet.bochnia.pl\/ro\/wp-json\/wp\/v2\/product\/10572","targetHints":{"allow":["GET"]}}],"collection":[{"href":"https:\/\/plasmet.bochnia.pl\/ro\/wp-json\/wp\/v2\/product"}],"about":[{"href":"https:\/\/plasmet.bochnia.pl\/ro\/wp-json\/wp\/v2\/types\/product"}],"wp:featuredmedia":[{"embeddable":true,"href":"https:\/\/plasmet.bochnia.pl\/ro\/wp-json\/wp\/v2\/media\/6868"}],"wp:attachment":[{"href":"https:\/\/plasmet.bochnia.pl\/ro\/wp-json\/wp\/v2\/media?parent=10572"}],"wp:term":[{"taxonomy":"product_brand","embeddable":true,"href":"https:\/\/plasmet.bochnia.pl\/ro\/wp-json\/wp\/v2\/product_brand?post=10572"},{"taxonomy":"product_cat","embeddable":true,"href":"https:\/\/plasmet.bochnia.pl\/ro\/wp-json\/wp\/v2\/product_cat?post=10572"},{"taxonomy":"product_tag","embeddable":true,"href":"https:\/\/plasmet.bochnia.pl\/ro\/wp-json\/wp\/v2\/product_tag?post=10572"}],"curies":[{"name":"wp","href":"https:\/\/api.w.org\/{rel}","templated":true}]}}