{"id":10237,"date":"2024-10-19T22:39:36","date_gmt":"2024-10-19T20:39:36","guid":{"rendered":"https:\/\/plasmet.nospace.pl\/produkt\/bara-de-montaj-cu-coturi-nituite-metal\/"},"modified":"2025-11-25T22:30:18","modified_gmt":"2025-11-25T21:30:18","slug":"bara-de-montaj-cu-coturi-nituite-metal","status":"publish","type":"product","link":"https:\/\/plasmet.bochnia.pl\/ro\/produs\/bara-de-montaj-cu-coturi-nituite-metal\/","title":{"rendered":"Bar\u0103 de montaj cu coturi nituite &#8211; metal"},"content":{"rendered":"<h2>Bar\u0103 de montaj cu coturi nituite &#8211; robust\u0103 \u0219i rezistent\u0103 la coroziune<\/h2>\n<p>Bagheta noastr\u0103 de montare din metal cu coturi din alam\u0103 a fost proiectat\u0103 pentru fixarea stabil\u0103 a robinetelor \u00een sistemele sanitare. Fabricat\u0103 din metal robust, garnitura este rezistent\u0103 la coroziune \u0219i la deterior\u0103ri mecanice, ceea ce o face ideal\u0103 pentru montarea robinetelor. <\/p>\n<h3>Cerere \u0219i disponibilitate<\/h3>\n<p>Banda de montare cu coturi este utilizat\u0103 pe scar\u0103 larg\u0103 \u00een instala\u021biile de ap\u0103, canalizare \u0219i \u00eenc\u0103lzire. Produsul este disponibil \u00eentr-o gam\u0103 de dimensiuni pentru a permite adaptarea u\u0219oar\u0103 la diferite sisteme de conducte. <\/p>\n<h3>De ce s\u0103 alege\u021bi banda noastr\u0103 de montare?<\/h3>\n<ul>\n<li>Rezisten\u021b\u0103 la coroziune<\/li>\n<li>Design durabil pentru a asigura stabilitatea bateriei \u00een orice instala\u021bie<\/li>\n<li>Disponibil \u00een diferite dimensiuni \u0219i variante<\/li>\n<li>Asisten\u021b\u0103 tehnic\u0103 \u0219i procesare rapid\u0103 a comenzilor<\/li>\n<\/ul>\n<p>Banda noastr\u0103 de montare metalic\u0103 cu coturi este alegerea perfect\u0103 pentru companiile de instala\u021bii industriale care au nevoie de o solu\u021bie de montare robust\u0103 \u0219i durabil\u0103.<\/p>\n","protected":false},"excerpt":{"rendered":"<p>Band\u0103 de montare metalic\u0103 cu coturi durabile din alam\u0103, ideal\u0103 pentru fixarea stabil\u0103 a robinetelor \u00een instala\u021bii profesionale. Produs disponibil \u00een diferite dimensiuni. <\/p>\n","protected":false},"featured_media":4495,"template":"","meta":{"_acf_changed":false,"_kad_blocks_custom_css":"","_kad_blocks_head_custom_js":"","_kad_blocks_body_custom_js":"","_kad_blocks_footer_custom_js":"","_kad_post_transparent":"","_kad_post_title":"","_kad_post_layout":"","_kad_post_sidebar_id":"","_kad_post_content_style":"","_kad_post_vertical_padding":"","_kad_post_feature":"","_kad_post_feature_position":"","_kad_post_header":false,"_kad_post_footer":false,"_kad_post_classname":""},"product_brand":[],"product_cat":[380,598],"product_tag":[],"class_list":{"0":"post-10237","1":"product","2":"type-product","3":"status-publish","4":"has-post-thumbnail","6":"product_cat-instalatie-de-apa","7":"product_cat-sine-de-montaj","8":"pa_wersja-1-2-x-1-2-l-100-ro","9":"pa_wersja-1-2-x-1-2-l-150-ro","11":"first","12":"instock","13":"product-type-variable","14":"entry","15":"content-bg","16":"loop-entry"},"acf":[],"yoast_head":"<!-- This site is optimized with the Yoast SEO plugin v25.1 - https:\/\/yoast.com\/wordpress\/plugins\/seo\/ -->\n<title>Bar\u0103 de montaj cu coturi nituite - metal - Plasmet<\/title>\n<meta name=\"description\" content=\"Bar\u0103 de montaj cu coturi nituite - metal \u2013 producent i hurtownia Plasmet. Oferujemy wysok\u0105 jako\u015b\u0107, szeroki wyb\u00f3r i dobre ceny. Zapraszamy do sprawdzenia oferty!\" \/>\n<meta name=\"robots\" content=\"index, follow, max-snippet:-1, max-image-preview:large, max-video-preview:-1\" \/>\n<link rel=\"canonical\" href=\"https:\/\/plasmet.bochnia.pl\/ro\/produs\/bara-de-montaj-cu-coturi-nituite-metal\/\" \/>\n<meta property=\"og:locale\" content=\"ro_RO\" \/>\n<meta property=\"og:type\" content=\"article\" \/>\n<meta property=\"og:title\" content=\"Bar\u0103 de montaj cu coturi nituite - metal - Plasmet\" \/>\n<meta property=\"og:description\" content=\"Bar\u0103 de montaj cu coturi nituite - metal \u2013 producent i hurtownia Plasmet. Oferujemy wysok\u0105 jako\u015b\u0107, szeroki wyb\u00f3r i dobre ceny. Zapraszamy do sprawdzenia oferty!\" \/>\n<meta property=\"og:url\" content=\"https:\/\/plasmet.bochnia.pl\/ro\/produs\/bara-de-montaj-cu-coturi-nituite-metal\/\" \/>\n<meta property=\"og:site_name\" content=\"Plasmet\" \/>\n<meta property=\"article:modified_time\" content=\"2025-11-25T21:30:18+00:00\" \/>\n<meta property=\"og:image\" content=\"https:\/\/plasmet.bochnia.pl\/wp-content\/uploads\/2024\/10\/listwa-montazowa-z-kolankami-metal-1-2-x-1-2-l-100.jpg\" \/>\n\t<meta property=\"og:image:width\" content=\"800\" \/>\n\t<meta property=\"og:image:height\" content=\"600\" \/>\n\t<meta property=\"og:image:type\" content=\"image\/jpeg\" \/>\n<meta name=\"twitter:card\" content=\"summary_large_image\" \/>\n<meta name=\"twitter:label1\" content=\"Timp estimat pentru citire\" \/>\n\t<meta name=\"twitter:data1\" content=\"1 minut\" \/>\n<script type=\"application\/ld+json\" class=\"yoast-schema-graph\">{\"@context\":\"https:\/\/schema.org\",\"@graph\":[{\"@type\":\"WebPage\",\"@id\":\"https:\/\/plasmet.bochnia.pl\/ro\/produs\/bara-de-montaj-cu-coturi-nituite-metal\/\",\"url\":\"https:\/\/plasmet.bochnia.pl\/ro\/produs\/bara-de-montaj-cu-coturi-nituite-metal\/\",\"name\":\"Bar\u0103 de montaj cu coturi nituite - metal - Plasmet\",\"isPartOf\":{\"@id\":\"https:\/\/plasmet.bochnia.pl\/ro\/#website\"},\"primaryImageOfPage\":{\"@id\":\"https:\/\/plasmet.bochnia.pl\/ro\/produs\/bara-de-montaj-cu-coturi-nituite-metal\/#primaryimage\"},\"image\":{\"@id\":\"https:\/\/plasmet.bochnia.pl\/ro\/produs\/bara-de-montaj-cu-coturi-nituite-metal\/#primaryimage\"},\"thumbnailUrl\":\"https:\/\/plasmet.bochnia.pl\/wp-content\/uploads\/2024\/10\/listwa-montazowa-z-kolankami-metal-1-2-x-1-2-l-100.jpg\",\"datePublished\":\"2024-10-19T20:39:36+00:00\",\"dateModified\":\"2025-11-25T21:30:18+00:00\",\"description\":\"Bar\u0103 de montaj cu coturi nituite - metal \u2013 producent i hurtownia Plasmet. Oferujemy wysok\u0105 jako\u015b\u0107, szeroki wyb\u00f3r i dobre ceny. Zapraszamy do sprawdzenia oferty!\",\"breadcrumb\":{\"@id\":\"https:\/\/plasmet.bochnia.pl\/ro\/produs\/bara-de-montaj-cu-coturi-nituite-metal\/#breadcrumb\"},\"inLanguage\":\"ro-RO\",\"potentialAction\":[{\"@type\":\"ReadAction\",\"target\":[\"https:\/\/plasmet.bochnia.pl\/ro\/produs\/bara-de-montaj-cu-coturi-nituite-metal\/\"]}]},{\"@type\":\"ImageObject\",\"inLanguage\":\"ro-RO\",\"@id\":\"https:\/\/plasmet.bochnia.pl\/ro\/produs\/bara-de-montaj-cu-coturi-nituite-metal\/#primaryimage\",\"url\":\"https:\/\/plasmet.bochnia.pl\/wp-content\/uploads\/2024\/10\/listwa-montazowa-z-kolankami-metal-1-2-x-1-2-l-100.jpg\",\"contentUrl\":\"https:\/\/plasmet.bochnia.pl\/wp-content\/uploads\/2024\/10\/listwa-montazowa-z-kolankami-metal-1-2-x-1-2-l-100.jpg\",\"width\":800,\"height\":600,\"caption\":\"Listwa-monta\u017cowa-z-kolankami-nitowanymi-metal-1-2-x-1-2-l-100\"},{\"@type\":\"BreadcrumbList\",\"@id\":\"https:\/\/plasmet.bochnia.pl\/ro\/produs\/bara-de-montaj-cu-coturi-nituite-metal\/#breadcrumb\",\"itemListElement\":[{\"@type\":\"ListItem\",\"position\":1,\"name\":\"Strona g\u0142\u00f3wna\",\"item\":\"https:\/\/plasmet.bochnia.pl\/ro\/\"},{\"@type\":\"ListItem\",\"position\":2,\"name\":\"Shop\",\"item\":\"https:\/\/plasmet.bochnia.pl\/ro\/magazin\/\"},{\"@type\":\"ListItem\",\"position\":3,\"name\":\"Bar\u0103 de montaj cu coturi nituite &#8211; metal\"}]},{\"@type\":\"WebSite\",\"@id\":\"https:\/\/plasmet.bochnia.pl\/ro\/#website\",\"url\":\"https:\/\/plasmet.bochnia.pl\/ro\/\",\"name\":\"Plasmet\",\"description\":\"Plasmet\",\"publisher\":{\"@id\":\"https:\/\/plasmet.bochnia.pl\/ro\/#organization\"},\"alternateName\":\"Plasmet\",\"potentialAction\":[{\"@type\":\"SearchAction\",\"target\":{\"@type\":\"EntryPoint\",\"urlTemplate\":\"https:\/\/plasmet.bochnia.pl\/ro\/?s={search_term_string}\"},\"query-input\":{\"@type\":\"PropertyValueSpecification\",\"valueRequired\":true,\"valueName\":\"search_term_string\"}}],\"inLanguage\":\"ro-RO\"},{\"@type\":\"Organization\",\"@id\":\"https:\/\/plasmet.bochnia.pl\/ro\/#organization\",\"name\":\"Plasmet\",\"url\":\"https:\/\/plasmet.bochnia.pl\/ro\/\",\"logo\":{\"@type\":\"ImageObject\",\"inLanguage\":\"ro-RO\",\"@id\":\"https:\/\/plasmet.bochnia.pl\/ro\/#\/schema\/logo\/image\/\",\"url\":\"https:\/\/plasmet.bochnia.pl\/wp-content\/uploads\/2024\/09\/logo-z-niebieskim.webp\",\"contentUrl\":\"https:\/\/plasmet.bochnia.pl\/wp-content\/uploads\/2024\/09\/logo-z-niebieskim.webp\",\"width\":512,\"height\":141,\"caption\":\"Plasmet\"},\"image\":{\"@id\":\"https:\/\/plasmet.bochnia.pl\/ro\/#\/schema\/logo\/image\/\"}}]}<\/script>\n<!-- \/ Yoast SEO plugin. -->","yoast_head_json":{"title":"Bar\u0103 de montaj cu coturi nituite - metal - Plasmet","description":"Bar\u0103 de montaj cu coturi nituite - metal \u2013 producent i hurtownia Plasmet. Oferujemy wysok\u0105 jako\u015b\u0107, szeroki wyb\u00f3r i dobre ceny. Zapraszamy do sprawdzenia oferty!","robots":{"index":"index","follow":"follow","max-snippet":"max-snippet:-1","max-image-preview":"max-image-preview:large","max-video-preview":"max-video-preview:-1"},"canonical":"https:\/\/plasmet.bochnia.pl\/ro\/produs\/bara-de-montaj-cu-coturi-nituite-metal\/","og_locale":"ro_RO","og_type":"article","og_title":"Bar\u0103 de montaj cu coturi nituite - metal - Plasmet","og_description":"Bar\u0103 de montaj cu coturi nituite - metal \u2013 producent i hurtownia Plasmet. Oferujemy wysok\u0105 jako\u015b\u0107, szeroki wyb\u00f3r i dobre ceny. Zapraszamy do sprawdzenia oferty!","og_url":"https:\/\/plasmet.bochnia.pl\/ro\/produs\/bara-de-montaj-cu-coturi-nituite-metal\/","og_site_name":"Plasmet","article_modified_time":"2025-11-25T21:30:18+00:00","og_image":[{"width":800,"height":600,"url":"https:\/\/plasmet.bochnia.pl\/wp-content\/uploads\/2024\/10\/listwa-montazowa-z-kolankami-metal-1-2-x-1-2-l-100.jpg","type":"image\/jpeg"}],"twitter_card":"summary_large_image","twitter_misc":{"Timp estimat pentru citire":"1 minut"},"schema":{"@context":"https:\/\/schema.org","@graph":[{"@type":"WebPage","@id":"https:\/\/plasmet.bochnia.pl\/ro\/produs\/bara-de-montaj-cu-coturi-nituite-metal\/","url":"https:\/\/plasmet.bochnia.pl\/ro\/produs\/bara-de-montaj-cu-coturi-nituite-metal\/","name":"Bar\u0103 de montaj cu coturi nituite - metal - Plasmet","isPartOf":{"@id":"https:\/\/plasmet.bochnia.pl\/ro\/#website"},"primaryImageOfPage":{"@id":"https:\/\/plasmet.bochnia.pl\/ro\/produs\/bara-de-montaj-cu-coturi-nituite-metal\/#primaryimage"},"image":{"@id":"https:\/\/plasmet.bochnia.pl\/ro\/produs\/bara-de-montaj-cu-coturi-nituite-metal\/#primaryimage"},"thumbnailUrl":"https:\/\/plasmet.bochnia.pl\/wp-content\/uploads\/2024\/10\/listwa-montazowa-z-kolankami-metal-1-2-x-1-2-l-100.jpg","datePublished":"2024-10-19T20:39:36+00:00","dateModified":"2025-11-25T21:30:18+00:00","description":"Bar\u0103 de montaj cu coturi nituite - metal \u2013 producent i hurtownia Plasmet. Oferujemy wysok\u0105 jako\u015b\u0107, szeroki wyb\u00f3r i dobre ceny. Zapraszamy do sprawdzenia oferty!","breadcrumb":{"@id":"https:\/\/plasmet.bochnia.pl\/ro\/produs\/bara-de-montaj-cu-coturi-nituite-metal\/#breadcrumb"},"inLanguage":"ro-RO","potentialAction":[{"@type":"ReadAction","target":["https:\/\/plasmet.bochnia.pl\/ro\/produs\/bara-de-montaj-cu-coturi-nituite-metal\/"]}]},{"@type":"ImageObject","inLanguage":"ro-RO","@id":"https:\/\/plasmet.bochnia.pl\/ro\/produs\/bara-de-montaj-cu-coturi-nituite-metal\/#primaryimage","url":"https:\/\/plasmet.bochnia.pl\/wp-content\/uploads\/2024\/10\/listwa-montazowa-z-kolankami-metal-1-2-x-1-2-l-100.jpg","contentUrl":"https:\/\/plasmet.bochnia.pl\/wp-content\/uploads\/2024\/10\/listwa-montazowa-z-kolankami-metal-1-2-x-1-2-l-100.jpg","width":800,"height":600,"caption":"Listwa-monta\u017cowa-z-kolankami-nitowanymi-metal-1-2-x-1-2-l-100"},{"@type":"BreadcrumbList","@id":"https:\/\/plasmet.bochnia.pl\/ro\/produs\/bara-de-montaj-cu-coturi-nituite-metal\/#breadcrumb","itemListElement":[{"@type":"ListItem","position":1,"name":"Strona g\u0142\u00f3wna","item":"https:\/\/plasmet.bochnia.pl\/ro\/"},{"@type":"ListItem","position":2,"name":"Shop","item":"https:\/\/plasmet.bochnia.pl\/ro\/magazin\/"},{"@type":"ListItem","position":3,"name":"Bar\u0103 de montaj cu coturi nituite &#8211; metal"}]},{"@type":"WebSite","@id":"https:\/\/plasmet.bochnia.pl\/ro\/#website","url":"https:\/\/plasmet.bochnia.pl\/ro\/","name":"Plasmet","description":"Plasmet","publisher":{"@id":"https:\/\/plasmet.bochnia.pl\/ro\/#organization"},"alternateName":"Plasmet","potentialAction":[{"@type":"SearchAction","target":{"@type":"EntryPoint","urlTemplate":"https:\/\/plasmet.bochnia.pl\/ro\/?s={search_term_string}"},"query-input":{"@type":"PropertyValueSpecification","valueRequired":true,"valueName":"search_term_string"}}],"inLanguage":"ro-RO"},{"@type":"Organization","@id":"https:\/\/plasmet.bochnia.pl\/ro\/#organization","name":"Plasmet","url":"https:\/\/plasmet.bochnia.pl\/ro\/","logo":{"@type":"ImageObject","inLanguage":"ro-RO","@id":"https:\/\/plasmet.bochnia.pl\/ro\/#\/schema\/logo\/image\/","url":"https:\/\/plasmet.bochnia.pl\/wp-content\/uploads\/2024\/09\/logo-z-niebieskim.webp","contentUrl":"https:\/\/plasmet.bochnia.pl\/wp-content\/uploads\/2024\/09\/logo-z-niebieskim.webp","width":512,"height":141,"caption":"Plasmet"},"image":{"@id":"https:\/\/plasmet.bochnia.pl\/ro\/#\/schema\/logo\/image\/"}}]}},"taxonomy_info":{"product_cat":[{"value":380,"label":"Instala\u021bie de ap\u0103"},{"value":598,"label":"\u0218ine de montaj"}],"pa_wersja":[{"value":192,"label":"1\/2 x 1\/2 L-100"},{"value":194,"label":"1\/2 x 1\/2 L-150"}]},"featured_image_src_large":["https:\/\/plasmet.bochnia.pl\/wp-content\/uploads\/2024\/10\/listwa-montazowa-z-kolankami-metal-1-2-x-1-2-l-100.jpg",800,600,false],"author_info":[],"comment_info":"","_links":{"self":[{"href":"https:\/\/plasmet.bochnia.pl\/ro\/wp-json\/wp\/v2\/product\/10237","targetHints":{"allow":["GET"]}}],"collection":[{"href":"https:\/\/plasmet.bochnia.pl\/ro\/wp-json\/wp\/v2\/product"}],"about":[{"href":"https:\/\/plasmet.bochnia.pl\/ro\/wp-json\/wp\/v2\/types\/product"}],"wp:featuredmedia":[{"embeddable":true,"href":"https:\/\/plasmet.bochnia.pl\/ro\/wp-json\/wp\/v2\/media\/4495"}],"wp:attachment":[{"href":"https:\/\/plasmet.bochnia.pl\/ro\/wp-json\/wp\/v2\/media?parent=10237"}],"wp:term":[{"taxonomy":"product_brand","embeddable":true,"href":"https:\/\/plasmet.bochnia.pl\/ro\/wp-json\/wp\/v2\/product_brand?post=10237"},{"taxonomy":"product_cat","embeddable":true,"href":"https:\/\/plasmet.bochnia.pl\/ro\/wp-json\/wp\/v2\/product_cat?post=10237"},{"taxonomy":"product_tag","embeddable":true,"href":"https:\/\/plasmet.bochnia.pl\/ro\/wp-json\/wp\/v2\/product_tag?post=10237"}],"curies":[{"name":"wp","href":"https:\/\/api.w.org\/{rel}","templated":true}]}}