{"id":10223,"date":"2024-10-19T22:39:36","date_gmt":"2024-10-19T20:39:36","guid":{"rendered":"https:\/\/plasmet.nospace.pl\/produkt\/banda-de-montare-din-plastic\/"},"modified":"2025-11-25T22:30:15","modified_gmt":"2025-11-25T21:30:15","slug":"banda-de-montare-din-plastic","status":"publish","type":"product","link":"https:\/\/plasmet.bochnia.pl\/ro\/produs\/banda-de-montare-din-plastic\/","title":{"rendered":"Band\u0103 de montare din plastic"},"content":{"rendered":"<h2>Band\u0103 de montare din plastic pentru robinete &#8211; u\u0219oar\u0103 \u0219i durabil\u0103<\/h2>\n<p>Band\u0103 de montare din plastic este o solu\u021bie economic\u0103 \u0219i eficient\u0103 pentru fixarea stabil\u0103 a robinetelor \u00een instala\u021biile de ap\u0103. Fabricat\u0103 din plastic de \u00eenalt\u0103 calitate, garnitura este rezistent\u0103 la umiditate. <\/p>\n<h3>Aplica\u021bie<\/h3>\n<p>Banda de montare din plastic este utilizat\u0103 pe scar\u0103 larg\u0103 \u00een instala\u021biile de ap\u0103, unde u\u0219urin\u021ba \u0219i u\u0219urin\u021ba de instalare datorit\u0103 num\u0103rului mare de g\u0103uri de instalare sunt importante.<\/p>\n<h3>Avantaje<\/h3>\n<ul>\n<li>Rezisten\u021b\u0103 la umezeal\u0103,<\/li>\n<li>Instalare u\u0219oar\u0103 datorit\u0103 construc\u021biei u\u0219oare \u0219i a num\u0103rului mare de g\u0103uri de montare,<\/li>\n<li>O solu\u021bie rentabil\u0103 pentru instalare.<\/li>\n<\/ul>\n<p>Banda noastr\u0103 de montare din plastic este solu\u021bia ideal\u0103 pentru companiile care caut\u0103 un produs de instalare durabil \u0219i u\u0219or, care ofer\u0103 \u00een acela\u0219i timp o instalare rapid\u0103 \u0219i o rezisten\u021b\u0103 ridicat\u0103 la factorii externi.<\/p>\n","protected":false},"excerpt":{"rendered":"<p>Banda de montare din plastic este un produs u\u0219or, dar robust pentru fixarea robinetelor. Ideal\u0103 pentru aplica\u021bii de ap\u0103 \u0219i instala\u021bii sanitare. <\/p>\n","protected":false},"featured_media":4533,"template":"","meta":{"_acf_changed":false,"_kad_blocks_custom_css":"","_kad_blocks_head_custom_js":"","_kad_blocks_body_custom_js":"","_kad_blocks_footer_custom_js":"","_kad_post_transparent":"","_kad_post_title":"","_kad_post_layout":"","_kad_post_sidebar_id":"","_kad_post_content_style":"","_kad_post_vertical_padding":"","_kad_post_feature":"","_kad_post_feature_position":"","_kad_post_header":false,"_kad_post_footer":false,"_kad_post_classname":""},"product_brand":[],"product_cat":[380,598],"product_tag":[],"class_list":{"0":"post-10223","1":"product","2":"type-product","3":"status-publish","4":"has-post-thumbnail","6":"product_cat-instalatie-de-apa","7":"product_cat-sine-de-montaj","8":"pa_kolor-alb","10":"first","11":"instock","12":"product-type-variable","13":"entry","14":"content-bg","15":"loop-entry"},"acf":[],"yoast_head":"<!-- This site is optimized with the Yoast SEO plugin v25.1 - https:\/\/yoast.com\/wordpress\/plugins\/seo\/ -->\n<title>Band\u0103 de montare din plastic - Plasmet<\/title>\n<meta name=\"description\" content=\"Band\u0103 de montare din plastic \u2013 producent i hurtownia Plasmet. Oferujemy wysok\u0105 jako\u015b\u0107, szeroki wyb\u00f3r i dobre ceny. Zapraszamy do sprawdzenia oferty!\" \/>\n<meta name=\"robots\" content=\"index, follow, max-snippet:-1, max-image-preview:large, max-video-preview:-1\" \/>\n<link rel=\"canonical\" href=\"https:\/\/plasmet.bochnia.pl\/ro\/produs\/banda-de-montare-din-plastic\/\" \/>\n<meta property=\"og:locale\" content=\"ro_RO\" \/>\n<meta property=\"og:type\" content=\"article\" \/>\n<meta property=\"og:title\" content=\"Band\u0103 de montare din plastic - Plasmet\" \/>\n<meta property=\"og:description\" content=\"Band\u0103 de montare din plastic \u2013 producent i hurtownia Plasmet. Oferujemy wysok\u0105 jako\u015b\u0107, szeroki wyb\u00f3r i dobre ceny. Zapraszamy do sprawdzenia oferty!\" \/>\n<meta property=\"og:url\" content=\"https:\/\/plasmet.bochnia.pl\/ro\/produs\/banda-de-montare-din-plastic\/\" \/>\n<meta property=\"og:site_name\" content=\"Plasmet\" \/>\n<meta property=\"article:modified_time\" content=\"2025-11-25T21:30:15+00:00\" \/>\n<meta property=\"og:image\" content=\"https:\/\/plasmet.bochnia.pl\/wp-content\/uploads\/2024\/10\/listwa-montazowa-plastikowa-150.jpg\" \/>\n\t<meta property=\"og:image:width\" content=\"800\" \/>\n\t<meta property=\"og:image:height\" content=\"600\" \/>\n\t<meta property=\"og:image:type\" content=\"image\/jpeg\" \/>\n<meta name=\"twitter:card\" content=\"summary_large_image\" \/>\n<meta name=\"twitter:label1\" content=\"Timp estimat pentru citire\" \/>\n\t<meta name=\"twitter:data1\" content=\"1 minut\" \/>\n<script type=\"application\/ld+json\" class=\"yoast-schema-graph\">{\"@context\":\"https:\/\/schema.org\",\"@graph\":[{\"@type\":\"WebPage\",\"@id\":\"https:\/\/plasmet.bochnia.pl\/ro\/produs\/banda-de-montare-din-plastic\/\",\"url\":\"https:\/\/plasmet.bochnia.pl\/ro\/produs\/banda-de-montare-din-plastic\/\",\"name\":\"Band\u0103 de montare din plastic - Plasmet\",\"isPartOf\":{\"@id\":\"https:\/\/plasmet.bochnia.pl\/ro\/#website\"},\"primaryImageOfPage\":{\"@id\":\"https:\/\/plasmet.bochnia.pl\/ro\/produs\/banda-de-montare-din-plastic\/#primaryimage\"},\"image\":{\"@id\":\"https:\/\/plasmet.bochnia.pl\/ro\/produs\/banda-de-montare-din-plastic\/#primaryimage\"},\"thumbnailUrl\":\"https:\/\/plasmet.bochnia.pl\/wp-content\/uploads\/2024\/10\/listwa-montazowa-plastikowa-150.jpg\",\"datePublished\":\"2024-10-19T20:39:36+00:00\",\"dateModified\":\"2025-11-25T21:30:15+00:00\",\"description\":\"Band\u0103 de montare din plastic \u2013 producent i hurtownia Plasmet. Oferujemy wysok\u0105 jako\u015b\u0107, szeroki wyb\u00f3r i dobre ceny. Zapraszamy do sprawdzenia oferty!\",\"breadcrumb\":{\"@id\":\"https:\/\/plasmet.bochnia.pl\/ro\/produs\/banda-de-montare-din-plastic\/#breadcrumb\"},\"inLanguage\":\"ro-RO\",\"potentialAction\":[{\"@type\":\"ReadAction\",\"target\":[\"https:\/\/plasmet.bochnia.pl\/ro\/produs\/banda-de-montare-din-plastic\/\"]}]},{\"@type\":\"ImageObject\",\"inLanguage\":\"ro-RO\",\"@id\":\"https:\/\/plasmet.bochnia.pl\/ro\/produs\/banda-de-montare-din-plastic\/#primaryimage\",\"url\":\"https:\/\/plasmet.bochnia.pl\/wp-content\/uploads\/2024\/10\/listwa-montazowa-plastikowa-150.jpg\",\"contentUrl\":\"https:\/\/plasmet.bochnia.pl\/wp-content\/uploads\/2024\/10\/listwa-montazowa-plastikowa-150.jpg\",\"width\":800,\"height\":600,\"caption\":\"plint\u0103 din plastic-150\"},{\"@type\":\"BreadcrumbList\",\"@id\":\"https:\/\/plasmet.bochnia.pl\/ro\/produs\/banda-de-montare-din-plastic\/#breadcrumb\",\"itemListElement\":[{\"@type\":\"ListItem\",\"position\":1,\"name\":\"Strona g\u0142\u00f3wna\",\"item\":\"https:\/\/plasmet.bochnia.pl\/ro\/\"},{\"@type\":\"ListItem\",\"position\":2,\"name\":\"Shop\",\"item\":\"https:\/\/plasmet.bochnia.pl\/ro\/magazin\/\"},{\"@type\":\"ListItem\",\"position\":3,\"name\":\"Band\u0103 de montare din plastic\"}]},{\"@type\":\"WebSite\",\"@id\":\"https:\/\/plasmet.bochnia.pl\/ro\/#website\",\"url\":\"https:\/\/plasmet.bochnia.pl\/ro\/\",\"name\":\"Plasmet\",\"description\":\"Plasmet\",\"publisher\":{\"@id\":\"https:\/\/plasmet.bochnia.pl\/ro\/#organization\"},\"alternateName\":\"Plasmet\",\"potentialAction\":[{\"@type\":\"SearchAction\",\"target\":{\"@type\":\"EntryPoint\",\"urlTemplate\":\"https:\/\/plasmet.bochnia.pl\/ro\/?s={search_term_string}\"},\"query-input\":{\"@type\":\"PropertyValueSpecification\",\"valueRequired\":true,\"valueName\":\"search_term_string\"}}],\"inLanguage\":\"ro-RO\"},{\"@type\":\"Organization\",\"@id\":\"https:\/\/plasmet.bochnia.pl\/ro\/#organization\",\"name\":\"Plasmet\",\"url\":\"https:\/\/plasmet.bochnia.pl\/ro\/\",\"logo\":{\"@type\":\"ImageObject\",\"inLanguage\":\"ro-RO\",\"@id\":\"https:\/\/plasmet.bochnia.pl\/ro\/#\/schema\/logo\/image\/\",\"url\":\"https:\/\/plasmet.bochnia.pl\/wp-content\/uploads\/2024\/09\/logo-z-niebieskim.webp\",\"contentUrl\":\"https:\/\/plasmet.bochnia.pl\/wp-content\/uploads\/2024\/09\/logo-z-niebieskim.webp\",\"width\":512,\"height\":141,\"caption\":\"Plasmet\"},\"image\":{\"@id\":\"https:\/\/plasmet.bochnia.pl\/ro\/#\/schema\/logo\/image\/\"}}]}<\/script>\n<!-- \/ Yoast SEO plugin. -->","yoast_head_json":{"title":"Band\u0103 de montare din plastic - Plasmet","description":"Band\u0103 de montare din plastic \u2013 producent i hurtownia Plasmet. Oferujemy wysok\u0105 jako\u015b\u0107, szeroki wyb\u00f3r i dobre ceny. Zapraszamy do sprawdzenia oferty!","robots":{"index":"index","follow":"follow","max-snippet":"max-snippet:-1","max-image-preview":"max-image-preview:large","max-video-preview":"max-video-preview:-1"},"canonical":"https:\/\/plasmet.bochnia.pl\/ro\/produs\/banda-de-montare-din-plastic\/","og_locale":"ro_RO","og_type":"article","og_title":"Band\u0103 de montare din plastic - Plasmet","og_description":"Band\u0103 de montare din plastic \u2013 producent i hurtownia Plasmet. Oferujemy wysok\u0105 jako\u015b\u0107, szeroki wyb\u00f3r i dobre ceny. Zapraszamy do sprawdzenia oferty!","og_url":"https:\/\/plasmet.bochnia.pl\/ro\/produs\/banda-de-montare-din-plastic\/","og_site_name":"Plasmet","article_modified_time":"2025-11-25T21:30:15+00:00","og_image":[{"width":800,"height":600,"url":"https:\/\/plasmet.bochnia.pl\/wp-content\/uploads\/2024\/10\/listwa-montazowa-plastikowa-150.jpg","type":"image\/jpeg"}],"twitter_card":"summary_large_image","twitter_misc":{"Timp estimat pentru citire":"1 minut"},"schema":{"@context":"https:\/\/schema.org","@graph":[{"@type":"WebPage","@id":"https:\/\/plasmet.bochnia.pl\/ro\/produs\/banda-de-montare-din-plastic\/","url":"https:\/\/plasmet.bochnia.pl\/ro\/produs\/banda-de-montare-din-plastic\/","name":"Band\u0103 de montare din plastic - Plasmet","isPartOf":{"@id":"https:\/\/plasmet.bochnia.pl\/ro\/#website"},"primaryImageOfPage":{"@id":"https:\/\/plasmet.bochnia.pl\/ro\/produs\/banda-de-montare-din-plastic\/#primaryimage"},"image":{"@id":"https:\/\/plasmet.bochnia.pl\/ro\/produs\/banda-de-montare-din-plastic\/#primaryimage"},"thumbnailUrl":"https:\/\/plasmet.bochnia.pl\/wp-content\/uploads\/2024\/10\/listwa-montazowa-plastikowa-150.jpg","datePublished":"2024-10-19T20:39:36+00:00","dateModified":"2025-11-25T21:30:15+00:00","description":"Band\u0103 de montare din plastic \u2013 producent i hurtownia Plasmet. Oferujemy wysok\u0105 jako\u015b\u0107, szeroki wyb\u00f3r i dobre ceny. Zapraszamy do sprawdzenia oferty!","breadcrumb":{"@id":"https:\/\/plasmet.bochnia.pl\/ro\/produs\/banda-de-montare-din-plastic\/#breadcrumb"},"inLanguage":"ro-RO","potentialAction":[{"@type":"ReadAction","target":["https:\/\/plasmet.bochnia.pl\/ro\/produs\/banda-de-montare-din-plastic\/"]}]},{"@type":"ImageObject","inLanguage":"ro-RO","@id":"https:\/\/plasmet.bochnia.pl\/ro\/produs\/banda-de-montare-din-plastic\/#primaryimage","url":"https:\/\/plasmet.bochnia.pl\/wp-content\/uploads\/2024\/10\/listwa-montazowa-plastikowa-150.jpg","contentUrl":"https:\/\/plasmet.bochnia.pl\/wp-content\/uploads\/2024\/10\/listwa-montazowa-plastikowa-150.jpg","width":800,"height":600,"caption":"plint\u0103 din plastic-150"},{"@type":"BreadcrumbList","@id":"https:\/\/plasmet.bochnia.pl\/ro\/produs\/banda-de-montare-din-plastic\/#breadcrumb","itemListElement":[{"@type":"ListItem","position":1,"name":"Strona g\u0142\u00f3wna","item":"https:\/\/plasmet.bochnia.pl\/ro\/"},{"@type":"ListItem","position":2,"name":"Shop","item":"https:\/\/plasmet.bochnia.pl\/ro\/magazin\/"},{"@type":"ListItem","position":3,"name":"Band\u0103 de montare din plastic"}]},{"@type":"WebSite","@id":"https:\/\/plasmet.bochnia.pl\/ro\/#website","url":"https:\/\/plasmet.bochnia.pl\/ro\/","name":"Plasmet","description":"Plasmet","publisher":{"@id":"https:\/\/plasmet.bochnia.pl\/ro\/#organization"},"alternateName":"Plasmet","potentialAction":[{"@type":"SearchAction","target":{"@type":"EntryPoint","urlTemplate":"https:\/\/plasmet.bochnia.pl\/ro\/?s={search_term_string}"},"query-input":{"@type":"PropertyValueSpecification","valueRequired":true,"valueName":"search_term_string"}}],"inLanguage":"ro-RO"},{"@type":"Organization","@id":"https:\/\/plasmet.bochnia.pl\/ro\/#organization","name":"Plasmet","url":"https:\/\/plasmet.bochnia.pl\/ro\/","logo":{"@type":"ImageObject","inLanguage":"ro-RO","@id":"https:\/\/plasmet.bochnia.pl\/ro\/#\/schema\/logo\/image\/","url":"https:\/\/plasmet.bochnia.pl\/wp-content\/uploads\/2024\/09\/logo-z-niebieskim.webp","contentUrl":"https:\/\/plasmet.bochnia.pl\/wp-content\/uploads\/2024\/09\/logo-z-niebieskim.webp","width":512,"height":141,"caption":"Plasmet"},"image":{"@id":"https:\/\/plasmet.bochnia.pl\/ro\/#\/schema\/logo\/image\/"}}]}},"taxonomy_info":{"product_cat":[{"value":380,"label":"Instala\u021bie de ap\u0103"},{"value":598,"label":"\u0218ine de montaj"}],"pa_kolor":[{"value":101,"label":"Alb"}]},"featured_image_src_large":["https:\/\/plasmet.bochnia.pl\/wp-content\/uploads\/2024\/10\/listwa-montazowa-plastikowa-150.jpg",800,600,false],"author_info":[],"comment_info":"","_links":{"self":[{"href":"https:\/\/plasmet.bochnia.pl\/ro\/wp-json\/wp\/v2\/product\/10223","targetHints":{"allow":["GET"]}}],"collection":[{"href":"https:\/\/plasmet.bochnia.pl\/ro\/wp-json\/wp\/v2\/product"}],"about":[{"href":"https:\/\/plasmet.bochnia.pl\/ro\/wp-json\/wp\/v2\/types\/product"}],"wp:featuredmedia":[{"embeddable":true,"href":"https:\/\/plasmet.bochnia.pl\/ro\/wp-json\/wp\/v2\/media\/4533"}],"wp:attachment":[{"href":"https:\/\/plasmet.bochnia.pl\/ro\/wp-json\/wp\/v2\/media?parent=10223"}],"wp:term":[{"taxonomy":"product_brand","embeddable":true,"href":"https:\/\/plasmet.bochnia.pl\/ro\/wp-json\/wp\/v2\/product_brand?post=10223"},{"taxonomy":"product_cat","embeddable":true,"href":"https:\/\/plasmet.bochnia.pl\/ro\/wp-json\/wp\/v2\/product_cat?post=10223"},{"taxonomy":"product_tag","embeddable":true,"href":"https:\/\/plasmet.bochnia.pl\/ro\/wp-json\/wp\/v2\/product_tag?post=10223"}],"curies":[{"name":"wp","href":"https:\/\/api.w.org\/{rel}","templated":true}]}}