{"id":10213,"date":"2024-10-19T22:39:43","date_gmt":"2024-10-19T20:39:43","guid":{"rendered":"https:\/\/plasmet.nospace.pl\/produkt\/dop-de-scurgere-pentru-chiuvete-si-bai\/"},"modified":"2025-11-25T22:30:09","modified_gmt":"2025-11-25T21:30:09","slug":"dop-de-scurgere-pentru-chiuvete-si-bai","status":"publish","type":"product","link":"https:\/\/plasmet.bochnia.pl\/ro\/produs\/dop-de-scurgere-pentru-chiuvete-si-bai\/","title":{"rendered":"Dop de scurgere pentru chiuvete \u0219i b\u0103i"},"content":{"rendered":"<h2>Dispozitiv de \u00eenchidere a sifonului pentru chiuvet\u0103\/tuv\u0103 &#8211; durabilitate \u0219i etan\u0219eitate<\/h2>\n<p>Dopul de sifon pentru chiuvet\u0103 sau cad\u0103 asigur\u0103 o \u00eenchidere etan\u0219\u0103 \u0219i va opri eficient apa din chiuvet\u0103 sau cad\u0103. Fabricat din materiale durabile, este rezistent la deterior\u0103ri mecanice \u0219i la efectele detergen\u021bilor, ceea ce \u00eel face ideal pentru utilizarea pe termen lung \u00een sistemele de drenaj. <\/p>\n<h3>Avantaje<\/h3>\n<ul>\n<li>Etan\u0219eitate ridicat\u0103<\/li>\n<li>Rezisten\u021b\u0103 la detergen\u021bi<\/li>\n<\/ul>\n","protected":false},"excerpt":{"rendered":"<p>Dop de sifon conceput pentru a opri apa \u00een chiuvet\u0103 sau baie. Durabil \u0219i rezistent la scurgeri. <\/p>\n","protected":false},"featured_media":4583,"template":"","meta":{"_acf_changed":false,"_kad_blocks_custom_css":"","_kad_blocks_head_custom_js":"","_kad_blocks_body_custom_js":"","_kad_blocks_footer_custom_js":"","_kad_post_transparent":"","_kad_post_title":"","_kad_post_layout":"","_kad_post_sidebar_id":"","_kad_post_content_style":"","_kad_post_vertical_padding":"","_kad_post_feature":"","_kad_post_feature_position":"","_kad_post_header":false,"_kad_post_footer":false,"_kad_post_classname":""},"product_brand":[],"product_cat":[595,380],"product_tag":[],"class_list":{"0":"post-10213","1":"product","2":"type-product","3":"status-publish","4":"has-post-thumbnail","6":"product_cat-dopuri-si-pompe-pentru-desfundare-canalizare","7":"product_cat-instalatie-de-apa","8":"pa_kolor-negru","10":"first","11":"instock","12":"product-type-variable","13":"entry","14":"content-bg","15":"loop-entry"},"acf":[],"yoast_head":"<!-- This site is optimized with the Yoast SEO plugin v25.1 - https:\/\/yoast.com\/wordpress\/plugins\/seo\/ -->\n<title>Dop de scurgere pentru chiuvete \u0219i b\u0103i - Plasmet<\/title>\n<meta name=\"description\" content=\"Dop de scurgere pentru chiuvete \u0219i b\u0103i \u2013 producent i hurtownia Plasmet. Oferujemy wysok\u0105 jako\u015b\u0107, szeroki wyb\u00f3r i dobre ceny. Zapraszamy do sprawdzenia oferty!\" \/>\n<meta name=\"robots\" content=\"index, follow, max-snippet:-1, max-image-preview:large, max-video-preview:-1\" \/>\n<link rel=\"canonical\" href=\"https:\/\/plasmet.bochnia.pl\/ro\/produs\/dop-de-scurgere-pentru-chiuvete-si-bai\/\" \/>\n<meta property=\"og:locale\" content=\"ro_RO\" \/>\n<meta property=\"og:type\" content=\"article\" \/>\n<meta property=\"og:title\" content=\"Dop de scurgere pentru chiuvete \u0219i b\u0103i - Plasmet\" \/>\n<meta property=\"og:description\" content=\"Dop de scurgere pentru chiuvete \u0219i b\u0103i \u2013 producent i hurtownia Plasmet. Oferujemy wysok\u0105 jako\u015b\u0107, szeroki wyb\u00f3r i dobre ceny. Zapraszamy do sprawdzenia oferty!\" \/>\n<meta property=\"og:url\" content=\"https:\/\/plasmet.bochnia.pl\/ro\/produs\/dop-de-scurgere-pentru-chiuvete-si-bai\/\" \/>\n<meta property=\"og:site_name\" content=\"Plasmet\" \/>\n<meta property=\"article:modified_time\" content=\"2025-11-25T21:30:09+00:00\" \/>\n<meta property=\"og:image\" content=\"https:\/\/plasmet.bochnia.pl\/wp-content\/uploads\/2024\/10\/korek-syfonu-zlewu-wanny.jpg\" \/>\n\t<meta property=\"og:image:width\" content=\"800\" \/>\n\t<meta property=\"og:image:height\" content=\"600\" \/>\n\t<meta property=\"og:image:type\" content=\"image\/jpeg\" \/>\n<meta name=\"twitter:card\" content=\"summary_large_image\" \/>\n<script type=\"application\/ld+json\" class=\"yoast-schema-graph\">{\"@context\":\"https:\/\/schema.org\",\"@graph\":[{\"@type\":\"WebPage\",\"@id\":\"https:\/\/plasmet.bochnia.pl\/ro\/produs\/dop-de-scurgere-pentru-chiuvete-si-bai\/\",\"url\":\"https:\/\/plasmet.bochnia.pl\/ro\/produs\/dop-de-scurgere-pentru-chiuvete-si-bai\/\",\"name\":\"Dop de scurgere pentru chiuvete \u0219i b\u0103i - Plasmet\",\"isPartOf\":{\"@id\":\"https:\/\/plasmet.bochnia.pl\/ro\/#website\"},\"primaryImageOfPage\":{\"@id\":\"https:\/\/plasmet.bochnia.pl\/ro\/produs\/dop-de-scurgere-pentru-chiuvete-si-bai\/#primaryimage\"},\"image\":{\"@id\":\"https:\/\/plasmet.bochnia.pl\/ro\/produs\/dop-de-scurgere-pentru-chiuvete-si-bai\/#primaryimage\"},\"thumbnailUrl\":\"https:\/\/plasmet.bochnia.pl\/wp-content\/uploads\/2024\/10\/korek-syfonu-zlewu-wanny.jpg\",\"datePublished\":\"2024-10-19T20:39:43+00:00\",\"dateModified\":\"2025-11-25T21:30:09+00:00\",\"description\":\"Dop de scurgere pentru chiuvete \u0219i b\u0103i \u2013 producent i hurtownia Plasmet. Oferujemy wysok\u0105 jako\u015b\u0107, szeroki wyb\u00f3r i dobre ceny. Zapraszamy do sprawdzenia oferty!\",\"breadcrumb\":{\"@id\":\"https:\/\/plasmet.bochnia.pl\/ro\/produs\/dop-de-scurgere-pentru-chiuvete-si-bai\/#breadcrumb\"},\"inLanguage\":\"ro-RO\",\"potentialAction\":[{\"@type\":\"ReadAction\",\"target\":[\"https:\/\/plasmet.bochnia.pl\/ro\/produs\/dop-de-scurgere-pentru-chiuvete-si-bai\/\"]}]},{\"@type\":\"ImageObject\",\"inLanguage\":\"ro-RO\",\"@id\":\"https:\/\/plasmet.bochnia.pl\/ro\/produs\/dop-de-scurgere-pentru-chiuvete-si-bai\/#primaryimage\",\"url\":\"https:\/\/plasmet.bochnia.pl\/wp-content\/uploads\/2024\/10\/korek-syfonu-zlewu-wanny.jpg\",\"contentUrl\":\"https:\/\/plasmet.bochnia.pl\/wp-content\/uploads\/2024\/10\/korek-syfonu-zlewu-wanny.jpg\",\"width\":800,\"height\":600,\"caption\":\"dop-sifon-fund de chiuvet\u0103-baie\"},{\"@type\":\"BreadcrumbList\",\"@id\":\"https:\/\/plasmet.bochnia.pl\/ro\/produs\/dop-de-scurgere-pentru-chiuvete-si-bai\/#breadcrumb\",\"itemListElement\":[{\"@type\":\"ListItem\",\"position\":1,\"name\":\"Strona g\u0142\u00f3wna\",\"item\":\"https:\/\/plasmet.bochnia.pl\/ro\/\"},{\"@type\":\"ListItem\",\"position\":2,\"name\":\"Shop\",\"item\":\"https:\/\/plasmet.bochnia.pl\/ro\/magazin\/\"},{\"@type\":\"ListItem\",\"position\":3,\"name\":\"Dop de scurgere pentru chiuvete \u0219i b\u0103i\"}]},{\"@type\":\"WebSite\",\"@id\":\"https:\/\/plasmet.bochnia.pl\/ro\/#website\",\"url\":\"https:\/\/plasmet.bochnia.pl\/ro\/\",\"name\":\"Plasmet\",\"description\":\"Plasmet\",\"publisher\":{\"@id\":\"https:\/\/plasmet.bochnia.pl\/ro\/#organization\"},\"alternateName\":\"Plasmet\",\"potentialAction\":[{\"@type\":\"SearchAction\",\"target\":{\"@type\":\"EntryPoint\",\"urlTemplate\":\"https:\/\/plasmet.bochnia.pl\/ro\/?s={search_term_string}\"},\"query-input\":{\"@type\":\"PropertyValueSpecification\",\"valueRequired\":true,\"valueName\":\"search_term_string\"}}],\"inLanguage\":\"ro-RO\"},{\"@type\":\"Organization\",\"@id\":\"https:\/\/plasmet.bochnia.pl\/ro\/#organization\",\"name\":\"Plasmet\",\"url\":\"https:\/\/plasmet.bochnia.pl\/ro\/\",\"logo\":{\"@type\":\"ImageObject\",\"inLanguage\":\"ro-RO\",\"@id\":\"https:\/\/plasmet.bochnia.pl\/ro\/#\/schema\/logo\/image\/\",\"url\":\"https:\/\/plasmet.bochnia.pl\/wp-content\/uploads\/2024\/09\/logo-z-niebieskim.webp\",\"contentUrl\":\"https:\/\/plasmet.bochnia.pl\/wp-content\/uploads\/2024\/09\/logo-z-niebieskim.webp\",\"width\":512,\"height\":141,\"caption\":\"Plasmet\"},\"image\":{\"@id\":\"https:\/\/plasmet.bochnia.pl\/ro\/#\/schema\/logo\/image\/\"}}]}<\/script>\n<!-- \/ Yoast SEO plugin. -->","yoast_head_json":{"title":"Dop de scurgere pentru chiuvete \u0219i b\u0103i - Plasmet","description":"Dop de scurgere pentru chiuvete \u0219i b\u0103i \u2013 producent i hurtownia Plasmet. Oferujemy wysok\u0105 jako\u015b\u0107, szeroki wyb\u00f3r i dobre ceny. Zapraszamy do sprawdzenia oferty!","robots":{"index":"index","follow":"follow","max-snippet":"max-snippet:-1","max-image-preview":"max-image-preview:large","max-video-preview":"max-video-preview:-1"},"canonical":"https:\/\/plasmet.bochnia.pl\/ro\/produs\/dop-de-scurgere-pentru-chiuvete-si-bai\/","og_locale":"ro_RO","og_type":"article","og_title":"Dop de scurgere pentru chiuvete \u0219i b\u0103i - Plasmet","og_description":"Dop de scurgere pentru chiuvete \u0219i b\u0103i \u2013 producent i hurtownia Plasmet. Oferujemy wysok\u0105 jako\u015b\u0107, szeroki wyb\u00f3r i dobre ceny. Zapraszamy do sprawdzenia oferty!","og_url":"https:\/\/plasmet.bochnia.pl\/ro\/produs\/dop-de-scurgere-pentru-chiuvete-si-bai\/","og_site_name":"Plasmet","article_modified_time":"2025-11-25T21:30:09+00:00","og_image":[{"width":800,"height":600,"url":"https:\/\/plasmet.bochnia.pl\/wp-content\/uploads\/2024\/10\/korek-syfonu-zlewu-wanny.jpg","type":"image\/jpeg"}],"twitter_card":"summary_large_image","schema":{"@context":"https:\/\/schema.org","@graph":[{"@type":"WebPage","@id":"https:\/\/plasmet.bochnia.pl\/ro\/produs\/dop-de-scurgere-pentru-chiuvete-si-bai\/","url":"https:\/\/plasmet.bochnia.pl\/ro\/produs\/dop-de-scurgere-pentru-chiuvete-si-bai\/","name":"Dop de scurgere pentru chiuvete \u0219i b\u0103i - Plasmet","isPartOf":{"@id":"https:\/\/plasmet.bochnia.pl\/ro\/#website"},"primaryImageOfPage":{"@id":"https:\/\/plasmet.bochnia.pl\/ro\/produs\/dop-de-scurgere-pentru-chiuvete-si-bai\/#primaryimage"},"image":{"@id":"https:\/\/plasmet.bochnia.pl\/ro\/produs\/dop-de-scurgere-pentru-chiuvete-si-bai\/#primaryimage"},"thumbnailUrl":"https:\/\/plasmet.bochnia.pl\/wp-content\/uploads\/2024\/10\/korek-syfonu-zlewu-wanny.jpg","datePublished":"2024-10-19T20:39:43+00:00","dateModified":"2025-11-25T21:30:09+00:00","description":"Dop de scurgere pentru chiuvete \u0219i b\u0103i \u2013 producent i hurtownia Plasmet. Oferujemy wysok\u0105 jako\u015b\u0107, szeroki wyb\u00f3r i dobre ceny. Zapraszamy do sprawdzenia oferty!","breadcrumb":{"@id":"https:\/\/plasmet.bochnia.pl\/ro\/produs\/dop-de-scurgere-pentru-chiuvete-si-bai\/#breadcrumb"},"inLanguage":"ro-RO","potentialAction":[{"@type":"ReadAction","target":["https:\/\/plasmet.bochnia.pl\/ro\/produs\/dop-de-scurgere-pentru-chiuvete-si-bai\/"]}]},{"@type":"ImageObject","inLanguage":"ro-RO","@id":"https:\/\/plasmet.bochnia.pl\/ro\/produs\/dop-de-scurgere-pentru-chiuvete-si-bai\/#primaryimage","url":"https:\/\/plasmet.bochnia.pl\/wp-content\/uploads\/2024\/10\/korek-syfonu-zlewu-wanny.jpg","contentUrl":"https:\/\/plasmet.bochnia.pl\/wp-content\/uploads\/2024\/10\/korek-syfonu-zlewu-wanny.jpg","width":800,"height":600,"caption":"dop-sifon-fund de chiuvet\u0103-baie"},{"@type":"BreadcrumbList","@id":"https:\/\/plasmet.bochnia.pl\/ro\/produs\/dop-de-scurgere-pentru-chiuvete-si-bai\/#breadcrumb","itemListElement":[{"@type":"ListItem","position":1,"name":"Strona g\u0142\u00f3wna","item":"https:\/\/plasmet.bochnia.pl\/ro\/"},{"@type":"ListItem","position":2,"name":"Shop","item":"https:\/\/plasmet.bochnia.pl\/ro\/magazin\/"},{"@type":"ListItem","position":3,"name":"Dop de scurgere pentru chiuvete \u0219i b\u0103i"}]},{"@type":"WebSite","@id":"https:\/\/plasmet.bochnia.pl\/ro\/#website","url":"https:\/\/plasmet.bochnia.pl\/ro\/","name":"Plasmet","description":"Plasmet","publisher":{"@id":"https:\/\/plasmet.bochnia.pl\/ro\/#organization"},"alternateName":"Plasmet","potentialAction":[{"@type":"SearchAction","target":{"@type":"EntryPoint","urlTemplate":"https:\/\/plasmet.bochnia.pl\/ro\/?s={search_term_string}"},"query-input":{"@type":"PropertyValueSpecification","valueRequired":true,"valueName":"search_term_string"}}],"inLanguage":"ro-RO"},{"@type":"Organization","@id":"https:\/\/plasmet.bochnia.pl\/ro\/#organization","name":"Plasmet","url":"https:\/\/plasmet.bochnia.pl\/ro\/","logo":{"@type":"ImageObject","inLanguage":"ro-RO","@id":"https:\/\/plasmet.bochnia.pl\/ro\/#\/schema\/logo\/image\/","url":"https:\/\/plasmet.bochnia.pl\/wp-content\/uploads\/2024\/09\/logo-z-niebieskim.webp","contentUrl":"https:\/\/plasmet.bochnia.pl\/wp-content\/uploads\/2024\/09\/logo-z-niebieskim.webp","width":512,"height":141,"caption":"Plasmet"},"image":{"@id":"https:\/\/plasmet.bochnia.pl\/ro\/#\/schema\/logo\/image\/"}}]}},"taxonomy_info":{"product_cat":[{"value":595,"label":"Dopuri \u0219i pompe pentru desfundare canalizare"},{"value":380,"label":"Instala\u021bie de ap\u0103"}],"pa_kolor":[{"value":103,"label":"Negru"}]},"featured_image_src_large":["https:\/\/plasmet.bochnia.pl\/wp-content\/uploads\/2024\/10\/korek-syfonu-zlewu-wanny.jpg",800,600,false],"author_info":[],"comment_info":"","_links":{"self":[{"href":"https:\/\/plasmet.bochnia.pl\/ro\/wp-json\/wp\/v2\/product\/10213","targetHints":{"allow":["GET"]}}],"collection":[{"href":"https:\/\/plasmet.bochnia.pl\/ro\/wp-json\/wp\/v2\/product"}],"about":[{"href":"https:\/\/plasmet.bochnia.pl\/ro\/wp-json\/wp\/v2\/types\/product"}],"wp:featuredmedia":[{"embeddable":true,"href":"https:\/\/plasmet.bochnia.pl\/ro\/wp-json\/wp\/v2\/media\/4583"}],"wp:attachment":[{"href":"https:\/\/plasmet.bochnia.pl\/ro\/wp-json\/wp\/v2\/media?parent=10213"}],"wp:term":[{"taxonomy":"product_brand","embeddable":true,"href":"https:\/\/plasmet.bochnia.pl\/ro\/wp-json\/wp\/v2\/product_brand?post=10213"},{"taxonomy":"product_cat","embeddable":true,"href":"https:\/\/plasmet.bochnia.pl\/ro\/wp-json\/wp\/v2\/product_cat?post=10213"},{"taxonomy":"product_tag","embeddable":true,"href":"https:\/\/plasmet.bochnia.pl\/ro\/wp-json\/wp\/v2\/product_tag?post=10213"}],"curies":[{"name":"wp","href":"https:\/\/api.w.org\/{rel}","templated":true}]}}