{"id":17161,"date":"2024-10-21T11:18:04","date_gmt":"2024-10-21T09:18:04","guid":{"rendered":"https:\/\/plasmet.bochnia.pl\/?post_type=product&#038;p=17161"},"modified":"2025-08-30T12:47:57","modified_gmt":"2025-08-30T10:47:57","slug":"juego-de-reparacion-para-cisterna-baja-nuevo-tipo","status":"publish","type":"product","link":"https:\/\/plasmet.bochnia.pl\/es\/producto\/juego-de-reparacion-para-cisterna-baja-nuevo-tipo\/","title":{"rendered":"Juego de reparaci\u00f3n para cisterna baja \u2013 Nuevo tipo"},"content":{"rendered":"<h2>Juego de reparaci\u00f3n para cisterna baja \u2013 Nuevo tipo<\/h2>\n<p><strong>Juego de reparaci\u00f3n para cisterna baja \u2013 Nuevo tipo<\/strong> es un kit que permite reparar de manera r\u00e1pida y sencilla los sistemas de descarga modernos \u2013 cisternas bajas. El juego incluye todas las piezas necesarias para eliminar fugas y restaurar el funcionamiento completo del sistema. Ideal para la reparaci\u00f3n de modelos contempor\u00e1neos de cisternas bajas, garantiza durabilidad y un funcionamiento fiable durante muchos a\u00f1os.<\/p>\n<h3>Principales ventajas del producto:<\/h3>\n<ul>\n<li>Kit de reparaci\u00f3n completo para cisternas bajas modernas,<\/li>\n<li>F\u00e1cil de instalar, dise\u00f1ado para los modelos m\u00e1s recientes,<\/li>\n<li>Asegura estanqueidad y fiabilidad del sistema de descarga.<\/li>\n<\/ul>\n<p>El juego de reparaci\u00f3n para cisterna baja \u2013 Nuevo tipo es la elecci\u00f3n perfecta para quienes desean reparar de forma r\u00e1pida y eficaz un sistema de descarga moderno, garantizando estanqueidad y un funcionamiento correcto durante a\u00f1os.<\/p>\n","protected":false},"excerpt":{"rendered":"<p data-start=\"2488\" data-end=\"2761\"><strong>El juego de reparaci\u00f3n para cisterna baja \u2013 Nuevo tipo<\/strong> est\u00e1 dise\u00f1ado para la reparaci\u00f3n de cisternas bajas modernas. Contiene todos los elementos necesarios para una reparaci\u00f3n r\u00e1pida y eficaz, asegurando estanqueidad y un correcto funcionamiento del sistema de descarga.<\/p>\n","protected":false},"featured_media":17162,"template":"","meta":{"_acf_changed":false,"_kad_blocks_custom_css":"","_kad_blocks_head_custom_js":"","_kad_blocks_body_custom_js":"","_kad_blocks_footer_custom_js":"","_kad_post_transparent":"default","_kad_post_title":"","_kad_post_layout":"default","_kad_post_sidebar_id":"","_kad_post_content_style":"default","_kad_post_vertical_padding":"default","_kad_post_feature":"","_kad_post_feature_position":"","_kad_post_header":false,"_kad_post_footer":false,"_kad_post_classname":""},"product_brand":[],"product_cat":[1370,1360],"product_tag":[],"class_list":{"0":"post-17161","1":"product","2":"type-product","3":"status-publish","4":"has-post-thumbnail","6":"product_cat-juntas","7":"product_cat-juntas-y-reducciones","8":"pa_kolor-negro","10":"first","11":"instock","12":"product-type-variable","13":"entry","14":"content-bg","15":"loop-entry"},"acf":[],"yoast_head":"<!-- This site is optimized with the Yoast SEO plugin v25.1 - https:\/\/yoast.com\/wordpress\/plugins\/seo\/ -->\n<title>Juego de reparaci\u00f3n para cisterna baja \u2013 Nuevo tipo - Plasmet<\/title>\n<meta name=\"description\" content=\"Juego de reparaci\u00f3n para cisterna baja \u2013 Nuevo tipo \u2013 producent i hurtownia Plasmet. Oferujemy wysok\u0105 jako\u015b\u0107, szeroki wyb\u00f3r i dobre ceny. Zapraszamy do sprawdzenia oferty!\" \/>\n<meta name=\"robots\" content=\"index, follow, max-snippet:-1, max-image-preview:large, max-video-preview:-1\" \/>\n<link rel=\"canonical\" href=\"https:\/\/plasmet.bochnia.pl\/es\/producto\/juego-de-reparacion-para-cisterna-baja-nuevo-tipo\/\" \/>\n<meta property=\"og:locale\" content=\"es_ES\" \/>\n<meta property=\"og:type\" content=\"article\" \/>\n<meta property=\"og:title\" content=\"Juego de reparaci\u00f3n para cisterna baja \u2013 Nuevo tipo - Plasmet\" \/>\n<meta property=\"og:description\" content=\"Juego de reparaci\u00f3n para cisterna baja \u2013 Nuevo tipo \u2013 producent i hurtownia Plasmet. Oferujemy wysok\u0105 jako\u015b\u0107, szeroki wyb\u00f3r i dobre ceny. Zapraszamy do sprawdzenia oferty!\" \/>\n<meta property=\"og:url\" content=\"https:\/\/plasmet.bochnia.pl\/es\/producto\/juego-de-reparacion-para-cisterna-baja-nuevo-tipo\/\" \/>\n<meta property=\"og:site_name\" content=\"Plasmet\" \/>\n<meta property=\"article:modified_time\" content=\"2025-08-30T10:47:57+00:00\" \/>\n<meta property=\"og:image\" content=\"https:\/\/plasmet.bochnia.pl\/wp-content\/uploads\/2024\/10\/komplet-naprawczy-dolnopluka-nowy-typ.jpg\" \/>\n\t<meta property=\"og:image:width\" content=\"800\" \/>\n\t<meta property=\"og:image:height\" content=\"600\" \/>\n\t<meta property=\"og:image:type\" content=\"image\/jpeg\" \/>\n<meta name=\"twitter:card\" content=\"summary_large_image\" \/>\n<meta name=\"twitter:label1\" content=\"Tiempo de lectura\" \/>\n\t<meta name=\"twitter:data1\" content=\"1 minuto\" \/>\n<script type=\"application\/ld+json\" class=\"yoast-schema-graph\">{\"@context\":\"https:\/\/schema.org\",\"@graph\":[{\"@type\":\"WebPage\",\"@id\":\"https:\/\/plasmet.bochnia.pl\/es\/producto\/juego-de-reparacion-para-cisterna-baja-nuevo-tipo\/\",\"url\":\"https:\/\/plasmet.bochnia.pl\/es\/producto\/juego-de-reparacion-para-cisterna-baja-nuevo-tipo\/\",\"name\":\"Juego de reparaci\u00f3n para cisterna baja \u2013 Nuevo tipo - Plasmet\",\"isPartOf\":{\"@id\":\"https:\/\/plasmet.bochnia.pl\/es\/#website\"},\"primaryImageOfPage\":{\"@id\":\"https:\/\/plasmet.bochnia.pl\/es\/producto\/juego-de-reparacion-para-cisterna-baja-nuevo-tipo\/#primaryimage\"},\"image\":{\"@id\":\"https:\/\/plasmet.bochnia.pl\/es\/producto\/juego-de-reparacion-para-cisterna-baja-nuevo-tipo\/#primaryimage\"},\"thumbnailUrl\":\"https:\/\/plasmet.bochnia.pl\/wp-content\/uploads\/2024\/10\/komplet-naprawczy-dolnopluka-nowy-typ.jpg\",\"datePublished\":\"2024-10-21T09:18:04+00:00\",\"dateModified\":\"2025-08-30T10:47:57+00:00\",\"description\":\"Juego de reparaci\u00f3n para cisterna baja \u2013 Nuevo tipo \u2013 producent i hurtownia Plasmet. Oferujemy wysok\u0105 jako\u015b\u0107, szeroki wyb\u00f3r i dobre ceny. Zapraszamy do sprawdzenia oferty!\",\"breadcrumb\":{\"@id\":\"https:\/\/plasmet.bochnia.pl\/es\/producto\/juego-de-reparacion-para-cisterna-baja-nuevo-tipo\/#breadcrumb\"},\"inLanguage\":\"es\",\"potentialAction\":[{\"@type\":\"ReadAction\",\"target\":[\"https:\/\/plasmet.bochnia.pl\/es\/producto\/juego-de-reparacion-para-cisterna-baja-nuevo-tipo\/\"]}]},{\"@type\":\"ImageObject\",\"inLanguage\":\"es\",\"@id\":\"https:\/\/plasmet.bochnia.pl\/es\/producto\/juego-de-reparacion-para-cisterna-baja-nuevo-tipo\/#primaryimage\",\"url\":\"https:\/\/plasmet.bochnia.pl\/wp-content\/uploads\/2024\/10\/komplet-naprawczy-dolnopluka-nowy-typ.jpg\",\"contentUrl\":\"https:\/\/plasmet.bochnia.pl\/wp-content\/uploads\/2024\/10\/komplet-naprawczy-dolnopluka-nowy-typ.jpg\",\"width\":800,\"height\":600,\"caption\":\"komplet-naprawczy-dolnopluka-nowy-typ\"},{\"@type\":\"BreadcrumbList\",\"@id\":\"https:\/\/plasmet.bochnia.pl\/es\/producto\/juego-de-reparacion-para-cisterna-baja-nuevo-tipo\/#breadcrumb\",\"itemListElement\":[{\"@type\":\"ListItem\",\"position\":1,\"name\":\"Strona g\u0142\u00f3wna\",\"item\":\"https:\/\/plasmet.bochnia.pl\/es\/\"},{\"@type\":\"ListItem\",\"position\":2,\"name\":\"Tienda\",\"item\":\"https:\/\/plasmet.bochnia.pl\/es\/tienda\/\"},{\"@type\":\"ListItem\",\"position\":3,\"name\":\"Juego de reparaci\u00f3n para cisterna baja \u2013 Nuevo tipo\"}]},{\"@type\":\"WebSite\",\"@id\":\"https:\/\/plasmet.bochnia.pl\/es\/#website\",\"url\":\"https:\/\/plasmet.bochnia.pl\/es\/\",\"name\":\"Plasmet\",\"description\":\"Plasmet\",\"alternateName\":\"Plasmet\",\"potentialAction\":[{\"@type\":\"SearchAction\",\"target\":{\"@type\":\"EntryPoint\",\"urlTemplate\":\"https:\/\/plasmet.bochnia.pl\/es\/?s={search_term_string}\"},\"query-input\":{\"@type\":\"PropertyValueSpecification\",\"valueRequired\":true,\"valueName\":\"search_term_string\"}}],\"inLanguage\":\"es\"}]}<\/script>\n<!-- \/ Yoast SEO plugin. -->","yoast_head_json":{"title":"Juego de reparaci\u00f3n para cisterna baja \u2013 Nuevo tipo - Plasmet","description":"Juego de reparaci\u00f3n para cisterna baja \u2013 Nuevo tipo \u2013 producent i hurtownia Plasmet. Oferujemy wysok\u0105 jako\u015b\u0107, szeroki wyb\u00f3r i dobre ceny. Zapraszamy do sprawdzenia oferty!","robots":{"index":"index","follow":"follow","max-snippet":"max-snippet:-1","max-image-preview":"max-image-preview:large","max-video-preview":"max-video-preview:-1"},"canonical":"https:\/\/plasmet.bochnia.pl\/es\/producto\/juego-de-reparacion-para-cisterna-baja-nuevo-tipo\/","og_locale":"es_ES","og_type":"article","og_title":"Juego de reparaci\u00f3n para cisterna baja \u2013 Nuevo tipo - Plasmet","og_description":"Juego de reparaci\u00f3n para cisterna baja \u2013 Nuevo tipo \u2013 producent i hurtownia Plasmet. Oferujemy wysok\u0105 jako\u015b\u0107, szeroki wyb\u00f3r i dobre ceny. Zapraszamy do sprawdzenia oferty!","og_url":"https:\/\/plasmet.bochnia.pl\/es\/producto\/juego-de-reparacion-para-cisterna-baja-nuevo-tipo\/","og_site_name":"Plasmet","article_modified_time":"2025-08-30T10:47:57+00:00","og_image":[{"width":800,"height":600,"url":"https:\/\/plasmet.bochnia.pl\/wp-content\/uploads\/2024\/10\/komplet-naprawczy-dolnopluka-nowy-typ.jpg","type":"image\/jpeg"}],"twitter_card":"summary_large_image","twitter_misc":{"Tiempo de lectura":"1 minuto"},"schema":{"@context":"https:\/\/schema.org","@graph":[{"@type":"WebPage","@id":"https:\/\/plasmet.bochnia.pl\/es\/producto\/juego-de-reparacion-para-cisterna-baja-nuevo-tipo\/","url":"https:\/\/plasmet.bochnia.pl\/es\/producto\/juego-de-reparacion-para-cisterna-baja-nuevo-tipo\/","name":"Juego de reparaci\u00f3n para cisterna baja \u2013 Nuevo tipo - Plasmet","isPartOf":{"@id":"https:\/\/plasmet.bochnia.pl\/es\/#website"},"primaryImageOfPage":{"@id":"https:\/\/plasmet.bochnia.pl\/es\/producto\/juego-de-reparacion-para-cisterna-baja-nuevo-tipo\/#primaryimage"},"image":{"@id":"https:\/\/plasmet.bochnia.pl\/es\/producto\/juego-de-reparacion-para-cisterna-baja-nuevo-tipo\/#primaryimage"},"thumbnailUrl":"https:\/\/plasmet.bochnia.pl\/wp-content\/uploads\/2024\/10\/komplet-naprawczy-dolnopluka-nowy-typ.jpg","datePublished":"2024-10-21T09:18:04+00:00","dateModified":"2025-08-30T10:47:57+00:00","description":"Juego de reparaci\u00f3n para cisterna baja \u2013 Nuevo tipo \u2013 producent i hurtownia Plasmet. Oferujemy wysok\u0105 jako\u015b\u0107, szeroki wyb\u00f3r i dobre ceny. Zapraszamy do sprawdzenia oferty!","breadcrumb":{"@id":"https:\/\/plasmet.bochnia.pl\/es\/producto\/juego-de-reparacion-para-cisterna-baja-nuevo-tipo\/#breadcrumb"},"inLanguage":"es","potentialAction":[{"@type":"ReadAction","target":["https:\/\/plasmet.bochnia.pl\/es\/producto\/juego-de-reparacion-para-cisterna-baja-nuevo-tipo\/"]}]},{"@type":"ImageObject","inLanguage":"es","@id":"https:\/\/plasmet.bochnia.pl\/es\/producto\/juego-de-reparacion-para-cisterna-baja-nuevo-tipo\/#primaryimage","url":"https:\/\/plasmet.bochnia.pl\/wp-content\/uploads\/2024\/10\/komplet-naprawczy-dolnopluka-nowy-typ.jpg","contentUrl":"https:\/\/plasmet.bochnia.pl\/wp-content\/uploads\/2024\/10\/komplet-naprawczy-dolnopluka-nowy-typ.jpg","width":800,"height":600,"caption":"komplet-naprawczy-dolnopluka-nowy-typ"},{"@type":"BreadcrumbList","@id":"https:\/\/plasmet.bochnia.pl\/es\/producto\/juego-de-reparacion-para-cisterna-baja-nuevo-tipo\/#breadcrumb","itemListElement":[{"@type":"ListItem","position":1,"name":"Strona g\u0142\u00f3wna","item":"https:\/\/plasmet.bochnia.pl\/es\/"},{"@type":"ListItem","position":2,"name":"Tienda","item":"https:\/\/plasmet.bochnia.pl\/es\/tienda\/"},{"@type":"ListItem","position":3,"name":"Juego de reparaci\u00f3n para cisterna baja \u2013 Nuevo tipo"}]},{"@type":"WebSite","@id":"https:\/\/plasmet.bochnia.pl\/es\/#website","url":"https:\/\/plasmet.bochnia.pl\/es\/","name":"Plasmet","description":"Plasmet","alternateName":"Plasmet","potentialAction":[{"@type":"SearchAction","target":{"@type":"EntryPoint","urlTemplate":"https:\/\/plasmet.bochnia.pl\/es\/?s={search_term_string}"},"query-input":{"@type":"PropertyValueSpecification","valueRequired":true,"valueName":"search_term_string"}}],"inLanguage":"es"}]}},"taxonomy_info":{"product_cat":[{"value":1370,"label":"Juntas"},{"value":1360,"label":"Juntas y reducciones"}],"pa_kolor":[{"value":1386,"label":"Negro"}]},"featured_image_src_large":["https:\/\/plasmet.bochnia.pl\/wp-content\/uploads\/2024\/10\/komplet-naprawczy-dolnopluka-nowy-typ.jpg",800,600,false],"author_info":[],"comment_info":"","_links":{"self":[{"href":"https:\/\/plasmet.bochnia.pl\/es\/wp-json\/wp\/v2\/product\/17161","targetHints":{"allow":["GET"]}}],"collection":[{"href":"https:\/\/plasmet.bochnia.pl\/es\/wp-json\/wp\/v2\/product"}],"about":[{"href":"https:\/\/plasmet.bochnia.pl\/es\/wp-json\/wp\/v2\/types\/product"}],"wp:featuredmedia":[{"embeddable":true,"href":"https:\/\/plasmet.bochnia.pl\/es\/wp-json\/wp\/v2\/media\/17162"}],"wp:attachment":[{"href":"https:\/\/plasmet.bochnia.pl\/es\/wp-json\/wp\/v2\/media?parent=17161"}],"wp:term":[{"taxonomy":"product_brand","embeddable":true,"href":"https:\/\/plasmet.bochnia.pl\/es\/wp-json\/wp\/v2\/product_brand?post=17161"},{"taxonomy":"product_cat","embeddable":true,"href":"https:\/\/plasmet.bochnia.pl\/es\/wp-json\/wp\/v2\/product_cat?post=17161"},{"taxonomy":"product_tag","embeddable":true,"href":"https:\/\/plasmet.bochnia.pl\/es\/wp-json\/wp\/v2\/product_tag?post=17161"}],"curies":[{"name":"wp","href":"https:\/\/api.w.org\/{rel}","templated":true}]}}