{"id":17120,"date":"2024-11-20T16:29:53","date_gmt":"2024-11-20T15:29:53","guid":{"rendered":"https:\/\/plasmet.bochnia.pl\/produkt\/tubo-de-pp\/"},"modified":"2024-11-20T16:29:53","modified_gmt":"2024-11-20T15:29:53","slug":"tubo-de-pp","status":"publish","type":"product","link":"https:\/\/plasmet.bochnia.pl\/es\/producto\/tubo-de-pp\/","title":{"rendered":"Tubo de PP"},"content":{"rendered":"<h2>Tubo PP \u00d8 32 &#8211; duradero y vers\u00e1til<\/h2>\n<p>El tubo de PP \u00d8 32 i es un componente fiable de los sistemas de alcantarillado, drenaje y suministro de agua. Fabricado en polipropileno de color blanco, se caracteriza por su gran resistencia a la humedad y a los productos qu\u00edmicos. El producto est\u00e1 disponible en una amplia gama de longitudes -de 250 mm a 2000 mm- para adaptarse a diversos requisitos de instalaci\u00f3n.  <\/p>\n<h3>Especificaciones del producto<\/h3>\n<ul>\n<li>Color: blanco<\/li>\n<li>Di\u00e1metro: 32 mm,<\/li>\n<li>Longitudes disponibles:\n<ul>\n<li>250 mm<\/li>\n<li>300 mm<\/li>\n<li>500 mm<\/li>\n<li>1000 mm<\/li>\n<li>2000 mm<\/li>\n<\/ul>\n<\/li>\n<li>Material: polipropileno (PP)<\/li>\n<li>Finalidad: sistemas de alcantarillado, drenaje y abastecimiento de agua<\/li>\n<li>Resistencia: a la humedad, los productos qu\u00edmicos y los da\u00f1os mec\u00e1nicos<\/li>\n<\/ul>\n<h3>Aplicaci\u00f3n<\/h3>\n<p>El tubo de PP se utiliza en instalaciones de edificios residenciales, comerciales e industriales. El producto es ideal para sistemas de alcantarillado sanitario. Varias longitudes de tubo permiten una f\u00e1cil adaptaci\u00f3n a las caracter\u00edsticas espec\u00edficas del proyecto.  <\/p>\n<h3>Ventajas del producto<\/h3>\n<ul>\n<li>Variedad de di\u00e1metros: \u00d8 32<\/li>\n<li>Amplia selecci\u00f3n de longitudes: de 250 mm a 2000 mm<\/li>\n<li>Resistente a los productos qu\u00edmicos y a la humedad<\/li>\n<li>Durabilidad gracias a su robusta construcci\u00f3n de polipropileno<\/li>\n<li>F\u00e1cil de instalar gracias a la ingenier\u00eda de precisi\u00f3n<\/li>\n<li>Aplicaci\u00f3n universal en varios sistemas de instalaci\u00f3n<\/li>\n<\/ul>\n<p>El tubo de PP de color blanco es una soluci\u00f3n duradera y funcional para cualquier instalaci\u00f3n de alcantarillado. Gracias a sus diversas longitudes y di\u00e1metros y a su fabricaci\u00f3n de alta calidad, el producto cumple las normas de instalaci\u00f3n m\u00e1s exigentes. <\/p>\n","protected":false},"excerpt":{"rendered":"<p>Tubo de PP de \u00d8 32 de di\u00e1metro en color blanco, disponible en longitudes de 250 mm a 2000 mm. Adecuado para sistemas de alcantarillado, drenaje y suministro de agua. <\/p>\n","protected":false},"featured_media":17121,"template":"","meta":{"_acf_changed":false,"_kad_blocks_custom_css":"","_kad_blocks_head_custom_js":"","_kad_blocks_body_custom_js":"","_kad_blocks_footer_custom_js":"","_kad_post_transparent":"","_kad_post_title":"","_kad_post_layout":"","_kad_post_sidebar_id":"","_kad_post_content_style":"","_kad_post_vertical_padding":"","_kad_post_feature":"","_kad_post_feature_position":"","_kad_post_header":false,"_kad_post_footer":false,"_kad_post_classname":""},"product_brand":[],"product_cat":[1320,1342],"product_tag":[],"class_list":{"0":"post-17120","1":"product","2":"type-product","3":"status-publish","4":"has-post-thumbnail","6":"product_cat-sistemas-de-alcantarillado-sanitario-y-pluvial","7":"product_cat-tuberias-pp","8":"pa_kolor-blanco","9":"pa_wersja-32-1000-es","10":"pa_wersja-32-2000-es","11":"pa_wersja-32-250-es","12":"pa_wersja-32-300-es","13":"pa_wersja-32-500-es","15":"first","16":"instock","17":"product-type-variable","18":"entry","19":"content-bg","20":"loop-entry"},"acf":[],"yoast_head":"<!-- This site is optimized with the Yoast SEO plugin v25.1 - https:\/\/yoast.com\/wordpress\/plugins\/seo\/ -->\n<title>Tubo de PP - Plasmet<\/title>\n<meta name=\"description\" content=\"Tubo de PP \u2013 producent i hurtownia Plasmet. Oferujemy wysok\u0105 jako\u015b\u0107, szeroki wyb\u00f3r i dobre ceny. Zapraszamy do sprawdzenia oferty!\" \/>\n<meta name=\"robots\" content=\"index, follow, max-snippet:-1, max-image-preview:large, max-video-preview:-1\" \/>\n<link rel=\"canonical\" href=\"https:\/\/plasmet.bochnia.pl\/es\/producto\/tubo-de-pp\/\" \/>\n<meta property=\"og:locale\" content=\"es_ES\" \/>\n<meta property=\"og:type\" content=\"article\" \/>\n<meta property=\"og:title\" content=\"Tubo de PP - Plasmet\" \/>\n<meta property=\"og:description\" content=\"Tubo de PP \u2013 producent i hurtownia Plasmet. Oferujemy wysok\u0105 jako\u015b\u0107, szeroki wyb\u00f3r i dobre ceny. Zapraszamy do sprawdzenia oferty!\" \/>\n<meta property=\"og:url\" content=\"https:\/\/plasmet.bochnia.pl\/es\/producto\/tubo-de-pp\/\" \/>\n<meta property=\"og:site_name\" content=\"Plasmet\" \/>\n<meta property=\"og:image\" content=\"https:\/\/plasmet.bochnia.pl\/wp-content\/uploads\/2024\/11\/rura-pp-32-32-300.jpg\" \/>\n\t<meta property=\"og:image:width\" content=\"800\" \/>\n\t<meta property=\"og:image:height\" content=\"600\" \/>\n\t<meta property=\"og:image:type\" content=\"image\/jpeg\" \/>\n<meta name=\"twitter:card\" content=\"summary_large_image\" \/>\n<meta name=\"twitter:label1\" content=\"Tiempo de lectura\" \/>\n\t<meta name=\"twitter:data1\" content=\"1 minuto\" \/>\n<script type=\"application\/ld+json\" class=\"yoast-schema-graph\">{\"@context\":\"https:\/\/schema.org\",\"@graph\":[{\"@type\":\"WebPage\",\"@id\":\"https:\/\/plasmet.bochnia.pl\/es\/producto\/tubo-de-pp\/\",\"url\":\"https:\/\/plasmet.bochnia.pl\/es\/producto\/tubo-de-pp\/\",\"name\":\"Tubo de PP - Plasmet\",\"isPartOf\":{\"@id\":\"https:\/\/plasmet.bochnia.pl\/es\/#website\"},\"primaryImageOfPage\":{\"@id\":\"https:\/\/plasmet.bochnia.pl\/es\/producto\/tubo-de-pp\/#primaryimage\"},\"image\":{\"@id\":\"https:\/\/plasmet.bochnia.pl\/es\/producto\/tubo-de-pp\/#primaryimage\"},\"thumbnailUrl\":\"https:\/\/plasmet.bochnia.pl\/wp-content\/uploads\/2024\/11\/rura-pp-32-32-300.jpg\",\"datePublished\":\"2024-11-20T15:29:53+00:00\",\"description\":\"Tubo de PP \u2013 producent i hurtownia Plasmet. Oferujemy wysok\u0105 jako\u015b\u0107, szeroki wyb\u00f3r i dobre ceny. Zapraszamy do sprawdzenia oferty!\",\"breadcrumb\":{\"@id\":\"https:\/\/plasmet.bochnia.pl\/es\/producto\/tubo-de-pp\/#breadcrumb\"},\"inLanguage\":\"es\",\"potentialAction\":[{\"@type\":\"ReadAction\",\"target\":[\"https:\/\/plasmet.bochnia.pl\/es\/producto\/tubo-de-pp\/\"]}]},{\"@type\":\"ImageObject\",\"inLanguage\":\"es\",\"@id\":\"https:\/\/plasmet.bochnia.pl\/es\/producto\/tubo-de-pp\/#primaryimage\",\"url\":\"https:\/\/plasmet.bochnia.pl\/wp-content\/uploads\/2024\/11\/rura-pp-32-32-300.jpg\",\"contentUrl\":\"https:\/\/plasmet.bochnia.pl\/wp-content\/uploads\/2024\/11\/rura-pp-32-32-300.jpg\",\"width\":800,\"height\":600,\"caption\":\"rura-pp-32-32-300\"},{\"@type\":\"BreadcrumbList\",\"@id\":\"https:\/\/plasmet.bochnia.pl\/es\/producto\/tubo-de-pp\/#breadcrumb\",\"itemListElement\":[{\"@type\":\"ListItem\",\"position\":1,\"name\":\"Strona g\u0142\u00f3wna\",\"item\":\"https:\/\/plasmet.bochnia.pl\/es\/\"},{\"@type\":\"ListItem\",\"position\":2,\"name\":\"Tienda\",\"item\":\"https:\/\/plasmet.bochnia.pl\/es\/tienda\/\"},{\"@type\":\"ListItem\",\"position\":3,\"name\":\"Tubo de PP\"}]},{\"@type\":\"WebSite\",\"@id\":\"https:\/\/plasmet.bochnia.pl\/es\/#website\",\"url\":\"https:\/\/plasmet.bochnia.pl\/es\/\",\"name\":\"Plasmet\",\"description\":\"Plasmet\",\"alternateName\":\"Plasmet\",\"potentialAction\":[{\"@type\":\"SearchAction\",\"target\":{\"@type\":\"EntryPoint\",\"urlTemplate\":\"https:\/\/plasmet.bochnia.pl\/es\/?s={search_term_string}\"},\"query-input\":{\"@type\":\"PropertyValueSpecification\",\"valueRequired\":true,\"valueName\":\"search_term_string\"}}],\"inLanguage\":\"es\"}]}<\/script>\n<!-- \/ Yoast SEO plugin. -->","yoast_head_json":{"title":"Tubo de PP - Plasmet","description":"Tubo de PP \u2013 producent i hurtownia Plasmet. Oferujemy wysok\u0105 jako\u015b\u0107, szeroki wyb\u00f3r i dobre ceny. Zapraszamy do sprawdzenia oferty!","robots":{"index":"index","follow":"follow","max-snippet":"max-snippet:-1","max-image-preview":"max-image-preview:large","max-video-preview":"max-video-preview:-1"},"canonical":"https:\/\/plasmet.bochnia.pl\/es\/producto\/tubo-de-pp\/","og_locale":"es_ES","og_type":"article","og_title":"Tubo de PP - Plasmet","og_description":"Tubo de PP \u2013 producent i hurtownia Plasmet. Oferujemy wysok\u0105 jako\u015b\u0107, szeroki wyb\u00f3r i dobre ceny. Zapraszamy do sprawdzenia oferty!","og_url":"https:\/\/plasmet.bochnia.pl\/es\/producto\/tubo-de-pp\/","og_site_name":"Plasmet","og_image":[{"width":800,"height":600,"url":"https:\/\/plasmet.bochnia.pl\/wp-content\/uploads\/2024\/11\/rura-pp-32-32-300.jpg","type":"image\/jpeg"}],"twitter_card":"summary_large_image","twitter_misc":{"Tiempo de lectura":"1 minuto"},"schema":{"@context":"https:\/\/schema.org","@graph":[{"@type":"WebPage","@id":"https:\/\/plasmet.bochnia.pl\/es\/producto\/tubo-de-pp\/","url":"https:\/\/plasmet.bochnia.pl\/es\/producto\/tubo-de-pp\/","name":"Tubo de PP - Plasmet","isPartOf":{"@id":"https:\/\/plasmet.bochnia.pl\/es\/#website"},"primaryImageOfPage":{"@id":"https:\/\/plasmet.bochnia.pl\/es\/producto\/tubo-de-pp\/#primaryimage"},"image":{"@id":"https:\/\/plasmet.bochnia.pl\/es\/producto\/tubo-de-pp\/#primaryimage"},"thumbnailUrl":"https:\/\/plasmet.bochnia.pl\/wp-content\/uploads\/2024\/11\/rura-pp-32-32-300.jpg","datePublished":"2024-11-20T15:29:53+00:00","description":"Tubo de PP \u2013 producent i hurtownia Plasmet. Oferujemy wysok\u0105 jako\u015b\u0107, szeroki wyb\u00f3r i dobre ceny. Zapraszamy do sprawdzenia oferty!","breadcrumb":{"@id":"https:\/\/plasmet.bochnia.pl\/es\/producto\/tubo-de-pp\/#breadcrumb"},"inLanguage":"es","potentialAction":[{"@type":"ReadAction","target":["https:\/\/plasmet.bochnia.pl\/es\/producto\/tubo-de-pp\/"]}]},{"@type":"ImageObject","inLanguage":"es","@id":"https:\/\/plasmet.bochnia.pl\/es\/producto\/tubo-de-pp\/#primaryimage","url":"https:\/\/plasmet.bochnia.pl\/wp-content\/uploads\/2024\/11\/rura-pp-32-32-300.jpg","contentUrl":"https:\/\/plasmet.bochnia.pl\/wp-content\/uploads\/2024\/11\/rura-pp-32-32-300.jpg","width":800,"height":600,"caption":"rura-pp-32-32-300"},{"@type":"BreadcrumbList","@id":"https:\/\/plasmet.bochnia.pl\/es\/producto\/tubo-de-pp\/#breadcrumb","itemListElement":[{"@type":"ListItem","position":1,"name":"Strona g\u0142\u00f3wna","item":"https:\/\/plasmet.bochnia.pl\/es\/"},{"@type":"ListItem","position":2,"name":"Tienda","item":"https:\/\/plasmet.bochnia.pl\/es\/tienda\/"},{"@type":"ListItem","position":3,"name":"Tubo de PP"}]},{"@type":"WebSite","@id":"https:\/\/plasmet.bochnia.pl\/es\/#website","url":"https:\/\/plasmet.bochnia.pl\/es\/","name":"Plasmet","description":"Plasmet","alternateName":"Plasmet","potentialAction":[{"@type":"SearchAction","target":{"@type":"EntryPoint","urlTemplate":"https:\/\/plasmet.bochnia.pl\/es\/?s={search_term_string}"},"query-input":{"@type":"PropertyValueSpecification","valueRequired":true,"valueName":"search_term_string"}}],"inLanguage":"es"}]}},"taxonomy_info":{"product_cat":[{"value":1320,"label":"Sistemas de alcantarillado sanitario y pluvial"},{"value":1342,"label":"Tuber\u00edas PP"}],"pa_kolor":[{"value":1383,"label":"Blanco"}],"pa_wersja":[{"value":1517,"label":"32\/1000"},{"value":1519,"label":"32\/2000"},{"value":1511,"label":"32\/250"},{"value":1513,"label":"32\/300"},{"value":1515,"label":"32\/500"}]},"featured_image_src_large":["https:\/\/plasmet.bochnia.pl\/wp-content\/uploads\/2024\/11\/rura-pp-32-32-300.jpg",800,600,false],"author_info":[],"comment_info":"","_links":{"self":[{"href":"https:\/\/plasmet.bochnia.pl\/es\/wp-json\/wp\/v2\/product\/17120","targetHints":{"allow":["GET"]}}],"collection":[{"href":"https:\/\/plasmet.bochnia.pl\/es\/wp-json\/wp\/v2\/product"}],"about":[{"href":"https:\/\/plasmet.bochnia.pl\/es\/wp-json\/wp\/v2\/types\/product"}],"wp:featuredmedia":[{"embeddable":true,"href":"https:\/\/plasmet.bochnia.pl\/es\/wp-json\/wp\/v2\/media\/17121"}],"wp:attachment":[{"href":"https:\/\/plasmet.bochnia.pl\/es\/wp-json\/wp\/v2\/media?parent=17120"}],"wp:term":[{"taxonomy":"product_brand","embeddable":true,"href":"https:\/\/plasmet.bochnia.pl\/es\/wp-json\/wp\/v2\/product_brand?post=17120"},{"taxonomy":"product_cat","embeddable":true,"href":"https:\/\/plasmet.bochnia.pl\/es\/wp-json\/wp\/v2\/product_cat?post=17120"},{"taxonomy":"product_tag","embeddable":true,"href":"https:\/\/plasmet.bochnia.pl\/es\/wp-json\/wp\/v2\/product_tag?post=17120"}],"curies":[{"name":"wp","href":"https:\/\/api.w.org\/{rel}","templated":true}]}}