{"id":17077,"date":"2024-11-20T16:29:21","date_gmt":"2024-11-20T15:29:21","guid":{"rendered":"https:\/\/plasmet.bochnia.pl\/produkt\/codo-universal\/"},"modified":"2024-11-20T16:29:21","modified_gmt":"2024-11-20T15:29:21","slug":"codo-universal","status":"publish","type":"product","link":"https:\/\/plasmet.bochnia.pl\/es\/producto\/codo-universal\/","title":{"rendered":"Codo universal"},"content":{"rendered":"<h2>Codo de alcantarilla universal: versatilidad y fiabilidad<\/h2>\n<p>El codo de alcantarilla universal es un pr\u00e1ctico componente de instalaci\u00f3n, que proporciona un cambio de direcci\u00f3n para las tuber\u00edas en los sistemas de alcantarillado. Disponible en dos di\u00e1metros (50 mm y 100 mm) y dos colores (blanco, gris), el codo permite una f\u00e1cil adaptaci\u00f3n a una gran variedad de instalaciones. El producto est\u00e1 fabricado con pl\u00e1stico de alta calidad, resistente a la humedad, los productos qu\u00edmicos y las condiciones meteorol\u00f3gicas cambiantes, lo que garantiza su durabilidad y funcionalidad.  <\/p>\n<h3>Especificaciones del producto<\/h3>\n<ul>\n<li>Colores: blanco, gris<\/li>\n<li>Versiones:\n<ul>\n<li>50 mm: blanco, gris<\/li>\n<li>100 mm: blanco, gris<\/li>\n<\/ul>\n<\/li>\n<li>Material: pl\u00e1stico resistente a los productos qu\u00edmicos y a los da\u00f1os<\/li>\n<li>Finalidad: desv\u00edos universales en los sistemas de alcantarillado<\/li>\n<li>Resistencia: a la humedad, a las variaciones de temperatura y a los da\u00f1os mec\u00e1nicos<\/li>\n<\/ul>\n<h3>Aplicaci\u00f3n<\/h3>\n<p>El codo universal se utiliza en instalaciones sanitarias y de aguas pluviales de edificios residenciales, comerciales e industriales. Gracias a su dise\u00f1o universal, el producto es ideal para diversas configuraciones de instalaci\u00f3n, lo que permite una instalaci\u00f3n r\u00e1pida y un ajuste preciso. <\/p>\n<h3>Ventajas del producto<\/h3>\n<ul>\n<li>Uso vers\u00e1til en diferentes tipos de instalaciones<\/li>\n<li>Disponible en dos di\u00e1metros y colores<\/li>\n<li>Durabilidad y resistencia a los productos qu\u00edmicos y a la humedad<\/li>\n<li>F\u00e1cil de instalar gracias a la ingenier\u00eda de precisi\u00f3n<\/li>\n<li>Compatibilidad con otros componentes del sistema de alcantarillado<\/li>\n<\/ul>\n<p>El codo de alcantarilla universal es una soluci\u00f3n fiable para cualquier instalaci\u00f3n. Gracias a su versatilidad y durabilidad, cumple los requisitos de los proyectos de instalaci\u00f3n m\u00e1s exigentes. <\/p>\n","protected":false},"excerpt":{"rendered":"<p>Codo de alcantarilla universal disponible en blanco y gris, en di\u00e1metros de 50 mm y 100 mm. Permite un uso vers\u00e1til en sistemas de alcantarillado sanitario y de aguas pluviales. <\/p>\n","protected":false},"featured_media":17087,"template":"","meta":{"_acf_changed":false,"_kad_blocks_custom_css":"","_kad_blocks_head_custom_js":"","_kad_blocks_body_custom_js":"","_kad_blocks_footer_custom_js":"","_kad_post_transparent":"","_kad_post_title":"","_kad_post_layout":"","_kad_post_sidebar_id":"","_kad_post_content_style":"","_kad_post_vertical_padding":"","_kad_post_feature":"","_kad_post_feature_position":"","_kad_post_header":false,"_kad_post_footer":false,"_kad_post_classname":""},"product_brand":[],"product_cat":[1322,1320],"product_tag":[],"class_list":{"0":"post-17077","1":"product","2":"type-product","3":"status-publish","4":"has-post-thumbnail","6":"product_cat-codos-de-canalizacion","7":"product_cat-sistemas-de-alcantarillado-sanitario-y-pluvial","8":"pa_kolor-blanco","9":"pa_kolor-gris","10":"pa_wersja-100-es","11":"pa_wersja-50-es","13":"first","14":"instock","15":"product-type-variable","16":"entry","17":"content-bg","18":"loop-entry"},"acf":[],"yoast_head":"<!-- This site is optimized with the Yoast SEO plugin v25.1 - https:\/\/yoast.com\/wordpress\/plugins\/seo\/ -->\n<title>Codo universal - Plasmet<\/title>\n<meta name=\"description\" content=\"Codo universal \u2013 producent i hurtownia Plasmet. Oferujemy wysok\u0105 jako\u015b\u0107, szeroki wyb\u00f3r i dobre ceny. Zapraszamy do sprawdzenia oferty!\" \/>\n<meta name=\"robots\" content=\"index, follow, max-snippet:-1, max-image-preview:large, max-video-preview:-1\" \/>\n<link rel=\"canonical\" href=\"https:\/\/plasmet.bochnia.pl\/es\/producto\/codo-universal\/\" \/>\n<meta property=\"og:locale\" content=\"es_ES\" \/>\n<meta property=\"og:type\" content=\"article\" \/>\n<meta property=\"og:title\" content=\"Codo universal - Plasmet\" \/>\n<meta property=\"og:description\" content=\"Codo universal \u2013 producent i hurtownia Plasmet. Oferujemy wysok\u0105 jako\u015b\u0107, szeroki wyb\u00f3r i dobre ceny. Zapraszamy do sprawdzenia oferty!\" \/>\n<meta property=\"og:url\" content=\"https:\/\/plasmet.bochnia.pl\/es\/producto\/codo-universal\/\" \/>\n<meta property=\"og:site_name\" content=\"Plasmet\" \/>\n<meta property=\"og:image\" content=\"https:\/\/plasmet.bochnia.pl\/wp-content\/uploads\/2024\/11\/kolano-uniwersalne-50.jpg\" \/>\n\t<meta property=\"og:image:width\" content=\"800\" \/>\n\t<meta property=\"og:image:height\" content=\"600\" \/>\n\t<meta property=\"og:image:type\" content=\"image\/jpeg\" \/>\n<meta name=\"twitter:card\" content=\"summary_large_image\" \/>\n<meta name=\"twitter:label1\" content=\"Tiempo de lectura\" \/>\n\t<meta name=\"twitter:data1\" content=\"1 minuto\" \/>\n<script type=\"application\/ld+json\" class=\"yoast-schema-graph\">{\"@context\":\"https:\/\/schema.org\",\"@graph\":[{\"@type\":\"WebPage\",\"@id\":\"https:\/\/plasmet.bochnia.pl\/es\/producto\/codo-universal\/\",\"url\":\"https:\/\/plasmet.bochnia.pl\/es\/producto\/codo-universal\/\",\"name\":\"Codo universal - Plasmet\",\"isPartOf\":{\"@id\":\"https:\/\/plasmet.bochnia.pl\/es\/#website\"},\"primaryImageOfPage\":{\"@id\":\"https:\/\/plasmet.bochnia.pl\/es\/producto\/codo-universal\/#primaryimage\"},\"image\":{\"@id\":\"https:\/\/plasmet.bochnia.pl\/es\/producto\/codo-universal\/#primaryimage\"},\"thumbnailUrl\":\"https:\/\/plasmet.bochnia.pl\/wp-content\/uploads\/2024\/11\/kolano-uniwersalne-50.jpg\",\"datePublished\":\"2024-11-20T15:29:21+00:00\",\"description\":\"Codo universal \u2013 producent i hurtownia Plasmet. Oferujemy wysok\u0105 jako\u015b\u0107, szeroki wyb\u00f3r i dobre ceny. Zapraszamy do sprawdzenia oferty!\",\"breadcrumb\":{\"@id\":\"https:\/\/plasmet.bochnia.pl\/es\/producto\/codo-universal\/#breadcrumb\"},\"inLanguage\":\"es\",\"potentialAction\":[{\"@type\":\"ReadAction\",\"target\":[\"https:\/\/plasmet.bochnia.pl\/es\/producto\/codo-universal\/\"]}]},{\"@type\":\"ImageObject\",\"inLanguage\":\"es\",\"@id\":\"https:\/\/plasmet.bochnia.pl\/es\/producto\/codo-universal\/#primaryimage\",\"url\":\"https:\/\/plasmet.bochnia.pl\/wp-content\/uploads\/2024\/11\/kolano-uniwersalne-50.jpg\",\"contentUrl\":\"https:\/\/plasmet.bochnia.pl\/wp-content\/uploads\/2024\/11\/kolano-uniwersalne-50.jpg\",\"width\":800,\"height\":600,\"caption\":\"kolano-uniwersalne-50\"},{\"@type\":\"BreadcrumbList\",\"@id\":\"https:\/\/plasmet.bochnia.pl\/es\/producto\/codo-universal\/#breadcrumb\",\"itemListElement\":[{\"@type\":\"ListItem\",\"position\":1,\"name\":\"Strona g\u0142\u00f3wna\",\"item\":\"https:\/\/plasmet.bochnia.pl\/es\/\"},{\"@type\":\"ListItem\",\"position\":2,\"name\":\"Tienda\",\"item\":\"https:\/\/plasmet.bochnia.pl\/es\/tienda\/\"},{\"@type\":\"ListItem\",\"position\":3,\"name\":\"Codo universal\"}]},{\"@type\":\"WebSite\",\"@id\":\"https:\/\/plasmet.bochnia.pl\/es\/#website\",\"url\":\"https:\/\/plasmet.bochnia.pl\/es\/\",\"name\":\"Plasmet\",\"description\":\"Plasmet\",\"alternateName\":\"Plasmet\",\"potentialAction\":[{\"@type\":\"SearchAction\",\"target\":{\"@type\":\"EntryPoint\",\"urlTemplate\":\"https:\/\/plasmet.bochnia.pl\/es\/?s={search_term_string}\"},\"query-input\":{\"@type\":\"PropertyValueSpecification\",\"valueRequired\":true,\"valueName\":\"search_term_string\"}}],\"inLanguage\":\"es\"}]}<\/script>\n<!-- \/ Yoast SEO plugin. -->","yoast_head_json":{"title":"Codo universal - Plasmet","description":"Codo universal \u2013 producent i hurtownia Plasmet. Oferujemy wysok\u0105 jako\u015b\u0107, szeroki wyb\u00f3r i dobre ceny. Zapraszamy do sprawdzenia oferty!","robots":{"index":"index","follow":"follow","max-snippet":"max-snippet:-1","max-image-preview":"max-image-preview:large","max-video-preview":"max-video-preview:-1"},"canonical":"https:\/\/plasmet.bochnia.pl\/es\/producto\/codo-universal\/","og_locale":"es_ES","og_type":"article","og_title":"Codo universal - Plasmet","og_description":"Codo universal \u2013 producent i hurtownia Plasmet. Oferujemy wysok\u0105 jako\u015b\u0107, szeroki wyb\u00f3r i dobre ceny. Zapraszamy do sprawdzenia oferty!","og_url":"https:\/\/plasmet.bochnia.pl\/es\/producto\/codo-universal\/","og_site_name":"Plasmet","og_image":[{"width":800,"height":600,"url":"https:\/\/plasmet.bochnia.pl\/wp-content\/uploads\/2024\/11\/kolano-uniwersalne-50.jpg","type":"image\/jpeg"}],"twitter_card":"summary_large_image","twitter_misc":{"Tiempo de lectura":"1 minuto"},"schema":{"@context":"https:\/\/schema.org","@graph":[{"@type":"WebPage","@id":"https:\/\/plasmet.bochnia.pl\/es\/producto\/codo-universal\/","url":"https:\/\/plasmet.bochnia.pl\/es\/producto\/codo-universal\/","name":"Codo universal - Plasmet","isPartOf":{"@id":"https:\/\/plasmet.bochnia.pl\/es\/#website"},"primaryImageOfPage":{"@id":"https:\/\/plasmet.bochnia.pl\/es\/producto\/codo-universal\/#primaryimage"},"image":{"@id":"https:\/\/plasmet.bochnia.pl\/es\/producto\/codo-universal\/#primaryimage"},"thumbnailUrl":"https:\/\/plasmet.bochnia.pl\/wp-content\/uploads\/2024\/11\/kolano-uniwersalne-50.jpg","datePublished":"2024-11-20T15:29:21+00:00","description":"Codo universal \u2013 producent i hurtownia Plasmet. Oferujemy wysok\u0105 jako\u015b\u0107, szeroki wyb\u00f3r i dobre ceny. Zapraszamy do sprawdzenia oferty!","breadcrumb":{"@id":"https:\/\/plasmet.bochnia.pl\/es\/producto\/codo-universal\/#breadcrumb"},"inLanguage":"es","potentialAction":[{"@type":"ReadAction","target":["https:\/\/plasmet.bochnia.pl\/es\/producto\/codo-universal\/"]}]},{"@type":"ImageObject","inLanguage":"es","@id":"https:\/\/plasmet.bochnia.pl\/es\/producto\/codo-universal\/#primaryimage","url":"https:\/\/plasmet.bochnia.pl\/wp-content\/uploads\/2024\/11\/kolano-uniwersalne-50.jpg","contentUrl":"https:\/\/plasmet.bochnia.pl\/wp-content\/uploads\/2024\/11\/kolano-uniwersalne-50.jpg","width":800,"height":600,"caption":"kolano-uniwersalne-50"},{"@type":"BreadcrumbList","@id":"https:\/\/plasmet.bochnia.pl\/es\/producto\/codo-universal\/#breadcrumb","itemListElement":[{"@type":"ListItem","position":1,"name":"Strona g\u0142\u00f3wna","item":"https:\/\/plasmet.bochnia.pl\/es\/"},{"@type":"ListItem","position":2,"name":"Tienda","item":"https:\/\/plasmet.bochnia.pl\/es\/tienda\/"},{"@type":"ListItem","position":3,"name":"Codo universal"}]},{"@type":"WebSite","@id":"https:\/\/plasmet.bochnia.pl\/es\/#website","url":"https:\/\/plasmet.bochnia.pl\/es\/","name":"Plasmet","description":"Plasmet","alternateName":"Plasmet","potentialAction":[{"@type":"SearchAction","target":{"@type":"EntryPoint","urlTemplate":"https:\/\/plasmet.bochnia.pl\/es\/?s={search_term_string}"},"query-input":{"@type":"PropertyValueSpecification","valueRequired":true,"valueName":"search_term_string"}}],"inLanguage":"es"}]}},"taxonomy_info":{"product_cat":[{"value":1322,"label":"Codos de canalizaci\u00f3n"},{"value":1320,"label":"Sistemas de alcantarillado sanitario y pluvial"}],"pa_kolor":[{"value":1383,"label":"Blanco"},{"value":1390,"label":"Gris"}],"pa_wersja":[{"value":1635,"label":"100"},{"value":1561,"label":"50"}]},"featured_image_src_large":["https:\/\/plasmet.bochnia.pl\/wp-content\/uploads\/2024\/11\/kolano-uniwersalne-50.jpg",800,600,false],"author_info":[],"comment_info":"","_links":{"self":[{"href":"https:\/\/plasmet.bochnia.pl\/es\/wp-json\/wp\/v2\/product\/17077","targetHints":{"allow":["GET"]}}],"collection":[{"href":"https:\/\/plasmet.bochnia.pl\/es\/wp-json\/wp\/v2\/product"}],"about":[{"href":"https:\/\/plasmet.bochnia.pl\/es\/wp-json\/wp\/v2\/types\/product"}],"wp:featuredmedia":[{"embeddable":true,"href":"https:\/\/plasmet.bochnia.pl\/es\/wp-json\/wp\/v2\/media\/17087"}],"wp:attachment":[{"href":"https:\/\/plasmet.bochnia.pl\/es\/wp-json\/wp\/v2\/media?parent=17077"}],"wp:term":[{"taxonomy":"product_brand","embeddable":true,"href":"https:\/\/plasmet.bochnia.pl\/es\/wp-json\/wp\/v2\/product_brand?post=17077"},{"taxonomy":"product_cat","embeddable":true,"href":"https:\/\/plasmet.bochnia.pl\/es\/wp-json\/wp\/v2\/product_cat?post=17077"},{"taxonomy":"product_tag","embeddable":true,"href":"https:\/\/plasmet.bochnia.pl\/es\/wp-json\/wp\/v2\/product_tag?post=17077"}],"curies":[{"name":"wp","href":"https:\/\/api.w.org\/{rel}","templated":true}]}}