{"id":17009,"date":"2024-11-20T16:29:07","date_gmt":"2024-11-20T15:29:07","guid":{"rendered":"https:\/\/plasmet.bochnia.pl\/produkt\/codo-2\/"},"modified":"2024-11-20T16:29:07","modified_gmt":"2024-11-20T15:29:07","slug":"codo-2","status":"publish","type":"product","link":"https:\/\/plasmet.bochnia.pl\/es\/producto\/codo-2\/","title":{"rendered":"Codo"},"content":{"rendered":"<h2>Codo de alcantarilla: cambio preciso de la direcci\u00f3n del flujo<\/h2>\n<p>El codo de alcantarilla es un componente de instalaci\u00f3n fiable que te permite cambiar la direcci\u00f3n del flujo de aguas residuales en los sistemas de alcantarillado. Fabricado con pl\u00e1stico blanco duradero, el codo es resistente a la humedad, los productos qu\u00edmicos y los da\u00f1os mec\u00e1nicos. El producto est\u00e1 disponible en una amplia gama de \u00e1ngulos -15\u00b0, 30\u00b0, 45\u00b0, 67\u00b0 y 90\u00b0- para adaptarse a diversos dise\u00f1os de instalaci\u00f3n.  <\/p>\n<h3>Especificaciones del producto<\/h3>\n<ul>\n<li>Color: blanco<\/li>\n<li>Versiones:\n<ul>\n<li>32\/15\u00b0<\/li>\n<li>32\/30\u00b0<\/li>\n<li>32\/45\u00b0<\/li>\n<li>32\/67\u00b0<\/li>\n<li>32\/90\u00b0<\/li>\n<li>40\/15\u00b0<\/li>\n<li>40\/30\u00b0<\/li>\n<li>40\/45\u00b0<\/li>\n<li>40\/67\u00b0<\/li>\n<li>40\/90\u00b0<\/li>\n<\/ul>\n<\/li>\n<li>Material: pl\u00e1stico resistente<\/li>\n<li>Finalidad: cambiar la direcci\u00f3n del flujo en los sistemas de drenaje<\/li>\n<li>Resistencia: a la humedad, los productos qu\u00edmicos y los da\u00f1os mec\u00e1nicos<\/li>\n<\/ul>\n<h3>Aplicaci\u00f3n<\/h3>\n<p>El codo de alcantarilla se utiliza en los sistemas de drenaje sanitario y de aguas pluviales de edificios residenciales, comerciales e industriales. El producto permite dirigir eficazmente la instalaci\u00f3n en lugares que requieren cambiar la direcci\u00f3n de las tuber\u00edas, garantizando la durabilidad y estanqueidad de las conexiones. <\/p>\n<h3>Ventajas del producto<\/h3>\n<ul>\n<li>Amplia selecci\u00f3n de \u00e1ngulos de 15\u00b0 a 90<\/li>\n<li>Resistencia a la humedad, los productos qu\u00edmicos y las condiciones meteorol\u00f3gicas cambiantes<\/li>\n<li>Dise\u00f1o duradero para una larga vida \u00fatil<\/li>\n<li>F\u00e1cil instalaci\u00f3n y compatibilidad con otros componentes de la planta<\/li>\n<li>Uso universal en sistemas de alcantarillado<\/li>\n<\/ul>\n<p>El codo de alcantarillado en blanco es una soluci\u00f3n fiable y pr\u00e1ctica para cualquier instalaci\u00f3n de alcantarillado. Gracias a sus diversos \u00e1ngulos, el producto puede adaptarse f\u00e1cilmente a los requisitos del proyecto, garantizando un sistema eficaz y a prueba de fugas. <\/p>\n","protected":false},"excerpt":{"rendered":"<p>Codo de alcantarilla en blanco, disponible en \u00e1ngulos de 15\u00b0 a 90\u00b0. Dise\u00f1ado para cambiar la direcci\u00f3n del flujo en los sistemas de alcantarillado. <\/p>\n","protected":false},"featured_media":17010,"template":"","meta":{"_acf_changed":false,"_kad_blocks_custom_css":"","_kad_blocks_head_custom_js":"","_kad_blocks_body_custom_js":"","_kad_blocks_footer_custom_js":"","_kad_post_transparent":"","_kad_post_title":"","_kad_post_layout":"","_kad_post_sidebar_id":"","_kad_post_content_style":"","_kad_post_vertical_padding":"","_kad_post_feature":"","_kad_post_feature_position":"","_kad_post_header":false,"_kad_post_footer":false,"_kad_post_classname":""},"product_brand":[],"product_cat":[1322,1320],"product_tag":[],"class_list":{"0":"post-17009","1":"product","2":"type-product","3":"status-publish","4":"has-post-thumbnail","6":"product_cat-codos-de-canalizacion","7":"product_cat-sistemas-de-alcantarillado-sanitario-y-pluvial","8":"pa_kolor-blanco","9":"pa_wersja-32-15-es","10":"pa_wersja-32-30-es","11":"pa_wersja-32-45-es","12":"pa_wersja-32-67-es","13":"pa_wersja-32-90-es","14":"pa_wersja-40-15-es","15":"pa_wersja-40-30-es","16":"pa_wersja-40-45-es","17":"pa_wersja-40-67-es","18":"pa_wersja-40-90-es","20":"first","21":"instock","22":"product-type-variable","23":"entry","24":"content-bg","25":"loop-entry"},"acf":[],"yoast_head":"<!-- This site is optimized with the Yoast SEO plugin v25.1 - https:\/\/yoast.com\/wordpress\/plugins\/seo\/ -->\n<title>Codo - Plasmet<\/title>\n<meta name=\"description\" content=\"Codo \u2013 producent i hurtownia Plasmet. Oferujemy wysok\u0105 jako\u015b\u0107, szeroki wyb\u00f3r i dobre ceny. Zapraszamy do sprawdzenia oferty!\" \/>\n<meta name=\"robots\" content=\"index, follow, max-snippet:-1, max-image-preview:large, max-video-preview:-1\" \/>\n<link rel=\"canonical\" href=\"https:\/\/plasmet.bochnia.pl\/es\/producto\/codo-2\/\" \/>\n<meta property=\"og:locale\" content=\"es_ES\" \/>\n<meta property=\"og:type\" content=\"article\" \/>\n<meta property=\"og:title\" content=\"Codo - Plasmet\" \/>\n<meta property=\"og:description\" content=\"Codo \u2013 producent i hurtownia Plasmet. Oferujemy wysok\u0105 jako\u015b\u0107, szeroki wyb\u00f3r i dobre ceny. Zapraszamy do sprawdzenia oferty!\" \/>\n<meta property=\"og:url\" content=\"https:\/\/plasmet.bochnia.pl\/es\/producto\/codo-2\/\" \/>\n<meta property=\"og:site_name\" content=\"Plasmet\" \/>\n<meta property=\"og:image\" content=\"https:\/\/plasmet.bochnia.pl\/wp-content\/uploads\/2024\/11\/kolanko-32-15.jpg\" \/>\n\t<meta property=\"og:image:width\" content=\"800\" \/>\n\t<meta property=\"og:image:height\" content=\"600\" \/>\n\t<meta property=\"og:image:type\" content=\"image\/jpeg\" \/>\n<meta name=\"twitter:card\" content=\"summary_large_image\" \/>\n<meta name=\"twitter:label1\" content=\"Tiempo de lectura\" \/>\n\t<meta name=\"twitter:data1\" content=\"1 minuto\" \/>\n<script type=\"application\/ld+json\" class=\"yoast-schema-graph\">{\"@context\":\"https:\/\/schema.org\",\"@graph\":[{\"@type\":\"WebPage\",\"@id\":\"https:\/\/plasmet.bochnia.pl\/es\/producto\/codo-2\/\",\"url\":\"https:\/\/plasmet.bochnia.pl\/es\/producto\/codo-2\/\",\"name\":\"Codo - Plasmet\",\"isPartOf\":{\"@id\":\"https:\/\/plasmet.bochnia.pl\/es\/#website\"},\"primaryImageOfPage\":{\"@id\":\"https:\/\/plasmet.bochnia.pl\/es\/producto\/codo-2\/#primaryimage\"},\"image\":{\"@id\":\"https:\/\/plasmet.bochnia.pl\/es\/producto\/codo-2\/#primaryimage\"},\"thumbnailUrl\":\"https:\/\/plasmet.bochnia.pl\/wp-content\/uploads\/2024\/11\/kolanko-32-15.jpg\",\"datePublished\":\"2024-11-20T15:29:07+00:00\",\"description\":\"Codo \u2013 producent i hurtownia Plasmet. Oferujemy wysok\u0105 jako\u015b\u0107, szeroki wyb\u00f3r i dobre ceny. Zapraszamy do sprawdzenia oferty!\",\"breadcrumb\":{\"@id\":\"https:\/\/plasmet.bochnia.pl\/es\/producto\/codo-2\/#breadcrumb\"},\"inLanguage\":\"es\",\"potentialAction\":[{\"@type\":\"ReadAction\",\"target\":[\"https:\/\/plasmet.bochnia.pl\/es\/producto\/codo-2\/\"]}]},{\"@type\":\"ImageObject\",\"inLanguage\":\"es\",\"@id\":\"https:\/\/plasmet.bochnia.pl\/es\/producto\/codo-2\/#primaryimage\",\"url\":\"https:\/\/plasmet.bochnia.pl\/wp-content\/uploads\/2024\/11\/kolanko-32-15.jpg\",\"contentUrl\":\"https:\/\/plasmet.bochnia.pl\/wp-content\/uploads\/2024\/11\/kolanko-32-15.jpg\",\"width\":800,\"height\":600,\"caption\":\"kolanko-32-15\"},{\"@type\":\"BreadcrumbList\",\"@id\":\"https:\/\/plasmet.bochnia.pl\/es\/producto\/codo-2\/#breadcrumb\",\"itemListElement\":[{\"@type\":\"ListItem\",\"position\":1,\"name\":\"Strona g\u0142\u00f3wna\",\"item\":\"https:\/\/plasmet.bochnia.pl\/es\/\"},{\"@type\":\"ListItem\",\"position\":2,\"name\":\"Tienda\",\"item\":\"https:\/\/plasmet.bochnia.pl\/es\/tienda\/\"},{\"@type\":\"ListItem\",\"position\":3,\"name\":\"Codo\"}]},{\"@type\":\"WebSite\",\"@id\":\"https:\/\/plasmet.bochnia.pl\/es\/#website\",\"url\":\"https:\/\/plasmet.bochnia.pl\/es\/\",\"name\":\"Plasmet\",\"description\":\"Plasmet\",\"alternateName\":\"Plasmet\",\"potentialAction\":[{\"@type\":\"SearchAction\",\"target\":{\"@type\":\"EntryPoint\",\"urlTemplate\":\"https:\/\/plasmet.bochnia.pl\/es\/?s={search_term_string}\"},\"query-input\":{\"@type\":\"PropertyValueSpecification\",\"valueRequired\":true,\"valueName\":\"search_term_string\"}}],\"inLanguage\":\"es\"}]}<\/script>\n<!-- \/ Yoast SEO plugin. -->","yoast_head_json":{"title":"Codo - Plasmet","description":"Codo \u2013 producent i hurtownia Plasmet. Oferujemy wysok\u0105 jako\u015b\u0107, szeroki wyb\u00f3r i dobre ceny. Zapraszamy do sprawdzenia oferty!","robots":{"index":"index","follow":"follow","max-snippet":"max-snippet:-1","max-image-preview":"max-image-preview:large","max-video-preview":"max-video-preview:-1"},"canonical":"https:\/\/plasmet.bochnia.pl\/es\/producto\/codo-2\/","og_locale":"es_ES","og_type":"article","og_title":"Codo - Plasmet","og_description":"Codo \u2013 producent i hurtownia Plasmet. Oferujemy wysok\u0105 jako\u015b\u0107, szeroki wyb\u00f3r i dobre ceny. Zapraszamy do sprawdzenia oferty!","og_url":"https:\/\/plasmet.bochnia.pl\/es\/producto\/codo-2\/","og_site_name":"Plasmet","og_image":[{"width":800,"height":600,"url":"https:\/\/plasmet.bochnia.pl\/wp-content\/uploads\/2024\/11\/kolanko-32-15.jpg","type":"image\/jpeg"}],"twitter_card":"summary_large_image","twitter_misc":{"Tiempo de lectura":"1 minuto"},"schema":{"@context":"https:\/\/schema.org","@graph":[{"@type":"WebPage","@id":"https:\/\/plasmet.bochnia.pl\/es\/producto\/codo-2\/","url":"https:\/\/plasmet.bochnia.pl\/es\/producto\/codo-2\/","name":"Codo - Plasmet","isPartOf":{"@id":"https:\/\/plasmet.bochnia.pl\/es\/#website"},"primaryImageOfPage":{"@id":"https:\/\/plasmet.bochnia.pl\/es\/producto\/codo-2\/#primaryimage"},"image":{"@id":"https:\/\/plasmet.bochnia.pl\/es\/producto\/codo-2\/#primaryimage"},"thumbnailUrl":"https:\/\/plasmet.bochnia.pl\/wp-content\/uploads\/2024\/11\/kolanko-32-15.jpg","datePublished":"2024-11-20T15:29:07+00:00","description":"Codo \u2013 producent i hurtownia Plasmet. Oferujemy wysok\u0105 jako\u015b\u0107, szeroki wyb\u00f3r i dobre ceny. Zapraszamy do sprawdzenia oferty!","breadcrumb":{"@id":"https:\/\/plasmet.bochnia.pl\/es\/producto\/codo-2\/#breadcrumb"},"inLanguage":"es","potentialAction":[{"@type":"ReadAction","target":["https:\/\/plasmet.bochnia.pl\/es\/producto\/codo-2\/"]}]},{"@type":"ImageObject","inLanguage":"es","@id":"https:\/\/plasmet.bochnia.pl\/es\/producto\/codo-2\/#primaryimage","url":"https:\/\/plasmet.bochnia.pl\/wp-content\/uploads\/2024\/11\/kolanko-32-15.jpg","contentUrl":"https:\/\/plasmet.bochnia.pl\/wp-content\/uploads\/2024\/11\/kolanko-32-15.jpg","width":800,"height":600,"caption":"kolanko-32-15"},{"@type":"BreadcrumbList","@id":"https:\/\/plasmet.bochnia.pl\/es\/producto\/codo-2\/#breadcrumb","itemListElement":[{"@type":"ListItem","position":1,"name":"Strona g\u0142\u00f3wna","item":"https:\/\/plasmet.bochnia.pl\/es\/"},{"@type":"ListItem","position":2,"name":"Tienda","item":"https:\/\/plasmet.bochnia.pl\/es\/tienda\/"},{"@type":"ListItem","position":3,"name":"Codo"}]},{"@type":"WebSite","@id":"https:\/\/plasmet.bochnia.pl\/es\/#website","url":"https:\/\/plasmet.bochnia.pl\/es\/","name":"Plasmet","description":"Plasmet","alternateName":"Plasmet","potentialAction":[{"@type":"SearchAction","target":{"@type":"EntryPoint","urlTemplate":"https:\/\/plasmet.bochnia.pl\/es\/?s={search_term_string}"},"query-input":{"@type":"PropertyValueSpecification","valueRequired":true,"valueName":"search_term_string"}}],"inLanguage":"es"}]}},"taxonomy_info":{"product_cat":[{"value":1322,"label":"Codos de canalizaci\u00f3n"},{"value":1320,"label":"Sistemas de alcantarillado sanitario y pluvial"}],"pa_kolor":[{"value":1383,"label":"Blanco"}],"pa_wersja":[{"value":1493,"label":"32\/15"},{"value":1497,"label":"32\/30"},{"value":1501,"label":"32\/45"},{"value":1507,"label":"32\/67"},{"value":1509,"label":"32\/90"},{"value":1527,"label":"40\/15"},{"value":1531,"label":"40\/30"},{"value":1535,"label":"40\/45"},{"value":1543,"label":"40\/67"},{"value":1545,"label":"40\/90"}]},"featured_image_src_large":["https:\/\/plasmet.bochnia.pl\/wp-content\/uploads\/2024\/11\/kolanko-32-15.jpg",800,600,false],"author_info":[],"comment_info":"","_links":{"self":[{"href":"https:\/\/plasmet.bochnia.pl\/es\/wp-json\/wp\/v2\/product\/17009","targetHints":{"allow":["GET"]}}],"collection":[{"href":"https:\/\/plasmet.bochnia.pl\/es\/wp-json\/wp\/v2\/product"}],"about":[{"href":"https:\/\/plasmet.bochnia.pl\/es\/wp-json\/wp\/v2\/types\/product"}],"wp:featuredmedia":[{"embeddable":true,"href":"https:\/\/plasmet.bochnia.pl\/es\/wp-json\/wp\/v2\/media\/17010"}],"wp:attachment":[{"href":"https:\/\/plasmet.bochnia.pl\/es\/wp-json\/wp\/v2\/media?parent=17009"}],"wp:term":[{"taxonomy":"product_brand","embeddable":true,"href":"https:\/\/plasmet.bochnia.pl\/es\/wp-json\/wp\/v2\/product_brand?post=17009"},{"taxonomy":"product_cat","embeddable":true,"href":"https:\/\/plasmet.bochnia.pl\/es\/wp-json\/wp\/v2\/product_cat?post=17009"},{"taxonomy":"product_tag","embeddable":true,"href":"https:\/\/plasmet.bochnia.pl\/es\/wp-json\/wp\/v2\/product_tag?post=17009"}],"curies":[{"name":"wp","href":"https:\/\/api.w.org\/{rel}","templated":true}]}}