{"id":16982,"date":"2024-11-20T16:29:07","date_gmt":"2024-11-20T15:29:07","guid":{"rendered":"https:\/\/plasmet.bochnia.pl\/produkt\/conector-elastico-wc\/"},"modified":"2024-11-20T16:29:07","modified_gmt":"2024-11-20T15:29:07","slug":"conector-elastico-wc","status":"publish","type":"product","link":"https:\/\/plasmet.bochnia.pl\/es\/producto\/conector-elastico-wc\/","title":{"rendered":"Conector el\u00e1stico WC"},"content":{"rendered":"<h2>Conector WC de tracci\u00f3n: flexibilidad y estanqueidad<\/h2>\n<p>El conector extensible para inodoro es una soluci\u00f3n pr\u00e1ctica para conectar de forma flexible una taza de inodoro al sistema de tuber\u00edas. Gracias a su dise\u00f1o, permite ajustar la longitud, lo que resulta especialmente \u00fatil para configuraciones de instalaci\u00f3n de dif\u00edcil acceso o poco habituales. El producto est\u00e1 fabricado en pl\u00e1stico duradero de color blanco y es resistente a la humedad, los productos qu\u00edmicos y los da\u00f1os mec\u00e1nicos.  <\/p>\n<h3>Especificaciones del producto<\/h3>\n<ul>\n<li>Color: blanco<\/li>\n<li>Dise\u00f1o: extensible, permite ajustar la longitud hasta un m\u00e1ximo de 540 mm<\/li>\n<li>Material: pl\u00e1stico resistente<\/li>\n<li>Finalidad: conexi\u00f3n flexible de los inodoros al sistema de aguas residuales<\/li>\n<li>Resistencia: a la humedad, los productos qu\u00edmicos y los da\u00f1os mec\u00e1nicos<\/li>\n<\/ul>\n<h3>Aplicaci\u00f3n<\/h3>\n<p>El conector de WC extensible se utiliza en instalaciones de desag\u00fce residenciales, comerciales e industriales. El producto es ideal en casos en los que los conectores est\u00e1ndar no son adecuados, como con disposiciones de instalaci\u00f3n inusuales o acceso limitado a las tuber\u00edas de desag\u00fce. <\/p>\n<h3>Ventajas del producto<\/h3>\n<ul>\n<li>Dise\u00f1o flexible que permite ajustar la longitud<\/li>\n<li>Resistencia a la humedad y a los productos qu\u00edmicos<\/li>\n<li>F\u00e1cil instalaci\u00f3n en lugares de dif\u00edcil acceso<\/li>\n<li>Dise\u00f1o duradero para una larga vida \u00fatil<\/li>\n<li>Uso universal en sistemas de alcantarillado<\/li>\n<\/ul>\n<p>El conector WC extensible es la soluci\u00f3n ideal para instalaciones que requieren flexibilidad y facilidad de instalaci\u00f3n. Gracias a su dise\u00f1o, el producto se adapta f\u00e1cilmente a distintas condiciones de instalaci\u00f3n, garantizando conexiones estancas y duraderas. <\/p>\n","protected":false},"excerpt":{"rendered":"<p>Conector de inodoro extensible de color blanco para una conexi\u00f3n flexible y a prueba de fugas entre la taza del inodoro y el sistema de fontaner\u00eda. Ideal para configuraciones dif\u00edciles de alcanzar o poco habituales. <\/p>\n","protected":false},"featured_media":16983,"template":"","meta":{"_acf_changed":false,"_kad_blocks_custom_css":"","_kad_blocks_head_custom_js":"","_kad_blocks_body_custom_js":"","_kad_blocks_footer_custom_js":"","_kad_post_transparent":"","_kad_post_title":"","_kad_post_layout":"","_kad_post_sidebar_id":"","_kad_post_content_style":"","_kad_post_vertical_padding":"","_kad_post_feature":"","_kad_post_feature_position":"","_kad_post_header":false,"_kad_post_footer":false,"_kad_post_classname":""},"product_brand":[],"product_cat":[1336,1320],"product_tag":[],"class_list":{"0":"post-16982","1":"product","2":"type-product","3":"status-publish","4":"has-post-thumbnail","6":"product_cat-conexiones-y-rosetas-para-wc","7":"product_cat-sistemas-de-alcantarillado-sanitario-y-pluvial","8":"pa_kolor-blanco","10":"first","11":"instock","12":"product-type-variable","13":"entry","14":"content-bg","15":"loop-entry"},"acf":[],"yoast_head":"<!-- This site is optimized with the Yoast SEO plugin v25.1 - https:\/\/yoast.com\/wordpress\/plugins\/seo\/ -->\n<title>Conector el\u00e1stico WC - Plasmet<\/title>\n<meta name=\"description\" content=\"Conector el\u00e1stico WC \u2013 producent i hurtownia Plasmet. Oferujemy wysok\u0105 jako\u015b\u0107, szeroki wyb\u00f3r i dobre ceny. Zapraszamy do sprawdzenia oferty!\" \/>\n<meta name=\"robots\" content=\"index, follow, max-snippet:-1, max-image-preview:large, max-video-preview:-1\" \/>\n<link rel=\"canonical\" href=\"https:\/\/plasmet.bochnia.pl\/es\/producto\/conector-elastico-wc\/\" \/>\n<meta property=\"og:locale\" content=\"es_ES\" \/>\n<meta property=\"og:type\" content=\"article\" \/>\n<meta property=\"og:title\" content=\"Conector el\u00e1stico WC - Plasmet\" \/>\n<meta property=\"og:description\" content=\"Conector el\u00e1stico WC \u2013 producent i hurtownia Plasmet. Oferujemy wysok\u0105 jako\u015b\u0107, szeroki wyb\u00f3r i dobre ceny. Zapraszamy do sprawdzenia oferty!\" \/>\n<meta property=\"og:url\" content=\"https:\/\/plasmet.bochnia.pl\/es\/producto\/conector-elastico-wc\/\" \/>\n<meta property=\"og:site_name\" content=\"Plasmet\" \/>\n<meta property=\"og:image\" content=\"https:\/\/plasmet.bochnia.pl\/wp-content\/uploads\/2024\/11\/zlacze-wc-rozciagliwe.jpg\" \/>\n\t<meta property=\"og:image:width\" content=\"800\" \/>\n\t<meta property=\"og:image:height\" content=\"600\" \/>\n\t<meta property=\"og:image:type\" content=\"image\/jpeg\" \/>\n<meta name=\"twitter:card\" content=\"summary_large_image\" \/>\n<meta name=\"twitter:label1\" content=\"Tiempo de lectura\" \/>\n\t<meta name=\"twitter:data1\" content=\"1 minuto\" \/>\n<script type=\"application\/ld+json\" class=\"yoast-schema-graph\">{\"@context\":\"https:\/\/schema.org\",\"@graph\":[{\"@type\":\"WebPage\",\"@id\":\"https:\/\/plasmet.bochnia.pl\/es\/producto\/conector-elastico-wc\/\",\"url\":\"https:\/\/plasmet.bochnia.pl\/es\/producto\/conector-elastico-wc\/\",\"name\":\"Conector el\u00e1stico WC - Plasmet\",\"isPartOf\":{\"@id\":\"https:\/\/plasmet.bochnia.pl\/es\/#website\"},\"primaryImageOfPage\":{\"@id\":\"https:\/\/plasmet.bochnia.pl\/es\/producto\/conector-elastico-wc\/#primaryimage\"},\"image\":{\"@id\":\"https:\/\/plasmet.bochnia.pl\/es\/producto\/conector-elastico-wc\/#primaryimage\"},\"thumbnailUrl\":\"https:\/\/plasmet.bochnia.pl\/wp-content\/uploads\/2024\/11\/zlacze-wc-rozciagliwe.jpg\",\"datePublished\":\"2024-11-20T15:29:07+00:00\",\"description\":\"Conector el\u00e1stico WC \u2013 producent i hurtownia Plasmet. Oferujemy wysok\u0105 jako\u015b\u0107, szeroki wyb\u00f3r i dobre ceny. Zapraszamy do sprawdzenia oferty!\",\"breadcrumb\":{\"@id\":\"https:\/\/plasmet.bochnia.pl\/es\/producto\/conector-elastico-wc\/#breadcrumb\"},\"inLanguage\":\"es\",\"potentialAction\":[{\"@type\":\"ReadAction\",\"target\":[\"https:\/\/plasmet.bochnia.pl\/es\/producto\/conector-elastico-wc\/\"]}]},{\"@type\":\"ImageObject\",\"inLanguage\":\"es\",\"@id\":\"https:\/\/plasmet.bochnia.pl\/es\/producto\/conector-elastico-wc\/#primaryimage\",\"url\":\"https:\/\/plasmet.bochnia.pl\/wp-content\/uploads\/2024\/11\/zlacze-wc-rozciagliwe.jpg\",\"contentUrl\":\"https:\/\/plasmet.bochnia.pl\/wp-content\/uploads\/2024\/11\/zlacze-wc-rozciagliwe.jpg\",\"width\":800,\"height\":600,\"caption\":\"zlacze-wc-rozciagliwe\"},{\"@type\":\"BreadcrumbList\",\"@id\":\"https:\/\/plasmet.bochnia.pl\/es\/producto\/conector-elastico-wc\/#breadcrumb\",\"itemListElement\":[{\"@type\":\"ListItem\",\"position\":1,\"name\":\"Strona g\u0142\u00f3wna\",\"item\":\"https:\/\/plasmet.bochnia.pl\/es\/\"},{\"@type\":\"ListItem\",\"position\":2,\"name\":\"Tienda\",\"item\":\"https:\/\/plasmet.bochnia.pl\/es\/tienda\/\"},{\"@type\":\"ListItem\",\"position\":3,\"name\":\"Conector el\u00e1stico WC\"}]},{\"@type\":\"WebSite\",\"@id\":\"https:\/\/plasmet.bochnia.pl\/es\/#website\",\"url\":\"https:\/\/plasmet.bochnia.pl\/es\/\",\"name\":\"Plasmet\",\"description\":\"Plasmet\",\"alternateName\":\"Plasmet\",\"potentialAction\":[{\"@type\":\"SearchAction\",\"target\":{\"@type\":\"EntryPoint\",\"urlTemplate\":\"https:\/\/plasmet.bochnia.pl\/es\/?s={search_term_string}\"},\"query-input\":{\"@type\":\"PropertyValueSpecification\",\"valueRequired\":true,\"valueName\":\"search_term_string\"}}],\"inLanguage\":\"es\"}]}<\/script>\n<!-- \/ Yoast SEO plugin. -->","yoast_head_json":{"title":"Conector el\u00e1stico WC - Plasmet","description":"Conector el\u00e1stico WC \u2013 producent i hurtownia Plasmet. Oferujemy wysok\u0105 jako\u015b\u0107, szeroki wyb\u00f3r i dobre ceny. Zapraszamy do sprawdzenia oferty!","robots":{"index":"index","follow":"follow","max-snippet":"max-snippet:-1","max-image-preview":"max-image-preview:large","max-video-preview":"max-video-preview:-1"},"canonical":"https:\/\/plasmet.bochnia.pl\/es\/producto\/conector-elastico-wc\/","og_locale":"es_ES","og_type":"article","og_title":"Conector el\u00e1stico WC - Plasmet","og_description":"Conector el\u00e1stico WC \u2013 producent i hurtownia Plasmet. Oferujemy wysok\u0105 jako\u015b\u0107, szeroki wyb\u00f3r i dobre ceny. Zapraszamy do sprawdzenia oferty!","og_url":"https:\/\/plasmet.bochnia.pl\/es\/producto\/conector-elastico-wc\/","og_site_name":"Plasmet","og_image":[{"width":800,"height":600,"url":"https:\/\/plasmet.bochnia.pl\/wp-content\/uploads\/2024\/11\/zlacze-wc-rozciagliwe.jpg","type":"image\/jpeg"}],"twitter_card":"summary_large_image","twitter_misc":{"Tiempo de lectura":"1 minuto"},"schema":{"@context":"https:\/\/schema.org","@graph":[{"@type":"WebPage","@id":"https:\/\/plasmet.bochnia.pl\/es\/producto\/conector-elastico-wc\/","url":"https:\/\/plasmet.bochnia.pl\/es\/producto\/conector-elastico-wc\/","name":"Conector el\u00e1stico WC - Plasmet","isPartOf":{"@id":"https:\/\/plasmet.bochnia.pl\/es\/#website"},"primaryImageOfPage":{"@id":"https:\/\/plasmet.bochnia.pl\/es\/producto\/conector-elastico-wc\/#primaryimage"},"image":{"@id":"https:\/\/plasmet.bochnia.pl\/es\/producto\/conector-elastico-wc\/#primaryimage"},"thumbnailUrl":"https:\/\/plasmet.bochnia.pl\/wp-content\/uploads\/2024\/11\/zlacze-wc-rozciagliwe.jpg","datePublished":"2024-11-20T15:29:07+00:00","description":"Conector el\u00e1stico WC \u2013 producent i hurtownia Plasmet. Oferujemy wysok\u0105 jako\u015b\u0107, szeroki wyb\u00f3r i dobre ceny. Zapraszamy do sprawdzenia oferty!","breadcrumb":{"@id":"https:\/\/plasmet.bochnia.pl\/es\/producto\/conector-elastico-wc\/#breadcrumb"},"inLanguage":"es","potentialAction":[{"@type":"ReadAction","target":["https:\/\/plasmet.bochnia.pl\/es\/producto\/conector-elastico-wc\/"]}]},{"@type":"ImageObject","inLanguage":"es","@id":"https:\/\/plasmet.bochnia.pl\/es\/producto\/conector-elastico-wc\/#primaryimage","url":"https:\/\/plasmet.bochnia.pl\/wp-content\/uploads\/2024\/11\/zlacze-wc-rozciagliwe.jpg","contentUrl":"https:\/\/plasmet.bochnia.pl\/wp-content\/uploads\/2024\/11\/zlacze-wc-rozciagliwe.jpg","width":800,"height":600,"caption":"zlacze-wc-rozciagliwe"},{"@type":"BreadcrumbList","@id":"https:\/\/plasmet.bochnia.pl\/es\/producto\/conector-elastico-wc\/#breadcrumb","itemListElement":[{"@type":"ListItem","position":1,"name":"Strona g\u0142\u00f3wna","item":"https:\/\/plasmet.bochnia.pl\/es\/"},{"@type":"ListItem","position":2,"name":"Tienda","item":"https:\/\/plasmet.bochnia.pl\/es\/tienda\/"},{"@type":"ListItem","position":3,"name":"Conector el\u00e1stico WC"}]},{"@type":"WebSite","@id":"https:\/\/plasmet.bochnia.pl\/es\/#website","url":"https:\/\/plasmet.bochnia.pl\/es\/","name":"Plasmet","description":"Plasmet","alternateName":"Plasmet","potentialAction":[{"@type":"SearchAction","target":{"@type":"EntryPoint","urlTemplate":"https:\/\/plasmet.bochnia.pl\/es\/?s={search_term_string}"},"query-input":{"@type":"PropertyValueSpecification","valueRequired":true,"valueName":"search_term_string"}}],"inLanguage":"es"}]}},"taxonomy_info":{"product_cat":[{"value":1336,"label":"Conexiones y rosetas para WC"},{"value":1320,"label":"Sistemas de alcantarillado sanitario y pluvial"}],"pa_kolor":[{"value":1383,"label":"Blanco"}]},"featured_image_src_large":["https:\/\/plasmet.bochnia.pl\/wp-content\/uploads\/2024\/11\/zlacze-wc-rozciagliwe.jpg",800,600,false],"author_info":[],"comment_info":"","_links":{"self":[{"href":"https:\/\/plasmet.bochnia.pl\/es\/wp-json\/wp\/v2\/product\/16982","targetHints":{"allow":["GET"]}}],"collection":[{"href":"https:\/\/plasmet.bochnia.pl\/es\/wp-json\/wp\/v2\/product"}],"about":[{"href":"https:\/\/plasmet.bochnia.pl\/es\/wp-json\/wp\/v2\/types\/product"}],"wp:featuredmedia":[{"embeddable":true,"href":"https:\/\/plasmet.bochnia.pl\/es\/wp-json\/wp\/v2\/media\/16983"}],"wp:attachment":[{"href":"https:\/\/plasmet.bochnia.pl\/es\/wp-json\/wp\/v2\/media?parent=16982"}],"wp:term":[{"taxonomy":"product_brand","embeddable":true,"href":"https:\/\/plasmet.bochnia.pl\/es\/wp-json\/wp\/v2\/product_brand?post=16982"},{"taxonomy":"product_cat","embeddable":true,"href":"https:\/\/plasmet.bochnia.pl\/es\/wp-json\/wp\/v2\/product_cat?post=16982"},{"taxonomy":"product_tag","embeddable":true,"href":"https:\/\/plasmet.bochnia.pl\/es\/wp-json\/wp\/v2\/product_tag?post=16982"}],"curies":[{"name":"wp","href":"https:\/\/api.w.org\/{rel}","templated":true}]}}