{"id":16956,"date":"2024-11-20T16:29:07","date_gmt":"2024-11-20T15:29:07","guid":{"rendered":"https:\/\/plasmet.bochnia.pl\/produkt\/codo\/"},"modified":"2024-11-20T16:29:07","modified_gmt":"2024-11-20T15:29:07","slug":"codo","status":"publish","type":"product","link":"https:\/\/plasmet.bochnia.pl\/es\/producto\/codo\/","title":{"rendered":"Codo"},"content":{"rendered":"<h2>Codo de alcantarilla: la soluci\u00f3n precisa para instalaciones complejas<\/h2>\n<p>El codo de alcantarilla es una pieza clave de la instalaci\u00f3n, que permite un cambio de direcci\u00f3n suave de las tuber\u00edas en los sistemas de alcantarillado. Fabricado en pl\u00e1stico gris duradero, el codo es resistente a los productos qu\u00edmicos, la humedad y los da\u00f1os mec\u00e1nicos. El producto est\u00e1 disponible en una amplia gama de di\u00e1metros y \u00e1ngulos, de 15\u00b0 a 90\u00b0, para adaptarse a las distintas necesidades de dise\u00f1o en sistemas sanitarios y de aguas pluviales.  <\/p>\n<h3>Especificaciones del producto<\/h3>\n<ul>\n<li>Color: gris<\/li>\n<li>Versiones:\n<ul>\n<li>110 mm: 15\u00b0, 30\u00b0, 45\u00b0, 67\u00b0, 90\u00b0<\/li>\n<li>50 mm: 15\u00b0, 30\u00b0, 45\u00b0, 67\u00b0, 90\u00b0<\/li>\n<li>75 mm: 30\u00b0, 45\u00b0, 67\u00b0, 90\u00b0<\/li>\n<li>40 mm: 15\u00b0, 30\u00b0, 45\u00b0, 67\u00b0, 90\u00b0<\/li>\n<\/ul>\n<\/li>\n<li>Material: pl\u00e1stico duradero y resistente a los productos qu\u00edmicos<\/li>\n<li>Uso previsto: Cambiar la direcci\u00f3n de las tuber\u00edas en los sistemas de desag\u00fce<\/li>\n<li>Resistencia: a la humedad, a las variaciones de temperatura y a los da\u00f1os mec\u00e1nicos<\/li>\n<\/ul>\n<h3>Aplicaci\u00f3n<\/h3>\n<p>El codo de alcantarilla se utiliza en instalaciones sanitarias y de aguas pluviales de edificios residenciales, comerciales e industriales. El producto es ideal para su uso cuando se requiere un ajuste preciso de las tuber\u00edas a trazados espaciales dif\u00edciles. Disponible en varias versiones, el codo puede adaptarse f\u00e1cilmente a los requisitos espec\u00edficos del proyecto.  <\/p>\n<h3>Ventajas del producto<\/h3>\n<ul>\n<li>Amplia gama de \u00e1ngulos y di\u00e1metros de 40 mm a 110 mm<\/li>\n<li>Resistente a la humedad y a los productos qu\u00edmicos agresivos<\/li>\n<li>F\u00e1cil de instalar gracias a la ingenier\u00eda de precisi\u00f3n<\/li>\n<li>Construcci\u00f3n duradera para un uso prolongado<\/li>\n<li>Uso vers\u00e1til en sistemas sanitarios y de aguas pluviales<\/li>\n<\/ul>\n<p>El codo de alcantarilla gris es una soluci\u00f3n fiable para cualquier instalaci\u00f3n de alcantarillado que garantiza durabilidad, estanqueidad y facilidad de instalaci\u00f3n. Gracias a sus distintas versiones, el producto cumple los requisitos de los proyectos de instalaci\u00f3n m\u00e1s complejos. <\/p>\n","protected":false},"excerpt":{"rendered":"<p>Codo de alcantarilla de color gris, disponible en una amplia gama de \u00e1ngulos y di\u00e1metros, de 15\u00b0 a 90\u00b0. Dise\u00f1ado para cambiar la direcci\u00f3n de las tuber\u00edas en sistemas de alcantarillado sanitario y de aguas pluviales. <\/p>\n","protected":false},"featured_media":7711,"template":"","meta":{"_acf_changed":false,"_kad_blocks_custom_css":"","_kad_blocks_head_custom_js":"","_kad_blocks_body_custom_js":"","_kad_blocks_footer_custom_js":"","_kad_post_transparent":"","_kad_post_title":"","_kad_post_layout":"","_kad_post_sidebar_id":"","_kad_post_content_style":"","_kad_post_vertical_padding":"","_kad_post_feature":"","_kad_post_feature_position":"","_kad_post_header":false,"_kad_post_footer":false,"_kad_post_classname":""},"product_brand":[],"product_cat":[1322,1320],"product_tag":[],"class_list":{"0":"post-16956","1":"product","2":"type-product","3":"status-publish","4":"has-post-thumbnail","6":"product_cat-codos-de-canalizacion","7":"product_cat-sistemas-de-alcantarillado-sanitario-y-pluvial","8":"pa_kolor-gris","9":"pa_wersja-110-15-es","10":"pa_wersja-110-30-es","11":"pa_wersja-110-45-es","12":"pa_wersja-110-67-es","13":"pa_wersja-110-90-es","14":"pa_wersja-40-15-es","15":"pa_wersja-40-30-es","16":"pa_wersja-40-45-es","17":"pa_wersja-40-67-es","18":"pa_wersja-40-90-es","19":"pa_wersja-50-15-es","20":"pa_wersja-50-30-es","21":"pa_wersja-50-45-es","22":"pa_wersja-50-67-es","23":"pa_wersja-50-90-es","24":"pa_wersja-75-30-es","25":"pa_wersja-75-45-es","26":"pa_wersja-75-67-es","27":"pa_wersja-75-90-es","29":"first","30":"instock","31":"product-type-variable","32":"entry","33":"content-bg","34":"loop-entry"},"acf":[],"yoast_head":"<!-- This site is optimized with the Yoast SEO plugin v25.1 - https:\/\/yoast.com\/wordpress\/plugins\/seo\/ -->\n<title>Codo - Plasmet<\/title>\n<meta name=\"description\" content=\"Codo \u2013 producent i hurtownia Plasmet. Oferujemy wysok\u0105 jako\u015b\u0107, szeroki wyb\u00f3r i dobre ceny. Zapraszamy do sprawdzenia oferty!\" \/>\n<meta name=\"robots\" content=\"index, follow, max-snippet:-1, max-image-preview:large, max-video-preview:-1\" \/>\n<link rel=\"canonical\" href=\"https:\/\/plasmet.bochnia.pl\/es\/producto\/codo\/\" \/>\n<meta property=\"og:locale\" content=\"es_ES\" \/>\n<meta property=\"og:type\" content=\"article\" \/>\n<meta property=\"og:title\" content=\"Codo - Plasmet\" \/>\n<meta property=\"og:description\" content=\"Codo \u2013 producent i hurtownia Plasmet. Oferujemy wysok\u0105 jako\u015b\u0107, szeroki wyb\u00f3r i dobre ceny. Zapraszamy do sprawdzenia oferty!\" \/>\n<meta property=\"og:url\" content=\"https:\/\/plasmet.bochnia.pl\/es\/producto\/codo\/\" \/>\n<meta property=\"og:site_name\" content=\"Plasmet\" \/>\n<meta property=\"og:image\" content=\"https:\/\/plasmet.bochnia.pl\/wp-content\/uploads\/2024\/11\/kolano-110-45.jpg\" \/>\n\t<meta property=\"og:image:width\" content=\"800\" \/>\n\t<meta property=\"og:image:height\" content=\"600\" \/>\n\t<meta property=\"og:image:type\" content=\"image\/jpeg\" \/>\n<meta name=\"twitter:card\" content=\"summary_large_image\" \/>\n<meta name=\"twitter:label1\" content=\"Tiempo de lectura\" \/>\n\t<meta name=\"twitter:data1\" content=\"2 minutos\" \/>\n<script type=\"application\/ld+json\" class=\"yoast-schema-graph\">{\"@context\":\"https:\/\/schema.org\",\"@graph\":[{\"@type\":\"WebPage\",\"@id\":\"https:\/\/plasmet.bochnia.pl\/es\/producto\/codo\/\",\"url\":\"https:\/\/plasmet.bochnia.pl\/es\/producto\/codo\/\",\"name\":\"Codo - Plasmet\",\"isPartOf\":{\"@id\":\"https:\/\/plasmet.bochnia.pl\/es\/#website\"},\"primaryImageOfPage\":{\"@id\":\"https:\/\/plasmet.bochnia.pl\/es\/producto\/codo\/#primaryimage\"},\"image\":{\"@id\":\"https:\/\/plasmet.bochnia.pl\/es\/producto\/codo\/#primaryimage\"},\"thumbnailUrl\":\"https:\/\/plasmet.bochnia.pl\/wp-content\/uploads\/2024\/11\/kolano-110-45.jpg\",\"datePublished\":\"2024-11-20T15:29:07+00:00\",\"description\":\"Codo \u2013 producent i hurtownia Plasmet. Oferujemy wysok\u0105 jako\u015b\u0107, szeroki wyb\u00f3r i dobre ceny. Zapraszamy do sprawdzenia oferty!\",\"breadcrumb\":{\"@id\":\"https:\/\/plasmet.bochnia.pl\/es\/producto\/codo\/#breadcrumb\"},\"inLanguage\":\"es\",\"potentialAction\":[{\"@type\":\"ReadAction\",\"target\":[\"https:\/\/plasmet.bochnia.pl\/es\/producto\/codo\/\"]}]},{\"@type\":\"ImageObject\",\"inLanguage\":\"es\",\"@id\":\"https:\/\/plasmet.bochnia.pl\/es\/producto\/codo\/#primaryimage\",\"url\":\"https:\/\/plasmet.bochnia.pl\/wp-content\/uploads\/2024\/11\/kolano-110-45.jpg\",\"contentUrl\":\"https:\/\/plasmet.bochnia.pl\/wp-content\/uploads\/2024\/11\/kolano-110-45.jpg\",\"width\":800,\"height\":600,\"caption\":\"kolano-110-45\"},{\"@type\":\"BreadcrumbList\",\"@id\":\"https:\/\/plasmet.bochnia.pl\/es\/producto\/codo\/#breadcrumb\",\"itemListElement\":[{\"@type\":\"ListItem\",\"position\":1,\"name\":\"Strona g\u0142\u00f3wna\",\"item\":\"https:\/\/plasmet.bochnia.pl\/es\/\"},{\"@type\":\"ListItem\",\"position\":2,\"name\":\"Tienda\",\"item\":\"https:\/\/plasmet.bochnia.pl\/es\/tienda\/\"},{\"@type\":\"ListItem\",\"position\":3,\"name\":\"Codo\"}]},{\"@type\":\"WebSite\",\"@id\":\"https:\/\/plasmet.bochnia.pl\/es\/#website\",\"url\":\"https:\/\/plasmet.bochnia.pl\/es\/\",\"name\":\"Plasmet\",\"description\":\"Plasmet\",\"alternateName\":\"Plasmet\",\"potentialAction\":[{\"@type\":\"SearchAction\",\"target\":{\"@type\":\"EntryPoint\",\"urlTemplate\":\"https:\/\/plasmet.bochnia.pl\/es\/?s={search_term_string}\"},\"query-input\":{\"@type\":\"PropertyValueSpecification\",\"valueRequired\":true,\"valueName\":\"search_term_string\"}}],\"inLanguage\":\"es\"}]}<\/script>\n<!-- \/ Yoast SEO plugin. -->","yoast_head_json":{"title":"Codo - Plasmet","description":"Codo \u2013 producent i hurtownia Plasmet. Oferujemy wysok\u0105 jako\u015b\u0107, szeroki wyb\u00f3r i dobre ceny. Zapraszamy do sprawdzenia oferty!","robots":{"index":"index","follow":"follow","max-snippet":"max-snippet:-1","max-image-preview":"max-image-preview:large","max-video-preview":"max-video-preview:-1"},"canonical":"https:\/\/plasmet.bochnia.pl\/es\/producto\/codo\/","og_locale":"es_ES","og_type":"article","og_title":"Codo - Plasmet","og_description":"Codo \u2013 producent i hurtownia Plasmet. Oferujemy wysok\u0105 jako\u015b\u0107, szeroki wyb\u00f3r i dobre ceny. Zapraszamy do sprawdzenia oferty!","og_url":"https:\/\/plasmet.bochnia.pl\/es\/producto\/codo\/","og_site_name":"Plasmet","og_image":[{"width":800,"height":600,"url":"https:\/\/plasmet.bochnia.pl\/wp-content\/uploads\/2024\/11\/kolano-110-45.jpg","type":"image\/jpeg"}],"twitter_card":"summary_large_image","twitter_misc":{"Tiempo de lectura":"2 minutos"},"schema":{"@context":"https:\/\/schema.org","@graph":[{"@type":"WebPage","@id":"https:\/\/plasmet.bochnia.pl\/es\/producto\/codo\/","url":"https:\/\/plasmet.bochnia.pl\/es\/producto\/codo\/","name":"Codo - Plasmet","isPartOf":{"@id":"https:\/\/plasmet.bochnia.pl\/es\/#website"},"primaryImageOfPage":{"@id":"https:\/\/plasmet.bochnia.pl\/es\/producto\/codo\/#primaryimage"},"image":{"@id":"https:\/\/plasmet.bochnia.pl\/es\/producto\/codo\/#primaryimage"},"thumbnailUrl":"https:\/\/plasmet.bochnia.pl\/wp-content\/uploads\/2024\/11\/kolano-110-45.jpg","datePublished":"2024-11-20T15:29:07+00:00","description":"Codo \u2013 producent i hurtownia Plasmet. Oferujemy wysok\u0105 jako\u015b\u0107, szeroki wyb\u00f3r i dobre ceny. Zapraszamy do sprawdzenia oferty!","breadcrumb":{"@id":"https:\/\/plasmet.bochnia.pl\/es\/producto\/codo\/#breadcrumb"},"inLanguage":"es","potentialAction":[{"@type":"ReadAction","target":["https:\/\/plasmet.bochnia.pl\/es\/producto\/codo\/"]}]},{"@type":"ImageObject","inLanguage":"es","@id":"https:\/\/plasmet.bochnia.pl\/es\/producto\/codo\/#primaryimage","url":"https:\/\/plasmet.bochnia.pl\/wp-content\/uploads\/2024\/11\/kolano-110-45.jpg","contentUrl":"https:\/\/plasmet.bochnia.pl\/wp-content\/uploads\/2024\/11\/kolano-110-45.jpg","width":800,"height":600,"caption":"kolano-110-45"},{"@type":"BreadcrumbList","@id":"https:\/\/plasmet.bochnia.pl\/es\/producto\/codo\/#breadcrumb","itemListElement":[{"@type":"ListItem","position":1,"name":"Strona g\u0142\u00f3wna","item":"https:\/\/plasmet.bochnia.pl\/es\/"},{"@type":"ListItem","position":2,"name":"Tienda","item":"https:\/\/plasmet.bochnia.pl\/es\/tienda\/"},{"@type":"ListItem","position":3,"name":"Codo"}]},{"@type":"WebSite","@id":"https:\/\/plasmet.bochnia.pl\/es\/#website","url":"https:\/\/plasmet.bochnia.pl\/es\/","name":"Plasmet","description":"Plasmet","alternateName":"Plasmet","potentialAction":[{"@type":"SearchAction","target":{"@type":"EntryPoint","urlTemplate":"https:\/\/plasmet.bochnia.pl\/es\/?s={search_term_string}"},"query-input":{"@type":"PropertyValueSpecification","valueRequired":true,"valueName":"search_term_string"}}],"inLanguage":"es"}]}},"taxonomy_info":{"product_cat":[{"value":1322,"label":"Codos de canalizaci\u00f3n"},{"value":1320,"label":"Sistemas de alcantarillado sanitario y pluvial"}],"pa_kolor":[{"value":1390,"label":"Gris"}],"pa_wersja":[{"value":1643,"label":"110\/15"},{"value":1645,"label":"110\/30"},{"value":1647,"label":"110\/45"},{"value":1649,"label":"110\/67"},{"value":1651,"label":"110\/90"},{"value":1527,"label":"40\/15"},{"value":1531,"label":"40\/30"},{"value":1535,"label":"40\/45"},{"value":1543,"label":"40\/67"},{"value":1545,"label":"40\/90"},{"value":1563,"label":"50\/15"},{"value":1567,"label":"50\/30"},{"value":1577,"label":"50\/45"},{"value":1595,"label":"50\/67"},{"value":1597,"label":"50\/90"},{"value":1621,"label":"75\/30"},{"value":1623,"label":"75\/45"},{"value":1625,"label":"75\/67"},{"value":1627,"label":"75\/90"}]},"featured_image_src_large":["https:\/\/plasmet.bochnia.pl\/wp-content\/uploads\/2024\/11\/kolano-110-45.jpg",800,600,false],"author_info":[],"comment_info":"","_links":{"self":[{"href":"https:\/\/plasmet.bochnia.pl\/es\/wp-json\/wp\/v2\/product\/16956","targetHints":{"allow":["GET"]}}],"collection":[{"href":"https:\/\/plasmet.bochnia.pl\/es\/wp-json\/wp\/v2\/product"}],"about":[{"href":"https:\/\/plasmet.bochnia.pl\/es\/wp-json\/wp\/v2\/types\/product"}],"wp:featuredmedia":[{"embeddable":true,"href":"https:\/\/plasmet.bochnia.pl\/es\/wp-json\/wp\/v2\/media\/7711"}],"wp:attachment":[{"href":"https:\/\/plasmet.bochnia.pl\/es\/wp-json\/wp\/v2\/media?parent=16956"}],"wp:term":[{"taxonomy":"product_brand","embeddable":true,"href":"https:\/\/plasmet.bochnia.pl\/es\/wp-json\/wp\/v2\/product_brand?post=16956"},{"taxonomy":"product_cat","embeddable":true,"href":"https:\/\/plasmet.bochnia.pl\/es\/wp-json\/wp\/v2\/product_cat?post=16956"},{"taxonomy":"product_tag","embeddable":true,"href":"https:\/\/plasmet.bochnia.pl\/es\/wp-json\/wp\/v2\/product_tag?post=16956"}],"curies":[{"name":"wp","href":"https:\/\/api.w.org\/{rel}","templated":true}]}}