{"id":16904,"date":"2024-11-20T16:28:55","date_gmt":"2024-11-20T15:28:55","guid":{"rendered":"https:\/\/plasmet.bochnia.pl\/produkt\/trampilla-con-junta-transicion-de-hierro-fundido-a-plastico\/"},"modified":"2024-11-20T16:28:55","modified_gmt":"2024-11-20T15:28:55","slug":"trampilla-con-junta-transicion-de-hierro-fundido-a-plastico","status":"publish","type":"product","link":"https:\/\/plasmet.bochnia.pl\/es\/producto\/trampilla-con-junta-transicion-de-hierro-fundido-a-plastico\/","title":{"rendered":"Trampilla con junta &#8211; transici\u00f3n de hierro fundido a pl\u00e1stico"},"content":{"rendered":"<h2>Trampilla con junta &#8211; transici\u00f3n de hierro fundido a pl\u00e1stico<\/h2>\n<p>El sif\u00f3n con junta es un componente de fontaner\u00eda fiable dise\u00f1ado para crear una transici\u00f3n herm\u00e9tica entre las tuber\u00edas de hierro fundido y las de pl\u00e1stico. El producto est\u00e1 disponible en gris, marr\u00f3n y naranja y en tama\u00f1os de 72 x 50 mm a 175 x 160 mm. Gracias al uso de materiales duraderos y una junta, el producto garantiza la estanqueidad y la resistencia a las influencias externas.  <\/p>\n<h3>Especificaciones del producto<\/h3>\n<ul>\n<li>Colores: gris, marr\u00f3n, naranja<\/li>\n<li>Versiones:\n<ul>\n<li>72 x 50 mm: gris, marr\u00f3n, naranja<\/li>\n<li>97 x 75 mm: gris, marr\u00f3n, naranja<\/li>\n<li>125 x 110 mm: gris, marr\u00f3n, naranja<\/li>\n<li>175 x 160 mm: gris, marr\u00f3n, naranja<\/li>\n<\/ul>\n<\/li>\n<li>Material: pl\u00e1stico con junta de goma<\/li>\n<li>Finalidad: transici\u00f3n de las tuber\u00edas de hierro fundido a las de pl\u00e1stico en los sistemas de alcantarillado<\/li>\n<li>Resistencia: A los productos qu\u00edmicos, la humedad y las condiciones meteorol\u00f3gicas variables<\/li>\n<\/ul>\n<h3>Aplicaci\u00f3n<\/h3>\n<p>El sif\u00f3n con junta se utiliza en sistemas de fontaner\u00eda residenciales, industriales y comerciales. El producto permite una conexi\u00f3n segura y a prueba de fugas de distintos materiales en sistemas sanitarios y de aguas pluviales, aumentando la durabilidad de la instalaci\u00f3n. <\/p>\n<h3>Ventajas del producto<\/h3>\n<ul>\n<li>Transici\u00f3n eficaz entre tubos de hierro fundido y pl\u00e1stico<\/li>\n<li>Disponible en una amplia gama de tama\u00f1os y colores<\/li>\n<li>Resistencia a los agentes qu\u00edmicos y mec\u00e1nicos<\/li>\n<li>Estanqueidad gracias a la junta de goma<\/li>\n<li>F\u00e1cil montaje y dise\u00f1o duradero<\/li>\n<\/ul>\n<p>El sif\u00f3n para juntas es un componente indispensable en las instalaciones de alcantarillado para garantizar la durabilidad y estanqueidad de las conexiones entre distintos materiales. El producto funcionar\u00e1 bien en cualquier instalaci\u00f3n de alcantarillado, gracias a su tama\u00f1o universal y a su fabricaci\u00f3n de alta calidad. <\/p>\n","protected":false},"excerpt":{"rendered":"<p>Trampa con junta para la transici\u00f3n de hierro fundido a pl\u00e1stico, disponible en gris, marr\u00f3n y naranja. Tama\u00f1os de 72 x 50 a 175 x 160 mm, proporcionan una conexi\u00f3n estanca en los sistemas de alcantarillado. <\/p>\n","protected":false},"featured_media":16905,"template":"","meta":{"_acf_changed":false,"_kad_blocks_custom_css":"","_kad_blocks_head_custom_js":"","_kad_blocks_body_custom_js":"","_kad_blocks_footer_custom_js":"","_kad_post_transparent":"","_kad_post_title":"","_kad_post_layout":"","_kad_post_sidebar_id":"","_kad_post_content_style":"","_kad_post_vertical_padding":"","_kad_post_feature":"","_kad_post_feature_position":"","_kad_post_header":false,"_kad_post_footer":false,"_kad_post_classname":""},"product_brand":[],"product_cat":[1338,1320],"product_tag":[],"class_list":{"0":"post-16904","1":"product","2":"type-product","3":"status-publish","4":"has-post-thumbnail","6":"product_cat-reducciones-y-sifones-de-canalizacion","7":"product_cat-sistemas-de-alcantarillado-sanitario-y-pluvial","8":"pa_kolor-gris","9":"pa_kolor-marron","10":"pa_kolor-naranja","11":"pa_wersja-125-x-110-es","12":"pa_wersja-175-x-160-es","13":"pa_wersja-72-x-50-es","14":"pa_wersja-97-x-75-es","16":"first","17":"instock","18":"product-type-variable","19":"entry","20":"content-bg","21":"loop-entry"},"acf":[],"yoast_head":"<!-- This site is optimized with the Yoast SEO plugin v25.1 - https:\/\/yoast.com\/wordpress\/plugins\/seo\/ -->\n<title>Trampilla con junta - transici\u00f3n de hierro fundido a pl\u00e1stico - Plasmet<\/title>\n<meta name=\"description\" content=\"Trampilla con junta - transici\u00f3n de hierro fundido a pl\u00e1stico \u2013 producent i hurtownia Plasmet. Oferujemy wysok\u0105 jako\u015b\u0107, szeroki wyb\u00f3r i dobre ceny. Zapraszamy do sprawdzenia oferty!\" \/>\n<meta name=\"robots\" content=\"index, follow, max-snippet:-1, max-image-preview:large, max-video-preview:-1\" \/>\n<link rel=\"canonical\" href=\"https:\/\/plasmet.bochnia.pl\/es\/producto\/trampilla-con-junta-transicion-de-hierro-fundido-a-plastico\/\" \/>\n<meta property=\"og:locale\" content=\"es_ES\" \/>\n<meta property=\"og:type\" content=\"article\" \/>\n<meta property=\"og:title\" content=\"Trampilla con junta - transici\u00f3n de hierro fundido a pl\u00e1stico - Plasmet\" \/>\n<meta property=\"og:description\" content=\"Trampilla con junta - transici\u00f3n de hierro fundido a pl\u00e1stico \u2013 producent i hurtownia Plasmet. Oferujemy wysok\u0105 jako\u015b\u0107, szeroki wyb\u00f3r i dobre ceny. Zapraszamy do sprawdzenia oferty!\" \/>\n<meta property=\"og:url\" content=\"https:\/\/plasmet.bochnia.pl\/es\/producto\/trampilla-con-junta-transicion-de-hierro-fundido-a-plastico\/\" \/>\n<meta property=\"og:site_name\" content=\"Plasmet\" \/>\n<meta property=\"og:image\" content=\"https:\/\/plasmet.bochnia.pl\/wp-content\/uploads\/2024\/11\/traper-z-uszczelka-przejscie-z-zeliwa-na-plastik-72-x-50-szary-1.jpg\" \/>\n\t<meta property=\"og:image:width\" content=\"800\" \/>\n\t<meta property=\"og:image:height\" content=\"800\" \/>\n\t<meta property=\"og:image:type\" content=\"image\/jpeg\" \/>\n<meta name=\"twitter:card\" content=\"summary_large_image\" \/>\n<meta name=\"twitter:label1\" content=\"Tiempo de lectura\" \/>\n\t<meta name=\"twitter:data1\" content=\"2 minutos\" \/>\n<script type=\"application\/ld+json\" class=\"yoast-schema-graph\">{\"@context\":\"https:\/\/schema.org\",\"@graph\":[{\"@type\":\"WebPage\",\"@id\":\"https:\/\/plasmet.bochnia.pl\/es\/producto\/trampilla-con-junta-transicion-de-hierro-fundido-a-plastico\/\",\"url\":\"https:\/\/plasmet.bochnia.pl\/es\/producto\/trampilla-con-junta-transicion-de-hierro-fundido-a-plastico\/\",\"name\":\"Trampilla con junta - transici\u00f3n de hierro fundido a pl\u00e1stico - Plasmet\",\"isPartOf\":{\"@id\":\"https:\/\/plasmet.bochnia.pl\/es\/#website\"},\"primaryImageOfPage\":{\"@id\":\"https:\/\/plasmet.bochnia.pl\/es\/producto\/trampilla-con-junta-transicion-de-hierro-fundido-a-plastico\/#primaryimage\"},\"image\":{\"@id\":\"https:\/\/plasmet.bochnia.pl\/es\/producto\/trampilla-con-junta-transicion-de-hierro-fundido-a-plastico\/#primaryimage\"},\"thumbnailUrl\":\"https:\/\/plasmet.bochnia.pl\/wp-content\/uploads\/2024\/11\/traper-z-uszczelka-przejscie-z-zeliwa-na-plastik-72-x-50-szary-1.jpg\",\"datePublished\":\"2024-11-20T15:28:55+00:00\",\"description\":\"Trampilla con junta - transici\u00f3n de hierro fundido a pl\u00e1stico \u2013 producent i hurtownia Plasmet. Oferujemy wysok\u0105 jako\u015b\u0107, szeroki wyb\u00f3r i dobre ceny. Zapraszamy do sprawdzenia oferty!\",\"breadcrumb\":{\"@id\":\"https:\/\/plasmet.bochnia.pl\/es\/producto\/trampilla-con-junta-transicion-de-hierro-fundido-a-plastico\/#breadcrumb\"},\"inLanguage\":\"es\",\"potentialAction\":[{\"@type\":\"ReadAction\",\"target\":[\"https:\/\/plasmet.bochnia.pl\/es\/producto\/trampilla-con-junta-transicion-de-hierro-fundido-a-plastico\/\"]}]},{\"@type\":\"ImageObject\",\"inLanguage\":\"es\",\"@id\":\"https:\/\/plasmet.bochnia.pl\/es\/producto\/trampilla-con-junta-transicion-de-hierro-fundido-a-plastico\/#primaryimage\",\"url\":\"https:\/\/plasmet.bochnia.pl\/wp-content\/uploads\/2024\/11\/traper-z-uszczelka-przejscie-z-zeliwa-na-plastik-72-x-50-szary-1.jpg\",\"contentUrl\":\"https:\/\/plasmet.bochnia.pl\/wp-content\/uploads\/2024\/11\/traper-z-uszczelka-przejscie-z-zeliwa-na-plastik-72-x-50-szary-1.jpg\",\"width\":800,\"height\":800,\"caption\":\"traper-z-uszczelka-przejscie-z-zeliwa-na-plastik-72-x-50-szary-1\"},{\"@type\":\"BreadcrumbList\",\"@id\":\"https:\/\/plasmet.bochnia.pl\/es\/producto\/trampilla-con-junta-transicion-de-hierro-fundido-a-plastico\/#breadcrumb\",\"itemListElement\":[{\"@type\":\"ListItem\",\"position\":1,\"name\":\"Strona g\u0142\u00f3wna\",\"item\":\"https:\/\/plasmet.bochnia.pl\/es\/\"},{\"@type\":\"ListItem\",\"position\":2,\"name\":\"Tienda\",\"item\":\"https:\/\/plasmet.bochnia.pl\/es\/tienda\/\"},{\"@type\":\"ListItem\",\"position\":3,\"name\":\"Trampilla con junta &#8211; transici\u00f3n de hierro fundido a pl\u00e1stico\"}]},{\"@type\":\"WebSite\",\"@id\":\"https:\/\/plasmet.bochnia.pl\/es\/#website\",\"url\":\"https:\/\/plasmet.bochnia.pl\/es\/\",\"name\":\"Plasmet\",\"description\":\"Plasmet\",\"alternateName\":\"Plasmet\",\"potentialAction\":[{\"@type\":\"SearchAction\",\"target\":{\"@type\":\"EntryPoint\",\"urlTemplate\":\"https:\/\/plasmet.bochnia.pl\/es\/?s={search_term_string}\"},\"query-input\":{\"@type\":\"PropertyValueSpecification\",\"valueRequired\":true,\"valueName\":\"search_term_string\"}}],\"inLanguage\":\"es\"}]}<\/script>\n<!-- \/ Yoast SEO plugin. -->","yoast_head_json":{"title":"Trampilla con junta - transici\u00f3n de hierro fundido a pl\u00e1stico - Plasmet","description":"Trampilla con junta - transici\u00f3n de hierro fundido a pl\u00e1stico \u2013 producent i hurtownia Plasmet. Oferujemy wysok\u0105 jako\u015b\u0107, szeroki wyb\u00f3r i dobre ceny. Zapraszamy do sprawdzenia oferty!","robots":{"index":"index","follow":"follow","max-snippet":"max-snippet:-1","max-image-preview":"max-image-preview:large","max-video-preview":"max-video-preview:-1"},"canonical":"https:\/\/plasmet.bochnia.pl\/es\/producto\/trampilla-con-junta-transicion-de-hierro-fundido-a-plastico\/","og_locale":"es_ES","og_type":"article","og_title":"Trampilla con junta - transici\u00f3n de hierro fundido a pl\u00e1stico - Plasmet","og_description":"Trampilla con junta - transici\u00f3n de hierro fundido a pl\u00e1stico \u2013 producent i hurtownia Plasmet. Oferujemy wysok\u0105 jako\u015b\u0107, szeroki wyb\u00f3r i dobre ceny. Zapraszamy do sprawdzenia oferty!","og_url":"https:\/\/plasmet.bochnia.pl\/es\/producto\/trampilla-con-junta-transicion-de-hierro-fundido-a-plastico\/","og_site_name":"Plasmet","og_image":[{"width":800,"height":800,"url":"https:\/\/plasmet.bochnia.pl\/wp-content\/uploads\/2024\/11\/traper-z-uszczelka-przejscie-z-zeliwa-na-plastik-72-x-50-szary-1.jpg","type":"image\/jpeg"}],"twitter_card":"summary_large_image","twitter_misc":{"Tiempo de lectura":"2 minutos"},"schema":{"@context":"https:\/\/schema.org","@graph":[{"@type":"WebPage","@id":"https:\/\/plasmet.bochnia.pl\/es\/producto\/trampilla-con-junta-transicion-de-hierro-fundido-a-plastico\/","url":"https:\/\/plasmet.bochnia.pl\/es\/producto\/trampilla-con-junta-transicion-de-hierro-fundido-a-plastico\/","name":"Trampilla con junta - transici\u00f3n de hierro fundido a pl\u00e1stico - Plasmet","isPartOf":{"@id":"https:\/\/plasmet.bochnia.pl\/es\/#website"},"primaryImageOfPage":{"@id":"https:\/\/plasmet.bochnia.pl\/es\/producto\/trampilla-con-junta-transicion-de-hierro-fundido-a-plastico\/#primaryimage"},"image":{"@id":"https:\/\/plasmet.bochnia.pl\/es\/producto\/trampilla-con-junta-transicion-de-hierro-fundido-a-plastico\/#primaryimage"},"thumbnailUrl":"https:\/\/plasmet.bochnia.pl\/wp-content\/uploads\/2024\/11\/traper-z-uszczelka-przejscie-z-zeliwa-na-plastik-72-x-50-szary-1.jpg","datePublished":"2024-11-20T15:28:55+00:00","description":"Trampilla con junta - transici\u00f3n de hierro fundido a pl\u00e1stico \u2013 producent i hurtownia Plasmet. Oferujemy wysok\u0105 jako\u015b\u0107, szeroki wyb\u00f3r i dobre ceny. Zapraszamy do sprawdzenia oferty!","breadcrumb":{"@id":"https:\/\/plasmet.bochnia.pl\/es\/producto\/trampilla-con-junta-transicion-de-hierro-fundido-a-plastico\/#breadcrumb"},"inLanguage":"es","potentialAction":[{"@type":"ReadAction","target":["https:\/\/plasmet.bochnia.pl\/es\/producto\/trampilla-con-junta-transicion-de-hierro-fundido-a-plastico\/"]}]},{"@type":"ImageObject","inLanguage":"es","@id":"https:\/\/plasmet.bochnia.pl\/es\/producto\/trampilla-con-junta-transicion-de-hierro-fundido-a-plastico\/#primaryimage","url":"https:\/\/plasmet.bochnia.pl\/wp-content\/uploads\/2024\/11\/traper-z-uszczelka-przejscie-z-zeliwa-na-plastik-72-x-50-szary-1.jpg","contentUrl":"https:\/\/plasmet.bochnia.pl\/wp-content\/uploads\/2024\/11\/traper-z-uszczelka-przejscie-z-zeliwa-na-plastik-72-x-50-szary-1.jpg","width":800,"height":800,"caption":"traper-z-uszczelka-przejscie-z-zeliwa-na-plastik-72-x-50-szary-1"},{"@type":"BreadcrumbList","@id":"https:\/\/plasmet.bochnia.pl\/es\/producto\/trampilla-con-junta-transicion-de-hierro-fundido-a-plastico\/#breadcrumb","itemListElement":[{"@type":"ListItem","position":1,"name":"Strona g\u0142\u00f3wna","item":"https:\/\/plasmet.bochnia.pl\/es\/"},{"@type":"ListItem","position":2,"name":"Tienda","item":"https:\/\/plasmet.bochnia.pl\/es\/tienda\/"},{"@type":"ListItem","position":3,"name":"Trampilla con junta &#8211; transici\u00f3n de hierro fundido a pl\u00e1stico"}]},{"@type":"WebSite","@id":"https:\/\/plasmet.bochnia.pl\/es\/#website","url":"https:\/\/plasmet.bochnia.pl\/es\/","name":"Plasmet","description":"Plasmet","alternateName":"Plasmet","potentialAction":[{"@type":"SearchAction","target":{"@type":"EntryPoint","urlTemplate":"https:\/\/plasmet.bochnia.pl\/es\/?s={search_term_string}"},"query-input":{"@type":"PropertyValueSpecification","valueRequired":true,"valueName":"search_term_string"}}],"inLanguage":"es"}]}},"taxonomy_info":{"product_cat":[{"value":1338,"label":"Reducciones y sifones de canalizaci\u00f3n"},{"value":1320,"label":"Sistemas de alcantarillado sanitario y pluvial"}],"pa_kolor":[{"value":1390,"label":"Gris"},{"value":1384,"label":"Marr\u00f3n"},{"value":1389,"label":"Naranja"}],"pa_wersja":[{"value":1661,"label":"125 x 110"},{"value":1673,"label":"175 x 160"},{"value":1617,"label":"72 x 50"},{"value":1633,"label":"97 x 75"}]},"featured_image_src_large":["https:\/\/plasmet.bochnia.pl\/wp-content\/uploads\/2024\/11\/traper-z-uszczelka-przejscie-z-zeliwa-na-plastik-72-x-50-szary-1.jpg",800,800,false],"author_info":[],"comment_info":"","_links":{"self":[{"href":"https:\/\/plasmet.bochnia.pl\/es\/wp-json\/wp\/v2\/product\/16904","targetHints":{"allow":["GET"]}}],"collection":[{"href":"https:\/\/plasmet.bochnia.pl\/es\/wp-json\/wp\/v2\/product"}],"about":[{"href":"https:\/\/plasmet.bochnia.pl\/es\/wp-json\/wp\/v2\/types\/product"}],"wp:featuredmedia":[{"embeddable":true,"href":"https:\/\/plasmet.bochnia.pl\/es\/wp-json\/wp\/v2\/media\/16905"}],"wp:attachment":[{"href":"https:\/\/plasmet.bochnia.pl\/es\/wp-json\/wp\/v2\/media?parent=16904"}],"wp:term":[{"taxonomy":"product_brand","embeddable":true,"href":"https:\/\/plasmet.bochnia.pl\/es\/wp-json\/wp\/v2\/product_brand?post=16904"},{"taxonomy":"product_cat","embeddable":true,"href":"https:\/\/plasmet.bochnia.pl\/es\/wp-json\/wp\/v2\/product_cat?post=16904"},{"taxonomy":"product_tag","embeddable":true,"href":"https:\/\/plasmet.bochnia.pl\/es\/wp-json\/wp\/v2\/product_tag?post=16904"}],"curies":[{"name":"wp","href":"https:\/\/api.w.org\/{rel}","templated":true}]}}