{"id":16757,"date":"2024-11-20T16:28:40","date_gmt":"2024-11-20T15:28:40","guid":{"rendered":"https:\/\/plasmet.bochnia.pl\/produkt\/tapa\/"},"modified":"2024-11-20T16:28:40","modified_gmt":"2024-11-20T15:28:40","slug":"tapa","status":"publish","type":"product","link":"https:\/\/plasmet.bochnia.pl\/es\/producto\/tapa\/","title":{"rendered":"Tapa"},"content":{"rendered":"<h2>Tapa \/ tapa de registro &#8211; durabilidad y protecci\u00f3n<\/h2>\n<p>La tapa\/tapa de registro es un componente fiable de los sistemas de alcantarillado, que garantiza la estanqueidad de la instalaci\u00f3n y la protecci\u00f3n contra los elementos. Fabricada en pl\u00e1stico negro resistente, la tapa es compatible con tuber\u00edas lisas y corrugadas. Disponible en una amplia gama de di\u00e1metros, de 315 a 425 mm, el producto es f\u00e1cil de instalar y resistente a la humedad, los productos qu\u00edmicos y los da\u00f1os mec\u00e1nicos.  <\/p>\n<h3>Especificaciones del producto<\/h3>\n<ul>\n<li>Color: negro<\/li>\n<li>Versiones:\n<ul>\n<li>315 mm para tubo liso<\/li>\n<li>400 mm para tubo liso<\/li>\n<li>315 mm para tubo corrugado<\/li>\n<li>350 mm por tubo corrugado<\/li>\n<li>400 mm por tubo corrugado<\/li>\n<li>425 mm por tubo corrugado<\/li>\n<\/ul>\n<\/li>\n<li>Material: pl\u00e1stico resistente a la intemperie<\/li>\n<li>Finalidad: sellado y protecci\u00f3n de pozos de registro<\/li>\n<li>Resistencia: A los productos qu\u00edmicos, la humedad y los da\u00f1os mec\u00e1nicos<\/li>\n<\/ul>\n<h3>Aplicaci\u00f3n<\/h3>\n<p>La tapa \/ cubierta se utiliza en sistemas de alcantarillado residenciales, industriales y comerciales. El producto protege eficazmente los pozos de registro del agua de lluvia, los residuos y la apertura accidental, garantizando la durabilidad y estanqueidad de la instalaci\u00f3n. <\/p>\n<h3>Ventajas del producto<\/h3>\n<ul>\n<li>Disponible en una amplia gama de di\u00e1metros<\/li>\n<li>Compatible con tubos lisos y corrugados<\/li>\n<li>Resistente a la intemperie, a los productos qu\u00edmicos y a los da\u00f1os<\/li>\n<li>F\u00e1cil de instalar y duradero<\/li>\n<li>Uso universal en sistemas de drenaje sanitario y de aguas pluviales<\/li>\n<\/ul>\n<p>La tapa\/tapa de registro de color negro es una soluci\u00f3n duradera y funcional que cumple los requisitos m\u00e1s exigentes de protecci\u00f3n y estanqueidad de las instalaciones de alcantarillado. Gracias a la amplia gama de versiones, el producto puede adaptarse a diferentes proyectos y necesidades de instalaci\u00f3n. <\/p>\n","protected":false},"excerpt":{"rendered":"<p>Tapa \/ cubierta de pozo de registro en negro, gris y verde, disponible para tubos lisos y corrugados con di\u00e1metros de 315 a 425 mm. Proporciona estanqueidad y protecci\u00f3n a los sistemas de alcantarillado. <\/p>\n","protected":false},"featured_media":16762,"template":"","meta":{"_acf_changed":false,"_kad_blocks_custom_css":"","_kad_blocks_head_custom_js":"","_kad_blocks_body_custom_js":"","_kad_blocks_footer_custom_js":"","_kad_post_transparent":"","_kad_post_title":"","_kad_post_layout":"","_kad_post_sidebar_id":"","_kad_post_content_style":"","_kad_post_vertical_padding":"","_kad_post_feature":"","_kad_post_feature_position":"","_kad_post_header":false,"_kad_post_footer":false,"_kad_post_classname":""},"product_brand":[],"product_cat":[1320,1332],"product_tag":[],"class_list":{"0":"post-16757","1":"product","2":"type-product","3":"status-publish","4":"has-post-thumbnail","6":"product_cat-sistemas-de-alcantarillado-sanitario-y-pluvial","7":"product_cat-tapas-y-fondos-para-pozos-de-registro","8":"pa_kolor-gris","9":"pa_kolor-negro","10":"pa_kolor-verde-es","11":"pa_wersja-315-para-tubo-corrugado","12":"pa_wersja-315-para-tubo-liso","13":"pa_wersja-350-para-tubo-corrugado","14":"pa_wersja-400-para-tubo-corrugado","15":"pa_wersja-400-para-tubo-liso","16":"pa_wersja-425-para-tubo-corrugado","18":"first","19":"instock","20":"product-type-variable","21":"entry","22":"content-bg","23":"loop-entry"},"acf":[],"yoast_head":"<!-- This site is optimized with the Yoast SEO plugin v25.1 - https:\/\/yoast.com\/wordpress\/plugins\/seo\/ -->\n<title>Tapa - Plasmet<\/title>\n<meta name=\"description\" content=\"Tapa \u2013 producent i hurtownia Plasmet. Oferujemy wysok\u0105 jako\u015b\u0107, szeroki wyb\u00f3r i dobre ceny. Zapraszamy do sprawdzenia oferty!\" \/>\n<meta name=\"robots\" content=\"index, follow, max-snippet:-1, max-image-preview:large, max-video-preview:-1\" \/>\n<link rel=\"canonical\" href=\"https:\/\/plasmet.bochnia.pl\/es\/producto\/tapa\/\" \/>\n<meta property=\"og:locale\" content=\"es_ES\" \/>\n<meta property=\"og:type\" content=\"article\" \/>\n<meta property=\"og:title\" content=\"Tapa - Plasmet\" \/>\n<meta property=\"og:description\" content=\"Tapa \u2013 producent i hurtownia Plasmet. Oferujemy wysok\u0105 jako\u015b\u0107, szeroki wyb\u00f3r i dobre ceny. Zapraszamy do sprawdzenia oferty!\" \/>\n<meta property=\"og:url\" content=\"https:\/\/plasmet.bochnia.pl\/es\/producto\/tapa\/\" \/>\n<meta property=\"og:site_name\" content=\"Plasmet\" \/>\n<meta property=\"og:image\" content=\"https:\/\/plasmet.bochnia.pl\/wp-content\/uploads\/2024\/11\/dekiel-315-na-rure-gladka-2.jpg\" \/>\n\t<meta property=\"og:image:width\" content=\"800\" \/>\n\t<meta property=\"og:image:height\" content=\"800\" \/>\n\t<meta property=\"og:image:type\" content=\"image\/jpeg\" \/>\n<meta name=\"twitter:card\" content=\"summary_large_image\" \/>\n<meta name=\"twitter:label1\" content=\"Tiempo de lectura\" \/>\n\t<meta name=\"twitter:data1\" content=\"1 minuto\" \/>\n<script type=\"application\/ld+json\" class=\"yoast-schema-graph\">{\"@context\":\"https:\/\/schema.org\",\"@graph\":[{\"@type\":\"WebPage\",\"@id\":\"https:\/\/plasmet.bochnia.pl\/es\/producto\/tapa\/\",\"url\":\"https:\/\/plasmet.bochnia.pl\/es\/producto\/tapa\/\",\"name\":\"Tapa - Plasmet\",\"isPartOf\":{\"@id\":\"https:\/\/plasmet.bochnia.pl\/es\/#website\"},\"primaryImageOfPage\":{\"@id\":\"https:\/\/plasmet.bochnia.pl\/es\/producto\/tapa\/#primaryimage\"},\"image\":{\"@id\":\"https:\/\/plasmet.bochnia.pl\/es\/producto\/tapa\/#primaryimage\"},\"thumbnailUrl\":\"https:\/\/plasmet.bochnia.pl\/wp-content\/uploads\/2024\/11\/dekiel-315-na-rure-gladka-2.jpg\",\"datePublished\":\"2024-11-20T15:28:40+00:00\",\"description\":\"Tapa \u2013 producent i hurtownia Plasmet. Oferujemy wysok\u0105 jako\u015b\u0107, szeroki wyb\u00f3r i dobre ceny. Zapraszamy do sprawdzenia oferty!\",\"breadcrumb\":{\"@id\":\"https:\/\/plasmet.bochnia.pl\/es\/producto\/tapa\/#breadcrumb\"},\"inLanguage\":\"es\",\"potentialAction\":[{\"@type\":\"ReadAction\",\"target\":[\"https:\/\/plasmet.bochnia.pl\/es\/producto\/tapa\/\"]}]},{\"@type\":\"ImageObject\",\"inLanguage\":\"es\",\"@id\":\"https:\/\/plasmet.bochnia.pl\/es\/producto\/tapa\/#primaryimage\",\"url\":\"https:\/\/plasmet.bochnia.pl\/wp-content\/uploads\/2024\/11\/dekiel-315-na-rure-gladka-2.jpg\",\"contentUrl\":\"https:\/\/plasmet.bochnia.pl\/wp-content\/uploads\/2024\/11\/dekiel-315-na-rure-gladka-2.jpg\",\"width\":800,\"height\":800,\"caption\":\"dekiel-315-na-rure-gladka-2\"},{\"@type\":\"BreadcrumbList\",\"@id\":\"https:\/\/plasmet.bochnia.pl\/es\/producto\/tapa\/#breadcrumb\",\"itemListElement\":[{\"@type\":\"ListItem\",\"position\":1,\"name\":\"Strona g\u0142\u00f3wna\",\"item\":\"https:\/\/plasmet.bochnia.pl\/es\/\"},{\"@type\":\"ListItem\",\"position\":2,\"name\":\"Tienda\",\"item\":\"https:\/\/plasmet.bochnia.pl\/es\/tienda\/\"},{\"@type\":\"ListItem\",\"position\":3,\"name\":\"Tapa\"}]},{\"@type\":\"WebSite\",\"@id\":\"https:\/\/plasmet.bochnia.pl\/es\/#website\",\"url\":\"https:\/\/plasmet.bochnia.pl\/es\/\",\"name\":\"Plasmet\",\"description\":\"Plasmet\",\"alternateName\":\"Plasmet\",\"potentialAction\":[{\"@type\":\"SearchAction\",\"target\":{\"@type\":\"EntryPoint\",\"urlTemplate\":\"https:\/\/plasmet.bochnia.pl\/es\/?s={search_term_string}\"},\"query-input\":{\"@type\":\"PropertyValueSpecification\",\"valueRequired\":true,\"valueName\":\"search_term_string\"}}],\"inLanguage\":\"es\"}]}<\/script>\n<!-- \/ Yoast SEO plugin. -->","yoast_head_json":{"title":"Tapa - Plasmet","description":"Tapa \u2013 producent i hurtownia Plasmet. Oferujemy wysok\u0105 jako\u015b\u0107, szeroki wyb\u00f3r i dobre ceny. Zapraszamy do sprawdzenia oferty!","robots":{"index":"index","follow":"follow","max-snippet":"max-snippet:-1","max-image-preview":"max-image-preview:large","max-video-preview":"max-video-preview:-1"},"canonical":"https:\/\/plasmet.bochnia.pl\/es\/producto\/tapa\/","og_locale":"es_ES","og_type":"article","og_title":"Tapa - Plasmet","og_description":"Tapa \u2013 producent i hurtownia Plasmet. Oferujemy wysok\u0105 jako\u015b\u0107, szeroki wyb\u00f3r i dobre ceny. Zapraszamy do sprawdzenia oferty!","og_url":"https:\/\/plasmet.bochnia.pl\/es\/producto\/tapa\/","og_site_name":"Plasmet","og_image":[{"width":800,"height":800,"url":"https:\/\/plasmet.bochnia.pl\/wp-content\/uploads\/2024\/11\/dekiel-315-na-rure-gladka-2.jpg","type":"image\/jpeg"}],"twitter_card":"summary_large_image","twitter_misc":{"Tiempo de lectura":"1 minuto"},"schema":{"@context":"https:\/\/schema.org","@graph":[{"@type":"WebPage","@id":"https:\/\/plasmet.bochnia.pl\/es\/producto\/tapa\/","url":"https:\/\/plasmet.bochnia.pl\/es\/producto\/tapa\/","name":"Tapa - Plasmet","isPartOf":{"@id":"https:\/\/plasmet.bochnia.pl\/es\/#website"},"primaryImageOfPage":{"@id":"https:\/\/plasmet.bochnia.pl\/es\/producto\/tapa\/#primaryimage"},"image":{"@id":"https:\/\/plasmet.bochnia.pl\/es\/producto\/tapa\/#primaryimage"},"thumbnailUrl":"https:\/\/plasmet.bochnia.pl\/wp-content\/uploads\/2024\/11\/dekiel-315-na-rure-gladka-2.jpg","datePublished":"2024-11-20T15:28:40+00:00","description":"Tapa \u2013 producent i hurtownia Plasmet. Oferujemy wysok\u0105 jako\u015b\u0107, szeroki wyb\u00f3r i dobre ceny. Zapraszamy do sprawdzenia oferty!","breadcrumb":{"@id":"https:\/\/plasmet.bochnia.pl\/es\/producto\/tapa\/#breadcrumb"},"inLanguage":"es","potentialAction":[{"@type":"ReadAction","target":["https:\/\/plasmet.bochnia.pl\/es\/producto\/tapa\/"]}]},{"@type":"ImageObject","inLanguage":"es","@id":"https:\/\/plasmet.bochnia.pl\/es\/producto\/tapa\/#primaryimage","url":"https:\/\/plasmet.bochnia.pl\/wp-content\/uploads\/2024\/11\/dekiel-315-na-rure-gladka-2.jpg","contentUrl":"https:\/\/plasmet.bochnia.pl\/wp-content\/uploads\/2024\/11\/dekiel-315-na-rure-gladka-2.jpg","width":800,"height":800,"caption":"dekiel-315-na-rure-gladka-2"},{"@type":"BreadcrumbList","@id":"https:\/\/plasmet.bochnia.pl\/es\/producto\/tapa\/#breadcrumb","itemListElement":[{"@type":"ListItem","position":1,"name":"Strona g\u0142\u00f3wna","item":"https:\/\/plasmet.bochnia.pl\/es\/"},{"@type":"ListItem","position":2,"name":"Tienda","item":"https:\/\/plasmet.bochnia.pl\/es\/tienda\/"},{"@type":"ListItem","position":3,"name":"Tapa"}]},{"@type":"WebSite","@id":"https:\/\/plasmet.bochnia.pl\/es\/#website","url":"https:\/\/plasmet.bochnia.pl\/es\/","name":"Plasmet","description":"Plasmet","alternateName":"Plasmet","potentialAction":[{"@type":"SearchAction","target":{"@type":"EntryPoint","urlTemplate":"https:\/\/plasmet.bochnia.pl\/es\/?s={search_term_string}"},"query-input":{"@type":"PropertyValueSpecification","valueRequired":true,"valueName":"search_term_string"}}],"inLanguage":"es"}]}},"taxonomy_info":{"product_cat":[{"value":1320,"label":"Sistemas de alcantarillado sanitario y pluvial"},{"value":1332,"label":"Tapas y fondos para pozos de registro"}],"pa_kolor":[{"value":1390,"label":"Gris"},{"value":1386,"label":"Negro"},{"value":1391,"label":"Verde"}],"pa_wersja":[{"value":1856,"label":"315 para tubo corrugado"},{"value":1854,"label":"315 para tubo liso"},{"value":1858,"label":"350 para tubo corrugado"},{"value":1862,"label":"400 para tubo corrugado"},{"value":1860,"label":"400 para tubo liso"},{"value":1864,"label":"425 para tubo corrugado"}]},"featured_image_src_large":["https:\/\/plasmet.bochnia.pl\/wp-content\/uploads\/2024\/11\/dekiel-315-na-rure-gladka-2.jpg",800,800,false],"author_info":[],"comment_info":"","_links":{"self":[{"href":"https:\/\/plasmet.bochnia.pl\/es\/wp-json\/wp\/v2\/product\/16757","targetHints":{"allow":["GET"]}}],"collection":[{"href":"https:\/\/plasmet.bochnia.pl\/es\/wp-json\/wp\/v2\/product"}],"about":[{"href":"https:\/\/plasmet.bochnia.pl\/es\/wp-json\/wp\/v2\/types\/product"}],"wp:featuredmedia":[{"embeddable":true,"href":"https:\/\/plasmet.bochnia.pl\/es\/wp-json\/wp\/v2\/media\/16762"}],"wp:attachment":[{"href":"https:\/\/plasmet.bochnia.pl\/es\/wp-json\/wp\/v2\/media?parent=16757"}],"wp:term":[{"taxonomy":"product_brand","embeddable":true,"href":"https:\/\/plasmet.bochnia.pl\/es\/wp-json\/wp\/v2\/product_brand?post=16757"},{"taxonomy":"product_cat","embeddable":true,"href":"https:\/\/plasmet.bochnia.pl\/es\/wp-json\/wp\/v2\/product_cat?post=16757"},{"taxonomy":"product_tag","embeddable":true,"href":"https:\/\/plasmet.bochnia.pl\/es\/wp-json\/wp\/v2\/product_tag?post=16757"}],"curies":[{"name":"wp","href":"https:\/\/api.w.org\/{rel}","templated":true}]}}