{"id":16756,"date":"2024-11-20T16:28:40","date_gmt":"2024-11-20T15:28:40","guid":{"rendered":"https:\/\/plasmet.bochnia.pl\/produkt\/czyszczak\/"},"modified":"2024-11-20T16:28:40","modified_gmt":"2024-11-20T15:28:40","slug":"czyszczak","status":"publish","type":"product","link":"https:\/\/plasmet.bochnia.pl\/es\/producto\/czyszczak\/","title":{"rendered":"Czyszczak"},"content":{"rendered":"<h2>Limpia alcantarillas: fiabilidad y facilidad de uso<\/h2>\n<p>El limpiador de alcantarillas es un componente pr\u00e1ctico de los sistemas de alcantarillado, que permite inspeccionar y limpiar las tuber\u00edas para mantener la permeabilidad del sistema. Fabricado en pl\u00e1stico gris duradero, el producto es resistente a los productos qu\u00edmicos y a los da\u00f1os mec\u00e1nicos. Disponible en di\u00e1metros de 50, 75 y 110 mm, el limpiador es f\u00e1cil de instalar y compatible con la mayor\u00eda de los sistemas de alcantarillado.  <\/p>\n<h3>Especificaciones del producto<\/h3>\n<ul>\n<li>Color: gris<\/li>\n<li>Versiones:\n<ul>\n<li>50 mm<\/li>\n<li>75 mm<\/li>\n<li>110 mm<\/li>\n<\/ul>\n<\/li>\n<li>Material: pl\u00e1stico resistente<\/li>\n<li>Finalidad: inspecci\u00f3n y limpieza de redes de alcantarillado<\/li>\n<li>Resistencia: A los productos qu\u00edmicos, la humedad y los da\u00f1os mec\u00e1nicos<\/li>\n<\/ul>\n<h3>Aplicaci\u00f3n<\/h3>\n<p>El limpiador se utiliza en los sistemas de alcantarillado de edificios residenciales, comerciales e industriales. El producto facilita el mantenimiento en buen estado de los sistemas de alcantarillado sanitario y de aguas pluviales, proporcionando un acceso r\u00e1pido a las tuber\u00edas en caso de atascos o necesidades de mantenimiento. <\/p>\n<h3>Ventajas del producto<\/h3>\n<ul>\n<li>Disponible en tres di\u00e1metros est\u00e1ndar<\/li>\n<li>Resistencia a los agentes qu\u00edmicos y mec\u00e1nicos<\/li>\n<li>F\u00e1cil acceso a la instalaci\u00f3n durante la inspecci\u00f3n y la limpieza<\/li>\n<li>Dise\u00f1o resistente para un funcionamiento duradero<\/li>\n<li>Uso universal en sistemas de drenaje sanitario y de aguas pluviales<\/li>\n<\/ul>\n<p>El limpiador de alcantarillas es una parte indispensable de cualquier instalaci\u00f3n para garantizar un funcionamiento y mantenimiento eficaces de los sistemas de alcantarillado. Gracias a su durabilidad y facilidad de instalaci\u00f3n, el producto funcionar\u00e1 bien en cualquier instalaci\u00f3n. <\/p>\n","protected":false},"excerpt":{"rendered":"<p>Limpia alcantarillas de color gris, disponible en versiones de 50, 75 y 110 mm. Dise\u00f1ado para la inspecci\u00f3n y limpieza de sistemas de alcantarillado sanitario y de aguas pluviales. <\/p>\n","protected":false},"featured_media":7341,"template":"","meta":{"_acf_changed":false,"_kad_blocks_custom_css":"","_kad_blocks_head_custom_js":"","_kad_blocks_body_custom_js":"","_kad_blocks_footer_custom_js":"","_kad_post_transparent":"","_kad_post_title":"","_kad_post_layout":"","_kad_post_sidebar_id":"","_kad_post_content_style":"","_kad_post_vertical_padding":"","_kad_post_feature":"","_kad_post_feature_position":"","_kad_post_header":false,"_kad_post_footer":false,"_kad_post_classname":""},"product_brand":[],"product_cat":[1330,1320],"product_tag":[],"class_list":{"0":"post-16756","1":"product","2":"type-product","3":"status-publish","4":"has-post-thumbnail","6":"product_cat-depositos-y-registros-de-canalones","7":"product_cat-sistemas-de-alcantarillado-sanitario-y-pluvial","8":"pa_kolor-gris","9":"pa_wersja-110-es","10":"pa_wersja-50-es","11":"pa_wersja-75-es","13":"first","14":"instock","15":"product-type-variable","16":"entry","17":"content-bg","18":"loop-entry"},"acf":[],"yoast_head":"<!-- This site is optimized with the Yoast SEO plugin v25.1 - https:\/\/yoast.com\/wordpress\/plugins\/seo\/ -->\n<title>Czyszczak - Plasmet<\/title>\n<meta name=\"description\" content=\"Czyszczak \u2013 producent i hurtownia Plasmet. Oferujemy wysok\u0105 jako\u015b\u0107, szeroki wyb\u00f3r i dobre ceny. Zapraszamy do sprawdzenia oferty!\" \/>\n<meta name=\"robots\" content=\"index, follow, max-snippet:-1, max-image-preview:large, max-video-preview:-1\" \/>\n<link rel=\"canonical\" href=\"https:\/\/plasmet.bochnia.pl\/es\/producto\/czyszczak\/\" \/>\n<meta property=\"og:locale\" content=\"es_ES\" \/>\n<meta property=\"og:type\" content=\"article\" \/>\n<meta property=\"og:title\" content=\"Czyszczak - Plasmet\" \/>\n<meta property=\"og:description\" content=\"Czyszczak \u2013 producent i hurtownia Plasmet. Oferujemy wysok\u0105 jako\u015b\u0107, szeroki wyb\u00f3r i dobre ceny. Zapraszamy do sprawdzenia oferty!\" \/>\n<meta property=\"og:url\" content=\"https:\/\/plasmet.bochnia.pl\/es\/producto\/czyszczak\/\" \/>\n<meta property=\"og:site_name\" content=\"Plasmet\" \/>\n<meta property=\"og:image\" content=\"https:\/\/plasmet.bochnia.pl\/wp-content\/uploads\/2024\/11\/czyszczak-50.jpg\" \/>\n\t<meta property=\"og:image:width\" content=\"800\" \/>\n\t<meta property=\"og:image:height\" content=\"600\" \/>\n\t<meta property=\"og:image:type\" content=\"image\/jpeg\" \/>\n<meta name=\"twitter:card\" content=\"summary_large_image\" \/>\n<meta name=\"twitter:label1\" content=\"Tiempo de lectura\" \/>\n\t<meta name=\"twitter:data1\" content=\"1 minuto\" \/>\n<script type=\"application\/ld+json\" class=\"yoast-schema-graph\">{\"@context\":\"https:\/\/schema.org\",\"@graph\":[{\"@type\":\"WebPage\",\"@id\":\"https:\/\/plasmet.bochnia.pl\/es\/producto\/czyszczak\/\",\"url\":\"https:\/\/plasmet.bochnia.pl\/es\/producto\/czyszczak\/\",\"name\":\"Czyszczak - Plasmet\",\"isPartOf\":{\"@id\":\"https:\/\/plasmet.bochnia.pl\/es\/#website\"},\"primaryImageOfPage\":{\"@id\":\"https:\/\/plasmet.bochnia.pl\/es\/producto\/czyszczak\/#primaryimage\"},\"image\":{\"@id\":\"https:\/\/plasmet.bochnia.pl\/es\/producto\/czyszczak\/#primaryimage\"},\"thumbnailUrl\":\"https:\/\/plasmet.bochnia.pl\/wp-content\/uploads\/2024\/11\/czyszczak-50.jpg\",\"datePublished\":\"2024-11-20T15:28:40+00:00\",\"description\":\"Czyszczak \u2013 producent i hurtownia Plasmet. Oferujemy wysok\u0105 jako\u015b\u0107, szeroki wyb\u00f3r i dobre ceny. Zapraszamy do sprawdzenia oferty!\",\"breadcrumb\":{\"@id\":\"https:\/\/plasmet.bochnia.pl\/es\/producto\/czyszczak\/#breadcrumb\"},\"inLanguage\":\"es\",\"potentialAction\":[{\"@type\":\"ReadAction\",\"target\":[\"https:\/\/plasmet.bochnia.pl\/es\/producto\/czyszczak\/\"]}]},{\"@type\":\"ImageObject\",\"inLanguage\":\"es\",\"@id\":\"https:\/\/plasmet.bochnia.pl\/es\/producto\/czyszczak\/#primaryimage\",\"url\":\"https:\/\/plasmet.bochnia.pl\/wp-content\/uploads\/2024\/11\/czyszczak-50.jpg\",\"contentUrl\":\"https:\/\/plasmet.bochnia.pl\/wp-content\/uploads\/2024\/11\/czyszczak-50.jpg\",\"width\":800,\"height\":600,\"caption\":\"czyszczak-50\"},{\"@type\":\"BreadcrumbList\",\"@id\":\"https:\/\/plasmet.bochnia.pl\/es\/producto\/czyszczak\/#breadcrumb\",\"itemListElement\":[{\"@type\":\"ListItem\",\"position\":1,\"name\":\"Strona g\u0142\u00f3wna\",\"item\":\"https:\/\/plasmet.bochnia.pl\/es\/\"},{\"@type\":\"ListItem\",\"position\":2,\"name\":\"Tienda\",\"item\":\"https:\/\/plasmet.bochnia.pl\/es\/tienda\/\"},{\"@type\":\"ListItem\",\"position\":3,\"name\":\"Czyszczak\"}]},{\"@type\":\"WebSite\",\"@id\":\"https:\/\/plasmet.bochnia.pl\/es\/#website\",\"url\":\"https:\/\/plasmet.bochnia.pl\/es\/\",\"name\":\"Plasmet\",\"description\":\"Plasmet\",\"alternateName\":\"Plasmet\",\"potentialAction\":[{\"@type\":\"SearchAction\",\"target\":{\"@type\":\"EntryPoint\",\"urlTemplate\":\"https:\/\/plasmet.bochnia.pl\/es\/?s={search_term_string}\"},\"query-input\":{\"@type\":\"PropertyValueSpecification\",\"valueRequired\":true,\"valueName\":\"search_term_string\"}}],\"inLanguage\":\"es\"}]}<\/script>\n<!-- \/ Yoast SEO plugin. -->","yoast_head_json":{"title":"Czyszczak - Plasmet","description":"Czyszczak \u2013 producent i hurtownia Plasmet. Oferujemy wysok\u0105 jako\u015b\u0107, szeroki wyb\u00f3r i dobre ceny. Zapraszamy do sprawdzenia oferty!","robots":{"index":"index","follow":"follow","max-snippet":"max-snippet:-1","max-image-preview":"max-image-preview:large","max-video-preview":"max-video-preview:-1"},"canonical":"https:\/\/plasmet.bochnia.pl\/es\/producto\/czyszczak\/","og_locale":"es_ES","og_type":"article","og_title":"Czyszczak - Plasmet","og_description":"Czyszczak \u2013 producent i hurtownia Plasmet. Oferujemy wysok\u0105 jako\u015b\u0107, szeroki wyb\u00f3r i dobre ceny. Zapraszamy do sprawdzenia oferty!","og_url":"https:\/\/plasmet.bochnia.pl\/es\/producto\/czyszczak\/","og_site_name":"Plasmet","og_image":[{"width":800,"height":600,"url":"https:\/\/plasmet.bochnia.pl\/wp-content\/uploads\/2024\/11\/czyszczak-50.jpg","type":"image\/jpeg"}],"twitter_card":"summary_large_image","twitter_misc":{"Tiempo de lectura":"1 minuto"},"schema":{"@context":"https:\/\/schema.org","@graph":[{"@type":"WebPage","@id":"https:\/\/plasmet.bochnia.pl\/es\/producto\/czyszczak\/","url":"https:\/\/plasmet.bochnia.pl\/es\/producto\/czyszczak\/","name":"Czyszczak - Plasmet","isPartOf":{"@id":"https:\/\/plasmet.bochnia.pl\/es\/#website"},"primaryImageOfPage":{"@id":"https:\/\/plasmet.bochnia.pl\/es\/producto\/czyszczak\/#primaryimage"},"image":{"@id":"https:\/\/plasmet.bochnia.pl\/es\/producto\/czyszczak\/#primaryimage"},"thumbnailUrl":"https:\/\/plasmet.bochnia.pl\/wp-content\/uploads\/2024\/11\/czyszczak-50.jpg","datePublished":"2024-11-20T15:28:40+00:00","description":"Czyszczak \u2013 producent i hurtownia Plasmet. Oferujemy wysok\u0105 jako\u015b\u0107, szeroki wyb\u00f3r i dobre ceny. Zapraszamy do sprawdzenia oferty!","breadcrumb":{"@id":"https:\/\/plasmet.bochnia.pl\/es\/producto\/czyszczak\/#breadcrumb"},"inLanguage":"es","potentialAction":[{"@type":"ReadAction","target":["https:\/\/plasmet.bochnia.pl\/es\/producto\/czyszczak\/"]}]},{"@type":"ImageObject","inLanguage":"es","@id":"https:\/\/plasmet.bochnia.pl\/es\/producto\/czyszczak\/#primaryimage","url":"https:\/\/plasmet.bochnia.pl\/wp-content\/uploads\/2024\/11\/czyszczak-50.jpg","contentUrl":"https:\/\/plasmet.bochnia.pl\/wp-content\/uploads\/2024\/11\/czyszczak-50.jpg","width":800,"height":600,"caption":"czyszczak-50"},{"@type":"BreadcrumbList","@id":"https:\/\/plasmet.bochnia.pl\/es\/producto\/czyszczak\/#breadcrumb","itemListElement":[{"@type":"ListItem","position":1,"name":"Strona g\u0142\u00f3wna","item":"https:\/\/plasmet.bochnia.pl\/es\/"},{"@type":"ListItem","position":2,"name":"Tienda","item":"https:\/\/plasmet.bochnia.pl\/es\/tienda\/"},{"@type":"ListItem","position":3,"name":"Czyszczak"}]},{"@type":"WebSite","@id":"https:\/\/plasmet.bochnia.pl\/es\/#website","url":"https:\/\/plasmet.bochnia.pl\/es\/","name":"Plasmet","description":"Plasmet","alternateName":"Plasmet","potentialAction":[{"@type":"SearchAction","target":{"@type":"EntryPoint","urlTemplate":"https:\/\/plasmet.bochnia.pl\/es\/?s={search_term_string}"},"query-input":{"@type":"PropertyValueSpecification","valueRequired":true,"valueName":"search_term_string"}}],"inLanguage":"es"}]}},"taxonomy_info":{"product_cat":[{"value":1330,"label":"Dep\u00f3sitos y registros de canalones"},{"value":1320,"label":"Sistemas de alcantarillado sanitario y pluvial"}],"pa_kolor":[{"value":1390,"label":"Gris"}],"pa_wersja":[{"value":1641,"label":"110"},{"value":1561,"label":"50"},{"value":1619,"label":"75"}]},"featured_image_src_large":["https:\/\/plasmet.bochnia.pl\/wp-content\/uploads\/2024\/11\/czyszczak-50.jpg",800,600,false],"author_info":[],"comment_info":"","_links":{"self":[{"href":"https:\/\/plasmet.bochnia.pl\/es\/wp-json\/wp\/v2\/product\/16756","targetHints":{"allow":["GET"]}}],"collection":[{"href":"https:\/\/plasmet.bochnia.pl\/es\/wp-json\/wp\/v2\/product"}],"about":[{"href":"https:\/\/plasmet.bochnia.pl\/es\/wp-json\/wp\/v2\/types\/product"}],"wp:featuredmedia":[{"embeddable":true,"href":"https:\/\/plasmet.bochnia.pl\/es\/wp-json\/wp\/v2\/media\/7341"}],"wp:attachment":[{"href":"https:\/\/plasmet.bochnia.pl\/es\/wp-json\/wp\/v2\/media?parent=16756"}],"wp:term":[{"taxonomy":"product_brand","embeddable":true,"href":"https:\/\/plasmet.bochnia.pl\/es\/wp-json\/wp\/v2\/product_brand?post=16756"},{"taxonomy":"product_cat","embeddable":true,"href":"https:\/\/plasmet.bochnia.pl\/es\/wp-json\/wp\/v2\/product_cat?post=16756"},{"taxonomy":"product_tag","embeddable":true,"href":"https:\/\/plasmet.bochnia.pl\/es\/wp-json\/wp\/v2\/product_tag?post=16756"}],"curies":[{"name":"wp","href":"https:\/\/api.w.org\/{rel}","templated":true}]}}