{"id":16717,"date":"2024-10-19T22:39:36","date_gmt":"2024-10-19T20:39:36","guid":{"rendered":"https:\/\/plasmet.bochnia.pl\/produkt\/tapon-de-tuberia-de-alcantarillado-2\/"},"modified":"2024-10-19T22:39:36","modified_gmt":"2024-10-19T20:39:36","slug":"tapon-de-tuberia-de-alcantarillado-2","status":"publish","type":"product","link":"https:\/\/plasmet.bochnia.pl\/es\/producto\/tapon-de-tuberia-de-alcantarillado-2\/","title":{"rendered":"Tap\u00f3n de tuber\u00eda de alcantarillado"},"content":{"rendered":"<h2>Tap\u00f3n para tuber\u00edas de alcantarillado: fiabilidad y estanqueidad en los sistemas de alcantarillado<\/h2>\n<p>El tap\u00f3n para tuber\u00edas de alcantarillado es un componente clave en los sistemas de alcantarillado, que garantiza el cierre eficaz del flujo de aguas residuales. Fabricado con materiales de alta calidad, el tap\u00f3n es resistente a la humedad y a los da\u00f1os mec\u00e1nicos, lo que garantiza una larga vida \u00fatil en instalaciones profesionales. Este producto est\u00e1 especialmente recomendado para empresas instaladoras que se dediquen a la instalaci\u00f3n de sistemas de alcantarillado con elevados requisitos.  <\/p>\n<h3>Aplicaci\u00f3n y especificaciones<\/h3>\n<p>El tap\u00f3n para tuber\u00edas de alcantarillado es ideal para una gran variedad de sistemas de desag\u00fce, ya que garantiza un sellado completo y resistencia a los elementos. Disponible en varios tama\u00f1os, el tap\u00f3n puede instalarse f\u00e1cilmente en la mayor\u00eda de las tuber\u00edas de alcantarillado. <\/p>\n<h3>Ventajas del producto<\/h3>\n<ul>\n<li>Gran resistencia a la presi\u00f3n y a los da\u00f1os mec\u00e1nicos<\/li>\n<li>Ideal para su uso en sistemas de alcantarillado profesionales<\/li>\n<li>F\u00e1cil instalaci\u00f3n y adaptable a diferentes tama\u00f1os de tuber\u00edas<\/li>\n<li>Producto disponible en grandes cantidades, tramitaci\u00f3n r\u00e1pida del pedido<\/li>\n<\/ul>\n<p>Cuando eliges nuestro tap\u00f3n para tuber\u00edas de alcantarillado, obtienes un producto que garantizar\u00e1 un funcionamiento duradero y fiable en tus instalaciones.<\/p>\n","protected":false},"excerpt":{"rendered":"<p>El tap\u00f3n para tuber\u00edas de alcantarillado, fabricado con materiales robustos, proporciona un sellado fiable y durabilidad en los sistemas de alcantarillado profesionales. Disponible en varios tama\u00f1os. <\/p>\n","protected":false},"featured_media":16722,"template":"","meta":{"_acf_changed":false,"_kad_blocks_custom_css":"","_kad_blocks_head_custom_js":"","_kad_blocks_body_custom_js":"","_kad_blocks_footer_custom_js":"","_kad_post_transparent":"","_kad_post_title":"","_kad_post_layout":"","_kad_post_sidebar_id":"","_kad_post_content_style":"","_kad_post_vertical_padding":"","_kad_post_feature":"","_kad_post_feature_position":"","_kad_post_header":false,"_kad_post_footer":false,"_kad_post_classname":""},"product_brand":[],"product_cat":[1320,1324],"product_tag":[],"class_list":{"0":"post-16717","1":"product","2":"type-product","3":"status-publish","4":"has-post-thumbnail","6":"product_cat-sistemas-de-alcantarillado-sanitario-y-pluvial","7":"product_cat-tapones-y-cierres-de-canalizacion","8":"pa_kolor-naranja","9":"pa_wersja-110-es","10":"pa_wersja-160-es","11":"pa_wersja-160-campana-larga","12":"pa_wersja-200-es","13":"pa_wersja-250-es","14":"pa_wersja-315-es","15":"pa_wersja-400-es","17":"first","18":"instock","19":"product-type-variable","20":"entry","21":"content-bg","22":"loop-entry"},"acf":[],"yoast_head":"<!-- This site is optimized with the Yoast SEO plugin v25.1 - https:\/\/yoast.com\/wordpress\/plugins\/seo\/ -->\n<title>Tap\u00f3n de tuber\u00eda de alcantarillado - Plasmet<\/title>\n<meta name=\"description\" content=\"Tap\u00f3n de tuber\u00eda de alcantarillado \u2013 producent i hurtownia Plasmet. Oferujemy wysok\u0105 jako\u015b\u0107, szeroki wyb\u00f3r i dobre ceny. Zapraszamy do sprawdzenia oferty!\" \/>\n<meta name=\"robots\" content=\"index, follow, max-snippet:-1, max-image-preview:large, max-video-preview:-1\" \/>\n<link rel=\"canonical\" href=\"https:\/\/plasmet.bochnia.pl\/es\/producto\/tapon-de-tuberia-de-alcantarillado-2\/\" \/>\n<meta property=\"og:locale\" content=\"es_ES\" \/>\n<meta property=\"og:type\" content=\"article\" \/>\n<meta property=\"og:title\" content=\"Tap\u00f3n de tuber\u00eda de alcantarillado - Plasmet\" \/>\n<meta property=\"og:description\" content=\"Tap\u00f3n de tuber\u00eda de alcantarillado \u2013 producent i hurtownia Plasmet. Oferujemy wysok\u0105 jako\u015b\u0107, szeroki wyb\u00f3r i dobre ceny. Zapraszamy do sprawdzenia oferty!\" \/>\n<meta property=\"og:url\" content=\"https:\/\/plasmet.bochnia.pl\/es\/producto\/tapon-de-tuberia-de-alcantarillado-2\/\" \/>\n<meta property=\"og:site_name\" content=\"Plasmet\" \/>\n<meta property=\"og:image\" content=\"https:\/\/plasmet.bochnia.pl\/wp-content\/uploads\/2024\/10\/korek-do-rury-kanalizacyjnej-160-pomaranczowy-1.jpg\" \/>\n\t<meta property=\"og:image:width\" content=\"800\" \/>\n\t<meta property=\"og:image:height\" content=\"800\" \/>\n\t<meta property=\"og:image:type\" content=\"image\/jpeg\" \/>\n<meta name=\"twitter:card\" content=\"summary_large_image\" \/>\n<meta name=\"twitter:label1\" content=\"Tiempo de lectura\" \/>\n\t<meta name=\"twitter:data1\" content=\"1 minuto\" \/>\n<script type=\"application\/ld+json\" class=\"yoast-schema-graph\">{\"@context\":\"https:\/\/schema.org\",\"@graph\":[{\"@type\":\"WebPage\",\"@id\":\"https:\/\/plasmet.bochnia.pl\/es\/producto\/tapon-de-tuberia-de-alcantarillado-2\/\",\"url\":\"https:\/\/plasmet.bochnia.pl\/es\/producto\/tapon-de-tuberia-de-alcantarillado-2\/\",\"name\":\"Tap\u00f3n de tuber\u00eda de alcantarillado - Plasmet\",\"isPartOf\":{\"@id\":\"https:\/\/plasmet.bochnia.pl\/es\/#website\"},\"primaryImageOfPage\":{\"@id\":\"https:\/\/plasmet.bochnia.pl\/es\/producto\/tapon-de-tuberia-de-alcantarillado-2\/#primaryimage\"},\"image\":{\"@id\":\"https:\/\/plasmet.bochnia.pl\/es\/producto\/tapon-de-tuberia-de-alcantarillado-2\/#primaryimage\"},\"thumbnailUrl\":\"https:\/\/plasmet.bochnia.pl\/wp-content\/uploads\/2024\/10\/korek-do-rury-kanalizacyjnej-160-pomaranczowy-1.jpg\",\"datePublished\":\"2024-10-19T20:39:36+00:00\",\"description\":\"Tap\u00f3n de tuber\u00eda de alcantarillado \u2013 producent i hurtownia Plasmet. Oferujemy wysok\u0105 jako\u015b\u0107, szeroki wyb\u00f3r i dobre ceny. Zapraszamy do sprawdzenia oferty!\",\"breadcrumb\":{\"@id\":\"https:\/\/plasmet.bochnia.pl\/es\/producto\/tapon-de-tuberia-de-alcantarillado-2\/#breadcrumb\"},\"inLanguage\":\"es\",\"potentialAction\":[{\"@type\":\"ReadAction\",\"target\":[\"https:\/\/plasmet.bochnia.pl\/es\/producto\/tapon-de-tuberia-de-alcantarillado-2\/\"]}]},{\"@type\":\"ImageObject\",\"inLanguage\":\"es\",\"@id\":\"https:\/\/plasmet.bochnia.pl\/es\/producto\/tapon-de-tuberia-de-alcantarillado-2\/#primaryimage\",\"url\":\"https:\/\/plasmet.bochnia.pl\/wp-content\/uploads\/2024\/10\/korek-do-rury-kanalizacyjnej-160-pomaranczowy-1.jpg\",\"contentUrl\":\"https:\/\/plasmet.bochnia.pl\/wp-content\/uploads\/2024\/10\/korek-do-rury-kanalizacyjnej-160-pomaranczowy-1.jpg\",\"width\":800,\"height\":800,\"caption\":\"korek-do-rury-kanalizacyjnej-160-pomaranczowy-1\"},{\"@type\":\"BreadcrumbList\",\"@id\":\"https:\/\/plasmet.bochnia.pl\/es\/producto\/tapon-de-tuberia-de-alcantarillado-2\/#breadcrumb\",\"itemListElement\":[{\"@type\":\"ListItem\",\"position\":1,\"name\":\"Strona g\u0142\u00f3wna\",\"item\":\"https:\/\/plasmet.bochnia.pl\/es\/\"},{\"@type\":\"ListItem\",\"position\":2,\"name\":\"Tienda\",\"item\":\"https:\/\/plasmet.bochnia.pl\/es\/tienda\/\"},{\"@type\":\"ListItem\",\"position\":3,\"name\":\"Tap\u00f3n de tuber\u00eda de alcantarillado\"}]},{\"@type\":\"WebSite\",\"@id\":\"https:\/\/plasmet.bochnia.pl\/es\/#website\",\"url\":\"https:\/\/plasmet.bochnia.pl\/es\/\",\"name\":\"Plasmet\",\"description\":\"Plasmet\",\"alternateName\":\"Plasmet\",\"potentialAction\":[{\"@type\":\"SearchAction\",\"target\":{\"@type\":\"EntryPoint\",\"urlTemplate\":\"https:\/\/plasmet.bochnia.pl\/es\/?s={search_term_string}\"},\"query-input\":{\"@type\":\"PropertyValueSpecification\",\"valueRequired\":true,\"valueName\":\"search_term_string\"}}],\"inLanguage\":\"es\"}]}<\/script>\n<!-- \/ Yoast SEO plugin. -->","yoast_head_json":{"title":"Tap\u00f3n de tuber\u00eda de alcantarillado - Plasmet","description":"Tap\u00f3n de tuber\u00eda de alcantarillado \u2013 producent i hurtownia Plasmet. Oferujemy wysok\u0105 jako\u015b\u0107, szeroki wyb\u00f3r i dobre ceny. Zapraszamy do sprawdzenia oferty!","robots":{"index":"index","follow":"follow","max-snippet":"max-snippet:-1","max-image-preview":"max-image-preview:large","max-video-preview":"max-video-preview:-1"},"canonical":"https:\/\/plasmet.bochnia.pl\/es\/producto\/tapon-de-tuberia-de-alcantarillado-2\/","og_locale":"es_ES","og_type":"article","og_title":"Tap\u00f3n de tuber\u00eda de alcantarillado - Plasmet","og_description":"Tap\u00f3n de tuber\u00eda de alcantarillado \u2013 producent i hurtownia Plasmet. Oferujemy wysok\u0105 jako\u015b\u0107, szeroki wyb\u00f3r i dobre ceny. Zapraszamy do sprawdzenia oferty!","og_url":"https:\/\/plasmet.bochnia.pl\/es\/producto\/tapon-de-tuberia-de-alcantarillado-2\/","og_site_name":"Plasmet","og_image":[{"width":800,"height":800,"url":"https:\/\/plasmet.bochnia.pl\/wp-content\/uploads\/2024\/10\/korek-do-rury-kanalizacyjnej-160-pomaranczowy-1.jpg","type":"image\/jpeg"}],"twitter_card":"summary_large_image","twitter_misc":{"Tiempo de lectura":"1 minuto"},"schema":{"@context":"https:\/\/schema.org","@graph":[{"@type":"WebPage","@id":"https:\/\/plasmet.bochnia.pl\/es\/producto\/tapon-de-tuberia-de-alcantarillado-2\/","url":"https:\/\/plasmet.bochnia.pl\/es\/producto\/tapon-de-tuberia-de-alcantarillado-2\/","name":"Tap\u00f3n de tuber\u00eda de alcantarillado - Plasmet","isPartOf":{"@id":"https:\/\/plasmet.bochnia.pl\/es\/#website"},"primaryImageOfPage":{"@id":"https:\/\/plasmet.bochnia.pl\/es\/producto\/tapon-de-tuberia-de-alcantarillado-2\/#primaryimage"},"image":{"@id":"https:\/\/plasmet.bochnia.pl\/es\/producto\/tapon-de-tuberia-de-alcantarillado-2\/#primaryimage"},"thumbnailUrl":"https:\/\/plasmet.bochnia.pl\/wp-content\/uploads\/2024\/10\/korek-do-rury-kanalizacyjnej-160-pomaranczowy-1.jpg","datePublished":"2024-10-19T20:39:36+00:00","description":"Tap\u00f3n de tuber\u00eda de alcantarillado \u2013 producent i hurtownia Plasmet. Oferujemy wysok\u0105 jako\u015b\u0107, szeroki wyb\u00f3r i dobre ceny. Zapraszamy do sprawdzenia oferty!","breadcrumb":{"@id":"https:\/\/plasmet.bochnia.pl\/es\/producto\/tapon-de-tuberia-de-alcantarillado-2\/#breadcrumb"},"inLanguage":"es","potentialAction":[{"@type":"ReadAction","target":["https:\/\/plasmet.bochnia.pl\/es\/producto\/tapon-de-tuberia-de-alcantarillado-2\/"]}]},{"@type":"ImageObject","inLanguage":"es","@id":"https:\/\/plasmet.bochnia.pl\/es\/producto\/tapon-de-tuberia-de-alcantarillado-2\/#primaryimage","url":"https:\/\/plasmet.bochnia.pl\/wp-content\/uploads\/2024\/10\/korek-do-rury-kanalizacyjnej-160-pomaranczowy-1.jpg","contentUrl":"https:\/\/plasmet.bochnia.pl\/wp-content\/uploads\/2024\/10\/korek-do-rury-kanalizacyjnej-160-pomaranczowy-1.jpg","width":800,"height":800,"caption":"korek-do-rury-kanalizacyjnej-160-pomaranczowy-1"},{"@type":"BreadcrumbList","@id":"https:\/\/plasmet.bochnia.pl\/es\/producto\/tapon-de-tuberia-de-alcantarillado-2\/#breadcrumb","itemListElement":[{"@type":"ListItem","position":1,"name":"Strona g\u0142\u00f3wna","item":"https:\/\/plasmet.bochnia.pl\/es\/"},{"@type":"ListItem","position":2,"name":"Tienda","item":"https:\/\/plasmet.bochnia.pl\/es\/tienda\/"},{"@type":"ListItem","position":3,"name":"Tap\u00f3n de tuber\u00eda de alcantarillado"}]},{"@type":"WebSite","@id":"https:\/\/plasmet.bochnia.pl\/es\/#website","url":"https:\/\/plasmet.bochnia.pl\/es\/","name":"Plasmet","description":"Plasmet","alternateName":"Plasmet","potentialAction":[{"@type":"SearchAction","target":{"@type":"EntryPoint","urlTemplate":"https:\/\/plasmet.bochnia.pl\/es\/?s={search_term_string}"},"query-input":{"@type":"PropertyValueSpecification","valueRequired":true,"valueName":"search_term_string"}}],"inLanguage":"es"}]}},"taxonomy_info":{"product_cat":[{"value":1320,"label":"Sistemas de alcantarillado sanitario y pluvial"},{"value":1324,"label":"Tapones y cierres de canalizaci\u00f3n"}],"pa_kolor":[{"value":1389,"label":"Naranja"}],"pa_wersja":[{"value":1641,"label":"110"},{"value":1667,"label":"160"},{"value":1850,"label":"160 campana larga"},{"value":1677,"label":"200"},{"value":1687,"label":"250"},{"value":1695,"label":"315"},{"value":1705,"label":"400"}]},"featured_image_src_large":["https:\/\/plasmet.bochnia.pl\/wp-content\/uploads\/2024\/10\/korek-do-rury-kanalizacyjnej-160-pomaranczowy-1.jpg",800,800,false],"author_info":[],"comment_info":"","_links":{"self":[{"href":"https:\/\/plasmet.bochnia.pl\/es\/wp-json\/wp\/v2\/product\/16717","targetHints":{"allow":["GET"]}}],"collection":[{"href":"https:\/\/plasmet.bochnia.pl\/es\/wp-json\/wp\/v2\/product"}],"about":[{"href":"https:\/\/plasmet.bochnia.pl\/es\/wp-json\/wp\/v2\/types\/product"}],"wp:featuredmedia":[{"embeddable":true,"href":"https:\/\/plasmet.bochnia.pl\/es\/wp-json\/wp\/v2\/media\/16722"}],"wp:attachment":[{"href":"https:\/\/plasmet.bochnia.pl\/es\/wp-json\/wp\/v2\/media?parent=16717"}],"wp:term":[{"taxonomy":"product_brand","embeddable":true,"href":"https:\/\/plasmet.bochnia.pl\/es\/wp-json\/wp\/v2\/product_brand?post=16717"},{"taxonomy":"product_cat","embeddable":true,"href":"https:\/\/plasmet.bochnia.pl\/es\/wp-json\/wp\/v2\/product_cat?post=16717"},{"taxonomy":"product_tag","embeddable":true,"href":"https:\/\/plasmet.bochnia.pl\/es\/wp-json\/wp\/v2\/product_tag?post=16717"}],"curies":[{"name":"wp","href":"https:\/\/api.w.org\/{rel}","templated":true}]}}