{"id":16471,"date":"2024-11-20T16:30:23","date_gmt":"2024-11-20T15:30:23","guid":{"rendered":"https:\/\/plasmet.bochnia.pl\/produkt\/contraventana-de-una-sola-hoja\/"},"modified":"2024-11-20T16:30:23","modified_gmt":"2024-11-20T15:30:23","slug":"contraventana-de-una-sola-hoja","status":"publish","type":"product","link":"https:\/\/plasmet.bochnia.pl\/es\/producto\/contraventana-de-una-sola-hoja\/","title":{"rendered":"Contraventana de una sola hoja"},"content":{"rendered":"<h2>Compuerta antitormentas de una solapa: protecci\u00f3n fiable para sistemas de alcantarillado<\/h2>\n<p>La v\u00e1lvula de compuerta para tormentas de una solapa es un componente clave de los sistemas de alcantarillado que impide que las aguas residuales y pluviales se acumulen en el sistema. Fabricada con pl\u00e1stico duradero, proporciona durabilidad, estanqueidad y resistencia a los productos qu\u00edmicos y la humedad. Disponible en una amplia gama de di\u00e1metros, de 50 mm a 315 mm, la v\u00e1lvula de compuerta de tormenta permite adaptarse a diversas configuraciones de sistemas de alcantarillado.  <\/p>\n<h3>Especificaciones del producto<\/h3>\n<ul>\n<li>Tipo: de una sola vuelta<\/li>\n<li>Di\u00e1metros:\n<ul>\n<li>50 mm<\/li>\n<li>75 mm<\/li>\n<li>110 mm<\/li>\n<li>160 mm<\/li>\n<li>200 mm<\/li>\n<li>250 mm<\/li>\n<li>315 mm<\/li>\n<\/ul>\n<\/li>\n<li>Material: pl\u00e1stico resistente<\/li>\n<li>Finalidad: protecci\u00f3n contra el reflujo de aguas residuales y pluviales<\/li>\n<li>Resistencia: a la humedad, los productos qu\u00edmicos y las condiciones meteorol\u00f3gicas cambiantes<\/li>\n<\/ul>\n<h3>Aplicaci\u00f3n<\/h3>\n<p>La v\u00e1lvula de compuerta de tormenta de una solapa se utiliza en los sistemas de alcantarillado sanitario y de aguas pluviales de edificios residenciales, comerciales e industriales. El producto protege eficazmente contra el reflujo de agua en caso de lluvias torrenciales o fallo del sistema de alcantarillado, garantizando la seguridad de las instalaciones. <\/p>\n<h3>Ventajas del producto<\/h3>\n<ul>\n<li>Amplia gama de di\u00e1metros, de 50 mm a 315 mm<\/li>\n<li>Resistente a la humedad, los productos qu\u00edmicos y las condiciones meteorol\u00f3gicas cambiantes<\/li>\n<li>Dise\u00f1o duradero para una larga vida \u00fatil<\/li>\n<li>F\u00e1cil de instalar y adaptar a diferentes instalaciones<\/li>\n<li>Protecci\u00f3n eficaz contra el reflujo de aguas residuales<\/li>\n<\/ul>\n<p>La v\u00e1lvula de compuerta antitormenta de una solapa es una soluci\u00f3n fiable que aumenta la seguridad de los sistemas de alcantarillado. Gracias a su robusta construcci\u00f3n y a sus diversas dimensiones, el producto cumple los requisitos m\u00e1s exigentes de las instalaciones modernas. <\/p>\n","protected":false},"excerpt":{"rendered":"<p>V\u00e1lvula de compuerta de tormenta de clapeta \u00fanica disponible en di\u00e1metros de 50 mm a 315 mm. Protecci\u00f3n eficaz contra el reflujo de aguas residuales y pluviales en sistemas de alcantarillado. <\/p>\n","protected":false},"featured_media":8311,"template":"","meta":{"_acf_changed":false,"_kad_blocks_custom_css":"","_kad_blocks_head_custom_js":"","_kad_blocks_body_custom_js":"","_kad_blocks_footer_custom_js":"","_kad_post_transparent":"","_kad_post_title":"","_kad_post_layout":"","_kad_post_sidebar_id":"","_kad_post_content_style":"","_kad_post_vertical_padding":"","_kad_post_feature":"","_kad_post_feature_position":"","_kad_post_header":false,"_kad_post_footer":false,"_kad_post_classname":""},"product_brand":[],"product_cat":[1320,1346],"product_tag":[],"class_list":{"0":"post-16471","1":"product","2":"type-product","3":"status-publish","4":"has-post-thumbnail","6":"product_cat-sistemas-de-alcantarillado-sanitario-y-pluvial","7":"product_cat-valvulas-de-retencion-y-compuertas-para-lluvia","8":"pa_wersja-110-es","9":"pa_wersja-160-es","10":"pa_wersja-200-es","11":"pa_wersja-250-es","12":"pa_wersja-315-es","13":"pa_wersja-50-es","14":"pa_wersja-75-es","16":"first","17":"instock","18":"product-type-variable","19":"entry","20":"content-bg","21":"loop-entry"},"acf":[],"yoast_head":"<!-- This site is optimized with the Yoast SEO plugin v25.1 - https:\/\/yoast.com\/wordpress\/plugins\/seo\/ -->\n<title>Contraventana de una sola hoja - Plasmet<\/title>\n<meta name=\"description\" content=\"Contraventana de una sola hoja \u2013 producent i hurtownia Plasmet. Oferujemy wysok\u0105 jako\u015b\u0107, szeroki wyb\u00f3r i dobre ceny. Zapraszamy do sprawdzenia oferty!\" \/>\n<meta name=\"robots\" content=\"index, follow, max-snippet:-1, max-image-preview:large, max-video-preview:-1\" \/>\n<link rel=\"canonical\" href=\"https:\/\/plasmet.bochnia.pl\/es\/producto\/contraventana-de-una-sola-hoja\/\" \/>\n<meta property=\"og:locale\" content=\"es_ES\" \/>\n<meta property=\"og:type\" content=\"article\" \/>\n<meta property=\"og:title\" content=\"Contraventana de una sola hoja - Plasmet\" \/>\n<meta property=\"og:description\" content=\"Contraventana de una sola hoja \u2013 producent i hurtownia Plasmet. Oferujemy wysok\u0105 jako\u015b\u0107, szeroki wyb\u00f3r i dobre ceny. Zapraszamy do sprawdzenia oferty!\" \/>\n<meta property=\"og:url\" content=\"https:\/\/plasmet.bochnia.pl\/es\/producto\/contraventana-de-una-sola-hoja\/\" \/>\n<meta property=\"og:site_name\" content=\"Plasmet\" \/>\n<meta property=\"og:image\" content=\"https:\/\/plasmet.bochnia.pl\/wp-content\/uploads\/2024\/11\/zasuwa-burzowa-jednoklapowa-75.jpg\" \/>\n\t<meta property=\"og:image:width\" content=\"800\" \/>\n\t<meta property=\"og:image:height\" content=\"600\" \/>\n\t<meta property=\"og:image:type\" content=\"image\/jpeg\" \/>\n<meta name=\"twitter:card\" content=\"summary_large_image\" \/>\n<meta name=\"twitter:label1\" content=\"Tiempo de lectura\" \/>\n\t<meta name=\"twitter:data1\" content=\"1 minuto\" \/>\n<script type=\"application\/ld+json\" class=\"yoast-schema-graph\">{\"@context\":\"https:\/\/schema.org\",\"@graph\":[{\"@type\":\"WebPage\",\"@id\":\"https:\/\/plasmet.bochnia.pl\/es\/producto\/contraventana-de-una-sola-hoja\/\",\"url\":\"https:\/\/plasmet.bochnia.pl\/es\/producto\/contraventana-de-una-sola-hoja\/\",\"name\":\"Contraventana de una sola hoja - Plasmet\",\"isPartOf\":{\"@id\":\"https:\/\/plasmet.bochnia.pl\/es\/#website\"},\"primaryImageOfPage\":{\"@id\":\"https:\/\/plasmet.bochnia.pl\/es\/producto\/contraventana-de-una-sola-hoja\/#primaryimage\"},\"image\":{\"@id\":\"https:\/\/plasmet.bochnia.pl\/es\/producto\/contraventana-de-una-sola-hoja\/#primaryimage\"},\"thumbnailUrl\":\"https:\/\/plasmet.bochnia.pl\/wp-content\/uploads\/2024\/11\/zasuwa-burzowa-jednoklapowa-75.jpg\",\"datePublished\":\"2024-11-20T15:30:23+00:00\",\"description\":\"Contraventana de una sola hoja \u2013 producent i hurtownia Plasmet. Oferujemy wysok\u0105 jako\u015b\u0107, szeroki wyb\u00f3r i dobre ceny. Zapraszamy do sprawdzenia oferty!\",\"breadcrumb\":{\"@id\":\"https:\/\/plasmet.bochnia.pl\/es\/producto\/contraventana-de-una-sola-hoja\/#breadcrumb\"},\"inLanguage\":\"es\",\"potentialAction\":[{\"@type\":\"ReadAction\",\"target\":[\"https:\/\/plasmet.bochnia.pl\/es\/producto\/contraventana-de-una-sola-hoja\/\"]}]},{\"@type\":\"ImageObject\",\"inLanguage\":\"es\",\"@id\":\"https:\/\/plasmet.bochnia.pl\/es\/producto\/contraventana-de-una-sola-hoja\/#primaryimage\",\"url\":\"https:\/\/plasmet.bochnia.pl\/wp-content\/uploads\/2024\/11\/zasuwa-burzowa-jednoklapowa-75.jpg\",\"contentUrl\":\"https:\/\/plasmet.bochnia.pl\/wp-content\/uploads\/2024\/11\/zasuwa-burzowa-jednoklapowa-75.jpg\",\"width\":800,\"height\":600,\"caption\":\"zasuwa-burzowa-jednoklapowa-75\"},{\"@type\":\"BreadcrumbList\",\"@id\":\"https:\/\/plasmet.bochnia.pl\/es\/producto\/contraventana-de-una-sola-hoja\/#breadcrumb\",\"itemListElement\":[{\"@type\":\"ListItem\",\"position\":1,\"name\":\"Strona g\u0142\u00f3wna\",\"item\":\"https:\/\/plasmet.bochnia.pl\/es\/\"},{\"@type\":\"ListItem\",\"position\":2,\"name\":\"Tienda\",\"item\":\"https:\/\/plasmet.bochnia.pl\/es\/tienda\/\"},{\"@type\":\"ListItem\",\"position\":3,\"name\":\"Contraventana de una sola hoja\"}]},{\"@type\":\"WebSite\",\"@id\":\"https:\/\/plasmet.bochnia.pl\/es\/#website\",\"url\":\"https:\/\/plasmet.bochnia.pl\/es\/\",\"name\":\"Plasmet\",\"description\":\"Plasmet\",\"alternateName\":\"Plasmet\",\"potentialAction\":[{\"@type\":\"SearchAction\",\"target\":{\"@type\":\"EntryPoint\",\"urlTemplate\":\"https:\/\/plasmet.bochnia.pl\/es\/?s={search_term_string}\"},\"query-input\":{\"@type\":\"PropertyValueSpecification\",\"valueRequired\":true,\"valueName\":\"search_term_string\"}}],\"inLanguage\":\"es\"}]}<\/script>\n<!-- \/ Yoast SEO plugin. -->","yoast_head_json":{"title":"Contraventana de una sola hoja - Plasmet","description":"Contraventana de una sola hoja \u2013 producent i hurtownia Plasmet. Oferujemy wysok\u0105 jako\u015b\u0107, szeroki wyb\u00f3r i dobre ceny. Zapraszamy do sprawdzenia oferty!","robots":{"index":"index","follow":"follow","max-snippet":"max-snippet:-1","max-image-preview":"max-image-preview:large","max-video-preview":"max-video-preview:-1"},"canonical":"https:\/\/plasmet.bochnia.pl\/es\/producto\/contraventana-de-una-sola-hoja\/","og_locale":"es_ES","og_type":"article","og_title":"Contraventana de una sola hoja - Plasmet","og_description":"Contraventana de una sola hoja \u2013 producent i hurtownia Plasmet. Oferujemy wysok\u0105 jako\u015b\u0107, szeroki wyb\u00f3r i dobre ceny. Zapraszamy do sprawdzenia oferty!","og_url":"https:\/\/plasmet.bochnia.pl\/es\/producto\/contraventana-de-una-sola-hoja\/","og_site_name":"Plasmet","og_image":[{"width":800,"height":600,"url":"https:\/\/plasmet.bochnia.pl\/wp-content\/uploads\/2024\/11\/zasuwa-burzowa-jednoklapowa-75.jpg","type":"image\/jpeg"}],"twitter_card":"summary_large_image","twitter_misc":{"Tiempo de lectura":"1 minuto"},"schema":{"@context":"https:\/\/schema.org","@graph":[{"@type":"WebPage","@id":"https:\/\/plasmet.bochnia.pl\/es\/producto\/contraventana-de-una-sola-hoja\/","url":"https:\/\/plasmet.bochnia.pl\/es\/producto\/contraventana-de-una-sola-hoja\/","name":"Contraventana de una sola hoja - Plasmet","isPartOf":{"@id":"https:\/\/plasmet.bochnia.pl\/es\/#website"},"primaryImageOfPage":{"@id":"https:\/\/plasmet.bochnia.pl\/es\/producto\/contraventana-de-una-sola-hoja\/#primaryimage"},"image":{"@id":"https:\/\/plasmet.bochnia.pl\/es\/producto\/contraventana-de-una-sola-hoja\/#primaryimage"},"thumbnailUrl":"https:\/\/plasmet.bochnia.pl\/wp-content\/uploads\/2024\/11\/zasuwa-burzowa-jednoklapowa-75.jpg","datePublished":"2024-11-20T15:30:23+00:00","description":"Contraventana de una sola hoja \u2013 producent i hurtownia Plasmet. Oferujemy wysok\u0105 jako\u015b\u0107, szeroki wyb\u00f3r i dobre ceny. Zapraszamy do sprawdzenia oferty!","breadcrumb":{"@id":"https:\/\/plasmet.bochnia.pl\/es\/producto\/contraventana-de-una-sola-hoja\/#breadcrumb"},"inLanguage":"es","potentialAction":[{"@type":"ReadAction","target":["https:\/\/plasmet.bochnia.pl\/es\/producto\/contraventana-de-una-sola-hoja\/"]}]},{"@type":"ImageObject","inLanguage":"es","@id":"https:\/\/plasmet.bochnia.pl\/es\/producto\/contraventana-de-una-sola-hoja\/#primaryimage","url":"https:\/\/plasmet.bochnia.pl\/wp-content\/uploads\/2024\/11\/zasuwa-burzowa-jednoklapowa-75.jpg","contentUrl":"https:\/\/plasmet.bochnia.pl\/wp-content\/uploads\/2024\/11\/zasuwa-burzowa-jednoklapowa-75.jpg","width":800,"height":600,"caption":"zasuwa-burzowa-jednoklapowa-75"},{"@type":"BreadcrumbList","@id":"https:\/\/plasmet.bochnia.pl\/es\/producto\/contraventana-de-una-sola-hoja\/#breadcrumb","itemListElement":[{"@type":"ListItem","position":1,"name":"Strona g\u0142\u00f3wna","item":"https:\/\/plasmet.bochnia.pl\/es\/"},{"@type":"ListItem","position":2,"name":"Tienda","item":"https:\/\/plasmet.bochnia.pl\/es\/tienda\/"},{"@type":"ListItem","position":3,"name":"Contraventana de una sola hoja"}]},{"@type":"WebSite","@id":"https:\/\/plasmet.bochnia.pl\/es\/#website","url":"https:\/\/plasmet.bochnia.pl\/es\/","name":"Plasmet","description":"Plasmet","alternateName":"Plasmet","potentialAction":[{"@type":"SearchAction","target":{"@type":"EntryPoint","urlTemplate":"https:\/\/plasmet.bochnia.pl\/es\/?s={search_term_string}"},"query-input":{"@type":"PropertyValueSpecification","valueRequired":true,"valueName":"search_term_string"}}],"inLanguage":"es"}]}},"taxonomy_info":{"product_cat":[{"value":1320,"label":"Sistemas de alcantarillado sanitario y pluvial"},{"value":1346,"label":"V\u00e1lvulas de retenci\u00f3n y compuertas para lluvia"}],"pa_wersja":[{"value":1641,"label":"110"},{"value":1667,"label":"160"},{"value":1677,"label":"200"},{"value":1687,"label":"250"},{"value":1695,"label":"315"},{"value":1561,"label":"50"},{"value":1619,"label":"75"}]},"featured_image_src_large":["https:\/\/plasmet.bochnia.pl\/wp-content\/uploads\/2024\/11\/zasuwa-burzowa-jednoklapowa-75.jpg",800,600,false],"author_info":[],"comment_info":"","_links":{"self":[{"href":"https:\/\/plasmet.bochnia.pl\/es\/wp-json\/wp\/v2\/product\/16471","targetHints":{"allow":["GET"]}}],"collection":[{"href":"https:\/\/plasmet.bochnia.pl\/es\/wp-json\/wp\/v2\/product"}],"about":[{"href":"https:\/\/plasmet.bochnia.pl\/es\/wp-json\/wp\/v2\/types\/product"}],"wp:featuredmedia":[{"embeddable":true,"href":"https:\/\/plasmet.bochnia.pl\/es\/wp-json\/wp\/v2\/media\/8311"}],"wp:attachment":[{"href":"https:\/\/plasmet.bochnia.pl\/es\/wp-json\/wp\/v2\/media?parent=16471"}],"wp:term":[{"taxonomy":"product_brand","embeddable":true,"href":"https:\/\/plasmet.bochnia.pl\/es\/wp-json\/wp\/v2\/product_brand?post=16471"},{"taxonomy":"product_cat","embeddable":true,"href":"https:\/\/plasmet.bochnia.pl\/es\/wp-json\/wp\/v2\/product_cat?post=16471"},{"taxonomy":"product_tag","embeddable":true,"href":"https:\/\/plasmet.bochnia.pl\/es\/wp-json\/wp\/v2\/product_tag?post=16471"}],"curies":[{"name":"wp","href":"https:\/\/api.w.org\/{rel}","templated":true}]}}