{"id":16315,"date":"2024-11-20T16:30:54","date_gmt":"2024-11-20T15:30:54","guid":{"rendered":"https:\/\/plasmet.bochnia.pl\/produkt\/ventilacion-de-alcantarillado\/"},"modified":"2024-11-20T16:30:54","modified_gmt":"2024-11-20T15:30:54","slug":"ventilacion-de-alcantarillado","status":"publish","type":"product","link":"https:\/\/plasmet.bochnia.pl\/es\/producto\/ventilacion-de-alcantarillado\/","title":{"rendered":"Ventilaci\u00f3n de alcantarillado"},"content":{"rendered":"<h2>Ventilaci\u00f3n de alcantarillas: ventilaci\u00f3n eficaz del sistema<\/h2>\n<p>Un respiradero de alcantarillado es una parte indispensable de los sistemas de alcantarillado, ya que garantiza una ventilaci\u00f3n adecuada y evita la presi\u00f3n negativa y el reflujo de olores desagradables al edificio. El producto est\u00e1 hecho de pl\u00e1stico resistente, disponible en gris, marr\u00f3n y naranja, y ofrece una amplia gama de di\u00e1metros, de 50 mm a 200 mm. El respiradero se caracteriza por su gran resistencia a la humedad, los productos qu\u00edmicos y las condiciones meteorol\u00f3gicas cambiantes.  <\/p>\n<h3>Especificaciones del producto<\/h3>\n<ul>\n<li>Colores:\n<ul>\n<li>Gris<\/li>\n<li>Marr\u00f3n<\/li>\n<li>Naranja<\/li>\n<\/ul>\n<\/li>\n<li>Di\u00e1metros:\n<ul>\n<li>50 mm<\/li>\n<li>75 mm<\/li>\n<li>110 mm<\/li>\n<li>160 mm<\/li>\n<li>200 mm<\/li>\n<\/ul>\n<\/li>\n<li>Material: pl\u00e1stico resistente<\/li>\n<li>Finalidad: ventilaci\u00f3n de las redes de alcantarillado<\/li>\n<li>Resistencia: a la humedad, los productos qu\u00edmicos y las condiciones meteorol\u00f3gicas cambiantes<\/li>\n<\/ul>\n<h3>Aplicaci\u00f3n<\/h3>\n<p>El purgador de alcantarillado se utiliza en los sistemas de alcantarillado de edificios residenciales, comerciales e industriales. El producto contribuye eficazmente al buen funcionamiento del sistema reduciendo el riesgo de presi\u00f3n negativa en las tuber\u00edas y garantizando la circulaci\u00f3n del aire, lo que mejora la eficacia del sistema. <\/p>\n<h3>Ventajas del producto<\/h3>\n<ul>\n<li>Amplia gama de di\u00e1metros: de 50 mm a 200 mm<\/li>\n<li>Disponible en gris, marr\u00f3n y naranja<\/li>\n<li>Resistencia a la humedad, los productos qu\u00edmicos y las condiciones meteorol\u00f3gicas cambiantes<\/li>\n<li>Dise\u00f1o duradero para una larga vida \u00fatil<\/li>\n<li>F\u00e1cil de instalar gracias a la ingenier\u00eda de precisi\u00f3n<\/li>\n<\/ul>\n<p>El purgador de alcantarillado es una soluci\u00f3n fiable que favorece el correcto funcionamiento de los sistemas de alcantarillado. Gracias a sus distintas versiones, el producto cumple los requisitos de las instalaciones m\u00e1s complejas. <\/p>\n","protected":false},"excerpt":{"rendered":"<p>Ventilaci\u00f3n de alcantarillas en gris, marr\u00f3n y naranja, disponible en di\u00e1metros de 50 mm a 200 mm. Ventilaci\u00f3n eficaz de los sistemas de alcantarillado para evitar la presi\u00f3n negativa y el reflujo de olores. <\/p>\n","protected":false},"featured_media":16317,"template":"","meta":{"_acf_changed":false,"_kad_blocks_custom_css":"","_kad_blocks_head_custom_js":"","_kad_blocks_body_custom_js":"","_kad_blocks_footer_custom_js":"","_kad_post_transparent":"","_kad_post_title":"","_kad_post_layout":"","_kad_post_sidebar_id":"","_kad_post_content_style":"","_kad_post_vertical_padding":"","_kad_post_feature":"","_kad_post_feature_position":"","_kad_post_header":false,"_kad_post_footer":false,"_kad_post_classname":""},"product_brand":[],"product_cat":[1320,1328],"product_tag":[],"class_list":{"0":"post-16315","1":"product","2":"type-product","3":"status-publish","4":"has-post-thumbnail","6":"product_cat-sistemas-de-alcantarillado-sanitario-y-pluvial","7":"product_cat-ventiladores-y-salidas-de-ventilacion-de-canalizacion","8":"pa_kolor-gris","9":"pa_kolor-marron","10":"pa_kolor-naranja","11":"pa_wersja-110-es","12":"pa_wersja-160-es","13":"pa_wersja-200-es","14":"pa_wersja-50-es","15":"pa_wersja-75-es","17":"first","18":"instock","19":"product-type-variable","20":"entry","21":"content-bg","22":"loop-entry"},"acf":[],"yoast_head":"<!-- This site is optimized with the Yoast SEO plugin v25.1 - https:\/\/yoast.com\/wordpress\/plugins\/seo\/ -->\n<title>Ventilaci\u00f3n de alcantarillado - Plasmet<\/title>\n<meta name=\"description\" content=\"Ventilaci\u00f3n de alcantarillado \u2013 producent i hurtownia Plasmet. Oferujemy wysok\u0105 jako\u015b\u0107, szeroki wyb\u00f3r i dobre ceny. Zapraszamy do sprawdzenia oferty!\" \/>\n<meta name=\"robots\" content=\"index, follow, max-snippet:-1, max-image-preview:large, max-video-preview:-1\" \/>\n<link rel=\"canonical\" href=\"https:\/\/plasmet.bochnia.pl\/es\/producto\/ventilacion-de-alcantarillado\/\" \/>\n<meta property=\"og:locale\" content=\"es_ES\" \/>\n<meta property=\"og:type\" content=\"article\" \/>\n<meta property=\"og:title\" content=\"Ventilaci\u00f3n de alcantarillado - Plasmet\" \/>\n<meta property=\"og:description\" content=\"Ventilaci\u00f3n de alcantarillado \u2013 producent i hurtownia Plasmet. Oferujemy wysok\u0105 jako\u015b\u0107, szeroki wyb\u00f3r i dobre ceny. Zapraszamy do sprawdzenia oferty!\" \/>\n<meta property=\"og:url\" content=\"https:\/\/plasmet.bochnia.pl\/es\/producto\/ventilacion-de-alcantarillado\/\" \/>\n<meta property=\"og:site_name\" content=\"Plasmet\" \/>\n<meta property=\"og:image\" content=\"https:\/\/plasmet.bochnia.pl\/wp-content\/uploads\/2024\/11\/wywiewka-kanalizacyjna-50-szara-1.jpg\" \/>\n\t<meta property=\"og:image:width\" content=\"800\" \/>\n\t<meta property=\"og:image:height\" content=\"800\" \/>\n\t<meta property=\"og:image:type\" content=\"image\/jpeg\" \/>\n<meta name=\"twitter:card\" content=\"summary_large_image\" \/>\n<meta name=\"twitter:label1\" content=\"Tiempo de lectura\" \/>\n\t<meta name=\"twitter:data1\" content=\"1 minuto\" \/>\n<script type=\"application\/ld+json\" class=\"yoast-schema-graph\">{\"@context\":\"https:\/\/schema.org\",\"@graph\":[{\"@type\":\"WebPage\",\"@id\":\"https:\/\/plasmet.bochnia.pl\/es\/producto\/ventilacion-de-alcantarillado\/\",\"url\":\"https:\/\/plasmet.bochnia.pl\/es\/producto\/ventilacion-de-alcantarillado\/\",\"name\":\"Ventilaci\u00f3n de alcantarillado - Plasmet\",\"isPartOf\":{\"@id\":\"https:\/\/plasmet.bochnia.pl\/es\/#website\"},\"primaryImageOfPage\":{\"@id\":\"https:\/\/plasmet.bochnia.pl\/es\/producto\/ventilacion-de-alcantarillado\/#primaryimage\"},\"image\":{\"@id\":\"https:\/\/plasmet.bochnia.pl\/es\/producto\/ventilacion-de-alcantarillado\/#primaryimage\"},\"thumbnailUrl\":\"https:\/\/plasmet.bochnia.pl\/wp-content\/uploads\/2024\/11\/wywiewka-kanalizacyjna-50-szara-1.jpg\",\"datePublished\":\"2024-11-20T15:30:54+00:00\",\"description\":\"Ventilaci\u00f3n de alcantarillado \u2013 producent i hurtownia Plasmet. Oferujemy wysok\u0105 jako\u015b\u0107, szeroki wyb\u00f3r i dobre ceny. Zapraszamy do sprawdzenia oferty!\",\"breadcrumb\":{\"@id\":\"https:\/\/plasmet.bochnia.pl\/es\/producto\/ventilacion-de-alcantarillado\/#breadcrumb\"},\"inLanguage\":\"es\",\"potentialAction\":[{\"@type\":\"ReadAction\",\"target\":[\"https:\/\/plasmet.bochnia.pl\/es\/producto\/ventilacion-de-alcantarillado\/\"]}]},{\"@type\":\"ImageObject\",\"inLanguage\":\"es\",\"@id\":\"https:\/\/plasmet.bochnia.pl\/es\/producto\/ventilacion-de-alcantarillado\/#primaryimage\",\"url\":\"https:\/\/plasmet.bochnia.pl\/wp-content\/uploads\/2024\/11\/wywiewka-kanalizacyjna-50-szara-1.jpg\",\"contentUrl\":\"https:\/\/plasmet.bochnia.pl\/wp-content\/uploads\/2024\/11\/wywiewka-kanalizacyjna-50-szara-1.jpg\",\"width\":800,\"height\":800,\"caption\":\"wywiewka-kanalizacyjna-50-szara-1\"},{\"@type\":\"BreadcrumbList\",\"@id\":\"https:\/\/plasmet.bochnia.pl\/es\/producto\/ventilacion-de-alcantarillado\/#breadcrumb\",\"itemListElement\":[{\"@type\":\"ListItem\",\"position\":1,\"name\":\"Strona g\u0142\u00f3wna\",\"item\":\"https:\/\/plasmet.bochnia.pl\/es\/\"},{\"@type\":\"ListItem\",\"position\":2,\"name\":\"Tienda\",\"item\":\"https:\/\/plasmet.bochnia.pl\/es\/tienda\/\"},{\"@type\":\"ListItem\",\"position\":3,\"name\":\"Ventilaci\u00f3n de alcantarillado\"}]},{\"@type\":\"WebSite\",\"@id\":\"https:\/\/plasmet.bochnia.pl\/es\/#website\",\"url\":\"https:\/\/plasmet.bochnia.pl\/es\/\",\"name\":\"Plasmet\",\"description\":\"Plasmet\",\"alternateName\":\"Plasmet\",\"potentialAction\":[{\"@type\":\"SearchAction\",\"target\":{\"@type\":\"EntryPoint\",\"urlTemplate\":\"https:\/\/plasmet.bochnia.pl\/es\/?s={search_term_string}\"},\"query-input\":{\"@type\":\"PropertyValueSpecification\",\"valueRequired\":true,\"valueName\":\"search_term_string\"}}],\"inLanguage\":\"es\"}]}<\/script>\n<!-- \/ Yoast SEO plugin. -->","yoast_head_json":{"title":"Ventilaci\u00f3n de alcantarillado - Plasmet","description":"Ventilaci\u00f3n de alcantarillado \u2013 producent i hurtownia Plasmet. Oferujemy wysok\u0105 jako\u015b\u0107, szeroki wyb\u00f3r i dobre ceny. Zapraszamy do sprawdzenia oferty!","robots":{"index":"index","follow":"follow","max-snippet":"max-snippet:-1","max-image-preview":"max-image-preview:large","max-video-preview":"max-video-preview:-1"},"canonical":"https:\/\/plasmet.bochnia.pl\/es\/producto\/ventilacion-de-alcantarillado\/","og_locale":"es_ES","og_type":"article","og_title":"Ventilaci\u00f3n de alcantarillado - Plasmet","og_description":"Ventilaci\u00f3n de alcantarillado \u2013 producent i hurtownia Plasmet. Oferujemy wysok\u0105 jako\u015b\u0107, szeroki wyb\u00f3r i dobre ceny. Zapraszamy do sprawdzenia oferty!","og_url":"https:\/\/plasmet.bochnia.pl\/es\/producto\/ventilacion-de-alcantarillado\/","og_site_name":"Plasmet","og_image":[{"width":800,"height":800,"url":"https:\/\/plasmet.bochnia.pl\/wp-content\/uploads\/2024\/11\/wywiewka-kanalizacyjna-50-szara-1.jpg","type":"image\/jpeg"}],"twitter_card":"summary_large_image","twitter_misc":{"Tiempo de lectura":"1 minuto"},"schema":{"@context":"https:\/\/schema.org","@graph":[{"@type":"WebPage","@id":"https:\/\/plasmet.bochnia.pl\/es\/producto\/ventilacion-de-alcantarillado\/","url":"https:\/\/plasmet.bochnia.pl\/es\/producto\/ventilacion-de-alcantarillado\/","name":"Ventilaci\u00f3n de alcantarillado - Plasmet","isPartOf":{"@id":"https:\/\/plasmet.bochnia.pl\/es\/#website"},"primaryImageOfPage":{"@id":"https:\/\/plasmet.bochnia.pl\/es\/producto\/ventilacion-de-alcantarillado\/#primaryimage"},"image":{"@id":"https:\/\/plasmet.bochnia.pl\/es\/producto\/ventilacion-de-alcantarillado\/#primaryimage"},"thumbnailUrl":"https:\/\/plasmet.bochnia.pl\/wp-content\/uploads\/2024\/11\/wywiewka-kanalizacyjna-50-szara-1.jpg","datePublished":"2024-11-20T15:30:54+00:00","description":"Ventilaci\u00f3n de alcantarillado \u2013 producent i hurtownia Plasmet. Oferujemy wysok\u0105 jako\u015b\u0107, szeroki wyb\u00f3r i dobre ceny. Zapraszamy do sprawdzenia oferty!","breadcrumb":{"@id":"https:\/\/plasmet.bochnia.pl\/es\/producto\/ventilacion-de-alcantarillado\/#breadcrumb"},"inLanguage":"es","potentialAction":[{"@type":"ReadAction","target":["https:\/\/plasmet.bochnia.pl\/es\/producto\/ventilacion-de-alcantarillado\/"]}]},{"@type":"ImageObject","inLanguage":"es","@id":"https:\/\/plasmet.bochnia.pl\/es\/producto\/ventilacion-de-alcantarillado\/#primaryimage","url":"https:\/\/plasmet.bochnia.pl\/wp-content\/uploads\/2024\/11\/wywiewka-kanalizacyjna-50-szara-1.jpg","contentUrl":"https:\/\/plasmet.bochnia.pl\/wp-content\/uploads\/2024\/11\/wywiewka-kanalizacyjna-50-szara-1.jpg","width":800,"height":800,"caption":"wywiewka-kanalizacyjna-50-szara-1"},{"@type":"BreadcrumbList","@id":"https:\/\/plasmet.bochnia.pl\/es\/producto\/ventilacion-de-alcantarillado\/#breadcrumb","itemListElement":[{"@type":"ListItem","position":1,"name":"Strona g\u0142\u00f3wna","item":"https:\/\/plasmet.bochnia.pl\/es\/"},{"@type":"ListItem","position":2,"name":"Tienda","item":"https:\/\/plasmet.bochnia.pl\/es\/tienda\/"},{"@type":"ListItem","position":3,"name":"Ventilaci\u00f3n de alcantarillado"}]},{"@type":"WebSite","@id":"https:\/\/plasmet.bochnia.pl\/es\/#website","url":"https:\/\/plasmet.bochnia.pl\/es\/","name":"Plasmet","description":"Plasmet","alternateName":"Plasmet","potentialAction":[{"@type":"SearchAction","target":{"@type":"EntryPoint","urlTemplate":"https:\/\/plasmet.bochnia.pl\/es\/?s={search_term_string}"},"query-input":{"@type":"PropertyValueSpecification","valueRequired":true,"valueName":"search_term_string"}}],"inLanguage":"es"}]}},"taxonomy_info":{"product_cat":[{"value":1320,"label":"Sistemas de alcantarillado sanitario y pluvial"},{"value":1328,"label":"Ventiladores y salidas de ventilaci\u00f3n de canalizaci\u00f3n"}],"pa_kolor":[{"value":1390,"label":"Gris"},{"value":1384,"label":"Marr\u00f3n"},{"value":1389,"label":"Naranja"}],"pa_wersja":[{"value":1641,"label":"110"},{"value":1667,"label":"160"},{"value":1677,"label":"200"},{"value":1561,"label":"50"},{"value":1619,"label":"75"}]},"featured_image_src_large":["https:\/\/plasmet.bochnia.pl\/wp-content\/uploads\/2024\/11\/wywiewka-kanalizacyjna-50-szara-1.jpg",800,800,false],"author_info":[],"comment_info":"","_links":{"self":[{"href":"https:\/\/plasmet.bochnia.pl\/es\/wp-json\/wp\/v2\/product\/16315","targetHints":{"allow":["GET"]}}],"collection":[{"href":"https:\/\/plasmet.bochnia.pl\/es\/wp-json\/wp\/v2\/product"}],"about":[{"href":"https:\/\/plasmet.bochnia.pl\/es\/wp-json\/wp\/v2\/types\/product"}],"wp:featuredmedia":[{"embeddable":true,"href":"https:\/\/plasmet.bochnia.pl\/es\/wp-json\/wp\/v2\/media\/16317"}],"wp:attachment":[{"href":"https:\/\/plasmet.bochnia.pl\/es\/wp-json\/wp\/v2\/media?parent=16315"}],"wp:term":[{"taxonomy":"product_brand","embeddable":true,"href":"https:\/\/plasmet.bochnia.pl\/es\/wp-json\/wp\/v2\/product_brand?post=16315"},{"taxonomy":"product_cat","embeddable":true,"href":"https:\/\/plasmet.bochnia.pl\/es\/wp-json\/wp\/v2\/product_cat?post=16315"},{"taxonomy":"product_tag","embeddable":true,"href":"https:\/\/plasmet.bochnia.pl\/es\/wp-json\/wp\/v2\/product_tag?post=16315"}],"curies":[{"name":"wp","href":"https:\/\/api.w.org\/{rel}","templated":true}]}}