{"id":16306,"date":"2024-11-20T16:30:38","date_gmt":"2024-11-20T15:30:38","guid":{"rendered":"https:\/\/plasmet.bochnia.pl\/produkt\/contraventana-de-dos-hojas\/"},"modified":"2024-11-20T16:30:38","modified_gmt":"2024-11-20T15:30:38","slug":"contraventana-de-dos-hojas","status":"publish","type":"product","link":"https:\/\/plasmet.bochnia.pl\/es\/producto\/contraventana-de-dos-hojas\/","title":{"rendered":"Contraventana de dos hojas"},"content":{"rendered":"<h2>Compuerta antitormentas de doble hoja: doble protecci\u00f3n para los sistemas de alcantarillado<\/h2>\n<p>La compuerta de tormenta de doble trampilla es un componente avanzado de los sistemas de alcantarillado, que proporciona una protecci\u00f3n eficaz contra el reflujo de aguas residuales y pluviales. Gracias a la doble trampilla, el producto aumenta la estanqueidad y fiabilidad de funcionamiento, minimizando el riesgo de inundaciones en caso de fuertes lluvias o aver\u00eda del sistema de alcantarillado. Fabricada en pl\u00e1stico duradero, la v\u00e1lvula de compuerta de 110 mm de di\u00e1metro es resistente a la humedad, los productos qu\u00edmicos y las condiciones meteorol\u00f3gicas cambiantes.  <\/p>\n<h3>Especificaciones del producto<\/h3>\n<ul>\n<li>Tipo: dos vueltas<\/li>\n<li>Di\u00e1metro: 110 mm<\/li>\n<li>Material: pl\u00e1stico resistente<\/li>\n<li>Finalidad: protecci\u00f3n contra el reflujo de aguas residuales y pluviales<\/li>\n<li>Resistencia: a la humedad, los productos qu\u00edmicos y las condiciones meteorol\u00f3gicas cambiantes<\/li>\n<\/ul>\n<h3>Aplicaci\u00f3n<\/h3>\n<p>La v\u00e1lvula de compuerta antitormenta de dos solapas se utiliza en los sistemas de drenaje sanitario y de aguas pluviales de edificios residenciales, comerciales e industriales. El producto es ideal para instalaciones que requieren una mayor protecci\u00f3n contra el reflujo de agua y aguas residuales, garantizando la seguridad de los sistemas y las instalaciones. <\/p>\n<h3>Ventajas del producto<\/h3>\n<ul>\n<li>Doble solapa para mayor estanqueidad<\/li>\n<li>Resistente a la humedad, los productos qu\u00edmicos y las condiciones clim\u00e1ticas adversas<\/li>\n<li>Dise\u00f1o duradero con un di\u00e1metro de 110 mm<\/li>\n<li>F\u00e1cil instalaci\u00f3n en sistemas de alcantarillado<\/li>\n<li>Protecci\u00f3n eficaz contra inundaciones y reflujo de aguas residuales<\/li>\n<\/ul>\n<p>La compuerta de tormenta de doble trampilla de 110 mm de di\u00e1metro es una soluci\u00f3n fiable para los sistemas de alcantarillado modernos. Gracias a su robusta construcci\u00f3n y al uso de una doble trampilla, el producto cumple los requisitos m\u00e1s exigentes en cuanto a durabilidad y estanqueidad. <\/p>\n","protected":false},"excerpt":{"rendered":"<p>V\u00e1lvula de compuerta de tormenta de doble labio con un di\u00e1metro de 110 mm. Protecci\u00f3n fiable contra el reflujo de aguas residuales y pluviales en sistemas de alcantarillado. <\/p>\n","protected":false},"featured_media":16309,"template":"","meta":{"_acf_changed":false,"_kad_blocks_custom_css":"","_kad_blocks_head_custom_js":"","_kad_blocks_body_custom_js":"","_kad_blocks_footer_custom_js":"","_kad_post_transparent":"","_kad_post_title":"","_kad_post_layout":"","_kad_post_sidebar_id":"","_kad_post_content_style":"","_kad_post_vertical_padding":"","_kad_post_feature":"","_kad_post_feature_position":"","_kad_post_header":false,"_kad_post_footer":false,"_kad_post_classname":""},"product_brand":[],"product_cat":[1320,1346],"product_tag":[],"class_list":{"0":"post-16306","1":"product","2":"type-product","3":"status-publish","4":"has-post-thumbnail","6":"product_cat-sistemas-de-alcantarillado-sanitario-y-pluvial","7":"product_cat-valvulas-de-retencion-y-compuertas-para-lluvia","8":"pa_wersja-110-es","10":"first","11":"instock","12":"product-type-variable","13":"entry","14":"content-bg","15":"loop-entry"},"acf":[],"yoast_head":"<!-- This site is optimized with the Yoast SEO plugin v25.1 - https:\/\/yoast.com\/wordpress\/plugins\/seo\/ -->\n<title>Contraventana de dos hojas - Plasmet<\/title>\n<meta name=\"description\" content=\"Contraventana de dos hojas \u2013 producent i hurtownia Plasmet. Oferujemy wysok\u0105 jako\u015b\u0107, szeroki wyb\u00f3r i dobre ceny. Zapraszamy do sprawdzenia oferty!\" \/>\n<meta name=\"robots\" content=\"index, follow, max-snippet:-1, max-image-preview:large, max-video-preview:-1\" \/>\n<link rel=\"canonical\" href=\"https:\/\/plasmet.bochnia.pl\/es\/producto\/contraventana-de-dos-hojas\/\" \/>\n<meta property=\"og:locale\" content=\"es_ES\" \/>\n<meta property=\"og:type\" content=\"article\" \/>\n<meta property=\"og:title\" content=\"Contraventana de dos hojas - Plasmet\" \/>\n<meta property=\"og:description\" content=\"Contraventana de dos hojas \u2013 producent i hurtownia Plasmet. Oferujemy wysok\u0105 jako\u015b\u0107, szeroki wyb\u00f3r i dobre ceny. Zapraszamy do sprawdzenia oferty!\" \/>\n<meta property=\"og:url\" content=\"https:\/\/plasmet.bochnia.pl\/es\/producto\/contraventana-de-dos-hojas\/\" \/>\n<meta property=\"og:site_name\" content=\"Plasmet\" \/>\n<meta property=\"og:image\" content=\"https:\/\/plasmet.bochnia.pl\/wp-content\/uploads\/2024\/11\/zasuwa-burzowa-dwuklapowa-110.jpg\" \/>\n\t<meta property=\"og:image:width\" content=\"800\" \/>\n\t<meta property=\"og:image:height\" content=\"600\" \/>\n\t<meta property=\"og:image:type\" content=\"image\/jpeg\" \/>\n<meta name=\"twitter:card\" content=\"summary_large_image\" \/>\n<meta name=\"twitter:label1\" content=\"Tiempo de lectura\" \/>\n\t<meta name=\"twitter:data1\" content=\"1 minuto\" \/>\n<script type=\"application\/ld+json\" class=\"yoast-schema-graph\">{\"@context\":\"https:\/\/schema.org\",\"@graph\":[{\"@type\":\"WebPage\",\"@id\":\"https:\/\/plasmet.bochnia.pl\/es\/producto\/contraventana-de-dos-hojas\/\",\"url\":\"https:\/\/plasmet.bochnia.pl\/es\/producto\/contraventana-de-dos-hojas\/\",\"name\":\"Contraventana de dos hojas - Plasmet\",\"isPartOf\":{\"@id\":\"https:\/\/plasmet.bochnia.pl\/es\/#website\"},\"primaryImageOfPage\":{\"@id\":\"https:\/\/plasmet.bochnia.pl\/es\/producto\/contraventana-de-dos-hojas\/#primaryimage\"},\"image\":{\"@id\":\"https:\/\/plasmet.bochnia.pl\/es\/producto\/contraventana-de-dos-hojas\/#primaryimage\"},\"thumbnailUrl\":\"https:\/\/plasmet.bochnia.pl\/wp-content\/uploads\/2024\/11\/zasuwa-burzowa-dwuklapowa-110.jpg\",\"datePublished\":\"2024-11-20T15:30:38+00:00\",\"description\":\"Contraventana de dos hojas \u2013 producent i hurtownia Plasmet. Oferujemy wysok\u0105 jako\u015b\u0107, szeroki wyb\u00f3r i dobre ceny. Zapraszamy do sprawdzenia oferty!\",\"breadcrumb\":{\"@id\":\"https:\/\/plasmet.bochnia.pl\/es\/producto\/contraventana-de-dos-hojas\/#breadcrumb\"},\"inLanguage\":\"es\",\"potentialAction\":[{\"@type\":\"ReadAction\",\"target\":[\"https:\/\/plasmet.bochnia.pl\/es\/producto\/contraventana-de-dos-hojas\/\"]}]},{\"@type\":\"ImageObject\",\"inLanguage\":\"es\",\"@id\":\"https:\/\/plasmet.bochnia.pl\/es\/producto\/contraventana-de-dos-hojas\/#primaryimage\",\"url\":\"https:\/\/plasmet.bochnia.pl\/wp-content\/uploads\/2024\/11\/zasuwa-burzowa-dwuklapowa-110.jpg\",\"contentUrl\":\"https:\/\/plasmet.bochnia.pl\/wp-content\/uploads\/2024\/11\/zasuwa-burzowa-dwuklapowa-110.jpg\",\"width\":800,\"height\":600,\"caption\":\"zasuwa-burzowa-dwuklapowa-110\"},{\"@type\":\"BreadcrumbList\",\"@id\":\"https:\/\/plasmet.bochnia.pl\/es\/producto\/contraventana-de-dos-hojas\/#breadcrumb\",\"itemListElement\":[{\"@type\":\"ListItem\",\"position\":1,\"name\":\"Strona g\u0142\u00f3wna\",\"item\":\"https:\/\/plasmet.bochnia.pl\/es\/\"},{\"@type\":\"ListItem\",\"position\":2,\"name\":\"Tienda\",\"item\":\"https:\/\/plasmet.bochnia.pl\/es\/tienda\/\"},{\"@type\":\"ListItem\",\"position\":3,\"name\":\"Contraventana de dos hojas\"}]},{\"@type\":\"WebSite\",\"@id\":\"https:\/\/plasmet.bochnia.pl\/es\/#website\",\"url\":\"https:\/\/plasmet.bochnia.pl\/es\/\",\"name\":\"Plasmet\",\"description\":\"Plasmet\",\"alternateName\":\"Plasmet\",\"potentialAction\":[{\"@type\":\"SearchAction\",\"target\":{\"@type\":\"EntryPoint\",\"urlTemplate\":\"https:\/\/plasmet.bochnia.pl\/es\/?s={search_term_string}\"},\"query-input\":{\"@type\":\"PropertyValueSpecification\",\"valueRequired\":true,\"valueName\":\"search_term_string\"}}],\"inLanguage\":\"es\"}]}<\/script>\n<!-- \/ Yoast SEO plugin. -->","yoast_head_json":{"title":"Contraventana de dos hojas - Plasmet","description":"Contraventana de dos hojas \u2013 producent i hurtownia Plasmet. Oferujemy wysok\u0105 jako\u015b\u0107, szeroki wyb\u00f3r i dobre ceny. Zapraszamy do sprawdzenia oferty!","robots":{"index":"index","follow":"follow","max-snippet":"max-snippet:-1","max-image-preview":"max-image-preview:large","max-video-preview":"max-video-preview:-1"},"canonical":"https:\/\/plasmet.bochnia.pl\/es\/producto\/contraventana-de-dos-hojas\/","og_locale":"es_ES","og_type":"article","og_title":"Contraventana de dos hojas - Plasmet","og_description":"Contraventana de dos hojas \u2013 producent i hurtownia Plasmet. Oferujemy wysok\u0105 jako\u015b\u0107, szeroki wyb\u00f3r i dobre ceny. Zapraszamy do sprawdzenia oferty!","og_url":"https:\/\/plasmet.bochnia.pl\/es\/producto\/contraventana-de-dos-hojas\/","og_site_name":"Plasmet","og_image":[{"width":800,"height":600,"url":"https:\/\/plasmet.bochnia.pl\/wp-content\/uploads\/2024\/11\/zasuwa-burzowa-dwuklapowa-110.jpg","type":"image\/jpeg"}],"twitter_card":"summary_large_image","twitter_misc":{"Tiempo de lectura":"1 minuto"},"schema":{"@context":"https:\/\/schema.org","@graph":[{"@type":"WebPage","@id":"https:\/\/plasmet.bochnia.pl\/es\/producto\/contraventana-de-dos-hojas\/","url":"https:\/\/plasmet.bochnia.pl\/es\/producto\/contraventana-de-dos-hojas\/","name":"Contraventana de dos hojas - Plasmet","isPartOf":{"@id":"https:\/\/plasmet.bochnia.pl\/es\/#website"},"primaryImageOfPage":{"@id":"https:\/\/plasmet.bochnia.pl\/es\/producto\/contraventana-de-dos-hojas\/#primaryimage"},"image":{"@id":"https:\/\/plasmet.bochnia.pl\/es\/producto\/contraventana-de-dos-hojas\/#primaryimage"},"thumbnailUrl":"https:\/\/plasmet.bochnia.pl\/wp-content\/uploads\/2024\/11\/zasuwa-burzowa-dwuklapowa-110.jpg","datePublished":"2024-11-20T15:30:38+00:00","description":"Contraventana de dos hojas \u2013 producent i hurtownia Plasmet. Oferujemy wysok\u0105 jako\u015b\u0107, szeroki wyb\u00f3r i dobre ceny. Zapraszamy do sprawdzenia oferty!","breadcrumb":{"@id":"https:\/\/plasmet.bochnia.pl\/es\/producto\/contraventana-de-dos-hojas\/#breadcrumb"},"inLanguage":"es","potentialAction":[{"@type":"ReadAction","target":["https:\/\/plasmet.bochnia.pl\/es\/producto\/contraventana-de-dos-hojas\/"]}]},{"@type":"ImageObject","inLanguage":"es","@id":"https:\/\/plasmet.bochnia.pl\/es\/producto\/contraventana-de-dos-hojas\/#primaryimage","url":"https:\/\/plasmet.bochnia.pl\/wp-content\/uploads\/2024\/11\/zasuwa-burzowa-dwuklapowa-110.jpg","contentUrl":"https:\/\/plasmet.bochnia.pl\/wp-content\/uploads\/2024\/11\/zasuwa-burzowa-dwuklapowa-110.jpg","width":800,"height":600,"caption":"zasuwa-burzowa-dwuklapowa-110"},{"@type":"BreadcrumbList","@id":"https:\/\/plasmet.bochnia.pl\/es\/producto\/contraventana-de-dos-hojas\/#breadcrumb","itemListElement":[{"@type":"ListItem","position":1,"name":"Strona g\u0142\u00f3wna","item":"https:\/\/plasmet.bochnia.pl\/es\/"},{"@type":"ListItem","position":2,"name":"Tienda","item":"https:\/\/plasmet.bochnia.pl\/es\/tienda\/"},{"@type":"ListItem","position":3,"name":"Contraventana de dos hojas"}]},{"@type":"WebSite","@id":"https:\/\/plasmet.bochnia.pl\/es\/#website","url":"https:\/\/plasmet.bochnia.pl\/es\/","name":"Plasmet","description":"Plasmet","alternateName":"Plasmet","potentialAction":[{"@type":"SearchAction","target":{"@type":"EntryPoint","urlTemplate":"https:\/\/plasmet.bochnia.pl\/es\/?s={search_term_string}"},"query-input":{"@type":"PropertyValueSpecification","valueRequired":true,"valueName":"search_term_string"}}],"inLanguage":"es"}]}},"taxonomy_info":{"product_cat":[{"value":1320,"label":"Sistemas de alcantarillado sanitario y pluvial"},{"value":1346,"label":"V\u00e1lvulas de retenci\u00f3n y compuertas para lluvia"}],"pa_wersja":[{"value":1641,"label":"110"}]},"featured_image_src_large":["https:\/\/plasmet.bochnia.pl\/wp-content\/uploads\/2024\/11\/zasuwa-burzowa-dwuklapowa-110.jpg",800,600,false],"author_info":[],"comment_info":"","_links":{"self":[{"href":"https:\/\/plasmet.bochnia.pl\/es\/wp-json\/wp\/v2\/product\/16306","targetHints":{"allow":["GET"]}}],"collection":[{"href":"https:\/\/plasmet.bochnia.pl\/es\/wp-json\/wp\/v2\/product"}],"about":[{"href":"https:\/\/plasmet.bochnia.pl\/es\/wp-json\/wp\/v2\/types\/product"}],"wp:featuredmedia":[{"embeddable":true,"href":"https:\/\/plasmet.bochnia.pl\/es\/wp-json\/wp\/v2\/media\/16309"}],"wp:attachment":[{"href":"https:\/\/plasmet.bochnia.pl\/es\/wp-json\/wp\/v2\/media?parent=16306"}],"wp:term":[{"taxonomy":"product_brand","embeddable":true,"href":"https:\/\/plasmet.bochnia.pl\/es\/wp-json\/wp\/v2\/product_brand?post=16306"},{"taxonomy":"product_cat","embeddable":true,"href":"https:\/\/plasmet.bochnia.pl\/es\/wp-json\/wp\/v2\/product_cat?post=16306"},{"taxonomy":"product_tag","embeddable":true,"href":"https:\/\/plasmet.bochnia.pl\/es\/wp-json\/wp\/v2\/product_tag?post=16306"}],"curies":[{"name":"wp","href":"https:\/\/api.w.org\/{rel}","templated":true}]}}