{"id":15211,"date":"2024-11-18T17:43:32","date_gmt":"2024-11-18T16:43:32","guid":{"rendered":"https:\/\/plasmet.bochnia.pl\/produkt\/fijacion-de-la-carcasa\/"},"modified":"2024-11-18T17:43:32","modified_gmt":"2024-11-18T16:43:32","slug":"fijacion-de-la-carcasa","status":"publish","type":"product","link":"https:\/\/plasmet.bochnia.pl\/es\/producto\/fijacion-de-la-carcasa\/","title":{"rendered":"Fijaci\u00f3n de la carcasa"},"content":{"rendered":"<h2>Montaje en concha: est\u00e9tica y durabilidad en la instalaci\u00f3n<\/h2>\n<p>El soporte de c\u00e1scara 6 x 80 es un componente dise\u00f1ado para la instalaci\u00f3n precisa y duradera de tazas de inodoro en instalaciones sanitarias. Disponible en dos opciones de color -blanco y cromado-, te permite combinar con la est\u00e9tica del interior de tu cuarto de ba\u00f1o, al tiempo que garantiza estabilidad y funcionalidad. <\/p>\n<h3>Especificaciones del producto<\/h3>\n<ul>\n<li>Versi\u00f3n: 6 x 80<\/li>\n<li>Colores: blanco, cromado<\/li>\n<li>Material: pl\u00e1stico resistente\/acero<\/li>\n<li>Finalidad: instalaci\u00f3n de inodoros<\/li>\n<\/ul>\n<h3>Aplicaci\u00f3n<\/h3>\n<p>El soporte de concha se utiliza para instalaciones sanitarias en edificios residenciales, comerciales e industriales. El producto est\u00e1 dise\u00f1ado para una instalaci\u00f3n estable y est\u00e9ticamente agradable de las conchas en diversas superficies de montaje, como hormig\u00f3n o baldosas de cer\u00e1mica. <\/p>\n<h3>Ventajas del producto<\/h3>\n<ul>\n<li>Acabado est\u00e9tico gracias a los colores blanco y cromado<\/li>\n<li>Durabilidad y resistencia al estr\u00e9s diario<\/li>\n<li>Instalaci\u00f3n precisa gracias al tama\u00f1o \u00f3ptimo 6 x 80<\/li>\n<li>Facilidad de instalaci\u00f3n en diversas superficies<\/li>\n<\/ul>\n<p>El soporte de concha en blanco y cromo es una soluci\u00f3n funcional y duradera que cumple los requisitos de instaladores y usuarios profesionales. Gracias a su acabado y est\u00e9tica de alta calidad, es ideal para los dise\u00f1os de ba\u00f1os modernos. <\/p>\n","protected":false},"excerpt":{"rendered":"<p>Soporte de concha en versi\u00f3n 6 x 80, disponible en blanco y cromado. Garantiza una instalaci\u00f3n duradera y est\u00e9ticamente agradable de las conchas en las instalaciones sanitarias. Fabricado con materiales de alta calidad.  <\/p>\n","protected":false},"featured_media":15214,"template":"","meta":{"_acf_changed":false,"_kad_blocks_custom_css":"","_kad_blocks_head_custom_js":"","_kad_blocks_body_custom_js":"","_kad_blocks_footer_custom_js":"","_kad_post_transparent":"","_kad_post_title":"","_kad_post_layout":"","_kad_post_sidebar_id":"","_kad_post_content_style":"","_kad_post_vertical_padding":"","_kad_post_feature":"","_kad_post_feature_position":"","_kad_post_header":false,"_kad_post_footer":false,"_kad_post_classname":""},"product_brand":[],"product_cat":[1352,1358],"product_tag":[],"class_list":{"0":"post-15211","1":"product","2":"type-product","3":"status-publish","4":"has-post-thumbnail","6":"product_cat-fijaciones","7":"product_cat-soportes-y-abrazaderas","8":"pa_kolor-blanco","9":"pa_kolor-cromo","10":"pa_wersja-6-x-80-es","12":"first","13":"instock","14":"product-type-variable","15":"entry","16":"content-bg","17":"loop-entry"},"acf":[],"yoast_head":"<!-- This site is optimized with the Yoast SEO plugin v25.1 - https:\/\/yoast.com\/wordpress\/plugins\/seo\/ -->\n<title>Fijaci\u00f3n de la carcasa - Plasmet<\/title>\n<meta name=\"description\" content=\"Fijaci\u00f3n de la carcasa \u2013 producent i hurtownia Plasmet. Oferujemy wysok\u0105 jako\u015b\u0107, szeroki wyb\u00f3r i dobre ceny. Zapraszamy do sprawdzenia oferty!\" \/>\n<meta name=\"robots\" content=\"index, follow, max-snippet:-1, max-image-preview:large, max-video-preview:-1\" \/>\n<link rel=\"canonical\" href=\"https:\/\/plasmet.bochnia.pl\/es\/producto\/fijacion-de-la-carcasa\/\" \/>\n<meta property=\"og:locale\" content=\"es_ES\" \/>\n<meta property=\"og:type\" content=\"article\" \/>\n<meta property=\"og:title\" content=\"Fijaci\u00f3n de la carcasa - Plasmet\" \/>\n<meta property=\"og:description\" content=\"Fijaci\u00f3n de la carcasa \u2013 producent i hurtownia Plasmet. Oferujemy wysok\u0105 jako\u015b\u0107, szeroki wyb\u00f3r i dobre ceny. Zapraszamy do sprawdzenia oferty!\" \/>\n<meta property=\"og:url\" content=\"https:\/\/plasmet.bochnia.pl\/es\/producto\/fijacion-de-la-carcasa\/\" \/>\n<meta property=\"og:site_name\" content=\"Plasmet\" \/>\n<meta property=\"og:image\" content=\"https:\/\/plasmet.bochnia.pl\/wp-content\/uploads\/2024\/11\/mocowanie-muszli-6-x-80-bialy.jpg\" \/>\n\t<meta property=\"og:image:width\" content=\"800\" \/>\n\t<meta property=\"og:image:height\" content=\"600\" \/>\n\t<meta property=\"og:image:type\" content=\"image\/jpeg\" \/>\n<meta name=\"twitter:card\" content=\"summary_large_image\" \/>\n<meta name=\"twitter:label1\" content=\"Tiempo de lectura\" \/>\n\t<meta name=\"twitter:data1\" content=\"1 minuto\" \/>\n<script type=\"application\/ld+json\" class=\"yoast-schema-graph\">{\"@context\":\"https:\/\/schema.org\",\"@graph\":[{\"@type\":\"WebPage\",\"@id\":\"https:\/\/plasmet.bochnia.pl\/es\/producto\/fijacion-de-la-carcasa\/\",\"url\":\"https:\/\/plasmet.bochnia.pl\/es\/producto\/fijacion-de-la-carcasa\/\",\"name\":\"Fijaci\u00f3n de la carcasa - Plasmet\",\"isPartOf\":{\"@id\":\"https:\/\/plasmet.bochnia.pl\/es\/#website\"},\"primaryImageOfPage\":{\"@id\":\"https:\/\/plasmet.bochnia.pl\/es\/producto\/fijacion-de-la-carcasa\/#primaryimage\"},\"image\":{\"@id\":\"https:\/\/plasmet.bochnia.pl\/es\/producto\/fijacion-de-la-carcasa\/#primaryimage\"},\"thumbnailUrl\":\"https:\/\/plasmet.bochnia.pl\/wp-content\/uploads\/2024\/11\/mocowanie-muszli-6-x-80-bialy.jpg\",\"datePublished\":\"2024-11-18T16:43:32+00:00\",\"description\":\"Fijaci\u00f3n de la carcasa \u2013 producent i hurtownia Plasmet. Oferujemy wysok\u0105 jako\u015b\u0107, szeroki wyb\u00f3r i dobre ceny. Zapraszamy do sprawdzenia oferty!\",\"breadcrumb\":{\"@id\":\"https:\/\/plasmet.bochnia.pl\/es\/producto\/fijacion-de-la-carcasa\/#breadcrumb\"},\"inLanguage\":\"es\",\"potentialAction\":[{\"@type\":\"ReadAction\",\"target\":[\"https:\/\/plasmet.bochnia.pl\/es\/producto\/fijacion-de-la-carcasa\/\"]}]},{\"@type\":\"ImageObject\",\"inLanguage\":\"es\",\"@id\":\"https:\/\/plasmet.bochnia.pl\/es\/producto\/fijacion-de-la-carcasa\/#primaryimage\",\"url\":\"https:\/\/plasmet.bochnia.pl\/wp-content\/uploads\/2024\/11\/mocowanie-muszli-6-x-80-bialy.jpg\",\"contentUrl\":\"https:\/\/plasmet.bochnia.pl\/wp-content\/uploads\/2024\/11\/mocowanie-muszli-6-x-80-bialy.jpg\",\"width\":800,\"height\":600,\"caption\":\"mocowanie-muszli-6-x-80-bialy\"},{\"@type\":\"BreadcrumbList\",\"@id\":\"https:\/\/plasmet.bochnia.pl\/es\/producto\/fijacion-de-la-carcasa\/#breadcrumb\",\"itemListElement\":[{\"@type\":\"ListItem\",\"position\":1,\"name\":\"Strona g\u0142\u00f3wna\",\"item\":\"https:\/\/plasmet.bochnia.pl\/es\/\"},{\"@type\":\"ListItem\",\"position\":2,\"name\":\"Tienda\",\"item\":\"https:\/\/plasmet.bochnia.pl\/es\/tienda\/\"},{\"@type\":\"ListItem\",\"position\":3,\"name\":\"Fijaci\u00f3n de la carcasa\"}]},{\"@type\":\"WebSite\",\"@id\":\"https:\/\/plasmet.bochnia.pl\/es\/#website\",\"url\":\"https:\/\/plasmet.bochnia.pl\/es\/\",\"name\":\"Plasmet\",\"description\":\"Plasmet\",\"alternateName\":\"Plasmet\",\"potentialAction\":[{\"@type\":\"SearchAction\",\"target\":{\"@type\":\"EntryPoint\",\"urlTemplate\":\"https:\/\/plasmet.bochnia.pl\/es\/?s={search_term_string}\"},\"query-input\":{\"@type\":\"PropertyValueSpecification\",\"valueRequired\":true,\"valueName\":\"search_term_string\"}}],\"inLanguage\":\"es\"}]}<\/script>\n<!-- \/ Yoast SEO plugin. -->","yoast_head_json":{"title":"Fijaci\u00f3n de la carcasa - Plasmet","description":"Fijaci\u00f3n de la carcasa \u2013 producent i hurtownia Plasmet. Oferujemy wysok\u0105 jako\u015b\u0107, szeroki wyb\u00f3r i dobre ceny. Zapraszamy do sprawdzenia oferty!","robots":{"index":"index","follow":"follow","max-snippet":"max-snippet:-1","max-image-preview":"max-image-preview:large","max-video-preview":"max-video-preview:-1"},"canonical":"https:\/\/plasmet.bochnia.pl\/es\/producto\/fijacion-de-la-carcasa\/","og_locale":"es_ES","og_type":"article","og_title":"Fijaci\u00f3n de la carcasa - Plasmet","og_description":"Fijaci\u00f3n de la carcasa \u2013 producent i hurtownia Plasmet. Oferujemy wysok\u0105 jako\u015b\u0107, szeroki wyb\u00f3r i dobre ceny. Zapraszamy do sprawdzenia oferty!","og_url":"https:\/\/plasmet.bochnia.pl\/es\/producto\/fijacion-de-la-carcasa\/","og_site_name":"Plasmet","og_image":[{"width":800,"height":600,"url":"https:\/\/plasmet.bochnia.pl\/wp-content\/uploads\/2024\/11\/mocowanie-muszli-6-x-80-bialy.jpg","type":"image\/jpeg"}],"twitter_card":"summary_large_image","twitter_misc":{"Tiempo de lectura":"1 minuto"},"schema":{"@context":"https:\/\/schema.org","@graph":[{"@type":"WebPage","@id":"https:\/\/plasmet.bochnia.pl\/es\/producto\/fijacion-de-la-carcasa\/","url":"https:\/\/plasmet.bochnia.pl\/es\/producto\/fijacion-de-la-carcasa\/","name":"Fijaci\u00f3n de la carcasa - Plasmet","isPartOf":{"@id":"https:\/\/plasmet.bochnia.pl\/es\/#website"},"primaryImageOfPage":{"@id":"https:\/\/plasmet.bochnia.pl\/es\/producto\/fijacion-de-la-carcasa\/#primaryimage"},"image":{"@id":"https:\/\/plasmet.bochnia.pl\/es\/producto\/fijacion-de-la-carcasa\/#primaryimage"},"thumbnailUrl":"https:\/\/plasmet.bochnia.pl\/wp-content\/uploads\/2024\/11\/mocowanie-muszli-6-x-80-bialy.jpg","datePublished":"2024-11-18T16:43:32+00:00","description":"Fijaci\u00f3n de la carcasa \u2013 producent i hurtownia Plasmet. Oferujemy wysok\u0105 jako\u015b\u0107, szeroki wyb\u00f3r i dobre ceny. Zapraszamy do sprawdzenia oferty!","breadcrumb":{"@id":"https:\/\/plasmet.bochnia.pl\/es\/producto\/fijacion-de-la-carcasa\/#breadcrumb"},"inLanguage":"es","potentialAction":[{"@type":"ReadAction","target":["https:\/\/plasmet.bochnia.pl\/es\/producto\/fijacion-de-la-carcasa\/"]}]},{"@type":"ImageObject","inLanguage":"es","@id":"https:\/\/plasmet.bochnia.pl\/es\/producto\/fijacion-de-la-carcasa\/#primaryimage","url":"https:\/\/plasmet.bochnia.pl\/wp-content\/uploads\/2024\/11\/mocowanie-muszli-6-x-80-bialy.jpg","contentUrl":"https:\/\/plasmet.bochnia.pl\/wp-content\/uploads\/2024\/11\/mocowanie-muszli-6-x-80-bialy.jpg","width":800,"height":600,"caption":"mocowanie-muszli-6-x-80-bialy"},{"@type":"BreadcrumbList","@id":"https:\/\/plasmet.bochnia.pl\/es\/producto\/fijacion-de-la-carcasa\/#breadcrumb","itemListElement":[{"@type":"ListItem","position":1,"name":"Strona g\u0142\u00f3wna","item":"https:\/\/plasmet.bochnia.pl\/es\/"},{"@type":"ListItem","position":2,"name":"Tienda","item":"https:\/\/plasmet.bochnia.pl\/es\/tienda\/"},{"@type":"ListItem","position":3,"name":"Fijaci\u00f3n de la carcasa"}]},{"@type":"WebSite","@id":"https:\/\/plasmet.bochnia.pl\/es\/#website","url":"https:\/\/plasmet.bochnia.pl\/es\/","name":"Plasmet","description":"Plasmet","alternateName":"Plasmet","potentialAction":[{"@type":"SearchAction","target":{"@type":"EntryPoint","urlTemplate":"https:\/\/plasmet.bochnia.pl\/es\/?s={search_term_string}"},"query-input":{"@type":"PropertyValueSpecification","valueRequired":true,"valueName":"search_term_string"}}],"inLanguage":"es"}]}},"taxonomy_info":{"product_cat":[{"value":1352,"label":"Fijaciones"},{"value":1358,"label":"Soportes y abrazaderas"}],"pa_kolor":[{"value":1383,"label":"Blanco"},{"value":1385,"label":"Cromo"}],"pa_wersja":[{"value":1423,"label":"6 x 80"}]},"featured_image_src_large":["https:\/\/plasmet.bochnia.pl\/wp-content\/uploads\/2024\/11\/mocowanie-muszli-6-x-80-bialy.jpg",800,600,false],"author_info":[],"comment_info":"","_links":{"self":[{"href":"https:\/\/plasmet.bochnia.pl\/es\/wp-json\/wp\/v2\/product\/15211","targetHints":{"allow":["GET"]}}],"collection":[{"href":"https:\/\/plasmet.bochnia.pl\/es\/wp-json\/wp\/v2\/product"}],"about":[{"href":"https:\/\/plasmet.bochnia.pl\/es\/wp-json\/wp\/v2\/types\/product"}],"wp:featuredmedia":[{"embeddable":true,"href":"https:\/\/plasmet.bochnia.pl\/es\/wp-json\/wp\/v2\/media\/15214"}],"wp:attachment":[{"href":"https:\/\/plasmet.bochnia.pl\/es\/wp-json\/wp\/v2\/media?parent=15211"}],"wp:term":[{"taxonomy":"product_brand","embeddable":true,"href":"https:\/\/plasmet.bochnia.pl\/es\/wp-json\/wp\/v2\/product_brand?post=15211"},{"taxonomy":"product_cat","embeddable":true,"href":"https:\/\/plasmet.bochnia.pl\/es\/wp-json\/wp\/v2\/product_cat?post=15211"},{"taxonomy":"product_tag","embeddable":true,"href":"https:\/\/plasmet.bochnia.pl\/es\/wp-json\/wp\/v2\/product_tag?post=15211"}],"curies":[{"name":"wp","href":"https:\/\/api.w.org\/{rel}","templated":true}]}}