{"id":15113,"date":"2024-11-18T17:42:40","date_gmt":"2024-11-18T16:42:40","guid":{"rendered":"https:\/\/plasmet.bochnia.pl\/produkt\/asa-de-metal-galvanizado-con-junta-de-goma-para-tubos-con-tornillo-y-espiga\/"},"modified":"2024-11-18T17:42:40","modified_gmt":"2024-11-18T16:42:40","slug":"asa-de-metal-galvanizado-con-junta-de-goma-para-tubos-con-tornillo-y-espiga","status":"publish","type":"product","link":"https:\/\/plasmet.bochnia.pl\/es\/producto\/asa-de-metal-galvanizado-con-junta-de-goma-para-tubos-con-tornillo-y-espiga\/","title":{"rendered":"Asa de metal galvanizado con junta de goma para tubos con tornillo y espiga"},"content":{"rendered":"<h2>Soporte de metal galvanizado con junta de goma: protecci\u00f3n de la tuber\u00eda y fijaci\u00f3n duradera<\/h2>\n<p>El soporte met\u00e1lico para tubos con revestimiento galvanizado y junta de goma es una opci\u00f3n excelente para instalaciones que requieren una protecci\u00f3n adicional de los tubos. La junta de goma amortigua las vibraciones y reduce el ruido, al tiempo que protege las tuber\u00edas de da\u00f1os mec\u00e1nicos. Gracias al revestimiento galvanizado, el soporte es resistente a la corrosi\u00f3n y puede utilizarse tanto en instalaciones interiores como exteriores.  <\/p>\n<h3>Especificaciones del producto<\/h3>\n<ul>\n<li>Material: acero galvanizado<\/li>\n<li>Junta: goma antivibraciones<\/li>\n<li>Elementos de fijaci\u00f3n: tornillo y espiga<\/li>\n<li>Tama\u00f1os disponibles: 3\/8&#8243;, 1\/2&#8243;, 3\/4&#8243;, 1&#8243;, 5\/4&#8243;, 6\/4&#8243;, 2&#8243;, 2 1\/2&#8243;, 3&#8243;, 4&#8243;, 6&#8243;, 8&#8243;<\/li>\n<\/ul>\n<h3>Aplicaci\u00f3n<\/h3>\n<p>El soporte es ideal para instalaciones de agua, alcantarillado y calefacci\u00f3n, especialmente cuando proteger las tuber\u00edas de las vibraciones y el ruido es fundamental. Recomendado para su instalaci\u00f3n en edificios residenciales, comerciales e industriales. <\/p>\n<h3>Ventajas del producto<\/h3>\n<ul>\n<li>Amortiguaci\u00f3n de vibraciones y reducci\u00f3n del ruido con junta de goma<\/li>\n<li>Resistencia a la corrosi\u00f3n gracias al revestimiento galvanizado<\/li>\n<li>Amplia gama de tama\u00f1os para adaptarse a diferentes di\u00e1metros de tubo<\/li>\n<li>Juego completo para facilitar la instalaci\u00f3n<\/li>\n<\/ul>\n<p>Si eliges un soporte de metal galvanizado con junta de goma, obtendr\u00e1s un elemento de montaje duradero y funcional que cumplir\u00e1 los requisitos de instalaci\u00f3n en condiciones exigentes.<\/p>\n","protected":false},"excerpt":{"rendered":"<p>Soporte de tubo galvanizado con junta de goma para proteger los tubos contra da\u00f1os mec\u00e1nicos y amortiguar las vibraciones. Juego completo con tornillo y espiga para facilitar la instalaci\u00f3n. Disponible en varios tama\u00f1os.  <\/p>\n","protected":false},"featured_media":6159,"template":"","meta":{"_acf_changed":false,"_kad_blocks_custom_css":"","_kad_blocks_head_custom_js":"","_kad_blocks_body_custom_js":"","_kad_blocks_footer_custom_js":"","_kad_post_transparent":"","_kad_post_title":"","_kad_post_layout":"","_kad_post_sidebar_id":"","_kad_post_content_style":"","_kad_post_vertical_padding":"","_kad_post_feature":"","_kad_post_feature_position":"","_kad_post_header":false,"_kad_post_footer":false,"_kad_post_classname":""},"product_brand":[],"product_cat":[1352,1358],"product_tag":[],"class_list":{"0":"post-15113","1":"product","2":"type-product","3":"status-publish","4":"has-post-thumbnail","6":"product_cat-fijaciones","7":"product_cat-soportes-y-abrazaderas","8":"pa_wersja-3-8","9":"pa_wersja-1-es","10":"pa_wersja-1-2-es","11":"pa_wersja-2-es","12":"pa_wersja-21-2-es","13":"pa_wersja-3-4-es","14":"pa_wersja-3-es","15":"pa_wersja-4-es","16":"pa_wersja-5-4-es","17":"pa_wersja-6-4-es","18":"pa_wersja-6-es","19":"pa_wersja-8-es","21":"first","22":"instock","23":"product-type-variable","24":"entry","25":"content-bg","26":"loop-entry"},"acf":[],"yoast_head":"<!-- This site is optimized with the Yoast SEO plugin v25.1 - https:\/\/yoast.com\/wordpress\/plugins\/seo\/ -->\n<title>Asa de metal galvanizado con junta de goma para tubos con tornillo y espiga - Plasmet<\/title>\n<meta name=\"description\" content=\"Asa de metal galvanizado con junta de goma para tubos con tornillo y espiga \u2013 producent i hurtownia Plasmet. Oferujemy wysok\u0105 jako\u015b\u0107, szeroki wyb\u00f3r i dobre ceny. Zapraszamy do sprawdzenia oferty!\" \/>\n<meta name=\"robots\" content=\"index, follow, max-snippet:-1, max-image-preview:large, max-video-preview:-1\" \/>\n<link rel=\"canonical\" href=\"https:\/\/plasmet.bochnia.pl\/es\/producto\/asa-de-metal-galvanizado-con-junta-de-goma-para-tubos-con-tornillo-y-espiga\/\" \/>\n<meta property=\"og:locale\" content=\"es_ES\" \/>\n<meta property=\"og:type\" content=\"article\" \/>\n<meta property=\"og:title\" content=\"Asa de metal galvanizado con junta de goma para tubos con tornillo y espiga - Plasmet\" \/>\n<meta property=\"og:description\" content=\"Asa de metal galvanizado con junta de goma para tubos con tornillo y espiga \u2013 producent i hurtownia Plasmet. Oferujemy wysok\u0105 jako\u015b\u0107, szeroki wyb\u00f3r i dobre ceny. Zapraszamy do sprawdzenia oferty!\" \/>\n<meta property=\"og:url\" content=\"https:\/\/plasmet.bochnia.pl\/es\/producto\/asa-de-metal-galvanizado-con-junta-de-goma-para-tubos-con-tornillo-y-espiga\/\" \/>\n<meta property=\"og:site_name\" content=\"Plasmet\" \/>\n<meta property=\"og:image\" content=\"https:\/\/plasmet.bochnia.pl\/wp-content\/uploads\/2024\/11\/metalowy-ocynkowany-uchwyt-z-uszczelka-gumowa-do-rur-ze-sruba-i-kolkiem-3-8.jpg\" \/>\n\t<meta property=\"og:image:width\" content=\"800\" \/>\n\t<meta property=\"og:image:height\" content=\"600\" \/>\n\t<meta property=\"og:image:type\" content=\"image\/jpeg\" \/>\n<meta name=\"twitter:card\" content=\"summary_large_image\" \/>\n<meta name=\"twitter:label1\" content=\"Tiempo de lectura\" \/>\n\t<meta name=\"twitter:data1\" content=\"1 minuto\" \/>\n<script type=\"application\/ld+json\" class=\"yoast-schema-graph\">{\"@context\":\"https:\/\/schema.org\",\"@graph\":[{\"@type\":\"WebPage\",\"@id\":\"https:\/\/plasmet.bochnia.pl\/es\/producto\/asa-de-metal-galvanizado-con-junta-de-goma-para-tubos-con-tornillo-y-espiga\/\",\"url\":\"https:\/\/plasmet.bochnia.pl\/es\/producto\/asa-de-metal-galvanizado-con-junta-de-goma-para-tubos-con-tornillo-y-espiga\/\",\"name\":\"Asa de metal galvanizado con junta de goma para tubos con tornillo y espiga - Plasmet\",\"isPartOf\":{\"@id\":\"https:\/\/plasmet.bochnia.pl\/es\/#website\"},\"primaryImageOfPage\":{\"@id\":\"https:\/\/plasmet.bochnia.pl\/es\/producto\/asa-de-metal-galvanizado-con-junta-de-goma-para-tubos-con-tornillo-y-espiga\/#primaryimage\"},\"image\":{\"@id\":\"https:\/\/plasmet.bochnia.pl\/es\/producto\/asa-de-metal-galvanizado-con-junta-de-goma-para-tubos-con-tornillo-y-espiga\/#primaryimage\"},\"thumbnailUrl\":\"https:\/\/plasmet.bochnia.pl\/wp-content\/uploads\/2024\/11\/metalowy-ocynkowany-uchwyt-z-uszczelka-gumowa-do-rur-ze-sruba-i-kolkiem-3-8.jpg\",\"datePublished\":\"2024-11-18T16:42:40+00:00\",\"description\":\"Asa de metal galvanizado con junta de goma para tubos con tornillo y espiga \u2013 producent i hurtownia Plasmet. Oferujemy wysok\u0105 jako\u015b\u0107, szeroki wyb\u00f3r i dobre ceny. Zapraszamy do sprawdzenia oferty!\",\"breadcrumb\":{\"@id\":\"https:\/\/plasmet.bochnia.pl\/es\/producto\/asa-de-metal-galvanizado-con-junta-de-goma-para-tubos-con-tornillo-y-espiga\/#breadcrumb\"},\"inLanguage\":\"es\",\"potentialAction\":[{\"@type\":\"ReadAction\",\"target\":[\"https:\/\/plasmet.bochnia.pl\/es\/producto\/asa-de-metal-galvanizado-con-junta-de-goma-para-tubos-con-tornillo-y-espiga\/\"]}]},{\"@type\":\"ImageObject\",\"inLanguage\":\"es\",\"@id\":\"https:\/\/plasmet.bochnia.pl\/es\/producto\/asa-de-metal-galvanizado-con-junta-de-goma-para-tubos-con-tornillo-y-espiga\/#primaryimage\",\"url\":\"https:\/\/plasmet.bochnia.pl\/wp-content\/uploads\/2024\/11\/metalowy-ocynkowany-uchwyt-z-uszczelka-gumowa-do-rur-ze-sruba-i-kolkiem-3-8.jpg\",\"contentUrl\":\"https:\/\/plasmet.bochnia.pl\/wp-content\/uploads\/2024\/11\/metalowy-ocynkowany-uchwyt-z-uszczelka-gumowa-do-rur-ze-sruba-i-kolkiem-3-8.jpg\",\"width\":800,\"height\":600,\"caption\":\"metalowy-ocynkowany-uchwyt-z-uszczelka-gumowa-do-rur-ze-sruba-i-kolkiem-3-8\"},{\"@type\":\"BreadcrumbList\",\"@id\":\"https:\/\/plasmet.bochnia.pl\/es\/producto\/asa-de-metal-galvanizado-con-junta-de-goma-para-tubos-con-tornillo-y-espiga\/#breadcrumb\",\"itemListElement\":[{\"@type\":\"ListItem\",\"position\":1,\"name\":\"Strona g\u0142\u00f3wna\",\"item\":\"https:\/\/plasmet.bochnia.pl\/es\/\"},{\"@type\":\"ListItem\",\"position\":2,\"name\":\"Tienda\",\"item\":\"https:\/\/plasmet.bochnia.pl\/es\/tienda\/\"},{\"@type\":\"ListItem\",\"position\":3,\"name\":\"Asa de metal galvanizado con junta de goma para tubos con tornillo y espiga\"}]},{\"@type\":\"WebSite\",\"@id\":\"https:\/\/plasmet.bochnia.pl\/es\/#website\",\"url\":\"https:\/\/plasmet.bochnia.pl\/es\/\",\"name\":\"Plasmet\",\"description\":\"Plasmet\",\"alternateName\":\"Plasmet\",\"potentialAction\":[{\"@type\":\"SearchAction\",\"target\":{\"@type\":\"EntryPoint\",\"urlTemplate\":\"https:\/\/plasmet.bochnia.pl\/es\/?s={search_term_string}\"},\"query-input\":{\"@type\":\"PropertyValueSpecification\",\"valueRequired\":true,\"valueName\":\"search_term_string\"}}],\"inLanguage\":\"es\"}]}<\/script>\n<!-- \/ Yoast SEO plugin. -->","yoast_head_json":{"title":"Asa de metal galvanizado con junta de goma para tubos con tornillo y espiga - Plasmet","description":"Asa de metal galvanizado con junta de goma para tubos con tornillo y espiga \u2013 producent i hurtownia Plasmet. Oferujemy wysok\u0105 jako\u015b\u0107, szeroki wyb\u00f3r i dobre ceny. Zapraszamy do sprawdzenia oferty!","robots":{"index":"index","follow":"follow","max-snippet":"max-snippet:-1","max-image-preview":"max-image-preview:large","max-video-preview":"max-video-preview:-1"},"canonical":"https:\/\/plasmet.bochnia.pl\/es\/producto\/asa-de-metal-galvanizado-con-junta-de-goma-para-tubos-con-tornillo-y-espiga\/","og_locale":"es_ES","og_type":"article","og_title":"Asa de metal galvanizado con junta de goma para tubos con tornillo y espiga - Plasmet","og_description":"Asa de metal galvanizado con junta de goma para tubos con tornillo y espiga \u2013 producent i hurtownia Plasmet. Oferujemy wysok\u0105 jako\u015b\u0107, szeroki wyb\u00f3r i dobre ceny. Zapraszamy do sprawdzenia oferty!","og_url":"https:\/\/plasmet.bochnia.pl\/es\/producto\/asa-de-metal-galvanizado-con-junta-de-goma-para-tubos-con-tornillo-y-espiga\/","og_site_name":"Plasmet","og_image":[{"width":800,"height":600,"url":"https:\/\/plasmet.bochnia.pl\/wp-content\/uploads\/2024\/11\/metalowy-ocynkowany-uchwyt-z-uszczelka-gumowa-do-rur-ze-sruba-i-kolkiem-3-8.jpg","type":"image\/jpeg"}],"twitter_card":"summary_large_image","twitter_misc":{"Tiempo de lectura":"1 minuto"},"schema":{"@context":"https:\/\/schema.org","@graph":[{"@type":"WebPage","@id":"https:\/\/plasmet.bochnia.pl\/es\/producto\/asa-de-metal-galvanizado-con-junta-de-goma-para-tubos-con-tornillo-y-espiga\/","url":"https:\/\/plasmet.bochnia.pl\/es\/producto\/asa-de-metal-galvanizado-con-junta-de-goma-para-tubos-con-tornillo-y-espiga\/","name":"Asa de metal galvanizado con junta de goma para tubos con tornillo y espiga - Plasmet","isPartOf":{"@id":"https:\/\/plasmet.bochnia.pl\/es\/#website"},"primaryImageOfPage":{"@id":"https:\/\/plasmet.bochnia.pl\/es\/producto\/asa-de-metal-galvanizado-con-junta-de-goma-para-tubos-con-tornillo-y-espiga\/#primaryimage"},"image":{"@id":"https:\/\/plasmet.bochnia.pl\/es\/producto\/asa-de-metal-galvanizado-con-junta-de-goma-para-tubos-con-tornillo-y-espiga\/#primaryimage"},"thumbnailUrl":"https:\/\/plasmet.bochnia.pl\/wp-content\/uploads\/2024\/11\/metalowy-ocynkowany-uchwyt-z-uszczelka-gumowa-do-rur-ze-sruba-i-kolkiem-3-8.jpg","datePublished":"2024-11-18T16:42:40+00:00","description":"Asa de metal galvanizado con junta de goma para tubos con tornillo y espiga \u2013 producent i hurtownia Plasmet. Oferujemy wysok\u0105 jako\u015b\u0107, szeroki wyb\u00f3r i dobre ceny. Zapraszamy do sprawdzenia oferty!","breadcrumb":{"@id":"https:\/\/plasmet.bochnia.pl\/es\/producto\/asa-de-metal-galvanizado-con-junta-de-goma-para-tubos-con-tornillo-y-espiga\/#breadcrumb"},"inLanguage":"es","potentialAction":[{"@type":"ReadAction","target":["https:\/\/plasmet.bochnia.pl\/es\/producto\/asa-de-metal-galvanizado-con-junta-de-goma-para-tubos-con-tornillo-y-espiga\/"]}]},{"@type":"ImageObject","inLanguage":"es","@id":"https:\/\/plasmet.bochnia.pl\/es\/producto\/asa-de-metal-galvanizado-con-junta-de-goma-para-tubos-con-tornillo-y-espiga\/#primaryimage","url":"https:\/\/plasmet.bochnia.pl\/wp-content\/uploads\/2024\/11\/metalowy-ocynkowany-uchwyt-z-uszczelka-gumowa-do-rur-ze-sruba-i-kolkiem-3-8.jpg","contentUrl":"https:\/\/plasmet.bochnia.pl\/wp-content\/uploads\/2024\/11\/metalowy-ocynkowany-uchwyt-z-uszczelka-gumowa-do-rur-ze-sruba-i-kolkiem-3-8.jpg","width":800,"height":600,"caption":"metalowy-ocynkowany-uchwyt-z-uszczelka-gumowa-do-rur-ze-sruba-i-kolkiem-3-8"},{"@type":"BreadcrumbList","@id":"https:\/\/plasmet.bochnia.pl\/es\/producto\/asa-de-metal-galvanizado-con-junta-de-goma-para-tubos-con-tornillo-y-espiga\/#breadcrumb","itemListElement":[{"@type":"ListItem","position":1,"name":"Strona g\u0142\u00f3wna","item":"https:\/\/plasmet.bochnia.pl\/es\/"},{"@type":"ListItem","position":2,"name":"Tienda","item":"https:\/\/plasmet.bochnia.pl\/es\/tienda\/"},{"@type":"ListItem","position":3,"name":"Asa de metal galvanizado con junta de goma para tubos con tornillo y espiga"}]},{"@type":"WebSite","@id":"https:\/\/plasmet.bochnia.pl\/es\/#website","url":"https:\/\/plasmet.bochnia.pl\/es\/","name":"Plasmet","description":"Plasmet","alternateName":"Plasmet","potentialAction":[{"@type":"SearchAction","target":{"@type":"EntryPoint","urlTemplate":"https:\/\/plasmet.bochnia.pl\/es\/?s={search_term_string}"},"query-input":{"@type":"PropertyValueSpecification","valueRequired":true,"valueName":"search_term_string"}}],"inLanguage":"es"}]}},"taxonomy_info":{"product_cat":[{"value":1352,"label":"Fijaciones"},{"value":1358,"label":"Soportes y abrazaderas"}],"pa_wersja":[{"value":1800,"label":"3\/8"},{"value":1396,"label":"1 &#039;"},{"value":1406,"label":"1\/2"},{"value":1410,"label":"2&#039;"},{"value":1481,"label":"21\/2"},{"value":1414,"label":"3\/4"},{"value":1412,"label":"3&#039;"},{"value":1417,"label":"4&#039;"},{"value":1419,"label":"5\/4"},{"value":1427,"label":"6\/4&#039;"},{"value":1425,"label":"6&#039;"},{"value":1441,"label":"8&#039;"}]},"featured_image_src_large":["https:\/\/plasmet.bochnia.pl\/wp-content\/uploads\/2024\/11\/metalowy-ocynkowany-uchwyt-z-uszczelka-gumowa-do-rur-ze-sruba-i-kolkiem-3-8.jpg",800,600,false],"author_info":[],"comment_info":"","_links":{"self":[{"href":"https:\/\/plasmet.bochnia.pl\/es\/wp-json\/wp\/v2\/product\/15113","targetHints":{"allow":["GET"]}}],"collection":[{"href":"https:\/\/plasmet.bochnia.pl\/es\/wp-json\/wp\/v2\/product"}],"about":[{"href":"https:\/\/plasmet.bochnia.pl\/es\/wp-json\/wp\/v2\/types\/product"}],"wp:featuredmedia":[{"embeddable":true,"href":"https:\/\/plasmet.bochnia.pl\/es\/wp-json\/wp\/v2\/media\/6159"}],"wp:attachment":[{"href":"https:\/\/plasmet.bochnia.pl\/es\/wp-json\/wp\/v2\/media?parent=15113"}],"wp:term":[{"taxonomy":"product_brand","embeddable":true,"href":"https:\/\/plasmet.bochnia.pl\/es\/wp-json\/wp\/v2\/product_brand?post=15113"},{"taxonomy":"product_cat","embeddable":true,"href":"https:\/\/plasmet.bochnia.pl\/es\/wp-json\/wp\/v2\/product_cat?post=15113"},{"taxonomy":"product_tag","embeddable":true,"href":"https:\/\/plasmet.bochnia.pl\/es\/wp-json\/wp\/v2\/product_tag?post=15113"}],"curies":[{"name":"wp","href":"https:\/\/api.w.org\/{rel}","templated":true}]}}