{"id":15075,"date":"2024-10-21T11:17:39","date_gmt":"2024-10-21T09:17:39","guid":{"rendered":"https:\/\/plasmet.bochnia.pl\/produkt\/doble-asa-con-tornillo-y-pasador\/"},"modified":"2024-10-21T11:17:39","modified_gmt":"2024-10-21T09:17:39","slug":"doble-asa-con-tornillo-y-pasador","status":"publish","type":"product","link":"https:\/\/plasmet.bochnia.pl\/es\/producto\/doble-asa-con-tornillo-y-pasador\/","title":{"rendered":"Doble asa con tornillo y pasador"},"content":{"rendered":"<h2>Doble asa con tornillo y pasador<\/h2>\n<p><strong>El soporte doble con tornillo y espiga<\/strong> es un producto de alta calidad para instalaciones profesionales de agua, calefacci\u00f3n y fontaner\u00eda. Fabricado con material duradero, es resistente a los da\u00f1os mec\u00e1nicos, lo que lo convierte en una opci\u00f3n excelente para un uso a largo plazo. El producto est\u00e1 disponible en varios tama\u00f1os: 10, 12, 15, 18, 22 y 28 mm, lo que permite su uso universal.  <\/p>\n<h3>Caracter\u00edsticas principales del producto:<\/h3>\n<ul>\n<li>Muy resistente a los da\u00f1os mec\u00e1nicos y a los factores externos,<\/li>\n<li>F\u00e1cil de instalar gracias a los tornillos y tacos suministrados,<\/li>\n<li>Disponible en varios tama\u00f1os (10, 12, 15, 18, 22, 28 mm),<\/li>\n<li>Un color blanco que encaja perfectamente en muchas instalaciones.<\/li>\n<\/ul>\n<p>El producto est\u00e1 dedicado tanto al uso dom\u00e9stico como al industrial, garantizando estabilidad y fiabilidad durante a\u00f1os. Gracias a la amplia gama de tama\u00f1os disponibles, el soporte doble puede adaptarse perfectamente a las necesidades de cualquier instalaci\u00f3n. <\/p>\n","protected":false},"excerpt":{"rendered":"<p><strong>El soporte doble con tornillo y espiga<\/strong> es la soluci\u00f3n ideal para instalar tuber\u00edas y tubos en sistemas de agua y alcantarillado. Fabricado con materiales duraderos, proporciona una fijaci\u00f3n estable y una instalaci\u00f3n sencilla. El producto est\u00e1 disponible en tama\u00f1os de 10, 12, 15, 18, 22 y 28 mm para adaptarse a diferentes necesidades. Color: blanco.   <\/p>\n","protected":false},"featured_media":15077,"template":"","meta":{"_acf_changed":false,"_kad_blocks_custom_css":"","_kad_blocks_head_custom_js":"","_kad_blocks_body_custom_js":"","_kad_blocks_footer_custom_js":"","_kad_post_transparent":"","_kad_post_title":"","_kad_post_layout":"","_kad_post_sidebar_id":"","_kad_post_content_style":"","_kad_post_vertical_padding":"","_kad_post_feature":"","_kad_post_feature_position":"","_kad_post_header":false,"_kad_post_footer":false,"_kad_post_classname":""},"product_brand":[],"product_cat":[1352,1358],"product_tag":[],"class_list":{"0":"post-15075","1":"product","2":"type-product","3":"status-publish","4":"has-post-thumbnail","6":"product_cat-fijaciones","7":"product_cat-soportes-y-abrazaderas","8":"pa_kolor-blanco","9":"pa_wersja-10-es","10":"pa_wersja-12-es","11":"pa_wersja-15-es","12":"pa_wersja-18-es","13":"pa_wersja-22-es","14":"pa_wersja-28-es","16":"first","17":"instock","18":"product-type-variable","19":"entry","20":"content-bg","21":"loop-entry"},"acf":[],"yoast_head":"<!-- This site is optimized with the Yoast SEO plugin v25.1 - https:\/\/yoast.com\/wordpress\/plugins\/seo\/ -->\n<title>Doble asa con tornillo y pasador - Plasmet<\/title>\n<meta name=\"description\" content=\"Doble asa con tornillo y pasador \u2013 producent i hurtownia Plasmet. Oferujemy wysok\u0105 jako\u015b\u0107, szeroki wyb\u00f3r i dobre ceny. Zapraszamy do sprawdzenia oferty!\" \/>\n<meta name=\"robots\" content=\"index, follow, max-snippet:-1, max-image-preview:large, max-video-preview:-1\" \/>\n<link rel=\"canonical\" href=\"https:\/\/plasmet.bochnia.pl\/es\/producto\/doble-asa-con-tornillo-y-pasador\/\" \/>\n<meta property=\"og:locale\" content=\"es_ES\" \/>\n<meta property=\"og:type\" content=\"article\" \/>\n<meta property=\"og:title\" content=\"Doble asa con tornillo y pasador - Plasmet\" \/>\n<meta property=\"og:description\" content=\"Doble asa con tornillo y pasador \u2013 producent i hurtownia Plasmet. Oferujemy wysok\u0105 jako\u015b\u0107, szeroki wyb\u00f3r i dobre ceny. Zapraszamy do sprawdzenia oferty!\" \/>\n<meta property=\"og:url\" content=\"https:\/\/plasmet.bochnia.pl\/es\/producto\/doble-asa-con-tornillo-y-pasador\/\" \/>\n<meta property=\"og:site_name\" content=\"Plasmet\" \/>\n<meta property=\"og:image\" content=\"https:\/\/plasmet.bochnia.pl\/wp-content\/uploads\/2024\/10\/uchwyt-podwojny-ze-sruba-i-kolkiem-10.jpg\" \/>\n\t<meta property=\"og:image:width\" content=\"800\" \/>\n\t<meta property=\"og:image:height\" content=\"600\" \/>\n\t<meta property=\"og:image:type\" content=\"image\/jpeg\" \/>\n<meta name=\"twitter:card\" content=\"summary_large_image\" \/>\n<meta name=\"twitter:label1\" content=\"Tiempo de lectura\" \/>\n\t<meta name=\"twitter:data1\" content=\"1 minuto\" \/>\n<script type=\"application\/ld+json\" class=\"yoast-schema-graph\">{\"@context\":\"https:\/\/schema.org\",\"@graph\":[{\"@type\":\"WebPage\",\"@id\":\"https:\/\/plasmet.bochnia.pl\/es\/producto\/doble-asa-con-tornillo-y-pasador\/\",\"url\":\"https:\/\/plasmet.bochnia.pl\/es\/producto\/doble-asa-con-tornillo-y-pasador\/\",\"name\":\"Doble asa con tornillo y pasador - Plasmet\",\"isPartOf\":{\"@id\":\"https:\/\/plasmet.bochnia.pl\/es\/#website\"},\"primaryImageOfPage\":{\"@id\":\"https:\/\/plasmet.bochnia.pl\/es\/producto\/doble-asa-con-tornillo-y-pasador\/#primaryimage\"},\"image\":{\"@id\":\"https:\/\/plasmet.bochnia.pl\/es\/producto\/doble-asa-con-tornillo-y-pasador\/#primaryimage\"},\"thumbnailUrl\":\"https:\/\/plasmet.bochnia.pl\/wp-content\/uploads\/2024\/10\/uchwyt-podwojny-ze-sruba-i-kolkiem-10.jpg\",\"datePublished\":\"2024-10-21T09:17:39+00:00\",\"description\":\"Doble asa con tornillo y pasador \u2013 producent i hurtownia Plasmet. Oferujemy wysok\u0105 jako\u015b\u0107, szeroki wyb\u00f3r i dobre ceny. Zapraszamy do sprawdzenia oferty!\",\"breadcrumb\":{\"@id\":\"https:\/\/plasmet.bochnia.pl\/es\/producto\/doble-asa-con-tornillo-y-pasador\/#breadcrumb\"},\"inLanguage\":\"es\",\"potentialAction\":[{\"@type\":\"ReadAction\",\"target\":[\"https:\/\/plasmet.bochnia.pl\/es\/producto\/doble-asa-con-tornillo-y-pasador\/\"]}]},{\"@type\":\"ImageObject\",\"inLanguage\":\"es\",\"@id\":\"https:\/\/plasmet.bochnia.pl\/es\/producto\/doble-asa-con-tornillo-y-pasador\/#primaryimage\",\"url\":\"https:\/\/plasmet.bochnia.pl\/wp-content\/uploads\/2024\/10\/uchwyt-podwojny-ze-sruba-i-kolkiem-10.jpg\",\"contentUrl\":\"https:\/\/plasmet.bochnia.pl\/wp-content\/uploads\/2024\/10\/uchwyt-podwojny-ze-sruba-i-kolkiem-10.jpg\",\"width\":800,\"height\":600,\"caption\":\"uchwyt-podwojny-ze-sruba-i-kolkiem-10\"},{\"@type\":\"BreadcrumbList\",\"@id\":\"https:\/\/plasmet.bochnia.pl\/es\/producto\/doble-asa-con-tornillo-y-pasador\/#breadcrumb\",\"itemListElement\":[{\"@type\":\"ListItem\",\"position\":1,\"name\":\"Strona g\u0142\u00f3wna\",\"item\":\"https:\/\/plasmet.bochnia.pl\/es\/\"},{\"@type\":\"ListItem\",\"position\":2,\"name\":\"Tienda\",\"item\":\"https:\/\/plasmet.bochnia.pl\/es\/tienda\/\"},{\"@type\":\"ListItem\",\"position\":3,\"name\":\"Doble asa con tornillo y pasador\"}]},{\"@type\":\"WebSite\",\"@id\":\"https:\/\/plasmet.bochnia.pl\/es\/#website\",\"url\":\"https:\/\/plasmet.bochnia.pl\/es\/\",\"name\":\"Plasmet\",\"description\":\"Plasmet\",\"alternateName\":\"Plasmet\",\"potentialAction\":[{\"@type\":\"SearchAction\",\"target\":{\"@type\":\"EntryPoint\",\"urlTemplate\":\"https:\/\/plasmet.bochnia.pl\/es\/?s={search_term_string}\"},\"query-input\":{\"@type\":\"PropertyValueSpecification\",\"valueRequired\":true,\"valueName\":\"search_term_string\"}}],\"inLanguage\":\"es\"}]}<\/script>\n<!-- \/ Yoast SEO plugin. -->","yoast_head_json":{"title":"Doble asa con tornillo y pasador - Plasmet","description":"Doble asa con tornillo y pasador \u2013 producent i hurtownia Plasmet. Oferujemy wysok\u0105 jako\u015b\u0107, szeroki wyb\u00f3r i dobre ceny. Zapraszamy do sprawdzenia oferty!","robots":{"index":"index","follow":"follow","max-snippet":"max-snippet:-1","max-image-preview":"max-image-preview:large","max-video-preview":"max-video-preview:-1"},"canonical":"https:\/\/plasmet.bochnia.pl\/es\/producto\/doble-asa-con-tornillo-y-pasador\/","og_locale":"es_ES","og_type":"article","og_title":"Doble asa con tornillo y pasador - Plasmet","og_description":"Doble asa con tornillo y pasador \u2013 producent i hurtownia Plasmet. Oferujemy wysok\u0105 jako\u015b\u0107, szeroki wyb\u00f3r i dobre ceny. Zapraszamy do sprawdzenia oferty!","og_url":"https:\/\/plasmet.bochnia.pl\/es\/producto\/doble-asa-con-tornillo-y-pasador\/","og_site_name":"Plasmet","og_image":[{"width":800,"height":600,"url":"https:\/\/plasmet.bochnia.pl\/wp-content\/uploads\/2024\/10\/uchwyt-podwojny-ze-sruba-i-kolkiem-10.jpg","type":"image\/jpeg"}],"twitter_card":"summary_large_image","twitter_misc":{"Tiempo de lectura":"1 minuto"},"schema":{"@context":"https:\/\/schema.org","@graph":[{"@type":"WebPage","@id":"https:\/\/plasmet.bochnia.pl\/es\/producto\/doble-asa-con-tornillo-y-pasador\/","url":"https:\/\/plasmet.bochnia.pl\/es\/producto\/doble-asa-con-tornillo-y-pasador\/","name":"Doble asa con tornillo y pasador - Plasmet","isPartOf":{"@id":"https:\/\/plasmet.bochnia.pl\/es\/#website"},"primaryImageOfPage":{"@id":"https:\/\/plasmet.bochnia.pl\/es\/producto\/doble-asa-con-tornillo-y-pasador\/#primaryimage"},"image":{"@id":"https:\/\/plasmet.bochnia.pl\/es\/producto\/doble-asa-con-tornillo-y-pasador\/#primaryimage"},"thumbnailUrl":"https:\/\/plasmet.bochnia.pl\/wp-content\/uploads\/2024\/10\/uchwyt-podwojny-ze-sruba-i-kolkiem-10.jpg","datePublished":"2024-10-21T09:17:39+00:00","description":"Doble asa con tornillo y pasador \u2013 producent i hurtownia Plasmet. Oferujemy wysok\u0105 jako\u015b\u0107, szeroki wyb\u00f3r i dobre ceny. Zapraszamy do sprawdzenia oferty!","breadcrumb":{"@id":"https:\/\/plasmet.bochnia.pl\/es\/producto\/doble-asa-con-tornillo-y-pasador\/#breadcrumb"},"inLanguage":"es","potentialAction":[{"@type":"ReadAction","target":["https:\/\/plasmet.bochnia.pl\/es\/producto\/doble-asa-con-tornillo-y-pasador\/"]}]},{"@type":"ImageObject","inLanguage":"es","@id":"https:\/\/plasmet.bochnia.pl\/es\/producto\/doble-asa-con-tornillo-y-pasador\/#primaryimage","url":"https:\/\/plasmet.bochnia.pl\/wp-content\/uploads\/2024\/10\/uchwyt-podwojny-ze-sruba-i-kolkiem-10.jpg","contentUrl":"https:\/\/plasmet.bochnia.pl\/wp-content\/uploads\/2024\/10\/uchwyt-podwojny-ze-sruba-i-kolkiem-10.jpg","width":800,"height":600,"caption":"uchwyt-podwojny-ze-sruba-i-kolkiem-10"},{"@type":"BreadcrumbList","@id":"https:\/\/plasmet.bochnia.pl\/es\/producto\/doble-asa-con-tornillo-y-pasador\/#breadcrumb","itemListElement":[{"@type":"ListItem","position":1,"name":"Strona g\u0142\u00f3wna","item":"https:\/\/plasmet.bochnia.pl\/es\/"},{"@type":"ListItem","position":2,"name":"Tienda","item":"https:\/\/plasmet.bochnia.pl\/es\/tienda\/"},{"@type":"ListItem","position":3,"name":"Doble asa con tornillo y pasador"}]},{"@type":"WebSite","@id":"https:\/\/plasmet.bochnia.pl\/es\/#website","url":"https:\/\/plasmet.bochnia.pl\/es\/","name":"Plasmet","description":"Plasmet","alternateName":"Plasmet","potentialAction":[{"@type":"SearchAction","target":{"@type":"EntryPoint","urlTemplate":"https:\/\/plasmet.bochnia.pl\/es\/?s={search_term_string}"},"query-input":{"@type":"PropertyValueSpecification","valueRequired":true,"valueName":"search_term_string"}}],"inLanguage":"es"}]}},"taxonomy_info":{"product_cat":[{"value":1352,"label":"Fijaciones"},{"value":1358,"label":"Soportes y abrazaderas"}],"pa_kolor":[{"value":1383,"label":"Blanco"}],"pa_wersja":[{"value":1449,"label":"10"},{"value":1457,"label":"12"},{"value":1465,"label":"15"},{"value":1477,"label":"18"},{"value":1483,"label":"22"},{"value":1487,"label":"28"}]},"featured_image_src_large":["https:\/\/plasmet.bochnia.pl\/wp-content\/uploads\/2024\/10\/uchwyt-podwojny-ze-sruba-i-kolkiem-10.jpg",800,600,false],"author_info":[],"comment_info":"","_links":{"self":[{"href":"https:\/\/plasmet.bochnia.pl\/es\/wp-json\/wp\/v2\/product\/15075","targetHints":{"allow":["GET"]}}],"collection":[{"href":"https:\/\/plasmet.bochnia.pl\/es\/wp-json\/wp\/v2\/product"}],"about":[{"href":"https:\/\/plasmet.bochnia.pl\/es\/wp-json\/wp\/v2\/types\/product"}],"wp:featuredmedia":[{"embeddable":true,"href":"https:\/\/plasmet.bochnia.pl\/es\/wp-json\/wp\/v2\/media\/15077"}],"wp:attachment":[{"href":"https:\/\/plasmet.bochnia.pl\/es\/wp-json\/wp\/v2\/media?parent=15075"}],"wp:term":[{"taxonomy":"product_brand","embeddable":true,"href":"https:\/\/plasmet.bochnia.pl\/es\/wp-json\/wp\/v2\/product_brand?post=15075"},{"taxonomy":"product_cat","embeddable":true,"href":"https:\/\/plasmet.bochnia.pl\/es\/wp-json\/wp\/v2\/product_cat?post=15075"},{"taxonomy":"product_tag","embeddable":true,"href":"https:\/\/plasmet.bochnia.pl\/es\/wp-json\/wp\/v2\/product_tag?post=15075"}],"curies":[{"name":"wp","href":"https:\/\/api.w.org\/{rel}","templated":true}]}}