{"id":15051,"date":"2024-10-21T11:17:39","date_gmt":"2024-10-21T09:17:39","guid":{"rendered":"https:\/\/plasmet.bochnia.pl\/produkt\/cinta-de-teflon-pequena\/"},"modified":"2024-10-21T11:17:39","modified_gmt":"2024-10-21T09:17:39","slug":"cinta-de-teflon-pequena","status":"publish","type":"product","link":"https:\/\/plasmet.bochnia.pl\/es\/producto\/cinta-de-teflon-pequena\/","title":{"rendered":"Cinta de tefl\u00f3n peque\u00f1a"},"content":{"rendered":"<h2>Cinta de tefl\u00f3n peque\u00f1a<\/h2>\n<p>La cinta de tefl\u00f3n peque\u00f1a de 10 m x 0,075 mm x 12 mm es un producto de alta calidad para sellar roscas en instalaciones de agua, gas y calefacci\u00f3n. Gracias a su flexibilidad y resistencia a las altas temperaturas y a los productos qu\u00edmicos, la cinta garantiza un sellado fiable durante a\u00f1os. Es f\u00e1cil de usar y, gracias a su peque\u00f1o tama\u00f1o, es ideal para instalaciones de precisi\u00f3n.  <\/p>\n<h3>Caracter\u00edsticas principales del producto:<\/h3>\n<ul>\n<li>Dimensiones: 10 m x 0,075 mm x 12 mm,<\/li>\n<li>Resistente a las altas temperaturas y a los productos qu\u00edmicos,<\/li>\n<li>F\u00e1cil y r\u00e1pido de aplicar,<\/li>\n<li>Ideal para instalaciones de agua, gas y calefacci\u00f3n.<\/li>\n<\/ul>\n<p>Este producto, que se vende en paquetes de 10 unidades, es ideal para trabajos de sellado de precisi\u00f3n en instalaciones dom\u00e9sticas e industriales.<\/p>\n","protected":false},"excerpt":{"rendered":"<p>La <strong>cinta de tefl\u00f3n peque\u00f1a de<\/strong> 10 m x 0,075 mm x 12 mm es una soluci\u00f3n fiable para sellar conexiones en instalaciones de agua, gas y calefacci\u00f3n. El producto tiene una excelente resistencia al calor y a los productos qu\u00edmicos. Ideal para aplicaciones de precisi\u00f3n.  <\/p>\n","protected":false},"featured_media":15058,"template":"","meta":{"_acf_changed":false,"_kad_blocks_custom_css":"","_kad_blocks_head_custom_js":"","_kad_blocks_body_custom_js":"","_kad_blocks_footer_custom_js":"","_kad_post_transparent":"","_kad_post_title":"","_kad_post_layout":"","_kad_post_sidebar_id":"","_kad_post_content_style":"","_kad_post_vertical_padding":"","_kad_post_feature":"","_kad_post_feature_position":"","_kad_post_header":false,"_kad_post_footer":false,"_kad_post_classname":""},"product_brand":[],"product_cat":[1368,1360],"product_tag":[],"class_list":{"0":"post-15051","1":"product","2":"type-product","3":"status-publish","4":"has-post-thumbnail","6":"product_cat-cintas-de-teflon","7":"product_cat-juntas-y-reducciones","8":"pa_wersja-10m-x-0075mm-x-12mm-es","10":"first","11":"instock","12":"product-type-variable","13":"entry","14":"content-bg","15":"loop-entry"},"acf":[],"yoast_head":"<!-- This site is optimized with the Yoast SEO plugin v25.1 - https:\/\/yoast.com\/wordpress\/plugins\/seo\/ -->\n<title>Cinta de tefl\u00f3n peque\u00f1a - Plasmet<\/title>\n<meta name=\"description\" content=\"Cinta de tefl\u00f3n peque\u00f1a \u2013 producent i hurtownia Plasmet. Oferujemy wysok\u0105 jako\u015b\u0107, szeroki wyb\u00f3r i dobre ceny. Zapraszamy do sprawdzenia oferty!\" \/>\n<meta name=\"robots\" content=\"index, follow, max-snippet:-1, max-image-preview:large, max-video-preview:-1\" \/>\n<link rel=\"canonical\" href=\"https:\/\/plasmet.bochnia.pl\/es\/producto\/cinta-de-teflon-pequena\/\" \/>\n<meta property=\"og:locale\" content=\"es_ES\" \/>\n<meta property=\"og:type\" content=\"article\" \/>\n<meta property=\"og:title\" content=\"Cinta de tefl\u00f3n peque\u00f1a - Plasmet\" \/>\n<meta property=\"og:description\" content=\"Cinta de tefl\u00f3n peque\u00f1a \u2013 producent i hurtownia Plasmet. Oferujemy wysok\u0105 jako\u015b\u0107, szeroki wyb\u00f3r i dobre ceny. Zapraszamy do sprawdzenia oferty!\" \/>\n<meta property=\"og:url\" content=\"https:\/\/plasmet.bochnia.pl\/es\/producto\/cinta-de-teflon-pequena\/\" \/>\n<meta property=\"og:site_name\" content=\"Plasmet\" \/>\n<meta property=\"og:image\" content=\"https:\/\/plasmet.bochnia.pl\/wp-content\/uploads\/2024\/10\/tasma-teflonowa-mala-10m-x-0-075mm-x-12mm.jpg\" \/>\n\t<meta property=\"og:image:width\" content=\"800\" \/>\n\t<meta property=\"og:image:height\" content=\"600\" \/>\n\t<meta property=\"og:image:type\" content=\"image\/jpeg\" \/>\n<meta name=\"twitter:card\" content=\"summary_large_image\" \/>\n<meta name=\"twitter:label1\" content=\"Tiempo de lectura\" \/>\n\t<meta name=\"twitter:data1\" content=\"1 minuto\" \/>\n<script type=\"application\/ld+json\" class=\"yoast-schema-graph\">{\"@context\":\"https:\/\/schema.org\",\"@graph\":[{\"@type\":\"WebPage\",\"@id\":\"https:\/\/plasmet.bochnia.pl\/es\/producto\/cinta-de-teflon-pequena\/\",\"url\":\"https:\/\/plasmet.bochnia.pl\/es\/producto\/cinta-de-teflon-pequena\/\",\"name\":\"Cinta de tefl\u00f3n peque\u00f1a - Plasmet\",\"isPartOf\":{\"@id\":\"https:\/\/plasmet.bochnia.pl\/es\/#website\"},\"primaryImageOfPage\":{\"@id\":\"https:\/\/plasmet.bochnia.pl\/es\/producto\/cinta-de-teflon-pequena\/#primaryimage\"},\"image\":{\"@id\":\"https:\/\/plasmet.bochnia.pl\/es\/producto\/cinta-de-teflon-pequena\/#primaryimage\"},\"thumbnailUrl\":\"https:\/\/plasmet.bochnia.pl\/wp-content\/uploads\/2024\/10\/tasma-teflonowa-mala-10m-x-0-075mm-x-12mm.jpg\",\"datePublished\":\"2024-10-21T09:17:39+00:00\",\"description\":\"Cinta de tefl\u00f3n peque\u00f1a \u2013 producent i hurtownia Plasmet. Oferujemy wysok\u0105 jako\u015b\u0107, szeroki wyb\u00f3r i dobre ceny. Zapraszamy do sprawdzenia oferty!\",\"breadcrumb\":{\"@id\":\"https:\/\/plasmet.bochnia.pl\/es\/producto\/cinta-de-teflon-pequena\/#breadcrumb\"},\"inLanguage\":\"es\",\"potentialAction\":[{\"@type\":\"ReadAction\",\"target\":[\"https:\/\/plasmet.bochnia.pl\/es\/producto\/cinta-de-teflon-pequena\/\"]}]},{\"@type\":\"ImageObject\",\"inLanguage\":\"es\",\"@id\":\"https:\/\/plasmet.bochnia.pl\/es\/producto\/cinta-de-teflon-pequena\/#primaryimage\",\"url\":\"https:\/\/plasmet.bochnia.pl\/wp-content\/uploads\/2024\/10\/tasma-teflonowa-mala-10m-x-0-075mm-x-12mm.jpg\",\"contentUrl\":\"https:\/\/plasmet.bochnia.pl\/wp-content\/uploads\/2024\/10\/tasma-teflonowa-mala-10m-x-0-075mm-x-12mm.jpg\",\"width\":800,\"height\":600,\"caption\":\"tasma-teflonowa-mala-10m-x-0-075mm-x-12mm\"},{\"@type\":\"BreadcrumbList\",\"@id\":\"https:\/\/plasmet.bochnia.pl\/es\/producto\/cinta-de-teflon-pequena\/#breadcrumb\",\"itemListElement\":[{\"@type\":\"ListItem\",\"position\":1,\"name\":\"Strona g\u0142\u00f3wna\",\"item\":\"https:\/\/plasmet.bochnia.pl\/es\/\"},{\"@type\":\"ListItem\",\"position\":2,\"name\":\"Tienda\",\"item\":\"https:\/\/plasmet.bochnia.pl\/es\/tienda\/\"},{\"@type\":\"ListItem\",\"position\":3,\"name\":\"Cinta de tefl\u00f3n peque\u00f1a\"}]},{\"@type\":\"WebSite\",\"@id\":\"https:\/\/plasmet.bochnia.pl\/es\/#website\",\"url\":\"https:\/\/plasmet.bochnia.pl\/es\/\",\"name\":\"Plasmet\",\"description\":\"Plasmet\",\"alternateName\":\"Plasmet\",\"potentialAction\":[{\"@type\":\"SearchAction\",\"target\":{\"@type\":\"EntryPoint\",\"urlTemplate\":\"https:\/\/plasmet.bochnia.pl\/es\/?s={search_term_string}\"},\"query-input\":{\"@type\":\"PropertyValueSpecification\",\"valueRequired\":true,\"valueName\":\"search_term_string\"}}],\"inLanguage\":\"es\"}]}<\/script>\n<!-- \/ Yoast SEO plugin. -->","yoast_head_json":{"title":"Cinta de tefl\u00f3n peque\u00f1a - Plasmet","description":"Cinta de tefl\u00f3n peque\u00f1a \u2013 producent i hurtownia Plasmet. Oferujemy wysok\u0105 jako\u015b\u0107, szeroki wyb\u00f3r i dobre ceny. Zapraszamy do sprawdzenia oferty!","robots":{"index":"index","follow":"follow","max-snippet":"max-snippet:-1","max-image-preview":"max-image-preview:large","max-video-preview":"max-video-preview:-1"},"canonical":"https:\/\/plasmet.bochnia.pl\/es\/producto\/cinta-de-teflon-pequena\/","og_locale":"es_ES","og_type":"article","og_title":"Cinta de tefl\u00f3n peque\u00f1a - Plasmet","og_description":"Cinta de tefl\u00f3n peque\u00f1a \u2013 producent i hurtownia Plasmet. Oferujemy wysok\u0105 jako\u015b\u0107, szeroki wyb\u00f3r i dobre ceny. Zapraszamy do sprawdzenia oferty!","og_url":"https:\/\/plasmet.bochnia.pl\/es\/producto\/cinta-de-teflon-pequena\/","og_site_name":"Plasmet","og_image":[{"width":800,"height":600,"url":"https:\/\/plasmet.bochnia.pl\/wp-content\/uploads\/2024\/10\/tasma-teflonowa-mala-10m-x-0-075mm-x-12mm.jpg","type":"image\/jpeg"}],"twitter_card":"summary_large_image","twitter_misc":{"Tiempo de lectura":"1 minuto"},"schema":{"@context":"https:\/\/schema.org","@graph":[{"@type":"WebPage","@id":"https:\/\/plasmet.bochnia.pl\/es\/producto\/cinta-de-teflon-pequena\/","url":"https:\/\/plasmet.bochnia.pl\/es\/producto\/cinta-de-teflon-pequena\/","name":"Cinta de tefl\u00f3n peque\u00f1a - Plasmet","isPartOf":{"@id":"https:\/\/plasmet.bochnia.pl\/es\/#website"},"primaryImageOfPage":{"@id":"https:\/\/plasmet.bochnia.pl\/es\/producto\/cinta-de-teflon-pequena\/#primaryimage"},"image":{"@id":"https:\/\/plasmet.bochnia.pl\/es\/producto\/cinta-de-teflon-pequena\/#primaryimage"},"thumbnailUrl":"https:\/\/plasmet.bochnia.pl\/wp-content\/uploads\/2024\/10\/tasma-teflonowa-mala-10m-x-0-075mm-x-12mm.jpg","datePublished":"2024-10-21T09:17:39+00:00","description":"Cinta de tefl\u00f3n peque\u00f1a \u2013 producent i hurtownia Plasmet. Oferujemy wysok\u0105 jako\u015b\u0107, szeroki wyb\u00f3r i dobre ceny. Zapraszamy do sprawdzenia oferty!","breadcrumb":{"@id":"https:\/\/plasmet.bochnia.pl\/es\/producto\/cinta-de-teflon-pequena\/#breadcrumb"},"inLanguage":"es","potentialAction":[{"@type":"ReadAction","target":["https:\/\/plasmet.bochnia.pl\/es\/producto\/cinta-de-teflon-pequena\/"]}]},{"@type":"ImageObject","inLanguage":"es","@id":"https:\/\/plasmet.bochnia.pl\/es\/producto\/cinta-de-teflon-pequena\/#primaryimage","url":"https:\/\/plasmet.bochnia.pl\/wp-content\/uploads\/2024\/10\/tasma-teflonowa-mala-10m-x-0-075mm-x-12mm.jpg","contentUrl":"https:\/\/plasmet.bochnia.pl\/wp-content\/uploads\/2024\/10\/tasma-teflonowa-mala-10m-x-0-075mm-x-12mm.jpg","width":800,"height":600,"caption":"tasma-teflonowa-mala-10m-x-0-075mm-x-12mm"},{"@type":"BreadcrumbList","@id":"https:\/\/plasmet.bochnia.pl\/es\/producto\/cinta-de-teflon-pequena\/#breadcrumb","itemListElement":[{"@type":"ListItem","position":1,"name":"Strona g\u0142\u00f3wna","item":"https:\/\/plasmet.bochnia.pl\/es\/"},{"@type":"ListItem","position":2,"name":"Tienda","item":"https:\/\/plasmet.bochnia.pl\/es\/tienda\/"},{"@type":"ListItem","position":3,"name":"Cinta de tefl\u00f3n peque\u00f1a"}]},{"@type":"WebSite","@id":"https:\/\/plasmet.bochnia.pl\/es\/#website","url":"https:\/\/plasmet.bochnia.pl\/es\/","name":"Plasmet","description":"Plasmet","alternateName":"Plasmet","potentialAction":[{"@type":"SearchAction","target":{"@type":"EntryPoint","urlTemplate":"https:\/\/plasmet.bochnia.pl\/es\/?s={search_term_string}"},"query-input":{"@type":"PropertyValueSpecification","valueRequired":true,"valueName":"search_term_string"}}],"inLanguage":"es"}]}},"taxonomy_info":{"product_cat":[{"value":1368,"label":"Cintas de tefl\u00f3n"},{"value":1360,"label":"Juntas y reducciones"}],"pa_wersja":[{"value":1451,"label":"10m x 0,075mm x 12mm"}]},"featured_image_src_large":["https:\/\/plasmet.bochnia.pl\/wp-content\/uploads\/2024\/10\/tasma-teflonowa-mala-10m-x-0-075mm-x-12mm.jpg",800,600,false],"author_info":[],"comment_info":"","_links":{"self":[{"href":"https:\/\/plasmet.bochnia.pl\/es\/wp-json\/wp\/v2\/product\/15051","targetHints":{"allow":["GET"]}}],"collection":[{"href":"https:\/\/plasmet.bochnia.pl\/es\/wp-json\/wp\/v2\/product"}],"about":[{"href":"https:\/\/plasmet.bochnia.pl\/es\/wp-json\/wp\/v2\/types\/product"}],"wp:featuredmedia":[{"embeddable":true,"href":"https:\/\/plasmet.bochnia.pl\/es\/wp-json\/wp\/v2\/media\/15058"}],"wp:attachment":[{"href":"https:\/\/plasmet.bochnia.pl\/es\/wp-json\/wp\/v2\/media?parent=15051"}],"wp:term":[{"taxonomy":"product_brand","embeddable":true,"href":"https:\/\/plasmet.bochnia.pl\/es\/wp-json\/wp\/v2\/product_brand?post=15051"},{"taxonomy":"product_cat","embeddable":true,"href":"https:\/\/plasmet.bochnia.pl\/es\/wp-json\/wp\/v2\/product_cat?post=15051"},{"taxonomy":"product_tag","embeddable":true,"href":"https:\/\/plasmet.bochnia.pl\/es\/wp-json\/wp\/v2\/product_tag?post=15051"}],"curies":[{"name":"wp","href":"https:\/\/api.w.org\/{rel}","templated":true}]}}