{"id":15029,"date":"2024-10-21T11:17:39","date_gmt":"2024-10-21T09:17:39","guid":{"rendered":"https:\/\/plasmet.bochnia.pl\/produkt\/reduccion-de-goma\/"},"modified":"2024-10-21T11:17:39","modified_gmt":"2024-10-21T09:17:39","slug":"reduccion-de-goma","status":"publish","type":"product","link":"https:\/\/plasmet.bochnia.pl\/es\/producto\/reduccion-de-goma\/","title":{"rendered":"Reducci\u00f3n de goma"},"content":{"rendered":"<h2>Reducci\u00f3n de goma<\/h2>\n<p><strong>La reducci\u00f3n de goma<\/strong> es una soluci\u00f3n fiable para conectar tuber\u00edas de distintos di\u00e1metros, utilizadas en instalaciones de alcantarillado, agua y aguas residuales. Gracias a su construcci\u00f3n flexible de goma de alta calidad, la reducci\u00f3n permite un paso f\u00e1cil y estanco entre tuber\u00edas, eliminando el riesgo de fugas y da\u00f1os en las conexiones. <\/p>\n<h3>Ventajas de la reducci\u00f3n de goma:<\/h3>\n<ul>\n<li>Goma flexible que se adapta con precisi\u00f3n a los di\u00e1metros de las tuber\u00edas,<\/li>\n<li>Adecuado para conexiones de varios di\u00e1metros 32\/25, 40\/25, 40\/32, 50\/25, 50\/32, 50\/40, 56\/32, 56\/45, 110\/100,<\/li>\n<li>Resistencia al agua, a las aguas residuales y a otros agentes presentes en las instalaciones,<\/li>\n<li>F\u00e1cil y r\u00e1pido de instalar, ideal tanto para uso dom\u00e9stico como industrial,<\/li>\n<li>Un color blanco que combina perfectamente con los sistemas de instalaci\u00f3n.<\/li>\n<\/ul>\n<p>La reducci\u00f3n de goma es un componente indispensable en cualquier instalaci\u00f3n donde se requiera la conexi\u00f3n de tuber\u00edas de diferentes di\u00e1metros. Gracias a su durabilidad y flexibilidad, garantiza la estanqueidad de las conexiones, lo que se traduce en un funcionamiento sin fallos de todo el sistema. El producto est\u00e1 disponible en varios tama\u00f1os, lo que permite su aplicaci\u00f3n universal en diversas instalaciones de agua y alcantarillado.  <\/p>\n","protected":false},"excerpt":{"rendered":"<p><strong>La reducci\u00f3n de goma<\/strong> es un pr\u00e1ctico elemento de instalaci\u00f3n que permite conectar sin problemas tuber\u00edas de distintos di\u00e1metros en sistemas de alcantarillado y agua. Hecha de goma flexible, garantiza conexiones estancas y duraderas. Disponible en los tama\u00f1os 32\/25, 40\/25, 40\/32, 50\/25, 50\/32, 50\/40, 56\/32, 56\/45, 110\/100 Color: blanco.   <\/p>\n","protected":false},"featured_media":15031,"template":"","meta":{"_acf_changed":false,"_kad_blocks_custom_css":"","_kad_blocks_head_custom_js":"","_kad_blocks_body_custom_js":"","_kad_blocks_footer_custom_js":"","_kad_post_transparent":"","_kad_post_title":"","_kad_post_layout":"","_kad_post_sidebar_id":"","_kad_post_content_style":"","_kad_post_vertical_padding":"","_kad_post_feature":"","_kad_post_feature_position":"","_kad_post_header":false,"_kad_post_footer":false,"_kad_post_classname":""},"product_brand":[],"product_cat":[1360,1366],"product_tag":[],"class_list":{"0":"post-15029","1":"product","2":"type-product","3":"status-publish","4":"has-post-thumbnail","6":"product_cat-juntas-y-reducciones","7":"product_cat-reducciones","8":"pa_kolor-blanco","9":"pa_wersja-110-100-es","10":"pa_wersja-32-25-es","11":"pa_wersja-40-25-es","12":"pa_wersja-40-32-es","13":"pa_wersja-50-25-es","14":"pa_wersja-50-32-es","15":"pa_wersja-50-40-es","16":"pa_wersja-56-32-es","17":"pa_wersja-56-45-es","19":"first","20":"instock","21":"product-type-variable","22":"entry","23":"content-bg","24":"loop-entry"},"acf":[],"yoast_head":"<!-- This site is optimized with the Yoast SEO plugin v25.1 - https:\/\/yoast.com\/wordpress\/plugins\/seo\/ -->\n<title>Reducci\u00f3n de goma - Plasmet<\/title>\n<meta name=\"description\" content=\"Reducci\u00f3n de goma \u2013 producent i hurtownia Plasmet. Oferujemy wysok\u0105 jako\u015b\u0107, szeroki wyb\u00f3r i dobre ceny. Zapraszamy do sprawdzenia oferty!\" \/>\n<meta name=\"robots\" content=\"index, follow, max-snippet:-1, max-image-preview:large, max-video-preview:-1\" \/>\n<link rel=\"canonical\" href=\"https:\/\/plasmet.bochnia.pl\/es\/producto\/reduccion-de-goma\/\" \/>\n<meta property=\"og:locale\" content=\"es_ES\" \/>\n<meta property=\"og:type\" content=\"article\" \/>\n<meta property=\"og:title\" content=\"Reducci\u00f3n de goma - Plasmet\" \/>\n<meta property=\"og:description\" content=\"Reducci\u00f3n de goma \u2013 producent i hurtownia Plasmet. Oferujemy wysok\u0105 jako\u015b\u0107, szeroki wyb\u00f3r i dobre ceny. Zapraszamy do sprawdzenia oferty!\" \/>\n<meta property=\"og:url\" content=\"https:\/\/plasmet.bochnia.pl\/es\/producto\/reduccion-de-goma\/\" \/>\n<meta property=\"og:site_name\" content=\"Plasmet\" \/>\n<meta property=\"og:image\" content=\"https:\/\/plasmet.bochnia.pl\/wp-content\/uploads\/2024\/10\/redukcja-gumowa-32-25.jpg\" \/>\n\t<meta property=\"og:image:width\" content=\"800\" \/>\n\t<meta property=\"og:image:height\" content=\"600\" \/>\n\t<meta property=\"og:image:type\" content=\"image\/jpeg\" \/>\n<meta name=\"twitter:card\" content=\"summary_large_image\" \/>\n<meta name=\"twitter:label1\" content=\"Tiempo de lectura\" \/>\n\t<meta name=\"twitter:data1\" content=\"1 minuto\" \/>\n<script type=\"application\/ld+json\" class=\"yoast-schema-graph\">{\"@context\":\"https:\/\/schema.org\",\"@graph\":[{\"@type\":\"WebPage\",\"@id\":\"https:\/\/plasmet.bochnia.pl\/es\/producto\/reduccion-de-goma\/\",\"url\":\"https:\/\/plasmet.bochnia.pl\/es\/producto\/reduccion-de-goma\/\",\"name\":\"Reducci\u00f3n de goma - Plasmet\",\"isPartOf\":{\"@id\":\"https:\/\/plasmet.bochnia.pl\/es\/#website\"},\"primaryImageOfPage\":{\"@id\":\"https:\/\/plasmet.bochnia.pl\/es\/producto\/reduccion-de-goma\/#primaryimage\"},\"image\":{\"@id\":\"https:\/\/plasmet.bochnia.pl\/es\/producto\/reduccion-de-goma\/#primaryimage\"},\"thumbnailUrl\":\"https:\/\/plasmet.bochnia.pl\/wp-content\/uploads\/2024\/10\/redukcja-gumowa-32-25.jpg\",\"datePublished\":\"2024-10-21T09:17:39+00:00\",\"description\":\"Reducci\u00f3n de goma \u2013 producent i hurtownia Plasmet. Oferujemy wysok\u0105 jako\u015b\u0107, szeroki wyb\u00f3r i dobre ceny. Zapraszamy do sprawdzenia oferty!\",\"breadcrumb\":{\"@id\":\"https:\/\/plasmet.bochnia.pl\/es\/producto\/reduccion-de-goma\/#breadcrumb\"},\"inLanguage\":\"es\",\"potentialAction\":[{\"@type\":\"ReadAction\",\"target\":[\"https:\/\/plasmet.bochnia.pl\/es\/producto\/reduccion-de-goma\/\"]}]},{\"@type\":\"ImageObject\",\"inLanguage\":\"es\",\"@id\":\"https:\/\/plasmet.bochnia.pl\/es\/producto\/reduccion-de-goma\/#primaryimage\",\"url\":\"https:\/\/plasmet.bochnia.pl\/wp-content\/uploads\/2024\/10\/redukcja-gumowa-32-25.jpg\",\"contentUrl\":\"https:\/\/plasmet.bochnia.pl\/wp-content\/uploads\/2024\/10\/redukcja-gumowa-32-25.jpg\",\"width\":800,\"height\":600,\"caption\":\"redukcja-gumowa-32-25\"},{\"@type\":\"BreadcrumbList\",\"@id\":\"https:\/\/plasmet.bochnia.pl\/es\/producto\/reduccion-de-goma\/#breadcrumb\",\"itemListElement\":[{\"@type\":\"ListItem\",\"position\":1,\"name\":\"Strona g\u0142\u00f3wna\",\"item\":\"https:\/\/plasmet.bochnia.pl\/es\/\"},{\"@type\":\"ListItem\",\"position\":2,\"name\":\"Tienda\",\"item\":\"https:\/\/plasmet.bochnia.pl\/es\/tienda\/\"},{\"@type\":\"ListItem\",\"position\":3,\"name\":\"Reducci\u00f3n de goma\"}]},{\"@type\":\"WebSite\",\"@id\":\"https:\/\/plasmet.bochnia.pl\/es\/#website\",\"url\":\"https:\/\/plasmet.bochnia.pl\/es\/\",\"name\":\"Plasmet\",\"description\":\"Plasmet\",\"alternateName\":\"Plasmet\",\"potentialAction\":[{\"@type\":\"SearchAction\",\"target\":{\"@type\":\"EntryPoint\",\"urlTemplate\":\"https:\/\/plasmet.bochnia.pl\/es\/?s={search_term_string}\"},\"query-input\":{\"@type\":\"PropertyValueSpecification\",\"valueRequired\":true,\"valueName\":\"search_term_string\"}}],\"inLanguage\":\"es\"}]}<\/script>\n<!-- \/ Yoast SEO plugin. -->","yoast_head_json":{"title":"Reducci\u00f3n de goma - Plasmet","description":"Reducci\u00f3n de goma \u2013 producent i hurtownia Plasmet. Oferujemy wysok\u0105 jako\u015b\u0107, szeroki wyb\u00f3r i dobre ceny. Zapraszamy do sprawdzenia oferty!","robots":{"index":"index","follow":"follow","max-snippet":"max-snippet:-1","max-image-preview":"max-image-preview:large","max-video-preview":"max-video-preview:-1"},"canonical":"https:\/\/plasmet.bochnia.pl\/es\/producto\/reduccion-de-goma\/","og_locale":"es_ES","og_type":"article","og_title":"Reducci\u00f3n de goma - Plasmet","og_description":"Reducci\u00f3n de goma \u2013 producent i hurtownia Plasmet. Oferujemy wysok\u0105 jako\u015b\u0107, szeroki wyb\u00f3r i dobre ceny. Zapraszamy do sprawdzenia oferty!","og_url":"https:\/\/plasmet.bochnia.pl\/es\/producto\/reduccion-de-goma\/","og_site_name":"Plasmet","og_image":[{"width":800,"height":600,"url":"https:\/\/plasmet.bochnia.pl\/wp-content\/uploads\/2024\/10\/redukcja-gumowa-32-25.jpg","type":"image\/jpeg"}],"twitter_card":"summary_large_image","twitter_misc":{"Tiempo de lectura":"1 minuto"},"schema":{"@context":"https:\/\/schema.org","@graph":[{"@type":"WebPage","@id":"https:\/\/plasmet.bochnia.pl\/es\/producto\/reduccion-de-goma\/","url":"https:\/\/plasmet.bochnia.pl\/es\/producto\/reduccion-de-goma\/","name":"Reducci\u00f3n de goma - Plasmet","isPartOf":{"@id":"https:\/\/plasmet.bochnia.pl\/es\/#website"},"primaryImageOfPage":{"@id":"https:\/\/plasmet.bochnia.pl\/es\/producto\/reduccion-de-goma\/#primaryimage"},"image":{"@id":"https:\/\/plasmet.bochnia.pl\/es\/producto\/reduccion-de-goma\/#primaryimage"},"thumbnailUrl":"https:\/\/plasmet.bochnia.pl\/wp-content\/uploads\/2024\/10\/redukcja-gumowa-32-25.jpg","datePublished":"2024-10-21T09:17:39+00:00","description":"Reducci\u00f3n de goma \u2013 producent i hurtownia Plasmet. Oferujemy wysok\u0105 jako\u015b\u0107, szeroki wyb\u00f3r i dobre ceny. Zapraszamy do sprawdzenia oferty!","breadcrumb":{"@id":"https:\/\/plasmet.bochnia.pl\/es\/producto\/reduccion-de-goma\/#breadcrumb"},"inLanguage":"es","potentialAction":[{"@type":"ReadAction","target":["https:\/\/plasmet.bochnia.pl\/es\/producto\/reduccion-de-goma\/"]}]},{"@type":"ImageObject","inLanguage":"es","@id":"https:\/\/plasmet.bochnia.pl\/es\/producto\/reduccion-de-goma\/#primaryimage","url":"https:\/\/plasmet.bochnia.pl\/wp-content\/uploads\/2024\/10\/redukcja-gumowa-32-25.jpg","contentUrl":"https:\/\/plasmet.bochnia.pl\/wp-content\/uploads\/2024\/10\/redukcja-gumowa-32-25.jpg","width":800,"height":600,"caption":"redukcja-gumowa-32-25"},{"@type":"BreadcrumbList","@id":"https:\/\/plasmet.bochnia.pl\/es\/producto\/reduccion-de-goma\/#breadcrumb","itemListElement":[{"@type":"ListItem","position":1,"name":"Strona g\u0142\u00f3wna","item":"https:\/\/plasmet.bochnia.pl\/es\/"},{"@type":"ListItem","position":2,"name":"Tienda","item":"https:\/\/plasmet.bochnia.pl\/es\/tienda\/"},{"@type":"ListItem","position":3,"name":"Reducci\u00f3n de goma"}]},{"@type":"WebSite","@id":"https:\/\/plasmet.bochnia.pl\/es\/#website","url":"https:\/\/plasmet.bochnia.pl\/es\/","name":"Plasmet","description":"Plasmet","alternateName":"Plasmet","potentialAction":[{"@type":"SearchAction","target":{"@type":"EntryPoint","urlTemplate":"https:\/\/plasmet.bochnia.pl\/es\/?s={search_term_string}"},"query-input":{"@type":"PropertyValueSpecification","valueRequired":true,"valueName":"search_term_string"}}],"inLanguage":"es"}]}},"taxonomy_info":{"product_cat":[{"value":1360,"label":"Juntas y reducciones"},{"value":1366,"label":"Reducciones"}],"pa_kolor":[{"value":1383,"label":"Blanco"}],"pa_wersja":[{"value":1655,"label":"110\/100"},{"value":1495,"label":"32\/25"},{"value":1529,"label":"40\/25"},{"value":1533,"label":"40\/32"},{"value":1565,"label":"50\/25"},{"value":1569,"label":"50\/32"},{"value":1573,"label":"50\/40"},{"value":1611,"label":"56\/32"},{"value":1615,"label":"56\/45"}]},"featured_image_src_large":["https:\/\/plasmet.bochnia.pl\/wp-content\/uploads\/2024\/10\/redukcja-gumowa-32-25.jpg",800,600,false],"author_info":[],"comment_info":"","_links":{"self":[{"href":"https:\/\/plasmet.bochnia.pl\/es\/wp-json\/wp\/v2\/product\/15029","targetHints":{"allow":["GET"]}}],"collection":[{"href":"https:\/\/plasmet.bochnia.pl\/es\/wp-json\/wp\/v2\/product"}],"about":[{"href":"https:\/\/plasmet.bochnia.pl\/es\/wp-json\/wp\/v2\/types\/product"}],"wp:featuredmedia":[{"embeddable":true,"href":"https:\/\/plasmet.bochnia.pl\/es\/wp-json\/wp\/v2\/media\/15031"}],"wp:attachment":[{"href":"https:\/\/plasmet.bochnia.pl\/es\/wp-json\/wp\/v2\/media?parent=15029"}],"wp:term":[{"taxonomy":"product_brand","embeddable":true,"href":"https:\/\/plasmet.bochnia.pl\/es\/wp-json\/wp\/v2\/product_brand?post=15029"},{"taxonomy":"product_cat","embeddable":true,"href":"https:\/\/plasmet.bochnia.pl\/es\/wp-json\/wp\/v2\/product_cat?post=15029"},{"taxonomy":"product_tag","embeddable":true,"href":"https:\/\/plasmet.bochnia.pl\/es\/wp-json\/wp\/v2\/product_tag?post=15029"}],"curies":[{"name":"wp","href":"https:\/\/api.w.org\/{rel}","templated":true}]}}