{"id":14954,"date":"2024-10-21T11:17:47","date_gmt":"2024-10-21T09:17:47","guid":{"rendered":"https:\/\/plasmet.bochnia.pl\/produkt\/embudo-de-descarga-inferior-superior\/"},"modified":"2024-10-21T11:17:47","modified_gmt":"2024-10-21T09:17:47","slug":"embudo-de-descarga-inferior-superior","status":"publish","type":"product","link":"https:\/\/plasmet.bochnia.pl\/es\/producto\/embudo-de-descarga-inferior-superior\/","title":{"rendered":"Embudo de descarga inferior\/superior"},"content":{"rendered":"<h2>Embudo de descarga inferior\/superior<\/h2>\n<p><strong>El embudo de descarga inferior\/superior<\/strong> se ha dise\u00f1ado para permitir una conexi\u00f3n f\u00e1cil y sin fugas de los sistemas de descarga. Fabricado con precisi\u00f3n en pl\u00e1stico de alta calidad, el embudo ofrece una resistencia duradera al agua y a los agentes qu\u00edmicos, minimizando el riesgo de fugas. El embudo est\u00e1 disponible en dos tama\u00f1os: 50\/40 y 50\/32, lo que permite utilizarlo en diversas instalaciones.  <\/p>\n<h3>Principales ventajas del producto:<\/h3>\n<ul>\n<li>Construcci\u00f3n duradera resistente al agua y a los productos qu\u00edmicos,<\/li>\n<li>Ideal para sistemas de descarga inferior y superior,<\/li>\n<li>Tama\u00f1os disponibles: 50\/40 y 50\/32,<\/li>\n<li>F\u00e1cil instalaci\u00f3n y conexi\u00f3n estanca,<\/li>\n<li>Un color blanco que combina perfectamente con la mayor\u00eda de las instalaciones.<\/li>\n<\/ul>\n<p>El embudo de descarga inferior\/superior es un componente clave de las instalaciones de cisternas, ya que garantiza una conexi\u00f3n segura y estanca. Su flexibilidad y resistencia a las influencias externas lo convierten en un producto fiable que permite un uso a largo plazo sin necesidad de sustituciones o reparaciones frecuentes. <\/p>\n","protected":false},"excerpt":{"rendered":"<p><strong>El<\/strong> embudo de <strong>descarga inferior\/superior<\/strong> es una soluci\u00f3n fiable para conectar los sistemas de descarga inferior y superior a las tuber\u00edas de alcantarillado. Fabricado con un material duradero, proporciona un rendimiento a prueba de fugas y filtraciones. Disponible en los tama\u00f1os 50\/40 y 50\/32 Color: blanco.   <\/p>\n","protected":false},"featured_media":14956,"template":"","meta":{"_acf_changed":false,"_kad_blocks_custom_css":"","_kad_blocks_head_custom_js":"","_kad_blocks_body_custom_js":"","_kad_blocks_footer_custom_js":"","_kad_post_transparent":"","_kad_post_title":"","_kad_post_layout":"","_kad_post_sidebar_id":"","_kad_post_content_style":"","_kad_post_vertical_padding":"","_kad_post_feature":"","_kad_post_feature_position":"","_kad_post_header":false,"_kad_post_footer":false,"_kad_post_classname":""},"product_brand":[],"product_cat":[1370,1360],"product_tag":[],"class_list":{"0":"post-14954","1":"product","2":"type-product","3":"status-publish","4":"has-post-thumbnail","6":"product_cat-juntas","7":"product_cat-juntas-y-reducciones","8":"pa_kolor-blanco","9":"pa_wersja-50-32-es","10":"pa_wersja-50-40-es","12":"first","13":"instock","14":"product-type-variable","15":"entry","16":"content-bg","17":"loop-entry"},"acf":[],"yoast_head":"<!-- This site is optimized with the Yoast SEO plugin v25.1 - https:\/\/yoast.com\/wordpress\/plugins\/seo\/ -->\n<title>Embudo de descarga inferior\/superior - Plasmet<\/title>\n<meta name=\"description\" content=\"Embudo de descarga inferior\/superior \u2013 producent i hurtownia Plasmet. Oferujemy wysok\u0105 jako\u015b\u0107, szeroki wyb\u00f3r i dobre ceny. Zapraszamy do sprawdzenia oferty!\" \/>\n<meta name=\"robots\" content=\"index, follow, max-snippet:-1, max-image-preview:large, max-video-preview:-1\" \/>\n<link rel=\"canonical\" href=\"https:\/\/plasmet.bochnia.pl\/es\/producto\/embudo-de-descarga-inferior-superior\/\" \/>\n<meta property=\"og:locale\" content=\"es_ES\" \/>\n<meta property=\"og:type\" content=\"article\" \/>\n<meta property=\"og:title\" content=\"Embudo de descarga inferior\/superior - Plasmet\" \/>\n<meta property=\"og:description\" content=\"Embudo de descarga inferior\/superior \u2013 producent i hurtownia Plasmet. Oferujemy wysok\u0105 jako\u015b\u0107, szeroki wyb\u00f3r i dobre ceny. Zapraszamy do sprawdzenia oferty!\" \/>\n<meta property=\"og:url\" content=\"https:\/\/plasmet.bochnia.pl\/es\/producto\/embudo-de-descarga-inferior-superior\/\" \/>\n<meta property=\"og:site_name\" content=\"Plasmet\" \/>\n<meta property=\"og:image\" content=\"https:\/\/plasmet.bochnia.pl\/wp-content\/uploads\/2024\/10\/lejek-dolnoplukagornopluka-50-32.jpg\" \/>\n\t<meta property=\"og:image:width\" content=\"800\" \/>\n\t<meta property=\"og:image:height\" content=\"600\" \/>\n\t<meta property=\"og:image:type\" content=\"image\/jpeg\" \/>\n<meta name=\"twitter:card\" content=\"summary_large_image\" \/>\n<meta name=\"twitter:label1\" content=\"Tiempo de lectura\" \/>\n\t<meta name=\"twitter:data1\" content=\"1 minuto\" \/>\n<script type=\"application\/ld+json\" class=\"yoast-schema-graph\">{\"@context\":\"https:\/\/schema.org\",\"@graph\":[{\"@type\":\"WebPage\",\"@id\":\"https:\/\/plasmet.bochnia.pl\/es\/producto\/embudo-de-descarga-inferior-superior\/\",\"url\":\"https:\/\/plasmet.bochnia.pl\/es\/producto\/embudo-de-descarga-inferior-superior\/\",\"name\":\"Embudo de descarga inferior\/superior - Plasmet\",\"isPartOf\":{\"@id\":\"https:\/\/plasmet.bochnia.pl\/es\/#website\"},\"primaryImageOfPage\":{\"@id\":\"https:\/\/plasmet.bochnia.pl\/es\/producto\/embudo-de-descarga-inferior-superior\/#primaryimage\"},\"image\":{\"@id\":\"https:\/\/plasmet.bochnia.pl\/es\/producto\/embudo-de-descarga-inferior-superior\/#primaryimage\"},\"thumbnailUrl\":\"https:\/\/plasmet.bochnia.pl\/wp-content\/uploads\/2024\/10\/lejek-dolnoplukagornopluka-50-32.jpg\",\"datePublished\":\"2024-10-21T09:17:47+00:00\",\"description\":\"Embudo de descarga inferior\/superior \u2013 producent i hurtownia Plasmet. Oferujemy wysok\u0105 jako\u015b\u0107, szeroki wyb\u00f3r i dobre ceny. Zapraszamy do sprawdzenia oferty!\",\"breadcrumb\":{\"@id\":\"https:\/\/plasmet.bochnia.pl\/es\/producto\/embudo-de-descarga-inferior-superior\/#breadcrumb\"},\"inLanguage\":\"es\",\"potentialAction\":[{\"@type\":\"ReadAction\",\"target\":[\"https:\/\/plasmet.bochnia.pl\/es\/producto\/embudo-de-descarga-inferior-superior\/\"]}]},{\"@type\":\"ImageObject\",\"inLanguage\":\"es\",\"@id\":\"https:\/\/plasmet.bochnia.pl\/es\/producto\/embudo-de-descarga-inferior-superior\/#primaryimage\",\"url\":\"https:\/\/plasmet.bochnia.pl\/wp-content\/uploads\/2024\/10\/lejek-dolnoplukagornopluka-50-32.jpg\",\"contentUrl\":\"https:\/\/plasmet.bochnia.pl\/wp-content\/uploads\/2024\/10\/lejek-dolnoplukagornopluka-50-32.jpg\",\"width\":800,\"height\":600},{\"@type\":\"BreadcrumbList\",\"@id\":\"https:\/\/plasmet.bochnia.pl\/es\/producto\/embudo-de-descarga-inferior-superior\/#breadcrumb\",\"itemListElement\":[{\"@type\":\"ListItem\",\"position\":1,\"name\":\"Strona g\u0142\u00f3wna\",\"item\":\"https:\/\/plasmet.bochnia.pl\/es\/\"},{\"@type\":\"ListItem\",\"position\":2,\"name\":\"Tienda\",\"item\":\"https:\/\/plasmet.bochnia.pl\/es\/tienda\/\"},{\"@type\":\"ListItem\",\"position\":3,\"name\":\"Embudo de descarga inferior\/superior\"}]},{\"@type\":\"WebSite\",\"@id\":\"https:\/\/plasmet.bochnia.pl\/es\/#website\",\"url\":\"https:\/\/plasmet.bochnia.pl\/es\/\",\"name\":\"Plasmet\",\"description\":\"Plasmet\",\"alternateName\":\"Plasmet\",\"potentialAction\":[{\"@type\":\"SearchAction\",\"target\":{\"@type\":\"EntryPoint\",\"urlTemplate\":\"https:\/\/plasmet.bochnia.pl\/es\/?s={search_term_string}\"},\"query-input\":{\"@type\":\"PropertyValueSpecification\",\"valueRequired\":true,\"valueName\":\"search_term_string\"}}],\"inLanguage\":\"es\"}]}<\/script>\n<!-- \/ Yoast SEO plugin. -->","yoast_head_json":{"title":"Embudo de descarga inferior\/superior - Plasmet","description":"Embudo de descarga inferior\/superior \u2013 producent i hurtownia Plasmet. Oferujemy wysok\u0105 jako\u015b\u0107, szeroki wyb\u00f3r i dobre ceny. Zapraszamy do sprawdzenia oferty!","robots":{"index":"index","follow":"follow","max-snippet":"max-snippet:-1","max-image-preview":"max-image-preview:large","max-video-preview":"max-video-preview:-1"},"canonical":"https:\/\/plasmet.bochnia.pl\/es\/producto\/embudo-de-descarga-inferior-superior\/","og_locale":"es_ES","og_type":"article","og_title":"Embudo de descarga inferior\/superior - Plasmet","og_description":"Embudo de descarga inferior\/superior \u2013 producent i hurtownia Plasmet. Oferujemy wysok\u0105 jako\u015b\u0107, szeroki wyb\u00f3r i dobre ceny. Zapraszamy do sprawdzenia oferty!","og_url":"https:\/\/plasmet.bochnia.pl\/es\/producto\/embudo-de-descarga-inferior-superior\/","og_site_name":"Plasmet","og_image":[{"width":800,"height":600,"url":"https:\/\/plasmet.bochnia.pl\/wp-content\/uploads\/2024\/10\/lejek-dolnoplukagornopluka-50-32.jpg","type":"image\/jpeg"}],"twitter_card":"summary_large_image","twitter_misc":{"Tiempo de lectura":"1 minuto"},"schema":{"@context":"https:\/\/schema.org","@graph":[{"@type":"WebPage","@id":"https:\/\/plasmet.bochnia.pl\/es\/producto\/embudo-de-descarga-inferior-superior\/","url":"https:\/\/plasmet.bochnia.pl\/es\/producto\/embudo-de-descarga-inferior-superior\/","name":"Embudo de descarga inferior\/superior - Plasmet","isPartOf":{"@id":"https:\/\/plasmet.bochnia.pl\/es\/#website"},"primaryImageOfPage":{"@id":"https:\/\/plasmet.bochnia.pl\/es\/producto\/embudo-de-descarga-inferior-superior\/#primaryimage"},"image":{"@id":"https:\/\/plasmet.bochnia.pl\/es\/producto\/embudo-de-descarga-inferior-superior\/#primaryimage"},"thumbnailUrl":"https:\/\/plasmet.bochnia.pl\/wp-content\/uploads\/2024\/10\/lejek-dolnoplukagornopluka-50-32.jpg","datePublished":"2024-10-21T09:17:47+00:00","description":"Embudo de descarga inferior\/superior \u2013 producent i hurtownia Plasmet. Oferujemy wysok\u0105 jako\u015b\u0107, szeroki wyb\u00f3r i dobre ceny. Zapraszamy do sprawdzenia oferty!","breadcrumb":{"@id":"https:\/\/plasmet.bochnia.pl\/es\/producto\/embudo-de-descarga-inferior-superior\/#breadcrumb"},"inLanguage":"es","potentialAction":[{"@type":"ReadAction","target":["https:\/\/plasmet.bochnia.pl\/es\/producto\/embudo-de-descarga-inferior-superior\/"]}]},{"@type":"ImageObject","inLanguage":"es","@id":"https:\/\/plasmet.bochnia.pl\/es\/producto\/embudo-de-descarga-inferior-superior\/#primaryimage","url":"https:\/\/plasmet.bochnia.pl\/wp-content\/uploads\/2024\/10\/lejek-dolnoplukagornopluka-50-32.jpg","contentUrl":"https:\/\/plasmet.bochnia.pl\/wp-content\/uploads\/2024\/10\/lejek-dolnoplukagornopluka-50-32.jpg","width":800,"height":600},{"@type":"BreadcrumbList","@id":"https:\/\/plasmet.bochnia.pl\/es\/producto\/embudo-de-descarga-inferior-superior\/#breadcrumb","itemListElement":[{"@type":"ListItem","position":1,"name":"Strona g\u0142\u00f3wna","item":"https:\/\/plasmet.bochnia.pl\/es\/"},{"@type":"ListItem","position":2,"name":"Tienda","item":"https:\/\/plasmet.bochnia.pl\/es\/tienda\/"},{"@type":"ListItem","position":3,"name":"Embudo de descarga inferior\/superior"}]},{"@type":"WebSite","@id":"https:\/\/plasmet.bochnia.pl\/es\/#website","url":"https:\/\/plasmet.bochnia.pl\/es\/","name":"Plasmet","description":"Plasmet","alternateName":"Plasmet","potentialAction":[{"@type":"SearchAction","target":{"@type":"EntryPoint","urlTemplate":"https:\/\/plasmet.bochnia.pl\/es\/?s={search_term_string}"},"query-input":{"@type":"PropertyValueSpecification","valueRequired":true,"valueName":"search_term_string"}}],"inLanguage":"es"}]}},"taxonomy_info":{"product_cat":[{"value":1370,"label":"Juntas"},{"value":1360,"label":"Juntas y reducciones"}],"pa_kolor":[{"value":1383,"label":"Blanco"}],"pa_wersja":[{"value":1569,"label":"50\/32"},{"value":1573,"label":"50\/40"}]},"featured_image_src_large":["https:\/\/plasmet.bochnia.pl\/wp-content\/uploads\/2024\/10\/lejek-dolnoplukagornopluka-50-32.jpg",800,600,false],"author_info":[],"comment_info":"","_links":{"self":[{"href":"https:\/\/plasmet.bochnia.pl\/es\/wp-json\/wp\/v2\/product\/14954","targetHints":{"allow":["GET"]}}],"collection":[{"href":"https:\/\/plasmet.bochnia.pl\/es\/wp-json\/wp\/v2\/product"}],"about":[{"href":"https:\/\/plasmet.bochnia.pl\/es\/wp-json\/wp\/v2\/types\/product"}],"wp:featuredmedia":[{"embeddable":true,"href":"https:\/\/plasmet.bochnia.pl\/es\/wp-json\/wp\/v2\/media\/14956"}],"wp:attachment":[{"href":"https:\/\/plasmet.bochnia.pl\/es\/wp-json\/wp\/v2\/media?parent=14954"}],"wp:term":[{"taxonomy":"product_brand","embeddable":true,"href":"https:\/\/plasmet.bochnia.pl\/es\/wp-json\/wp\/v2\/product_brand?post=14954"},{"taxonomy":"product_cat","embeddable":true,"href":"https:\/\/plasmet.bochnia.pl\/es\/wp-json\/wp\/v2\/product_cat?post=14954"},{"taxonomy":"product_tag","embeddable":true,"href":"https:\/\/plasmet.bochnia.pl\/es\/wp-json\/wp\/v2\/product_tag?post=14954"}],"curies":[{"name":"wp","href":"https:\/\/api.w.org\/{rel}","templated":true}]}}