{"id":14936,"date":"2024-10-21T11:17:47","date_gmt":"2024-10-21T09:17:47","guid":{"rendered":"https:\/\/plasmet.bochnia.pl\/produkt\/alfombra-acustica-detras-del-lavabo\/"},"modified":"2024-10-21T11:17:47","modified_gmt":"2024-10-21T09:17:47","slug":"alfombra-acustica-detras-del-lavabo","status":"publish","type":"product","link":"https:\/\/plasmet.bochnia.pl\/es\/producto\/alfombra-acustica-detras-del-lavabo\/","title":{"rendered":"Alfombra ac\u00fastica detr\u00e1s del lavabo"},"content":{"rendered":"<h2>Alfombra ac\u00fastica detr\u00e1s del lavabo<\/h2>\n<p><strong>La alfombrilla ac\u00fastica detr\u00e1s del<\/strong> lavabo es un producto dise\u00f1ado para reducir los ruidos asociados al uso diario del lavabo, como el sonido del agua al correr o el repiqueteo de objetos. Fabricada con material de alta calidad, la alfombrilla absorbe eficazmente los sonidos, aumentando el confort del cuarto de ba\u00f1o. Gracias a su resistencia al agua, la alfombrilla es resistente a la humedad y conserva sus propiedades aislantes durante mucho tiempo.  <\/p>\n<h3>Ventajas de utilizar una alfombrilla ac\u00fastica detr\u00e1s del lavabo:<\/h3>\n<ul>\n<li>Reducci\u00f3n del ruido generado por el flujo de agua y el uso diario,<\/li>\n<li>Fabricado con material duradero e impermeable,<\/li>\n<li>Se instala f\u00e1cilmente detr\u00e1s del lavabo para silenciarlo discretamente,<\/li>\n<li>Ideal para ba\u00f1os dom\u00e9sticos y comerciales,<\/li>\n<li>Mejora el confort ac\u00fastico de la sala.<\/li>\n<\/ul>\n<p>La alfombrilla ac\u00fastica detr\u00e1s del lavabo es una soluci\u00f3n pr\u00e1ctica y discreta que reduce eficazmente los sonidos no deseados en el ba\u00f1o. Es ideal para su uso en viviendas, oficinas y locales comerciales para proporcionar un espacio silencioso y confortable. <\/p>\n","protected":false},"excerpt":{"rendered":"<p><strong>La alfombrilla ac\u00fastica detr\u00e1s del lavabo<\/strong> es una soluci\u00f3n eficaz para reducir el ruido generado por el flujo de agua y el uso del lavabo. Fabricada con material resistente e impermeable, la alfombrilla es perfecta para aislar el sonido y mejorar el confort del ba\u00f1o. Color: blanco.  <\/p>\n","protected":false},"featured_media":14937,"template":"","meta":{"_acf_changed":false,"_kad_blocks_custom_css":"","_kad_blocks_head_custom_js":"","_kad_blocks_body_custom_js":"","_kad_blocks_footer_custom_js":"","_kad_post_transparent":"","_kad_post_title":"","_kad_post_layout":"","_kad_post_sidebar_id":"","_kad_post_content_style":"","_kad_post_vertical_padding":"","_kad_post_feature":"","_kad_post_feature_position":"","_kad_post_header":false,"_kad_post_footer":false,"_kad_post_classname":""},"product_brand":[],"product_cat":[1364,1360],"product_tag":[],"class_list":{"0":"post-14936","1":"product","2":"type-product","3":"status-publish","4":"has-post-thumbnail","6":"product_cat-alfombrillas-acusticas","7":"product_cat-juntas-y-reducciones","8":"pa_kolor-blanco","10":"first","11":"instock","12":"product-type-variable","13":"entry","14":"content-bg","15":"loop-entry"},"acf":[],"yoast_head":"<!-- This site is optimized with the Yoast SEO plugin v25.1 - https:\/\/yoast.com\/wordpress\/plugins\/seo\/ -->\n<title>Alfombra ac\u00fastica detr\u00e1s del lavabo - Plasmet<\/title>\n<meta name=\"description\" content=\"Alfombra ac\u00fastica detr\u00e1s del lavabo \u2013 producent i hurtownia Plasmet. Oferujemy wysok\u0105 jako\u015b\u0107, szeroki wyb\u00f3r i dobre ceny. Zapraszamy do sprawdzenia oferty!\" \/>\n<meta name=\"robots\" content=\"index, follow, max-snippet:-1, max-image-preview:large, max-video-preview:-1\" \/>\n<link rel=\"canonical\" href=\"https:\/\/plasmet.bochnia.pl\/es\/producto\/alfombra-acustica-detras-del-lavabo\/\" \/>\n<meta property=\"og:locale\" content=\"es_ES\" \/>\n<meta property=\"og:type\" content=\"article\" \/>\n<meta property=\"og:title\" content=\"Alfombra ac\u00fastica detr\u00e1s del lavabo - Plasmet\" \/>\n<meta property=\"og:description\" content=\"Alfombra ac\u00fastica detr\u00e1s del lavabo \u2013 producent i hurtownia Plasmet. Oferujemy wysok\u0105 jako\u015b\u0107, szeroki wyb\u00f3r i dobre ceny. Zapraszamy do sprawdzenia oferty!\" \/>\n<meta property=\"og:url\" content=\"https:\/\/plasmet.bochnia.pl\/es\/producto\/alfombra-acustica-detras-del-lavabo\/\" \/>\n<meta property=\"og:site_name\" content=\"Plasmet\" \/>\n<meta property=\"og:image\" content=\"https:\/\/plasmet.bochnia.pl\/wp-content\/uploads\/2024\/10\/mata-akustyczna-za-umywalke.jpg\" \/>\n\t<meta property=\"og:image:width\" content=\"800\" \/>\n\t<meta property=\"og:image:height\" content=\"600\" \/>\n\t<meta property=\"og:image:type\" content=\"image\/jpeg\" \/>\n<meta name=\"twitter:card\" content=\"summary_large_image\" \/>\n<meta name=\"twitter:label1\" content=\"Tiempo de lectura\" \/>\n\t<meta name=\"twitter:data1\" content=\"1 minuto\" \/>\n<script type=\"application\/ld+json\" class=\"yoast-schema-graph\">{\"@context\":\"https:\/\/schema.org\",\"@graph\":[{\"@type\":\"WebPage\",\"@id\":\"https:\/\/plasmet.bochnia.pl\/es\/producto\/alfombra-acustica-detras-del-lavabo\/\",\"url\":\"https:\/\/plasmet.bochnia.pl\/es\/producto\/alfombra-acustica-detras-del-lavabo\/\",\"name\":\"Alfombra ac\u00fastica detr\u00e1s del lavabo - Plasmet\",\"isPartOf\":{\"@id\":\"https:\/\/plasmet.bochnia.pl\/es\/#website\"},\"primaryImageOfPage\":{\"@id\":\"https:\/\/plasmet.bochnia.pl\/es\/producto\/alfombra-acustica-detras-del-lavabo\/#primaryimage\"},\"image\":{\"@id\":\"https:\/\/plasmet.bochnia.pl\/es\/producto\/alfombra-acustica-detras-del-lavabo\/#primaryimage\"},\"thumbnailUrl\":\"https:\/\/plasmet.bochnia.pl\/wp-content\/uploads\/2024\/10\/mata-akustyczna-za-umywalke.jpg\",\"datePublished\":\"2024-10-21T09:17:47+00:00\",\"description\":\"Alfombra ac\u00fastica detr\u00e1s del lavabo \u2013 producent i hurtownia Plasmet. Oferujemy wysok\u0105 jako\u015b\u0107, szeroki wyb\u00f3r i dobre ceny. Zapraszamy do sprawdzenia oferty!\",\"breadcrumb\":{\"@id\":\"https:\/\/plasmet.bochnia.pl\/es\/producto\/alfombra-acustica-detras-del-lavabo\/#breadcrumb\"},\"inLanguage\":\"es\",\"potentialAction\":[{\"@type\":\"ReadAction\",\"target\":[\"https:\/\/plasmet.bochnia.pl\/es\/producto\/alfombra-acustica-detras-del-lavabo\/\"]}]},{\"@type\":\"ImageObject\",\"inLanguage\":\"es\",\"@id\":\"https:\/\/plasmet.bochnia.pl\/es\/producto\/alfombra-acustica-detras-del-lavabo\/#primaryimage\",\"url\":\"https:\/\/plasmet.bochnia.pl\/wp-content\/uploads\/2024\/10\/mata-akustyczna-za-umywalke.jpg\",\"contentUrl\":\"https:\/\/plasmet.bochnia.pl\/wp-content\/uploads\/2024\/10\/mata-akustyczna-za-umywalke.jpg\",\"width\":800,\"height\":600,\"caption\":\"mata-akustyczna-za-umywalke\"},{\"@type\":\"BreadcrumbList\",\"@id\":\"https:\/\/plasmet.bochnia.pl\/es\/producto\/alfombra-acustica-detras-del-lavabo\/#breadcrumb\",\"itemListElement\":[{\"@type\":\"ListItem\",\"position\":1,\"name\":\"Strona g\u0142\u00f3wna\",\"item\":\"https:\/\/plasmet.bochnia.pl\/es\/\"},{\"@type\":\"ListItem\",\"position\":2,\"name\":\"Tienda\",\"item\":\"https:\/\/plasmet.bochnia.pl\/es\/tienda\/\"},{\"@type\":\"ListItem\",\"position\":3,\"name\":\"Alfombra ac\u00fastica detr\u00e1s del lavabo\"}]},{\"@type\":\"WebSite\",\"@id\":\"https:\/\/plasmet.bochnia.pl\/es\/#website\",\"url\":\"https:\/\/plasmet.bochnia.pl\/es\/\",\"name\":\"Plasmet\",\"description\":\"Plasmet\",\"alternateName\":\"Plasmet\",\"potentialAction\":[{\"@type\":\"SearchAction\",\"target\":{\"@type\":\"EntryPoint\",\"urlTemplate\":\"https:\/\/plasmet.bochnia.pl\/es\/?s={search_term_string}\"},\"query-input\":{\"@type\":\"PropertyValueSpecification\",\"valueRequired\":true,\"valueName\":\"search_term_string\"}}],\"inLanguage\":\"es\"}]}<\/script>\n<!-- \/ Yoast SEO plugin. -->","yoast_head_json":{"title":"Alfombra ac\u00fastica detr\u00e1s del lavabo - Plasmet","description":"Alfombra ac\u00fastica detr\u00e1s del lavabo \u2013 producent i hurtownia Plasmet. Oferujemy wysok\u0105 jako\u015b\u0107, szeroki wyb\u00f3r i dobre ceny. Zapraszamy do sprawdzenia oferty!","robots":{"index":"index","follow":"follow","max-snippet":"max-snippet:-1","max-image-preview":"max-image-preview:large","max-video-preview":"max-video-preview:-1"},"canonical":"https:\/\/plasmet.bochnia.pl\/es\/producto\/alfombra-acustica-detras-del-lavabo\/","og_locale":"es_ES","og_type":"article","og_title":"Alfombra ac\u00fastica detr\u00e1s del lavabo - Plasmet","og_description":"Alfombra ac\u00fastica detr\u00e1s del lavabo \u2013 producent i hurtownia Plasmet. Oferujemy wysok\u0105 jako\u015b\u0107, szeroki wyb\u00f3r i dobre ceny. Zapraszamy do sprawdzenia oferty!","og_url":"https:\/\/plasmet.bochnia.pl\/es\/producto\/alfombra-acustica-detras-del-lavabo\/","og_site_name":"Plasmet","og_image":[{"width":800,"height":600,"url":"https:\/\/plasmet.bochnia.pl\/wp-content\/uploads\/2024\/10\/mata-akustyczna-za-umywalke.jpg","type":"image\/jpeg"}],"twitter_card":"summary_large_image","twitter_misc":{"Tiempo de lectura":"1 minuto"},"schema":{"@context":"https:\/\/schema.org","@graph":[{"@type":"WebPage","@id":"https:\/\/plasmet.bochnia.pl\/es\/producto\/alfombra-acustica-detras-del-lavabo\/","url":"https:\/\/plasmet.bochnia.pl\/es\/producto\/alfombra-acustica-detras-del-lavabo\/","name":"Alfombra ac\u00fastica detr\u00e1s del lavabo - Plasmet","isPartOf":{"@id":"https:\/\/plasmet.bochnia.pl\/es\/#website"},"primaryImageOfPage":{"@id":"https:\/\/plasmet.bochnia.pl\/es\/producto\/alfombra-acustica-detras-del-lavabo\/#primaryimage"},"image":{"@id":"https:\/\/plasmet.bochnia.pl\/es\/producto\/alfombra-acustica-detras-del-lavabo\/#primaryimage"},"thumbnailUrl":"https:\/\/plasmet.bochnia.pl\/wp-content\/uploads\/2024\/10\/mata-akustyczna-za-umywalke.jpg","datePublished":"2024-10-21T09:17:47+00:00","description":"Alfombra ac\u00fastica detr\u00e1s del lavabo \u2013 producent i hurtownia Plasmet. Oferujemy wysok\u0105 jako\u015b\u0107, szeroki wyb\u00f3r i dobre ceny. Zapraszamy do sprawdzenia oferty!","breadcrumb":{"@id":"https:\/\/plasmet.bochnia.pl\/es\/producto\/alfombra-acustica-detras-del-lavabo\/#breadcrumb"},"inLanguage":"es","potentialAction":[{"@type":"ReadAction","target":["https:\/\/plasmet.bochnia.pl\/es\/producto\/alfombra-acustica-detras-del-lavabo\/"]}]},{"@type":"ImageObject","inLanguage":"es","@id":"https:\/\/plasmet.bochnia.pl\/es\/producto\/alfombra-acustica-detras-del-lavabo\/#primaryimage","url":"https:\/\/plasmet.bochnia.pl\/wp-content\/uploads\/2024\/10\/mata-akustyczna-za-umywalke.jpg","contentUrl":"https:\/\/plasmet.bochnia.pl\/wp-content\/uploads\/2024\/10\/mata-akustyczna-za-umywalke.jpg","width":800,"height":600,"caption":"mata-akustyczna-za-umywalke"},{"@type":"BreadcrumbList","@id":"https:\/\/plasmet.bochnia.pl\/es\/producto\/alfombra-acustica-detras-del-lavabo\/#breadcrumb","itemListElement":[{"@type":"ListItem","position":1,"name":"Strona g\u0142\u00f3wna","item":"https:\/\/plasmet.bochnia.pl\/es\/"},{"@type":"ListItem","position":2,"name":"Tienda","item":"https:\/\/plasmet.bochnia.pl\/es\/tienda\/"},{"@type":"ListItem","position":3,"name":"Alfombra ac\u00fastica detr\u00e1s del lavabo"}]},{"@type":"WebSite","@id":"https:\/\/plasmet.bochnia.pl\/es\/#website","url":"https:\/\/plasmet.bochnia.pl\/es\/","name":"Plasmet","description":"Plasmet","alternateName":"Plasmet","potentialAction":[{"@type":"SearchAction","target":{"@type":"EntryPoint","urlTemplate":"https:\/\/plasmet.bochnia.pl\/es\/?s={search_term_string}"},"query-input":{"@type":"PropertyValueSpecification","valueRequired":true,"valueName":"search_term_string"}}],"inLanguage":"es"}]}},"taxonomy_info":{"product_cat":[{"value":1364,"label":"Alfombrillas ac\u00fasticas"},{"value":1360,"label":"Juntas y reducciones"}],"pa_kolor":[{"value":1383,"label":"Blanco"}]},"featured_image_src_large":["https:\/\/plasmet.bochnia.pl\/wp-content\/uploads\/2024\/10\/mata-akustyczna-za-umywalke.jpg",800,600,false],"author_info":[],"comment_info":"","_links":{"self":[{"href":"https:\/\/plasmet.bochnia.pl\/es\/wp-json\/wp\/v2\/product\/14936","targetHints":{"allow":["GET"]}}],"collection":[{"href":"https:\/\/plasmet.bochnia.pl\/es\/wp-json\/wp\/v2\/product"}],"about":[{"href":"https:\/\/plasmet.bochnia.pl\/es\/wp-json\/wp\/v2\/types\/product"}],"wp:featuredmedia":[{"embeddable":true,"href":"https:\/\/plasmet.bochnia.pl\/es\/wp-json\/wp\/v2\/media\/14937"}],"wp:attachment":[{"href":"https:\/\/plasmet.bochnia.pl\/es\/wp-json\/wp\/v2\/media?parent=14936"}],"wp:term":[{"taxonomy":"product_brand","embeddable":true,"href":"https:\/\/plasmet.bochnia.pl\/es\/wp-json\/wp\/v2\/product_brand?post=14936"},{"taxonomy":"product_cat","embeddable":true,"href":"https:\/\/plasmet.bochnia.pl\/es\/wp-json\/wp\/v2\/product_cat?post=14936"},{"taxonomy":"product_tag","embeddable":true,"href":"https:\/\/plasmet.bochnia.pl\/es\/wp-json\/wp\/v2\/product_tag?post=14936"}],"curies":[{"name":"wp","href":"https:\/\/api.w.org\/{rel}","templated":true}]}}