{"id":14912,"date":"2024-10-21T11:17:47","date_gmt":"2024-10-21T09:17:47","guid":{"rendered":"https:\/\/plasmet.bochnia.pl\/produkt\/alfombra-acustica-para-wc-de-pie-colgada-de-la-pared\/"},"modified":"2024-10-21T11:17:47","modified_gmt":"2024-10-21T09:17:47","slug":"alfombra-acustica-para-wc-de-pie-colgada-de-la-pared","status":"publish","type":"product","link":"https:\/\/plasmet.bochnia.pl\/es\/producto\/alfombra-acustica-para-wc-de-pie-colgada-de-la-pared\/","title":{"rendered":"Alfombra ac\u00fastica para WC de pie, colgada de la pared"},"content":{"rendered":"<h2>Alfombrilla ac\u00fastica para WC de suelo\/colgante<\/h2>\n<p><strong>La alfombrilla ac\u00fastica<\/strong> para inodoro es una soluci\u00f3n innovadora para quienes valoran el funcionamiento silencioso y c\u00f3modo de su sistema sanitario. Fabricada con materiales duraderos, la alfombrilla reduce los ruidos asociados al funcionamiento del inodoro, como la descarga y el flujo de agua. Ideal tanto para inodoros verticales como murales, la alfombrilla es perfecta para cuartos de ba\u00f1o dom\u00e9sticos, hoteles y oficinas. La alfombrilla tiene recortes espec\u00edficos para facilitar su instalaci\u00f3n.   <\/p>\n<h3>\u00bfPor qu\u00e9 elegir una alfombrilla ac\u00fastica para tu aseo?<\/h3>\n<ul>\n<li>Reducci\u00f3n eficaz del ruido generado por el sistema de WC,<\/li>\n<li>Puede instalarse en todos los inodoros verticales y murales, gracias a su adaptabilidad a la forma de la taza,<\/li>\n<li>Instalaci\u00f3n sencilla gracias a los recortes espec\u00edficos, sin necesidad de herramientas especiales,<\/li>\n<li>Mejora el confort de los aseos, sobre todo en edificios plurifamiliares,<\/li>\n<li>Fabricado con material duradero resistente a la humedad y al uso diario.<\/li>\n<\/ul>\n<p>La alfombrilla ac\u00fastica para inodoro es la soluci\u00f3n perfecta para quienes desean reducir el ruido en su cuarto de ba\u00f1o y aportar mayor discreci\u00f3n. Es ideal tanto para inodoros de pie como suspendidos, y ofrece comodidad y est\u00e9tica durante a\u00f1os. <\/p>\n","protected":false},"excerpt":{"rendered":"<p><strong>La alfombrilla ac\u00fastica<\/strong> para WC es un componente aislante especializado que reduce el ruido de la descarga y el funcionamiento del sistema de WC. Dise\u00f1ada para instalarse en inodoros murales y de pie, proporciona un funcionamiento m\u00e1s silencioso del sistema sanitario y un confort adicional. Color: blanco.  <\/p>\n","protected":false},"featured_media":14914,"template":"","meta":{"_acf_changed":false,"_kad_blocks_custom_css":"","_kad_blocks_head_custom_js":"","_kad_blocks_body_custom_js":"","_kad_blocks_footer_custom_js":"","_kad_post_transparent":"","_kad_post_title":"","_kad_post_layout":"","_kad_post_sidebar_id":"","_kad_post_content_style":"","_kad_post_vertical_padding":"","_kad_post_feature":"","_kad_post_feature_position":"","_kad_post_header":false,"_kad_post_footer":false,"_kad_post_classname":""},"product_brand":[],"product_cat":[1364,1360],"product_tag":[],"class_list":{"0":"post-14912","1":"product","2":"type-product","3":"status-publish","4":"has-post-thumbnail","6":"product_cat-alfombrillas-acusticas","7":"product_cat-juntas-y-reducciones","8":"pa_kolor-blanco","10":"first","11":"instock","12":"product-type-variable","13":"entry","14":"content-bg","15":"loop-entry"},"acf":[],"yoast_head":"<!-- This site is optimized with the Yoast SEO plugin v25.1 - https:\/\/yoast.com\/wordpress\/plugins\/seo\/ -->\n<title>Alfombra ac\u00fastica para WC de pie, colgada de la pared - Plasmet<\/title>\n<meta name=\"description\" content=\"Alfombra ac\u00fastica para WC de pie, colgada de la pared \u2013 producent i hurtownia Plasmet. Oferujemy wysok\u0105 jako\u015b\u0107, szeroki wyb\u00f3r i dobre ceny. Zapraszamy do sprawdzenia oferty!\" \/>\n<meta name=\"robots\" content=\"index, follow, max-snippet:-1, max-image-preview:large, max-video-preview:-1\" \/>\n<link rel=\"canonical\" href=\"https:\/\/plasmet.bochnia.pl\/es\/producto\/alfombra-acustica-para-wc-de-pie-colgada-de-la-pared\/\" \/>\n<meta property=\"og:locale\" content=\"es_ES\" \/>\n<meta property=\"og:type\" content=\"article\" \/>\n<meta property=\"og:title\" content=\"Alfombra ac\u00fastica para WC de pie, colgada de la pared - Plasmet\" \/>\n<meta property=\"og:description\" content=\"Alfombra ac\u00fastica para WC de pie, colgada de la pared \u2013 producent i hurtownia Plasmet. Oferujemy wysok\u0105 jako\u015b\u0107, szeroki wyb\u00f3r i dobre ceny. Zapraszamy do sprawdzenia oferty!\" \/>\n<meta property=\"og:url\" content=\"https:\/\/plasmet.bochnia.pl\/es\/producto\/alfombra-acustica-para-wc-de-pie-colgada-de-la-pared\/\" \/>\n<meta property=\"og:site_name\" content=\"Plasmet\" \/>\n<meta property=\"og:image\" content=\"https:\/\/plasmet.bochnia.pl\/wp-content\/uploads\/2024\/10\/mata-akustyczna-do-wc-stojaca-wiszaca.jpg\" \/>\n\t<meta property=\"og:image:width\" content=\"800\" \/>\n\t<meta property=\"og:image:height\" content=\"600\" \/>\n\t<meta property=\"og:image:type\" content=\"image\/jpeg\" \/>\n<meta name=\"twitter:card\" content=\"summary_large_image\" \/>\n<meta name=\"twitter:label1\" content=\"Tiempo de lectura\" \/>\n\t<meta name=\"twitter:data1\" content=\"1 minuto\" \/>\n<script type=\"application\/ld+json\" class=\"yoast-schema-graph\">{\"@context\":\"https:\/\/schema.org\",\"@graph\":[{\"@type\":\"WebPage\",\"@id\":\"https:\/\/plasmet.bochnia.pl\/es\/producto\/alfombra-acustica-para-wc-de-pie-colgada-de-la-pared\/\",\"url\":\"https:\/\/plasmet.bochnia.pl\/es\/producto\/alfombra-acustica-para-wc-de-pie-colgada-de-la-pared\/\",\"name\":\"Alfombra ac\u00fastica para WC de pie, colgada de la pared - Plasmet\",\"isPartOf\":{\"@id\":\"https:\/\/plasmet.bochnia.pl\/es\/#website\"},\"primaryImageOfPage\":{\"@id\":\"https:\/\/plasmet.bochnia.pl\/es\/producto\/alfombra-acustica-para-wc-de-pie-colgada-de-la-pared\/#primaryimage\"},\"image\":{\"@id\":\"https:\/\/plasmet.bochnia.pl\/es\/producto\/alfombra-acustica-para-wc-de-pie-colgada-de-la-pared\/#primaryimage\"},\"thumbnailUrl\":\"https:\/\/plasmet.bochnia.pl\/wp-content\/uploads\/2024\/10\/mata-akustyczna-do-wc-stojaca-wiszaca.jpg\",\"datePublished\":\"2024-10-21T09:17:47+00:00\",\"description\":\"Alfombra ac\u00fastica para WC de pie, colgada de la pared \u2013 producent i hurtownia Plasmet. Oferujemy wysok\u0105 jako\u015b\u0107, szeroki wyb\u00f3r i dobre ceny. Zapraszamy do sprawdzenia oferty!\",\"breadcrumb\":{\"@id\":\"https:\/\/plasmet.bochnia.pl\/es\/producto\/alfombra-acustica-para-wc-de-pie-colgada-de-la-pared\/#breadcrumb\"},\"inLanguage\":\"es\",\"potentialAction\":[{\"@type\":\"ReadAction\",\"target\":[\"https:\/\/plasmet.bochnia.pl\/es\/producto\/alfombra-acustica-para-wc-de-pie-colgada-de-la-pared\/\"]}]},{\"@type\":\"ImageObject\",\"inLanguage\":\"es\",\"@id\":\"https:\/\/plasmet.bochnia.pl\/es\/producto\/alfombra-acustica-para-wc-de-pie-colgada-de-la-pared\/#primaryimage\",\"url\":\"https:\/\/plasmet.bochnia.pl\/wp-content\/uploads\/2024\/10\/mata-akustyczna-do-wc-stojaca-wiszaca.jpg\",\"contentUrl\":\"https:\/\/plasmet.bochnia.pl\/wp-content\/uploads\/2024\/10\/mata-akustyczna-do-wc-stojaca-wiszaca.jpg\",\"width\":800,\"height\":600},{\"@type\":\"BreadcrumbList\",\"@id\":\"https:\/\/plasmet.bochnia.pl\/es\/producto\/alfombra-acustica-para-wc-de-pie-colgada-de-la-pared\/#breadcrumb\",\"itemListElement\":[{\"@type\":\"ListItem\",\"position\":1,\"name\":\"Strona g\u0142\u00f3wna\",\"item\":\"https:\/\/plasmet.bochnia.pl\/es\/\"},{\"@type\":\"ListItem\",\"position\":2,\"name\":\"Tienda\",\"item\":\"https:\/\/plasmet.bochnia.pl\/es\/tienda\/\"},{\"@type\":\"ListItem\",\"position\":3,\"name\":\"Alfombra ac\u00fastica para WC de pie, colgada de la pared\"}]},{\"@type\":\"WebSite\",\"@id\":\"https:\/\/plasmet.bochnia.pl\/es\/#website\",\"url\":\"https:\/\/plasmet.bochnia.pl\/es\/\",\"name\":\"Plasmet\",\"description\":\"Plasmet\",\"alternateName\":\"Plasmet\",\"potentialAction\":[{\"@type\":\"SearchAction\",\"target\":{\"@type\":\"EntryPoint\",\"urlTemplate\":\"https:\/\/plasmet.bochnia.pl\/es\/?s={search_term_string}\"},\"query-input\":{\"@type\":\"PropertyValueSpecification\",\"valueRequired\":true,\"valueName\":\"search_term_string\"}}],\"inLanguage\":\"es\"}]}<\/script>\n<!-- \/ Yoast SEO plugin. -->","yoast_head_json":{"title":"Alfombra ac\u00fastica para WC de pie, colgada de la pared - Plasmet","description":"Alfombra ac\u00fastica para WC de pie, colgada de la pared \u2013 producent i hurtownia Plasmet. Oferujemy wysok\u0105 jako\u015b\u0107, szeroki wyb\u00f3r i dobre ceny. Zapraszamy do sprawdzenia oferty!","robots":{"index":"index","follow":"follow","max-snippet":"max-snippet:-1","max-image-preview":"max-image-preview:large","max-video-preview":"max-video-preview:-1"},"canonical":"https:\/\/plasmet.bochnia.pl\/es\/producto\/alfombra-acustica-para-wc-de-pie-colgada-de-la-pared\/","og_locale":"es_ES","og_type":"article","og_title":"Alfombra ac\u00fastica para WC de pie, colgada de la pared - Plasmet","og_description":"Alfombra ac\u00fastica para WC de pie, colgada de la pared \u2013 producent i hurtownia Plasmet. Oferujemy wysok\u0105 jako\u015b\u0107, szeroki wyb\u00f3r i dobre ceny. Zapraszamy do sprawdzenia oferty!","og_url":"https:\/\/plasmet.bochnia.pl\/es\/producto\/alfombra-acustica-para-wc-de-pie-colgada-de-la-pared\/","og_site_name":"Plasmet","og_image":[{"width":800,"height":600,"url":"https:\/\/plasmet.bochnia.pl\/wp-content\/uploads\/2024\/10\/mata-akustyczna-do-wc-stojaca-wiszaca.jpg","type":"image\/jpeg"}],"twitter_card":"summary_large_image","twitter_misc":{"Tiempo de lectura":"1 minuto"},"schema":{"@context":"https:\/\/schema.org","@graph":[{"@type":"WebPage","@id":"https:\/\/plasmet.bochnia.pl\/es\/producto\/alfombra-acustica-para-wc-de-pie-colgada-de-la-pared\/","url":"https:\/\/plasmet.bochnia.pl\/es\/producto\/alfombra-acustica-para-wc-de-pie-colgada-de-la-pared\/","name":"Alfombra ac\u00fastica para WC de pie, colgada de la pared - Plasmet","isPartOf":{"@id":"https:\/\/plasmet.bochnia.pl\/es\/#website"},"primaryImageOfPage":{"@id":"https:\/\/plasmet.bochnia.pl\/es\/producto\/alfombra-acustica-para-wc-de-pie-colgada-de-la-pared\/#primaryimage"},"image":{"@id":"https:\/\/plasmet.bochnia.pl\/es\/producto\/alfombra-acustica-para-wc-de-pie-colgada-de-la-pared\/#primaryimage"},"thumbnailUrl":"https:\/\/plasmet.bochnia.pl\/wp-content\/uploads\/2024\/10\/mata-akustyczna-do-wc-stojaca-wiszaca.jpg","datePublished":"2024-10-21T09:17:47+00:00","description":"Alfombra ac\u00fastica para WC de pie, colgada de la pared \u2013 producent i hurtownia Plasmet. Oferujemy wysok\u0105 jako\u015b\u0107, szeroki wyb\u00f3r i dobre ceny. Zapraszamy do sprawdzenia oferty!","breadcrumb":{"@id":"https:\/\/plasmet.bochnia.pl\/es\/producto\/alfombra-acustica-para-wc-de-pie-colgada-de-la-pared\/#breadcrumb"},"inLanguage":"es","potentialAction":[{"@type":"ReadAction","target":["https:\/\/plasmet.bochnia.pl\/es\/producto\/alfombra-acustica-para-wc-de-pie-colgada-de-la-pared\/"]}]},{"@type":"ImageObject","inLanguage":"es","@id":"https:\/\/plasmet.bochnia.pl\/es\/producto\/alfombra-acustica-para-wc-de-pie-colgada-de-la-pared\/#primaryimage","url":"https:\/\/plasmet.bochnia.pl\/wp-content\/uploads\/2024\/10\/mata-akustyczna-do-wc-stojaca-wiszaca.jpg","contentUrl":"https:\/\/plasmet.bochnia.pl\/wp-content\/uploads\/2024\/10\/mata-akustyczna-do-wc-stojaca-wiszaca.jpg","width":800,"height":600},{"@type":"BreadcrumbList","@id":"https:\/\/plasmet.bochnia.pl\/es\/producto\/alfombra-acustica-para-wc-de-pie-colgada-de-la-pared\/#breadcrumb","itemListElement":[{"@type":"ListItem","position":1,"name":"Strona g\u0142\u00f3wna","item":"https:\/\/plasmet.bochnia.pl\/es\/"},{"@type":"ListItem","position":2,"name":"Tienda","item":"https:\/\/plasmet.bochnia.pl\/es\/tienda\/"},{"@type":"ListItem","position":3,"name":"Alfombra ac\u00fastica para WC de pie, colgada de la pared"}]},{"@type":"WebSite","@id":"https:\/\/plasmet.bochnia.pl\/es\/#website","url":"https:\/\/plasmet.bochnia.pl\/es\/","name":"Plasmet","description":"Plasmet","alternateName":"Plasmet","potentialAction":[{"@type":"SearchAction","target":{"@type":"EntryPoint","urlTemplate":"https:\/\/plasmet.bochnia.pl\/es\/?s={search_term_string}"},"query-input":{"@type":"PropertyValueSpecification","valueRequired":true,"valueName":"search_term_string"}}],"inLanguage":"es"}]}},"taxonomy_info":{"product_cat":[{"value":1364,"label":"Alfombrillas ac\u00fasticas"},{"value":1360,"label":"Juntas y reducciones"}],"pa_kolor":[{"value":1383,"label":"Blanco"}]},"featured_image_src_large":["https:\/\/plasmet.bochnia.pl\/wp-content\/uploads\/2024\/10\/mata-akustyczna-do-wc-stojaca-wiszaca.jpg",800,600,false],"author_info":[],"comment_info":"","_links":{"self":[{"href":"https:\/\/plasmet.bochnia.pl\/es\/wp-json\/wp\/v2\/product\/14912","targetHints":{"allow":["GET"]}}],"collection":[{"href":"https:\/\/plasmet.bochnia.pl\/es\/wp-json\/wp\/v2\/product"}],"about":[{"href":"https:\/\/plasmet.bochnia.pl\/es\/wp-json\/wp\/v2\/types\/product"}],"wp:featuredmedia":[{"embeddable":true,"href":"https:\/\/plasmet.bochnia.pl\/es\/wp-json\/wp\/v2\/media\/14914"}],"wp:attachment":[{"href":"https:\/\/plasmet.bochnia.pl\/es\/wp-json\/wp\/v2\/media?parent=14912"}],"wp:term":[{"taxonomy":"product_brand","embeddable":true,"href":"https:\/\/plasmet.bochnia.pl\/es\/wp-json\/wp\/v2\/product_brand?post=14912"},{"taxonomy":"product_cat","embeddable":true,"href":"https:\/\/plasmet.bochnia.pl\/es\/wp-json\/wp\/v2\/product_cat?post=14912"},{"taxonomy":"product_tag","embeddable":true,"href":"https:\/\/plasmet.bochnia.pl\/es\/wp-json\/wp\/v2\/product_tag?post=14912"}],"curies":[{"name":"wp","href":"https:\/\/api.w.org\/{rel}","templated":true}]}}