{"id":14905,"date":"2024-10-21T11:17:47","date_gmt":"2024-10-21T09:17:47","guid":{"rendered":"https:\/\/plasmet.bochnia.pl\/produkt\/tapon-del-radiador-de-aluminio-junta-de-boquilla\/"},"modified":"2024-10-21T11:17:47","modified_gmt":"2024-10-21T09:17:47","slug":"tapon-del-radiador-de-aluminio-junta-de-boquilla","status":"publish","type":"product","link":"https:\/\/plasmet.bochnia.pl\/es\/producto\/tapon-del-radiador-de-aluminio-junta-de-boquilla\/","title":{"rendered":"Tap\u00f3n del radiador de aluminio \/ junta de boquilla"},"content":{"rendered":"<h2>Tap\u00f3n del radiador de aluminio \/ junta de boquilla<\/h2>\n<p><strong>La junta de aluminio del tap\u00f3n \/ boquilla del radiador<\/strong> es un componente clave en los sistemas de calefacci\u00f3n, ya que proporciona una conexi\u00f3n herm\u00e9tica entre las aletas del radiador y el tap\u00f3n y el radiador, evitando fugas. La junta est\u00e1 hecha de un material flexible y duradero que soporta perfectamente las altas temperaturas y presiones de los sistemas de calefacci\u00f3n. <\/p>\n<h3>Ventajas de la junta de aluminio del tap\u00f3n del radiador:<\/h3>\n<ul>\n<li>Resistencia a las altas temperaturas y a la presi\u00f3n,<\/li>\n<li>Cierre herm\u00e9tico para evitar fugas,<\/li>\n<li>De fibra duradera,<\/li>\n<li>Se adapta a la mayor\u00eda de radiadores de aluminio.<\/li>\n<\/ul>\n<p>La junta de aluminio del tap\u00f3n del radiador es una pieza indispensable de cualquier sistema de calefacci\u00f3n, que garantiza un funcionamiento sin problemas del radiador y evita fugas. Gracias a su alta resistencia a la temperatura, la junta garantiza un uso duradero y es la elecci\u00f3n ideal tanto para sistemas de calefacci\u00f3n dom\u00e9sticos como industriales. <\/p>\n","protected":false},"excerpt":{"rendered":"<p><strong>La junta del tap\u00f3n \/ boquilla<\/strong> del radiador de aluminio es un componente duradero y fiable que garantiza la estanqueidad de las interconexiones y los extremos del radiador de aluminio. Fabricada con fibra duradera, la junta es resistente a las altas temperaturas, lo que garantiza un rendimiento duradero. <\/p>\n","protected":false},"featured_media":14907,"template":"","meta":{"_acf_changed":false,"_kad_blocks_custom_css":"","_kad_blocks_head_custom_js":"","_kad_blocks_body_custom_js":"","_kad_blocks_footer_custom_js":"","_kad_post_transparent":"","_kad_post_title":"","_kad_post_layout":"","_kad_post_sidebar_id":"","_kad_post_content_style":"","_kad_post_vertical_padding":"","_kad_post_feature":"","_kad_post_feature_position":"","_kad_post_header":false,"_kad_post_footer":false,"_kad_post_classname":""},"product_brand":[],"product_cat":[1370,1360],"product_tag":[],"class_list":{"0":"post-14905","1":"product","2":"type-product","3":"status-publish","4":"has-post-thumbnail","6":"product_cat-juntas","7":"product_cat-juntas-y-reducciones","8":"pa_wersja-100mm-es","9":"pa_wersja-15mm-es","11":"first","12":"instock","13":"product-type-variable","14":"entry","15":"content-bg","16":"loop-entry"},"acf":[],"yoast_head":"<!-- This site is optimized with the Yoast SEO plugin v25.1 - https:\/\/yoast.com\/wordpress\/plugins\/seo\/ -->\n<title>Tap\u00f3n del radiador de aluminio \/ junta de boquilla - Plasmet<\/title>\n<meta name=\"description\" content=\"Tap\u00f3n del radiador de aluminio \/ junta de boquilla \u2013 producent i hurtownia Plasmet. Oferujemy wysok\u0105 jako\u015b\u0107, szeroki wyb\u00f3r i dobre ceny. Zapraszamy do sprawdzenia oferty!\" \/>\n<meta name=\"robots\" content=\"index, follow, max-snippet:-1, max-image-preview:large, max-video-preview:-1\" \/>\n<link rel=\"canonical\" href=\"https:\/\/plasmet.bochnia.pl\/es\/producto\/tapon-del-radiador-de-aluminio-junta-de-boquilla\/\" \/>\n<meta property=\"og:locale\" content=\"es_ES\" \/>\n<meta property=\"og:type\" content=\"article\" \/>\n<meta property=\"og:title\" content=\"Tap\u00f3n del radiador de aluminio \/ junta de boquilla - Plasmet\" \/>\n<meta property=\"og:description\" content=\"Tap\u00f3n del radiador de aluminio \/ junta de boquilla \u2013 producent i hurtownia Plasmet. Oferujemy wysok\u0105 jako\u015b\u0107, szeroki wyb\u00f3r i dobre ceny. Zapraszamy do sprawdzenia oferty!\" \/>\n<meta property=\"og:url\" content=\"https:\/\/plasmet.bochnia.pl\/es\/producto\/tapon-del-radiador-de-aluminio-junta-de-boquilla\/\" \/>\n<meta property=\"og:site_name\" content=\"Plasmet\" \/>\n<meta property=\"og:image\" content=\"https:\/\/plasmet.bochnia.pl\/wp-content\/uploads\/2024\/10\/uszczelka-korka-grzejnika-aluminiowego-1-00mm.jpg\" \/>\n\t<meta property=\"og:image:width\" content=\"800\" \/>\n\t<meta property=\"og:image:height\" content=\"600\" \/>\n\t<meta property=\"og:image:type\" content=\"image\/jpeg\" \/>\n<meta name=\"twitter:card\" content=\"summary_large_image\" \/>\n<meta name=\"twitter:label1\" content=\"Tiempo de lectura\" \/>\n\t<meta name=\"twitter:data1\" content=\"1 minuto\" \/>\n<script type=\"application\/ld+json\" class=\"yoast-schema-graph\">{\"@context\":\"https:\/\/schema.org\",\"@graph\":[{\"@type\":\"WebPage\",\"@id\":\"https:\/\/plasmet.bochnia.pl\/es\/producto\/tapon-del-radiador-de-aluminio-junta-de-boquilla\/\",\"url\":\"https:\/\/plasmet.bochnia.pl\/es\/producto\/tapon-del-radiador-de-aluminio-junta-de-boquilla\/\",\"name\":\"Tap\u00f3n del radiador de aluminio \/ junta de boquilla - Plasmet\",\"isPartOf\":{\"@id\":\"https:\/\/plasmet.bochnia.pl\/es\/#website\"},\"primaryImageOfPage\":{\"@id\":\"https:\/\/plasmet.bochnia.pl\/es\/producto\/tapon-del-radiador-de-aluminio-junta-de-boquilla\/#primaryimage\"},\"image\":{\"@id\":\"https:\/\/plasmet.bochnia.pl\/es\/producto\/tapon-del-radiador-de-aluminio-junta-de-boquilla\/#primaryimage\"},\"thumbnailUrl\":\"https:\/\/plasmet.bochnia.pl\/wp-content\/uploads\/2024\/10\/uszczelka-korka-grzejnika-aluminiowego-1-00mm.jpg\",\"datePublished\":\"2024-10-21T09:17:47+00:00\",\"description\":\"Tap\u00f3n del radiador de aluminio \/ junta de boquilla \u2013 producent i hurtownia Plasmet. Oferujemy wysok\u0105 jako\u015b\u0107, szeroki wyb\u00f3r i dobre ceny. Zapraszamy do sprawdzenia oferty!\",\"breadcrumb\":{\"@id\":\"https:\/\/plasmet.bochnia.pl\/es\/producto\/tapon-del-radiador-de-aluminio-junta-de-boquilla\/#breadcrumb\"},\"inLanguage\":\"es\",\"potentialAction\":[{\"@type\":\"ReadAction\",\"target\":[\"https:\/\/plasmet.bochnia.pl\/es\/producto\/tapon-del-radiador-de-aluminio-junta-de-boquilla\/\"]}]},{\"@type\":\"ImageObject\",\"inLanguage\":\"es\",\"@id\":\"https:\/\/plasmet.bochnia.pl\/es\/producto\/tapon-del-radiador-de-aluminio-junta-de-boquilla\/#primaryimage\",\"url\":\"https:\/\/plasmet.bochnia.pl\/wp-content\/uploads\/2024\/10\/uszczelka-korka-grzejnika-aluminiowego-1-00mm.jpg\",\"contentUrl\":\"https:\/\/plasmet.bochnia.pl\/wp-content\/uploads\/2024\/10\/uszczelka-korka-grzejnika-aluminiowego-1-00mm.jpg\",\"width\":800,\"height\":600,\"caption\":\"uszczelka-korka-grzejnika-aluminiowego-1-00mm\"},{\"@type\":\"BreadcrumbList\",\"@id\":\"https:\/\/plasmet.bochnia.pl\/es\/producto\/tapon-del-radiador-de-aluminio-junta-de-boquilla\/#breadcrumb\",\"itemListElement\":[{\"@type\":\"ListItem\",\"position\":1,\"name\":\"Strona g\u0142\u00f3wna\",\"item\":\"https:\/\/plasmet.bochnia.pl\/es\/\"},{\"@type\":\"ListItem\",\"position\":2,\"name\":\"Tienda\",\"item\":\"https:\/\/plasmet.bochnia.pl\/es\/tienda\/\"},{\"@type\":\"ListItem\",\"position\":3,\"name\":\"Tap\u00f3n del radiador de aluminio \/ junta de boquilla\"}]},{\"@type\":\"WebSite\",\"@id\":\"https:\/\/plasmet.bochnia.pl\/es\/#website\",\"url\":\"https:\/\/plasmet.bochnia.pl\/es\/\",\"name\":\"Plasmet\",\"description\":\"Plasmet\",\"alternateName\":\"Plasmet\",\"potentialAction\":[{\"@type\":\"SearchAction\",\"target\":{\"@type\":\"EntryPoint\",\"urlTemplate\":\"https:\/\/plasmet.bochnia.pl\/es\/?s={search_term_string}\"},\"query-input\":{\"@type\":\"PropertyValueSpecification\",\"valueRequired\":true,\"valueName\":\"search_term_string\"}}],\"inLanguage\":\"es\"}]}<\/script>\n<!-- \/ Yoast SEO plugin. -->","yoast_head_json":{"title":"Tap\u00f3n del radiador de aluminio \/ junta de boquilla - Plasmet","description":"Tap\u00f3n del radiador de aluminio \/ junta de boquilla \u2013 producent i hurtownia Plasmet. Oferujemy wysok\u0105 jako\u015b\u0107, szeroki wyb\u00f3r i dobre ceny. Zapraszamy do sprawdzenia oferty!","robots":{"index":"index","follow":"follow","max-snippet":"max-snippet:-1","max-image-preview":"max-image-preview:large","max-video-preview":"max-video-preview:-1"},"canonical":"https:\/\/plasmet.bochnia.pl\/es\/producto\/tapon-del-radiador-de-aluminio-junta-de-boquilla\/","og_locale":"es_ES","og_type":"article","og_title":"Tap\u00f3n del radiador de aluminio \/ junta de boquilla - Plasmet","og_description":"Tap\u00f3n del radiador de aluminio \/ junta de boquilla \u2013 producent i hurtownia Plasmet. Oferujemy wysok\u0105 jako\u015b\u0107, szeroki wyb\u00f3r i dobre ceny. Zapraszamy do sprawdzenia oferty!","og_url":"https:\/\/plasmet.bochnia.pl\/es\/producto\/tapon-del-radiador-de-aluminio-junta-de-boquilla\/","og_site_name":"Plasmet","og_image":[{"width":800,"height":600,"url":"https:\/\/plasmet.bochnia.pl\/wp-content\/uploads\/2024\/10\/uszczelka-korka-grzejnika-aluminiowego-1-00mm.jpg","type":"image\/jpeg"}],"twitter_card":"summary_large_image","twitter_misc":{"Tiempo de lectura":"1 minuto"},"schema":{"@context":"https:\/\/schema.org","@graph":[{"@type":"WebPage","@id":"https:\/\/plasmet.bochnia.pl\/es\/producto\/tapon-del-radiador-de-aluminio-junta-de-boquilla\/","url":"https:\/\/plasmet.bochnia.pl\/es\/producto\/tapon-del-radiador-de-aluminio-junta-de-boquilla\/","name":"Tap\u00f3n del radiador de aluminio \/ junta de boquilla - Plasmet","isPartOf":{"@id":"https:\/\/plasmet.bochnia.pl\/es\/#website"},"primaryImageOfPage":{"@id":"https:\/\/plasmet.bochnia.pl\/es\/producto\/tapon-del-radiador-de-aluminio-junta-de-boquilla\/#primaryimage"},"image":{"@id":"https:\/\/plasmet.bochnia.pl\/es\/producto\/tapon-del-radiador-de-aluminio-junta-de-boquilla\/#primaryimage"},"thumbnailUrl":"https:\/\/plasmet.bochnia.pl\/wp-content\/uploads\/2024\/10\/uszczelka-korka-grzejnika-aluminiowego-1-00mm.jpg","datePublished":"2024-10-21T09:17:47+00:00","description":"Tap\u00f3n del radiador de aluminio \/ junta de boquilla \u2013 producent i hurtownia Plasmet. Oferujemy wysok\u0105 jako\u015b\u0107, szeroki wyb\u00f3r i dobre ceny. Zapraszamy do sprawdzenia oferty!","breadcrumb":{"@id":"https:\/\/plasmet.bochnia.pl\/es\/producto\/tapon-del-radiador-de-aluminio-junta-de-boquilla\/#breadcrumb"},"inLanguage":"es","potentialAction":[{"@type":"ReadAction","target":["https:\/\/plasmet.bochnia.pl\/es\/producto\/tapon-del-radiador-de-aluminio-junta-de-boquilla\/"]}]},{"@type":"ImageObject","inLanguage":"es","@id":"https:\/\/plasmet.bochnia.pl\/es\/producto\/tapon-del-radiador-de-aluminio-junta-de-boquilla\/#primaryimage","url":"https:\/\/plasmet.bochnia.pl\/wp-content\/uploads\/2024\/10\/uszczelka-korka-grzejnika-aluminiowego-1-00mm.jpg","contentUrl":"https:\/\/plasmet.bochnia.pl\/wp-content\/uploads\/2024\/10\/uszczelka-korka-grzejnika-aluminiowego-1-00mm.jpg","width":800,"height":600,"caption":"uszczelka-korka-grzejnika-aluminiowego-1-00mm"},{"@type":"BreadcrumbList","@id":"https:\/\/plasmet.bochnia.pl\/es\/producto\/tapon-del-radiador-de-aluminio-junta-de-boquilla\/#breadcrumb","itemListElement":[{"@type":"ListItem","position":1,"name":"Strona g\u0142\u00f3wna","item":"https:\/\/plasmet.bochnia.pl\/es\/"},{"@type":"ListItem","position":2,"name":"Tienda","item":"https:\/\/plasmet.bochnia.pl\/es\/tienda\/"},{"@type":"ListItem","position":3,"name":"Tap\u00f3n del radiador de aluminio \/ junta de boquilla"}]},{"@type":"WebSite","@id":"https:\/\/plasmet.bochnia.pl\/es\/#website","url":"https:\/\/plasmet.bochnia.pl\/es\/","name":"Plasmet","description":"Plasmet","alternateName":"Plasmet","potentialAction":[{"@type":"SearchAction","target":{"@type":"EntryPoint","urlTemplate":"https:\/\/plasmet.bochnia.pl\/es\/?s={search_term_string}"},"query-input":{"@type":"PropertyValueSpecification","valueRequired":true,"valueName":"search_term_string"}}],"inLanguage":"es"}]}},"taxonomy_info":{"product_cat":[{"value":1370,"label":"Juntas"},{"value":1360,"label":"Juntas y reducciones"}],"pa_wersja":[{"value":1398,"label":"1,00mm"},{"value":1400,"label":"1,5mm"}]},"featured_image_src_large":["https:\/\/plasmet.bochnia.pl\/wp-content\/uploads\/2024\/10\/uszczelka-korka-grzejnika-aluminiowego-1-00mm.jpg",800,600,false],"author_info":[],"comment_info":"","_links":{"self":[{"href":"https:\/\/plasmet.bochnia.pl\/es\/wp-json\/wp\/v2\/product\/14905","targetHints":{"allow":["GET"]}}],"collection":[{"href":"https:\/\/plasmet.bochnia.pl\/es\/wp-json\/wp\/v2\/product"}],"about":[{"href":"https:\/\/plasmet.bochnia.pl\/es\/wp-json\/wp\/v2\/types\/product"}],"wp:featuredmedia":[{"embeddable":true,"href":"https:\/\/plasmet.bochnia.pl\/es\/wp-json\/wp\/v2\/media\/14907"}],"wp:attachment":[{"href":"https:\/\/plasmet.bochnia.pl\/es\/wp-json\/wp\/v2\/media?parent=14905"}],"wp:term":[{"taxonomy":"product_brand","embeddable":true,"href":"https:\/\/plasmet.bochnia.pl\/es\/wp-json\/wp\/v2\/product_brand?post=14905"},{"taxonomy":"product_cat","embeddable":true,"href":"https:\/\/plasmet.bochnia.pl\/es\/wp-json\/wp\/v2\/product_cat?post=14905"},{"taxonomy":"product_tag","embeddable":true,"href":"https:\/\/plasmet.bochnia.pl\/es\/wp-json\/wp\/v2\/product_tag?post=14905"}],"curies":[{"name":"wp","href":"https:\/\/api.w.org\/{rel}","templated":true}]}}