{"id":14902,"date":"2024-10-21T11:17:47","date_gmt":"2024-10-21T09:17:47","guid":{"rendered":"https:\/\/plasmet.bochnia.pl\/produkt\/junta-excentrica-para-grifo\/"},"modified":"2024-10-21T11:17:47","modified_gmt":"2024-10-21T09:17:47","slug":"junta-excentrica-para-grifo","status":"publish","type":"product","link":"https:\/\/plasmet.bochnia.pl\/es\/producto\/junta-excentrica-para-grifo\/","title":{"rendered":"Junta exc\u00e9ntrica para grifo"},"content":{"rendered":"<h2>Junta exc\u00e9ntrica para grifo<\/h2>\n<p><strong>La junta exc\u00e9ntrica de gri<\/strong> fo es un componente clave de cualquier instalaci\u00f3n sanitaria. Fabricada con material flexible de alta calidad, se ajusta perfectamente a los centros exc\u00e9ntricos del grifo, garantizando un cierre herm\u00e9tico y protecci\u00f3n contra las fugas de agua. El producto es resistente al agua y a la temperatura, lo que garantiza un funcionamiento duradero y sin problemas de la instalaci\u00f3n.  <\/p>\n<h3>Principales ventajas del producto:<\/h3>\n<ul>\n<li>Protecci\u00f3n eficaz contra las fugas gracias a un ajuste preciso,<\/li>\n<li>Goma flexible resistente al agua y a la temperatura,<\/li>\n<li>F\u00e1cil de instalar, ideal para usar con exc\u00e9ntricas de bater\u00eda,<\/li>\n<\/ul>\n<p>La junta exc\u00e9ntrica para grifos es una parte indispensable de cualquier instalaci\u00f3n de ba\u00f1o o cocina, ya que garantiza la estanqueidad y el funcionamiento fiable del sistema. Gracias a su durabilidad y facilidad de instalaci\u00f3n, la junta garantiza una protecci\u00f3n duradera contra las fugas, aumentando la comodidad de la grifer\u00eda. <\/p>\n","protected":false},"excerpt":{"rendered":"<p><strong>La junta exc\u00e9ntrica para grifos<\/strong> es un componente de precisi\u00f3n que garantiza conexiones a prueba de fugas en instalaciones de ba\u00f1os y cocinas. Gracias a su dise\u00f1o en material de fibra, la junta protege eficazmente contra las fugas y garantiza la durabilidad del sistema. <\/p>\n","protected":false},"featured_media":14903,"template":"","meta":{"_acf_changed":false,"_kad_blocks_custom_css":"","_kad_blocks_head_custom_js":"","_kad_blocks_body_custom_js":"","_kad_blocks_footer_custom_js":"","_kad_post_transparent":"","_kad_post_title":"","_kad_post_layout":"","_kad_post_sidebar_id":"","_kad_post_content_style":"","_kad_post_vertical_padding":"","_kad_post_feature":"","_kad_post_feature_position":"","_kad_post_header":false,"_kad_post_footer":false,"_kad_post_classname":""},"product_brand":[],"product_cat":[1370,1360],"product_tag":[],"class_list":{"0":"post-14902","1":"product","2":"type-product","3":"status-publish","4":"has-post-thumbnail","6":"product_cat-juntas","7":"product_cat-juntas-y-reducciones","8":"pa_wersja-3-4-es","10":"first","11":"instock","12":"product-type-variable","13":"entry","14":"content-bg","15":"loop-entry"},"acf":[],"yoast_head":"<!-- This site is optimized with the Yoast SEO plugin v25.1 - https:\/\/yoast.com\/wordpress\/plugins\/seo\/ -->\n<title>Junta exc\u00e9ntrica para grifo - Plasmet<\/title>\n<meta name=\"description\" content=\"Junta exc\u00e9ntrica para grifo \u2013 producent i hurtownia Plasmet. Oferujemy wysok\u0105 jako\u015b\u0107, szeroki wyb\u00f3r i dobre ceny. Zapraszamy do sprawdzenia oferty!\" \/>\n<meta name=\"robots\" content=\"index, follow, max-snippet:-1, max-image-preview:large, max-video-preview:-1\" \/>\n<link rel=\"canonical\" href=\"https:\/\/plasmet.bochnia.pl\/es\/producto\/junta-excentrica-para-grifo\/\" \/>\n<meta property=\"og:locale\" content=\"es_ES\" \/>\n<meta property=\"og:type\" content=\"article\" \/>\n<meta property=\"og:title\" content=\"Junta exc\u00e9ntrica para grifo - Plasmet\" \/>\n<meta property=\"og:description\" content=\"Junta exc\u00e9ntrica para grifo \u2013 producent i hurtownia Plasmet. Oferujemy wysok\u0105 jako\u015b\u0107, szeroki wyb\u00f3r i dobre ceny. Zapraszamy do sprawdzenia oferty!\" \/>\n<meta property=\"og:url\" content=\"https:\/\/plasmet.bochnia.pl\/es\/producto\/junta-excentrica-para-grifo\/\" \/>\n<meta property=\"og:site_name\" content=\"Plasmet\" \/>\n<meta property=\"og:image\" content=\"https:\/\/plasmet.bochnia.pl\/wp-content\/uploads\/2024\/10\/uszczelka-mimosrodowa-bateri-3-4.jpg\" \/>\n\t<meta property=\"og:image:width\" content=\"800\" \/>\n\t<meta property=\"og:image:height\" content=\"600\" \/>\n\t<meta property=\"og:image:type\" content=\"image\/jpeg\" \/>\n<meta name=\"twitter:card\" content=\"summary_large_image\" \/>\n<meta name=\"twitter:label1\" content=\"Tiempo de lectura\" \/>\n\t<meta name=\"twitter:data1\" content=\"1 minuto\" \/>\n<script type=\"application\/ld+json\" class=\"yoast-schema-graph\">{\"@context\":\"https:\/\/schema.org\",\"@graph\":[{\"@type\":\"WebPage\",\"@id\":\"https:\/\/plasmet.bochnia.pl\/es\/producto\/junta-excentrica-para-grifo\/\",\"url\":\"https:\/\/plasmet.bochnia.pl\/es\/producto\/junta-excentrica-para-grifo\/\",\"name\":\"Junta exc\u00e9ntrica para grifo - Plasmet\",\"isPartOf\":{\"@id\":\"https:\/\/plasmet.bochnia.pl\/es\/#website\"},\"primaryImageOfPage\":{\"@id\":\"https:\/\/plasmet.bochnia.pl\/es\/producto\/junta-excentrica-para-grifo\/#primaryimage\"},\"image\":{\"@id\":\"https:\/\/plasmet.bochnia.pl\/es\/producto\/junta-excentrica-para-grifo\/#primaryimage\"},\"thumbnailUrl\":\"https:\/\/plasmet.bochnia.pl\/wp-content\/uploads\/2024\/10\/uszczelka-mimosrodowa-bateri-3-4.jpg\",\"datePublished\":\"2024-10-21T09:17:47+00:00\",\"description\":\"Junta exc\u00e9ntrica para grifo \u2013 producent i hurtownia Plasmet. Oferujemy wysok\u0105 jako\u015b\u0107, szeroki wyb\u00f3r i dobre ceny. Zapraszamy do sprawdzenia oferty!\",\"breadcrumb\":{\"@id\":\"https:\/\/plasmet.bochnia.pl\/es\/producto\/junta-excentrica-para-grifo\/#breadcrumb\"},\"inLanguage\":\"es\",\"potentialAction\":[{\"@type\":\"ReadAction\",\"target\":[\"https:\/\/plasmet.bochnia.pl\/es\/producto\/junta-excentrica-para-grifo\/\"]}]},{\"@type\":\"ImageObject\",\"inLanguage\":\"es\",\"@id\":\"https:\/\/plasmet.bochnia.pl\/es\/producto\/junta-excentrica-para-grifo\/#primaryimage\",\"url\":\"https:\/\/plasmet.bochnia.pl\/wp-content\/uploads\/2024\/10\/uszczelka-mimosrodowa-bateri-3-4.jpg\",\"contentUrl\":\"https:\/\/plasmet.bochnia.pl\/wp-content\/uploads\/2024\/10\/uszczelka-mimosrodowa-bateri-3-4.jpg\",\"width\":800,\"height\":600,\"caption\":\"uszczelka-mimosrodowa-bateri-3-4\"},{\"@type\":\"BreadcrumbList\",\"@id\":\"https:\/\/plasmet.bochnia.pl\/es\/producto\/junta-excentrica-para-grifo\/#breadcrumb\",\"itemListElement\":[{\"@type\":\"ListItem\",\"position\":1,\"name\":\"Strona g\u0142\u00f3wna\",\"item\":\"https:\/\/plasmet.bochnia.pl\/es\/\"},{\"@type\":\"ListItem\",\"position\":2,\"name\":\"Tienda\",\"item\":\"https:\/\/plasmet.bochnia.pl\/es\/tienda\/\"},{\"@type\":\"ListItem\",\"position\":3,\"name\":\"Junta exc\u00e9ntrica para grifo\"}]},{\"@type\":\"WebSite\",\"@id\":\"https:\/\/plasmet.bochnia.pl\/es\/#website\",\"url\":\"https:\/\/plasmet.bochnia.pl\/es\/\",\"name\":\"Plasmet\",\"description\":\"Plasmet\",\"alternateName\":\"Plasmet\",\"potentialAction\":[{\"@type\":\"SearchAction\",\"target\":{\"@type\":\"EntryPoint\",\"urlTemplate\":\"https:\/\/plasmet.bochnia.pl\/es\/?s={search_term_string}\"},\"query-input\":{\"@type\":\"PropertyValueSpecification\",\"valueRequired\":true,\"valueName\":\"search_term_string\"}}],\"inLanguage\":\"es\"}]}<\/script>\n<!-- \/ Yoast SEO plugin. -->","yoast_head_json":{"title":"Junta exc\u00e9ntrica para grifo - Plasmet","description":"Junta exc\u00e9ntrica para grifo \u2013 producent i hurtownia Plasmet. Oferujemy wysok\u0105 jako\u015b\u0107, szeroki wyb\u00f3r i dobre ceny. Zapraszamy do sprawdzenia oferty!","robots":{"index":"index","follow":"follow","max-snippet":"max-snippet:-1","max-image-preview":"max-image-preview:large","max-video-preview":"max-video-preview:-1"},"canonical":"https:\/\/plasmet.bochnia.pl\/es\/producto\/junta-excentrica-para-grifo\/","og_locale":"es_ES","og_type":"article","og_title":"Junta exc\u00e9ntrica para grifo - Plasmet","og_description":"Junta exc\u00e9ntrica para grifo \u2013 producent i hurtownia Plasmet. Oferujemy wysok\u0105 jako\u015b\u0107, szeroki wyb\u00f3r i dobre ceny. Zapraszamy do sprawdzenia oferty!","og_url":"https:\/\/plasmet.bochnia.pl\/es\/producto\/junta-excentrica-para-grifo\/","og_site_name":"Plasmet","og_image":[{"width":800,"height":600,"url":"https:\/\/plasmet.bochnia.pl\/wp-content\/uploads\/2024\/10\/uszczelka-mimosrodowa-bateri-3-4.jpg","type":"image\/jpeg"}],"twitter_card":"summary_large_image","twitter_misc":{"Tiempo de lectura":"1 minuto"},"schema":{"@context":"https:\/\/schema.org","@graph":[{"@type":"WebPage","@id":"https:\/\/plasmet.bochnia.pl\/es\/producto\/junta-excentrica-para-grifo\/","url":"https:\/\/plasmet.bochnia.pl\/es\/producto\/junta-excentrica-para-grifo\/","name":"Junta exc\u00e9ntrica para grifo - Plasmet","isPartOf":{"@id":"https:\/\/plasmet.bochnia.pl\/es\/#website"},"primaryImageOfPage":{"@id":"https:\/\/plasmet.bochnia.pl\/es\/producto\/junta-excentrica-para-grifo\/#primaryimage"},"image":{"@id":"https:\/\/plasmet.bochnia.pl\/es\/producto\/junta-excentrica-para-grifo\/#primaryimage"},"thumbnailUrl":"https:\/\/plasmet.bochnia.pl\/wp-content\/uploads\/2024\/10\/uszczelka-mimosrodowa-bateri-3-4.jpg","datePublished":"2024-10-21T09:17:47+00:00","description":"Junta exc\u00e9ntrica para grifo \u2013 producent i hurtownia Plasmet. Oferujemy wysok\u0105 jako\u015b\u0107, szeroki wyb\u00f3r i dobre ceny. Zapraszamy do sprawdzenia oferty!","breadcrumb":{"@id":"https:\/\/plasmet.bochnia.pl\/es\/producto\/junta-excentrica-para-grifo\/#breadcrumb"},"inLanguage":"es","potentialAction":[{"@type":"ReadAction","target":["https:\/\/plasmet.bochnia.pl\/es\/producto\/junta-excentrica-para-grifo\/"]}]},{"@type":"ImageObject","inLanguage":"es","@id":"https:\/\/plasmet.bochnia.pl\/es\/producto\/junta-excentrica-para-grifo\/#primaryimage","url":"https:\/\/plasmet.bochnia.pl\/wp-content\/uploads\/2024\/10\/uszczelka-mimosrodowa-bateri-3-4.jpg","contentUrl":"https:\/\/plasmet.bochnia.pl\/wp-content\/uploads\/2024\/10\/uszczelka-mimosrodowa-bateri-3-4.jpg","width":800,"height":600,"caption":"uszczelka-mimosrodowa-bateri-3-4"},{"@type":"BreadcrumbList","@id":"https:\/\/plasmet.bochnia.pl\/es\/producto\/junta-excentrica-para-grifo\/#breadcrumb","itemListElement":[{"@type":"ListItem","position":1,"name":"Strona g\u0142\u00f3wna","item":"https:\/\/plasmet.bochnia.pl\/es\/"},{"@type":"ListItem","position":2,"name":"Tienda","item":"https:\/\/plasmet.bochnia.pl\/es\/tienda\/"},{"@type":"ListItem","position":3,"name":"Junta exc\u00e9ntrica para grifo"}]},{"@type":"WebSite","@id":"https:\/\/plasmet.bochnia.pl\/es\/#website","url":"https:\/\/plasmet.bochnia.pl\/es\/","name":"Plasmet","description":"Plasmet","alternateName":"Plasmet","potentialAction":[{"@type":"SearchAction","target":{"@type":"EntryPoint","urlTemplate":"https:\/\/plasmet.bochnia.pl\/es\/?s={search_term_string}"},"query-input":{"@type":"PropertyValueSpecification","valueRequired":true,"valueName":"search_term_string"}}],"inLanguage":"es"}]}},"taxonomy_info":{"product_cat":[{"value":1370,"label":"Juntas"},{"value":1360,"label":"Juntas y reducciones"}],"pa_wersja":[{"value":1414,"label":"3\/4"}]},"featured_image_src_large":["https:\/\/plasmet.bochnia.pl\/wp-content\/uploads\/2024\/10\/uszczelka-mimosrodowa-bateri-3-4.jpg",800,600,false],"author_info":[],"comment_info":"","_links":{"self":[{"href":"https:\/\/plasmet.bochnia.pl\/es\/wp-json\/wp\/v2\/product\/14902","targetHints":{"allow":["GET"]}}],"collection":[{"href":"https:\/\/plasmet.bochnia.pl\/es\/wp-json\/wp\/v2\/product"}],"about":[{"href":"https:\/\/plasmet.bochnia.pl\/es\/wp-json\/wp\/v2\/types\/product"}],"wp:featuredmedia":[{"embeddable":true,"href":"https:\/\/plasmet.bochnia.pl\/es\/wp-json\/wp\/v2\/media\/14903"}],"wp:attachment":[{"href":"https:\/\/plasmet.bochnia.pl\/es\/wp-json\/wp\/v2\/media?parent=14902"}],"wp:term":[{"taxonomy":"product_brand","embeddable":true,"href":"https:\/\/plasmet.bochnia.pl\/es\/wp-json\/wp\/v2\/product_brand?post=14902"},{"taxonomy":"product_cat","embeddable":true,"href":"https:\/\/plasmet.bochnia.pl\/es\/wp-json\/wp\/v2\/product_cat?post=14902"},{"taxonomy":"product_tag","embeddable":true,"href":"https:\/\/plasmet.bochnia.pl\/es\/wp-json\/wp\/v2\/product_tag?post=14902"}],"curies":[{"name":"wp","href":"https:\/\/api.w.org\/{rel}","templated":true}]}}