{"id":14853,"date":"2024-11-18T20:00:24","date_gmt":"2024-11-18T19:00:24","guid":{"rendered":"https:\/\/plasmet.bochnia.pl\/produkt\/bypass-de-la-bomba-del-horno\/"},"modified":"2024-11-18T20:00:24","modified_gmt":"2024-11-18T19:00:24","slug":"bypass-de-la-bomba-del-horno","status":"publish","type":"product","link":"https:\/\/plasmet.bochnia.pl\/es\/producto\/bypass-de-la-bomba-del-horno\/","title":{"rendered":"Bypass de la bomba del horno"},"content":{"rendered":"<h2>Bypass de la bomba del horno: flexibilidad y funcionalidad<\/h2>\n<p>El bypass de la bomba del horno es un componente pr\u00e1ctico del sistema de calefacci\u00f3n, un llamado bypass para proteger las calderas de combustible s\u00f3lido de un aumento excesivo de la temperatura y la presi\u00f3n en caso de fallo de la bomba o corte de corriente. El producto est\u00e1 disponible en versiones horizontal y vertical, con una amplia gama de di\u00e1metros de 1&#8243; (DN 25) a 2&#8243; (DN 50). El dise\u00f1o del bypass garantiza una f\u00e1cil instalaci\u00f3n y fiabilidad en el funcionamiento.<\/p>\n<h3>Especificaciones del producto<\/h3>\n<ul>\n<li>Versiones: horizontal, vertical<\/li>\n<li>Di\u00e1metros:\n<ul>\n<li>1&#8243; (DN 25)<\/li>\n<li>5\/4&#8243; (DN 32)<\/li>\n<li>6\/4&#8243; (DN 40)<\/li>\n<li>2&#8243; (DN 50)<\/li>\n<\/ul>\n<\/li>\n<li>Finalidad: sistemas de calefacci\u00f3n con bombas de circulaci\u00f3n<\/li>\n<li>Material: acero o lat\u00f3n (seg\u00fan la versi\u00f3n)<\/li>\n<\/ul>\n<h3>Aplicaci\u00f3n<\/h3>\n<p>El bypass de la bomba de la caldera se utiliza en sistemas de calefacci\u00f3n central de edificios residenciales, comerciales e industriales. El producto protege las calderas de combustible s\u00f3lido de un aumento excesivo de la temperatura y la presi\u00f3n en caso de fallo de la bomba o corte del suministro el\u00e9ctrico. <\/p>\n<h3>Ventajas del producto<\/h3>\n<ul>\n<li>Disponible en versiones horizontal y vertical para una instalaci\u00f3n flexible<\/li>\n<li>Amplia gama de di\u00e1metros para diversas aplicaciones<\/li>\n<li>Durabilidad y resistencia a las condiciones de funcionamiento en sistemas de calefacci\u00f3n<\/li>\n<li>F\u00e1cil instalaci\u00f3n en instalaciones<\/li>\n<\/ul>\n<p>El bypass de la bomba del horno es una soluci\u00f3n fiable que aumenta la funcionalidad y comodidad de los sistemas de calefacci\u00f3n, ofreciendo durabilidad y flexibilidad en el dise\u00f1o del sistema.<\/p>\n","protected":false},"excerpt":{"rendered":"<p>Derivaci\u00f3n de la bomba del horno disponible en versiones horizontal y vertical con di\u00e1metros de 1&#8243; (DN 25) a 2&#8243; (DN 50). Facilita el servicio y garantiza el funcionamiento continuo del sistema de calefacci\u00f3n. <\/p>\n","protected":false},"featured_media":14854,"template":"","meta":{"_acf_changed":false,"_kad_blocks_custom_css":"","_kad_blocks_head_custom_js":"","_kad_blocks_body_custom_js":"","_kad_blocks_footer_custom_js":"","_kad_post_transparent":"","_kad_post_title":"","_kad_post_layout":"","_kad_post_sidebar_id":"","_kad_post_content_style":"","_kad_post_vertical_padding":"","_kad_post_feature":"","_kad_post_feature_position":"","_kad_post_header":false,"_kad_post_footer":false,"_kad_post_classname":""},"product_brand":[],"product_cat":[1300,1296],"product_tag":[],"class_list":{"0":"post-14853","1":"product","2":"type-product","3":"status-publish","4":"has-post-thumbnail","6":"product_cat-grupos-de-seguridad-y-derivaciones-de-bomba","7":"product_cat-instalacion-de-calefaccion","8":"pa_wersja-1-dn-25-vertical","9":"pa_wersja-2-dn-50-vertical","10":"pa_wersja-5-4dn-32-vertical","11":"pa_wersja-6-4dn-40-vertical","12":"pa_wersja-nivel-5-4dn-32","13":"pa_wersja-nivel-6-4dn-40","14":"pa_wersja-nivel-de-1-dn-25","15":"pa_wersja-nivel-de-2-dn-50","17":"first","18":"instock","19":"product-type-variable","20":"entry","21":"content-bg","22":"loop-entry"},"acf":[],"yoast_head":"<!-- This site is optimized with the Yoast SEO plugin v25.1 - https:\/\/yoast.com\/wordpress\/plugins\/seo\/ -->\n<title>Bypass de la bomba del horno - Plasmet<\/title>\n<meta name=\"description\" content=\"Bypass de la bomba del horno \u2013 producent i hurtownia Plasmet. Oferujemy wysok\u0105 jako\u015b\u0107, szeroki wyb\u00f3r i dobre ceny. Zapraszamy do sprawdzenia oferty!\" \/>\n<meta name=\"robots\" content=\"index, follow, max-snippet:-1, max-image-preview:large, max-video-preview:-1\" \/>\n<link rel=\"canonical\" href=\"https:\/\/plasmet.bochnia.pl\/es\/producto\/bypass-de-la-bomba-del-horno\/\" \/>\n<meta property=\"og:locale\" content=\"es_ES\" \/>\n<meta property=\"og:type\" content=\"article\" \/>\n<meta property=\"og:title\" content=\"Bypass de la bomba del horno - Plasmet\" \/>\n<meta property=\"og:description\" content=\"Bypass de la bomba del horno \u2013 producent i hurtownia Plasmet. Oferujemy wysok\u0105 jako\u015b\u0107, szeroki wyb\u00f3r i dobre ceny. Zapraszamy do sprawdzenia oferty!\" \/>\n<meta property=\"og:url\" content=\"https:\/\/plasmet.bochnia.pl\/es\/producto\/bypass-de-la-bomba-del-horno\/\" \/>\n<meta property=\"og:site_name\" content=\"Plasmet\" \/>\n<meta property=\"og:image\" content=\"https:\/\/plasmet.bochnia.pl\/wp-content\/uploads\/2024\/11\/obejscie-pompy-pieca-1-dn-25-poziom.jpg\" \/>\n\t<meta property=\"og:image:width\" content=\"800\" \/>\n\t<meta property=\"og:image:height\" content=\"600\" \/>\n\t<meta property=\"og:image:type\" content=\"image\/jpeg\" \/>\n<meta name=\"twitter:card\" content=\"summary_large_image\" \/>\n<meta name=\"twitter:label1\" content=\"Tiempo de lectura\" \/>\n\t<meta name=\"twitter:data1\" content=\"1 minuto\" \/>\n<script type=\"application\/ld+json\" class=\"yoast-schema-graph\">{\"@context\":\"https:\/\/schema.org\",\"@graph\":[{\"@type\":\"WebPage\",\"@id\":\"https:\/\/plasmet.bochnia.pl\/es\/producto\/bypass-de-la-bomba-del-horno\/\",\"url\":\"https:\/\/plasmet.bochnia.pl\/es\/producto\/bypass-de-la-bomba-del-horno\/\",\"name\":\"Bypass de la bomba del horno - Plasmet\",\"isPartOf\":{\"@id\":\"https:\/\/plasmet.bochnia.pl\/es\/#website\"},\"primaryImageOfPage\":{\"@id\":\"https:\/\/plasmet.bochnia.pl\/es\/producto\/bypass-de-la-bomba-del-horno\/#primaryimage\"},\"image\":{\"@id\":\"https:\/\/plasmet.bochnia.pl\/es\/producto\/bypass-de-la-bomba-del-horno\/#primaryimage\"},\"thumbnailUrl\":\"https:\/\/plasmet.bochnia.pl\/wp-content\/uploads\/2024\/11\/obejscie-pompy-pieca-1-dn-25-poziom.jpg\",\"datePublished\":\"2024-11-18T19:00:24+00:00\",\"description\":\"Bypass de la bomba del horno \u2013 producent i hurtownia Plasmet. Oferujemy wysok\u0105 jako\u015b\u0107, szeroki wyb\u00f3r i dobre ceny. Zapraszamy do sprawdzenia oferty!\",\"breadcrumb\":{\"@id\":\"https:\/\/plasmet.bochnia.pl\/es\/producto\/bypass-de-la-bomba-del-horno\/#breadcrumb\"},\"inLanguage\":\"es\",\"potentialAction\":[{\"@type\":\"ReadAction\",\"target\":[\"https:\/\/plasmet.bochnia.pl\/es\/producto\/bypass-de-la-bomba-del-horno\/\"]}]},{\"@type\":\"ImageObject\",\"inLanguage\":\"es\",\"@id\":\"https:\/\/plasmet.bochnia.pl\/es\/producto\/bypass-de-la-bomba-del-horno\/#primaryimage\",\"url\":\"https:\/\/plasmet.bochnia.pl\/wp-content\/uploads\/2024\/11\/obejscie-pompy-pieca-1-dn-25-poziom.jpg\",\"contentUrl\":\"https:\/\/plasmet.bochnia.pl\/wp-content\/uploads\/2024\/11\/obejscie-pompy-pieca-1-dn-25-poziom.jpg\",\"width\":800,\"height\":600,\"caption\":\"obejscie-pompy-pieca-1-(dn-25)-poziom\"},{\"@type\":\"BreadcrumbList\",\"@id\":\"https:\/\/plasmet.bochnia.pl\/es\/producto\/bypass-de-la-bomba-del-horno\/#breadcrumb\",\"itemListElement\":[{\"@type\":\"ListItem\",\"position\":1,\"name\":\"Strona g\u0142\u00f3wna\",\"item\":\"https:\/\/plasmet.bochnia.pl\/es\/\"},{\"@type\":\"ListItem\",\"position\":2,\"name\":\"Tienda\",\"item\":\"https:\/\/plasmet.bochnia.pl\/es\/tienda\/\"},{\"@type\":\"ListItem\",\"position\":3,\"name\":\"Bypass de la bomba del horno\"}]},{\"@type\":\"WebSite\",\"@id\":\"https:\/\/plasmet.bochnia.pl\/es\/#website\",\"url\":\"https:\/\/plasmet.bochnia.pl\/es\/\",\"name\":\"Plasmet\",\"description\":\"Plasmet\",\"alternateName\":\"Plasmet\",\"potentialAction\":[{\"@type\":\"SearchAction\",\"target\":{\"@type\":\"EntryPoint\",\"urlTemplate\":\"https:\/\/plasmet.bochnia.pl\/es\/?s={search_term_string}\"},\"query-input\":{\"@type\":\"PropertyValueSpecification\",\"valueRequired\":true,\"valueName\":\"search_term_string\"}}],\"inLanguage\":\"es\"}]}<\/script>\n<!-- \/ Yoast SEO plugin. -->","yoast_head_json":{"title":"Bypass de la bomba del horno - Plasmet","description":"Bypass de la bomba del horno \u2013 producent i hurtownia Plasmet. Oferujemy wysok\u0105 jako\u015b\u0107, szeroki wyb\u00f3r i dobre ceny. Zapraszamy do sprawdzenia oferty!","robots":{"index":"index","follow":"follow","max-snippet":"max-snippet:-1","max-image-preview":"max-image-preview:large","max-video-preview":"max-video-preview:-1"},"canonical":"https:\/\/plasmet.bochnia.pl\/es\/producto\/bypass-de-la-bomba-del-horno\/","og_locale":"es_ES","og_type":"article","og_title":"Bypass de la bomba del horno - Plasmet","og_description":"Bypass de la bomba del horno \u2013 producent i hurtownia Plasmet. Oferujemy wysok\u0105 jako\u015b\u0107, szeroki wyb\u00f3r i dobre ceny. Zapraszamy do sprawdzenia oferty!","og_url":"https:\/\/plasmet.bochnia.pl\/es\/producto\/bypass-de-la-bomba-del-horno\/","og_site_name":"Plasmet","og_image":[{"width":800,"height":600,"url":"https:\/\/plasmet.bochnia.pl\/wp-content\/uploads\/2024\/11\/obejscie-pompy-pieca-1-dn-25-poziom.jpg","type":"image\/jpeg"}],"twitter_card":"summary_large_image","twitter_misc":{"Tiempo de lectura":"1 minuto"},"schema":{"@context":"https:\/\/schema.org","@graph":[{"@type":"WebPage","@id":"https:\/\/plasmet.bochnia.pl\/es\/producto\/bypass-de-la-bomba-del-horno\/","url":"https:\/\/plasmet.bochnia.pl\/es\/producto\/bypass-de-la-bomba-del-horno\/","name":"Bypass de la bomba del horno - Plasmet","isPartOf":{"@id":"https:\/\/plasmet.bochnia.pl\/es\/#website"},"primaryImageOfPage":{"@id":"https:\/\/plasmet.bochnia.pl\/es\/producto\/bypass-de-la-bomba-del-horno\/#primaryimage"},"image":{"@id":"https:\/\/plasmet.bochnia.pl\/es\/producto\/bypass-de-la-bomba-del-horno\/#primaryimage"},"thumbnailUrl":"https:\/\/plasmet.bochnia.pl\/wp-content\/uploads\/2024\/11\/obejscie-pompy-pieca-1-dn-25-poziom.jpg","datePublished":"2024-11-18T19:00:24+00:00","description":"Bypass de la bomba del horno \u2013 producent i hurtownia Plasmet. Oferujemy wysok\u0105 jako\u015b\u0107, szeroki wyb\u00f3r i dobre ceny. Zapraszamy do sprawdzenia oferty!","breadcrumb":{"@id":"https:\/\/plasmet.bochnia.pl\/es\/producto\/bypass-de-la-bomba-del-horno\/#breadcrumb"},"inLanguage":"es","potentialAction":[{"@type":"ReadAction","target":["https:\/\/plasmet.bochnia.pl\/es\/producto\/bypass-de-la-bomba-del-horno\/"]}]},{"@type":"ImageObject","inLanguage":"es","@id":"https:\/\/plasmet.bochnia.pl\/es\/producto\/bypass-de-la-bomba-del-horno\/#primaryimage","url":"https:\/\/plasmet.bochnia.pl\/wp-content\/uploads\/2024\/11\/obejscie-pompy-pieca-1-dn-25-poziom.jpg","contentUrl":"https:\/\/plasmet.bochnia.pl\/wp-content\/uploads\/2024\/11\/obejscie-pompy-pieca-1-dn-25-poziom.jpg","width":800,"height":600,"caption":"obejscie-pompy-pieca-1-(dn-25)-poziom"},{"@type":"BreadcrumbList","@id":"https:\/\/plasmet.bochnia.pl\/es\/producto\/bypass-de-la-bomba-del-horno\/#breadcrumb","itemListElement":[{"@type":"ListItem","position":1,"name":"Strona g\u0142\u00f3wna","item":"https:\/\/plasmet.bochnia.pl\/es\/"},{"@type":"ListItem","position":2,"name":"Tienda","item":"https:\/\/plasmet.bochnia.pl\/es\/tienda\/"},{"@type":"ListItem","position":3,"name":"Bypass de la bomba del horno"}]},{"@type":"WebSite","@id":"https:\/\/plasmet.bochnia.pl\/es\/#website","url":"https:\/\/plasmet.bochnia.pl\/es\/","name":"Plasmet","description":"Plasmet","alternateName":"Plasmet","potentialAction":[{"@type":"SearchAction","target":{"@type":"EntryPoint","urlTemplate":"https:\/\/plasmet.bochnia.pl\/es\/?s={search_term_string}"},"query-input":{"@type":"PropertyValueSpecification","valueRequired":true,"valueName":"search_term_string"}}],"inLanguage":"es"}]}},"taxonomy_info":{"product_cat":[{"value":1300,"label":"Grupos de seguridad y derivaciones de bomba"},{"value":1296,"label":"Instalaci\u00f3n de calefacci\u00f3n"}],"pa_wersja":[{"value":1784,"label":"1' (DN 25) vertical"},{"value":1787,"label":"2' (DN 50) vertical"},{"value":1785,"label":"5\/4'(DN 32) vertical"},{"value":1786,"label":"6\/4'(DN 40) vertical"},{"value":1781,"label":"Nivel 5\/4'(DN 32)"},{"value":1782,"label":"Nivel 6\/4'(DN 40)"},{"value":1780,"label":"Nivel de 1' (DN 25)"},{"value":1783,"label":"Nivel de 2' (DN 50)"}]},"featured_image_src_large":["https:\/\/plasmet.bochnia.pl\/wp-content\/uploads\/2024\/11\/obejscie-pompy-pieca-1-dn-25-poziom.jpg",800,600,false],"author_info":[],"comment_info":"","_links":{"self":[{"href":"https:\/\/plasmet.bochnia.pl\/es\/wp-json\/wp\/v2\/product\/14853","targetHints":{"allow":["GET"]}}],"collection":[{"href":"https:\/\/plasmet.bochnia.pl\/es\/wp-json\/wp\/v2\/product"}],"about":[{"href":"https:\/\/plasmet.bochnia.pl\/es\/wp-json\/wp\/v2\/types\/product"}],"wp:featuredmedia":[{"embeddable":true,"href":"https:\/\/plasmet.bochnia.pl\/es\/wp-json\/wp\/v2\/media\/14854"}],"wp:attachment":[{"href":"https:\/\/plasmet.bochnia.pl\/es\/wp-json\/wp\/v2\/media?parent=14853"}],"wp:term":[{"taxonomy":"product_brand","embeddable":true,"href":"https:\/\/plasmet.bochnia.pl\/es\/wp-json\/wp\/v2\/product_brand?post=14853"},{"taxonomy":"product_cat","embeddable":true,"href":"https:\/\/plasmet.bochnia.pl\/es\/wp-json\/wp\/v2\/product_cat?post=14853"},{"taxonomy":"product_tag","embeddable":true,"href":"https:\/\/plasmet.bochnia.pl\/es\/wp-json\/wp\/v2\/product_tag?post=14853"}],"curies":[{"name":"wp","href":"https:\/\/api.w.org\/{rel}","templated":true}]}}