{"id":14820,"date":"2024-11-18T20:00:24","date_gmt":"2024-11-18T19:00:24","guid":{"rendered":"https:\/\/plasmet.bochnia.pl\/produkt\/limpiador-de-cobre\/"},"modified":"2024-11-18T20:00:24","modified_gmt":"2024-11-18T19:00:24","slug":"limpiador-de-cobre","status":"publish","type":"product","link":"https:\/\/plasmet.bochnia.pl\/es\/producto\/limpiador-de-cobre\/","title":{"rendered":"Limpiador de cobre"},"content":{"rendered":"<h2>Limpiador de cobre: limpieza eficaz y segura<\/h2>\n<p>El Limpiador de Cobre es un producto vers\u00e1til dise\u00f1ado para eliminar la suciedad de diversas superficies sin da\u00f1arlas. Es ideal tanto para aplicaciones industriales como dom\u00e9sticas. Su estructura flexible permite limpiar con precisi\u00f3n incluso las zonas de dif\u00edcil acceso, sin da\u00f1ar las superficies que se limpian.  <\/p>\n<h3>Especificaciones del producto<\/h3>\n<ul>\n<li>Color: rojo<\/li>\n<li>Material: fibra no met\u00e1lica<\/li>\n<li>Finalidad: limpieza de superficies de tubos de cobre<\/li>\n<li>Propiedades: elasticidad, durabilidad, resistencia a la abrasi\u00f3n<\/li>\n<\/ul>\n<h3>Aplicaci\u00f3n<\/h3>\n<p>El limpiador de cobre se utiliza en diversos sectores, como la industria, la construcci\u00f3n y el hogar. Es ideal para limpiar tuber\u00edas y componentes met\u00e1licos en los que se requiere una eliminaci\u00f3n eficaz de la suciedad. <\/p>\n<h3>Ventajas del producto<\/h3>\n<ul>\n<li>Flexibilidad para limpiar zonas de dif\u00edcil acceso<\/li>\n<li>Resistente a la abrasi\u00f3n y al uso intensivo<\/li>\n<li>Uso vers\u00e1til en diversas industrias<\/li>\n<\/ul>\n<p>La fibra limpiadora no met\u00e1lica es un producto fiable para profesionales y usuarios particulares que buscan una herramienta eficaz para limpiar superficies met\u00e1licas.<\/p>\n","protected":false},"excerpt":{"rendered":"<p>Fibra limpiadora no met\u00e1lica de color rojo. Dise\u00f1ada para limpiar eficazmente las superficies de los tubos antes de soldarlos. Ideal para aplicaciones industriales y dom\u00e9sticas.  <\/p>\n","protected":false},"featured_media":14822,"template":"","meta":{"_acf_changed":false,"_kad_blocks_custom_css":"","_kad_blocks_head_custom_js":"","_kad_blocks_body_custom_js":"","_kad_blocks_footer_custom_js":"","_kad_post_transparent":"","_kad_post_title":"","_kad_post_layout":"","_kad_post_sidebar_id":"","_kad_post_content_style":"","_kad_post_vertical_padding":"","_kad_post_feature":"","_kad_post_feature_position":"","_kad_post_header":false,"_kad_post_footer":false,"_kad_post_classname":""},"product_brand":[],"product_cat":[1297,1296],"product_tag":[],"class_list":{"0":"post-14820","1":"product","2":"type-product","3":"status-publish","4":"has-post-thumbnail","6":"product_cat-accesorios-de-calefaccion","7":"product_cat-instalacion-de-calefaccion","8":"pa_kolor-rojo","9":"pa_wersja-6-x-13-es","11":"first","12":"instock","13":"product-type-variable","14":"entry","15":"content-bg","16":"loop-entry"},"acf":[],"yoast_head":"<!-- This site is optimized with the Yoast SEO plugin v25.1 - https:\/\/yoast.com\/wordpress\/plugins\/seo\/ -->\n<title>Limpiador de cobre - Plasmet<\/title>\n<meta name=\"description\" content=\"Limpiador de cobre \u2013 producent i hurtownia Plasmet. Oferujemy wysok\u0105 jako\u015b\u0107, szeroki wyb\u00f3r i dobre ceny. Zapraszamy do sprawdzenia oferty!\" \/>\n<meta name=\"robots\" content=\"index, follow, max-snippet:-1, max-image-preview:large, max-video-preview:-1\" \/>\n<link rel=\"canonical\" href=\"https:\/\/plasmet.bochnia.pl\/es\/producto\/limpiador-de-cobre\/\" \/>\n<meta property=\"og:locale\" content=\"es_ES\" \/>\n<meta property=\"og:type\" content=\"article\" \/>\n<meta property=\"og:title\" content=\"Limpiador de cobre - Plasmet\" \/>\n<meta property=\"og:description\" content=\"Limpiador de cobre \u2013 producent i hurtownia Plasmet. Oferujemy wysok\u0105 jako\u015b\u0107, szeroki wyb\u00f3r i dobre ceny. Zapraszamy do sprawdzenia oferty!\" \/>\n<meta property=\"og:url\" content=\"https:\/\/plasmet.bochnia.pl\/es\/producto\/limpiador-de-cobre\/\" \/>\n<meta property=\"og:site_name\" content=\"Plasmet\" \/>\n<meta property=\"og:image\" content=\"https:\/\/plasmet.bochnia.pl\/wp-content\/uploads\/2024\/11\/niemetaliczne-wlokno-czyszczace-6-x-13.jpg\" \/>\n\t<meta property=\"og:image:width\" content=\"800\" \/>\n\t<meta property=\"og:image:height\" content=\"600\" \/>\n\t<meta property=\"og:image:type\" content=\"image\/jpeg\" \/>\n<meta name=\"twitter:card\" content=\"summary_large_image\" \/>\n<meta name=\"twitter:label1\" content=\"Tiempo de lectura\" \/>\n\t<meta name=\"twitter:data1\" content=\"1 minuto\" \/>\n<script type=\"application\/ld+json\" class=\"yoast-schema-graph\">{\"@context\":\"https:\/\/schema.org\",\"@graph\":[{\"@type\":\"WebPage\",\"@id\":\"https:\/\/plasmet.bochnia.pl\/es\/producto\/limpiador-de-cobre\/\",\"url\":\"https:\/\/plasmet.bochnia.pl\/es\/producto\/limpiador-de-cobre\/\",\"name\":\"Limpiador de cobre - Plasmet\",\"isPartOf\":{\"@id\":\"https:\/\/plasmet.bochnia.pl\/es\/#website\"},\"primaryImageOfPage\":{\"@id\":\"https:\/\/plasmet.bochnia.pl\/es\/producto\/limpiador-de-cobre\/#primaryimage\"},\"image\":{\"@id\":\"https:\/\/plasmet.bochnia.pl\/es\/producto\/limpiador-de-cobre\/#primaryimage\"},\"thumbnailUrl\":\"https:\/\/plasmet.bochnia.pl\/wp-content\/uploads\/2024\/11\/niemetaliczne-wlokno-czyszczace-6-x-13.jpg\",\"datePublished\":\"2024-11-18T19:00:24+00:00\",\"description\":\"Limpiador de cobre \u2013 producent i hurtownia Plasmet. Oferujemy wysok\u0105 jako\u015b\u0107, szeroki wyb\u00f3r i dobre ceny. Zapraszamy do sprawdzenia oferty!\",\"breadcrumb\":{\"@id\":\"https:\/\/plasmet.bochnia.pl\/es\/producto\/limpiador-de-cobre\/#breadcrumb\"},\"inLanguage\":\"es\",\"potentialAction\":[{\"@type\":\"ReadAction\",\"target\":[\"https:\/\/plasmet.bochnia.pl\/es\/producto\/limpiador-de-cobre\/\"]}]},{\"@type\":\"ImageObject\",\"inLanguage\":\"es\",\"@id\":\"https:\/\/plasmet.bochnia.pl\/es\/producto\/limpiador-de-cobre\/#primaryimage\",\"url\":\"https:\/\/plasmet.bochnia.pl\/wp-content\/uploads\/2024\/11\/niemetaliczne-wlokno-czyszczace-6-x-13.jpg\",\"contentUrl\":\"https:\/\/plasmet.bochnia.pl\/wp-content\/uploads\/2024\/11\/niemetaliczne-wlokno-czyszczace-6-x-13.jpg\",\"width\":800,\"height\":600,\"caption\":\"niemetaliczne-wlokno-czyszczace-6-x-13\"},{\"@type\":\"BreadcrumbList\",\"@id\":\"https:\/\/plasmet.bochnia.pl\/es\/producto\/limpiador-de-cobre\/#breadcrumb\",\"itemListElement\":[{\"@type\":\"ListItem\",\"position\":1,\"name\":\"Strona g\u0142\u00f3wna\",\"item\":\"https:\/\/plasmet.bochnia.pl\/es\/\"},{\"@type\":\"ListItem\",\"position\":2,\"name\":\"Tienda\",\"item\":\"https:\/\/plasmet.bochnia.pl\/es\/tienda\/\"},{\"@type\":\"ListItem\",\"position\":3,\"name\":\"Limpiador de cobre\"}]},{\"@type\":\"WebSite\",\"@id\":\"https:\/\/plasmet.bochnia.pl\/es\/#website\",\"url\":\"https:\/\/plasmet.bochnia.pl\/es\/\",\"name\":\"Plasmet\",\"description\":\"Plasmet\",\"alternateName\":\"Plasmet\",\"potentialAction\":[{\"@type\":\"SearchAction\",\"target\":{\"@type\":\"EntryPoint\",\"urlTemplate\":\"https:\/\/plasmet.bochnia.pl\/es\/?s={search_term_string}\"},\"query-input\":{\"@type\":\"PropertyValueSpecification\",\"valueRequired\":true,\"valueName\":\"search_term_string\"}}],\"inLanguage\":\"es\"}]}<\/script>\n<!-- \/ Yoast SEO plugin. -->","yoast_head_json":{"title":"Limpiador de cobre - Plasmet","description":"Limpiador de cobre \u2013 producent i hurtownia Plasmet. Oferujemy wysok\u0105 jako\u015b\u0107, szeroki wyb\u00f3r i dobre ceny. Zapraszamy do sprawdzenia oferty!","robots":{"index":"index","follow":"follow","max-snippet":"max-snippet:-1","max-image-preview":"max-image-preview:large","max-video-preview":"max-video-preview:-1"},"canonical":"https:\/\/plasmet.bochnia.pl\/es\/producto\/limpiador-de-cobre\/","og_locale":"es_ES","og_type":"article","og_title":"Limpiador de cobre - Plasmet","og_description":"Limpiador de cobre \u2013 producent i hurtownia Plasmet. Oferujemy wysok\u0105 jako\u015b\u0107, szeroki wyb\u00f3r i dobre ceny. Zapraszamy do sprawdzenia oferty!","og_url":"https:\/\/plasmet.bochnia.pl\/es\/producto\/limpiador-de-cobre\/","og_site_name":"Plasmet","og_image":[{"width":800,"height":600,"url":"https:\/\/plasmet.bochnia.pl\/wp-content\/uploads\/2024\/11\/niemetaliczne-wlokno-czyszczace-6-x-13.jpg","type":"image\/jpeg"}],"twitter_card":"summary_large_image","twitter_misc":{"Tiempo de lectura":"1 minuto"},"schema":{"@context":"https:\/\/schema.org","@graph":[{"@type":"WebPage","@id":"https:\/\/plasmet.bochnia.pl\/es\/producto\/limpiador-de-cobre\/","url":"https:\/\/plasmet.bochnia.pl\/es\/producto\/limpiador-de-cobre\/","name":"Limpiador de cobre - Plasmet","isPartOf":{"@id":"https:\/\/plasmet.bochnia.pl\/es\/#website"},"primaryImageOfPage":{"@id":"https:\/\/plasmet.bochnia.pl\/es\/producto\/limpiador-de-cobre\/#primaryimage"},"image":{"@id":"https:\/\/plasmet.bochnia.pl\/es\/producto\/limpiador-de-cobre\/#primaryimage"},"thumbnailUrl":"https:\/\/plasmet.bochnia.pl\/wp-content\/uploads\/2024\/11\/niemetaliczne-wlokno-czyszczace-6-x-13.jpg","datePublished":"2024-11-18T19:00:24+00:00","description":"Limpiador de cobre \u2013 producent i hurtownia Plasmet. Oferujemy wysok\u0105 jako\u015b\u0107, szeroki wyb\u00f3r i dobre ceny. Zapraszamy do sprawdzenia oferty!","breadcrumb":{"@id":"https:\/\/plasmet.bochnia.pl\/es\/producto\/limpiador-de-cobre\/#breadcrumb"},"inLanguage":"es","potentialAction":[{"@type":"ReadAction","target":["https:\/\/plasmet.bochnia.pl\/es\/producto\/limpiador-de-cobre\/"]}]},{"@type":"ImageObject","inLanguage":"es","@id":"https:\/\/plasmet.bochnia.pl\/es\/producto\/limpiador-de-cobre\/#primaryimage","url":"https:\/\/plasmet.bochnia.pl\/wp-content\/uploads\/2024\/11\/niemetaliczne-wlokno-czyszczace-6-x-13.jpg","contentUrl":"https:\/\/plasmet.bochnia.pl\/wp-content\/uploads\/2024\/11\/niemetaliczne-wlokno-czyszczace-6-x-13.jpg","width":800,"height":600,"caption":"niemetaliczne-wlokno-czyszczace-6-x-13"},{"@type":"BreadcrumbList","@id":"https:\/\/plasmet.bochnia.pl\/es\/producto\/limpiador-de-cobre\/#breadcrumb","itemListElement":[{"@type":"ListItem","position":1,"name":"Strona g\u0142\u00f3wna","item":"https:\/\/plasmet.bochnia.pl\/es\/"},{"@type":"ListItem","position":2,"name":"Tienda","item":"https:\/\/plasmet.bochnia.pl\/es\/tienda\/"},{"@type":"ListItem","position":3,"name":"Limpiador de cobre"}]},{"@type":"WebSite","@id":"https:\/\/plasmet.bochnia.pl\/es\/#website","url":"https:\/\/plasmet.bochnia.pl\/es\/","name":"Plasmet","description":"Plasmet","alternateName":"Plasmet","potentialAction":[{"@type":"SearchAction","target":{"@type":"EntryPoint","urlTemplate":"https:\/\/plasmet.bochnia.pl\/es\/?s={search_term_string}"},"query-input":{"@type":"PropertyValueSpecification","valueRequired":true,"valueName":"search_term_string"}}],"inLanguage":"es"}]}},"taxonomy_info":{"product_cat":[{"value":1297,"label":"Accesorios de calefacci\u00f3n"},{"value":1296,"label":"Instalaci\u00f3n de calefacci\u00f3n"}],"pa_kolor":[{"value":1387,"label":"Rojo"}],"pa_wersja":[{"value":1421,"label":"6 x 13"}]},"featured_image_src_large":["https:\/\/plasmet.bochnia.pl\/wp-content\/uploads\/2024\/11\/niemetaliczne-wlokno-czyszczace-6-x-13.jpg",800,600,false],"author_info":[],"comment_info":"","_links":{"self":[{"href":"https:\/\/plasmet.bochnia.pl\/es\/wp-json\/wp\/v2\/product\/14820","targetHints":{"allow":["GET"]}}],"collection":[{"href":"https:\/\/plasmet.bochnia.pl\/es\/wp-json\/wp\/v2\/product"}],"about":[{"href":"https:\/\/plasmet.bochnia.pl\/es\/wp-json\/wp\/v2\/types\/product"}],"wp:featuredmedia":[{"embeddable":true,"href":"https:\/\/plasmet.bochnia.pl\/es\/wp-json\/wp\/v2\/media\/14822"}],"wp:attachment":[{"href":"https:\/\/plasmet.bochnia.pl\/es\/wp-json\/wp\/v2\/media?parent=14820"}],"wp:term":[{"taxonomy":"product_brand","embeddable":true,"href":"https:\/\/plasmet.bochnia.pl\/es\/wp-json\/wp\/v2\/product_brand?post=14820"},{"taxonomy":"product_cat","embeddable":true,"href":"https:\/\/plasmet.bochnia.pl\/es\/wp-json\/wp\/v2\/product_cat?post=14820"},{"taxonomy":"product_tag","embeddable":true,"href":"https:\/\/plasmet.bochnia.pl\/es\/wp-json\/wp\/v2\/product_tag?post=14820"}],"curies":[{"name":"wp","href":"https:\/\/api.w.org\/{rel}","templated":true}]}}