{"id":14785,"date":"2024-11-18T19:59:45","date_gmt":"2024-11-18T18:59:45","guid":{"rendered":"https:\/\/plasmet.bochnia.pl\/produkt\/colector-con-distancia-entre-agujeros-de-45-mm\/"},"modified":"2024-11-18T19:59:45","modified_gmt":"2024-11-18T18:59:45","slug":"colector-con-distancia-entre-agujeros-de-45-mm","status":"publish","type":"product","link":"https:\/\/plasmet.bochnia.pl\/es\/producto\/colector-con-distancia-entre-agujeros-de-45-mm\/","title":{"rendered":"Colector con distancia entre agujeros de 45 mm"},"content":{"rendered":"<h2>Colector con distancia entre orificios de 45 mm &#8211; ajuste y rendimiento<\/h2>\n<p>El colector de 45 mm de distancia entre orificios es un componente clave en los sistemas de calefacci\u00f3n y agua, que permite distribuir uniformemente el medio a los consumidores individuales. El producto est\u00e1 disponible en una amplia gama de tama\u00f1os, de 2 a 14 orificios, lo que permite un ajuste preciso a las necesidades individuales del sistema. La construcci\u00f3n robusta y la distancia est\u00e1ndar entre orificios garantizan la compatibilidad con diversos componentes de la instalaci\u00f3n.  <\/p>\n<h3>Especificaciones del producto<\/h3>\n<ul>\n<li>Distancia entre agujeros: 45 mm<\/li>\n<li>Versiones disponibles:\n<ul>\n<li>2 agujeros<\/li>\n<li>3 agujeros<\/li>\n<li>4 agujeros<\/li>\n<li>5 agujeros<\/li>\n<li>6 agujeros<\/li>\n<li>7 agujeros<\/li>\n<li>8 agujeros<\/li>\n<li>9 hoyos<\/li>\n<li>10 agujeros<\/li>\n<li>11 agujeros<\/li>\n<li>12 agujeros<\/li>\n<li>13 agujeros<\/li>\n<li>14 agujeros<\/li>\n<\/ul>\n<\/li>\n<li>Finalidad: instalaciones de calefacci\u00f3n y agua<\/li>\n<li>Material: lat\u00f3n<\/li>\n<\/ul>\n<h3>Aplicaci\u00f3n<\/h3>\n<p>El colector de 45 mm de separaci\u00f3n se utiliza para sistemas de agua y calefacci\u00f3n en edificios residenciales, comerciales e industriales. La amplia gama de versiones permite adaptar el producto individualmente a un proyecto concreto, garantizando un funcionamiento eficiente y eficaz del sistema. <\/p>\n<h3>Ventajas del producto<\/h3>\n<ul>\n<li>Disponible en 13 versiones (de 2 a 14 agujeros)<\/li>\n<li>Distancia est\u00e1ndar de 45 mm para uso universal<\/li>\n<li>Compatible con una amplia gama de componentes<\/li>\n<li>Dise\u00f1o duradero adecuado para su uso en sistemas de calefacci\u00f3n y agua<\/li>\n<li>F\u00e1cil instalaci\u00f3n y flexibilidad de dise\u00f1o<\/li>\n<\/ul>\n<p>El colector de 45 mm de distancia entre orificios es una elecci\u00f3n fiable para instaladores y dise\u00f1adores de sistemas de agua y calefacci\u00f3n. Con una amplia gama de tama\u00f1os, el producto satisface los requisitos de las instalaciones m\u00e1s exigentes. <\/p>\n","protected":false},"excerpt":{"rendered":"<p>Colector con una distancia entre orificios de 45 mm, disponible en versiones de 2 a 14 orificios. Dise\u00f1ado para distribuir uniformemente el medio en instalaciones de calefacci\u00f3n y agua. <\/p>\n","protected":false},"featured_media":14791,"template":"","meta":{"_acf_changed":false,"_kad_blocks_custom_css":"","_kad_blocks_head_custom_js":"","_kad_blocks_body_custom_js":"","_kad_blocks_footer_custom_js":"","_kad_post_transparent":"","_kad_post_title":"","_kad_post_layout":"","_kad_post_sidebar_id":"","_kad_post_content_style":"","_kad_post_vertical_padding":"","_kad_post_feature":"","_kad_post_feature_position":"","_kad_post_header":false,"_kad_post_footer":false,"_kad_post_classname":""},"product_brand":[],"product_cat":[1302,1296],"product_tag":[],"class_list":{"0":"post-14785","1":"product","2":"type-product","3":"status-publish","4":"has-post-thumbnail","6":"product_cat-distribuidores","7":"product_cat-instalacion-de-calefaccion","8":"pa_wersja-10-agujeros","9":"pa_wersja-11-agujeros","10":"pa_wersja-12-agujeros","11":"pa_wersja-13-agujeros","12":"pa_wersja-14-agujeros","13":"pa_wersja-2-agujeros-2","14":"pa_wersja-3-agujeros-2","15":"pa_wersja-4-agujeros-2","16":"pa_wersja-5-agujeros-2","17":"pa_wersja-6-agujeros","18":"pa_wersja-7-agujeros","19":"pa_wersja-8-agujeros","20":"pa_wersja-9-hoyos","22":"first","23":"instock","24":"product-type-variable","25":"entry","26":"content-bg","27":"loop-entry"},"acf":[],"yoast_head":"<!-- This site is optimized with the Yoast SEO plugin v25.1 - https:\/\/yoast.com\/wordpress\/plugins\/seo\/ -->\n<title>Colector con distancia entre agujeros de 45 mm - Plasmet<\/title>\n<meta name=\"description\" content=\"Colector con distancia entre agujeros de 45 mm \u2013 producent i hurtownia Plasmet. Oferujemy wysok\u0105 jako\u015b\u0107, szeroki wyb\u00f3r i dobre ceny. Zapraszamy do sprawdzenia oferty!\" \/>\n<meta name=\"robots\" content=\"index, follow, max-snippet:-1, max-image-preview:large, max-video-preview:-1\" \/>\n<link rel=\"canonical\" href=\"https:\/\/plasmet.bochnia.pl\/es\/producto\/colector-con-distancia-entre-agujeros-de-45-mm\/\" \/>\n<meta property=\"og:locale\" content=\"es_ES\" \/>\n<meta property=\"og:type\" content=\"article\" \/>\n<meta property=\"og:title\" content=\"Colector con distancia entre agujeros de 45 mm - Plasmet\" \/>\n<meta property=\"og:description\" content=\"Colector con distancia entre agujeros de 45 mm \u2013 producent i hurtownia Plasmet. Oferujemy wysok\u0105 jako\u015b\u0107, szeroki wyb\u00f3r i dobre ceny. Zapraszamy do sprawdzenia oferty!\" \/>\n<meta property=\"og:url\" content=\"https:\/\/plasmet.bochnia.pl\/es\/producto\/colector-con-distancia-entre-agujeros-de-45-mm\/\" \/>\n<meta property=\"og:site_name\" content=\"Plasmet\" \/>\n<meta property=\"og:image\" content=\"https:\/\/plasmet.bochnia.pl\/wp-content\/uploads\/2024\/11\/rozdzielacz-o-rozstawie-otworow-45-mm-2-otwory.jpg\" \/>\n\t<meta property=\"og:image:width\" content=\"800\" \/>\n\t<meta property=\"og:image:height\" content=\"600\" \/>\n\t<meta property=\"og:image:type\" content=\"image\/jpeg\" \/>\n<meta name=\"twitter:card\" content=\"summary_large_image\" \/>\n<meta name=\"twitter:label1\" content=\"Tiempo de lectura\" \/>\n\t<meta name=\"twitter:data1\" content=\"1 minuto\" \/>\n<script type=\"application\/ld+json\" class=\"yoast-schema-graph\">{\"@context\":\"https:\/\/schema.org\",\"@graph\":[{\"@type\":\"WebPage\",\"@id\":\"https:\/\/plasmet.bochnia.pl\/es\/producto\/colector-con-distancia-entre-agujeros-de-45-mm\/\",\"url\":\"https:\/\/plasmet.bochnia.pl\/es\/producto\/colector-con-distancia-entre-agujeros-de-45-mm\/\",\"name\":\"Colector con distancia entre agujeros de 45 mm - Plasmet\",\"isPartOf\":{\"@id\":\"https:\/\/plasmet.bochnia.pl\/es\/#website\"},\"primaryImageOfPage\":{\"@id\":\"https:\/\/plasmet.bochnia.pl\/es\/producto\/colector-con-distancia-entre-agujeros-de-45-mm\/#primaryimage\"},\"image\":{\"@id\":\"https:\/\/plasmet.bochnia.pl\/es\/producto\/colector-con-distancia-entre-agujeros-de-45-mm\/#primaryimage\"},\"thumbnailUrl\":\"https:\/\/plasmet.bochnia.pl\/wp-content\/uploads\/2024\/11\/rozdzielacz-o-rozstawie-otworow-45-mm-2-otwory.jpg\",\"datePublished\":\"2024-11-18T18:59:45+00:00\",\"description\":\"Colector con distancia entre agujeros de 45 mm \u2013 producent i hurtownia Plasmet. Oferujemy wysok\u0105 jako\u015b\u0107, szeroki wyb\u00f3r i dobre ceny. Zapraszamy do sprawdzenia oferty!\",\"breadcrumb\":{\"@id\":\"https:\/\/plasmet.bochnia.pl\/es\/producto\/colector-con-distancia-entre-agujeros-de-45-mm\/#breadcrumb\"},\"inLanguage\":\"es\",\"potentialAction\":[{\"@type\":\"ReadAction\",\"target\":[\"https:\/\/plasmet.bochnia.pl\/es\/producto\/colector-con-distancia-entre-agujeros-de-45-mm\/\"]}]},{\"@type\":\"ImageObject\",\"inLanguage\":\"es\",\"@id\":\"https:\/\/plasmet.bochnia.pl\/es\/producto\/colector-con-distancia-entre-agujeros-de-45-mm\/#primaryimage\",\"url\":\"https:\/\/plasmet.bochnia.pl\/wp-content\/uploads\/2024\/11\/rozdzielacz-o-rozstawie-otworow-45-mm-2-otwory.jpg\",\"contentUrl\":\"https:\/\/plasmet.bochnia.pl\/wp-content\/uploads\/2024\/11\/rozdzielacz-o-rozstawie-otworow-45-mm-2-otwory.jpg\",\"width\":800,\"height\":600,\"caption\":\"rozdzielacz-o-rozstawie-otworow-45-mm-2-otwory\"},{\"@type\":\"BreadcrumbList\",\"@id\":\"https:\/\/plasmet.bochnia.pl\/es\/producto\/colector-con-distancia-entre-agujeros-de-45-mm\/#breadcrumb\",\"itemListElement\":[{\"@type\":\"ListItem\",\"position\":1,\"name\":\"Strona g\u0142\u00f3wna\",\"item\":\"https:\/\/plasmet.bochnia.pl\/es\/\"},{\"@type\":\"ListItem\",\"position\":2,\"name\":\"Tienda\",\"item\":\"https:\/\/plasmet.bochnia.pl\/es\/tienda\/\"},{\"@type\":\"ListItem\",\"position\":3,\"name\":\"Colector con distancia entre agujeros de 45 mm\"}]},{\"@type\":\"WebSite\",\"@id\":\"https:\/\/plasmet.bochnia.pl\/es\/#website\",\"url\":\"https:\/\/plasmet.bochnia.pl\/es\/\",\"name\":\"Plasmet\",\"description\":\"Plasmet\",\"alternateName\":\"Plasmet\",\"potentialAction\":[{\"@type\":\"SearchAction\",\"target\":{\"@type\":\"EntryPoint\",\"urlTemplate\":\"https:\/\/plasmet.bochnia.pl\/es\/?s={search_term_string}\"},\"query-input\":{\"@type\":\"PropertyValueSpecification\",\"valueRequired\":true,\"valueName\":\"search_term_string\"}}],\"inLanguage\":\"es\"}]}<\/script>\n<!-- \/ Yoast SEO plugin. -->","yoast_head_json":{"title":"Colector con distancia entre agujeros de 45 mm - Plasmet","description":"Colector con distancia entre agujeros de 45 mm \u2013 producent i hurtownia Plasmet. Oferujemy wysok\u0105 jako\u015b\u0107, szeroki wyb\u00f3r i dobre ceny. Zapraszamy do sprawdzenia oferty!","robots":{"index":"index","follow":"follow","max-snippet":"max-snippet:-1","max-image-preview":"max-image-preview:large","max-video-preview":"max-video-preview:-1"},"canonical":"https:\/\/plasmet.bochnia.pl\/es\/producto\/colector-con-distancia-entre-agujeros-de-45-mm\/","og_locale":"es_ES","og_type":"article","og_title":"Colector con distancia entre agujeros de 45 mm - Plasmet","og_description":"Colector con distancia entre agujeros de 45 mm \u2013 producent i hurtownia Plasmet. Oferujemy wysok\u0105 jako\u015b\u0107, szeroki wyb\u00f3r i dobre ceny. Zapraszamy do sprawdzenia oferty!","og_url":"https:\/\/plasmet.bochnia.pl\/es\/producto\/colector-con-distancia-entre-agujeros-de-45-mm\/","og_site_name":"Plasmet","og_image":[{"width":800,"height":600,"url":"https:\/\/plasmet.bochnia.pl\/wp-content\/uploads\/2024\/11\/rozdzielacz-o-rozstawie-otworow-45-mm-2-otwory.jpg","type":"image\/jpeg"}],"twitter_card":"summary_large_image","twitter_misc":{"Tiempo de lectura":"1 minuto"},"schema":{"@context":"https:\/\/schema.org","@graph":[{"@type":"WebPage","@id":"https:\/\/plasmet.bochnia.pl\/es\/producto\/colector-con-distancia-entre-agujeros-de-45-mm\/","url":"https:\/\/plasmet.bochnia.pl\/es\/producto\/colector-con-distancia-entre-agujeros-de-45-mm\/","name":"Colector con distancia entre agujeros de 45 mm - Plasmet","isPartOf":{"@id":"https:\/\/plasmet.bochnia.pl\/es\/#website"},"primaryImageOfPage":{"@id":"https:\/\/plasmet.bochnia.pl\/es\/producto\/colector-con-distancia-entre-agujeros-de-45-mm\/#primaryimage"},"image":{"@id":"https:\/\/plasmet.bochnia.pl\/es\/producto\/colector-con-distancia-entre-agujeros-de-45-mm\/#primaryimage"},"thumbnailUrl":"https:\/\/plasmet.bochnia.pl\/wp-content\/uploads\/2024\/11\/rozdzielacz-o-rozstawie-otworow-45-mm-2-otwory.jpg","datePublished":"2024-11-18T18:59:45+00:00","description":"Colector con distancia entre agujeros de 45 mm \u2013 producent i hurtownia Plasmet. Oferujemy wysok\u0105 jako\u015b\u0107, szeroki wyb\u00f3r i dobre ceny. Zapraszamy do sprawdzenia oferty!","breadcrumb":{"@id":"https:\/\/plasmet.bochnia.pl\/es\/producto\/colector-con-distancia-entre-agujeros-de-45-mm\/#breadcrumb"},"inLanguage":"es","potentialAction":[{"@type":"ReadAction","target":["https:\/\/plasmet.bochnia.pl\/es\/producto\/colector-con-distancia-entre-agujeros-de-45-mm\/"]}]},{"@type":"ImageObject","inLanguage":"es","@id":"https:\/\/plasmet.bochnia.pl\/es\/producto\/colector-con-distancia-entre-agujeros-de-45-mm\/#primaryimage","url":"https:\/\/plasmet.bochnia.pl\/wp-content\/uploads\/2024\/11\/rozdzielacz-o-rozstawie-otworow-45-mm-2-otwory.jpg","contentUrl":"https:\/\/plasmet.bochnia.pl\/wp-content\/uploads\/2024\/11\/rozdzielacz-o-rozstawie-otworow-45-mm-2-otwory.jpg","width":800,"height":600,"caption":"rozdzielacz-o-rozstawie-otworow-45-mm-2-otwory"},{"@type":"BreadcrumbList","@id":"https:\/\/plasmet.bochnia.pl\/es\/producto\/colector-con-distancia-entre-agujeros-de-45-mm\/#breadcrumb","itemListElement":[{"@type":"ListItem","position":1,"name":"Strona g\u0142\u00f3wna","item":"https:\/\/plasmet.bochnia.pl\/es\/"},{"@type":"ListItem","position":2,"name":"Tienda","item":"https:\/\/plasmet.bochnia.pl\/es\/tienda\/"},{"@type":"ListItem","position":3,"name":"Colector con distancia entre agujeros de 45 mm"}]},{"@type":"WebSite","@id":"https:\/\/plasmet.bochnia.pl\/es\/#website","url":"https:\/\/plasmet.bochnia.pl\/es\/","name":"Plasmet","description":"Plasmet","alternateName":"Plasmet","potentialAction":[{"@type":"SearchAction","target":{"@type":"EntryPoint","urlTemplate":"https:\/\/plasmet.bochnia.pl\/es\/?s={search_term_string}"},"query-input":{"@type":"PropertyValueSpecification","valueRequired":true,"valueName":"search_term_string"}}],"inLanguage":"es"}]}},"taxonomy_info":{"product_cat":[{"value":1302,"label":"Distribuidores"},{"value":1296,"label":"Instalaci\u00f3n de calefacci\u00f3n"}],"pa_wersja":[{"value":1742,"label":"10 agujeros"},{"value":1743,"label":"11 agujeros"},{"value":1744,"label":"12 agujeros"},{"value":1745,"label":"13 agujeros"},{"value":1771,"label":"14 agujeros"},{"value":1765,"label":"2 agujeros"},{"value":1767,"label":"3 agujeros"},{"value":1769,"label":"4 agujeros"},{"value":1770,"label":"5 agujeros"},{"value":1738,"label":"6 agujeros"},{"value":1739,"label":"7 agujeros"},{"value":1740,"label":"8 agujeros"},{"value":1741,"label":"9 hoyos"}]},"featured_image_src_large":["https:\/\/plasmet.bochnia.pl\/wp-content\/uploads\/2024\/11\/rozdzielacz-o-rozstawie-otworow-45-mm-2-otwory.jpg",800,600,false],"author_info":[],"comment_info":"","_links":{"self":[{"href":"https:\/\/plasmet.bochnia.pl\/es\/wp-json\/wp\/v2\/product\/14785","targetHints":{"allow":["GET"]}}],"collection":[{"href":"https:\/\/plasmet.bochnia.pl\/es\/wp-json\/wp\/v2\/product"}],"about":[{"href":"https:\/\/plasmet.bochnia.pl\/es\/wp-json\/wp\/v2\/types\/product"}],"wp:featuredmedia":[{"embeddable":true,"href":"https:\/\/plasmet.bochnia.pl\/es\/wp-json\/wp\/v2\/media\/14791"}],"wp:attachment":[{"href":"https:\/\/plasmet.bochnia.pl\/es\/wp-json\/wp\/v2\/media?parent=14785"}],"wp:term":[{"taxonomy":"product_brand","embeddable":true,"href":"https:\/\/plasmet.bochnia.pl\/es\/wp-json\/wp\/v2\/product_brand?post=14785"},{"taxonomy":"product_cat","embeddable":true,"href":"https:\/\/plasmet.bochnia.pl\/es\/wp-json\/wp\/v2\/product_cat?post=14785"},{"taxonomy":"product_tag","embeddable":true,"href":"https:\/\/plasmet.bochnia.pl\/es\/wp-json\/wp\/v2\/product_tag?post=14785"}],"curies":[{"name":"wp","href":"https:\/\/api.w.org\/{rel}","templated":true}]}}