{"id":14714,"date":"2024-11-25T14:52:18","date_gmt":"2024-11-25T13:52:18","guid":{"rendered":"https:\/\/plasmet.bochnia.pl\/produkt\/escudo-de-lavabo-cromado\/"},"modified":"2024-11-25T14:52:18","modified_gmt":"2024-11-25T13:52:18","slug":"escudo-de-lavabo-cromado","status":"publish","type":"product","link":"https:\/\/plasmet.bochnia.pl\/es\/producto\/escudo-de-lavabo-cromado\/","title":{"rendered":"Escudo de lavabo cromado"},"content":{"rendered":"<h2>Escudo de lavabo cromado<\/h2>\n<p>El escudo cromado para lavabo es una soluci\u00f3n elegante dise\u00f1ada para enmascarar y rematar est\u00e9ticamente los orificios de rebose de los lavabos. Con un di\u00e1metro de 19 mm, encaja perfectamente en la mayor\u00eda de los modelos est\u00e1ndar. Fabricado con materiales de alta calidad, garantiza no s\u00f3lo durabilidad, sino tambi\u00e9n resistencia al uso diario y a los efectos del agua y los detergentes.  <\/p>\n<h3>Especificaciones del producto<\/h3>\n<ul>\n<li>Tipo: escudo de lavabo<\/li>\n<li>Di\u00e1metro: 19 mm<\/li>\n<li>Material: superficie cromada altamente resistente<\/li>\n<li>Aplicaci\u00f3n: Cubrir los orificios de rebose de los lavabos<\/li>\n<li>Acabado: cromado brillante<\/li>\n<\/ul>\n<h3>Aplicaci\u00f3n<\/h3>\n<p>El producto est\u00e1 dedicado al uso en cuartos de ba\u00f1o en los que el enmascaramiento de los orificios de rebose requiere una soluci\u00f3n duradera y est\u00e9ticamente agradable. El escudo cromado da al lavabo un aspecto moderno y proporciona un acabado duradero. <\/p>\n<h3>Ventajas del producto<\/h3>\n<ul>\n<li>Alta est\u00e9tica gracias al acabado cromado<\/li>\n<li>Resistente a la humedad y a los detergentes<\/li>\n<li>F\u00e1cil instalaci\u00f3n para la mayor\u00eda de los lavabos est\u00e1ndar<\/li>\n<li>Dise\u00f1o duradero para una larga vida \u00fatil<\/li>\n<\/ul>\n<p>El escudo cromado para lavabo es una combinaci\u00f3n de est\u00e9tica y funcionalidad que complementa a la perfecci\u00f3n cualquier cuarto de ba\u00f1o, ofreciendo un acabado duradero y elegante a los orificios de rebosadero.<\/p>\n","protected":false},"excerpt":{"rendered":"<p>Escudo de lavabo cromado de 19 mm de di\u00e1metro, ideal para enmascarar y rematar est\u00e9ticamente los orificios de rebose de los lavabos. Duradero y resistente al uso diario. <\/p>\n","protected":false},"featured_media":14716,"template":"","meta":{"_acf_changed":false,"_kad_blocks_custom_css":"","_kad_blocks_head_custom_js":"","_kad_blocks_body_custom_js":"","_kad_blocks_footer_custom_js":"","_kad_post_transparent":"","_kad_post_title":"","_kad_post_layout":"","_kad_post_sidebar_id":"","_kad_post_content_style":"","_kad_post_vertical_padding":"","_kad_post_feature":"","_kad_post_feature_position":"","_kad_post_header":false,"_kad_post_footer":false,"_kad_post_classname":""},"product_brand":[],"product_cat":[1296,1304],"product_tag":[],"class_list":{"0":"post-14714","1":"product","2":"type-product","3":"status-publish","4":"has-post-thumbnail","6":"product_cat-instalacion-de-calefaccion","7":"product_cat-rosetas-de-cobertura","8":"pa_kolor-cromo","10":"first","11":"instock","12":"taxable","13":"shipping-taxable","14":"product-type-variable","15":"entry","16":"content-bg","17":"loop-entry"},"acf":[],"yoast_head":"<!-- This site is optimized with the Yoast SEO plugin v25.1 - https:\/\/yoast.com\/wordpress\/plugins\/seo\/ -->\n<title>Escudo de lavabo cromado - Plasmet<\/title>\n<meta name=\"description\" content=\"Escudo de lavabo cromado \u2013 producent i hurtownia Plasmet. Oferujemy wysok\u0105 jako\u015b\u0107, szeroki wyb\u00f3r i dobre ceny. Zapraszamy do sprawdzenia oferty!\" \/>\n<meta name=\"robots\" content=\"index, follow, max-snippet:-1, max-image-preview:large, max-video-preview:-1\" \/>\n<link rel=\"canonical\" href=\"https:\/\/plasmet.bochnia.pl\/es\/producto\/escudo-de-lavabo-cromado\/\" \/>\n<meta property=\"og:locale\" content=\"es_ES\" \/>\n<meta property=\"og:type\" content=\"article\" \/>\n<meta property=\"og:title\" content=\"Escudo de lavabo cromado - Plasmet\" \/>\n<meta property=\"og:description\" content=\"Escudo de lavabo cromado \u2013 producent i hurtownia Plasmet. Oferujemy wysok\u0105 jako\u015b\u0107, szeroki wyb\u00f3r i dobre ceny. Zapraszamy do sprawdzenia oferty!\" \/>\n<meta property=\"og:url\" content=\"https:\/\/plasmet.bochnia.pl\/es\/producto\/escudo-de-lavabo-cromado\/\" \/>\n<meta property=\"og:site_name\" content=\"Plasmet\" \/>\n<meta property=\"og:image\" content=\"https:\/\/plasmet.bochnia.pl\/wp-content\/uploads\/2024\/10\/rozetka-umywalkowa-chromowana-biala.jpg\" \/>\n\t<meta property=\"og:image:width\" content=\"800\" \/>\n\t<meta property=\"og:image:height\" content=\"600\" \/>\n\t<meta property=\"og:image:type\" content=\"image\/jpeg\" \/>\n<meta name=\"twitter:card\" content=\"summary_large_image\" \/>\n<meta name=\"twitter:label1\" content=\"Tiempo de lectura\" \/>\n\t<meta name=\"twitter:data1\" content=\"1 minuto\" \/>\n<script type=\"application\/ld+json\" class=\"yoast-schema-graph\">{\"@context\":\"https:\/\/schema.org\",\"@graph\":[{\"@type\":\"WebPage\",\"@id\":\"https:\/\/plasmet.bochnia.pl\/es\/producto\/escudo-de-lavabo-cromado\/\",\"url\":\"https:\/\/plasmet.bochnia.pl\/es\/producto\/escudo-de-lavabo-cromado\/\",\"name\":\"Escudo de lavabo cromado - Plasmet\",\"isPartOf\":{\"@id\":\"https:\/\/plasmet.bochnia.pl\/es\/#website\"},\"primaryImageOfPage\":{\"@id\":\"https:\/\/plasmet.bochnia.pl\/es\/producto\/escudo-de-lavabo-cromado\/#primaryimage\"},\"image\":{\"@id\":\"https:\/\/plasmet.bochnia.pl\/es\/producto\/escudo-de-lavabo-cromado\/#primaryimage\"},\"thumbnailUrl\":\"https:\/\/plasmet.bochnia.pl\/wp-content\/uploads\/2024\/10\/rozetka-umywalkowa-chromowana-biala.jpg\",\"datePublished\":\"2024-11-25T13:52:18+00:00\",\"description\":\"Escudo de lavabo cromado \u2013 producent i hurtownia Plasmet. Oferujemy wysok\u0105 jako\u015b\u0107, szeroki wyb\u00f3r i dobre ceny. Zapraszamy do sprawdzenia oferty!\",\"breadcrumb\":{\"@id\":\"https:\/\/plasmet.bochnia.pl\/es\/producto\/escudo-de-lavabo-cromado\/#breadcrumb\"},\"inLanguage\":\"es\",\"potentialAction\":[{\"@type\":\"ReadAction\",\"target\":[\"https:\/\/plasmet.bochnia.pl\/es\/producto\/escudo-de-lavabo-cromado\/\"]}]},{\"@type\":\"ImageObject\",\"inLanguage\":\"es\",\"@id\":\"https:\/\/plasmet.bochnia.pl\/es\/producto\/escudo-de-lavabo-cromado\/#primaryimage\",\"url\":\"https:\/\/plasmet.bochnia.pl\/wp-content\/uploads\/2024\/10\/rozetka-umywalkowa-chromowana-biala.jpg\",\"contentUrl\":\"https:\/\/plasmet.bochnia.pl\/wp-content\/uploads\/2024\/10\/rozetka-umywalkowa-chromowana-biala.jpg\",\"width\":800,\"height\":600,\"caption\":\"rozetka-umywalkowa-chromowana-biala\"},{\"@type\":\"BreadcrumbList\",\"@id\":\"https:\/\/plasmet.bochnia.pl\/es\/producto\/escudo-de-lavabo-cromado\/#breadcrumb\",\"itemListElement\":[{\"@type\":\"ListItem\",\"position\":1,\"name\":\"Strona g\u0142\u00f3wna\",\"item\":\"https:\/\/plasmet.bochnia.pl\/es\/\"},{\"@type\":\"ListItem\",\"position\":2,\"name\":\"Tienda\",\"item\":\"https:\/\/plasmet.bochnia.pl\/es\/tienda\/\"},{\"@type\":\"ListItem\",\"position\":3,\"name\":\"Escudo de lavabo cromado\"}]},{\"@type\":\"WebSite\",\"@id\":\"https:\/\/plasmet.bochnia.pl\/es\/#website\",\"url\":\"https:\/\/plasmet.bochnia.pl\/es\/\",\"name\":\"Plasmet\",\"description\":\"Plasmet\",\"alternateName\":\"Plasmet\",\"potentialAction\":[{\"@type\":\"SearchAction\",\"target\":{\"@type\":\"EntryPoint\",\"urlTemplate\":\"https:\/\/plasmet.bochnia.pl\/es\/?s={search_term_string}\"},\"query-input\":{\"@type\":\"PropertyValueSpecification\",\"valueRequired\":true,\"valueName\":\"search_term_string\"}}],\"inLanguage\":\"es\"}]}<\/script>\n<!-- \/ Yoast SEO plugin. -->","yoast_head_json":{"title":"Escudo de lavabo cromado - Plasmet","description":"Escudo de lavabo cromado \u2013 producent i hurtownia Plasmet. Oferujemy wysok\u0105 jako\u015b\u0107, szeroki wyb\u00f3r i dobre ceny. Zapraszamy do sprawdzenia oferty!","robots":{"index":"index","follow":"follow","max-snippet":"max-snippet:-1","max-image-preview":"max-image-preview:large","max-video-preview":"max-video-preview:-1"},"canonical":"https:\/\/plasmet.bochnia.pl\/es\/producto\/escudo-de-lavabo-cromado\/","og_locale":"es_ES","og_type":"article","og_title":"Escudo de lavabo cromado - Plasmet","og_description":"Escudo de lavabo cromado \u2013 producent i hurtownia Plasmet. Oferujemy wysok\u0105 jako\u015b\u0107, szeroki wyb\u00f3r i dobre ceny. Zapraszamy do sprawdzenia oferty!","og_url":"https:\/\/plasmet.bochnia.pl\/es\/producto\/escudo-de-lavabo-cromado\/","og_site_name":"Plasmet","og_image":[{"width":800,"height":600,"url":"https:\/\/plasmet.bochnia.pl\/wp-content\/uploads\/2024\/10\/rozetka-umywalkowa-chromowana-biala.jpg","type":"image\/jpeg"}],"twitter_card":"summary_large_image","twitter_misc":{"Tiempo de lectura":"1 minuto"},"schema":{"@context":"https:\/\/schema.org","@graph":[{"@type":"WebPage","@id":"https:\/\/plasmet.bochnia.pl\/es\/producto\/escudo-de-lavabo-cromado\/","url":"https:\/\/plasmet.bochnia.pl\/es\/producto\/escudo-de-lavabo-cromado\/","name":"Escudo de lavabo cromado - Plasmet","isPartOf":{"@id":"https:\/\/plasmet.bochnia.pl\/es\/#website"},"primaryImageOfPage":{"@id":"https:\/\/plasmet.bochnia.pl\/es\/producto\/escudo-de-lavabo-cromado\/#primaryimage"},"image":{"@id":"https:\/\/plasmet.bochnia.pl\/es\/producto\/escudo-de-lavabo-cromado\/#primaryimage"},"thumbnailUrl":"https:\/\/plasmet.bochnia.pl\/wp-content\/uploads\/2024\/10\/rozetka-umywalkowa-chromowana-biala.jpg","datePublished":"2024-11-25T13:52:18+00:00","description":"Escudo de lavabo cromado \u2013 producent i hurtownia Plasmet. Oferujemy wysok\u0105 jako\u015b\u0107, szeroki wyb\u00f3r i dobre ceny. Zapraszamy do sprawdzenia oferty!","breadcrumb":{"@id":"https:\/\/plasmet.bochnia.pl\/es\/producto\/escudo-de-lavabo-cromado\/#breadcrumb"},"inLanguage":"es","potentialAction":[{"@type":"ReadAction","target":["https:\/\/plasmet.bochnia.pl\/es\/producto\/escudo-de-lavabo-cromado\/"]}]},{"@type":"ImageObject","inLanguage":"es","@id":"https:\/\/plasmet.bochnia.pl\/es\/producto\/escudo-de-lavabo-cromado\/#primaryimage","url":"https:\/\/plasmet.bochnia.pl\/wp-content\/uploads\/2024\/10\/rozetka-umywalkowa-chromowana-biala.jpg","contentUrl":"https:\/\/plasmet.bochnia.pl\/wp-content\/uploads\/2024\/10\/rozetka-umywalkowa-chromowana-biala.jpg","width":800,"height":600,"caption":"rozetka-umywalkowa-chromowana-biala"},{"@type":"BreadcrumbList","@id":"https:\/\/plasmet.bochnia.pl\/es\/producto\/escudo-de-lavabo-cromado\/#breadcrumb","itemListElement":[{"@type":"ListItem","position":1,"name":"Strona g\u0142\u00f3wna","item":"https:\/\/plasmet.bochnia.pl\/es\/"},{"@type":"ListItem","position":2,"name":"Tienda","item":"https:\/\/plasmet.bochnia.pl\/es\/tienda\/"},{"@type":"ListItem","position":3,"name":"Escudo de lavabo cromado"}]},{"@type":"WebSite","@id":"https:\/\/plasmet.bochnia.pl\/es\/#website","url":"https:\/\/plasmet.bochnia.pl\/es\/","name":"Plasmet","description":"Plasmet","alternateName":"Plasmet","potentialAction":[{"@type":"SearchAction","target":{"@type":"EntryPoint","urlTemplate":"https:\/\/plasmet.bochnia.pl\/es\/?s={search_term_string}"},"query-input":{"@type":"PropertyValueSpecification","valueRequired":true,"valueName":"search_term_string"}}],"inLanguage":"es"}]}},"taxonomy_info":{"product_cat":[{"value":1296,"label":"Instalaci\u00f3n de calefacci\u00f3n"},{"value":1304,"label":"Rosetas de cobertura"}],"pa_kolor":[{"value":1385,"label":"Cromo"}]},"featured_image_src_large":["https:\/\/plasmet.bochnia.pl\/wp-content\/uploads\/2024\/10\/rozetka-umywalkowa-chromowana-biala.jpg",800,600,false],"author_info":[],"comment_info":"","_links":{"self":[{"href":"https:\/\/plasmet.bochnia.pl\/es\/wp-json\/wp\/v2\/product\/14714","targetHints":{"allow":["GET"]}}],"collection":[{"href":"https:\/\/plasmet.bochnia.pl\/es\/wp-json\/wp\/v2\/product"}],"about":[{"href":"https:\/\/plasmet.bochnia.pl\/es\/wp-json\/wp\/v2\/types\/product"}],"wp:featuredmedia":[{"embeddable":true,"href":"https:\/\/plasmet.bochnia.pl\/es\/wp-json\/wp\/v2\/media\/14716"}],"wp:attachment":[{"href":"https:\/\/plasmet.bochnia.pl\/es\/wp-json\/wp\/v2\/media?parent=14714"}],"wp:term":[{"taxonomy":"product_brand","embeddable":true,"href":"https:\/\/plasmet.bochnia.pl\/es\/wp-json\/wp\/v2\/product_brand?post=14714"},{"taxonomy":"product_cat","embeddable":true,"href":"https:\/\/plasmet.bochnia.pl\/es\/wp-json\/wp\/v2\/product_cat?post=14714"},{"taxonomy":"product_tag","embeddable":true,"href":"https:\/\/plasmet.bochnia.pl\/es\/wp-json\/wp\/v2\/product_tag?post=14714"}],"curies":[{"name":"wp","href":"https:\/\/api.w.org\/{rel}","templated":true}]}}