{"id":14575,"date":"2024-11-18T20:42:17","date_gmt":"2024-11-18T19:42:17","guid":{"rendered":"https:\/\/plasmet.bochnia.pl\/produkt\/caja-de-pozo-con-tapa-de-hierro-fundido-agua-y-gas\/"},"modified":"2024-11-18T20:42:17","modified_gmt":"2024-11-18T19:42:17","slug":"caja-de-pozo-con-tapa-de-hierro-fundido-agua-y-gas","status":"publish","type":"product","link":"https:\/\/plasmet.bochnia.pl\/es\/producto\/caja-de-pozo-con-tapa-de-hierro-fundido-agua-y-gas\/","title":{"rendered":"Caja de pozo con tapa de hierro fundido &#8211; agua y gas"},"content":{"rendered":"<h2>Caja de pocillos con tapa de hierro fundido: durabilidad y protecci\u00f3n<\/h2>\n<p>La caja de pozo con tapa de hierro fundido es un componente robusto de las instalaciones de agua y gas que protege eficazmente las v\u00e1lvulas del pozo de los da\u00f1os mec\u00e1nicos y la intemperie. Fabricado con materiales robustos como el hierro fundido, el producto garantiza durabilidad y fiabilidad. Disponible en negro y amarillo, cumple los requisitos de marcado de la instalaci\u00f3n, lo que facilita la identificaci\u00f3n de su finalidad (negro para el agua, amarillo para el gas).  <\/p>\n<h3>Especificaciones del producto<\/h3>\n<ul>\n<li>Material: cuerpo de pl\u00e1stico robusto, tapa de hierro fundido<\/li>\n<li>Colores: negro, amarillo<\/li>\n<li>Aplicaci\u00f3n: Protecci\u00f3n de v\u00e1lvulas de agua y gas<\/li>\n<li>Construcci\u00f3n: Tapa de hierro fundido para mayor durabilidad<\/li>\n<li>Resistencia: a los da\u00f1os mec\u00e1nicos y a la intemperie<\/li>\n<\/ul>\n<h3>Aplicaci\u00f3n<\/h3>\n<p>La caja se utiliza en instalaciones de agua y gas en edificios residenciales, industriales y comerciales. Es ideal para proteger v\u00e1lvulas de pozo en zonas expuestas a grandes cargas mec\u00e1nicas, como aceras o zonas de mucho tr\u00e1fico. <\/p>\n<h3>Ventajas del producto<\/h3>\n<ul>\n<li>Durabilidad gracias a una edad de fundici\u00f3n resistente al uso intensivo<\/li>\n<li>Protecci\u00f3n de las v\u00e1lvulas contra da\u00f1os e influencias externas<\/li>\n<li>Colores seg\u00fan las designaciones para agua y gas<\/li>\n<li>F\u00e1cil acceso a las v\u00e1lvulas gracias a su pr\u00e1ctico dise\u00f1o<\/li>\n<li>Uso vers\u00e1til en sistemas de agua y gas<\/li>\n<\/ul>\n<p>La caja de pozo con tapa de hierro fundido es una soluci\u00f3n fiable para instalaciones exigentes, que proporciona durabilidad, funcionalidad y cumplimiento de las normas para sistemas de agua y gas.<\/p>\n","protected":false},"excerpt":{"rendered":"<p>Una caja de pozo con tapa de hierro fundido, disponible en negro y amarillo. Dise\u00f1ada para proteger las v\u00e1lvulas de agua y gas, garantizando su durabilidad y f\u00e1cil acceso en las instalaciones. Para incorporar a una calzada, acera o superficie sin pavimentar para cubrir y acceder a los accesorios de cierre y control subterr\u00e1neos.  <\/p>\n","protected":false},"featured_media":14576,"template":"","meta":{"_acf_changed":false,"_kad_blocks_custom_css":"","_kad_blocks_head_custom_js":"","_kad_blocks_body_custom_js":"","_kad_blocks_footer_custom_js":"","_kad_post_transparent":"","_kad_post_title":"","_kad_post_layout":"","_kad_post_sidebar_id":"","_kad_post_content_style":"","_kad_post_vertical_padding":"","_kad_post_feature":"","_kad_post_feature_position":"","_kad_post_header":false,"_kad_post_footer":false,"_kad_post_classname":""},"product_brand":[],"product_cat":[1318,1308],"product_tag":[],"class_list":{"0":"post-14575","1":"product","2":"type-product","3":"status-publish","4":"has-post-thumbnail","6":"product_cat-cajas-de-valvulas","7":"product_cat-instalacion-de-agua","8":"pa_kolor-amarillo","9":"pa_kolor-negro","11":"first","12":"instock","13":"product-type-variable","14":"entry","15":"content-bg","16":"loop-entry"},"acf":[],"yoast_head":"<!-- This site is optimized with the Yoast SEO plugin v25.1 - https:\/\/yoast.com\/wordpress\/plugins\/seo\/ -->\n<title>Caja de pozo con tapa de hierro fundido - agua y gas - Plasmet<\/title>\n<meta name=\"description\" content=\"Caja de pozo con tapa de hierro fundido - agua y gas \u2013 producent i hurtownia Plasmet. Oferujemy wysok\u0105 jako\u015b\u0107, szeroki wyb\u00f3r i dobre ceny. Zapraszamy do sprawdzenia oferty!\" \/>\n<meta name=\"robots\" content=\"index, follow, max-snippet:-1, max-image-preview:large, max-video-preview:-1\" \/>\n<link rel=\"canonical\" href=\"https:\/\/plasmet.bochnia.pl\/es\/producto\/caja-de-pozo-con-tapa-de-hierro-fundido-agua-y-gas\/\" \/>\n<meta property=\"og:locale\" content=\"es_ES\" \/>\n<meta property=\"og:type\" content=\"article\" \/>\n<meta property=\"og:title\" content=\"Caja de pozo con tapa de hierro fundido - agua y gas - Plasmet\" \/>\n<meta property=\"og:description\" content=\"Caja de pozo con tapa de hierro fundido - agua y gas \u2013 producent i hurtownia Plasmet. Oferujemy wysok\u0105 jako\u015b\u0107, szeroki wyb\u00f3r i dobre ceny. Zapraszamy do sprawdzenia oferty!\" \/>\n<meta property=\"og:url\" content=\"https:\/\/plasmet.bochnia.pl\/es\/producto\/caja-de-pozo-con-tapa-de-hierro-fundido-agua-y-gas\/\" \/>\n<meta property=\"og:site_name\" content=\"Plasmet\" \/>\n<meta property=\"og:image\" content=\"https:\/\/plasmet.bochnia.pl\/wp-content\/uploads\/2024\/11\/skrzynka-nawiertki-z-wiekiem-zeliwnym-woda-gaz-czarny-1.jpg\" \/>\n\t<meta property=\"og:image:width\" content=\"800\" \/>\n\t<meta property=\"og:image:height\" content=\"800\" \/>\n\t<meta property=\"og:image:type\" content=\"image\/jpeg\" \/>\n<meta name=\"twitter:card\" content=\"summary_large_image\" \/>\n<meta name=\"twitter:label1\" content=\"Tiempo de lectura\" \/>\n\t<meta name=\"twitter:data1\" content=\"1 minuto\" \/>\n<script type=\"application\/ld+json\" class=\"yoast-schema-graph\">{\"@context\":\"https:\/\/schema.org\",\"@graph\":[{\"@type\":\"WebPage\",\"@id\":\"https:\/\/plasmet.bochnia.pl\/es\/producto\/caja-de-pozo-con-tapa-de-hierro-fundido-agua-y-gas\/\",\"url\":\"https:\/\/plasmet.bochnia.pl\/es\/producto\/caja-de-pozo-con-tapa-de-hierro-fundido-agua-y-gas\/\",\"name\":\"Caja de pozo con tapa de hierro fundido - agua y gas - Plasmet\",\"isPartOf\":{\"@id\":\"https:\/\/plasmet.bochnia.pl\/es\/#website\"},\"primaryImageOfPage\":{\"@id\":\"https:\/\/plasmet.bochnia.pl\/es\/producto\/caja-de-pozo-con-tapa-de-hierro-fundido-agua-y-gas\/#primaryimage\"},\"image\":{\"@id\":\"https:\/\/plasmet.bochnia.pl\/es\/producto\/caja-de-pozo-con-tapa-de-hierro-fundido-agua-y-gas\/#primaryimage\"},\"thumbnailUrl\":\"https:\/\/plasmet.bochnia.pl\/wp-content\/uploads\/2024\/11\/skrzynka-nawiertki-z-wiekiem-zeliwnym-woda-gaz-czarny-1.jpg\",\"datePublished\":\"2024-11-18T19:42:17+00:00\",\"description\":\"Caja de pozo con tapa de hierro fundido - agua y gas \u2013 producent i hurtownia Plasmet. Oferujemy wysok\u0105 jako\u015b\u0107, szeroki wyb\u00f3r i dobre ceny. Zapraszamy do sprawdzenia oferty!\",\"breadcrumb\":{\"@id\":\"https:\/\/plasmet.bochnia.pl\/es\/producto\/caja-de-pozo-con-tapa-de-hierro-fundido-agua-y-gas\/#breadcrumb\"},\"inLanguage\":\"es\",\"potentialAction\":[{\"@type\":\"ReadAction\",\"target\":[\"https:\/\/plasmet.bochnia.pl\/es\/producto\/caja-de-pozo-con-tapa-de-hierro-fundido-agua-y-gas\/\"]}]},{\"@type\":\"ImageObject\",\"inLanguage\":\"es\",\"@id\":\"https:\/\/plasmet.bochnia.pl\/es\/producto\/caja-de-pozo-con-tapa-de-hierro-fundido-agua-y-gas\/#primaryimage\",\"url\":\"https:\/\/plasmet.bochnia.pl\/wp-content\/uploads\/2024\/11\/skrzynka-nawiertki-z-wiekiem-zeliwnym-woda-gaz-czarny-1.jpg\",\"contentUrl\":\"https:\/\/plasmet.bochnia.pl\/wp-content\/uploads\/2024\/11\/skrzynka-nawiertki-z-wiekiem-zeliwnym-woda-gaz-czarny-1.jpg\",\"width\":800,\"height\":800,\"caption\":\"skrzynka-nawiertki-z-wiekiem-zeliwnym-woda-gaz-czarny-1\"},{\"@type\":\"BreadcrumbList\",\"@id\":\"https:\/\/plasmet.bochnia.pl\/es\/producto\/caja-de-pozo-con-tapa-de-hierro-fundido-agua-y-gas\/#breadcrumb\",\"itemListElement\":[{\"@type\":\"ListItem\",\"position\":1,\"name\":\"Strona g\u0142\u00f3wna\",\"item\":\"https:\/\/plasmet.bochnia.pl\/es\/\"},{\"@type\":\"ListItem\",\"position\":2,\"name\":\"Tienda\",\"item\":\"https:\/\/plasmet.bochnia.pl\/es\/tienda\/\"},{\"@type\":\"ListItem\",\"position\":3,\"name\":\"Caja de pozo con tapa de hierro fundido &#8211; agua y gas\"}]},{\"@type\":\"WebSite\",\"@id\":\"https:\/\/plasmet.bochnia.pl\/es\/#website\",\"url\":\"https:\/\/plasmet.bochnia.pl\/es\/\",\"name\":\"Plasmet\",\"description\":\"Plasmet\",\"alternateName\":\"Plasmet\",\"potentialAction\":[{\"@type\":\"SearchAction\",\"target\":{\"@type\":\"EntryPoint\",\"urlTemplate\":\"https:\/\/plasmet.bochnia.pl\/es\/?s={search_term_string}\"},\"query-input\":{\"@type\":\"PropertyValueSpecification\",\"valueRequired\":true,\"valueName\":\"search_term_string\"}}],\"inLanguage\":\"es\"}]}<\/script>\n<!-- \/ Yoast SEO plugin. -->","yoast_head_json":{"title":"Caja de pozo con tapa de hierro fundido - agua y gas - Plasmet","description":"Caja de pozo con tapa de hierro fundido - agua y gas \u2013 producent i hurtownia Plasmet. Oferujemy wysok\u0105 jako\u015b\u0107, szeroki wyb\u00f3r i dobre ceny. Zapraszamy do sprawdzenia oferty!","robots":{"index":"index","follow":"follow","max-snippet":"max-snippet:-1","max-image-preview":"max-image-preview:large","max-video-preview":"max-video-preview:-1"},"canonical":"https:\/\/plasmet.bochnia.pl\/es\/producto\/caja-de-pozo-con-tapa-de-hierro-fundido-agua-y-gas\/","og_locale":"es_ES","og_type":"article","og_title":"Caja de pozo con tapa de hierro fundido - agua y gas - Plasmet","og_description":"Caja de pozo con tapa de hierro fundido - agua y gas \u2013 producent i hurtownia Plasmet. Oferujemy wysok\u0105 jako\u015b\u0107, szeroki wyb\u00f3r i dobre ceny. Zapraszamy do sprawdzenia oferty!","og_url":"https:\/\/plasmet.bochnia.pl\/es\/producto\/caja-de-pozo-con-tapa-de-hierro-fundido-agua-y-gas\/","og_site_name":"Plasmet","og_image":[{"width":800,"height":800,"url":"https:\/\/plasmet.bochnia.pl\/wp-content\/uploads\/2024\/11\/skrzynka-nawiertki-z-wiekiem-zeliwnym-woda-gaz-czarny-1.jpg","type":"image\/jpeg"}],"twitter_card":"summary_large_image","twitter_misc":{"Tiempo de lectura":"1 minuto"},"schema":{"@context":"https:\/\/schema.org","@graph":[{"@type":"WebPage","@id":"https:\/\/plasmet.bochnia.pl\/es\/producto\/caja-de-pozo-con-tapa-de-hierro-fundido-agua-y-gas\/","url":"https:\/\/plasmet.bochnia.pl\/es\/producto\/caja-de-pozo-con-tapa-de-hierro-fundido-agua-y-gas\/","name":"Caja de pozo con tapa de hierro fundido - agua y gas - Plasmet","isPartOf":{"@id":"https:\/\/plasmet.bochnia.pl\/es\/#website"},"primaryImageOfPage":{"@id":"https:\/\/plasmet.bochnia.pl\/es\/producto\/caja-de-pozo-con-tapa-de-hierro-fundido-agua-y-gas\/#primaryimage"},"image":{"@id":"https:\/\/plasmet.bochnia.pl\/es\/producto\/caja-de-pozo-con-tapa-de-hierro-fundido-agua-y-gas\/#primaryimage"},"thumbnailUrl":"https:\/\/plasmet.bochnia.pl\/wp-content\/uploads\/2024\/11\/skrzynka-nawiertki-z-wiekiem-zeliwnym-woda-gaz-czarny-1.jpg","datePublished":"2024-11-18T19:42:17+00:00","description":"Caja de pozo con tapa de hierro fundido - agua y gas \u2013 producent i hurtownia Plasmet. Oferujemy wysok\u0105 jako\u015b\u0107, szeroki wyb\u00f3r i dobre ceny. Zapraszamy do sprawdzenia oferty!","breadcrumb":{"@id":"https:\/\/plasmet.bochnia.pl\/es\/producto\/caja-de-pozo-con-tapa-de-hierro-fundido-agua-y-gas\/#breadcrumb"},"inLanguage":"es","potentialAction":[{"@type":"ReadAction","target":["https:\/\/plasmet.bochnia.pl\/es\/producto\/caja-de-pozo-con-tapa-de-hierro-fundido-agua-y-gas\/"]}]},{"@type":"ImageObject","inLanguage":"es","@id":"https:\/\/plasmet.bochnia.pl\/es\/producto\/caja-de-pozo-con-tapa-de-hierro-fundido-agua-y-gas\/#primaryimage","url":"https:\/\/plasmet.bochnia.pl\/wp-content\/uploads\/2024\/11\/skrzynka-nawiertki-z-wiekiem-zeliwnym-woda-gaz-czarny-1.jpg","contentUrl":"https:\/\/plasmet.bochnia.pl\/wp-content\/uploads\/2024\/11\/skrzynka-nawiertki-z-wiekiem-zeliwnym-woda-gaz-czarny-1.jpg","width":800,"height":800,"caption":"skrzynka-nawiertki-z-wiekiem-zeliwnym-woda-gaz-czarny-1"},{"@type":"BreadcrumbList","@id":"https:\/\/plasmet.bochnia.pl\/es\/producto\/caja-de-pozo-con-tapa-de-hierro-fundido-agua-y-gas\/#breadcrumb","itemListElement":[{"@type":"ListItem","position":1,"name":"Strona g\u0142\u00f3wna","item":"https:\/\/plasmet.bochnia.pl\/es\/"},{"@type":"ListItem","position":2,"name":"Tienda","item":"https:\/\/plasmet.bochnia.pl\/es\/tienda\/"},{"@type":"ListItem","position":3,"name":"Caja de pozo con tapa de hierro fundido &#8211; agua y gas"}]},{"@type":"WebSite","@id":"https:\/\/plasmet.bochnia.pl\/es\/#website","url":"https:\/\/plasmet.bochnia.pl\/es\/","name":"Plasmet","description":"Plasmet","alternateName":"Plasmet","potentialAction":[{"@type":"SearchAction","target":{"@type":"EntryPoint","urlTemplate":"https:\/\/plasmet.bochnia.pl\/es\/?s={search_term_string}"},"query-input":{"@type":"PropertyValueSpecification","valueRequired":true,"valueName":"search_term_string"}}],"inLanguage":"es"}]}},"taxonomy_info":{"product_cat":[{"value":1318,"label":"Cajas de V\u00e1lvulas"},{"value":1308,"label":"Instalaci\u00f3n de agua"}],"pa_kolor":[{"value":1392,"label":"Amarillo"},{"value":1386,"label":"Negro"}]},"featured_image_src_large":["https:\/\/plasmet.bochnia.pl\/wp-content\/uploads\/2024\/11\/skrzynka-nawiertki-z-wiekiem-zeliwnym-woda-gaz-czarny-1.jpg",800,800,false],"author_info":[],"comment_info":"","_links":{"self":[{"href":"https:\/\/plasmet.bochnia.pl\/es\/wp-json\/wp\/v2\/product\/14575","targetHints":{"allow":["GET"]}}],"collection":[{"href":"https:\/\/plasmet.bochnia.pl\/es\/wp-json\/wp\/v2\/product"}],"about":[{"href":"https:\/\/plasmet.bochnia.pl\/es\/wp-json\/wp\/v2\/types\/product"}],"wp:featuredmedia":[{"embeddable":true,"href":"https:\/\/plasmet.bochnia.pl\/es\/wp-json\/wp\/v2\/media\/14576"}],"wp:attachment":[{"href":"https:\/\/plasmet.bochnia.pl\/es\/wp-json\/wp\/v2\/media?parent=14575"}],"wp:term":[{"taxonomy":"product_brand","embeddable":true,"href":"https:\/\/plasmet.bochnia.pl\/es\/wp-json\/wp\/v2\/product_brand?post=14575"},{"taxonomy":"product_cat","embeddable":true,"href":"https:\/\/plasmet.bochnia.pl\/es\/wp-json\/wp\/v2\/product_cat?post=14575"},{"taxonomy":"product_tag","embeddable":true,"href":"https:\/\/plasmet.bochnia.pl\/es\/wp-json\/wp\/v2\/product_tag?post=14575"}],"curies":[{"name":"wp","href":"https:\/\/api.w.org\/{rel}","templated":true}]}}