{"id":14502,"date":"2024-10-19T22:39:36","date_gmt":"2024-10-19T20:39:36","guid":{"rendered":"https:\/\/plasmet.bochnia.pl\/produkt\/tapon-de-prueba-de-fugas\/"},"modified":"2024-10-19T22:39:36","modified_gmt":"2024-10-19T20:39:36","slug":"tapon-de-prueba-de-fugas","status":"publish","type":"product","link":"https:\/\/plasmet.bochnia.pl\/es\/producto\/tapon-de-prueba-de-fugas\/","title":{"rendered":"Tap\u00f3n de prueba de fugas"},"content":{"rendered":"<h2>Tap\u00f3n de prueba de estanqueidad: fiabilidad y durabilidad<\/h2>\n<p>El tap\u00f3n de prueba de fugas es un componente clave cuando se realizan pruebas en sistemas de agua y alcantarillado. Fabricado con materiales robustos para garantizar una alta resistencia a la presi\u00f3n durante las pruebas, y con el revestimiento de la junta, este producto proporciona un sellado seguro durante las pruebas. <\/p>\n<h3>Solicitud y disponibilidad<\/h3>\n<p>Disponible en varios tama\u00f1os y el propio tap\u00f3n es f\u00e1cil de instalar.<\/p>\n<h3>Ventajas<\/h3>\n<ul>\n<li>Resistencia a la alta presi\u00f3n<\/li>\n<li>F\u00e1cil instalaci\u00f3n<\/li>\n<li>Revestimiento de la junta para mejorar la estanqueidad durante las pruebas<\/li>\n<\/ul>\n","protected":false},"excerpt":{"rendered":"<p>Tap\u00f3n dise\u00f1ado para comprobar la estanqueidad de los sistemas de alcantarillado. Alta resistencia a la presi\u00f3n, ideal para un uso repetido. <\/p>\n","protected":false},"featured_media":14505,"template":"","meta":{"_acf_changed":false,"_kad_blocks_custom_css":"","_kad_blocks_head_custom_js":"","_kad_blocks_body_custom_js":"","_kad_blocks_footer_custom_js":"","_kad_post_transparent":"","_kad_post_title":"","_kad_post_layout":"","_kad_post_sidebar_id":"","_kad_post_content_style":"","_kad_post_vertical_padding":"","_kad_post_feature":"","_kad_post_feature_position":"","_kad_post_header":false,"_kad_post_footer":false,"_kad_post_classname":""},"product_brand":[],"product_cat":[1308,1312],"product_tag":[],"class_list":{"0":"post-14502","1":"product","2":"type-product","3":"status-publish","4":"has-post-thumbnail","6":"product_cat-instalacion-de-agua","7":"product_cat-tapones-de-prueba-de-estanqueidad","8":"pa_kolor-azul","9":"pa_kolor-rojo","10":"pa_wersja-1-2-es","11":"pa_wersja-3-4-es","13":"first","14":"instock","15":"product-type-variable","16":"entry","17":"content-bg","18":"loop-entry"},"acf":[],"yoast_head":"<!-- This site is optimized with the Yoast SEO plugin v25.1 - https:\/\/yoast.com\/wordpress\/plugins\/seo\/ -->\n<title>Tap\u00f3n de prueba de fugas - Plasmet<\/title>\n<meta name=\"description\" content=\"Tap\u00f3n de prueba de fugas \u2013 producent i hurtownia Plasmet. Oferujemy wysok\u0105 jako\u015b\u0107, szeroki wyb\u00f3r i dobre ceny. Zapraszamy do sprawdzenia oferty!\" \/>\n<meta name=\"robots\" content=\"index, follow, max-snippet:-1, max-image-preview:large, max-video-preview:-1\" \/>\n<link rel=\"canonical\" href=\"https:\/\/plasmet.bochnia.pl\/es\/producto\/tapon-de-prueba-de-fugas\/\" \/>\n<meta property=\"og:locale\" content=\"es_ES\" \/>\n<meta property=\"og:type\" content=\"article\" \/>\n<meta property=\"og:title\" content=\"Tap\u00f3n de prueba de fugas - Plasmet\" \/>\n<meta property=\"og:description\" content=\"Tap\u00f3n de prueba de fugas \u2013 producent i hurtownia Plasmet. Oferujemy wysok\u0105 jako\u015b\u0107, szeroki wyb\u00f3r i dobre ceny. Zapraszamy do sprawdzenia oferty!\" \/>\n<meta property=\"og:url\" content=\"https:\/\/plasmet.bochnia.pl\/es\/producto\/tapon-de-prueba-de-fugas\/\" \/>\n<meta property=\"og:site_name\" content=\"Plasmet\" \/>\n<meta property=\"og:image\" content=\"https:\/\/plasmet.bochnia.pl\/wp-content\/uploads\/2024\/10\/korek-do-prob-szczelnosci-1-2-niebieski-1.jpg\" \/>\n\t<meta property=\"og:image:width\" content=\"800\" \/>\n\t<meta property=\"og:image:height\" content=\"800\" \/>\n\t<meta property=\"og:image:type\" content=\"image\/jpeg\" \/>\n<meta name=\"twitter:card\" content=\"summary_large_image\" \/>\n<meta name=\"twitter:label1\" content=\"Tiempo de lectura\" \/>\n\t<meta name=\"twitter:data1\" content=\"1 minuto\" \/>\n<script type=\"application\/ld+json\" class=\"yoast-schema-graph\">{\"@context\":\"https:\/\/schema.org\",\"@graph\":[{\"@type\":\"WebPage\",\"@id\":\"https:\/\/plasmet.bochnia.pl\/es\/producto\/tapon-de-prueba-de-fugas\/\",\"url\":\"https:\/\/plasmet.bochnia.pl\/es\/producto\/tapon-de-prueba-de-fugas\/\",\"name\":\"Tap\u00f3n de prueba de fugas - Plasmet\",\"isPartOf\":{\"@id\":\"https:\/\/plasmet.bochnia.pl\/es\/#website\"},\"primaryImageOfPage\":{\"@id\":\"https:\/\/plasmet.bochnia.pl\/es\/producto\/tapon-de-prueba-de-fugas\/#primaryimage\"},\"image\":{\"@id\":\"https:\/\/plasmet.bochnia.pl\/es\/producto\/tapon-de-prueba-de-fugas\/#primaryimage\"},\"thumbnailUrl\":\"https:\/\/plasmet.bochnia.pl\/wp-content\/uploads\/2024\/10\/korek-do-prob-szczelnosci-1-2-niebieski-1.jpg\",\"datePublished\":\"2024-10-19T20:39:36+00:00\",\"description\":\"Tap\u00f3n de prueba de fugas \u2013 producent i hurtownia Plasmet. Oferujemy wysok\u0105 jako\u015b\u0107, szeroki wyb\u00f3r i dobre ceny. Zapraszamy do sprawdzenia oferty!\",\"breadcrumb\":{\"@id\":\"https:\/\/plasmet.bochnia.pl\/es\/producto\/tapon-de-prueba-de-fugas\/#breadcrumb\"},\"inLanguage\":\"es\",\"potentialAction\":[{\"@type\":\"ReadAction\",\"target\":[\"https:\/\/plasmet.bochnia.pl\/es\/producto\/tapon-de-prueba-de-fugas\/\"]}]},{\"@type\":\"ImageObject\",\"inLanguage\":\"es\",\"@id\":\"https:\/\/plasmet.bochnia.pl\/es\/producto\/tapon-de-prueba-de-fugas\/#primaryimage\",\"url\":\"https:\/\/plasmet.bochnia.pl\/wp-content\/uploads\/2024\/10\/korek-do-prob-szczelnosci-1-2-niebieski-1.jpg\",\"contentUrl\":\"https:\/\/plasmet.bochnia.pl\/wp-content\/uploads\/2024\/10\/korek-do-prob-szczelnosci-1-2-niebieski-1.jpg\",\"width\":800,\"height\":800,\"caption\":\"korek-do-prob-szczelnosci-1-2-niebieski-1\"},{\"@type\":\"BreadcrumbList\",\"@id\":\"https:\/\/plasmet.bochnia.pl\/es\/producto\/tapon-de-prueba-de-fugas\/#breadcrumb\",\"itemListElement\":[{\"@type\":\"ListItem\",\"position\":1,\"name\":\"Strona g\u0142\u00f3wna\",\"item\":\"https:\/\/plasmet.bochnia.pl\/es\/\"},{\"@type\":\"ListItem\",\"position\":2,\"name\":\"Tienda\",\"item\":\"https:\/\/plasmet.bochnia.pl\/es\/tienda\/\"},{\"@type\":\"ListItem\",\"position\":3,\"name\":\"Tap\u00f3n de prueba de fugas\"}]},{\"@type\":\"WebSite\",\"@id\":\"https:\/\/plasmet.bochnia.pl\/es\/#website\",\"url\":\"https:\/\/plasmet.bochnia.pl\/es\/\",\"name\":\"Plasmet\",\"description\":\"Plasmet\",\"alternateName\":\"Plasmet\",\"potentialAction\":[{\"@type\":\"SearchAction\",\"target\":{\"@type\":\"EntryPoint\",\"urlTemplate\":\"https:\/\/plasmet.bochnia.pl\/es\/?s={search_term_string}\"},\"query-input\":{\"@type\":\"PropertyValueSpecification\",\"valueRequired\":true,\"valueName\":\"search_term_string\"}}],\"inLanguage\":\"es\"}]}<\/script>\n<!-- \/ Yoast SEO plugin. -->","yoast_head_json":{"title":"Tap\u00f3n de prueba de fugas - Plasmet","description":"Tap\u00f3n de prueba de fugas \u2013 producent i hurtownia Plasmet. Oferujemy wysok\u0105 jako\u015b\u0107, szeroki wyb\u00f3r i dobre ceny. Zapraszamy do sprawdzenia oferty!","robots":{"index":"index","follow":"follow","max-snippet":"max-snippet:-1","max-image-preview":"max-image-preview:large","max-video-preview":"max-video-preview:-1"},"canonical":"https:\/\/plasmet.bochnia.pl\/es\/producto\/tapon-de-prueba-de-fugas\/","og_locale":"es_ES","og_type":"article","og_title":"Tap\u00f3n de prueba de fugas - Plasmet","og_description":"Tap\u00f3n de prueba de fugas \u2013 producent i hurtownia Plasmet. Oferujemy wysok\u0105 jako\u015b\u0107, szeroki wyb\u00f3r i dobre ceny. Zapraszamy do sprawdzenia oferty!","og_url":"https:\/\/plasmet.bochnia.pl\/es\/producto\/tapon-de-prueba-de-fugas\/","og_site_name":"Plasmet","og_image":[{"width":800,"height":800,"url":"https:\/\/plasmet.bochnia.pl\/wp-content\/uploads\/2024\/10\/korek-do-prob-szczelnosci-1-2-niebieski-1.jpg","type":"image\/jpeg"}],"twitter_card":"summary_large_image","twitter_misc":{"Tiempo de lectura":"1 minuto"},"schema":{"@context":"https:\/\/schema.org","@graph":[{"@type":"WebPage","@id":"https:\/\/plasmet.bochnia.pl\/es\/producto\/tapon-de-prueba-de-fugas\/","url":"https:\/\/plasmet.bochnia.pl\/es\/producto\/tapon-de-prueba-de-fugas\/","name":"Tap\u00f3n de prueba de fugas - Plasmet","isPartOf":{"@id":"https:\/\/plasmet.bochnia.pl\/es\/#website"},"primaryImageOfPage":{"@id":"https:\/\/plasmet.bochnia.pl\/es\/producto\/tapon-de-prueba-de-fugas\/#primaryimage"},"image":{"@id":"https:\/\/plasmet.bochnia.pl\/es\/producto\/tapon-de-prueba-de-fugas\/#primaryimage"},"thumbnailUrl":"https:\/\/plasmet.bochnia.pl\/wp-content\/uploads\/2024\/10\/korek-do-prob-szczelnosci-1-2-niebieski-1.jpg","datePublished":"2024-10-19T20:39:36+00:00","description":"Tap\u00f3n de prueba de fugas \u2013 producent i hurtownia Plasmet. Oferujemy wysok\u0105 jako\u015b\u0107, szeroki wyb\u00f3r i dobre ceny. Zapraszamy do sprawdzenia oferty!","breadcrumb":{"@id":"https:\/\/plasmet.bochnia.pl\/es\/producto\/tapon-de-prueba-de-fugas\/#breadcrumb"},"inLanguage":"es","potentialAction":[{"@type":"ReadAction","target":["https:\/\/plasmet.bochnia.pl\/es\/producto\/tapon-de-prueba-de-fugas\/"]}]},{"@type":"ImageObject","inLanguage":"es","@id":"https:\/\/plasmet.bochnia.pl\/es\/producto\/tapon-de-prueba-de-fugas\/#primaryimage","url":"https:\/\/plasmet.bochnia.pl\/wp-content\/uploads\/2024\/10\/korek-do-prob-szczelnosci-1-2-niebieski-1.jpg","contentUrl":"https:\/\/plasmet.bochnia.pl\/wp-content\/uploads\/2024\/10\/korek-do-prob-szczelnosci-1-2-niebieski-1.jpg","width":800,"height":800,"caption":"korek-do-prob-szczelnosci-1-2-niebieski-1"},{"@type":"BreadcrumbList","@id":"https:\/\/plasmet.bochnia.pl\/es\/producto\/tapon-de-prueba-de-fugas\/#breadcrumb","itemListElement":[{"@type":"ListItem","position":1,"name":"Strona g\u0142\u00f3wna","item":"https:\/\/plasmet.bochnia.pl\/es\/"},{"@type":"ListItem","position":2,"name":"Tienda","item":"https:\/\/plasmet.bochnia.pl\/es\/tienda\/"},{"@type":"ListItem","position":3,"name":"Tap\u00f3n de prueba de fugas"}]},{"@type":"WebSite","@id":"https:\/\/plasmet.bochnia.pl\/es\/#website","url":"https:\/\/plasmet.bochnia.pl\/es\/","name":"Plasmet","description":"Plasmet","alternateName":"Plasmet","potentialAction":[{"@type":"SearchAction","target":{"@type":"EntryPoint","urlTemplate":"https:\/\/plasmet.bochnia.pl\/es\/?s={search_term_string}"},"query-input":{"@type":"PropertyValueSpecification","valueRequired":true,"valueName":"search_term_string"}}],"inLanguage":"es"}]}},"taxonomy_info":{"product_cat":[{"value":1308,"label":"Instalaci\u00f3n de agua"},{"value":1312,"label":"Tapones de prueba de estanqueidad"}],"pa_kolor":[{"value":1388,"label":"Azul"},{"value":1387,"label":"Rojo"}],"pa_wersja":[{"value":1406,"label":"1\/2"},{"value":1414,"label":"3\/4"}]},"featured_image_src_large":["https:\/\/plasmet.bochnia.pl\/wp-content\/uploads\/2024\/10\/korek-do-prob-szczelnosci-1-2-niebieski-1.jpg",800,800,false],"author_info":[],"comment_info":"","_links":{"self":[{"href":"https:\/\/plasmet.bochnia.pl\/es\/wp-json\/wp\/v2\/product\/14502","targetHints":{"allow":["GET"]}}],"collection":[{"href":"https:\/\/plasmet.bochnia.pl\/es\/wp-json\/wp\/v2\/product"}],"about":[{"href":"https:\/\/plasmet.bochnia.pl\/es\/wp-json\/wp\/v2\/types\/product"}],"wp:featuredmedia":[{"embeddable":true,"href":"https:\/\/plasmet.bochnia.pl\/es\/wp-json\/wp\/v2\/media\/14505"}],"wp:attachment":[{"href":"https:\/\/plasmet.bochnia.pl\/es\/wp-json\/wp\/v2\/media?parent=14502"}],"wp:term":[{"taxonomy":"product_brand","embeddable":true,"href":"https:\/\/plasmet.bochnia.pl\/es\/wp-json\/wp\/v2\/product_brand?post=14502"},{"taxonomy":"product_cat","embeddable":true,"href":"https:\/\/plasmet.bochnia.pl\/es\/wp-json\/wp\/v2\/product_cat?post=14502"},{"taxonomy":"product_tag","embeddable":true,"href":"https:\/\/plasmet.bochnia.pl\/es\/wp-json\/wp\/v2\/product_tag?post=14502"}],"curies":[{"name":"wp","href":"https:\/\/api.w.org\/{rel}","templated":true}]}}