{"id":14164,"date":"2024-09-23T15:58:52","date_gmt":"2024-09-23T13:58:52","guid":{"rendered":"https:\/\/plasmet.bochnia.pl\/?page_id=14164"},"modified":"2025-08-27T22:35:13","modified_gmt":"2025-08-27T20:35:13","slug":"politica-de-privacidad","status":"publish","type":"page","link":"https:\/\/plasmet.bochnia.pl\/es\/politica-de-privacidad\/","title":{"rendered":"Pol\u00edtica de privacidad"},"content":{"rendered":"<style>.kb-row-layout-id14164_4333e0-1a > .kt-row-column-wrap{align-content:start;}:where(.kb-row-layout-id14164_4333e0-1a > .kt-row-column-wrap) > .wp-block-kadence-column{justify-content:start;}.kb-row-layout-id14164_4333e0-1a > .kt-row-column-wrap{column-gap:var(--global-kb-gap-md, 2rem);row-gap:var(--global-kb-gap-md, 2rem);max-width:var( --global-content-width, 1290px );padding-left:var(--global-content-edge-padding);padding-right:var(--global-content-edge-padding);padding-top:var(--global-kb-spacing-sm, 1.5rem);padding-bottom:var(--global-kb-spacing-sm, 1.5rem);grid-template-columns:minmax(0, 1fr);}.kb-row-layout-id14164_4333e0-1a > .kt-row-layout-overlay{opacity:0.30;}@media all and (max-width: 1024px){.kb-row-layout-id14164_4333e0-1a > .kt-row-column-wrap{grid-template-columns:minmax(0, 1fr);}}@media all and (max-width: 767px){.kb-row-layout-id14164_4333e0-1a > .kt-row-column-wrap{grid-template-columns:minmax(0, 1fr);}}<\/style><div class=\"kb-row-layout-wrap kb-row-layout-id14164_4333e0-1a alignnone wp-block-kadence-rowlayout\"><div class=\"kt-row-column-wrap kt-has-2-columns kt-row-layout-row kt-tab-layout-inherit kt-mobile-layout-row kt-row-valign-top kb-theme-content-width\">\n<style>.kadence-column14164_f493b7-a6 > .kt-inside-inner-col,.kadence-column14164_f493b7-a6 > .kt-inside-inner-col:before{border-top-left-radius:0px;border-top-right-radius:0px;border-bottom-right-radius:0px;border-bottom-left-radius:0px;}.kadence-column14164_f493b7-a6 > .kt-inside-inner-col{column-gap:var(--global-kb-gap-sm, 1rem);}.kadence-column14164_f493b7-a6 > .kt-inside-inner-col{flex-direction:column;}.kadence-column14164_f493b7-a6 > .kt-inside-inner-col > .aligncenter{width:100%;}.kadence-column14164_f493b7-a6 > .kt-inside-inner-col:before{opacity:0.3;}.kadence-column14164_f493b7-a6{position:relative;}@media all and (max-width: 1024px){.kadence-column14164_f493b7-a6 > .kt-inside-inner-col{flex-direction:column;justify-content:center;}}@media all and (max-width: 767px){.kadence-column14164_f493b7-a6 > .kt-inside-inner-col{flex-direction:column;justify-content:center;}}<\/style>\n<div class=\"wp-block-kadence-column kadence-column14164_f493b7-a6\"><div class=\"kt-inside-inner-col\"><style>.wp-block-kadence-advancedheading.kt-adv-heading14164_a0e027-20, .wp-block-kadence-advancedheading.kt-adv-heading14164_a0e027-20[data-kb-block=\"kb-adv-heading14164_a0e027-20\"]{text-align:center;font-size:28px;font-style:normal;}.wp-block-kadence-advancedheading.kt-adv-heading14164_a0e027-20 mark.kt-highlight, .wp-block-kadence-advancedheading.kt-adv-heading14164_a0e027-20[data-kb-block=\"kb-adv-heading14164_a0e027-20\"] mark.kt-highlight{font-style:normal;color:#f76a0c;-webkit-box-decoration-break:clone;box-decoration-break:clone;padding-top:0px;padding-right:0px;padding-bottom:0px;padding-left:0px;}<\/style>\n<p class=\"kt-adv-heading14164_a0e027-20 wp-block-kadence-advancedheading\" data-kb-block=\"kb-adv-heading14164_a0e027-20\">La Pol\u00edtica de Privacidad describe las reglas para el tratamiento de la informaci\u00f3n sobre usted, incluidos los datos personales y las cookies.<br><\/p>\n<\/div><\/div>\n\n\n<style>.kadence-column14164_d1a001-66 > .kt-inside-inner-col,.kadence-column14164_d1a001-66 > .kt-inside-inner-col:before{border-top-left-radius:0px;border-top-right-radius:0px;border-bottom-right-radius:0px;border-bottom-left-radius:0px;}.kadence-column14164_d1a001-66 > .kt-inside-inner-col{column-gap:var(--global-kb-gap-sm, 1rem);}.kadence-column14164_d1a001-66 > .kt-inside-inner-col{flex-direction:column;}.kadence-column14164_d1a001-66 > .kt-inside-inner-col > .aligncenter{width:100%;}.kadence-column14164_d1a001-66 > .kt-inside-inner-col:before{opacity:0.3;}.kadence-column14164_d1a001-66{position:relative;}@media all and (max-width: 1024px){.kadence-column14164_d1a001-66 > .kt-inside-inner-col{flex-direction:column;justify-content:center;}}@media all and (max-width: 767px){.kadence-column14164_d1a001-66 > .kt-inside-inner-col{flex-direction:column;justify-content:center;}}<\/style>\n<div class=\"wp-block-kadence-column kadence-column14164_d1a001-66\"><div class=\"kt-inside-inner-col\">\n<p><strong>1. Informaci\u00f3n general<\/strong><br>La presente pol\u00edtica se aplica al sitio web que funciona bajo la direcci\u00f3n URL: <a href=\"https:\/\/plasmet.bochnia.pl\/es\/\">https:\/\/plasmet.bochnia.pl\/<\/a><br>El operador del sitio web y el Administrador de datos personales es: Andrzej Styrna \u00abPLASMET\u00bb<br>Direcci\u00f3n de correo electr\u00f3nico de contacto del operador: <a>info@plasmet.bochnia.pl<\/a><br>El operador es el Administrador de sus datos personales con respecto a los datos proporcionados voluntariamente en el sitio web.<br>El sitio web utiliza datos personales para los siguientes fines:<\/p>\n\n\n\n<ul class=\"wp-block-list\">\n<li>Gesti\u00f3n de consultas a trav\u00e9s del formulario (base legal: art. 6 apdo. 1 letra b del RGPD \u2013 ejecuci\u00f3n de un contrato o medidas previas a la celebraci\u00f3n de un contrato).<\/li>\n\n\n\n<li>Preparaci\u00f3n, embalaje y env\u00edo de productos (base legal: art. 6 apdo. 1 letra b del RGPD).<\/li>\n\n\n\n<li>Prestaci\u00f3n de los servicios solicitados (base legal: art. 6 apdo. 1 letra b del RGPD).<\/li>\n\n\n\n<li>Presentaci\u00f3n de ofertas o informaci\u00f3n (base legal: art. 6 apdo. 1 letra f del RGPD \u2013 inter\u00e9s leg\u00edtimo del Administrador).<\/li>\n\n\n\n<li>Creaci\u00f3n de cuentas de usuario en el sitio web para la ejecuci\u00f3n del pedido (base legal: art. 6 apdo. 1 letra b del RGPD).<\/li>\n<\/ul>\n\n\n\n<p>El sitio web recopila informaci\u00f3n sobre los usuarios y su comportamiento de la siguiente manera:<\/p>\n\n\n\n<ul class=\"wp-block-list\">\n<li>A trav\u00e9s de los datos introducidos voluntariamente en los formularios, que se incorporan a los sistemas del Operador.<\/li>\n\n\n\n<li>A trav\u00e9s del almacenamiento de cookies en los dispositivos finales (denominadas \u00abcookies\u00bb).<\/li>\n<\/ul>\n\n\n\n<p><strong>2. M\u00e9todos seleccionados de protecci\u00f3n de datos aplicados por el Operador<\/strong><br>Los lugares de inicio de sesi\u00f3n y de introducci\u00f3n de datos personales est\u00e1n protegidos en la capa de transmisi\u00f3n (certificado SSL). Gracias a ello, los datos personales y los datos de inicio de sesi\u00f3n introducidos en el sitio est\u00e1n cifrados en el ordenador del usuario y solo pueden leerse en el servidor de destino.<br>Para proteger los datos, el Operador realiza copias de seguridad regularmente.<br>Un elemento importante de la protecci\u00f3n de datos es la actualizaci\u00f3n regular de todo el software utilizado por el Operador para el tratamiento de datos personales, lo que significa, en particular, actualizaciones peri\u00f3dicas de los componentes del sistema.<\/p>\n\n\n\n<p><strong>3. Alojamiento (Hosting)<\/strong><br>El sitio web se encuentra alojado (mantenido t\u00e9cnicamente) en los servidores del operador: lh.pl<br>La empresa de alojamiento, con el fin de garantizar la fiabilidad t\u00e9cnica, lleva registros a nivel de servidor. Dichos registros pueden incluir:<\/p>\n\n\n\n<ul class=\"wp-block-list\">\n<li>Recursos identificados por el identificador URL (direcciones de los recursos solicitados \u2013 p\u00e1ginas, archivos),<\/li>\n\n\n\n<li>Hora de llegada de la solicitud,<\/li>\n\n\n\n<li>Hora de env\u00edo de la respuesta,<\/li>\n\n\n\n<li>Nombre de la estaci\u00f3n cliente \u2013 identificaci\u00f3n mediante el protocolo HTTP,<\/li>\n\n\n\n<li>Informaci\u00f3n sobre errores que se produjeron durante la ejecuci\u00f3n de la transacci\u00f3n HTTP,<\/li>\n\n\n\n<li>Direcci\u00f3n URL de la p\u00e1gina visitada anteriormente por el usuario (enlace de referencia), en caso de que la transici\u00f3n al sitio web se haya realizado a trav\u00e9s de un enlace,<\/li>\n\n\n\n<li>Informaci\u00f3n sobre el navegador del usuario,<\/li>\n\n\n\n<li>Direcci\u00f3n IP,<\/li>\n\n\n\n<li>Informaci\u00f3n de diagn\u00f3stico relacionada con el proceso de pedido aut\u00f3nomo de servicios mediante formularios en el sitio web,<\/li>\n\n\n\n<li>Informaci\u00f3n relacionada con la gesti\u00f3n del correo electr\u00f3nico enviado al Operador y por \u00e9ste.<\/li>\n<\/ul>\n\n\n\n<p><strong>4. Sus derechos e informaci\u00f3n adicional sobre el uso de los datos<\/strong><br>En determinadas situaciones, el Administrador tiene derecho a transmitir sus datos personales a otros destinatarios, si ello es necesario para la ejecuci\u00f3n del contrato celebrado con usted o para cumplir con las obligaciones legales que le incumben. Esto se aplica a los siguientes grupos de destinatarios:<\/p>\n\n\n\n<ul class=\"wp-block-list\">\n<li>Empresa de alojamiento en virtud de un contrato de encargo,<\/li>\n\n\n\n<li>Empresas de mensajer\u00eda,<\/li>\n\n\n\n<li>Operadores postales,<\/li>\n\n\n\n<li>Empleados autorizados y colaboradores que utilizan los datos para cumplir con el objetivo de funcionamiento del sitio web,<\/li>\n\n\n\n<li>Empresas que prestan servicios de marketing al Administrador.<\/li>\n<\/ul>\n\n\n\n<p>Sus datos personales son tratados por el Administrador durante no m\u00e1s tiempo del necesario para llevar a cabo las actividades relacionadas, definidas por disposiciones espec\u00edficas (por ejemplo, normativa contable). Con respecto a los datos de marketing, no se tratar\u00e1n por un per\u00edodo superior a 3 a\u00f1os.<\/p>\n\n\n\n<p>Tiene derecho a solicitar al Administrador:<\/p>\n\n\n\n<ul class=\"wp-block-list\">\n<li>Acceso a sus datos personales,<\/li>\n\n\n\n<li>Rectificaci\u00f3n,<\/li>\n\n\n\n<li>Supresi\u00f3n,<\/li>\n\n\n\n<li>Limitaci\u00f3n del tratamiento,<\/li>\n\n\n\n<li>Y la portabilidad de los datos.<\/li>\n<\/ul>\n\n\n\n<p>Tiene derecho a oponerse al tratamiento indicado en el punto 3.2, es decir, al tratamiento de datos personales con fines de inter\u00e9s leg\u00edtimo del Administrador, incluido el perfilado, salvo que existan motivos leg\u00edtimos imperiosos para el tratamiento que prevalezcan sobre sus intereses, derechos y libertades, en particular para la formulaci\u00f3n, el ejercicio o la defensa de reclamaciones.<\/p>\n\n\n\n<p>Tiene derecho a presentar una reclamaci\u00f3n ante la Autoridad de Protecci\u00f3n de Datos Personales (Presidente de la Oficina de Protecci\u00f3n de Datos Personales, ul. Stawki 2, 00-193 Varsovia).<br>La provisi\u00f3n de datos personales es voluntaria, pero necesaria para el funcionamiento del sitio web.<br>Se podr\u00e1n realizar actividades que impliquen decisiones automatizadas, incluido el perfilado, con el fin de prestar servicios en el marco del contrato celebrado y para la realizaci\u00f3n de marketing directo por parte del Administrador.<br>Los datos personales no se transfieren a terceros pa\u00edses en el sentido de la normativa de protecci\u00f3n de datos personales. Esto significa que no los enviamos fuera del territorio de la Uni\u00f3n Europea.<\/p>\n\n\n\n<p><strong>5. Informaci\u00f3n en los formularios<\/strong><br>El sitio web recopila informaci\u00f3n proporcionada voluntariamente por el usuario, incluidos datos personales, en caso de que se faciliten.<br>El sitio puede almacenar informaci\u00f3n sobre los par\u00e1metros de conexi\u00f3n (marca de tiempo, direcci\u00f3n IP).<br>En algunos casos, el sitio puede almacenar informaci\u00f3n que facilite la vinculaci\u00f3n de los datos del formulario con la direcci\u00f3n de correo electr\u00f3nico del usuario que completa el formulario. En tal caso, la direcci\u00f3n de correo electr\u00f3nico del usuario aparece en la URL de la p\u00e1gina que contiene el formulario.<br>Los datos proporcionados en el formulario se tratan con la finalidad derivada de la funci\u00f3n del formulario espec\u00edfico, por ejemplo, para gestionar una solicitud de servicio o un contacto comercial, registrar servicios, etc. El contexto y la descripci\u00f3n del formulario informan claramente para qu\u00e9 sirve.<\/p>\n\n\n\n<p><strong>6. Registros del Administrador<\/strong><br>La informaci\u00f3n sobre el comportamiento de los usuarios en el sitio puede ser registrada. Estos datos se utilizan con fines de administraci\u00f3n del sitio web.<\/p>\n\n\n\n<p><strong>7. T\u00e9cnicas importantes de marketing<\/strong><br>El operador utiliza el an\u00e1lisis estad\u00edstico del tr\u00e1fico en el sitio mediante Google Analytics (Google Inc. con sede en EE. UU.). El operador no transfiere datos personales al proveedor de este servicio, sino solo informaci\u00f3n anonimizada. El servicio se basa en el uso de cookies en el dispositivo final del usuario. En cuanto a la informaci\u00f3n sobre las preferencias del usuario recopilada por la red publicitaria de Google, el usuario puede consultarla y editarla mediante la herramienta: <a href=\"https:\/\/www.google.com\/ads\/preferences\/\">https:\/\/www.google.com\/ads\/preferences\/<\/a><\/p>\n\n\n\n<p><strong>8. Informaci\u00f3n sobre las cookies<\/strong><br>El sitio utiliza cookies.<br>Las cookies son datos inform\u00e1ticos, en particular archivos de texto, que se almacenan en el dispositivo final del Usuario del Sitio y est\u00e1n destinadas a ser utilizadas para navegar por las p\u00e1ginas del sitio web. Las cookies suelen contener el nombre del sitio web del que proceden, el tiempo que se almacenan en el dispositivo final y un n\u00famero \u00fanico.<br>El operador del sitio web coloca cookies en el dispositivo final del Usuario y tiene acceso a ellas.<br>Las cookies se utilizan para los siguientes fines:<\/p>\n\n\n\n<ul class=\"wp-block-list\">\n<li>Mantener la sesi\u00f3n del Usuario del sitio web (despu\u00e9s de iniciar sesi\u00f3n), gracias a lo cual el usuario no tiene que volver a introducir el nombre de usuario y la contrase\u00f1a en cada subp\u00e1gina del sitio web;<\/li>\n\n\n\n<li>Realizaci\u00f3n de los objetivos indicados anteriormente en la secci\u00f3n \u00abT\u00e9cnicas importantes de marketing\u00bb.<\/li>\n<\/ul>\n\n\n\n<p>En el marco del sitio web se utilizan dos tipos principales de cookies: \u00abde sesi\u00f3n\u00bb y \u00abpersistentes\u00bb. Las cookies \u00abde sesi\u00f3n\u00bb son archivos temporales que se almacenan en el dispositivo del usuario hasta que cierre sesi\u00f3n, abandone el sitio web o cierre el navegador. Las cookies \u00abpersistentes\u00bb se almacenan en el dispositivo final del Usuario durante el tiempo especificado en los par\u00e1metros de las cookies o hasta que el Usuario las elimine.<\/p>\n\n\n\n<p>El software para navegar por p\u00e1ginas web (navegador) suele permitir por defecto el almacenamiento de cookies en el dispositivo final del Usuario. Los usuarios pueden cambiar esta configuraci\u00f3n. El navegador permite eliminar cookies. Tambi\u00e9n es posible bloquear autom\u00e1ticamente las cookies. Informaci\u00f3n detallada al respecto se encuentra en la ayuda o documentaci\u00f3n del navegador.<\/p>\n\n\n\n<p>Las restricciones en el uso de cookies pueden afectar algunas funcionalidades disponibles en las p\u00e1ginas del sitio web.<\/p>\n\n\n\n<p>Las cookies colocadas en el dispositivo del Usuario del sitio web tambi\u00e9n pueden ser utilizadas por entidades que cooperan con el operador del sitio web, en particular por empresas como: Google (Google Inc., con sede en EE. UU.), Facebook (Facebook Inc., con sede en EE. UU.), Twitter (Twitter Inc., con sede en EE. UU.).<\/p>\n\n\n\n<p><strong>9. Consentimiento para cookies y herramientas anal\u00edticas<\/strong><br>En el caso de cookies que no son necesarias para el funcionamiento del sitio, el usuario puede dar su consentimiento para su uso a trav\u00e9s de la configuraci\u00f3n adecuada del navegador.<\/p>\n\n\n\n<p><strong>10. Gesti\u00f3n de cookies \u2013 \u00bfc\u00f3mo otorgar y retirar el consentimiento en la pr\u00e1ctica?<\/strong><br>Si el usuario no desea recibir cookies, puede cambiar la configuraci\u00f3n del navegador. Advertimos que desactivar el soporte de cookies necesarias para los procesos de autenticaci\u00f3n, seguridad y mantenimiento de las preferencias del usuario puede dificultar, y en casos extremos, imposibilitar el uso del sitio web.<br><br>Para administrar la configuraci\u00f3n de cookies, seleccione el navegador web que est\u00e1 utilizando de la lista a continuaci\u00f3n y siga las instrucciones:<\/p>\n\n\n\n<hr class=\"wp-block-separator has-alpha-channel-opacity\"\/>\n\n\n\n<ul class=\"wp-block-list\">\n<li><a href=\"https:\/\/support.microsoft.com\/pl-pl\/help\/10607\/microsoft-edge-view-delete-browser-history\">Edge<\/a><\/li>\n\n\n\n<li><a href=\"https:\/\/support.microsoft.com\/pl-pl\/help\/278835\/how-to-delete-cookie-files-in-internet-explorer\">Internet Explorer<\/a><\/li>\n\n\n\n<li><a href=\"http:\/\/support.google.com\/chrome\/bin\/answer.py?hl=pl&amp;answer=95647\">Chrome<\/a><\/li>\n\n\n\n<li><a href=\"http:\/\/support.apple.com\/kb\/PH5042\">Safari<\/a><\/li>\n\n\n\n<li><a href=\"http:\/\/support.mozilla.org\/pl\/kb\/W%C5%82%C4%85czanie%20i%20wy%C5%82%C4%85czanie%20obs%C5%82ugi%20ciasteczek\">Firefox<\/a><\/li>\n\n\n\n<li><a href=\"http:\/\/help.opera.com\/Windows\/12.10\/pl\/cookies.html\">Opera<\/a><\/li>\n<\/ul>\n\n\n\n<ul class=\"wp-block-list\">\n<li><a href=\"http:\/\/support.google.com\/chrome\/bin\/answer.py?hl=pl&amp;answer=95647\">Android<\/a><\/li>\n\n\n\n<li><a href=\"http:\/\/support.apple.com\/kb\/HT1677?viewlocale=pl_PL\">Safari (iOS)<\/a><\/li>\n\n\n\n<li><a href=\"http:\/\/www.windowsphone.com\/pl-pl\/how-to\/wp7\/web\/changing-privacy-and-other-browser-settings\">Windows Phone<\/a><\/li>\n<\/ul>\n<\/div><\/div>\n\n<\/div><\/div>","protected":false},"excerpt":{"rendered":"<p>La Pol\u00edtica de Privacidad describe las reglas para el tratamiento de la informaci\u00f3n sobre usted, incluidos los datos personales y las cookies. 1. Informaci\u00f3n generalLa presente pol\u00edtica se aplica al sitio web que funciona bajo la direcci\u00f3n URL: https:\/\/plasmet.bochnia.pl\/El operador del sitio web y el Administrador de datos personales es: Andrzej Styrna \u00abPLASMET\u00bbDirecci\u00f3n de correo&#8230;<\/p>\n","protected":false},"author":1,"featured_media":0,"parent":0,"menu_order":0,"comment_status":"closed","ping_status":"open","template":"","meta":{"_acf_changed":false,"_kad_blocks_custom_css":"","_kad_blocks_head_custom_js":"","_kad_blocks_body_custom_js":"","_kad_blocks_footer_custom_js":"","_kad_post_transparent":"","_kad_post_title":"show","_kad_post_layout":"fullwidth","_kad_post_sidebar_id":"","_kad_post_content_style":"unboxed","_kad_post_vertical_padding":"","_kad_post_feature":"","_kad_post_feature_position":"","_kad_post_header":false,"_kad_post_footer":false,"_kad_post_classname":"","footnotes":""},"class_list":["post-14164","page","type-page","status-publish","hentry"],"acf":[],"yoast_head":"<!-- This site is optimized with the Yoast SEO plugin v25.1 - https:\/\/yoast.com\/wordpress\/plugins\/seo\/ -->\n<title>Pol\u00edtica de privacidad - Plasmet<\/title>\n<meta name=\"robots\" content=\"noindex, nofollow\" \/>\n<meta property=\"og:locale\" content=\"es_ES\" \/>\n<meta property=\"og:type\" content=\"article\" \/>\n<meta property=\"og:title\" content=\"Pol\u00edtica de privacidad - Plasmet\" \/>\n<meta property=\"og:description\" content=\"La Pol\u00edtica de Privacidad describe las reglas para el tratamiento de la informaci\u00f3n sobre usted, incluidos los datos personales y las cookies. 1. Informaci\u00f3n generalLa presente pol\u00edtica se aplica al sitio web que funciona bajo la direcci\u00f3n URL: https:\/\/plasmet.bochnia.pl\/El operador del sitio web y el Administrador de datos personales es: Andrzej Styrna \u00abPLASMET\u00bbDirecci\u00f3n de correo...\" \/>\n<meta property=\"og:url\" content=\"https:\/\/plasmet.bochnia.pl\/es\/politica-de-privacidad\/\" \/>\n<meta property=\"og:site_name\" content=\"Plasmet\" \/>\n<meta property=\"article:modified_time\" content=\"2025-08-27T20:35:13+00:00\" \/>\n<meta name=\"twitter:card\" content=\"summary_large_image\" \/>\n<meta name=\"twitter:label1\" content=\"Tiempo de lectura\" \/>\n\t<meta name=\"twitter:data1\" content=\"10 minutos\" \/>\n<script type=\"application\/ld+json\" class=\"yoast-schema-graph\">{\"@context\":\"https:\/\/schema.org\",\"@graph\":[{\"@type\":\"WebPage\",\"@id\":\"https:\/\/plasmet.bochnia.pl\/es\/politica-de-privacidad\/\",\"url\":\"https:\/\/plasmet.bochnia.pl\/es\/politica-de-privacidad\/\",\"name\":\"Pol\u00edtica de privacidad - Plasmet\",\"isPartOf\":{\"@id\":\"https:\/\/plasmet.bochnia.pl\/es\/#website\"},\"datePublished\":\"2024-09-23T13:58:52+00:00\",\"dateModified\":\"2025-08-27T20:35:13+00:00\",\"breadcrumb\":{\"@id\":\"https:\/\/plasmet.bochnia.pl\/es\/politica-de-privacidad\/#breadcrumb\"},\"inLanguage\":\"es\",\"potentialAction\":[{\"@type\":\"ReadAction\",\"target\":[\"https:\/\/plasmet.bochnia.pl\/es\/politica-de-privacidad\/\"]}]},{\"@type\":\"BreadcrumbList\",\"@id\":\"https:\/\/plasmet.bochnia.pl\/es\/politica-de-privacidad\/#breadcrumb\",\"itemListElement\":[{\"@type\":\"ListItem\",\"position\":1,\"name\":\"Strona g\u0142\u00f3wna\",\"item\":\"https:\/\/plasmet.bochnia.pl\/es\/\"},{\"@type\":\"ListItem\",\"position\":2,\"name\":\"Pol\u00edtica de privacidad\"}]},{\"@type\":\"WebSite\",\"@id\":\"https:\/\/plasmet.bochnia.pl\/es\/#website\",\"url\":\"https:\/\/plasmet.bochnia.pl\/es\/\",\"name\":\"Plasmet\",\"description\":\"Plasmet\",\"alternateName\":\"Plasmet\",\"potentialAction\":[{\"@type\":\"SearchAction\",\"target\":{\"@type\":\"EntryPoint\",\"urlTemplate\":\"https:\/\/plasmet.bochnia.pl\/es\/?s={search_term_string}\"},\"query-input\":{\"@type\":\"PropertyValueSpecification\",\"valueRequired\":true,\"valueName\":\"search_term_string\"}}],\"inLanguage\":\"es\"}]}<\/script>\n<!-- \/ Yoast SEO plugin. -->","yoast_head_json":{"title":"Pol\u00edtica de privacidad - Plasmet","robots":{"index":"noindex","follow":"nofollow"},"og_locale":"es_ES","og_type":"article","og_title":"Pol\u00edtica de privacidad - Plasmet","og_description":"La Pol\u00edtica de Privacidad describe las reglas para el tratamiento de la informaci\u00f3n sobre usted, incluidos los datos personales y las cookies. 1. Informaci\u00f3n generalLa presente pol\u00edtica se aplica al sitio web que funciona bajo la direcci\u00f3n URL: https:\/\/plasmet.bochnia.pl\/El operador del sitio web y el Administrador de datos personales es: Andrzej Styrna \u00abPLASMET\u00bbDirecci\u00f3n de correo...","og_url":"https:\/\/plasmet.bochnia.pl\/es\/politica-de-privacidad\/","og_site_name":"Plasmet","article_modified_time":"2025-08-27T20:35:13+00:00","twitter_card":"summary_large_image","twitter_misc":{"Tiempo de lectura":"10 minutos"},"schema":{"@context":"https:\/\/schema.org","@graph":[{"@type":"WebPage","@id":"https:\/\/plasmet.bochnia.pl\/es\/politica-de-privacidad\/","url":"https:\/\/plasmet.bochnia.pl\/es\/politica-de-privacidad\/","name":"Pol\u00edtica de privacidad - Plasmet","isPartOf":{"@id":"https:\/\/plasmet.bochnia.pl\/es\/#website"},"datePublished":"2024-09-23T13:58:52+00:00","dateModified":"2025-08-27T20:35:13+00:00","breadcrumb":{"@id":"https:\/\/plasmet.bochnia.pl\/es\/politica-de-privacidad\/#breadcrumb"},"inLanguage":"es","potentialAction":[{"@type":"ReadAction","target":["https:\/\/plasmet.bochnia.pl\/es\/politica-de-privacidad\/"]}]},{"@type":"BreadcrumbList","@id":"https:\/\/plasmet.bochnia.pl\/es\/politica-de-privacidad\/#breadcrumb","itemListElement":[{"@type":"ListItem","position":1,"name":"Strona g\u0142\u00f3wna","item":"https:\/\/plasmet.bochnia.pl\/es\/"},{"@type":"ListItem","position":2,"name":"Pol\u00edtica de privacidad"}]},{"@type":"WebSite","@id":"https:\/\/plasmet.bochnia.pl\/es\/#website","url":"https:\/\/plasmet.bochnia.pl\/es\/","name":"Plasmet","description":"Plasmet","alternateName":"Plasmet","potentialAction":[{"@type":"SearchAction","target":{"@type":"EntryPoint","urlTemplate":"https:\/\/plasmet.bochnia.pl\/es\/?s={search_term_string}"},"query-input":{"@type":"PropertyValueSpecification","valueRequired":true,"valueName":"search_term_string"}}],"inLanguage":"es"}]}},"taxonomy_info":[],"featured_image_src_large":false,"author_info":{"display_name":"PatryKP","author_link":"https:\/\/plasmet.bochnia.pl\/es\/author\/patrykp\/"},"comment_info":0,"_links":{"self":[{"href":"https:\/\/plasmet.bochnia.pl\/es\/wp-json\/wp\/v2\/pages\/14164","targetHints":{"allow":["GET"]}}],"collection":[{"href":"https:\/\/plasmet.bochnia.pl\/es\/wp-json\/wp\/v2\/pages"}],"about":[{"href":"https:\/\/plasmet.bochnia.pl\/es\/wp-json\/wp\/v2\/types\/page"}],"author":[{"embeddable":true,"href":"https:\/\/plasmet.bochnia.pl\/es\/wp-json\/wp\/v2\/users\/1"}],"replies":[{"embeddable":true,"href":"https:\/\/plasmet.bochnia.pl\/es\/wp-json\/wp\/v2\/comments?post=14164"}],"version-history":[{"count":2,"href":"https:\/\/plasmet.bochnia.pl\/es\/wp-json\/wp\/v2\/pages\/14164\/revisions"}],"predecessor-version":[{"id":15439,"href":"https:\/\/plasmet.bochnia.pl\/es\/wp-json\/wp\/v2\/pages\/14164\/revisions\/15439"}],"wp:attachment":[{"href":"https:\/\/plasmet.bochnia.pl\/es\/wp-json\/wp\/v2\/media?parent=14164"}],"curies":[{"name":"wp","href":"https:\/\/api.w.org\/{rel}","templated":true}]}}