{"id":12645,"date":"2024-11-20T19:43:04","date_gmt":"2024-11-20T18:43:04","guid":{"rendered":"https:\/\/plasmet.nospace.pl\/?post_type=product&#038;p=12645"},"modified":"2025-11-25T22:24:10","modified_gmt":"2025-11-25T21:24:10","slug":"24-side-drain-grate-adjustable-height-stainless-steel-grate","status":"publish","type":"product","link":"https:\/\/plasmet.bochnia.pl\/en\/product\/24-side-drain-grate-adjustable-height-stainless-steel-grate\/","title":{"rendered":"(24) Side drain grate, adjustable height, stainless steel grate"},"content":{"rendered":"<h2>Side drain grate with adjustable height and a stainless steel grate<\/h2>\n<p>The side drain grate with adjustable height and a stainless steel grate is a reliable solution for both sanitary and stormwater drainage systems. The product allows for precise adaptation thanks to its adjustable height, while the stainless steel grate ensures durability and corrosion resistance. Available in white and gray and offered in variants with or without a float, this grate meets the requirements of even the most demanding installations.<\/p>\n<h3>Product specification<\/h3>\n<ul>\n<li>Type: side drain grate with adjustable height<\/li>\n<li>Grate: stainless steel<\/li>\n<li>Colors:\n<ul>\n<li>White<\/li>\n<li>Gray<\/li>\n<\/ul>\n<\/li>\n<li>Dimensions: 110\/150 x 150 mm<\/li>\n<li>Variants:\n<ul>\n<li>Without float<\/li>\n<li>With float<\/li>\n<\/ul>\n<\/li>\n<li>Material: stainless steel and durable plastic<\/li>\n<li>Intended use: sanitary and stormwater drainage<\/li>\n<\/ul>\n<h3>Application<\/h3>\n<p>The side drain grate with adjustable height and a stainless steel grate is ideal for drainage systems in residential, commercial, and industrial buildings. It is particularly suitable for areas requiring effective water drainage. The variant with a float provides additional protection against unpleasant odors that may arise after water evaporates from the trap.<\/p>\n<h3>Product advantages<\/h3>\n<ul>\n<li>Adjustable height for precise fitting<\/li>\n<li>Durable, corrosion-resistant stainless steel grate<\/li>\n<li>Available in versions with or without a float<\/li>\n<li>Color options to suit various needs: white and gray<\/li>\n<li>Easy installation in a variety of drainage systems<\/li>\n<\/ul>\n<p>The side drain grate with adjustable height and a stainless steel grate offers an excellent combination of functionality, durability, and aesthetics. Thanks to its diverse variants and ease of installation, it fulfills the needs of many different applications.<\/p>\n","protected":false},"excerpt":{"rendered":"<p>Side drain grate with adjustable height and a stainless steel grate, available in white and gray, in versions with or without a float. Designed for efficient water drainage in sanitary and stormwater systems<\/p>\n","protected":false},"featured_media":9704,"template":"","meta":{"_acf_changed":false,"_kad_blocks_custom_css":"","_kad_blocks_head_custom_js":"","_kad_blocks_body_custom_js":"","_kad_blocks_footer_custom_js":"","_kad_post_transparent":"default","_kad_post_title":"","_kad_post_layout":"default","_kad_post_sidebar_id":"","_kad_post_content_style":"default","_kad_post_vertical_padding":"default","_kad_post_feature":"","_kad_post_feature_position":"","_kad_post_header":false,"_kad_post_footer":false,"_kad_post_classname":""},"product_brand":[],"product_cat":[1183,385],"product_tag":[],"class_list":{"0":"post-12645","1":"product","2":"type-product","3":"status-publish","4":"has-post-thumbnail","6":"product_cat-drainage-grates","7":"product_cat-sanitary-and-storm-drainage","8":"pa_kolor-grey","9":"pa_kolor-white","10":"pa_wersja-110-150-x-150-en","11":"pa_wersja-110-150-x-150-with-float","13":"first","14":"instock","15":"product-type-variable","16":"entry","17":"content-bg","18":"loop-entry"},"acf":[],"yoast_head":"<!-- This site is optimized with the Yoast SEO plugin v25.1 - https:\/\/yoast.com\/wordpress\/plugins\/seo\/ -->\n<title>(24) Side drain grate, adjustable height, stainless steel grate - Plasmet<\/title>\n<meta name=\"description\" content=\"(24) Side drain grate, adjustable height, stainless steel grate \u2013 producent i hurtownia Plasmet. Oferujemy wysok\u0105 jako\u015b\u0107, szeroki wyb\u00f3r i dobre ceny. Zapraszamy do sprawdzenia oferty!\" \/>\n<meta name=\"robots\" content=\"index, follow, max-snippet:-1, max-image-preview:large, max-video-preview:-1\" \/>\n<link rel=\"canonical\" href=\"https:\/\/plasmet.bochnia.pl\/en\/product\/24-side-drain-grate-adjustable-height-stainless-steel-grate\/\" \/>\n<meta property=\"og:locale\" content=\"en_US\" \/>\n<meta property=\"og:type\" content=\"article\" \/>\n<meta property=\"og:title\" content=\"(24) Side drain grate, adjustable height, stainless steel grate - Plasmet\" \/>\n<meta property=\"og:description\" content=\"(24) Side drain grate, adjustable height, stainless steel grate \u2013 producent i hurtownia Plasmet. Oferujemy wysok\u0105 jako\u015b\u0107, szeroki wyb\u00f3r i dobre ceny. Zapraszamy do sprawdzenia oferty!\" \/>\n<meta property=\"og:url\" content=\"https:\/\/plasmet.bochnia.pl\/en\/product\/24-side-drain-grate-adjustable-height-stainless-steel-grate\/\" \/>\n<meta property=\"og:site_name\" content=\"Plasmet\" \/>\n<meta property=\"article:modified_time\" content=\"2025-11-25T21:24:10+00:00\" \/>\n<meta property=\"og:image\" content=\"https:\/\/plasmet.bochnia.pl\/wp-content\/uploads\/2024\/11\/wpust-kanalizacyjny-boczny-wysokosc-regulowana-ruszt-nierdzewny-110-150-x-150-bialy-1.jpg\" \/>\n\t<meta property=\"og:image:width\" content=\"800\" \/>\n\t<meta property=\"og:image:height\" content=\"800\" \/>\n\t<meta property=\"og:image:type\" content=\"image\/jpeg\" \/>\n<meta name=\"twitter:card\" content=\"summary_large_image\" \/>\n<meta name=\"twitter:label1\" content=\"Est. reading time\" \/>\n\t<meta name=\"twitter:data1\" content=\"1 minute\" \/>\n<script type=\"application\/ld+json\" class=\"yoast-schema-graph\">{\"@context\":\"https:\/\/schema.org\",\"@graph\":[{\"@type\":\"WebPage\",\"@id\":\"https:\/\/plasmet.bochnia.pl\/en\/product\/24-side-drain-grate-adjustable-height-stainless-steel-grate\/\",\"url\":\"https:\/\/plasmet.bochnia.pl\/en\/product\/24-side-drain-grate-adjustable-height-stainless-steel-grate\/\",\"name\":\"(24) Side drain grate, adjustable height, stainless steel grate - Plasmet\",\"isPartOf\":{\"@id\":\"https:\/\/plasmet.bochnia.pl\/en\/#website\"},\"primaryImageOfPage\":{\"@id\":\"https:\/\/plasmet.bochnia.pl\/en\/product\/24-side-drain-grate-adjustable-height-stainless-steel-grate\/#primaryimage\"},\"image\":{\"@id\":\"https:\/\/plasmet.bochnia.pl\/en\/product\/24-side-drain-grate-adjustable-height-stainless-steel-grate\/#primaryimage\"},\"thumbnailUrl\":\"https:\/\/plasmet.bochnia.pl\/wp-content\/uploads\/2024\/11\/wpust-kanalizacyjny-boczny-wysokosc-regulowana-ruszt-nierdzewny-110-150-x-150-bialy-1.jpg\",\"datePublished\":\"2024-11-20T18:43:04+00:00\",\"dateModified\":\"2025-11-25T21:24:10+00:00\",\"description\":\"(24) Side drain grate, adjustable height, stainless steel grate \u2013 producent i hurtownia Plasmet. Oferujemy wysok\u0105 jako\u015b\u0107, szeroki wyb\u00f3r i dobre ceny. Zapraszamy do sprawdzenia oferty!\",\"breadcrumb\":{\"@id\":\"https:\/\/plasmet.bochnia.pl\/en\/product\/24-side-drain-grate-adjustable-height-stainless-steel-grate\/#breadcrumb\"},\"inLanguage\":\"en-US\",\"potentialAction\":[{\"@type\":\"ReadAction\",\"target\":[\"https:\/\/plasmet.bochnia.pl\/en\/product\/24-side-drain-grate-adjustable-height-stainless-steel-grate\/\"]}]},{\"@type\":\"ImageObject\",\"inLanguage\":\"en-US\",\"@id\":\"https:\/\/plasmet.bochnia.pl\/en\/product\/24-side-drain-grate-adjustable-height-stainless-steel-grate\/#primaryimage\",\"url\":\"https:\/\/plasmet.bochnia.pl\/wp-content\/uploads\/2024\/11\/wpust-kanalizacyjny-boczny-wysokosc-regulowana-ruszt-nierdzewny-110-150-x-150-bialy-1.jpg\",\"contentUrl\":\"https:\/\/plasmet.bochnia.pl\/wp-content\/uploads\/2024\/11\/wpust-kanalizacyjny-boczny-wysokosc-regulowana-ruszt-nierdzewny-110-150-x-150-bialy-1.jpg\",\"width\":800,\"height\":800},{\"@type\":\"BreadcrumbList\",\"@id\":\"https:\/\/plasmet.bochnia.pl\/en\/product\/24-side-drain-grate-adjustable-height-stainless-steel-grate\/#breadcrumb\",\"itemListElement\":[{\"@type\":\"ListItem\",\"position\":1,\"name\":\"Strona g\u0142\u00f3wna\",\"item\":\"https:\/\/plasmet.bochnia.pl\/en\/\"},{\"@type\":\"ListItem\",\"position\":2,\"name\":\"Shop\",\"item\":\"https:\/\/plasmet.bochnia.pl\/en\/shop\/\"},{\"@type\":\"ListItem\",\"position\":3,\"name\":\"(24) Side drain grate, adjustable height, stainless steel grate\"}]},{\"@type\":\"WebSite\",\"@id\":\"https:\/\/plasmet.bochnia.pl\/en\/#website\",\"url\":\"https:\/\/plasmet.bochnia.pl\/en\/\",\"name\":\"Plasmet\",\"description\":\"Plasmet\",\"publisher\":{\"@id\":\"https:\/\/plasmet.bochnia.pl\/en\/#organization\"},\"alternateName\":\"Plasmet\",\"potentialAction\":[{\"@type\":\"SearchAction\",\"target\":{\"@type\":\"EntryPoint\",\"urlTemplate\":\"https:\/\/plasmet.bochnia.pl\/en\/?s={search_term_string}\"},\"query-input\":{\"@type\":\"PropertyValueSpecification\",\"valueRequired\":true,\"valueName\":\"search_term_string\"}}],\"inLanguage\":\"en-US\"},{\"@type\":\"Organization\",\"@id\":\"https:\/\/plasmet.bochnia.pl\/en\/#organization\",\"name\":\"Plasmet\",\"url\":\"https:\/\/plasmet.bochnia.pl\/en\/\",\"logo\":{\"@type\":\"ImageObject\",\"inLanguage\":\"en-US\",\"@id\":\"https:\/\/plasmet.bochnia.pl\/en\/#\/schema\/logo\/image\/\",\"url\":\"https:\/\/plasmet.bochnia.pl\/wp-content\/uploads\/2024\/09\/logo-z-niebieskim.webp\",\"contentUrl\":\"https:\/\/plasmet.bochnia.pl\/wp-content\/uploads\/2024\/09\/logo-z-niebieskim.webp\",\"width\":512,\"height\":141,\"caption\":\"Plasmet\"},\"image\":{\"@id\":\"https:\/\/plasmet.bochnia.pl\/en\/#\/schema\/logo\/image\/\"}}]}<\/script>\n<!-- \/ Yoast SEO plugin. -->","yoast_head_json":{"title":"(24) Side drain grate, adjustable height, stainless steel grate - Plasmet","description":"(24) Side drain grate, adjustable height, stainless steel grate \u2013 producent i hurtownia Plasmet. Oferujemy wysok\u0105 jako\u015b\u0107, szeroki wyb\u00f3r i dobre ceny. Zapraszamy do sprawdzenia oferty!","robots":{"index":"index","follow":"follow","max-snippet":"max-snippet:-1","max-image-preview":"max-image-preview:large","max-video-preview":"max-video-preview:-1"},"canonical":"https:\/\/plasmet.bochnia.pl\/en\/product\/24-side-drain-grate-adjustable-height-stainless-steel-grate\/","og_locale":"en_US","og_type":"article","og_title":"(24) Side drain grate, adjustable height, stainless steel grate - Plasmet","og_description":"(24) Side drain grate, adjustable height, stainless steel grate \u2013 producent i hurtownia Plasmet. Oferujemy wysok\u0105 jako\u015b\u0107, szeroki wyb\u00f3r i dobre ceny. Zapraszamy do sprawdzenia oferty!","og_url":"https:\/\/plasmet.bochnia.pl\/en\/product\/24-side-drain-grate-adjustable-height-stainless-steel-grate\/","og_site_name":"Plasmet","article_modified_time":"2025-11-25T21:24:10+00:00","og_image":[{"width":800,"height":800,"url":"https:\/\/plasmet.bochnia.pl\/wp-content\/uploads\/2024\/11\/wpust-kanalizacyjny-boczny-wysokosc-regulowana-ruszt-nierdzewny-110-150-x-150-bialy-1.jpg","type":"image\/jpeg"}],"twitter_card":"summary_large_image","twitter_misc":{"Est. reading time":"1 minute"},"schema":{"@context":"https:\/\/schema.org","@graph":[{"@type":"WebPage","@id":"https:\/\/plasmet.bochnia.pl\/en\/product\/24-side-drain-grate-adjustable-height-stainless-steel-grate\/","url":"https:\/\/plasmet.bochnia.pl\/en\/product\/24-side-drain-grate-adjustable-height-stainless-steel-grate\/","name":"(24) Side drain grate, adjustable height, stainless steel grate - Plasmet","isPartOf":{"@id":"https:\/\/plasmet.bochnia.pl\/en\/#website"},"primaryImageOfPage":{"@id":"https:\/\/plasmet.bochnia.pl\/en\/product\/24-side-drain-grate-adjustable-height-stainless-steel-grate\/#primaryimage"},"image":{"@id":"https:\/\/plasmet.bochnia.pl\/en\/product\/24-side-drain-grate-adjustable-height-stainless-steel-grate\/#primaryimage"},"thumbnailUrl":"https:\/\/plasmet.bochnia.pl\/wp-content\/uploads\/2024\/11\/wpust-kanalizacyjny-boczny-wysokosc-regulowana-ruszt-nierdzewny-110-150-x-150-bialy-1.jpg","datePublished":"2024-11-20T18:43:04+00:00","dateModified":"2025-11-25T21:24:10+00:00","description":"(24) Side drain grate, adjustable height, stainless steel grate \u2013 producent i hurtownia Plasmet. Oferujemy wysok\u0105 jako\u015b\u0107, szeroki wyb\u00f3r i dobre ceny. Zapraszamy do sprawdzenia oferty!","breadcrumb":{"@id":"https:\/\/plasmet.bochnia.pl\/en\/product\/24-side-drain-grate-adjustable-height-stainless-steel-grate\/#breadcrumb"},"inLanguage":"en-US","potentialAction":[{"@type":"ReadAction","target":["https:\/\/plasmet.bochnia.pl\/en\/product\/24-side-drain-grate-adjustable-height-stainless-steel-grate\/"]}]},{"@type":"ImageObject","inLanguage":"en-US","@id":"https:\/\/plasmet.bochnia.pl\/en\/product\/24-side-drain-grate-adjustable-height-stainless-steel-grate\/#primaryimage","url":"https:\/\/plasmet.bochnia.pl\/wp-content\/uploads\/2024\/11\/wpust-kanalizacyjny-boczny-wysokosc-regulowana-ruszt-nierdzewny-110-150-x-150-bialy-1.jpg","contentUrl":"https:\/\/plasmet.bochnia.pl\/wp-content\/uploads\/2024\/11\/wpust-kanalizacyjny-boczny-wysokosc-regulowana-ruszt-nierdzewny-110-150-x-150-bialy-1.jpg","width":800,"height":800},{"@type":"BreadcrumbList","@id":"https:\/\/plasmet.bochnia.pl\/en\/product\/24-side-drain-grate-adjustable-height-stainless-steel-grate\/#breadcrumb","itemListElement":[{"@type":"ListItem","position":1,"name":"Strona g\u0142\u00f3wna","item":"https:\/\/plasmet.bochnia.pl\/en\/"},{"@type":"ListItem","position":2,"name":"Shop","item":"https:\/\/plasmet.bochnia.pl\/en\/shop\/"},{"@type":"ListItem","position":3,"name":"(24) Side drain grate, adjustable height, stainless steel grate"}]},{"@type":"WebSite","@id":"https:\/\/plasmet.bochnia.pl\/en\/#website","url":"https:\/\/plasmet.bochnia.pl\/en\/","name":"Plasmet","description":"Plasmet","publisher":{"@id":"https:\/\/plasmet.bochnia.pl\/en\/#organization"},"alternateName":"Plasmet","potentialAction":[{"@type":"SearchAction","target":{"@type":"EntryPoint","urlTemplate":"https:\/\/plasmet.bochnia.pl\/en\/?s={search_term_string}"},"query-input":{"@type":"PropertyValueSpecification","valueRequired":true,"valueName":"search_term_string"}}],"inLanguage":"en-US"},{"@type":"Organization","@id":"https:\/\/plasmet.bochnia.pl\/en\/#organization","name":"Plasmet","url":"https:\/\/plasmet.bochnia.pl\/en\/","logo":{"@type":"ImageObject","inLanguage":"en-US","@id":"https:\/\/plasmet.bochnia.pl\/en\/#\/schema\/logo\/image\/","url":"https:\/\/plasmet.bochnia.pl\/wp-content\/uploads\/2024\/09\/logo-z-niebieskim.webp","contentUrl":"https:\/\/plasmet.bochnia.pl\/wp-content\/uploads\/2024\/09\/logo-z-niebieskim.webp","width":512,"height":141,"caption":"Plasmet"},"image":{"@id":"https:\/\/plasmet.bochnia.pl\/en\/#\/schema\/logo\/image\/"}}]}},"taxonomy_info":{"product_cat":[{"value":1183,"label":"Drainage Grates"},{"value":385,"label":"Sanitary and Storm Drainage"}],"pa_kolor":[{"value":626,"label":"grey"},{"value":97,"label":"White"}],"pa_wersja":[{"value":955,"label":"110\/150 x 150"},{"value":1099,"label":"110\/150 x 150 with float"}]},"featured_image_src_large":["https:\/\/plasmet.bochnia.pl\/wp-content\/uploads\/2024\/11\/wpust-kanalizacyjny-boczny-wysokosc-regulowana-ruszt-nierdzewny-110-150-x-150-bialy-1.jpg",800,800,false],"author_info":[],"comment_info":"","_links":{"self":[{"href":"https:\/\/plasmet.bochnia.pl\/en\/wp-json\/wp\/v2\/product\/12645","targetHints":{"allow":["GET"]}}],"collection":[{"href":"https:\/\/plasmet.bochnia.pl\/en\/wp-json\/wp\/v2\/product"}],"about":[{"href":"https:\/\/plasmet.bochnia.pl\/en\/wp-json\/wp\/v2\/types\/product"}],"wp:featuredmedia":[{"embeddable":true,"href":"https:\/\/plasmet.bochnia.pl\/en\/wp-json\/wp\/v2\/media\/9704"}],"wp:attachment":[{"href":"https:\/\/plasmet.bochnia.pl\/en\/wp-json\/wp\/v2\/media?parent=12645"}],"wp:term":[{"taxonomy":"product_brand","embeddable":true,"href":"https:\/\/plasmet.bochnia.pl\/en\/wp-json\/wp\/v2\/product_brand?post=12645"},{"taxonomy":"product_cat","embeddable":true,"href":"https:\/\/plasmet.bochnia.pl\/en\/wp-json\/wp\/v2\/product_cat?post=12645"},{"taxonomy":"product_tag","embeddable":true,"href":"https:\/\/plasmet.bochnia.pl\/en\/wp-json\/wp\/v2\/product_tag?post=12645"}],"curies":[{"name":"wp","href":"https:\/\/api.w.org\/{rel}","templated":true}]}}