{"id":12609,"date":"2024-11-20T19:42:44","date_gmt":"2024-11-20T18:42:44","guid":{"rendered":"https:\/\/plasmet.nospace.pl\/?post_type=product&#038;p=12609"},"modified":"2025-11-25T22:24:05","modified_gmt":"2025-11-25T21:24:05","slug":"21-side-drain-grate-rotating-stainless-steel-grate","status":"publish","type":"product","link":"https:\/\/plasmet.bochnia.pl\/en\/product\/21-side-drain-grate-rotating-stainless-steel-grate\/","title":{"rendered":"(21) Side drain grate, rotating stainless steel grate"},"content":{"rendered":"<h2>Side drain grate with a rotating stainless steel grate<\/h2>\n<p>The side drain grate with a stainless steel grate offers high durability and an attractive appearance, making it ideal for sanitary and stormwater drainage systems. The grate, made of corrosion-resistant stainless steel, ensures reliability in demanding conditions, while its rotating mechanism allows for precise adjustment during installation. The product is available in white and gray and in dimensions of 110\/150 x 150 mm.<\/p>\n<h3>Product specification<\/h3>\n<ul>\n<li>Type: side drain grate<\/li>\n<li>Grate: stainless steel, rotating<\/li>\n<li>Colors:\n<ul>\n<li>White<\/li>\n<li>Gray<\/li>\n<\/ul>\n<\/li>\n<li>Dimensions: 110\/150 x 150 mm<\/li>\n<li>Material: stainless steel and plastic<\/li>\n<li>Intended use: sanitary and stormwater drainage<\/li>\n<\/ul>\n<h3>Application<\/h3>\n<p>The side drain grate with a stainless steel grate is used in residential, commercial, and industrial buildings. It is particularly useful in areas requiring effective water drainage and high durability.<\/p>\n<h3>Product advantages<\/h3>\n<ul>\n<li>High corrosion resistance thanks to the stainless steel grate<\/li>\n<li>Rotating mechanism for easy adjustment<\/li>\n<li>Available in white and gray<\/li>\n<li>Durable construction resistant to weather conditions<\/li>\n<li>Easy installation in drainage systems<\/li>\n<\/ul>\n<p>The side drain grate with a rotating stainless steel grate is a reliable solution that combines functionality and aesthetics. Thanks to its design and durable materials, the product guarantees effective performance for years to come.<\/p>\n","protected":false},"excerpt":{"rendered":"<p>Side drain grate with a rotating stainless steel grate, available in white and gray, dimensions 110\/150 x 150 mm. Intended for efficient water drainage in sanitary and stormwater systems.<\/p>\n","protected":false},"featured_media":9571,"template":"","meta":{"_acf_changed":false,"_kad_blocks_custom_css":"","_kad_blocks_head_custom_js":"","_kad_blocks_body_custom_js":"","_kad_blocks_footer_custom_js":"","_kad_post_transparent":"default","_kad_post_title":"","_kad_post_layout":"default","_kad_post_sidebar_id":"","_kad_post_content_style":"default","_kad_post_vertical_padding":"default","_kad_post_feature":"","_kad_post_feature_position":"","_kad_post_header":false,"_kad_post_footer":false,"_kad_post_classname":""},"product_brand":[],"product_cat":[1183,385],"product_tag":[],"class_list":{"0":"post-12609","1":"product","2":"type-product","3":"status-publish","4":"has-post-thumbnail","6":"product_cat-drainage-grates","7":"product_cat-sanitary-and-storm-drainage","8":"pa_kolor-grey","9":"pa_kolor-white","10":"pa_wersja-110-150-x-150-en","12":"first","13":"instock","14":"product-type-variable","15":"entry","16":"content-bg","17":"loop-entry"},"acf":[],"yoast_head":"<!-- This site is optimized with the Yoast SEO plugin v25.1 - https:\/\/yoast.com\/wordpress\/plugins\/seo\/ -->\n<title>(21) Side drain grate, rotating stainless steel grate - Plasmet<\/title>\n<meta name=\"description\" content=\"(21) Side drain grate, rotating stainless steel grate \u2013 producent i hurtownia Plasmet. Oferujemy wysok\u0105 jako\u015b\u0107, szeroki wyb\u00f3r i dobre ceny. Zapraszamy do sprawdzenia oferty!\" \/>\n<meta name=\"robots\" content=\"index, follow, max-snippet:-1, max-image-preview:large, max-video-preview:-1\" \/>\n<link rel=\"canonical\" href=\"https:\/\/plasmet.bochnia.pl\/en\/product\/21-side-drain-grate-rotating-stainless-steel-grate\/\" \/>\n<meta property=\"og:locale\" content=\"en_US\" \/>\n<meta property=\"og:type\" content=\"article\" \/>\n<meta property=\"og:title\" content=\"(21) Side drain grate, rotating stainless steel grate - Plasmet\" \/>\n<meta property=\"og:description\" content=\"(21) Side drain grate, rotating stainless steel grate \u2013 producent i hurtownia Plasmet. Oferujemy wysok\u0105 jako\u015b\u0107, szeroki wyb\u00f3r i dobre ceny. Zapraszamy do sprawdzenia oferty!\" \/>\n<meta property=\"og:url\" content=\"https:\/\/plasmet.bochnia.pl\/en\/product\/21-side-drain-grate-rotating-stainless-steel-grate\/\" \/>\n<meta property=\"og:site_name\" content=\"Plasmet\" \/>\n<meta property=\"article:modified_time\" content=\"2025-11-25T21:24:05+00:00\" \/>\n<meta property=\"og:image\" content=\"https:\/\/plasmet.bochnia.pl\/wp-content\/uploads\/2024\/11\/wpust-kanalizacyjny-boczny-ruszt-nierdzewny-obrotowy-110-150-x-150-bialy-1.jpg\" \/>\n\t<meta property=\"og:image:width\" content=\"800\" \/>\n\t<meta property=\"og:image:height\" content=\"800\" \/>\n\t<meta property=\"og:image:type\" content=\"image\/jpeg\" \/>\n<meta name=\"twitter:card\" content=\"summary_large_image\" \/>\n<meta name=\"twitter:label1\" content=\"Est. reading time\" \/>\n\t<meta name=\"twitter:data1\" content=\"1 minute\" \/>\n<script type=\"application\/ld+json\" class=\"yoast-schema-graph\">{\"@context\":\"https:\/\/schema.org\",\"@graph\":[{\"@type\":\"WebPage\",\"@id\":\"https:\/\/plasmet.bochnia.pl\/en\/product\/21-side-drain-grate-rotating-stainless-steel-grate\/\",\"url\":\"https:\/\/plasmet.bochnia.pl\/en\/product\/21-side-drain-grate-rotating-stainless-steel-grate\/\",\"name\":\"(21) Side drain grate, rotating stainless steel grate - Plasmet\",\"isPartOf\":{\"@id\":\"https:\/\/plasmet.bochnia.pl\/en\/#website\"},\"primaryImageOfPage\":{\"@id\":\"https:\/\/plasmet.bochnia.pl\/en\/product\/21-side-drain-grate-rotating-stainless-steel-grate\/#primaryimage\"},\"image\":{\"@id\":\"https:\/\/plasmet.bochnia.pl\/en\/product\/21-side-drain-grate-rotating-stainless-steel-grate\/#primaryimage\"},\"thumbnailUrl\":\"https:\/\/plasmet.bochnia.pl\/wp-content\/uploads\/2024\/11\/wpust-kanalizacyjny-boczny-ruszt-nierdzewny-obrotowy-110-150-x-150-bialy-1.jpg\",\"datePublished\":\"2024-11-20T18:42:44+00:00\",\"dateModified\":\"2025-11-25T21:24:05+00:00\",\"description\":\"(21) Side drain grate, rotating stainless steel grate \u2013 producent i hurtownia Plasmet. Oferujemy wysok\u0105 jako\u015b\u0107, szeroki wyb\u00f3r i dobre ceny. Zapraszamy do sprawdzenia oferty!\",\"breadcrumb\":{\"@id\":\"https:\/\/plasmet.bochnia.pl\/en\/product\/21-side-drain-grate-rotating-stainless-steel-grate\/#breadcrumb\"},\"inLanguage\":\"en-US\",\"potentialAction\":[{\"@type\":\"ReadAction\",\"target\":[\"https:\/\/plasmet.bochnia.pl\/en\/product\/21-side-drain-grate-rotating-stainless-steel-grate\/\"]}]},{\"@type\":\"ImageObject\",\"inLanguage\":\"en-US\",\"@id\":\"https:\/\/plasmet.bochnia.pl\/en\/product\/21-side-drain-grate-rotating-stainless-steel-grate\/#primaryimage\",\"url\":\"https:\/\/plasmet.bochnia.pl\/wp-content\/uploads\/2024\/11\/wpust-kanalizacyjny-boczny-ruszt-nierdzewny-obrotowy-110-150-x-150-bialy-1.jpg\",\"contentUrl\":\"https:\/\/plasmet.bochnia.pl\/wp-content\/uploads\/2024\/11\/wpust-kanalizacyjny-boczny-ruszt-nierdzewny-obrotowy-110-150-x-150-bialy-1.jpg\",\"width\":800,\"height\":800},{\"@type\":\"BreadcrumbList\",\"@id\":\"https:\/\/plasmet.bochnia.pl\/en\/product\/21-side-drain-grate-rotating-stainless-steel-grate\/#breadcrumb\",\"itemListElement\":[{\"@type\":\"ListItem\",\"position\":1,\"name\":\"Strona g\u0142\u00f3wna\",\"item\":\"https:\/\/plasmet.bochnia.pl\/en\/\"},{\"@type\":\"ListItem\",\"position\":2,\"name\":\"Shop\",\"item\":\"https:\/\/plasmet.bochnia.pl\/en\/shop\/\"},{\"@type\":\"ListItem\",\"position\":3,\"name\":\"(21) Side drain grate, rotating stainless steel grate\"}]},{\"@type\":\"WebSite\",\"@id\":\"https:\/\/plasmet.bochnia.pl\/en\/#website\",\"url\":\"https:\/\/plasmet.bochnia.pl\/en\/\",\"name\":\"Plasmet\",\"description\":\"Plasmet\",\"publisher\":{\"@id\":\"https:\/\/plasmet.bochnia.pl\/en\/#organization\"},\"alternateName\":\"Plasmet\",\"potentialAction\":[{\"@type\":\"SearchAction\",\"target\":{\"@type\":\"EntryPoint\",\"urlTemplate\":\"https:\/\/plasmet.bochnia.pl\/en\/?s={search_term_string}\"},\"query-input\":{\"@type\":\"PropertyValueSpecification\",\"valueRequired\":true,\"valueName\":\"search_term_string\"}}],\"inLanguage\":\"en-US\"},{\"@type\":\"Organization\",\"@id\":\"https:\/\/plasmet.bochnia.pl\/en\/#organization\",\"name\":\"Plasmet\",\"url\":\"https:\/\/plasmet.bochnia.pl\/en\/\",\"logo\":{\"@type\":\"ImageObject\",\"inLanguage\":\"en-US\",\"@id\":\"https:\/\/plasmet.bochnia.pl\/en\/#\/schema\/logo\/image\/\",\"url\":\"https:\/\/plasmet.bochnia.pl\/wp-content\/uploads\/2024\/09\/logo-z-niebieskim.webp\",\"contentUrl\":\"https:\/\/plasmet.bochnia.pl\/wp-content\/uploads\/2024\/09\/logo-z-niebieskim.webp\",\"width\":512,\"height\":141,\"caption\":\"Plasmet\"},\"image\":{\"@id\":\"https:\/\/plasmet.bochnia.pl\/en\/#\/schema\/logo\/image\/\"}}]}<\/script>\n<!-- \/ Yoast SEO plugin. -->","yoast_head_json":{"title":"(21) Side drain grate, rotating stainless steel grate - Plasmet","description":"(21) Side drain grate, rotating stainless steel grate \u2013 producent i hurtownia Plasmet. Oferujemy wysok\u0105 jako\u015b\u0107, szeroki wyb\u00f3r i dobre ceny. Zapraszamy do sprawdzenia oferty!","robots":{"index":"index","follow":"follow","max-snippet":"max-snippet:-1","max-image-preview":"max-image-preview:large","max-video-preview":"max-video-preview:-1"},"canonical":"https:\/\/plasmet.bochnia.pl\/en\/product\/21-side-drain-grate-rotating-stainless-steel-grate\/","og_locale":"en_US","og_type":"article","og_title":"(21) Side drain grate, rotating stainless steel grate - Plasmet","og_description":"(21) Side drain grate, rotating stainless steel grate \u2013 producent i hurtownia Plasmet. Oferujemy wysok\u0105 jako\u015b\u0107, szeroki wyb\u00f3r i dobre ceny. Zapraszamy do sprawdzenia oferty!","og_url":"https:\/\/plasmet.bochnia.pl\/en\/product\/21-side-drain-grate-rotating-stainless-steel-grate\/","og_site_name":"Plasmet","article_modified_time":"2025-11-25T21:24:05+00:00","og_image":[{"width":800,"height":800,"url":"https:\/\/plasmet.bochnia.pl\/wp-content\/uploads\/2024\/11\/wpust-kanalizacyjny-boczny-ruszt-nierdzewny-obrotowy-110-150-x-150-bialy-1.jpg","type":"image\/jpeg"}],"twitter_card":"summary_large_image","twitter_misc":{"Est. reading time":"1 minute"},"schema":{"@context":"https:\/\/schema.org","@graph":[{"@type":"WebPage","@id":"https:\/\/plasmet.bochnia.pl\/en\/product\/21-side-drain-grate-rotating-stainless-steel-grate\/","url":"https:\/\/plasmet.bochnia.pl\/en\/product\/21-side-drain-grate-rotating-stainless-steel-grate\/","name":"(21) Side drain grate, rotating stainless steel grate - Plasmet","isPartOf":{"@id":"https:\/\/plasmet.bochnia.pl\/en\/#website"},"primaryImageOfPage":{"@id":"https:\/\/plasmet.bochnia.pl\/en\/product\/21-side-drain-grate-rotating-stainless-steel-grate\/#primaryimage"},"image":{"@id":"https:\/\/plasmet.bochnia.pl\/en\/product\/21-side-drain-grate-rotating-stainless-steel-grate\/#primaryimage"},"thumbnailUrl":"https:\/\/plasmet.bochnia.pl\/wp-content\/uploads\/2024\/11\/wpust-kanalizacyjny-boczny-ruszt-nierdzewny-obrotowy-110-150-x-150-bialy-1.jpg","datePublished":"2024-11-20T18:42:44+00:00","dateModified":"2025-11-25T21:24:05+00:00","description":"(21) Side drain grate, rotating stainless steel grate \u2013 producent i hurtownia Plasmet. Oferujemy wysok\u0105 jako\u015b\u0107, szeroki wyb\u00f3r i dobre ceny. Zapraszamy do sprawdzenia oferty!","breadcrumb":{"@id":"https:\/\/plasmet.bochnia.pl\/en\/product\/21-side-drain-grate-rotating-stainless-steel-grate\/#breadcrumb"},"inLanguage":"en-US","potentialAction":[{"@type":"ReadAction","target":["https:\/\/plasmet.bochnia.pl\/en\/product\/21-side-drain-grate-rotating-stainless-steel-grate\/"]}]},{"@type":"ImageObject","inLanguage":"en-US","@id":"https:\/\/plasmet.bochnia.pl\/en\/product\/21-side-drain-grate-rotating-stainless-steel-grate\/#primaryimage","url":"https:\/\/plasmet.bochnia.pl\/wp-content\/uploads\/2024\/11\/wpust-kanalizacyjny-boczny-ruszt-nierdzewny-obrotowy-110-150-x-150-bialy-1.jpg","contentUrl":"https:\/\/plasmet.bochnia.pl\/wp-content\/uploads\/2024\/11\/wpust-kanalizacyjny-boczny-ruszt-nierdzewny-obrotowy-110-150-x-150-bialy-1.jpg","width":800,"height":800},{"@type":"BreadcrumbList","@id":"https:\/\/plasmet.bochnia.pl\/en\/product\/21-side-drain-grate-rotating-stainless-steel-grate\/#breadcrumb","itemListElement":[{"@type":"ListItem","position":1,"name":"Strona g\u0142\u00f3wna","item":"https:\/\/plasmet.bochnia.pl\/en\/"},{"@type":"ListItem","position":2,"name":"Shop","item":"https:\/\/plasmet.bochnia.pl\/en\/shop\/"},{"@type":"ListItem","position":3,"name":"(21) Side drain grate, rotating stainless steel grate"}]},{"@type":"WebSite","@id":"https:\/\/plasmet.bochnia.pl\/en\/#website","url":"https:\/\/plasmet.bochnia.pl\/en\/","name":"Plasmet","description":"Plasmet","publisher":{"@id":"https:\/\/plasmet.bochnia.pl\/en\/#organization"},"alternateName":"Plasmet","potentialAction":[{"@type":"SearchAction","target":{"@type":"EntryPoint","urlTemplate":"https:\/\/plasmet.bochnia.pl\/en\/?s={search_term_string}"},"query-input":{"@type":"PropertyValueSpecification","valueRequired":true,"valueName":"search_term_string"}}],"inLanguage":"en-US"},{"@type":"Organization","@id":"https:\/\/plasmet.bochnia.pl\/en\/#organization","name":"Plasmet","url":"https:\/\/plasmet.bochnia.pl\/en\/","logo":{"@type":"ImageObject","inLanguage":"en-US","@id":"https:\/\/plasmet.bochnia.pl\/en\/#\/schema\/logo\/image\/","url":"https:\/\/plasmet.bochnia.pl\/wp-content\/uploads\/2024\/09\/logo-z-niebieskim.webp","contentUrl":"https:\/\/plasmet.bochnia.pl\/wp-content\/uploads\/2024\/09\/logo-z-niebieskim.webp","width":512,"height":141,"caption":"Plasmet"},"image":{"@id":"https:\/\/plasmet.bochnia.pl\/en\/#\/schema\/logo\/image\/"}}]}},"taxonomy_info":{"product_cat":[{"value":1183,"label":"Drainage Grates"},{"value":385,"label":"Sanitary and Storm Drainage"}],"pa_kolor":[{"value":626,"label":"grey"},{"value":97,"label":"White"}],"pa_wersja":[{"value":955,"label":"110\/150 x 150"}]},"featured_image_src_large":["https:\/\/plasmet.bochnia.pl\/wp-content\/uploads\/2024\/11\/wpust-kanalizacyjny-boczny-ruszt-nierdzewny-obrotowy-110-150-x-150-bialy-1.jpg",800,800,false],"author_info":[],"comment_info":"","_links":{"self":[{"href":"https:\/\/plasmet.bochnia.pl\/en\/wp-json\/wp\/v2\/product\/12609","targetHints":{"allow":["GET"]}}],"collection":[{"href":"https:\/\/plasmet.bochnia.pl\/en\/wp-json\/wp\/v2\/product"}],"about":[{"href":"https:\/\/plasmet.bochnia.pl\/en\/wp-json\/wp\/v2\/types\/product"}],"wp:featuredmedia":[{"embeddable":true,"href":"https:\/\/plasmet.bochnia.pl\/en\/wp-json\/wp\/v2\/media\/9571"}],"wp:attachment":[{"href":"https:\/\/plasmet.bochnia.pl\/en\/wp-json\/wp\/v2\/media?parent=12609"}],"wp:term":[{"taxonomy":"product_brand","embeddable":true,"href":"https:\/\/plasmet.bochnia.pl\/en\/wp-json\/wp\/v2\/product_brand?post=12609"},{"taxonomy":"product_cat","embeddable":true,"href":"https:\/\/plasmet.bochnia.pl\/en\/wp-json\/wp\/v2\/product_cat?post=12609"},{"taxonomy":"product_tag","embeddable":true,"href":"https:\/\/plasmet.bochnia.pl\/en\/wp-json\/wp\/v2\/product_tag?post=12609"}],"curies":[{"name":"wp","href":"https:\/\/api.w.org\/{rel}","templated":true}]}}