{"id":12480,"date":"2024-11-20T19:41:49","date_gmt":"2024-11-20T18:41:49","guid":{"rendered":"https:\/\/plasmet.nospace.pl\/?post_type=product&#038;p=12480"},"modified":"2025-11-25T22:23:37","modified_gmt":"2025-11-25T21:23:37","slug":"01-straight-drain-grate-rotating-plastic-grate","status":"publish","type":"product","link":"https:\/\/plasmet.bochnia.pl\/en\/product\/01-straight-drain-grate-rotating-plastic-grate\/","title":{"rendered":"(01) Straight drain grate, rotating plastic grate"},"content":{"rendered":"<h2>Straight drain grate with a rotating plastic grate<\/h2>\n<p>The straight drain grate is a practical and reliable solution for sanitary and stormwater drainage systems. Equipped with a rotating grate made of durable plastic, it allows precise adjustment to the installation site. Available in white and gray and in dimensions of 50\/100 x 100 mm, it ensures efficient rainwater drainage from various surfaces.<\/p>\n<h3>Product specification<\/h3>\n<ul>\n<li>Type: straight drain grate<\/li>\n<li>Grate: plastic, rotating<\/li>\n<li>Colors:\n<ul>\n<li>White<\/li>\n<li>Gray<\/li>\n<\/ul>\n<\/li>\n<li>Dimensions: 50\/100 x 100 mm<\/li>\n<li>Material: durable plastic<\/li>\n<li>Intended use: sanitary and stormwater drainage<\/li>\n<\/ul>\n<h3>Application<\/h3>\n<p>The straight drain grate is suitable for use in the drainage systems of residential, commercial, and industrial buildings. It works excellently in areas such as driveways, terraces, and sidewalks, effectively draining rainwater and preventing water accumulation.<\/p>\n<h3>Product advantages<\/h3>\n<ul>\n<li>Precise adjustment thanks to the rotating grate<\/li>\n<li>Available in two universal colors<\/li>\n<li>Easy installation in various drainage systems<\/li>\n<li>Aesthetic and durable finish<\/li>\n<\/ul>\n<p>The straight drain grate with a rotating plastic grate combines functionality and aesthetics. Thanks to its solid construction and wide range of applications, it is an ideal solution for modern drainage systems.<\/p>\n","protected":false},"excerpt":{"rendered":"<p>Straight drain grate with a rotating plastic grate, available in white and gray, dimensions 50\/100 x 100 mm. Effective rainwater drainage in drainage systems.<\/p>\n","protected":false},"featured_media":9142,"template":"","meta":{"_acf_changed":false,"_kad_blocks_custom_css":"","_kad_blocks_head_custom_js":"","_kad_blocks_body_custom_js":"","_kad_blocks_footer_custom_js":"","_kad_post_transparent":"default","_kad_post_title":"","_kad_post_layout":"default","_kad_post_sidebar_id":"","_kad_post_content_style":"default","_kad_post_vertical_padding":"default","_kad_post_feature":"","_kad_post_feature_position":"","_kad_post_header":false,"_kad_post_footer":false,"_kad_post_classname":""},"product_brand":[],"product_cat":[1183,385],"product_tag":[],"class_list":{"0":"post-12480","1":"product","2":"type-product","3":"status-publish","4":"has-post-thumbnail","6":"product_cat-drainage-grates","7":"product_cat-sanitary-and-storm-drainage","8":"pa_kolor-grey","9":"pa_kolor-white","10":"pa_wersja-50-100-x-100-en","12":"first","13":"instock","14":"product-type-variable","15":"entry","16":"content-bg","17":"loop-entry"},"acf":[],"yoast_head":"<!-- This site is optimized with the Yoast SEO plugin v25.1 - https:\/\/yoast.com\/wordpress\/plugins\/seo\/ -->\n<title>(01) Straight drain grate, rotating plastic grate - Plasmet<\/title>\n<meta name=\"description\" content=\"(01) Straight drain grate, rotating plastic grate \u2013 producent i hurtownia Plasmet. Oferujemy wysok\u0105 jako\u015b\u0107, szeroki wyb\u00f3r i dobre ceny. Zapraszamy do sprawdzenia oferty!\" \/>\n<meta name=\"robots\" content=\"index, follow, max-snippet:-1, max-image-preview:large, max-video-preview:-1\" \/>\n<link rel=\"canonical\" href=\"https:\/\/plasmet.bochnia.pl\/en\/product\/01-straight-drain-grate-rotating-plastic-grate\/\" \/>\n<meta property=\"og:locale\" content=\"en_US\" \/>\n<meta property=\"og:type\" content=\"article\" \/>\n<meta property=\"og:title\" content=\"(01) Straight drain grate, rotating plastic grate - Plasmet\" \/>\n<meta property=\"og:description\" content=\"(01) Straight drain grate, rotating plastic grate \u2013 producent i hurtownia Plasmet. Oferujemy wysok\u0105 jako\u015b\u0107, szeroki wyb\u00f3r i dobre ceny. Zapraszamy do sprawdzenia oferty!\" \/>\n<meta property=\"og:url\" content=\"https:\/\/plasmet.bochnia.pl\/en\/product\/01-straight-drain-grate-rotating-plastic-grate\/\" \/>\n<meta property=\"og:site_name\" content=\"Plasmet\" \/>\n<meta property=\"article:modified_time\" content=\"2025-11-25T21:23:37+00:00\" \/>\n<meta property=\"og:image\" content=\"https:\/\/plasmet.bochnia.pl\/wp-content\/uploads\/2024\/11\/wpust-kanalizacyjny-prosty-ruszt-plastikowy-obrotowy-50-150-x-150-bialy-1.jpg\" \/>\n\t<meta property=\"og:image:width\" content=\"800\" \/>\n\t<meta property=\"og:image:height\" content=\"800\" \/>\n\t<meta property=\"og:image:type\" content=\"image\/jpeg\" \/>\n<meta name=\"twitter:card\" content=\"summary_large_image\" \/>\n<meta name=\"twitter:label1\" content=\"Est. reading time\" \/>\n\t<meta name=\"twitter:data1\" content=\"1 minute\" \/>\n<script type=\"application\/ld+json\" class=\"yoast-schema-graph\">{\"@context\":\"https:\/\/schema.org\",\"@graph\":[{\"@type\":\"WebPage\",\"@id\":\"https:\/\/plasmet.bochnia.pl\/en\/product\/01-straight-drain-grate-rotating-plastic-grate\/\",\"url\":\"https:\/\/plasmet.bochnia.pl\/en\/product\/01-straight-drain-grate-rotating-plastic-grate\/\",\"name\":\"(01) Straight drain grate, rotating plastic grate - Plasmet\",\"isPartOf\":{\"@id\":\"https:\/\/plasmet.bochnia.pl\/en\/#website\"},\"primaryImageOfPage\":{\"@id\":\"https:\/\/plasmet.bochnia.pl\/en\/product\/01-straight-drain-grate-rotating-plastic-grate\/#primaryimage\"},\"image\":{\"@id\":\"https:\/\/plasmet.bochnia.pl\/en\/product\/01-straight-drain-grate-rotating-plastic-grate\/#primaryimage\"},\"thumbnailUrl\":\"https:\/\/plasmet.bochnia.pl\/wp-content\/uploads\/2024\/11\/wpust-kanalizacyjny-prosty-ruszt-plastikowy-obrotowy-50-150-x-150-bialy-1.jpg\",\"datePublished\":\"2024-11-20T18:41:49+00:00\",\"dateModified\":\"2025-11-25T21:23:37+00:00\",\"description\":\"(01) Straight drain grate, rotating plastic grate \u2013 producent i hurtownia Plasmet. Oferujemy wysok\u0105 jako\u015b\u0107, szeroki wyb\u00f3r i dobre ceny. Zapraszamy do sprawdzenia oferty!\",\"breadcrumb\":{\"@id\":\"https:\/\/plasmet.bochnia.pl\/en\/product\/01-straight-drain-grate-rotating-plastic-grate\/#breadcrumb\"},\"inLanguage\":\"en-US\",\"potentialAction\":[{\"@type\":\"ReadAction\",\"target\":[\"https:\/\/plasmet.bochnia.pl\/en\/product\/01-straight-drain-grate-rotating-plastic-grate\/\"]}]},{\"@type\":\"ImageObject\",\"inLanguage\":\"en-US\",\"@id\":\"https:\/\/plasmet.bochnia.pl\/en\/product\/01-straight-drain-grate-rotating-plastic-grate\/#primaryimage\",\"url\":\"https:\/\/plasmet.bochnia.pl\/wp-content\/uploads\/2024\/11\/wpust-kanalizacyjny-prosty-ruszt-plastikowy-obrotowy-50-150-x-150-bialy-1.jpg\",\"contentUrl\":\"https:\/\/plasmet.bochnia.pl\/wp-content\/uploads\/2024\/11\/wpust-kanalizacyjny-prosty-ruszt-plastikowy-obrotowy-50-150-x-150-bialy-1.jpg\",\"width\":800,\"height\":800,\"caption\":\"kratka-kanalizacyjna-prosta-ruszt-plastikowy-obrotowy-50-150-x-150-bialy-1\"},{\"@type\":\"BreadcrumbList\",\"@id\":\"https:\/\/plasmet.bochnia.pl\/en\/product\/01-straight-drain-grate-rotating-plastic-grate\/#breadcrumb\",\"itemListElement\":[{\"@type\":\"ListItem\",\"position\":1,\"name\":\"Strona g\u0142\u00f3wna\",\"item\":\"https:\/\/plasmet.bochnia.pl\/en\/\"},{\"@type\":\"ListItem\",\"position\":2,\"name\":\"Shop\",\"item\":\"https:\/\/plasmet.bochnia.pl\/en\/shop\/\"},{\"@type\":\"ListItem\",\"position\":3,\"name\":\"(01) Straight drain grate, rotating plastic grate\"}]},{\"@type\":\"WebSite\",\"@id\":\"https:\/\/plasmet.bochnia.pl\/en\/#website\",\"url\":\"https:\/\/plasmet.bochnia.pl\/en\/\",\"name\":\"Plasmet\",\"description\":\"Plasmet\",\"publisher\":{\"@id\":\"https:\/\/plasmet.bochnia.pl\/en\/#organization\"},\"alternateName\":\"Plasmet\",\"potentialAction\":[{\"@type\":\"SearchAction\",\"target\":{\"@type\":\"EntryPoint\",\"urlTemplate\":\"https:\/\/plasmet.bochnia.pl\/en\/?s={search_term_string}\"},\"query-input\":{\"@type\":\"PropertyValueSpecification\",\"valueRequired\":true,\"valueName\":\"search_term_string\"}}],\"inLanguage\":\"en-US\"},{\"@type\":\"Organization\",\"@id\":\"https:\/\/plasmet.bochnia.pl\/en\/#organization\",\"name\":\"Plasmet\",\"url\":\"https:\/\/plasmet.bochnia.pl\/en\/\",\"logo\":{\"@type\":\"ImageObject\",\"inLanguage\":\"en-US\",\"@id\":\"https:\/\/plasmet.bochnia.pl\/en\/#\/schema\/logo\/image\/\",\"url\":\"https:\/\/plasmet.bochnia.pl\/wp-content\/uploads\/2024\/09\/logo-z-niebieskim.webp\",\"contentUrl\":\"https:\/\/plasmet.bochnia.pl\/wp-content\/uploads\/2024\/09\/logo-z-niebieskim.webp\",\"width\":512,\"height\":141,\"caption\":\"Plasmet\"},\"image\":{\"@id\":\"https:\/\/plasmet.bochnia.pl\/en\/#\/schema\/logo\/image\/\"}}]}<\/script>\n<!-- \/ Yoast SEO plugin. -->","yoast_head_json":{"title":"(01) Straight drain grate, rotating plastic grate - Plasmet","description":"(01) Straight drain grate, rotating plastic grate \u2013 producent i hurtownia Plasmet. Oferujemy wysok\u0105 jako\u015b\u0107, szeroki wyb\u00f3r i dobre ceny. Zapraszamy do sprawdzenia oferty!","robots":{"index":"index","follow":"follow","max-snippet":"max-snippet:-1","max-image-preview":"max-image-preview:large","max-video-preview":"max-video-preview:-1"},"canonical":"https:\/\/plasmet.bochnia.pl\/en\/product\/01-straight-drain-grate-rotating-plastic-grate\/","og_locale":"en_US","og_type":"article","og_title":"(01) Straight drain grate, rotating plastic grate - Plasmet","og_description":"(01) Straight drain grate, rotating plastic grate \u2013 producent i hurtownia Plasmet. Oferujemy wysok\u0105 jako\u015b\u0107, szeroki wyb\u00f3r i dobre ceny. Zapraszamy do sprawdzenia oferty!","og_url":"https:\/\/plasmet.bochnia.pl\/en\/product\/01-straight-drain-grate-rotating-plastic-grate\/","og_site_name":"Plasmet","article_modified_time":"2025-11-25T21:23:37+00:00","og_image":[{"width":800,"height":800,"url":"https:\/\/plasmet.bochnia.pl\/wp-content\/uploads\/2024\/11\/wpust-kanalizacyjny-prosty-ruszt-plastikowy-obrotowy-50-150-x-150-bialy-1.jpg","type":"image\/jpeg"}],"twitter_card":"summary_large_image","twitter_misc":{"Est. reading time":"1 minute"},"schema":{"@context":"https:\/\/schema.org","@graph":[{"@type":"WebPage","@id":"https:\/\/plasmet.bochnia.pl\/en\/product\/01-straight-drain-grate-rotating-plastic-grate\/","url":"https:\/\/plasmet.bochnia.pl\/en\/product\/01-straight-drain-grate-rotating-plastic-grate\/","name":"(01) Straight drain grate, rotating plastic grate - Plasmet","isPartOf":{"@id":"https:\/\/plasmet.bochnia.pl\/en\/#website"},"primaryImageOfPage":{"@id":"https:\/\/plasmet.bochnia.pl\/en\/product\/01-straight-drain-grate-rotating-plastic-grate\/#primaryimage"},"image":{"@id":"https:\/\/plasmet.bochnia.pl\/en\/product\/01-straight-drain-grate-rotating-plastic-grate\/#primaryimage"},"thumbnailUrl":"https:\/\/plasmet.bochnia.pl\/wp-content\/uploads\/2024\/11\/wpust-kanalizacyjny-prosty-ruszt-plastikowy-obrotowy-50-150-x-150-bialy-1.jpg","datePublished":"2024-11-20T18:41:49+00:00","dateModified":"2025-11-25T21:23:37+00:00","description":"(01) Straight drain grate, rotating plastic grate \u2013 producent i hurtownia Plasmet. Oferujemy wysok\u0105 jako\u015b\u0107, szeroki wyb\u00f3r i dobre ceny. Zapraszamy do sprawdzenia oferty!","breadcrumb":{"@id":"https:\/\/plasmet.bochnia.pl\/en\/product\/01-straight-drain-grate-rotating-plastic-grate\/#breadcrumb"},"inLanguage":"en-US","potentialAction":[{"@type":"ReadAction","target":["https:\/\/plasmet.bochnia.pl\/en\/product\/01-straight-drain-grate-rotating-plastic-grate\/"]}]},{"@type":"ImageObject","inLanguage":"en-US","@id":"https:\/\/plasmet.bochnia.pl\/en\/product\/01-straight-drain-grate-rotating-plastic-grate\/#primaryimage","url":"https:\/\/plasmet.bochnia.pl\/wp-content\/uploads\/2024\/11\/wpust-kanalizacyjny-prosty-ruszt-plastikowy-obrotowy-50-150-x-150-bialy-1.jpg","contentUrl":"https:\/\/plasmet.bochnia.pl\/wp-content\/uploads\/2024\/11\/wpust-kanalizacyjny-prosty-ruszt-plastikowy-obrotowy-50-150-x-150-bialy-1.jpg","width":800,"height":800,"caption":"kratka-kanalizacyjna-prosta-ruszt-plastikowy-obrotowy-50-150-x-150-bialy-1"},{"@type":"BreadcrumbList","@id":"https:\/\/plasmet.bochnia.pl\/en\/product\/01-straight-drain-grate-rotating-plastic-grate\/#breadcrumb","itemListElement":[{"@type":"ListItem","position":1,"name":"Strona g\u0142\u00f3wna","item":"https:\/\/plasmet.bochnia.pl\/en\/"},{"@type":"ListItem","position":2,"name":"Shop","item":"https:\/\/plasmet.bochnia.pl\/en\/shop\/"},{"@type":"ListItem","position":3,"name":"(01) Straight drain grate, rotating plastic grate"}]},{"@type":"WebSite","@id":"https:\/\/plasmet.bochnia.pl\/en\/#website","url":"https:\/\/plasmet.bochnia.pl\/en\/","name":"Plasmet","description":"Plasmet","publisher":{"@id":"https:\/\/plasmet.bochnia.pl\/en\/#organization"},"alternateName":"Plasmet","potentialAction":[{"@type":"SearchAction","target":{"@type":"EntryPoint","urlTemplate":"https:\/\/plasmet.bochnia.pl\/en\/?s={search_term_string}"},"query-input":{"@type":"PropertyValueSpecification","valueRequired":true,"valueName":"search_term_string"}}],"inLanguage":"en-US"},{"@type":"Organization","@id":"https:\/\/plasmet.bochnia.pl\/en\/#organization","name":"Plasmet","url":"https:\/\/plasmet.bochnia.pl\/en\/","logo":{"@type":"ImageObject","inLanguage":"en-US","@id":"https:\/\/plasmet.bochnia.pl\/en\/#\/schema\/logo\/image\/","url":"https:\/\/plasmet.bochnia.pl\/wp-content\/uploads\/2024\/09\/logo-z-niebieskim.webp","contentUrl":"https:\/\/plasmet.bochnia.pl\/wp-content\/uploads\/2024\/09\/logo-z-niebieskim.webp","width":512,"height":141,"caption":"Plasmet"},"image":{"@id":"https:\/\/plasmet.bochnia.pl\/en\/#\/schema\/logo\/image\/"}}]}},"taxonomy_info":{"product_cat":[{"value":1183,"label":"Drainage Grates"},{"value":385,"label":"Sanitary and Storm Drainage"}],"pa_kolor":[{"value":626,"label":"grey"},{"value":97,"label":"White"}],"pa_wersja":[{"value":1048,"label":"50\/100 x 100"}]},"featured_image_src_large":["https:\/\/plasmet.bochnia.pl\/wp-content\/uploads\/2024\/11\/wpust-kanalizacyjny-prosty-ruszt-plastikowy-obrotowy-50-150-x-150-bialy-1.jpg",800,800,false],"author_info":[],"comment_info":"","_links":{"self":[{"href":"https:\/\/plasmet.bochnia.pl\/en\/wp-json\/wp\/v2\/product\/12480","targetHints":{"allow":["GET"]}}],"collection":[{"href":"https:\/\/plasmet.bochnia.pl\/en\/wp-json\/wp\/v2\/product"}],"about":[{"href":"https:\/\/plasmet.bochnia.pl\/en\/wp-json\/wp\/v2\/types\/product"}],"wp:featuredmedia":[{"embeddable":true,"href":"https:\/\/plasmet.bochnia.pl\/en\/wp-json\/wp\/v2\/media\/9142"}],"wp:attachment":[{"href":"https:\/\/plasmet.bochnia.pl\/en\/wp-json\/wp\/v2\/media?parent=12480"}],"wp:term":[{"taxonomy":"product_brand","embeddable":true,"href":"https:\/\/plasmet.bochnia.pl\/en\/wp-json\/wp\/v2\/product_brand?post=12480"},{"taxonomy":"product_cat","embeddable":true,"href":"https:\/\/plasmet.bochnia.pl\/en\/wp-json\/wp\/v2\/product_cat?post=12480"},{"taxonomy":"product_tag","embeddable":true,"href":"https:\/\/plasmet.bochnia.pl\/en\/wp-json\/wp\/v2\/product_tag?post=12480"}],"curies":[{"name":"wp","href":"https:\/\/api.w.org\/{rel}","templated":true}]}}