{"id":12297,"date":"2024-11-20T16:28:40","date_gmt":"2024-11-20T15:28:40","guid":{"rendered":"https:\/\/plasmet.nospace.pl\/produkt\/t-piece\/"},"modified":"2025-11-25T22:27:20","modified_gmt":"2025-11-25T21:27:20","slug":"t-piece","status":"publish","type":"product","link":"https:\/\/plasmet.bochnia.pl\/en\/product\/t-piece\/","title":{"rendered":"T-piece"},"content":{"rendered":"<h2>Sewer tee &#8211; functionality and durability<\/h2>\n<p>Sewer tee is an indispensable part of sewer installations, allowing pipes to branch at different angles. The product is available in two colors &#8211; gray and white &#8211; and in different branching angles, including 32\/45\u00b0, 32\/67\u00b0, 32\/90\u00b0 (white) and 50\/45\u00b0, 50\/67\u00b0, 50\/90\u00b0 (gray). Made of high-quality plastic, the tee features resistance to mechanical damage, chemicals and water, making it an ideal choice for both sanitary and rainwater drainage systems.  <\/p>\n<h3>Product specifications<\/h3>\n<ul>\n<li>Colors: gray, white<\/li>\n<li>Versions:\n<ul>\n<li>Gray: 50\/45\u00b0, 50\/67\u00b0, 50\/90\u00b0<\/li>\n<li>White: 32\/45\u00b0, 32\/67\u00b0, 32\/90\u00b0<\/li>\n<\/ul>\n<\/li>\n<li>Material: chemical resistant plastic<\/li>\n<li>Purpose: sanitary and storm water drainage system<\/li>\n<li>Resistance: to mechanical damage and weathering<\/li>\n<\/ul>\n<h3>Application<\/h3>\n<p>Sewer tee is used in the sewerage systems of residential, commercial and industrial buildings. The product allows efficient management of sewage and rainwater flow, ensuring durability and ease of installation. <\/p>\n<h3>Product advantages<\/h3>\n<ul>\n<li>Available in a wide range of angles and diameters<\/li>\n<li>Resistance to moisture, chemicals and changing weather conditions<\/li>\n<li>Permanent and tight connection in the installation<\/li>\n<li>Versatile use in sanitary and stormwater sewers<\/li>\n<li>Easy installation thanks to precision manufacturing<\/li>\n<\/ul>\n<p>Sewer tee is a reliable and functional component that allows you to effectively manage your sewer system. With durable materials and a wide selection of versions, the product meets the requirements of various projects. <\/p>\n","protected":false},"excerpt":{"rendered":"<p>Sewer tee available in gray and white, in 32\/45\u00b0, 32\/67\u00b0, 32\/90\u00b0 and 50\/45\u00b0, 50\/67\u00b0, 50\/90\u00b0. Designed for branching of sewer systems in sanitary and rainwater systems. <\/p>\n","protected":false},"featured_media":7311,"template":"","meta":{"_acf_changed":false,"_kad_blocks_custom_css":"","_kad_blocks_head_custom_js":"","_kad_blocks_body_custom_js":"","_kad_blocks_footer_custom_js":"","_kad_post_transparent":"","_kad_post_title":"","_kad_post_layout":"","_kad_post_sidebar_id":"","_kad_post_content_style":"","_kad_post_vertical_padding":"","_kad_post_feature":"","_kad_post_feature_position":"","_kad_post_header":false,"_kad_post_footer":false,"_kad_post_classname":""},"product_brand":[],"product_cat":[385,1208],"product_tag":[],"class_list":{"0":"post-12297","1":"product","2":"type-product","3":"status-publish","4":"has-post-thumbnail","6":"product_cat-sanitary-and-storm-drainage","7":"product_cat-sewer-tees","8":"pa_kolor-grey","9":"pa_kolor-white","10":"pa_wersja-32-45-deg","11":"pa_wersja-32-67-deg","12":"pa_wersja-32-90-deg","13":"pa_wersja-50-45-deg","14":"pa_wersja-50-67-deg","15":"pa_wersja-50-90-deg","17":"first","18":"instock","19":"product-type-variable","20":"entry","21":"content-bg","22":"loop-entry"},"acf":[],"yoast_head":"<!-- This site is optimized with the Yoast SEO plugin v25.1 - https:\/\/yoast.com\/wordpress\/plugins\/seo\/ -->\n<title>T-piece - Plasmet<\/title>\n<meta name=\"description\" content=\"T-piece \u2013 producent i hurtownia Plasmet. Oferujemy wysok\u0105 jako\u015b\u0107, szeroki wyb\u00f3r i dobre ceny. Zapraszamy do sprawdzenia oferty!\" \/>\n<meta name=\"robots\" content=\"index, follow, max-snippet:-1, max-image-preview:large, max-video-preview:-1\" \/>\n<link rel=\"canonical\" href=\"https:\/\/plasmet.bochnia.pl\/en\/product\/t-piece\/\" \/>\n<meta property=\"og:locale\" content=\"en_US\" \/>\n<meta property=\"og:type\" content=\"article\" \/>\n<meta property=\"og:title\" content=\"T-piece - Plasmet\" \/>\n<meta property=\"og:description\" content=\"T-piece \u2013 producent i hurtownia Plasmet. Oferujemy wysok\u0105 jako\u015b\u0107, szeroki wyb\u00f3r i dobre ceny. Zapraszamy do sprawdzenia oferty!\" \/>\n<meta property=\"og:url\" content=\"https:\/\/plasmet.bochnia.pl\/en\/product\/t-piece\/\" \/>\n<meta property=\"og:site_name\" content=\"Plasmet\" \/>\n<meta property=\"article:modified_time\" content=\"2025-11-25T21:27:20+00:00\" \/>\n<meta property=\"og:image\" content=\"https:\/\/plasmet.bochnia.pl\/wp-content\/uploads\/2024\/11\/trojnik-50-45-st-szary.jpg\" \/>\n\t<meta property=\"og:image:width\" content=\"800\" \/>\n\t<meta property=\"og:image:height\" content=\"600\" \/>\n\t<meta property=\"og:image:type\" content=\"image\/jpeg\" \/>\n<meta name=\"twitter:card\" content=\"summary_large_image\" \/>\n<meta name=\"twitter:label1\" content=\"Est. reading time\" \/>\n\t<meta name=\"twitter:data1\" content=\"1 minute\" \/>\n<script type=\"application\/ld+json\" class=\"yoast-schema-graph\">{\"@context\":\"https:\/\/schema.org\",\"@graph\":[{\"@type\":\"WebPage\",\"@id\":\"https:\/\/plasmet.bochnia.pl\/en\/product\/t-piece\/\",\"url\":\"https:\/\/plasmet.bochnia.pl\/en\/product\/t-piece\/\",\"name\":\"T-piece - Plasmet\",\"isPartOf\":{\"@id\":\"https:\/\/plasmet.bochnia.pl\/en\/#website\"},\"primaryImageOfPage\":{\"@id\":\"https:\/\/plasmet.bochnia.pl\/en\/product\/t-piece\/#primaryimage\"},\"image\":{\"@id\":\"https:\/\/plasmet.bochnia.pl\/en\/product\/t-piece\/#primaryimage\"},\"thumbnailUrl\":\"https:\/\/plasmet.bochnia.pl\/wp-content\/uploads\/2024\/11\/trojnik-50-45-st-szary.jpg\",\"datePublished\":\"2024-11-20T15:28:40+00:00\",\"dateModified\":\"2025-11-25T21:27:20+00:00\",\"description\":\"T-piece \u2013 producent i hurtownia Plasmet. Oferujemy wysok\u0105 jako\u015b\u0107, szeroki wyb\u00f3r i dobre ceny. Zapraszamy do sprawdzenia oferty!\",\"breadcrumb\":{\"@id\":\"https:\/\/plasmet.bochnia.pl\/en\/product\/t-piece\/#breadcrumb\"},\"inLanguage\":\"en-US\",\"potentialAction\":[{\"@type\":\"ReadAction\",\"target\":[\"https:\/\/plasmet.bochnia.pl\/en\/product\/t-piece\/\"]}]},{\"@type\":\"ImageObject\",\"inLanguage\":\"en-US\",\"@id\":\"https:\/\/plasmet.bochnia.pl\/en\/product\/t-piece\/#primaryimage\",\"url\":\"https:\/\/plasmet.bochnia.pl\/wp-content\/uploads\/2024\/11\/trojnik-50-45-st-szary.jpg\",\"contentUrl\":\"https:\/\/plasmet.bochnia.pl\/wp-content\/uploads\/2024\/11\/trojnik-50-45-st-szary.jpg\",\"width\":800,\"height\":600,\"caption\":\"trojnik-50-45-st-szary\"},{\"@type\":\"BreadcrumbList\",\"@id\":\"https:\/\/plasmet.bochnia.pl\/en\/product\/t-piece\/#breadcrumb\",\"itemListElement\":[{\"@type\":\"ListItem\",\"position\":1,\"name\":\"Strona g\u0142\u00f3wna\",\"item\":\"https:\/\/plasmet.bochnia.pl\/en\/\"},{\"@type\":\"ListItem\",\"position\":2,\"name\":\"Shop\",\"item\":\"https:\/\/plasmet.bochnia.pl\/en\/shop\/\"},{\"@type\":\"ListItem\",\"position\":3,\"name\":\"T-piece\"}]},{\"@type\":\"WebSite\",\"@id\":\"https:\/\/plasmet.bochnia.pl\/en\/#website\",\"url\":\"https:\/\/plasmet.bochnia.pl\/en\/\",\"name\":\"Plasmet\",\"description\":\"Plasmet\",\"publisher\":{\"@id\":\"https:\/\/plasmet.bochnia.pl\/en\/#organization\"},\"alternateName\":\"Plasmet\",\"potentialAction\":[{\"@type\":\"SearchAction\",\"target\":{\"@type\":\"EntryPoint\",\"urlTemplate\":\"https:\/\/plasmet.bochnia.pl\/en\/?s={search_term_string}\"},\"query-input\":{\"@type\":\"PropertyValueSpecification\",\"valueRequired\":true,\"valueName\":\"search_term_string\"}}],\"inLanguage\":\"en-US\"},{\"@type\":\"Organization\",\"@id\":\"https:\/\/plasmet.bochnia.pl\/en\/#organization\",\"name\":\"Plasmet\",\"url\":\"https:\/\/plasmet.bochnia.pl\/en\/\",\"logo\":{\"@type\":\"ImageObject\",\"inLanguage\":\"en-US\",\"@id\":\"https:\/\/plasmet.bochnia.pl\/en\/#\/schema\/logo\/image\/\",\"url\":\"https:\/\/plasmet.bochnia.pl\/wp-content\/uploads\/2024\/09\/logo-z-niebieskim.webp\",\"contentUrl\":\"https:\/\/plasmet.bochnia.pl\/wp-content\/uploads\/2024\/09\/logo-z-niebieskim.webp\",\"width\":512,\"height\":141,\"caption\":\"Plasmet\"},\"image\":{\"@id\":\"https:\/\/plasmet.bochnia.pl\/en\/#\/schema\/logo\/image\/\"}}]}<\/script>\n<!-- \/ Yoast SEO plugin. -->","yoast_head_json":{"title":"T-piece - Plasmet","description":"T-piece \u2013 producent i hurtownia Plasmet. Oferujemy wysok\u0105 jako\u015b\u0107, szeroki wyb\u00f3r i dobre ceny. Zapraszamy do sprawdzenia oferty!","robots":{"index":"index","follow":"follow","max-snippet":"max-snippet:-1","max-image-preview":"max-image-preview:large","max-video-preview":"max-video-preview:-1"},"canonical":"https:\/\/plasmet.bochnia.pl\/en\/product\/t-piece\/","og_locale":"en_US","og_type":"article","og_title":"T-piece - Plasmet","og_description":"T-piece \u2013 producent i hurtownia Plasmet. Oferujemy wysok\u0105 jako\u015b\u0107, szeroki wyb\u00f3r i dobre ceny. Zapraszamy do sprawdzenia oferty!","og_url":"https:\/\/plasmet.bochnia.pl\/en\/product\/t-piece\/","og_site_name":"Plasmet","article_modified_time":"2025-11-25T21:27:20+00:00","og_image":[{"width":800,"height":600,"url":"https:\/\/plasmet.bochnia.pl\/wp-content\/uploads\/2024\/11\/trojnik-50-45-st-szary.jpg","type":"image\/jpeg"}],"twitter_card":"summary_large_image","twitter_misc":{"Est. reading time":"1 minute"},"schema":{"@context":"https:\/\/schema.org","@graph":[{"@type":"WebPage","@id":"https:\/\/plasmet.bochnia.pl\/en\/product\/t-piece\/","url":"https:\/\/plasmet.bochnia.pl\/en\/product\/t-piece\/","name":"T-piece - Plasmet","isPartOf":{"@id":"https:\/\/plasmet.bochnia.pl\/en\/#website"},"primaryImageOfPage":{"@id":"https:\/\/plasmet.bochnia.pl\/en\/product\/t-piece\/#primaryimage"},"image":{"@id":"https:\/\/plasmet.bochnia.pl\/en\/product\/t-piece\/#primaryimage"},"thumbnailUrl":"https:\/\/plasmet.bochnia.pl\/wp-content\/uploads\/2024\/11\/trojnik-50-45-st-szary.jpg","datePublished":"2024-11-20T15:28:40+00:00","dateModified":"2025-11-25T21:27:20+00:00","description":"T-piece \u2013 producent i hurtownia Plasmet. Oferujemy wysok\u0105 jako\u015b\u0107, szeroki wyb\u00f3r i dobre ceny. Zapraszamy do sprawdzenia oferty!","breadcrumb":{"@id":"https:\/\/plasmet.bochnia.pl\/en\/product\/t-piece\/#breadcrumb"},"inLanguage":"en-US","potentialAction":[{"@type":"ReadAction","target":["https:\/\/plasmet.bochnia.pl\/en\/product\/t-piece\/"]}]},{"@type":"ImageObject","inLanguage":"en-US","@id":"https:\/\/plasmet.bochnia.pl\/en\/product\/t-piece\/#primaryimage","url":"https:\/\/plasmet.bochnia.pl\/wp-content\/uploads\/2024\/11\/trojnik-50-45-st-szary.jpg","contentUrl":"https:\/\/plasmet.bochnia.pl\/wp-content\/uploads\/2024\/11\/trojnik-50-45-st-szary.jpg","width":800,"height":600,"caption":"trojnik-50-45-st-szary"},{"@type":"BreadcrumbList","@id":"https:\/\/plasmet.bochnia.pl\/en\/product\/t-piece\/#breadcrumb","itemListElement":[{"@type":"ListItem","position":1,"name":"Strona g\u0142\u00f3wna","item":"https:\/\/plasmet.bochnia.pl\/en\/"},{"@type":"ListItem","position":2,"name":"Shop","item":"https:\/\/plasmet.bochnia.pl\/en\/shop\/"},{"@type":"ListItem","position":3,"name":"T-piece"}]},{"@type":"WebSite","@id":"https:\/\/plasmet.bochnia.pl\/en\/#website","url":"https:\/\/plasmet.bochnia.pl\/en\/","name":"Plasmet","description":"Plasmet","publisher":{"@id":"https:\/\/plasmet.bochnia.pl\/en\/#organization"},"alternateName":"Plasmet","potentialAction":[{"@type":"SearchAction","target":{"@type":"EntryPoint","urlTemplate":"https:\/\/plasmet.bochnia.pl\/en\/?s={search_term_string}"},"query-input":{"@type":"PropertyValueSpecification","valueRequired":true,"valueName":"search_term_string"}}],"inLanguage":"en-US"},{"@type":"Organization","@id":"https:\/\/plasmet.bochnia.pl\/en\/#organization","name":"Plasmet","url":"https:\/\/plasmet.bochnia.pl\/en\/","logo":{"@type":"ImageObject","inLanguage":"en-US","@id":"https:\/\/plasmet.bochnia.pl\/en\/#\/schema\/logo\/image\/","url":"https:\/\/plasmet.bochnia.pl\/wp-content\/uploads\/2024\/09\/logo-z-niebieskim.webp","contentUrl":"https:\/\/plasmet.bochnia.pl\/wp-content\/uploads\/2024\/09\/logo-z-niebieskim.webp","width":512,"height":141,"caption":"Plasmet"},"image":{"@id":"https:\/\/plasmet.bochnia.pl\/en\/#\/schema\/logo\/image\/"}}]}},"taxonomy_info":{"product_cat":[{"value":385,"label":"Sanitary and Storm Drainage"},{"value":1208,"label":"Sewer Tees"}],"pa_kolor":[{"value":626,"label":"grey"},{"value":97,"label":"White"}],"pa_wersja":[{"value":1057,"label":"32\/45 deg."},{"value":1060,"label":"32\/67 deg."},{"value":1063,"label":"32\/90 deg."},{"value":1066,"label":"50\/45 deg."},{"value":1069,"label":"50\/67 deg."},{"value":1072,"label":"50\/90 deg."}]},"featured_image_src_large":["https:\/\/plasmet.bochnia.pl\/wp-content\/uploads\/2024\/11\/trojnik-50-45-st-szary.jpg",800,600,false],"author_info":[],"comment_info":"","_links":{"self":[{"href":"https:\/\/plasmet.bochnia.pl\/en\/wp-json\/wp\/v2\/product\/12297","targetHints":{"allow":["GET"]}}],"collection":[{"href":"https:\/\/plasmet.bochnia.pl\/en\/wp-json\/wp\/v2\/product"}],"about":[{"href":"https:\/\/plasmet.bochnia.pl\/en\/wp-json\/wp\/v2\/types\/product"}],"wp:featuredmedia":[{"embeddable":true,"href":"https:\/\/plasmet.bochnia.pl\/en\/wp-json\/wp\/v2\/media\/7311"}],"wp:attachment":[{"href":"https:\/\/plasmet.bochnia.pl\/en\/wp-json\/wp\/v2\/media?parent=12297"}],"wp:term":[{"taxonomy":"product_brand","embeddable":true,"href":"https:\/\/plasmet.bochnia.pl\/en\/wp-json\/wp\/v2\/product_brand?post=12297"},{"taxonomy":"product_cat","embeddable":true,"href":"https:\/\/plasmet.bochnia.pl\/en\/wp-json\/wp\/v2\/product_cat?post=12297"},{"taxonomy":"product_tag","embeddable":true,"href":"https:\/\/plasmet.bochnia.pl\/en\/wp-json\/wp\/v2\/product_tag?post=12297"}],"curies":[{"name":"wp","href":"https:\/\/api.w.org\/{rel}","templated":true}]}}