{"id":11059,"date":"2024-11-18T17:43:32","date_gmt":"2024-11-18T16:43:32","guid":{"rendered":"https:\/\/plasmet.nospace.pl\/produkt\/expansion-vessel-clamp\/"},"modified":"2025-11-25T22:26:08","modified_gmt":"2025-11-25T21:26:08","slug":"expansion-vessel-clamp","status":"publish","type":"product","link":"https:\/\/plasmet.bochnia.pl\/en\/product\/expansion-vessel-clamp\/","title":{"rendered":"Expansion vessel clamp"},"content":{"rendered":"<h2>Expansion vessel band &#8211; stability and durability<\/h2>\n<p>Expansion vessel clamp with a diameter of 440 mm is a mounting element dedicated to water and heating systems, allowing stable and secure fixing of expansion vessels. Thanks to its robust design, the band ensures durability and resistance to loads typical of heating systems. <\/p>\n<h3>Product specifications<\/h3>\n<ul>\n<li>Diameter: 440 mm<\/li>\n<li>Material: steel or durable plastic<\/li>\n<li>Purpose: attachment of expansion vessels<\/li>\n<\/ul>\n<h3>Application<\/h3>\n<p>The expansion vessel clamp is used in heating and water systems, both in residential and industrial buildings. The product is ideal for the installation of expansion vessels, which require precise and stable fixing to ensure proper functioning of the system. <\/p>\n<h3>Product advantages<\/h3>\n<ul>\n<li>Stable mounting of expansion vessels with a diameter of 440 mm<\/li>\n<li>Resistance to loads and operating conditions<\/li>\n<li>Ease of installation, speeding up installation projects<\/li>\n<li>Robust design for long life<\/li>\n<\/ul>\n<p>The 440 mm diameter expansion vessel clamp is a reliable mounting element that supports the proper operation of water and heating systems. It is perfect for various types of installations, offering durability and functionality. <\/p>\n","protected":false},"excerpt":{"rendered":"<p>440 mm diameter expansion vessel clamp, designed for stable fixing in heating and water systems. Made of durable materials, it ensures reliable operation of the system. <\/p>\n","protected":false},"featured_media":6538,"template":"","meta":{"_acf_changed":false,"_kad_blocks_custom_css":"","_kad_blocks_head_custom_js":"","_kad_blocks_body_custom_js":"","_kad_blocks_footer_custom_js":"","_kad_post_transparent":"","_kad_post_title":"","_kad_post_layout":"","_kad_post_sidebar_id":"","_kad_post_content_style":"","_kad_post_vertical_padding":"","_kad_post_feature":"","_kad_post_feature_position":"","_kad_post_header":false,"_kad_post_footer":false,"_kad_post_classname":""},"product_brand":[],"product_cat":[1171,388],"product_tag":[],"class_list":{"0":"post-11059","1":"product","2":"type-product","3":"status-publish","4":"has-post-thumbnail","6":"product_cat-clamps-and-bands","7":"product_cat-fasteners","8":"pa_wersja-440mm-en","10":"first","11":"instock","12":"product-type-variable","13":"entry","14":"content-bg","15":"loop-entry"},"acf":[],"yoast_head":"<!-- This site is optimized with the Yoast SEO plugin v25.1 - https:\/\/yoast.com\/wordpress\/plugins\/seo\/ -->\n<title>Expansion vessel clamp - Plasmet<\/title>\n<meta name=\"description\" content=\"Expansion vessel clamp \u2013 producent i hurtownia Plasmet. Oferujemy wysok\u0105 jako\u015b\u0107, szeroki wyb\u00f3r i dobre ceny. Zapraszamy do sprawdzenia oferty!\" \/>\n<meta name=\"robots\" content=\"index, follow, max-snippet:-1, max-image-preview:large, max-video-preview:-1\" \/>\n<link rel=\"canonical\" href=\"https:\/\/plasmet.bochnia.pl\/en\/product\/expansion-vessel-clamp\/\" \/>\n<meta property=\"og:locale\" content=\"en_US\" \/>\n<meta property=\"og:type\" content=\"article\" \/>\n<meta property=\"og:title\" content=\"Expansion vessel clamp - Plasmet\" \/>\n<meta property=\"og:description\" content=\"Expansion vessel clamp \u2013 producent i hurtownia Plasmet. Oferujemy wysok\u0105 jako\u015b\u0107, szeroki wyb\u00f3r i dobre ceny. Zapraszamy do sprawdzenia oferty!\" \/>\n<meta property=\"og:url\" content=\"https:\/\/plasmet.bochnia.pl\/en\/product\/expansion-vessel-clamp\/\" \/>\n<meta property=\"og:site_name\" content=\"Plasmet\" \/>\n<meta property=\"article:modified_time\" content=\"2025-11-25T21:26:08+00:00\" \/>\n<meta property=\"og:image\" content=\"https:\/\/plasmet.bochnia.pl\/wp-content\/uploads\/2024\/11\/opaska-naczynia-wzbiorczego-440mm.jpg\" \/>\n\t<meta property=\"og:image:width\" content=\"800\" \/>\n\t<meta property=\"og:image:height\" content=\"600\" \/>\n\t<meta property=\"og:image:type\" content=\"image\/jpeg\" \/>\n<meta name=\"twitter:card\" content=\"summary_large_image\" \/>\n<meta name=\"twitter:label1\" content=\"Est. reading time\" \/>\n\t<meta name=\"twitter:data1\" content=\"1 minute\" \/>\n<script type=\"application\/ld+json\" class=\"yoast-schema-graph\">{\"@context\":\"https:\/\/schema.org\",\"@graph\":[{\"@type\":\"WebPage\",\"@id\":\"https:\/\/plasmet.bochnia.pl\/en\/product\/expansion-vessel-clamp\/\",\"url\":\"https:\/\/plasmet.bochnia.pl\/en\/product\/expansion-vessel-clamp\/\",\"name\":\"Expansion vessel clamp - Plasmet\",\"isPartOf\":{\"@id\":\"https:\/\/plasmet.bochnia.pl\/en\/#website\"},\"primaryImageOfPage\":{\"@id\":\"https:\/\/plasmet.bochnia.pl\/en\/product\/expansion-vessel-clamp\/#primaryimage\"},\"image\":{\"@id\":\"https:\/\/plasmet.bochnia.pl\/en\/product\/expansion-vessel-clamp\/#primaryimage\"},\"thumbnailUrl\":\"https:\/\/plasmet.bochnia.pl\/wp-content\/uploads\/2024\/11\/opaska-naczynia-wzbiorczego-440mm.jpg\",\"datePublished\":\"2024-11-18T16:43:32+00:00\",\"dateModified\":\"2025-11-25T21:26:08+00:00\",\"description\":\"Expansion vessel clamp \u2013 producent i hurtownia Plasmet. Oferujemy wysok\u0105 jako\u015b\u0107, szeroki wyb\u00f3r i dobre ceny. Zapraszamy do sprawdzenia oferty!\",\"breadcrumb\":{\"@id\":\"https:\/\/plasmet.bochnia.pl\/en\/product\/expansion-vessel-clamp\/#breadcrumb\"},\"inLanguage\":\"en-US\",\"potentialAction\":[{\"@type\":\"ReadAction\",\"target\":[\"https:\/\/plasmet.bochnia.pl\/en\/product\/expansion-vessel-clamp\/\"]}]},{\"@type\":\"ImageObject\",\"inLanguage\":\"en-US\",\"@id\":\"https:\/\/plasmet.bochnia.pl\/en\/product\/expansion-vessel-clamp\/#primaryimage\",\"url\":\"https:\/\/plasmet.bochnia.pl\/wp-content\/uploads\/2024\/11\/opaska-naczynia-wzbiorczego-440mm.jpg\",\"contentUrl\":\"https:\/\/plasmet.bochnia.pl\/wp-content\/uploads\/2024\/11\/opaska-naczynia-wzbiorczego-440mm.jpg\",\"width\":800,\"height\":600,\"caption\":\"band-aid-vessel-440mm\"},{\"@type\":\"BreadcrumbList\",\"@id\":\"https:\/\/plasmet.bochnia.pl\/en\/product\/expansion-vessel-clamp\/#breadcrumb\",\"itemListElement\":[{\"@type\":\"ListItem\",\"position\":1,\"name\":\"Strona g\u0142\u00f3wna\",\"item\":\"https:\/\/plasmet.bochnia.pl\/en\/\"},{\"@type\":\"ListItem\",\"position\":2,\"name\":\"Shop\",\"item\":\"https:\/\/plasmet.bochnia.pl\/en\/shop\/\"},{\"@type\":\"ListItem\",\"position\":3,\"name\":\"Expansion vessel clamp\"}]},{\"@type\":\"WebSite\",\"@id\":\"https:\/\/plasmet.bochnia.pl\/en\/#website\",\"url\":\"https:\/\/plasmet.bochnia.pl\/en\/\",\"name\":\"Plasmet\",\"description\":\"Plasmet\",\"publisher\":{\"@id\":\"https:\/\/plasmet.bochnia.pl\/en\/#organization\"},\"alternateName\":\"Plasmet\",\"potentialAction\":[{\"@type\":\"SearchAction\",\"target\":{\"@type\":\"EntryPoint\",\"urlTemplate\":\"https:\/\/plasmet.bochnia.pl\/en\/?s={search_term_string}\"},\"query-input\":{\"@type\":\"PropertyValueSpecification\",\"valueRequired\":true,\"valueName\":\"search_term_string\"}}],\"inLanguage\":\"en-US\"},{\"@type\":\"Organization\",\"@id\":\"https:\/\/plasmet.bochnia.pl\/en\/#organization\",\"name\":\"Plasmet\",\"url\":\"https:\/\/plasmet.bochnia.pl\/en\/\",\"logo\":{\"@type\":\"ImageObject\",\"inLanguage\":\"en-US\",\"@id\":\"https:\/\/plasmet.bochnia.pl\/en\/#\/schema\/logo\/image\/\",\"url\":\"https:\/\/plasmet.bochnia.pl\/wp-content\/uploads\/2024\/09\/logo-z-niebieskim.webp\",\"contentUrl\":\"https:\/\/plasmet.bochnia.pl\/wp-content\/uploads\/2024\/09\/logo-z-niebieskim.webp\",\"width\":512,\"height\":141,\"caption\":\"Plasmet\"},\"image\":{\"@id\":\"https:\/\/plasmet.bochnia.pl\/en\/#\/schema\/logo\/image\/\"}}]}<\/script>\n<!-- \/ Yoast SEO plugin. -->","yoast_head_json":{"title":"Expansion vessel clamp - Plasmet","description":"Expansion vessel clamp \u2013 producent i hurtownia Plasmet. Oferujemy wysok\u0105 jako\u015b\u0107, szeroki wyb\u00f3r i dobre ceny. Zapraszamy do sprawdzenia oferty!","robots":{"index":"index","follow":"follow","max-snippet":"max-snippet:-1","max-image-preview":"max-image-preview:large","max-video-preview":"max-video-preview:-1"},"canonical":"https:\/\/plasmet.bochnia.pl\/en\/product\/expansion-vessel-clamp\/","og_locale":"en_US","og_type":"article","og_title":"Expansion vessel clamp - Plasmet","og_description":"Expansion vessel clamp \u2013 producent i hurtownia Plasmet. Oferujemy wysok\u0105 jako\u015b\u0107, szeroki wyb\u00f3r i dobre ceny. Zapraszamy do sprawdzenia oferty!","og_url":"https:\/\/plasmet.bochnia.pl\/en\/product\/expansion-vessel-clamp\/","og_site_name":"Plasmet","article_modified_time":"2025-11-25T21:26:08+00:00","og_image":[{"width":800,"height":600,"url":"https:\/\/plasmet.bochnia.pl\/wp-content\/uploads\/2024\/11\/opaska-naczynia-wzbiorczego-440mm.jpg","type":"image\/jpeg"}],"twitter_card":"summary_large_image","twitter_misc":{"Est. reading time":"1 minute"},"schema":{"@context":"https:\/\/schema.org","@graph":[{"@type":"WebPage","@id":"https:\/\/plasmet.bochnia.pl\/en\/product\/expansion-vessel-clamp\/","url":"https:\/\/plasmet.bochnia.pl\/en\/product\/expansion-vessel-clamp\/","name":"Expansion vessel clamp - Plasmet","isPartOf":{"@id":"https:\/\/plasmet.bochnia.pl\/en\/#website"},"primaryImageOfPage":{"@id":"https:\/\/plasmet.bochnia.pl\/en\/product\/expansion-vessel-clamp\/#primaryimage"},"image":{"@id":"https:\/\/plasmet.bochnia.pl\/en\/product\/expansion-vessel-clamp\/#primaryimage"},"thumbnailUrl":"https:\/\/plasmet.bochnia.pl\/wp-content\/uploads\/2024\/11\/opaska-naczynia-wzbiorczego-440mm.jpg","datePublished":"2024-11-18T16:43:32+00:00","dateModified":"2025-11-25T21:26:08+00:00","description":"Expansion vessel clamp \u2013 producent i hurtownia Plasmet. Oferujemy wysok\u0105 jako\u015b\u0107, szeroki wyb\u00f3r i dobre ceny. Zapraszamy do sprawdzenia oferty!","breadcrumb":{"@id":"https:\/\/plasmet.bochnia.pl\/en\/product\/expansion-vessel-clamp\/#breadcrumb"},"inLanguage":"en-US","potentialAction":[{"@type":"ReadAction","target":["https:\/\/plasmet.bochnia.pl\/en\/product\/expansion-vessel-clamp\/"]}]},{"@type":"ImageObject","inLanguage":"en-US","@id":"https:\/\/plasmet.bochnia.pl\/en\/product\/expansion-vessel-clamp\/#primaryimage","url":"https:\/\/plasmet.bochnia.pl\/wp-content\/uploads\/2024\/11\/opaska-naczynia-wzbiorczego-440mm.jpg","contentUrl":"https:\/\/plasmet.bochnia.pl\/wp-content\/uploads\/2024\/11\/opaska-naczynia-wzbiorczego-440mm.jpg","width":800,"height":600,"caption":"band-aid-vessel-440mm"},{"@type":"BreadcrumbList","@id":"https:\/\/plasmet.bochnia.pl\/en\/product\/expansion-vessel-clamp\/#breadcrumb","itemListElement":[{"@type":"ListItem","position":1,"name":"Strona g\u0142\u00f3wna","item":"https:\/\/plasmet.bochnia.pl\/en\/"},{"@type":"ListItem","position":2,"name":"Shop","item":"https:\/\/plasmet.bochnia.pl\/en\/shop\/"},{"@type":"ListItem","position":3,"name":"Expansion vessel clamp"}]},{"@type":"WebSite","@id":"https:\/\/plasmet.bochnia.pl\/en\/#website","url":"https:\/\/plasmet.bochnia.pl\/en\/","name":"Plasmet","description":"Plasmet","publisher":{"@id":"https:\/\/plasmet.bochnia.pl\/en\/#organization"},"alternateName":"Plasmet","potentialAction":[{"@type":"SearchAction","target":{"@type":"EntryPoint","urlTemplate":"https:\/\/plasmet.bochnia.pl\/en\/?s={search_term_string}"},"query-input":{"@type":"PropertyValueSpecification","valueRequired":true,"valueName":"search_term_string"}}],"inLanguage":"en-US"},{"@type":"Organization","@id":"https:\/\/plasmet.bochnia.pl\/en\/#organization","name":"Plasmet","url":"https:\/\/plasmet.bochnia.pl\/en\/","logo":{"@type":"ImageObject","inLanguage":"en-US","@id":"https:\/\/plasmet.bochnia.pl\/en\/#\/schema\/logo\/image\/","url":"https:\/\/plasmet.bochnia.pl\/wp-content\/uploads\/2024\/09\/logo-z-niebieskim.webp","contentUrl":"https:\/\/plasmet.bochnia.pl\/wp-content\/uploads\/2024\/09\/logo-z-niebieskim.webp","width":512,"height":141,"caption":"Plasmet"},"image":{"@id":"https:\/\/plasmet.bochnia.pl\/en\/#\/schema\/logo\/image\/"}}]}},"taxonomy_info":{"product_cat":[{"value":1171,"label":"Clamps and Bands"},{"value":388,"label":"Fasteners"}],"pa_wersja":[{"value":984,"label":"440mm"}]},"featured_image_src_large":["https:\/\/plasmet.bochnia.pl\/wp-content\/uploads\/2024\/11\/opaska-naczynia-wzbiorczego-440mm.jpg",800,600,false],"author_info":[],"comment_info":"","_links":{"self":[{"href":"https:\/\/plasmet.bochnia.pl\/en\/wp-json\/wp\/v2\/product\/11059","targetHints":{"allow":["GET"]}}],"collection":[{"href":"https:\/\/plasmet.bochnia.pl\/en\/wp-json\/wp\/v2\/product"}],"about":[{"href":"https:\/\/plasmet.bochnia.pl\/en\/wp-json\/wp\/v2\/types\/product"}],"wp:featuredmedia":[{"embeddable":true,"href":"https:\/\/plasmet.bochnia.pl\/en\/wp-json\/wp\/v2\/media\/6538"}],"wp:attachment":[{"href":"https:\/\/plasmet.bochnia.pl\/en\/wp-json\/wp\/v2\/media?parent=11059"}],"wp:term":[{"taxonomy":"product_brand","embeddable":true,"href":"https:\/\/plasmet.bochnia.pl\/en\/wp-json\/wp\/v2\/product_brand?post=11059"},{"taxonomy":"product_cat","embeddable":true,"href":"https:\/\/plasmet.bochnia.pl\/en\/wp-json\/wp\/v2\/product_cat?post=11059"},{"taxonomy":"product_tag","embeddable":true,"href":"https:\/\/plasmet.bochnia.pl\/en\/wp-json\/wp\/v2\/product_tag?post=11059"}],"curies":[{"name":"wp","href":"https:\/\/api.w.org\/{rel}","templated":true}]}}