{"id":10202,"date":"2024-10-19T22:39:36","date_gmt":"2024-10-19T20:39:36","guid":{"rendered":"https:\/\/plasmet.nospace.pl\/produkt\/mounting-strip-with-riveted-elbows\/"},"modified":"2025-11-25T22:25:34","modified_gmt":"2025-11-25T21:25:34","slug":"mounting-strip-with-riveted-elbows","status":"publish","type":"product","link":"https:\/\/plasmet.bochnia.pl\/en\/product\/mounting-strip-with-riveted-elbows\/","title":{"rendered":"Mounting strip with riveted elbows"},"content":{"rendered":"<h2>Mounting strip with riveted elbows<\/h2>\n<p>Our metal mounting strip with riveted elbows is designed for stable mounting of faucets in plumbing systems. Made of durable metal, the trim is resistant to corrosion and mechanical damage, making it ideal for faucet mounting. <\/p>\n<h3>Application and availability<\/h3>\n<p>The product is available in several size variants, allowing easy adaptation to the requirements of installation systems.<\/p>\n<h3>Advantages<\/h3>\n<ul>\n<li>Durable design<\/li>\n<li>High resistance to mechanical damage<\/li>\n<\/ul>\n","protected":false},"excerpt":{"rendered":"<p>Metal mounting strip with durable brass elbows, ideal for stable mounting of pipe faucets in<br \/>\nprofessional installations. The product is available in various sizes. <\/p>\n","protected":false},"featured_media":4505,"template":"","meta":{"_acf_changed":false,"_kad_blocks_custom_css":"","_kad_blocks_head_custom_js":"","_kad_blocks_body_custom_js":"","_kad_blocks_footer_custom_js":"","_kad_post_transparent":"","_kad_post_title":"","_kad_post_layout":"","_kad_post_sidebar_id":"","_kad_post_content_style":"","_kad_post_vertical_padding":"","_kad_post_feature":"","_kad_post_feature_position":"","_kad_post_header":false,"_kad_post_footer":false,"_kad_post_classname":""},"product_brand":[],"product_cat":[597,379],"product_tag":[],"class_list":{"0":"post-10202","1":"product","2":"type-product","3":"status-publish","4":"has-post-thumbnail","6":"product_cat-mounting-rails","7":"product_cat-water-installation","8":"pa_wersja-15-x-1-2-l-080-en","9":"pa_wersja-15-x-1-2-l-100-en","10":"pa_wersja-15-x-1-2-l-150-en","12":"first","13":"instock","14":"product-type-variable","15":"entry","16":"content-bg","17":"loop-entry"},"acf":[],"yoast_head":"<!-- This site is optimized with the Yoast SEO plugin v25.1 - https:\/\/yoast.com\/wordpress\/plugins\/seo\/ -->\n<title>Mounting strip with riveted elbows - Plasmet<\/title>\n<meta name=\"description\" content=\"Mounting strip with riveted elbows \u2013 producent i hurtownia Plasmet. Oferujemy wysok\u0105 jako\u015b\u0107, szeroki wyb\u00f3r i dobre ceny. Zapraszamy do sprawdzenia oferty!\" \/>\n<meta name=\"robots\" content=\"index, follow, max-snippet:-1, max-image-preview:large, max-video-preview:-1\" \/>\n<link rel=\"canonical\" href=\"https:\/\/plasmet.bochnia.pl\/en\/product\/mounting-strip-with-riveted-elbows\/\" \/>\n<meta property=\"og:locale\" content=\"en_US\" \/>\n<meta property=\"og:type\" content=\"article\" \/>\n<meta property=\"og:title\" content=\"Mounting strip with riveted elbows - Plasmet\" \/>\n<meta property=\"og:description\" content=\"Mounting strip with riveted elbows \u2013 producent i hurtownia Plasmet. Oferujemy wysok\u0105 jako\u015b\u0107, szeroki wyb\u00f3r i dobre ceny. Zapraszamy do sprawdzenia oferty!\" \/>\n<meta property=\"og:url\" content=\"https:\/\/plasmet.bochnia.pl\/en\/product\/mounting-strip-with-riveted-elbows\/\" \/>\n<meta property=\"og:site_name\" content=\"Plasmet\" \/>\n<meta property=\"article:modified_time\" content=\"2025-11-25T21:25:34+00:00\" \/>\n<meta property=\"og:image\" content=\"https:\/\/plasmet.bochnia.pl\/wp-content\/uploads\/2024\/10\/listwa-montazowa-z-kolankami-nitowanymi-lub-przykrecanymi-15-x-1-2-l-080.jpg\" \/>\n\t<meta property=\"og:image:width\" content=\"800\" \/>\n\t<meta property=\"og:image:height\" content=\"600\" \/>\n\t<meta property=\"og:image:type\" content=\"image\/jpeg\" \/>\n<meta name=\"twitter:card\" content=\"summary_large_image\" \/>\n<script type=\"application\/ld+json\" class=\"yoast-schema-graph\">{\"@context\":\"https:\/\/schema.org\",\"@graph\":[{\"@type\":\"WebPage\",\"@id\":\"https:\/\/plasmet.bochnia.pl\/en\/product\/mounting-strip-with-riveted-elbows\/\",\"url\":\"https:\/\/plasmet.bochnia.pl\/en\/product\/mounting-strip-with-riveted-elbows\/\",\"name\":\"Mounting strip with riveted elbows - Plasmet\",\"isPartOf\":{\"@id\":\"https:\/\/plasmet.bochnia.pl\/en\/#website\"},\"primaryImageOfPage\":{\"@id\":\"https:\/\/plasmet.bochnia.pl\/en\/product\/mounting-strip-with-riveted-elbows\/#primaryimage\"},\"image\":{\"@id\":\"https:\/\/plasmet.bochnia.pl\/en\/product\/mounting-strip-with-riveted-elbows\/#primaryimage\"},\"thumbnailUrl\":\"https:\/\/plasmet.bochnia.pl\/wp-content\/uploads\/2024\/10\/listwa-montazowa-z-kolankami-nitowanymi-lub-przykrecanymi-15-x-1-2-l-080.jpg\",\"datePublished\":\"2024-10-19T20:39:36+00:00\",\"dateModified\":\"2025-11-25T21:25:34+00:00\",\"description\":\"Mounting strip with riveted elbows \u2013 producent i hurtownia Plasmet. Oferujemy wysok\u0105 jako\u015b\u0107, szeroki wyb\u00f3r i dobre ceny. Zapraszamy do sprawdzenia oferty!\",\"breadcrumb\":{\"@id\":\"https:\/\/plasmet.bochnia.pl\/en\/product\/mounting-strip-with-riveted-elbows\/#breadcrumb\"},\"inLanguage\":\"en-US\",\"potentialAction\":[{\"@type\":\"ReadAction\",\"target\":[\"https:\/\/plasmet.bochnia.pl\/en\/product\/mounting-strip-with-riveted-elbows\/\"]}]},{\"@type\":\"ImageObject\",\"inLanguage\":\"en-US\",\"@id\":\"https:\/\/plasmet.bochnia.pl\/en\/product\/mounting-strip-with-riveted-elbows\/#primaryimage\",\"url\":\"https:\/\/plasmet.bochnia.pl\/wp-content\/uploads\/2024\/10\/listwa-montazowa-z-kolankami-nitowanymi-lub-przykrecanymi-15-x-1-2-l-080.jpg\",\"contentUrl\":\"https:\/\/plasmet.bochnia.pl\/wp-content\/uploads\/2024\/10\/listwa-montazowa-z-kolankami-nitowanymi-lub-przykrecanymi-15-x-1-2-l-080.jpg\",\"width\":800,\"height\":600,\"caption\":\"listwa-montazowa-z-kolankami-nitowanymi-15-x-1-2-l-080\"},{\"@type\":\"BreadcrumbList\",\"@id\":\"https:\/\/plasmet.bochnia.pl\/en\/product\/mounting-strip-with-riveted-elbows\/#breadcrumb\",\"itemListElement\":[{\"@type\":\"ListItem\",\"position\":1,\"name\":\"Strona g\u0142\u00f3wna\",\"item\":\"https:\/\/plasmet.bochnia.pl\/en\/\"},{\"@type\":\"ListItem\",\"position\":2,\"name\":\"Shop\",\"item\":\"https:\/\/plasmet.bochnia.pl\/en\/shop\/\"},{\"@type\":\"ListItem\",\"position\":3,\"name\":\"Mounting strip with riveted elbows\"}]},{\"@type\":\"WebSite\",\"@id\":\"https:\/\/plasmet.bochnia.pl\/en\/#website\",\"url\":\"https:\/\/plasmet.bochnia.pl\/en\/\",\"name\":\"Plasmet\",\"description\":\"Plasmet\",\"publisher\":{\"@id\":\"https:\/\/plasmet.bochnia.pl\/en\/#organization\"},\"alternateName\":\"Plasmet\",\"potentialAction\":[{\"@type\":\"SearchAction\",\"target\":{\"@type\":\"EntryPoint\",\"urlTemplate\":\"https:\/\/plasmet.bochnia.pl\/en\/?s={search_term_string}\"},\"query-input\":{\"@type\":\"PropertyValueSpecification\",\"valueRequired\":true,\"valueName\":\"search_term_string\"}}],\"inLanguage\":\"en-US\"},{\"@type\":\"Organization\",\"@id\":\"https:\/\/plasmet.bochnia.pl\/en\/#organization\",\"name\":\"Plasmet\",\"url\":\"https:\/\/plasmet.bochnia.pl\/en\/\",\"logo\":{\"@type\":\"ImageObject\",\"inLanguage\":\"en-US\",\"@id\":\"https:\/\/plasmet.bochnia.pl\/en\/#\/schema\/logo\/image\/\",\"url\":\"https:\/\/plasmet.bochnia.pl\/wp-content\/uploads\/2024\/09\/logo-z-niebieskim.webp\",\"contentUrl\":\"https:\/\/plasmet.bochnia.pl\/wp-content\/uploads\/2024\/09\/logo-z-niebieskim.webp\",\"width\":512,\"height\":141,\"caption\":\"Plasmet\"},\"image\":{\"@id\":\"https:\/\/plasmet.bochnia.pl\/en\/#\/schema\/logo\/image\/\"}}]}<\/script>\n<!-- \/ Yoast SEO plugin. -->","yoast_head_json":{"title":"Mounting strip with riveted elbows - Plasmet","description":"Mounting strip with riveted elbows \u2013 producent i hurtownia Plasmet. Oferujemy wysok\u0105 jako\u015b\u0107, szeroki wyb\u00f3r i dobre ceny. Zapraszamy do sprawdzenia oferty!","robots":{"index":"index","follow":"follow","max-snippet":"max-snippet:-1","max-image-preview":"max-image-preview:large","max-video-preview":"max-video-preview:-1"},"canonical":"https:\/\/plasmet.bochnia.pl\/en\/product\/mounting-strip-with-riveted-elbows\/","og_locale":"en_US","og_type":"article","og_title":"Mounting strip with riveted elbows - Plasmet","og_description":"Mounting strip with riveted elbows \u2013 producent i hurtownia Plasmet. Oferujemy wysok\u0105 jako\u015b\u0107, szeroki wyb\u00f3r i dobre ceny. Zapraszamy do sprawdzenia oferty!","og_url":"https:\/\/plasmet.bochnia.pl\/en\/product\/mounting-strip-with-riveted-elbows\/","og_site_name":"Plasmet","article_modified_time":"2025-11-25T21:25:34+00:00","og_image":[{"width":800,"height":600,"url":"https:\/\/plasmet.bochnia.pl\/wp-content\/uploads\/2024\/10\/listwa-montazowa-z-kolankami-nitowanymi-lub-przykrecanymi-15-x-1-2-l-080.jpg","type":"image\/jpeg"}],"twitter_card":"summary_large_image","schema":{"@context":"https:\/\/schema.org","@graph":[{"@type":"WebPage","@id":"https:\/\/plasmet.bochnia.pl\/en\/product\/mounting-strip-with-riveted-elbows\/","url":"https:\/\/plasmet.bochnia.pl\/en\/product\/mounting-strip-with-riveted-elbows\/","name":"Mounting strip with riveted elbows - Plasmet","isPartOf":{"@id":"https:\/\/plasmet.bochnia.pl\/en\/#website"},"primaryImageOfPage":{"@id":"https:\/\/plasmet.bochnia.pl\/en\/product\/mounting-strip-with-riveted-elbows\/#primaryimage"},"image":{"@id":"https:\/\/plasmet.bochnia.pl\/en\/product\/mounting-strip-with-riveted-elbows\/#primaryimage"},"thumbnailUrl":"https:\/\/plasmet.bochnia.pl\/wp-content\/uploads\/2024\/10\/listwa-montazowa-z-kolankami-nitowanymi-lub-przykrecanymi-15-x-1-2-l-080.jpg","datePublished":"2024-10-19T20:39:36+00:00","dateModified":"2025-11-25T21:25:34+00:00","description":"Mounting strip with riveted elbows \u2013 producent i hurtownia Plasmet. Oferujemy wysok\u0105 jako\u015b\u0107, szeroki wyb\u00f3r i dobre ceny. Zapraszamy do sprawdzenia oferty!","breadcrumb":{"@id":"https:\/\/plasmet.bochnia.pl\/en\/product\/mounting-strip-with-riveted-elbows\/#breadcrumb"},"inLanguage":"en-US","potentialAction":[{"@type":"ReadAction","target":["https:\/\/plasmet.bochnia.pl\/en\/product\/mounting-strip-with-riveted-elbows\/"]}]},{"@type":"ImageObject","inLanguage":"en-US","@id":"https:\/\/plasmet.bochnia.pl\/en\/product\/mounting-strip-with-riveted-elbows\/#primaryimage","url":"https:\/\/plasmet.bochnia.pl\/wp-content\/uploads\/2024\/10\/listwa-montazowa-z-kolankami-nitowanymi-lub-przykrecanymi-15-x-1-2-l-080.jpg","contentUrl":"https:\/\/plasmet.bochnia.pl\/wp-content\/uploads\/2024\/10\/listwa-montazowa-z-kolankami-nitowanymi-lub-przykrecanymi-15-x-1-2-l-080.jpg","width":800,"height":600,"caption":"listwa-montazowa-z-kolankami-nitowanymi-15-x-1-2-l-080"},{"@type":"BreadcrumbList","@id":"https:\/\/plasmet.bochnia.pl\/en\/product\/mounting-strip-with-riveted-elbows\/#breadcrumb","itemListElement":[{"@type":"ListItem","position":1,"name":"Strona g\u0142\u00f3wna","item":"https:\/\/plasmet.bochnia.pl\/en\/"},{"@type":"ListItem","position":2,"name":"Shop","item":"https:\/\/plasmet.bochnia.pl\/en\/shop\/"},{"@type":"ListItem","position":3,"name":"Mounting strip with riveted elbows"}]},{"@type":"WebSite","@id":"https:\/\/plasmet.bochnia.pl\/en\/#website","url":"https:\/\/plasmet.bochnia.pl\/en\/","name":"Plasmet","description":"Plasmet","publisher":{"@id":"https:\/\/plasmet.bochnia.pl\/en\/#organization"},"alternateName":"Plasmet","potentialAction":[{"@type":"SearchAction","target":{"@type":"EntryPoint","urlTemplate":"https:\/\/plasmet.bochnia.pl\/en\/?s={search_term_string}"},"query-input":{"@type":"PropertyValueSpecification","valueRequired":true,"valueName":"search_term_string"}}],"inLanguage":"en-US"},{"@type":"Organization","@id":"https:\/\/plasmet.bochnia.pl\/en\/#organization","name":"Plasmet","url":"https:\/\/plasmet.bochnia.pl\/en\/","logo":{"@type":"ImageObject","inLanguage":"en-US","@id":"https:\/\/plasmet.bochnia.pl\/en\/#\/schema\/logo\/image\/","url":"https:\/\/plasmet.bochnia.pl\/wp-content\/uploads\/2024\/09\/logo-z-niebieskim.webp","contentUrl":"https:\/\/plasmet.bochnia.pl\/wp-content\/uploads\/2024\/09\/logo-z-niebieskim.webp","width":512,"height":141,"caption":"Plasmet"},"image":{"@id":"https:\/\/plasmet.bochnia.pl\/en\/#\/schema\/logo\/image\/"}}]}},"taxonomy_info":{"product_cat":[{"value":597,"label":"Mounting rails"},{"value":379,"label":"Water Installation"}],"pa_wersja":[{"value":242,"label":"15 x 1\/2 L-080"},{"value":246,"label":"15 x 1\/2 L-100"},{"value":252,"label":"15 x 1\/2 L-150"}]},"featured_image_src_large":["https:\/\/plasmet.bochnia.pl\/wp-content\/uploads\/2024\/10\/listwa-montazowa-z-kolankami-nitowanymi-lub-przykrecanymi-15-x-1-2-l-080.jpg",800,600,false],"author_info":[],"comment_info":"","_links":{"self":[{"href":"https:\/\/plasmet.bochnia.pl\/en\/wp-json\/wp\/v2\/product\/10202","targetHints":{"allow":["GET"]}}],"collection":[{"href":"https:\/\/plasmet.bochnia.pl\/en\/wp-json\/wp\/v2\/product"}],"about":[{"href":"https:\/\/plasmet.bochnia.pl\/en\/wp-json\/wp\/v2\/types\/product"}],"wp:featuredmedia":[{"embeddable":true,"href":"https:\/\/plasmet.bochnia.pl\/en\/wp-json\/wp\/v2\/media\/4505"}],"wp:attachment":[{"href":"https:\/\/plasmet.bochnia.pl\/en\/wp-json\/wp\/v2\/media?parent=10202"}],"wp:term":[{"taxonomy":"product_brand","embeddable":true,"href":"https:\/\/plasmet.bochnia.pl\/en\/wp-json\/wp\/v2\/product_brand?post=10202"},{"taxonomy":"product_cat","embeddable":true,"href":"https:\/\/plasmet.bochnia.pl\/en\/wp-json\/wp\/v2\/product_cat?post=10202"},{"taxonomy":"product_tag","embeddable":true,"href":"https:\/\/plasmet.bochnia.pl\/en\/wp-json\/wp\/v2\/product_tag?post=10202"}],"curies":[{"name":"wp","href":"https:\/\/api.w.org\/{rel}","templated":true}]}}