{"id":10099,"date":"2024-11-25T14:52:18","date_gmt":"2024-11-25T13:52:18","guid":{"rendered":"https:\/\/plasmet.nospace.pl\/produkt\/washbasin-rosette-chrome-plated\/"},"modified":"2025-11-25T22:26:54","modified_gmt":"2025-11-25T21:26:54","slug":"washbasin-rosette-chrome-plated","status":"publish","type":"product","link":"https:\/\/plasmet.bochnia.pl\/en\/product\/washbasin-rosette-chrome-plated\/","title":{"rendered":"Washbasin rosette chrome-plated"},"content":{"rendered":"<h2>Washbasin rosette chrome-plated<\/h2>\n<p>Chrome washbasin escutcheon is an elegant solution designed to mask and aesthetically finish overflow holes in washbasins. With a diameter of 19 mm, it fits perfectly into most standard models. Made of high quality materials, it ensures not only durability, but also resistance to daily use and the effects of water and detergents.<\/p>\n<h3>Product specifications<\/h3>\n<ul>\n<li>Type: washbasin rosette<\/li>\n<li>Diameter: 19 mm<\/li>\n<li>Material: chrome-plated surface with high resistance<\/li>\n<li>Application: masking overflow holes in washbasins<\/li>\n<li>Finish: chrome gloss<\/li>\n<\/ul>\n<h3>Application<\/h3>\n<p>The product is dedicated for use in bathrooms where masking overflow holes requires a durable and aesthetically pleasing solution. The chrome escutcheon gives the washbasin a modern look and provides a durable finish.<\/p>\n<h3>Product advantages<\/h3>\n<ul>\n<li>High aesthetics thanks to the chrome finish<\/li>\n<li>Moisture and detergent resistance<\/li>\n<li>Easy installation for most standard washbasins<\/li>\n<li>Durable design for long service life<\/li>\n<\/ul>\n<p>The chrome sink escutcheon is a combination of aesthetics and functionality that perfectly complements any bathroom, offering a durable and elegant finish to overflow holes.<\/p>\n","protected":false},"excerpt":{"rendered":"<p>Chrome washbasin rosette with a diameter of 19 mm, ideal for masking and aesthetically finishing overflow holes in washbasins. Durable and resistant to daily use.<\/p>\n","protected":false},"featured_media":4576,"template":"","meta":{"_acf_changed":false,"_kad_blocks_custom_css":"","_kad_blocks_head_custom_js":"","_kad_blocks_body_custom_js":"","_kad_blocks_footer_custom_js":"","_kad_post_transparent":"default","_kad_post_title":"","_kad_post_layout":"default","_kad_post_sidebar_id":"","_kad_post_content_style":"default","_kad_post_vertical_padding":"default","_kad_post_feature":"","_kad_post_feature_position":"","_kad_post_header":false,"_kad_post_footer":false,"_kad_post_classname":""},"product_brand":[],"product_cat":[382,582],"product_tag":[],"class_list":{"0":"post-10099","1":"product","2":"type-product","3":"status-publish","4":"has-post-thumbnail","6":"product_cat-heating-installation","7":"product_cat-masking-rosettes","8":"pa_kolor-chrome","10":"first","11":"instock","12":"taxable","13":"shipping-taxable","14":"product-type-variable","15":"entry","16":"content-bg","17":"loop-entry"},"acf":[],"yoast_head":"<!-- This site is optimized with the Yoast SEO plugin v25.1 - https:\/\/yoast.com\/wordpress\/plugins\/seo\/ -->\n<title>Washbasin rosette chrome-plated - Plasmet<\/title>\n<meta name=\"description\" content=\"Washbasin rosette chrome-plated \u2013 producent i hurtownia Plasmet. Oferujemy wysok\u0105 jako\u015b\u0107, szeroki wyb\u00f3r i dobre ceny. Zapraszamy do sprawdzenia oferty!\" \/>\n<meta name=\"robots\" content=\"index, follow, max-snippet:-1, max-image-preview:large, max-video-preview:-1\" \/>\n<link rel=\"canonical\" href=\"https:\/\/plasmet.bochnia.pl\/en\/product\/washbasin-rosette-chrome-plated\/\" \/>\n<meta property=\"og:locale\" content=\"en_US\" \/>\n<meta property=\"og:type\" content=\"article\" \/>\n<meta property=\"og:title\" content=\"Washbasin rosette chrome-plated - Plasmet\" \/>\n<meta property=\"og:description\" content=\"Washbasin rosette chrome-plated \u2013 producent i hurtownia Plasmet. Oferujemy wysok\u0105 jako\u015b\u0107, szeroki wyb\u00f3r i dobre ceny. Zapraszamy do sprawdzenia oferty!\" \/>\n<meta property=\"og:url\" content=\"https:\/\/plasmet.bochnia.pl\/en\/product\/washbasin-rosette-chrome-plated\/\" \/>\n<meta property=\"og:site_name\" content=\"Plasmet\" \/>\n<meta property=\"article:modified_time\" content=\"2025-11-25T21:26:54+00:00\" \/>\n<meta property=\"og:image\" content=\"https:\/\/plasmet.bochnia.pl\/wp-content\/uploads\/2024\/10\/rozetka-umywalkowa-chromowana-biala.jpg\" \/>\n\t<meta property=\"og:image:width\" content=\"800\" \/>\n\t<meta property=\"og:image:height\" content=\"600\" \/>\n\t<meta property=\"og:image:type\" content=\"image\/jpeg\" \/>\n<meta name=\"twitter:card\" content=\"summary_large_image\" \/>\n<meta name=\"twitter:label1\" content=\"Est. reading time\" \/>\n\t<meta name=\"twitter:data1\" content=\"2 minutes\" \/>\n<script type=\"application\/ld+json\" class=\"yoast-schema-graph\">{\"@context\":\"https:\/\/schema.org\",\"@graph\":[{\"@type\":\"WebPage\",\"@id\":\"https:\/\/plasmet.bochnia.pl\/en\/product\/washbasin-rosette-chrome-plated\/\",\"url\":\"https:\/\/plasmet.bochnia.pl\/en\/product\/washbasin-rosette-chrome-plated\/\",\"name\":\"Washbasin rosette chrome-plated - Plasmet\",\"isPartOf\":{\"@id\":\"https:\/\/plasmet.bochnia.pl\/en\/#website\"},\"primaryImageOfPage\":{\"@id\":\"https:\/\/plasmet.bochnia.pl\/en\/product\/washbasin-rosette-chrome-plated\/#primaryimage\"},\"image\":{\"@id\":\"https:\/\/plasmet.bochnia.pl\/en\/product\/washbasin-rosette-chrome-plated\/#primaryimage\"},\"thumbnailUrl\":\"https:\/\/plasmet.bochnia.pl\/wp-content\/uploads\/2024\/10\/rozetka-umywalkowa-chromowana-biala.jpg\",\"datePublished\":\"2024-11-25T13:52:18+00:00\",\"dateModified\":\"2025-11-25T21:26:54+00:00\",\"description\":\"Washbasin rosette chrome-plated \u2013 producent i hurtownia Plasmet. Oferujemy wysok\u0105 jako\u015b\u0107, szeroki wyb\u00f3r i dobre ceny. Zapraszamy do sprawdzenia oferty!\",\"breadcrumb\":{\"@id\":\"https:\/\/plasmet.bochnia.pl\/en\/product\/washbasin-rosette-chrome-plated\/#breadcrumb\"},\"inLanguage\":\"en-US\",\"potentialAction\":[{\"@type\":\"ReadAction\",\"target\":[\"https:\/\/plasmet.bochnia.pl\/en\/product\/washbasin-rosette-chrome-plated\/\"]}]},{\"@type\":\"ImageObject\",\"inLanguage\":\"en-US\",\"@id\":\"https:\/\/plasmet.bochnia.pl\/en\/product\/washbasin-rosette-chrome-plated\/#primaryimage\",\"url\":\"https:\/\/plasmet.bochnia.pl\/wp-content\/uploads\/2024\/10\/rozetka-umywalkowa-chromowana-biala.jpg\",\"contentUrl\":\"https:\/\/plasmet.bochnia.pl\/wp-content\/uploads\/2024\/10\/rozetka-umywalkowa-chromowana-biala.jpg\",\"width\":800,\"height\":600,\"caption\":\"rosette-sink-chrome-white\"},{\"@type\":\"BreadcrumbList\",\"@id\":\"https:\/\/plasmet.bochnia.pl\/en\/product\/washbasin-rosette-chrome-plated\/#breadcrumb\",\"itemListElement\":[{\"@type\":\"ListItem\",\"position\":1,\"name\":\"Strona g\u0142\u00f3wna\",\"item\":\"https:\/\/plasmet.bochnia.pl\/en\/\"},{\"@type\":\"ListItem\",\"position\":2,\"name\":\"Shop\",\"item\":\"https:\/\/plasmet.bochnia.pl\/en\/shop\/\"},{\"@type\":\"ListItem\",\"position\":3,\"name\":\"Washbasin rosette chrome-plated\"}]},{\"@type\":\"WebSite\",\"@id\":\"https:\/\/plasmet.bochnia.pl\/en\/#website\",\"url\":\"https:\/\/plasmet.bochnia.pl\/en\/\",\"name\":\"Plasmet\",\"description\":\"Plasmet\",\"publisher\":{\"@id\":\"https:\/\/plasmet.bochnia.pl\/en\/#organization\"},\"alternateName\":\"Plasmet\",\"potentialAction\":[{\"@type\":\"SearchAction\",\"target\":{\"@type\":\"EntryPoint\",\"urlTemplate\":\"https:\/\/plasmet.bochnia.pl\/en\/?s={search_term_string}\"},\"query-input\":{\"@type\":\"PropertyValueSpecification\",\"valueRequired\":true,\"valueName\":\"search_term_string\"}}],\"inLanguage\":\"en-US\"},{\"@type\":\"Organization\",\"@id\":\"https:\/\/plasmet.bochnia.pl\/en\/#organization\",\"name\":\"Plasmet\",\"url\":\"https:\/\/plasmet.bochnia.pl\/en\/\",\"logo\":{\"@type\":\"ImageObject\",\"inLanguage\":\"en-US\",\"@id\":\"https:\/\/plasmet.bochnia.pl\/en\/#\/schema\/logo\/image\/\",\"url\":\"https:\/\/plasmet.bochnia.pl\/wp-content\/uploads\/2024\/09\/logo-z-niebieskim.webp\",\"contentUrl\":\"https:\/\/plasmet.bochnia.pl\/wp-content\/uploads\/2024\/09\/logo-z-niebieskim.webp\",\"width\":512,\"height\":141,\"caption\":\"Plasmet\"},\"image\":{\"@id\":\"https:\/\/plasmet.bochnia.pl\/en\/#\/schema\/logo\/image\/\"}}]}<\/script>\n<!-- \/ Yoast SEO plugin. -->","yoast_head_json":{"title":"Washbasin rosette chrome-plated - Plasmet","description":"Washbasin rosette chrome-plated \u2013 producent i hurtownia Plasmet. Oferujemy wysok\u0105 jako\u015b\u0107, szeroki wyb\u00f3r i dobre ceny. Zapraszamy do sprawdzenia oferty!","robots":{"index":"index","follow":"follow","max-snippet":"max-snippet:-1","max-image-preview":"max-image-preview:large","max-video-preview":"max-video-preview:-1"},"canonical":"https:\/\/plasmet.bochnia.pl\/en\/product\/washbasin-rosette-chrome-plated\/","og_locale":"en_US","og_type":"article","og_title":"Washbasin rosette chrome-plated - Plasmet","og_description":"Washbasin rosette chrome-plated \u2013 producent i hurtownia Plasmet. Oferujemy wysok\u0105 jako\u015b\u0107, szeroki wyb\u00f3r i dobre ceny. Zapraszamy do sprawdzenia oferty!","og_url":"https:\/\/plasmet.bochnia.pl\/en\/product\/washbasin-rosette-chrome-plated\/","og_site_name":"Plasmet","article_modified_time":"2025-11-25T21:26:54+00:00","og_image":[{"width":800,"height":600,"url":"https:\/\/plasmet.bochnia.pl\/wp-content\/uploads\/2024\/10\/rozetka-umywalkowa-chromowana-biala.jpg","type":"image\/jpeg"}],"twitter_card":"summary_large_image","twitter_misc":{"Est. reading time":"2 minutes"},"schema":{"@context":"https:\/\/schema.org","@graph":[{"@type":"WebPage","@id":"https:\/\/plasmet.bochnia.pl\/en\/product\/washbasin-rosette-chrome-plated\/","url":"https:\/\/plasmet.bochnia.pl\/en\/product\/washbasin-rosette-chrome-plated\/","name":"Washbasin rosette chrome-plated - Plasmet","isPartOf":{"@id":"https:\/\/plasmet.bochnia.pl\/en\/#website"},"primaryImageOfPage":{"@id":"https:\/\/plasmet.bochnia.pl\/en\/product\/washbasin-rosette-chrome-plated\/#primaryimage"},"image":{"@id":"https:\/\/plasmet.bochnia.pl\/en\/product\/washbasin-rosette-chrome-plated\/#primaryimage"},"thumbnailUrl":"https:\/\/plasmet.bochnia.pl\/wp-content\/uploads\/2024\/10\/rozetka-umywalkowa-chromowana-biala.jpg","datePublished":"2024-11-25T13:52:18+00:00","dateModified":"2025-11-25T21:26:54+00:00","description":"Washbasin rosette chrome-plated \u2013 producent i hurtownia Plasmet. Oferujemy wysok\u0105 jako\u015b\u0107, szeroki wyb\u00f3r i dobre ceny. Zapraszamy do sprawdzenia oferty!","breadcrumb":{"@id":"https:\/\/plasmet.bochnia.pl\/en\/product\/washbasin-rosette-chrome-plated\/#breadcrumb"},"inLanguage":"en-US","potentialAction":[{"@type":"ReadAction","target":["https:\/\/plasmet.bochnia.pl\/en\/product\/washbasin-rosette-chrome-plated\/"]}]},{"@type":"ImageObject","inLanguage":"en-US","@id":"https:\/\/plasmet.bochnia.pl\/en\/product\/washbasin-rosette-chrome-plated\/#primaryimage","url":"https:\/\/plasmet.bochnia.pl\/wp-content\/uploads\/2024\/10\/rozetka-umywalkowa-chromowana-biala.jpg","contentUrl":"https:\/\/plasmet.bochnia.pl\/wp-content\/uploads\/2024\/10\/rozetka-umywalkowa-chromowana-biala.jpg","width":800,"height":600,"caption":"rosette-sink-chrome-white"},{"@type":"BreadcrumbList","@id":"https:\/\/plasmet.bochnia.pl\/en\/product\/washbasin-rosette-chrome-plated\/#breadcrumb","itemListElement":[{"@type":"ListItem","position":1,"name":"Strona g\u0142\u00f3wna","item":"https:\/\/plasmet.bochnia.pl\/en\/"},{"@type":"ListItem","position":2,"name":"Shop","item":"https:\/\/plasmet.bochnia.pl\/en\/shop\/"},{"@type":"ListItem","position":3,"name":"Washbasin rosette chrome-plated"}]},{"@type":"WebSite","@id":"https:\/\/plasmet.bochnia.pl\/en\/#website","url":"https:\/\/plasmet.bochnia.pl\/en\/","name":"Plasmet","description":"Plasmet","publisher":{"@id":"https:\/\/plasmet.bochnia.pl\/en\/#organization"},"alternateName":"Plasmet","potentialAction":[{"@type":"SearchAction","target":{"@type":"EntryPoint","urlTemplate":"https:\/\/plasmet.bochnia.pl\/en\/?s={search_term_string}"},"query-input":{"@type":"PropertyValueSpecification","valueRequired":true,"valueName":"search_term_string"}}],"inLanguage":"en-US"},{"@type":"Organization","@id":"https:\/\/plasmet.bochnia.pl\/en\/#organization","name":"Plasmet","url":"https:\/\/plasmet.bochnia.pl\/en\/","logo":{"@type":"ImageObject","inLanguage":"en-US","@id":"https:\/\/plasmet.bochnia.pl\/en\/#\/schema\/logo\/image\/","url":"https:\/\/plasmet.bochnia.pl\/wp-content\/uploads\/2024\/09\/logo-z-niebieskim.webp","contentUrl":"https:\/\/plasmet.bochnia.pl\/wp-content\/uploads\/2024\/09\/logo-z-niebieskim.webp","width":512,"height":141,"caption":"Plasmet"},"image":{"@id":"https:\/\/plasmet.bochnia.pl\/en\/#\/schema\/logo\/image\/"}}]}},"taxonomy_info":{"product_cat":[{"value":382,"label":"Heating Installation"},{"value":582,"label":"Masking Rosettes"}],"pa_kolor":[{"value":165,"label":"Chrome"}]},"featured_image_src_large":["https:\/\/plasmet.bochnia.pl\/wp-content\/uploads\/2024\/10\/rozetka-umywalkowa-chromowana-biala.jpg",800,600,false],"author_info":[],"comment_info":"","_links":{"self":[{"href":"https:\/\/plasmet.bochnia.pl\/en\/wp-json\/wp\/v2\/product\/10099","targetHints":{"allow":["GET"]}}],"collection":[{"href":"https:\/\/plasmet.bochnia.pl\/en\/wp-json\/wp\/v2\/product"}],"about":[{"href":"https:\/\/plasmet.bochnia.pl\/en\/wp-json\/wp\/v2\/types\/product"}],"wp:featuredmedia":[{"embeddable":true,"href":"https:\/\/plasmet.bochnia.pl\/en\/wp-json\/wp\/v2\/media\/4576"}],"wp:attachment":[{"href":"https:\/\/plasmet.bochnia.pl\/en\/wp-json\/wp\/v2\/media?parent=10099"}],"wp:term":[{"taxonomy":"product_brand","embeddable":true,"href":"https:\/\/plasmet.bochnia.pl\/en\/wp-json\/wp\/v2\/product_brand?post=10099"},{"taxonomy":"product_cat","embeddable":true,"href":"https:\/\/plasmet.bochnia.pl\/en\/wp-json\/wp\/v2\/product_cat?post=10099"},{"taxonomy":"product_tag","embeddable":true,"href":"https:\/\/plasmet.bochnia.pl\/en\/wp-json\/wp\/v2\/product_tag?post=10099"}],"curies":[{"name":"wp","href":"https:\/\/api.w.org\/{rel}","templated":true}]}}