{"id":17158,"date":"2024-10-21T11:18:04","date_gmt":"2024-10-21T09:18:04","guid":{"rendered":"https:\/\/plasmet.bochnia.pl\/?post_type=product&#038;p=17158"},"modified":"2025-08-30T12:46:21","modified_gmt":"2025-08-30T10:46:21","slug":"komplettsatz-fuer-unterputz-spuelkasten-neuer-typ","status":"publish","type":"product","link":"https:\/\/plasmet.bochnia.pl\/de\/produkt\/komplettsatz-fuer-unterputz-spuelkasten-neuer-typ\/","title":{"rendered":"Komplettsatz f\u00fcr Unterputz-Sp\u00fclkasten \u2013 Neuer Typ"},"content":{"rendered":"<h2>Komplettsatz f\u00fcr Unterputz-Sp\u00fclkasten \u2013 Neuer Typ<\/h2>\n<p><strong>Komplettsatz f\u00fcr Unterputz-Sp\u00fclkasten \u2013 Neuer Typ<\/strong> ist ein Reparaturset, das eine schnelle und einfache Instandsetzung moderner Sp\u00fclsysteme \u2013 Unterputz-Sp\u00fclk\u00e4sten \u2013 erm\u00f6glicht. Das Set enth\u00e4lt alle notwendigen Teile, um Undichtigkeiten zu beseitigen und die volle Funktionsf\u00e4higkeit des Systems wiederherzustellen. Ideal f\u00fcr die Reparatur aktueller Modelle von Unterputz-Sp\u00fclk\u00e4sten, gew\u00e4hrleistet Langlebigkeit und zuverl\u00e4ssigen Betrieb \u00fcber viele Jahre.<\/p>\n<h3>Hauptvorteile des Produkts:<\/h3>\n<ul>\n<li>Komplettes Reparaturset f\u00fcr moderne Unterputz-Sp\u00fclk\u00e4sten,<\/li>\n<li>Einfache Montage, speziell f\u00fcr neue Modelle entwickelt,<\/li>\n<li>Gew\u00e4hrleistet Dichtheit und Zuverl\u00e4ssigkeit des Sp\u00fclsystems.<\/li>\n<\/ul>\n<p>Der Komplettsatz f\u00fcr Unterputz-Sp\u00fclkasten \u2013 Neuer Typ ist die perfekte Wahl f\u00fcr alle, die ein modernes Sp\u00fclsystem schnell und effektiv reparieren m\u00f6chten, um Dichtheit und einwandfreie Funktion \u00fcber viele Jahre sicherzustellen.<\/p>\n","protected":false},"excerpt":{"rendered":"<p data-start=\"1119\" data-end=\"1380\"><strong>Komplettsatz f\u00fcr Unterputz-Sp\u00fclkasten \u2013 Neuer Typ<\/strong> ist f\u00fcr die Reparatur moderner Unterputz-Sp\u00fclk\u00e4sten bestimmt. Enth\u00e4lt alle erforderlichen Elemente f\u00fcr eine schnelle und effektive Reparatur und sorgt f\u00fcr Dichtheit und ordnungsgem\u00e4\u00dfe Funktion des Sp\u00fclsystems.<\/p>\n","protected":false},"featured_media":17159,"template":"","meta":{"_acf_changed":false,"_kad_blocks_custom_css":"","_kad_blocks_head_custom_js":"","_kad_blocks_body_custom_js":"","_kad_blocks_footer_custom_js":"","_kad_post_transparent":"default","_kad_post_title":"","_kad_post_layout":"default","_kad_post_sidebar_id":"","_kad_post_content_style":"default","_kad_post_vertical_padding":"default","_kad_post_feature":"","_kad_post_feature_position":"","_kad_post_header":false,"_kad_post_footer":false,"_kad_post_classname":""},"product_brand":[],"product_cat":[1369,1359],"product_tag":[],"class_list":{"0":"post-17158","1":"product","2":"type-product","3":"status-publish","4":"has-post-thumbnail","6":"product_cat-dichtungen","7":"product_cat-dichtungen-und-reduzierungen","8":"pa_kolor-schwarz","10":"first","11":"instock","12":"product-type-variable","13":"entry","14":"content-bg","15":"loop-entry"},"acf":[],"yoast_head":"<!-- This site is optimized with the Yoast SEO plugin v25.1 - https:\/\/yoast.com\/wordpress\/plugins\/seo\/ -->\n<title>Komplettsatz f\u00fcr Unterputz-Sp\u00fclkasten \u2013 Neuer Typ - Plasmet<\/title>\n<meta name=\"description\" content=\"Komplettsatz f\u00fcr Unterputz-Sp\u00fclkasten \u2013 Neuer Typ \u2013 producent i hurtownia Plasmet. Oferujemy wysok\u0105 jako\u015b\u0107, szeroki wyb\u00f3r i dobre ceny. Zapraszamy do sprawdzenia oferty!\" \/>\n<meta name=\"robots\" content=\"index, follow, max-snippet:-1, max-image-preview:large, max-video-preview:-1\" \/>\n<link rel=\"canonical\" href=\"https:\/\/plasmet.bochnia.pl\/de\/produkt\/komplettsatz-fuer-unterputz-spuelkasten-neuer-typ\/\" \/>\n<meta property=\"og:locale\" content=\"de_DE\" \/>\n<meta property=\"og:type\" content=\"article\" \/>\n<meta property=\"og:title\" content=\"Komplettsatz f\u00fcr Unterputz-Sp\u00fclkasten \u2013 Neuer Typ - Plasmet\" \/>\n<meta property=\"og:description\" content=\"Komplettsatz f\u00fcr Unterputz-Sp\u00fclkasten \u2013 Neuer Typ \u2013 producent i hurtownia Plasmet. Oferujemy wysok\u0105 jako\u015b\u0107, szeroki wyb\u00f3r i dobre ceny. Zapraszamy do sprawdzenia oferty!\" \/>\n<meta property=\"og:url\" content=\"https:\/\/plasmet.bochnia.pl\/de\/produkt\/komplettsatz-fuer-unterputz-spuelkasten-neuer-typ\/\" \/>\n<meta property=\"og:site_name\" content=\"Plasmet\" \/>\n<meta property=\"article:modified_time\" content=\"2025-08-30T10:46:21+00:00\" \/>\n<meta property=\"og:image\" content=\"https:\/\/plasmet.bochnia.pl\/wp-content\/uploads\/2024\/10\/komplet-naprawczy-dolnopluka-nowy-typ.jpg\" \/>\n\t<meta property=\"og:image:width\" content=\"800\" \/>\n\t<meta property=\"og:image:height\" content=\"600\" \/>\n\t<meta property=\"og:image:type\" content=\"image\/jpeg\" \/>\n<meta name=\"twitter:card\" content=\"summary_large_image\" \/>\n<meta name=\"twitter:label1\" content=\"Gesch\u00e4tzte Lesezeit\" \/>\n\t<meta name=\"twitter:data1\" content=\"1\u00a0Minute\" \/>\n<script type=\"application\/ld+json\" class=\"yoast-schema-graph\">{\"@context\":\"https:\/\/schema.org\",\"@graph\":[{\"@type\":\"WebPage\",\"@id\":\"https:\/\/plasmet.bochnia.pl\/de\/produkt\/komplettsatz-fuer-unterputz-spuelkasten-neuer-typ\/\",\"url\":\"https:\/\/plasmet.bochnia.pl\/de\/produkt\/komplettsatz-fuer-unterputz-spuelkasten-neuer-typ\/\",\"name\":\"Komplettsatz f\u00fcr Unterputz-Sp\u00fclkasten \u2013 Neuer Typ - Plasmet\",\"isPartOf\":{\"@id\":\"https:\/\/plasmet.bochnia.pl\/de\/#website\"},\"primaryImageOfPage\":{\"@id\":\"https:\/\/plasmet.bochnia.pl\/de\/produkt\/komplettsatz-fuer-unterputz-spuelkasten-neuer-typ\/#primaryimage\"},\"image\":{\"@id\":\"https:\/\/plasmet.bochnia.pl\/de\/produkt\/komplettsatz-fuer-unterputz-spuelkasten-neuer-typ\/#primaryimage\"},\"thumbnailUrl\":\"https:\/\/plasmet.bochnia.pl\/wp-content\/uploads\/2024\/10\/komplet-naprawczy-dolnopluka-nowy-typ.jpg\",\"datePublished\":\"2024-10-21T09:18:04+00:00\",\"dateModified\":\"2025-08-30T10:46:21+00:00\",\"description\":\"Komplettsatz f\u00fcr Unterputz-Sp\u00fclkasten \u2013 Neuer Typ \u2013 producent i hurtownia Plasmet. Oferujemy wysok\u0105 jako\u015b\u0107, szeroki wyb\u00f3r i dobre ceny. Zapraszamy do sprawdzenia oferty!\",\"breadcrumb\":{\"@id\":\"https:\/\/plasmet.bochnia.pl\/de\/produkt\/komplettsatz-fuer-unterputz-spuelkasten-neuer-typ\/#breadcrumb\"},\"inLanguage\":\"de\",\"potentialAction\":[{\"@type\":\"ReadAction\",\"target\":[\"https:\/\/plasmet.bochnia.pl\/de\/produkt\/komplettsatz-fuer-unterputz-spuelkasten-neuer-typ\/\"]}]},{\"@type\":\"ImageObject\",\"inLanguage\":\"de\",\"@id\":\"https:\/\/plasmet.bochnia.pl\/de\/produkt\/komplettsatz-fuer-unterputz-spuelkasten-neuer-typ\/#primaryimage\",\"url\":\"https:\/\/plasmet.bochnia.pl\/wp-content\/uploads\/2024\/10\/komplet-naprawczy-dolnopluka-nowy-typ.jpg\",\"contentUrl\":\"https:\/\/plasmet.bochnia.pl\/wp-content\/uploads\/2024\/10\/komplet-naprawczy-dolnopluka-nowy-typ.jpg\",\"width\":800,\"height\":600,\"caption\":\"komplet-naprawczy-dolnopluka-nowy-typ\"},{\"@type\":\"BreadcrumbList\",\"@id\":\"https:\/\/plasmet.bochnia.pl\/de\/produkt\/komplettsatz-fuer-unterputz-spuelkasten-neuer-typ\/#breadcrumb\",\"itemListElement\":[{\"@type\":\"ListItem\",\"position\":1,\"name\":\"Strona g\u0142\u00f3wna\",\"item\":\"https:\/\/plasmet.bochnia.pl\/de\/\"},{\"@type\":\"ListItem\",\"position\":2,\"name\":\"Shop\",\"item\":\"https:\/\/plasmet.bochnia.pl\/de\/shop\/\"},{\"@type\":\"ListItem\",\"position\":3,\"name\":\"Komplettsatz f\u00fcr Unterputz-Sp\u00fclkasten \u2013 Neuer Typ\"}]},{\"@type\":\"WebSite\",\"@id\":\"https:\/\/plasmet.bochnia.pl\/de\/#website\",\"url\":\"https:\/\/plasmet.bochnia.pl\/de\/\",\"name\":\"Plasmet\",\"description\":\"Plasmet\",\"alternateName\":\"Plasmet\",\"potentialAction\":[{\"@type\":\"SearchAction\",\"target\":{\"@type\":\"EntryPoint\",\"urlTemplate\":\"https:\/\/plasmet.bochnia.pl\/de\/?s={search_term_string}\"},\"query-input\":{\"@type\":\"PropertyValueSpecification\",\"valueRequired\":true,\"valueName\":\"search_term_string\"}}],\"inLanguage\":\"de\"}]}<\/script>\n<!-- \/ Yoast SEO plugin. -->","yoast_head_json":{"title":"Komplettsatz f\u00fcr Unterputz-Sp\u00fclkasten \u2013 Neuer Typ - Plasmet","description":"Komplettsatz f\u00fcr Unterputz-Sp\u00fclkasten \u2013 Neuer Typ \u2013 producent i hurtownia Plasmet. Oferujemy wysok\u0105 jako\u015b\u0107, szeroki wyb\u00f3r i dobre ceny. Zapraszamy do sprawdzenia oferty!","robots":{"index":"index","follow":"follow","max-snippet":"max-snippet:-1","max-image-preview":"max-image-preview:large","max-video-preview":"max-video-preview:-1"},"canonical":"https:\/\/plasmet.bochnia.pl\/de\/produkt\/komplettsatz-fuer-unterputz-spuelkasten-neuer-typ\/","og_locale":"de_DE","og_type":"article","og_title":"Komplettsatz f\u00fcr Unterputz-Sp\u00fclkasten \u2013 Neuer Typ - Plasmet","og_description":"Komplettsatz f\u00fcr Unterputz-Sp\u00fclkasten \u2013 Neuer Typ \u2013 producent i hurtownia Plasmet. Oferujemy wysok\u0105 jako\u015b\u0107, szeroki wyb\u00f3r i dobre ceny. Zapraszamy do sprawdzenia oferty!","og_url":"https:\/\/plasmet.bochnia.pl\/de\/produkt\/komplettsatz-fuer-unterputz-spuelkasten-neuer-typ\/","og_site_name":"Plasmet","article_modified_time":"2025-08-30T10:46:21+00:00","og_image":[{"width":800,"height":600,"url":"https:\/\/plasmet.bochnia.pl\/wp-content\/uploads\/2024\/10\/komplet-naprawczy-dolnopluka-nowy-typ.jpg","type":"image\/jpeg"}],"twitter_card":"summary_large_image","twitter_misc":{"Gesch\u00e4tzte Lesezeit":"1\u00a0Minute"},"schema":{"@context":"https:\/\/schema.org","@graph":[{"@type":"WebPage","@id":"https:\/\/plasmet.bochnia.pl\/de\/produkt\/komplettsatz-fuer-unterputz-spuelkasten-neuer-typ\/","url":"https:\/\/plasmet.bochnia.pl\/de\/produkt\/komplettsatz-fuer-unterputz-spuelkasten-neuer-typ\/","name":"Komplettsatz f\u00fcr Unterputz-Sp\u00fclkasten \u2013 Neuer Typ - Plasmet","isPartOf":{"@id":"https:\/\/plasmet.bochnia.pl\/de\/#website"},"primaryImageOfPage":{"@id":"https:\/\/plasmet.bochnia.pl\/de\/produkt\/komplettsatz-fuer-unterputz-spuelkasten-neuer-typ\/#primaryimage"},"image":{"@id":"https:\/\/plasmet.bochnia.pl\/de\/produkt\/komplettsatz-fuer-unterputz-spuelkasten-neuer-typ\/#primaryimage"},"thumbnailUrl":"https:\/\/plasmet.bochnia.pl\/wp-content\/uploads\/2024\/10\/komplet-naprawczy-dolnopluka-nowy-typ.jpg","datePublished":"2024-10-21T09:18:04+00:00","dateModified":"2025-08-30T10:46:21+00:00","description":"Komplettsatz f\u00fcr Unterputz-Sp\u00fclkasten \u2013 Neuer Typ \u2013 producent i hurtownia Plasmet. Oferujemy wysok\u0105 jako\u015b\u0107, szeroki wyb\u00f3r i dobre ceny. Zapraszamy do sprawdzenia oferty!","breadcrumb":{"@id":"https:\/\/plasmet.bochnia.pl\/de\/produkt\/komplettsatz-fuer-unterputz-spuelkasten-neuer-typ\/#breadcrumb"},"inLanguage":"de","potentialAction":[{"@type":"ReadAction","target":["https:\/\/plasmet.bochnia.pl\/de\/produkt\/komplettsatz-fuer-unterputz-spuelkasten-neuer-typ\/"]}]},{"@type":"ImageObject","inLanguage":"de","@id":"https:\/\/plasmet.bochnia.pl\/de\/produkt\/komplettsatz-fuer-unterputz-spuelkasten-neuer-typ\/#primaryimage","url":"https:\/\/plasmet.bochnia.pl\/wp-content\/uploads\/2024\/10\/komplet-naprawczy-dolnopluka-nowy-typ.jpg","contentUrl":"https:\/\/plasmet.bochnia.pl\/wp-content\/uploads\/2024\/10\/komplet-naprawczy-dolnopluka-nowy-typ.jpg","width":800,"height":600,"caption":"komplet-naprawczy-dolnopluka-nowy-typ"},{"@type":"BreadcrumbList","@id":"https:\/\/plasmet.bochnia.pl\/de\/produkt\/komplettsatz-fuer-unterputz-spuelkasten-neuer-typ\/#breadcrumb","itemListElement":[{"@type":"ListItem","position":1,"name":"Strona g\u0142\u00f3wna","item":"https:\/\/plasmet.bochnia.pl\/de\/"},{"@type":"ListItem","position":2,"name":"Shop","item":"https:\/\/plasmet.bochnia.pl\/de\/shop\/"},{"@type":"ListItem","position":3,"name":"Komplettsatz f\u00fcr Unterputz-Sp\u00fclkasten \u2013 Neuer Typ"}]},{"@type":"WebSite","@id":"https:\/\/plasmet.bochnia.pl\/de\/#website","url":"https:\/\/plasmet.bochnia.pl\/de\/","name":"Plasmet","description":"Plasmet","alternateName":"Plasmet","potentialAction":[{"@type":"SearchAction","target":{"@type":"EntryPoint","urlTemplate":"https:\/\/plasmet.bochnia.pl\/de\/?s={search_term_string}"},"query-input":{"@type":"PropertyValueSpecification","valueRequired":true,"valueName":"search_term_string"}}],"inLanguage":"de"}]}},"taxonomy_info":{"product_cat":[{"value":1369,"label":"Dichtungen"},{"value":1359,"label":"Dichtungen und Reduzierungen"}],"pa_kolor":[{"value":1375,"label":"Schwarz"}]},"featured_image_src_large":["https:\/\/plasmet.bochnia.pl\/wp-content\/uploads\/2024\/10\/komplet-naprawczy-dolnopluka-nowy-typ.jpg",800,600,false],"author_info":[],"comment_info":"","_links":{"self":[{"href":"https:\/\/plasmet.bochnia.pl\/de\/wp-json\/wp\/v2\/product\/17158","targetHints":{"allow":["GET"]}}],"collection":[{"href":"https:\/\/plasmet.bochnia.pl\/de\/wp-json\/wp\/v2\/product"}],"about":[{"href":"https:\/\/plasmet.bochnia.pl\/de\/wp-json\/wp\/v2\/types\/product"}],"wp:featuredmedia":[{"embeddable":true,"href":"https:\/\/plasmet.bochnia.pl\/de\/wp-json\/wp\/v2\/media\/17159"}],"wp:attachment":[{"href":"https:\/\/plasmet.bochnia.pl\/de\/wp-json\/wp\/v2\/media?parent=17158"}],"wp:term":[{"taxonomy":"product_brand","embeddable":true,"href":"https:\/\/plasmet.bochnia.pl\/de\/wp-json\/wp\/v2\/product_brand?post=17158"},{"taxonomy":"product_cat","embeddable":true,"href":"https:\/\/plasmet.bochnia.pl\/de\/wp-json\/wp\/v2\/product_cat?post=17158"},{"taxonomy":"product_tag","embeddable":true,"href":"https:\/\/plasmet.bochnia.pl\/de\/wp-json\/wp\/v2\/product_tag?post=17158"}],"curies":[{"name":"wp","href":"https:\/\/api.w.org\/{rel}","templated":true}]}}