{"id":17130,"date":"2024-11-20T16:29:53","date_gmt":"2024-11-20T15:29:53","guid":{"rendered":"https:\/\/plasmet.bochnia.pl\/produkt\/pp-rohr\/"},"modified":"2024-11-20T16:29:53","modified_gmt":"2024-11-20T15:29:53","slug":"pp-rohr","status":"publish","type":"product","link":"https:\/\/plasmet.bochnia.pl\/de\/produkt\/pp-rohr\/","title":{"rendered":"PP-Rohr"},"content":{"rendered":"<h2>PP-Rohr \u00d8 32 &#8211; langlebig und vielseitig<\/h2>\n<p>Das PP-Rohr \u00d8 32 i ist ein zuverl\u00e4ssiger Bestandteil von Kanalisations-, Abfluss- und Wasserversorgungssystemen. Es besteht aus wei\u00dfem Polypropylen und zeichnet sich durch seine hohe Best\u00e4ndigkeit gegen Feuchtigkeit und Chemikalien aus. Das Produkt ist in einer gro\u00dfen Auswahl an L\u00e4ngen &#8211; von 250 mm bis 2000 mm &#8211; erh\u00e4ltlich, um einer Vielzahl von Installationsanforderungen gerecht zu werden.  <\/p>\n<h3>Produkt Spezifikationen<\/h3>\n<ul>\n<li>Farbe: Wei\u00df<\/li>\n<li>Durchmesser: 32 mm,<\/li>\n<li>Verf\u00fcgbare L\u00e4ngen:\n<ul>\n<li>250 mm<\/li>\n<li>300 mm<\/li>\n<li>500 mm<\/li>\n<li>1000 mm<\/li>\n<li>2000 mm<\/li>\n<\/ul>\n<\/li>\n<li>Material: Polypropylen (PP)<\/li>\n<li>Zweck: Kanalisation, Entw\u00e4sserung und Wasserversorgungssysteme<\/li>\n<li>Best\u00e4ndigkeit: gegen Feuchtigkeit, Chemikalien und mechanische Besch\u00e4digung<\/li>\n<\/ul>\n<h3>Anwendung<\/h3>\n<p>PP-Rohre werden in Wohn-, Gewerbe- und Industriegeb\u00e4uden eingesetzt. Das Produkt ist ideal f\u00fcr sanit\u00e4re Abwassersysteme. Verschiedene Rohrl\u00e4ngen erm\u00f6glichen eine einfache Anpassung an die Besonderheiten des Projekts.  <\/p>\n<h3>Produktvorteile<\/h3>\n<ul>\n<li>Unterschiedliche Durchmesser: \u00d8 32<\/li>\n<li>Gro\u00dfe Auswahl an L\u00e4ngen: von 250 mm bis 2000 mm<\/li>\n<li>Widerstandsf\u00e4hig gegen Chemikalien und Feuchtigkeit<\/li>\n<li>Langlebigkeit dank der robusten Polypropylen-Konstruktion<\/li>\n<li>Einfache Installation dank Pr\u00e4zisionstechnik<\/li>\n<li>Universelle Anwendung in verschiedenen Installationssystemen<\/li>\n<\/ul>\n<p>PP-Rohr in Wei\u00df ist eine dauerhafte und funktionelle L\u00f6sung f\u00fcr jede Kanalisationsinstallation. Dank seiner verschiedenen L\u00e4ngen und Durchmesser und seiner hochwertigen Verarbeitung erf\u00fcllt das Produkt die h\u00f6chsten Installationsstandards. <\/p>\n","protected":false},"excerpt":{"rendered":"<p>PP-Rohr mit einem Durchmesser von \u00d8 32 in wei\u00df, erh\u00e4ltlich in L\u00e4ngen von 250 mm bis 2000 mm. Geeignet f\u00fcr Kanalisation, Entw\u00e4sserung und Wasserversorgung. <\/p>\n","protected":false},"featured_media":17133,"template":"","meta":{"_acf_changed":false,"_kad_blocks_custom_css":"","_kad_blocks_head_custom_js":"","_kad_blocks_body_custom_js":"","_kad_blocks_footer_custom_js":"","_kad_post_transparent":"","_kad_post_title":"","_kad_post_layout":"","_kad_post_sidebar_id":"","_kad_post_content_style":"","_kad_post_vertical_padding":"","_kad_post_feature":"","_kad_post_feature_position":"","_kad_post_header":false,"_kad_post_footer":false,"_kad_post_classname":""},"product_brand":[],"product_cat":[1341,1319],"product_tag":[],"class_list":{"0":"post-17130","1":"product","2":"type-product","3":"status-publish","4":"has-post-thumbnail","6":"product_cat-pp-rohre","7":"product_cat-sanitar-und-regenkanalisation","8":"pa_kolor-weis","9":"pa_wersja-32-1000-de","10":"pa_wersja-32-2000-de","11":"pa_wersja-32-250-de","12":"pa_wersja-32-300-de","13":"pa_wersja-32-500-de","15":"first","16":"instock","17":"product-type-variable","18":"entry","19":"content-bg","20":"loop-entry"},"acf":[],"yoast_head":"<!-- This site is optimized with the Yoast SEO plugin v25.1 - https:\/\/yoast.com\/wordpress\/plugins\/seo\/ -->\n<title>PP-Rohr - Plasmet<\/title>\n<meta name=\"description\" content=\"PP-Rohr \u2013 producent i hurtownia Plasmet. Oferujemy wysok\u0105 jako\u015b\u0107, szeroki wyb\u00f3r i dobre ceny. Zapraszamy do sprawdzenia oferty!\" \/>\n<meta name=\"robots\" content=\"index, follow, max-snippet:-1, max-image-preview:large, max-video-preview:-1\" \/>\n<link rel=\"canonical\" href=\"https:\/\/plasmet.bochnia.pl\/de\/produkt\/pp-rohr\/\" \/>\n<meta property=\"og:locale\" content=\"de_DE\" \/>\n<meta property=\"og:type\" content=\"article\" \/>\n<meta property=\"og:title\" content=\"PP-Rohr - Plasmet\" \/>\n<meta property=\"og:description\" content=\"PP-Rohr \u2013 producent i hurtownia Plasmet. Oferujemy wysok\u0105 jako\u015b\u0107, szeroki wyb\u00f3r i dobre ceny. Zapraszamy do sprawdzenia oferty!\" \/>\n<meta property=\"og:url\" content=\"https:\/\/plasmet.bochnia.pl\/de\/produkt\/pp-rohr\/\" \/>\n<meta property=\"og:site_name\" content=\"Plasmet\" \/>\n<meta property=\"og:image\" content=\"https:\/\/plasmet.bochnia.pl\/wp-content\/uploads\/2024\/11\/rura-pp-32-32-300.jpg\" \/>\n\t<meta property=\"og:image:width\" content=\"800\" \/>\n\t<meta property=\"og:image:height\" content=\"600\" \/>\n\t<meta property=\"og:image:type\" content=\"image\/jpeg\" \/>\n<meta name=\"twitter:card\" content=\"summary_large_image\" \/>\n<meta name=\"twitter:label1\" content=\"Gesch\u00e4tzte Lesezeit\" \/>\n\t<meta name=\"twitter:data1\" content=\"1\u00a0Minute\" \/>\n<script type=\"application\/ld+json\" class=\"yoast-schema-graph\">{\"@context\":\"https:\/\/schema.org\",\"@graph\":[{\"@type\":\"WebPage\",\"@id\":\"https:\/\/plasmet.bochnia.pl\/de\/produkt\/pp-rohr\/\",\"url\":\"https:\/\/plasmet.bochnia.pl\/de\/produkt\/pp-rohr\/\",\"name\":\"PP-Rohr - Plasmet\",\"isPartOf\":{\"@id\":\"https:\/\/plasmet.bochnia.pl\/de\/#website\"},\"primaryImageOfPage\":{\"@id\":\"https:\/\/plasmet.bochnia.pl\/de\/produkt\/pp-rohr\/#primaryimage\"},\"image\":{\"@id\":\"https:\/\/plasmet.bochnia.pl\/de\/produkt\/pp-rohr\/#primaryimage\"},\"thumbnailUrl\":\"https:\/\/plasmet.bochnia.pl\/wp-content\/uploads\/2024\/11\/rura-pp-32-32-300.jpg\",\"datePublished\":\"2024-11-20T15:29:53+00:00\",\"description\":\"PP-Rohr \u2013 producent i hurtownia Plasmet. Oferujemy wysok\u0105 jako\u015b\u0107, szeroki wyb\u00f3r i dobre ceny. Zapraszamy do sprawdzenia oferty!\",\"breadcrumb\":{\"@id\":\"https:\/\/plasmet.bochnia.pl\/de\/produkt\/pp-rohr\/#breadcrumb\"},\"inLanguage\":\"de\",\"potentialAction\":[{\"@type\":\"ReadAction\",\"target\":[\"https:\/\/plasmet.bochnia.pl\/de\/produkt\/pp-rohr\/\"]}]},{\"@type\":\"ImageObject\",\"inLanguage\":\"de\",\"@id\":\"https:\/\/plasmet.bochnia.pl\/de\/produkt\/pp-rohr\/#primaryimage\",\"url\":\"https:\/\/plasmet.bochnia.pl\/wp-content\/uploads\/2024\/11\/rura-pp-32-32-300.jpg\",\"contentUrl\":\"https:\/\/plasmet.bochnia.pl\/wp-content\/uploads\/2024\/11\/rura-pp-32-32-300.jpg\",\"width\":800,\"height\":600,\"caption\":\"rura-pp-32-32-300\"},{\"@type\":\"BreadcrumbList\",\"@id\":\"https:\/\/plasmet.bochnia.pl\/de\/produkt\/pp-rohr\/#breadcrumb\",\"itemListElement\":[{\"@type\":\"ListItem\",\"position\":1,\"name\":\"Strona g\u0142\u00f3wna\",\"item\":\"https:\/\/plasmet.bochnia.pl\/de\/\"},{\"@type\":\"ListItem\",\"position\":2,\"name\":\"Shop\",\"item\":\"https:\/\/plasmet.bochnia.pl\/de\/shop\/\"},{\"@type\":\"ListItem\",\"position\":3,\"name\":\"PP-Rohr\"}]},{\"@type\":\"WebSite\",\"@id\":\"https:\/\/plasmet.bochnia.pl\/de\/#website\",\"url\":\"https:\/\/plasmet.bochnia.pl\/de\/\",\"name\":\"Plasmet\",\"description\":\"Plasmet\",\"alternateName\":\"Plasmet\",\"potentialAction\":[{\"@type\":\"SearchAction\",\"target\":{\"@type\":\"EntryPoint\",\"urlTemplate\":\"https:\/\/plasmet.bochnia.pl\/de\/?s={search_term_string}\"},\"query-input\":{\"@type\":\"PropertyValueSpecification\",\"valueRequired\":true,\"valueName\":\"search_term_string\"}}],\"inLanguage\":\"de\"}]}<\/script>\n<!-- \/ Yoast SEO plugin. -->","yoast_head_json":{"title":"PP-Rohr - Plasmet","description":"PP-Rohr \u2013 producent i hurtownia Plasmet. Oferujemy wysok\u0105 jako\u015b\u0107, szeroki wyb\u00f3r i dobre ceny. Zapraszamy do sprawdzenia oferty!","robots":{"index":"index","follow":"follow","max-snippet":"max-snippet:-1","max-image-preview":"max-image-preview:large","max-video-preview":"max-video-preview:-1"},"canonical":"https:\/\/plasmet.bochnia.pl\/de\/produkt\/pp-rohr\/","og_locale":"de_DE","og_type":"article","og_title":"PP-Rohr - Plasmet","og_description":"PP-Rohr \u2013 producent i hurtownia Plasmet. Oferujemy wysok\u0105 jako\u015b\u0107, szeroki wyb\u00f3r i dobre ceny. Zapraszamy do sprawdzenia oferty!","og_url":"https:\/\/plasmet.bochnia.pl\/de\/produkt\/pp-rohr\/","og_site_name":"Plasmet","og_image":[{"width":800,"height":600,"url":"https:\/\/plasmet.bochnia.pl\/wp-content\/uploads\/2024\/11\/rura-pp-32-32-300.jpg","type":"image\/jpeg"}],"twitter_card":"summary_large_image","twitter_misc":{"Gesch\u00e4tzte Lesezeit":"1\u00a0Minute"},"schema":{"@context":"https:\/\/schema.org","@graph":[{"@type":"WebPage","@id":"https:\/\/plasmet.bochnia.pl\/de\/produkt\/pp-rohr\/","url":"https:\/\/plasmet.bochnia.pl\/de\/produkt\/pp-rohr\/","name":"PP-Rohr - Plasmet","isPartOf":{"@id":"https:\/\/plasmet.bochnia.pl\/de\/#website"},"primaryImageOfPage":{"@id":"https:\/\/plasmet.bochnia.pl\/de\/produkt\/pp-rohr\/#primaryimage"},"image":{"@id":"https:\/\/plasmet.bochnia.pl\/de\/produkt\/pp-rohr\/#primaryimage"},"thumbnailUrl":"https:\/\/plasmet.bochnia.pl\/wp-content\/uploads\/2024\/11\/rura-pp-32-32-300.jpg","datePublished":"2024-11-20T15:29:53+00:00","description":"PP-Rohr \u2013 producent i hurtownia Plasmet. Oferujemy wysok\u0105 jako\u015b\u0107, szeroki wyb\u00f3r i dobre ceny. Zapraszamy do sprawdzenia oferty!","breadcrumb":{"@id":"https:\/\/plasmet.bochnia.pl\/de\/produkt\/pp-rohr\/#breadcrumb"},"inLanguage":"de","potentialAction":[{"@type":"ReadAction","target":["https:\/\/plasmet.bochnia.pl\/de\/produkt\/pp-rohr\/"]}]},{"@type":"ImageObject","inLanguage":"de","@id":"https:\/\/plasmet.bochnia.pl\/de\/produkt\/pp-rohr\/#primaryimage","url":"https:\/\/plasmet.bochnia.pl\/wp-content\/uploads\/2024\/11\/rura-pp-32-32-300.jpg","contentUrl":"https:\/\/plasmet.bochnia.pl\/wp-content\/uploads\/2024\/11\/rura-pp-32-32-300.jpg","width":800,"height":600,"caption":"rura-pp-32-32-300"},{"@type":"BreadcrumbList","@id":"https:\/\/plasmet.bochnia.pl\/de\/produkt\/pp-rohr\/#breadcrumb","itemListElement":[{"@type":"ListItem","position":1,"name":"Strona g\u0142\u00f3wna","item":"https:\/\/plasmet.bochnia.pl\/de\/"},{"@type":"ListItem","position":2,"name":"Shop","item":"https:\/\/plasmet.bochnia.pl\/de\/shop\/"},{"@type":"ListItem","position":3,"name":"PP-Rohr"}]},{"@type":"WebSite","@id":"https:\/\/plasmet.bochnia.pl\/de\/#website","url":"https:\/\/plasmet.bochnia.pl\/de\/","name":"Plasmet","description":"Plasmet","alternateName":"Plasmet","potentialAction":[{"@type":"SearchAction","target":{"@type":"EntryPoint","urlTemplate":"https:\/\/plasmet.bochnia.pl\/de\/?s={search_term_string}"},"query-input":{"@type":"PropertyValueSpecification","valueRequired":true,"valueName":"search_term_string"}}],"inLanguage":"de"}]}},"taxonomy_info":{"product_cat":[{"value":1341,"label":"PP-Rohre"},{"value":1319,"label":"Sanit\u00e4r- und Regenkanalisation"}],"pa_kolor":[{"value":1372,"label":"Wei\u00df"}],"pa_wersja":[{"value":1516,"label":"32\/1000"},{"value":1518,"label":"32\/2000"},{"value":1510,"label":"32\/250"},{"value":1512,"label":"32\/300"},{"value":1514,"label":"32\/500"}]},"featured_image_src_large":["https:\/\/plasmet.bochnia.pl\/wp-content\/uploads\/2024\/11\/rura-pp-32-32-300.jpg",800,600,false],"author_info":[],"comment_info":"","_links":{"self":[{"href":"https:\/\/plasmet.bochnia.pl\/de\/wp-json\/wp\/v2\/product\/17130","targetHints":{"allow":["GET"]}}],"collection":[{"href":"https:\/\/plasmet.bochnia.pl\/de\/wp-json\/wp\/v2\/product"}],"about":[{"href":"https:\/\/plasmet.bochnia.pl\/de\/wp-json\/wp\/v2\/types\/product"}],"wp:featuredmedia":[{"embeddable":true,"href":"https:\/\/plasmet.bochnia.pl\/de\/wp-json\/wp\/v2\/media\/17133"}],"wp:attachment":[{"href":"https:\/\/plasmet.bochnia.pl\/de\/wp-json\/wp\/v2\/media?parent=17130"}],"wp:term":[{"taxonomy":"product_brand","embeddable":true,"href":"https:\/\/plasmet.bochnia.pl\/de\/wp-json\/wp\/v2\/product_brand?post=17130"},{"taxonomy":"product_cat","embeddable":true,"href":"https:\/\/plasmet.bochnia.pl\/de\/wp-json\/wp\/v2\/product_cat?post=17130"},{"taxonomy":"product_tag","embeddable":true,"href":"https:\/\/plasmet.bochnia.pl\/de\/wp-json\/wp\/v2\/product_tag?post=17130"}],"curies":[{"name":"wp","href":"https:\/\/api.w.org\/{rel}","templated":true}]}}