{"id":16945,"date":"2024-11-20T16:29:07","date_gmt":"2024-11-20T15:29:07","guid":{"rendered":"https:\/\/plasmet.bochnia.pl\/produkt\/wc-anschluss\/"},"modified":"2024-11-20T16:29:07","modified_gmt":"2024-11-20T15:29:07","slug":"wc-anschluss","status":"publish","type":"product","link":"https:\/\/plasmet.bochnia.pl\/de\/produkt\/wc-anschluss\/","title":{"rendered":"WC-Anschluss"},"content":{"rendered":"<h2>WC-Anschluss &#8211; eine dauerhafte und dichte Verbindung<\/h2>\n<p>Der WC-Anschluss ist ein praktisches Zubeh\u00f6r f\u00fcr den einfachen und leckfreien Anschluss der Toilettensch\u00fcssel an das Abwassersystem. Das Produkt ist aus strapazierf\u00e4higem, feuchtigkeits- und chemikalienbest\u00e4ndigem Kunststoff in Wei\u00df gefertigt. Erh\u00e4ltlich in zwei L\u00e4ngen: 400 mm und 540 mm, so dass es an verschiedene Installationskonfigurationen angepasst werden kann.  <\/p>\n<h3>Produkt Spezifikationen<\/h3>\n<ul>\n<li>Farbe: Wei\u00df<\/li>\n<li>L\u00e4ngen:\n<ul>\n<li>400 mm<\/li>\n<li>540 mm<\/li>\n<\/ul>\n<\/li>\n<li>Material: stabiler Kunststoff<\/li>\n<li>Zweck: Anschluss der Toilettensch\u00fcssel an das Abwassersystem<\/li>\n<li>Best\u00e4ndigkeit: gegen Feuchtigkeit und Chemikalien<\/li>\n<\/ul>\n<h3>Anwendung<\/h3>\n<p>Der WC-Anschluss wird in den Sanit\u00e4rsystemen von Wohn-, Gewerbe- und Industriegeb\u00e4uden verwendet. Das Produkt sorgt f\u00fcr eine schnelle und dichte Verbindung zwischen der Toilettensch\u00fcssel und den Abwasserrohren und minimiert so das Risiko von Leckagen und Installationsproblemen. <\/p>\n<h3>Produktvorteile<\/h3>\n<ul>\n<li>Erh\u00e4ltlich in zwei L\u00e4ngen f\u00fcr eine Vielzahl von Konfigurationen<\/li>\n<li>Feuchtigkeit und chemische Best\u00e4ndigkeit<\/li>\n<li>Einfache Installation dank Pr\u00e4zisionstechnik<\/li>\n<li>Strapazierf\u00e4higes Design f\u00fcr eine lange Nutzungsdauer<\/li>\n<li>Universeller Einsatz in Abwassersystemen<\/li>\n<\/ul>\n<p>Der WC-Anschluss ist eine zuverl\u00e4ssige und dauerhafte L\u00f6sung, die die Installation des Toilettenbeckens erleichtert und die Dichtheit und Effizienz des Abflusssystems gew\u00e4hrleistet. Dank der verschiedenen L\u00e4ngen kann das Produkt an jede Installation angepasst werden. <\/p>\n","protected":false},"excerpt":{"rendered":"<p>WC-Anschlussst\u00fcck in Wei\u00df, erh\u00e4ltlich in den L\u00e4ngen 400 und 540 mm. Konzipiert f\u00fcr den einfachen und leckagefreien Anschluss des Toilettenbeckens an das Abwassersystem. <\/p>\n","protected":false},"featured_media":16948,"template":"","meta":{"_acf_changed":false,"_kad_blocks_custom_css":"","_kad_blocks_head_custom_js":"","_kad_blocks_body_custom_js":"","_kad_blocks_footer_custom_js":"","_kad_post_transparent":"","_kad_post_title":"","_kad_post_layout":"","_kad_post_sidebar_id":"","_kad_post_content_style":"","_kad_post_vertical_padding":"","_kad_post_feature":"","_kad_post_feature_position":"","_kad_post_header":false,"_kad_post_footer":false,"_kad_post_classname":""},"product_brand":[],"product_cat":[1319,1335],"product_tag":[],"class_list":{"0":"post-16945","1":"product","2":"type-product","3":"status-publish","4":"has-post-thumbnail","6":"product_cat-sanitar-und-regenkanalisation","7":"product_cat-wc-anschlusse-und-rosetten","8":"pa_kolor-weis","9":"pa_wersja-400-de","10":"pa_wersja-540-de","12":"first","13":"instock","14":"product-type-variable","15":"entry","16":"content-bg","17":"loop-entry"},"acf":[],"yoast_head":"<!-- This site is optimized with the Yoast SEO plugin v25.1 - https:\/\/yoast.com\/wordpress\/plugins\/seo\/ -->\n<title>WC-Anschluss - Plasmet<\/title>\n<meta name=\"description\" content=\"WC-Anschluss \u2013 producent i hurtownia Plasmet. Oferujemy wysok\u0105 jako\u015b\u0107, szeroki wyb\u00f3r i dobre ceny. Zapraszamy do sprawdzenia oferty!\" \/>\n<meta name=\"robots\" content=\"index, follow, max-snippet:-1, max-image-preview:large, max-video-preview:-1\" \/>\n<link rel=\"canonical\" href=\"https:\/\/plasmet.bochnia.pl\/de\/produkt\/wc-anschluss\/\" \/>\n<meta property=\"og:locale\" content=\"de_DE\" \/>\n<meta property=\"og:type\" content=\"article\" \/>\n<meta property=\"og:title\" content=\"WC-Anschluss - Plasmet\" \/>\n<meta property=\"og:description\" content=\"WC-Anschluss \u2013 producent i hurtownia Plasmet. Oferujemy wysok\u0105 jako\u015b\u0107, szeroki wyb\u00f3r i dobre ceny. Zapraszamy do sprawdzenia oferty!\" \/>\n<meta property=\"og:url\" content=\"https:\/\/plasmet.bochnia.pl\/de\/produkt\/wc-anschluss\/\" \/>\n<meta property=\"og:site_name\" content=\"Plasmet\" \/>\n<meta property=\"og:image\" content=\"https:\/\/plasmet.bochnia.pl\/wp-content\/uploads\/2024\/11\/zlacze-wc-350.jpg\" \/>\n\t<meta property=\"og:image:width\" content=\"800\" \/>\n\t<meta property=\"og:image:height\" content=\"600\" \/>\n\t<meta property=\"og:image:type\" content=\"image\/jpeg\" \/>\n<meta name=\"twitter:card\" content=\"summary_large_image\" \/>\n<meta name=\"twitter:label1\" content=\"Gesch\u00e4tzte Lesezeit\" \/>\n\t<meta name=\"twitter:data1\" content=\"1\u00a0Minute\" \/>\n<script type=\"application\/ld+json\" class=\"yoast-schema-graph\">{\"@context\":\"https:\/\/schema.org\",\"@graph\":[{\"@type\":\"WebPage\",\"@id\":\"https:\/\/plasmet.bochnia.pl\/de\/produkt\/wc-anschluss\/\",\"url\":\"https:\/\/plasmet.bochnia.pl\/de\/produkt\/wc-anschluss\/\",\"name\":\"WC-Anschluss - Plasmet\",\"isPartOf\":{\"@id\":\"https:\/\/plasmet.bochnia.pl\/de\/#website\"},\"primaryImageOfPage\":{\"@id\":\"https:\/\/plasmet.bochnia.pl\/de\/produkt\/wc-anschluss\/#primaryimage\"},\"image\":{\"@id\":\"https:\/\/plasmet.bochnia.pl\/de\/produkt\/wc-anschluss\/#primaryimage\"},\"thumbnailUrl\":\"https:\/\/plasmet.bochnia.pl\/wp-content\/uploads\/2024\/11\/zlacze-wc-350.jpg\",\"datePublished\":\"2024-11-20T15:29:07+00:00\",\"description\":\"WC-Anschluss \u2013 producent i hurtownia Plasmet. Oferujemy wysok\u0105 jako\u015b\u0107, szeroki wyb\u00f3r i dobre ceny. Zapraszamy do sprawdzenia oferty!\",\"breadcrumb\":{\"@id\":\"https:\/\/plasmet.bochnia.pl\/de\/produkt\/wc-anschluss\/#breadcrumb\"},\"inLanguage\":\"de\",\"potentialAction\":[{\"@type\":\"ReadAction\",\"target\":[\"https:\/\/plasmet.bochnia.pl\/de\/produkt\/wc-anschluss\/\"]}]},{\"@type\":\"ImageObject\",\"inLanguage\":\"de\",\"@id\":\"https:\/\/plasmet.bochnia.pl\/de\/produkt\/wc-anschluss\/#primaryimage\",\"url\":\"https:\/\/plasmet.bochnia.pl\/wp-content\/uploads\/2024\/11\/zlacze-wc-350.jpg\",\"contentUrl\":\"https:\/\/plasmet.bochnia.pl\/wp-content\/uploads\/2024\/11\/zlacze-wc-350.jpg\",\"width\":800,\"height\":600,\"caption\":\"zlacze-wc-350\"},{\"@type\":\"BreadcrumbList\",\"@id\":\"https:\/\/plasmet.bochnia.pl\/de\/produkt\/wc-anschluss\/#breadcrumb\",\"itemListElement\":[{\"@type\":\"ListItem\",\"position\":1,\"name\":\"Strona g\u0142\u00f3wna\",\"item\":\"https:\/\/plasmet.bochnia.pl\/de\/\"},{\"@type\":\"ListItem\",\"position\":2,\"name\":\"Shop\",\"item\":\"https:\/\/plasmet.bochnia.pl\/de\/shop\/\"},{\"@type\":\"ListItem\",\"position\":3,\"name\":\"WC-Anschluss\"}]},{\"@type\":\"WebSite\",\"@id\":\"https:\/\/plasmet.bochnia.pl\/de\/#website\",\"url\":\"https:\/\/plasmet.bochnia.pl\/de\/\",\"name\":\"Plasmet\",\"description\":\"Plasmet\",\"alternateName\":\"Plasmet\",\"potentialAction\":[{\"@type\":\"SearchAction\",\"target\":{\"@type\":\"EntryPoint\",\"urlTemplate\":\"https:\/\/plasmet.bochnia.pl\/de\/?s={search_term_string}\"},\"query-input\":{\"@type\":\"PropertyValueSpecification\",\"valueRequired\":true,\"valueName\":\"search_term_string\"}}],\"inLanguage\":\"de\"}]}<\/script>\n<!-- \/ Yoast SEO plugin. -->","yoast_head_json":{"title":"WC-Anschluss - Plasmet","description":"WC-Anschluss \u2013 producent i hurtownia Plasmet. Oferujemy wysok\u0105 jako\u015b\u0107, szeroki wyb\u00f3r i dobre ceny. Zapraszamy do sprawdzenia oferty!","robots":{"index":"index","follow":"follow","max-snippet":"max-snippet:-1","max-image-preview":"max-image-preview:large","max-video-preview":"max-video-preview:-1"},"canonical":"https:\/\/plasmet.bochnia.pl\/de\/produkt\/wc-anschluss\/","og_locale":"de_DE","og_type":"article","og_title":"WC-Anschluss - Plasmet","og_description":"WC-Anschluss \u2013 producent i hurtownia Plasmet. Oferujemy wysok\u0105 jako\u015b\u0107, szeroki wyb\u00f3r i dobre ceny. Zapraszamy do sprawdzenia oferty!","og_url":"https:\/\/plasmet.bochnia.pl\/de\/produkt\/wc-anschluss\/","og_site_name":"Plasmet","og_image":[{"width":800,"height":600,"url":"https:\/\/plasmet.bochnia.pl\/wp-content\/uploads\/2024\/11\/zlacze-wc-350.jpg","type":"image\/jpeg"}],"twitter_card":"summary_large_image","twitter_misc":{"Gesch\u00e4tzte Lesezeit":"1\u00a0Minute"},"schema":{"@context":"https:\/\/schema.org","@graph":[{"@type":"WebPage","@id":"https:\/\/plasmet.bochnia.pl\/de\/produkt\/wc-anschluss\/","url":"https:\/\/plasmet.bochnia.pl\/de\/produkt\/wc-anschluss\/","name":"WC-Anschluss - Plasmet","isPartOf":{"@id":"https:\/\/plasmet.bochnia.pl\/de\/#website"},"primaryImageOfPage":{"@id":"https:\/\/plasmet.bochnia.pl\/de\/produkt\/wc-anschluss\/#primaryimage"},"image":{"@id":"https:\/\/plasmet.bochnia.pl\/de\/produkt\/wc-anschluss\/#primaryimage"},"thumbnailUrl":"https:\/\/plasmet.bochnia.pl\/wp-content\/uploads\/2024\/11\/zlacze-wc-350.jpg","datePublished":"2024-11-20T15:29:07+00:00","description":"WC-Anschluss \u2013 producent i hurtownia Plasmet. Oferujemy wysok\u0105 jako\u015b\u0107, szeroki wyb\u00f3r i dobre ceny. Zapraszamy do sprawdzenia oferty!","breadcrumb":{"@id":"https:\/\/plasmet.bochnia.pl\/de\/produkt\/wc-anschluss\/#breadcrumb"},"inLanguage":"de","potentialAction":[{"@type":"ReadAction","target":["https:\/\/plasmet.bochnia.pl\/de\/produkt\/wc-anschluss\/"]}]},{"@type":"ImageObject","inLanguage":"de","@id":"https:\/\/plasmet.bochnia.pl\/de\/produkt\/wc-anschluss\/#primaryimage","url":"https:\/\/plasmet.bochnia.pl\/wp-content\/uploads\/2024\/11\/zlacze-wc-350.jpg","contentUrl":"https:\/\/plasmet.bochnia.pl\/wp-content\/uploads\/2024\/11\/zlacze-wc-350.jpg","width":800,"height":600,"caption":"zlacze-wc-350"},{"@type":"BreadcrumbList","@id":"https:\/\/plasmet.bochnia.pl\/de\/produkt\/wc-anschluss\/#breadcrumb","itemListElement":[{"@type":"ListItem","position":1,"name":"Strona g\u0142\u00f3wna","item":"https:\/\/plasmet.bochnia.pl\/de\/"},{"@type":"ListItem","position":2,"name":"Shop","item":"https:\/\/plasmet.bochnia.pl\/de\/shop\/"},{"@type":"ListItem","position":3,"name":"WC-Anschluss"}]},{"@type":"WebSite","@id":"https:\/\/plasmet.bochnia.pl\/de\/#website","url":"https:\/\/plasmet.bochnia.pl\/de\/","name":"Plasmet","description":"Plasmet","alternateName":"Plasmet","potentialAction":[{"@type":"SearchAction","target":{"@type":"EntryPoint","urlTemplate":"https:\/\/plasmet.bochnia.pl\/de\/?s={search_term_string}"},"query-input":{"@type":"PropertyValueSpecification","valueRequired":true,"valueName":"search_term_string"}}],"inLanguage":"de"}]}},"taxonomy_info":{"product_cat":[{"value":1319,"label":"Sanit\u00e4r- und Regenkanalisation"},{"value":1335,"label":"WC-Anschl\u00fcsse und Rosetten"}],"pa_kolor":[{"value":1372,"label":"Wei\u00df"}],"pa_wersja":[{"value":1704,"label":"400"},{"value":1714,"label":"540"}]},"featured_image_src_large":["https:\/\/plasmet.bochnia.pl\/wp-content\/uploads\/2024\/11\/zlacze-wc-350.jpg",800,600,false],"author_info":[],"comment_info":"","_links":{"self":[{"href":"https:\/\/plasmet.bochnia.pl\/de\/wp-json\/wp\/v2\/product\/16945","targetHints":{"allow":["GET"]}}],"collection":[{"href":"https:\/\/plasmet.bochnia.pl\/de\/wp-json\/wp\/v2\/product"}],"about":[{"href":"https:\/\/plasmet.bochnia.pl\/de\/wp-json\/wp\/v2\/types\/product"}],"wp:featuredmedia":[{"embeddable":true,"href":"https:\/\/plasmet.bochnia.pl\/de\/wp-json\/wp\/v2\/media\/16948"}],"wp:attachment":[{"href":"https:\/\/plasmet.bochnia.pl\/de\/wp-json\/wp\/v2\/media?parent=16945"}],"wp:term":[{"taxonomy":"product_brand","embeddable":true,"href":"https:\/\/plasmet.bochnia.pl\/de\/wp-json\/wp\/v2\/product_brand?post=16945"},{"taxonomy":"product_cat","embeddable":true,"href":"https:\/\/plasmet.bochnia.pl\/de\/wp-json\/wp\/v2\/product_cat?post=16945"},{"taxonomy":"product_tag","embeddable":true,"href":"https:\/\/plasmet.bochnia.pl\/de\/wp-json\/wp\/v2\/product_tag?post=16945"}],"curies":[{"name":"wp","href":"https:\/\/api.w.org\/{rel}","templated":true}]}}